{"id":175921,"date":"2024-11-15T12:25:37","date_gmt":"2024-11-15T11:25:37","guid":{"rendered":"https:\/\/www.eliassen.nl\/sehen-sie-sich-unseren-ausstellungsraum-an\/"},"modified":"2025-03-06T10:47:07","modified_gmt":"2025-03-06T09:47:07","slug":"sehen-sie-sich-unseren-ausstellungsraum-an","status":"publish","type":"page","link":"https:\/\/dev.eliassen.nl\/de\/sehen-sie-sich-unseren-ausstellungsraum-an\/","title":{"rendered":"Sehen Sie sich unseren Ausstellungsraum an"},"content":{"rendered":"<section id=\"block_a94d6a7da68ea97616c8c8c25ed4ee53\" class=\"block block--content Block-Abstand\">\n                <div class=\"block__inner \">\n                <div class=\"block__content\">\n        <h1>Sehen Sie sich unseren Ausstellungsraum an<\/h1>\n<p>Wussten Sie, dass wir in unserem Ausstellungsraum fast alles auf Lager haben?<\/p>\n            <\/div>\n    <\/div>\n    <\/section><section id=\"block_098e30aadb4e850a4b77ff74de022604\" class=\"block block--video Block-Abstand\">\n                <div class=\"block__inner \">\n                <div class=\"block__video\">\n        <div class=\"video-container\">\n    <iframe loading=\"lazy\" title=\"Eliassen Home &amp; Garden Pleasure Bronzen Beelden collectie showroom\" width=\"640\" height=\"360\" src=\"https:\/\/www.youtube.com\/embed\/3G-DyzLEKoA?feature=oembed\" frameborder=\"0\" allow=\"accelerometer; autoplay; clipboard-write; encrypted-media; gyroscope; picture-in-picture; web-share\" referrerpolicy=\"strict-origin-when-cross-origin\" allowfullscreen><\/iframe>\n<\/div>    <\/div>\n    <\/div>\n    <\/section><section id=\"block_682ba4f03e95987f45fc921d94e64e36\" class=\"block block--video Block-Abstand\">\n                <div class=\"block__inner \">\n                <div class=\"block__video\">\n        <div class=\"video-container\">\n    <iframe loading=\"lazy\" title=\"Eliassen Home &amp; Garden Pleasure waterornamenten showroom\" width=\"640\" height=\"360\" src=\"https:\/\/www.youtube.com\/embed\/omhYzW5cMTE?feature=oembed\" frameborder=\"0\" allow=\"accelerometer; autoplay; clipboard-write; encrypted-media; gyroscope; picture-in-picture; web-share\" referrerpolicy=\"strict-origin-when-cross-origin\" allowfullscreen><\/iframe>\n<\/div>    <\/div>\n    <\/div>\n    <\/section><section id=\"block_d71b7e59c545070f949327383f603bdd\" class=\"block block--video Block-Abstand\">\n                <div class=\"block__inner \">\n                <div class=\"block__video\">\n        <div class=\"video-container\">\n    <iframe loading=\"lazy\" title=\"Impressie showroom Eliassen Home &amp; Gardenpleasure Ammerzoden\" width=\"640\" height=\"360\" src=\"https:\/\/www.youtube.com\/embed\/3yboBH8Fl7Y?feature=oembed\" frameborder=\"0\" allow=\"accelerometer; autoplay; clipboard-write; encrypted-media; gyroscope; picture-in-picture; web-share\" referrerpolicy=\"strict-origin-when-cross-origin\" allowfullscreen><\/iframe>\n<\/div>    <\/div>\n    <\/div>\n    <\/section><section id=\"block_b50622074d555ab04b81cbf5aca46ab3\" class=\"block block--video Block-boxed Block-Abstand\">\n                <div class=\"block__inner \">\n                <div class=\"block__video\">\n        <div class=\"video-container\">\n    <iframe loading=\"lazy\" title=\"Eliassen Ammerzoden showterrein met veel tuinvazen, tuinbeelden en waterornamenten\" width=\"640\" height=\"360\" src=\"https:\/\/www.youtube.com\/embed\/22Udlklzm08?feature=oembed\" frameborder=\"0\" allow=\"accelerometer; autoplay; clipboard-write; encrypted-media; gyroscope; picture-in-picture; web-share\" referrerpolicy=\"strict-origin-when-cross-origin\" allowfullscreen><\/iframe>\n<\/div>    <\/div>\n    <\/div>\n    <\/section><section id=\"block_204a1e624eb7453dd28b1901ebfead11\" class=\"block block--content Block-Abstand\">\n                <div class=\"block__inner \">\n                <div class=\"block__content\">\n        <p>Unsere Kollektion besteht haupts\u00e4chlich aus handgefertigten und einzigartigen Gegenst\u00e4nden. Wir haben eine gro\u00dfe Kollektion sch\u00f6ner Dekorationen f\u00fcr Ihre Wand.<br \/>\nSie k\u00f6nnen Ihre Wand mit einer Reihe verschiedener Optionen versch\u00f6nern.<br \/>\nUhren, 3d-Wandobjekte aus Metall, Gem\u00e4lde, Wandpaneele aus Holz oder barocke Fotorahmen. Wir sind auf allen M\u00e4rkten zu Hause.<br \/>\nUnsere Gem\u00e4ldesammlung besteht aus \u00fcber 900 Modellen. Sie finden 3D-Metallgem\u00e4lde mit authentischer handgemalter Optik, moderne Glasgem\u00e4lde mit gestochen scharfen Bildern zu allen m\u00f6glichen Themen und verschiedene Modelle f\u00fcr den Auslass.<br \/>\nUnsere Kollektion von Wanduhren ist sehr umfangreich, mit modernen Uhren von Thomas Kent, sowie Zahnraduhren hinter Glas und Uhren f\u00fcr den Au\u00dfenbereich (\u00fcberdacht).<br \/>\nDie h\u00f6lzernen Wandpaneele sind alle handgeschnitzt aus Suarholz. Sie bestehen aus verschiedenen Modellen mit lebenden B\u00e4umen und anderen Bildern.<br \/>\nUnsere altmodischen barocken Bilderrahmen sind preisg\u00fcnstig und in verschiedenen Farben und Gr\u00f6\u00dfen erh\u00e4ltlich. Wir haben auch eine riesige Sammlung von Wasserornamenten und verwandten Artikeln. Wir haben das gr\u00f6\u00dfte Sortiment an Springbrunnen in den Niederlanden!<\/p>\n            <\/div>\n    <\/div>\n    <\/section>","protected":false},"excerpt":{"rendered":"","protected":false},"author":1,"featured_media":0,"parent":0,"menu_order":0,"comment_status":"closed","ping_status":"closed","template":"","meta":{"_acf_changed":false,"footnotes":""},"class_list":["post-175921","page","type-page","status-publish","hentry"],"acf":[],"yoast_head":"<!-- This site is optimized with the Yoast SEO plugin v23.8 - https:\/\/yoast.com\/wordpress\/plugins\/seo\/ -->\n<title>Sehen Sie sich unseren Ausstellungsraum an - Eliassen.nl<\/title>\n<meta name=\"description\" content=\"Wir haben eine riesige Sammlung von Gem\u00e4lden, Bronzeskulpturen, Betonskulpturen, Natursteinskulpturen, Natursteinbrunnen, Wasserornamenten, Wanddekorationen, Vasen, Sockeln, Glaskunst und mehr\" \/>\n<meta name=\"robots\" content=\"noindex, follow, max-snippet:-1, max-image-preview:large, max-video-preview:-1\" \/>\n<meta property=\"og:locale\" content=\"de_DE\" \/>\n<meta property=\"og:type\" content=\"article\" \/>\n<meta property=\"og:title\" content=\"Sehen Sie sich unseren Ausstellungsraum an - Eliassen.nl\" \/>\n<meta property=\"og:description\" content=\"Wir haben eine riesige Sammlung von Gem\u00e4lden, Bronzeskulpturen, Betonskulpturen, Natursteinskulpturen, Natursteinbrunnen, Wasserornamenten, Wanddekorationen, Vasen, Sockeln, Glaskunst und mehr\" \/>\n<meta property=\"og:url\" content=\"https:\/\/dev.eliassen.nl\/de\/sehen-sie-sich-unseren-ausstellungsraum-an\/\" \/>\n<meta property=\"og:site_name\" content=\"Eliassen.nl\" \/>\n<meta property=\"article:publisher\" content=\"https:\/\/www.facebook.com\/TuincentrumEliassenAmmerzoden\" \/>\n<meta property=\"article:modified_time\" content=\"2025-03-06T09:47:07+00:00\" \/>\n<meta name=\"twitter:card\" content=\"summary_large_image\" \/>\n<script type=\"application\/ld+json\" class=\"yoast-schema-graph\">{\"@context\":\"https:\/\/schema.org\",\"@graph\":[{\"@type\":\"WebPage\",\"@id\":\"https:\/\/dev.eliassen.nl\/de\/sehen-sie-sich-unseren-ausstellungsraum-an\/\",\"url\":\"https:\/\/dev.eliassen.nl\/de\/sehen-sie-sich-unseren-ausstellungsraum-an\/\",\"name\":\"Sehen Sie sich unseren Ausstellungsraum an - Eliassen.nl\",\"isPartOf\":{\"@id\":\"https:\/\/dev.eliassen.nl\/de\/#website\"},\"datePublished\":\"2024-11-15T11:25:37+00:00\",\"dateModified\":\"2025-03-06T09:47:07+00:00\",\"description\":\"Wir haben eine riesige Sammlung von Gem\u00e4lden, Bronzeskulpturen, Betonskulpturen, Natursteinskulpturen, Natursteinbrunnen, Wasserornamenten, Wanddekorationen, Vasen, Sockeln, Glaskunst und mehr\",\"breadcrumb\":{\"@id\":\"https:\/\/dev.eliassen.nl\/de\/sehen-sie-sich-unseren-ausstellungsraum-an\/#breadcrumb\"},\"inLanguage\":\"de\",\"potentialAction\":[{\"@type\":\"ReadAction\",\"target\":[\"https:\/\/dev.eliassen.nl\/de\/sehen-sie-sich-unseren-ausstellungsraum-an\/\"]}]},{\"@type\":\"BreadcrumbList\",\"@id\":\"https:\/\/dev.eliassen.nl\/de\/sehen-sie-sich-unseren-ausstellungsraum-an\/#breadcrumb\",\"itemListElement\":[{\"@type\":\"ListItem\",\"position\":1,\"name\":\"Home\",\"item\":\"https:\/\/dev.eliassen.nl\/de\/\"},{\"@type\":\"ListItem\",\"position\":2,\"name\":\"Sehen Sie sich unseren Ausstellungsraum an\"}]},{\"@type\":\"WebSite\",\"@id\":\"https:\/\/dev.eliassen.nl\/de\/#website\",\"url\":\"https:\/\/dev.eliassen.nl\/de\/\",\"name\":\"Eliassen Home & Garden Pleasure\",\"description\":\"\",\"publisher\":{\"@id\":\"https:\/\/dev.eliassen.nl\/de\/#organization\"},\"alternateName\":\"Eliassen.nl\",\"potentialAction\":[{\"@type\":\"SearchAction\",\"target\":{\"@type\":\"EntryPoint\",\"urlTemplate\":\"https:\/\/dev.eliassen.nl\/de\/?s={search_term_string}\"},\"query-input\":{\"@type\":\"PropertyValueSpecification\",\"valueRequired\":true,\"valueName\":\"search_term_string\"}}],\"inLanguage\":\"de\"},{\"@type\":\"Organization\",\"@id\":\"https:\/\/dev.eliassen.nl\/de\/#organization\",\"name\":\"Eliassen Home & Garden Pleasure\",\"url\":\"https:\/\/dev.eliassen.nl\/de\/\",\"logo\":{\"@type\":\"ImageObject\",\"inLanguage\":\"de\",\"@id\":\"https:\/\/dev.eliassen.nl\/de\/#\/schema\/logo\/image\/\",\"url\":\"https:\/\/www.eliassen.nl\/wp-content\/uploads\/2024\/01\/logo_4nd.jpg\",\"contentUrl\":\"https:\/\/www.eliassen.nl\/wp-content\/uploads\/2024\/01\/logo_4nd.jpg\",\"width\":500,\"height\":500,\"caption\":\"Eliassen Home & Garden Pleasure\"},\"image\":{\"@id\":\"https:\/\/dev.eliassen.nl\/de\/#\/schema\/logo\/image\/\"},\"sameAs\":[\"https:\/\/www.facebook.com\/TuincentrumEliassenAmmerzoden\",\"https:\/\/www.instagram.com\/eliassenhomeandgarden\/\",\"https:\/\/nl.pinterest.com\/eliassenhomeandgarden\/\",\"https:\/\/www.youtube.com\/@eliassenhomegardenpleasure4558\"]}]}<\/script>\n<!-- \/ Yoast SEO plugin. -->","yoast_head_json":{"title":"Sehen Sie sich unseren Ausstellungsraum an - Eliassen.nl","description":"Wir haben eine riesige Sammlung von Gem\u00e4lden, Bronzeskulpturen, Betonskulpturen, Natursteinskulpturen, Natursteinbrunnen, Wasserornamenten, Wanddekorationen, Vasen, Sockeln, Glaskunst und mehr","robots":{"index":"noindex","follow":"follow","max-snippet":"max-snippet:-1","max-image-preview":"max-image-preview:large","max-video-preview":"max-video-preview:-1"},"og_locale":"de_DE","og_type":"article","og_title":"Sehen Sie sich unseren Ausstellungsraum an - Eliassen.nl","og_description":"Wir haben eine riesige Sammlung von Gem\u00e4lden, Bronzeskulpturen, Betonskulpturen, Natursteinskulpturen, Natursteinbrunnen, Wasserornamenten, Wanddekorationen, Vasen, Sockeln, Glaskunst und mehr","og_url":"https:\/\/dev.eliassen.nl\/de\/sehen-sie-sich-unseren-ausstellungsraum-an\/","og_site_name":"Eliassen.nl","article_publisher":"https:\/\/www.facebook.com\/TuincentrumEliassenAmmerzoden","article_modified_time":"2025-03-06T09:47:07+00:00","twitter_card":"summary_large_image","schema":{"@context":"https:\/\/schema.org","@graph":[{"@type":"WebPage","@id":"https:\/\/dev.eliassen.nl\/de\/sehen-sie-sich-unseren-ausstellungsraum-an\/","url":"https:\/\/dev.eliassen.nl\/de\/sehen-sie-sich-unseren-ausstellungsraum-an\/","name":"Sehen Sie sich unseren Ausstellungsraum an - Eliassen.nl","isPartOf":{"@id":"https:\/\/dev.eliassen.nl\/de\/#website"},"datePublished":"2024-11-15T11:25:37+00:00","dateModified":"2025-03-06T09:47:07+00:00","description":"Wir haben eine riesige Sammlung von Gem\u00e4lden, Bronzeskulpturen, Betonskulpturen, Natursteinskulpturen, Natursteinbrunnen, Wasserornamenten, Wanddekorationen, Vasen, Sockeln, Glaskunst und mehr","breadcrumb":{"@id":"https:\/\/dev.eliassen.nl\/de\/sehen-sie-sich-unseren-ausstellungsraum-an\/#breadcrumb"},"inLanguage":"de","potentialAction":[{"@type":"ReadAction","target":["https:\/\/dev.eliassen.nl\/de\/sehen-sie-sich-unseren-ausstellungsraum-an\/"]}]},{"@type":"BreadcrumbList","@id":"https:\/\/dev.eliassen.nl\/de\/sehen-sie-sich-unseren-ausstellungsraum-an\/#breadcrumb","itemListElement":[{"@type":"ListItem","position":1,"name":"Home","item":"https:\/\/dev.eliassen.nl\/de\/"},{"@type":"ListItem","position":2,"name":"Sehen Sie sich unseren Ausstellungsraum an"}]},{"@type":"WebSite","@id":"https:\/\/dev.eliassen.nl\/de\/#website","url":"https:\/\/dev.eliassen.nl\/de\/","name":"Eliassen Home & Garden Pleasure","description":"","publisher":{"@id":"https:\/\/dev.eliassen.nl\/de\/#organization"},"alternateName":"Eliassen.nl","potentialAction":[{"@type":"SearchAction","target":{"@type":"EntryPoint","urlTemplate":"https:\/\/dev.eliassen.nl\/de\/?s={search_term_string}"},"query-input":{"@type":"PropertyValueSpecification","valueRequired":true,"valueName":"search_term_string"}}],"inLanguage":"de"},{"@type":"Organization","@id":"https:\/\/dev.eliassen.nl\/de\/#organization","name":"Eliassen Home & Garden Pleasure","url":"https:\/\/dev.eliassen.nl\/de\/","logo":{"@type":"ImageObject","inLanguage":"de","@id":"https:\/\/dev.eliassen.nl\/de\/#\/schema\/logo\/image\/","url":"https:\/\/www.eliassen.nl\/wp-content\/uploads\/2024\/01\/logo_4nd.jpg","contentUrl":"https:\/\/www.eliassen.nl\/wp-content\/uploads\/2024\/01\/logo_4nd.jpg","width":500,"height":500,"caption":"Eliassen Home & Garden Pleasure"},"image":{"@id":"https:\/\/dev.eliassen.nl\/de\/#\/schema\/logo\/image\/"},"sameAs":["https:\/\/www.facebook.com\/TuincentrumEliassenAmmerzoden","https:\/\/www.instagram.com\/eliassenhomeandgarden\/","https:\/\/nl.pinterest.com\/eliassenhomeandgarden\/","https:\/\/www.youtube.com\/@eliassenhomegardenpleasure4558"]}]}},"_links":{"self":[{"href":"https:\/\/dev.eliassen.nl\/de\/wp-json\/wp\/v2\/pages\/175921","targetHints":{"allow":["GET"]}}],"collection":[{"href":"https:\/\/dev.eliassen.nl\/de\/wp-json\/wp\/v2\/pages"}],"about":[{"href":"https:\/\/dev.eliassen.nl\/de\/wp-json\/wp\/v2\/types\/page"}],"author":[{"embeddable":true,"href":"https:\/\/dev.eliassen.nl\/de\/wp-json\/wp\/v2\/users\/1"}],"replies":[{"embeddable":true,"href":"https:\/\/dev.eliassen.nl\/de\/wp-json\/wp\/v2\/comments?post=175921"}],"version-history":[{"count":1,"href":"https:\/\/dev.eliassen.nl\/de\/wp-json\/wp\/v2\/pages\/175921\/revisions"}],"predecessor-version":[{"id":175922,"href":"https:\/\/dev.eliassen.nl\/de\/wp-json\/wp\/v2\/pages\/175921\/revisions\/175922"}],"wp:attachment":[{"href":"https:\/\/dev.eliassen.nl\/de\/wp-json\/wp\/v2\/media?parent=175921"}],"curies":[{"name":"wp","href":"https:\/\/api.w.org\/{rel}","templated":true}]}}