{"id":199,"date":"2023-03-02T20:29:21","date_gmt":"2023-03-02T19:29:21","guid":{"rendered":"https:\/\/www.eliassen.nl\/zahlungsmoeglichkeiten\/"},"modified":"2023-12-20T15:03:54","modified_gmt":"2023-12-20T14:03:54","slug":"zahlungsmoeglichkeiten","status":"publish","type":"page","link":"https:\/\/dev.eliassen.nl\/de\/zahlungsmoeglichkeiten\/","title":{"rendered":"Zahlungsm\u00f6glichkeiten"},"content":{"rendered":"<section id=\"block_ad79d077c8f58783aaeb6942988bf44c\" class=\"block block--content block--spacing\">\n                <div class=\"block__inner \">\n                <div class=\"block__content\">\n        <h1>Zahlungsm\u00f6glichkeiten<\/h1>\n<p>Wir werden Ihre Bestellung bei Eliassen.de versenden, sobald wir Ihre Zahlung erhalten haben. Wenn Sie in bar bezahlen m\u00f6chten, weil Sie Ihre Bestellung abholen, oder wenn Sie \u00fcber iDeal oder Paypal bezahlen, wird Ihre Bestellung sofort bearbeitet.<\/p>\n<p><strong>iDeal<\/strong><\/p>\n<p>Mit iDEAL k\u00f6nnen Sie Ihre Online-Eink\u00e4ufe sicher und einfach bezahlen. Als Internetbanker k\u00f6nnen Sie iDEAL direkt nutzen, ohne sich anmelden zu m\u00fcssen.<\/p>\n<p>Wenn Sie diese Option w\u00e4hrend des Bestellvorgangs w\u00e4hlen, werden Sie nach Abschluss Ihrer Bestellung auf die iDeal-Website weitergeleitet, wo Sie direkt und einfach von Ihrer vertrauten Online-Banking-Umgebung aus bezahlen k\u00f6nnen.<br \/>\nNach der Zahlung \u00fcber iDeal wird Ihre Bestellung sofort vorbereitet und versandt.<\/p>\n<p><a title=\"iDeal \u00fcber 4YourDog.de - Die sichere und vollst\u00e4ndige Art, online zu bezahlen!\" href=\"https:\/\/ideal.nl\/consument\/incoming\/?o=234.60\" target=\"_blank\" rel=\"noopener noreferrer\">F\u00fcr weitere Informationen \u00fcber iDeal folgen Sie bitte diesem Link<\/a><br \/>\n<a href=\"https:\/\/ideal.nl\/consument\/incoming\/?o=234.60\" target=\"_blank\" rel=\"noopener noreferrer\"><img decoding=\"async\" src=\"https:\/\/ideal.nl\/img\/234x60.gif\" alt=\"\" width=\"234\" height=\"60\" border=\"0\"> <\/a><\/p>\n<p><strong>PayPal<\/strong><\/p>\n<p>Der schnellste, einfachste und sicherste Weg zur Bezahlung ist PayPal. Wenn Sie diese Option w\u00e4hrend des Bestellvorgangs w\u00e4hlen, werden Sie nach Abschluss Ihrer Bestellung auf die PayPal-Website weitergeleitet, wo Sie direkt und einfach bezahlen k\u00f6nnen.<br \/>\nWenn Sie mit PayPal bezahlen, wird Ihre Bestellung sofort vorbereitet und versandt.<\/p>\n<p><a title=\"PayPal \u00fcber 4YourDog.de - Die sichere und vollst\u00e4ndige Art, online zu bezahlen!\" href=\"https:\/\/www.paypal.com\/nl\/cgi-bin\/webscr?cmd=_home-general&amp;nav=0\" target=\"_blank\" rel=\"noopener noreferrer\">F\u00fcr weitere Informationen zu PayPal folgen Sie bitte diesem Link<\/a><br \/>\n<a href=\"https:\/\/www.paypal.com\/nl\/cgi-bin\/webscr?cmd=_home-general&amp;nav=0\" target=\"_blank\" rel=\"noopener noreferrer\"><img decoding=\"async\" src=\"https:\/\/www.paypal.com\/nl_NL\/NL\/i\/logo\/paypal_logo.gif\" alt=\"PayPal\" width=\"200\" height=\"50\"><\/a><\/p>\n<p><strong>Barzahlung und Debitkartenzahlung<\/strong><\/p>\n<p>Wenn Sie Ihre Bestellung bei Eliassen abholen, ist Barzahlung (oder PIN) m\u00f6glich.<\/p>\n<p><img decoding=\"async\" src=\"https:\/\/cdn.webshopapp.com\/shops\/62885\/files\/291762477\/sofort-logo-new.png\" alt=\"\" width=\"120\" height=\"120\"><\/p>\n<p><strong>SOFORTIGE BANKGESCH\u00c4FTE (VON KLARNA)<\/strong><\/p>\n<p>Die Klarna-Zahlungsmethode Sofort Banking (fr\u00fcher SOFORT Banking genannt und nicht zu verwechseln mit Klarna Back Payment) ist eine einfache Zahlungsmethode, die sowohl national als auch international weit verbreitet ist. Mit Sofort k\u00f6nnen Sie Ihre Bestellung sowohl im Inland als auch im Ausland ganz einfach per \u00dcberweisung \u00fcber das Online-Banking-System aufgeben.<\/p>\n<p>Sie k\u00f6nnen die Zahlungsmethode Sofort mit einer Online-\u00dcberweisung vergleichen. Bei dieser Methode gelten, wie bei \u00dcberweisungen, die \u00fcblichen Empfangsfristen von einigen Tagen. Der Vorteil und Unterschied zu Sofort ist, dass diese Zahlungsmethode eine sofortige Best\u00e4tigung liefert, dass die \u00dcberweisung von Ihrer Bank initiiert wurde.<\/p>\n<p>Wird haupts\u00e4chlich von Verbrauchern aus Deutschland und Belgien genutzt.<\/p>\n<p><strong>\u00dcbertragung<\/strong><\/p>\n<p>Sie k\u00f6nnen den f\u00e4lligen Betrag nach Abschluss Ihrer Bestellung an Eliassen \u00fcberweisen. Ihre Bestellung wird versandt, sobald der f\u00e4llige Betrag \u00fcberwiesen ist. Sie erhalten eine E-Mail, sobald Ihre Bestellung versandt wurde.<\/p>\n<p>\u00dcberweisungen k\u00f6nnen auf das Konto Nr. <strong>NL33RABO0326055649<\/strong> auf den Namen <strong>HGP Eliassen BV<\/strong> in <strong>Ammerzoden<\/strong> vorgenommen werden.<\/p>\n<p>Aus dem Ausland kann der f\u00e4llige Betrag auf das oben genannte Rabobank-Konto mit dem entsprechenden Swift-Code: <strong>RABONL2u<\/strong> \u00fcberwiesen werden.<\/p>\n            <\/div>\n    <\/div>\n    <\/section>","protected":false},"excerpt":{"rendered":"","protected":false},"author":1,"featured_media":0,"parent":0,"menu_order":0,"comment_status":"closed","ping_status":"closed","template":"","meta":{"_acf_changed":false,"footnotes":""},"class_list":["post-199","page","type-page","status-publish","hentry"],"acf":[],"yoast_head":"<!-- This site is optimized with the Yoast SEO plugin v23.8 - https:\/\/yoast.com\/wordpress\/plugins\/seo\/ -->\n<title>Zahlungsm\u00f6glichkeiten - Eliassen.nl<\/title>\n<meta name=\"robots\" content=\"noindex, follow, max-snippet:-1, max-image-preview:large, max-video-preview:-1\" \/>\n<meta property=\"og:locale\" content=\"de_DE\" \/>\n<meta property=\"og:type\" content=\"article\" \/>\n<meta property=\"og:title\" content=\"Zahlungsm\u00f6glichkeiten - Eliassen.nl\" \/>\n<meta property=\"og:url\" content=\"https:\/\/dev.eliassen.nl\/de\/zahlungsmoeglichkeiten\/\" \/>\n<meta property=\"og:site_name\" content=\"Eliassen.nl\" \/>\n<meta property=\"article:publisher\" content=\"https:\/\/www.facebook.com\/TuincentrumEliassenAmmerzoden\" \/>\n<meta property=\"article:modified_time\" content=\"2023-12-20T14:03:54+00:00\" \/>\n<meta name=\"twitter:card\" content=\"summary_large_image\" \/>\n<script type=\"application\/ld+json\" class=\"yoast-schema-graph\">{\"@context\":\"https:\/\/schema.org\",\"@graph\":[{\"@type\":\"WebPage\",\"@id\":\"https:\/\/dev.eliassen.nl\/de\/zahlungsmoeglichkeiten\/\",\"url\":\"https:\/\/dev.eliassen.nl\/de\/zahlungsmoeglichkeiten\/\",\"name\":\"Zahlungsm\u00f6glichkeiten - Eliassen.nl\",\"isPartOf\":{\"@id\":\"https:\/\/dev.eliassen.nl\/de\/#website\"},\"datePublished\":\"2023-03-02T19:29:21+00:00\",\"dateModified\":\"2023-12-20T14:03:54+00:00\",\"breadcrumb\":{\"@id\":\"https:\/\/dev.eliassen.nl\/de\/zahlungsmoeglichkeiten\/#breadcrumb\"},\"inLanguage\":\"de\",\"potentialAction\":[{\"@type\":\"ReadAction\",\"target\":[\"https:\/\/dev.eliassen.nl\/de\/zahlungsmoeglichkeiten\/\"]}]},{\"@type\":\"BreadcrumbList\",\"@id\":\"https:\/\/dev.eliassen.nl\/de\/zahlungsmoeglichkeiten\/#breadcrumb\",\"itemListElement\":[{\"@type\":\"ListItem\",\"position\":1,\"name\":\"Home\",\"item\":\"https:\/\/dev.eliassen.nl\/de\/\"},{\"@type\":\"ListItem\",\"position\":2,\"name\":\"Zahlungsm\u00f6glichkeiten\"}]},{\"@type\":\"WebSite\",\"@id\":\"https:\/\/dev.eliassen.nl\/de\/#website\",\"url\":\"https:\/\/dev.eliassen.nl\/de\/\",\"name\":\"Eliassen Home & Garden Pleasure\",\"description\":\"\",\"publisher\":{\"@id\":\"https:\/\/dev.eliassen.nl\/de\/#organization\"},\"alternateName\":\"Eliassen.nl\",\"potentialAction\":[{\"@type\":\"SearchAction\",\"target\":{\"@type\":\"EntryPoint\",\"urlTemplate\":\"https:\/\/dev.eliassen.nl\/de\/?s={search_term_string}\"},\"query-input\":{\"@type\":\"PropertyValueSpecification\",\"valueRequired\":true,\"valueName\":\"search_term_string\"}}],\"inLanguage\":\"de\"},{\"@type\":\"Organization\",\"@id\":\"https:\/\/dev.eliassen.nl\/de\/#organization\",\"name\":\"Eliassen Home & Garden Pleasure\",\"url\":\"https:\/\/dev.eliassen.nl\/de\/\",\"logo\":{\"@type\":\"ImageObject\",\"inLanguage\":\"de\",\"@id\":\"https:\/\/dev.eliassen.nl\/de\/#\/schema\/logo\/image\/\",\"url\":\"https:\/\/www.eliassen.nl\/wp-content\/uploads\/2024\/01\/logo_4nd.jpg\",\"contentUrl\":\"https:\/\/www.eliassen.nl\/wp-content\/uploads\/2024\/01\/logo_4nd.jpg\",\"width\":500,\"height\":500,\"caption\":\"Eliassen Home & Garden Pleasure\"},\"image\":{\"@id\":\"https:\/\/dev.eliassen.nl\/de\/#\/schema\/logo\/image\/\"},\"sameAs\":[\"https:\/\/www.facebook.com\/TuincentrumEliassenAmmerzoden\",\"https:\/\/www.instagram.com\/eliassenhomeandgarden\/\",\"https:\/\/nl.pinterest.com\/eliassenhomeandgarden\/\",\"https:\/\/www.youtube.com\/@eliassenhomegardenpleasure4558\"]}]}<\/script>\n<!-- \/ Yoast SEO plugin. -->","yoast_head_json":{"title":"Zahlungsm\u00f6glichkeiten - Eliassen.nl","robots":{"index":"noindex","follow":"follow","max-snippet":"max-snippet:-1","max-image-preview":"max-image-preview:large","max-video-preview":"max-video-preview:-1"},"og_locale":"de_DE","og_type":"article","og_title":"Zahlungsm\u00f6glichkeiten - Eliassen.nl","og_url":"https:\/\/dev.eliassen.nl\/de\/zahlungsmoeglichkeiten\/","og_site_name":"Eliassen.nl","article_publisher":"https:\/\/www.facebook.com\/TuincentrumEliassenAmmerzoden","article_modified_time":"2023-12-20T14:03:54+00:00","twitter_card":"summary_large_image","schema":{"@context":"https:\/\/schema.org","@graph":[{"@type":"WebPage","@id":"https:\/\/dev.eliassen.nl\/de\/zahlungsmoeglichkeiten\/","url":"https:\/\/dev.eliassen.nl\/de\/zahlungsmoeglichkeiten\/","name":"Zahlungsm\u00f6glichkeiten - Eliassen.nl","isPartOf":{"@id":"https:\/\/dev.eliassen.nl\/de\/#website"},"datePublished":"2023-03-02T19:29:21+00:00","dateModified":"2023-12-20T14:03:54+00:00","breadcrumb":{"@id":"https:\/\/dev.eliassen.nl\/de\/zahlungsmoeglichkeiten\/#breadcrumb"},"inLanguage":"de","potentialAction":[{"@type":"ReadAction","target":["https:\/\/dev.eliassen.nl\/de\/zahlungsmoeglichkeiten\/"]}]},{"@type":"BreadcrumbList","@id":"https:\/\/dev.eliassen.nl\/de\/zahlungsmoeglichkeiten\/#breadcrumb","itemListElement":[{"@type":"ListItem","position":1,"name":"Home","item":"https:\/\/dev.eliassen.nl\/de\/"},{"@type":"ListItem","position":2,"name":"Zahlungsm\u00f6glichkeiten"}]},{"@type":"WebSite","@id":"https:\/\/dev.eliassen.nl\/de\/#website","url":"https:\/\/dev.eliassen.nl\/de\/","name":"Eliassen Home & Garden Pleasure","description":"","publisher":{"@id":"https:\/\/dev.eliassen.nl\/de\/#organization"},"alternateName":"Eliassen.nl","potentialAction":[{"@type":"SearchAction","target":{"@type":"EntryPoint","urlTemplate":"https:\/\/dev.eliassen.nl\/de\/?s={search_term_string}"},"query-input":{"@type":"PropertyValueSpecification","valueRequired":true,"valueName":"search_term_string"}}],"inLanguage":"de"},{"@type":"Organization","@id":"https:\/\/dev.eliassen.nl\/de\/#organization","name":"Eliassen Home & Garden Pleasure","url":"https:\/\/dev.eliassen.nl\/de\/","logo":{"@type":"ImageObject","inLanguage":"de","@id":"https:\/\/dev.eliassen.nl\/de\/#\/schema\/logo\/image\/","url":"https:\/\/www.eliassen.nl\/wp-content\/uploads\/2024\/01\/logo_4nd.jpg","contentUrl":"https:\/\/www.eliassen.nl\/wp-content\/uploads\/2024\/01\/logo_4nd.jpg","width":500,"height":500,"caption":"Eliassen Home & Garden Pleasure"},"image":{"@id":"https:\/\/dev.eliassen.nl\/de\/#\/schema\/logo\/image\/"},"sameAs":["https:\/\/www.facebook.com\/TuincentrumEliassenAmmerzoden","https:\/\/www.instagram.com\/eliassenhomeandgarden\/","https:\/\/nl.pinterest.com\/eliassenhomeandgarden\/","https:\/\/www.youtube.com\/@eliassenhomegardenpleasure4558"]}]}},"_links":{"self":[{"href":"https:\/\/dev.eliassen.nl\/de\/wp-json\/wp\/v2\/pages\/199","targetHints":{"allow":["GET"]}}],"collection":[{"href":"https:\/\/dev.eliassen.nl\/de\/wp-json\/wp\/v2\/pages"}],"about":[{"href":"https:\/\/dev.eliassen.nl\/de\/wp-json\/wp\/v2\/types\/page"}],"author":[{"embeddable":true,"href":"https:\/\/dev.eliassen.nl\/de\/wp-json\/wp\/v2\/users\/1"}],"replies":[{"embeddable":true,"href":"https:\/\/dev.eliassen.nl\/de\/wp-json\/wp\/v2\/comments?post=199"}],"version-history":[{"count":3,"href":"https:\/\/dev.eliassen.nl\/de\/wp-json\/wp\/v2\/pages\/199\/revisions"}],"predecessor-version":[{"id":247,"href":"https:\/\/dev.eliassen.nl\/de\/wp-json\/wp\/v2\/pages\/199\/revisions\/247"}],"wp:attachment":[{"href":"https:\/\/dev.eliassen.nl\/de\/wp-json\/wp\/v2\/media?parent=199"}],"curies":[{"name":"wp","href":"https:\/\/api.w.org\/{rel}","templated":true}]}}