{"id":209,"date":"2023-03-02T20:34:33","date_gmt":"2023-03-02T19:34:33","guid":{"rendered":"https:\/\/www.eliassen.nl\/ueber-uns\/"},"modified":"2023-12-20T10:56:00","modified_gmt":"2023-12-20T09:56:00","slug":"ueber-uns","status":"publish","type":"page","link":"https:\/\/dev.eliassen.nl\/de\/ueber-uns\/","title":{"rendered":"\u00dcber uns"},"content":{"rendered":"<section id=\"block_922c0989ad400a803642c56b126ea45d\" class=\"block block--content Block-Abstand\">\n                <div class=\"block__inner \">\n                <div class=\"block__content\">\n        <h1>\u00dcber uns<\/h1>\n<p>Wir von Home &amp; Gardenpleasure Eliassen begr\u00fc\u00dfen Sie auf unserer Website und unserem Webshop.<\/p>\n<h2>Wer sind wir?<\/h2>\n<p>Unser Unternehmen besteht seit 1985, zun\u00e4chst als G\u00e4rtnerei, die sich im Laufe der Jahre zu einem mittelgro\u00dfen Gartencenter entwickelt hat. Seit einigen Jahren haben wir neben dem Gartencenter, wie so viele Unternehmer, auch einen Webshop.<\/p>\n<p>Da das Wachstum des Onlineshops so hoch ist, haben wir beschlossen, ab dem 1. Januar 2018 den Webshop allein, kombiniert mit einem Showroom, weiterzuf\u00fchren.<\/p>\n<p>Unser Ziel ist es, ab Fr\u00fchjahr 2018 alles, was im Webshop aufgelistet ist, auch in unserem Ausstellungsraum zu zeigen, damit Sie sich die Zeit nehmen k\u00f6nnen, die Sie brauchen, um alles zu sehen und es eventuell zu kaufen. Ein einzigartiges Konzept in unserer Branche !!!<\/p>\n<p>&nbsp;<\/p>\n<h2>Was zeichnet uns aus?<\/h2>\n<p>Wir zeichnen uns vor allem durch das riesige Angebot an Artikelgruppen aus, und dass dieses Angebot auch live zu sehen ist. Wir bem\u00fchen uns auch, immer lustige und ungew\u00f6hnliche Dekorationen anzubieten, und das zu einem angenehmen und fairen Preis.<\/p>\n<p>&nbsp;<\/p>\n<h2>Was sind unsere Spezialit\u00e4ten?<\/h2>\n<p>Unsere Wasserornamente und Springbrunnen sind traditionell eine unserer Spezialit\u00e4ten, durch jahrelange Erfahrung haben wir viel Fachwissen erworben und k\u00f6nnen Sie als Kunde sehr gut beraten, privat oder in einer professionellen Einrichtung. Bei uns k\u00f6nnen Sie immer mindestens 300 Modelle arbeiten sehen, die niemand hat !!!<\/p>\n<p><strong>Wir haben auch sehr viele einzigartige und selbst entwickelte Modelle, die man nirgendwo anders kaufen kann.<\/strong><\/p>\n<p>Wenn es um Gem\u00e4lde und andere Wanddekorationen geht, sind wir auch ein sehr gro\u00dfes Los. In unserem Gesch\u00e4ft haben wir ca. 1.000 Modelle zur Ansicht, vor allem bei Metall- und Glasbildern haben wir eine Auswahl, die niemand hat. Ob Sie einen klassischen Blumentopf oder einen modernen Blumenkasten aus Aluminium oder Polyester suchen, ob es sich um preiswerte oder sehr exklusive Modelle handelt, die es nur bei uns zu kaufen gibt, wir haben alles&#8230; Dar\u00fcber hinaus finden Sie in unserem Gesch\u00e4ft zahlreiche Statuen und Skulpturen, von klein bis lebensgro\u00df, aus Bronze, Metall, Stein, Beton usw.<\/p>\n<p>Wir w\u00fcnschen Ihnen viel Freude beim Betrachten und Einkaufen auf unserer Website.<br \/>\nBei Fragen rufen Sie uns bitte unter 073-5992869 an oder senden Sie eine E-Mail an <a href=\"mailto:info@eliassen.nl\">info@eliassen.nl<\/a>.<\/p>\n<p>Wenn Sie das Gesch\u00e4ft besuchen m\u00f6chten, beachten Sie bitte die \u00d6ffnungszeiten.<br \/>\nSollten Sie einen bestimmten Artikel suchen, rufen Sie uns bitte an, ob wir den Artikel vorr\u00e4tig haben. So vermeiden Sie Entt\u00e4uschungen im Gesch\u00e4ft! Tel. 073 5992869<\/p>\n<p>Sie sind herzlich willkommen, der Kaffee ist fertig !!!<\/p>\n<p>Eliassen Haus &amp; Garten Vergn\u00fcgen<br \/>\nHaarstra\u00dfe 44<br \/>\n5324 AP Ammerzoden<\/p>\n<p>Handelskammer Nr.: 74419986<br \/>\nUmsatzsteuer-Identifikationsnummer: NL859890272B01<\/p>\n            <\/div>\n    <\/div>\n    <\/section>","protected":false},"excerpt":{"rendered":"","protected":false},"author":1,"featured_media":0,"parent":0,"menu_order":0,"comment_status":"closed","ping_status":"closed","template":"","meta":{"_acf_changed":false,"footnotes":""},"class_list":["post-209","page","type-page","status-publish","hentry"],"acf":[],"yoast_head":"<!-- This site is optimized with the Yoast SEO plugin v23.8 - https:\/\/yoast.com\/wordpress\/plugins\/seo\/ -->\n<title>\u00dcber uns - Eliassen.nl<\/title>\n<meta name=\"robots\" content=\"noindex, follow, max-snippet:-1, max-image-preview:large, max-video-preview:-1\" \/>\n<meta property=\"og:locale\" content=\"de_DE\" \/>\n<meta property=\"og:type\" content=\"article\" \/>\n<meta property=\"og:title\" content=\"\u00dcber uns - Eliassen.nl\" \/>\n<meta property=\"og:url\" content=\"https:\/\/dev.eliassen.nl\/de\/ueber-uns\/\" \/>\n<meta property=\"og:site_name\" content=\"Eliassen.nl\" \/>\n<meta property=\"article:publisher\" content=\"https:\/\/www.facebook.com\/TuincentrumEliassenAmmerzoden\" \/>\n<meta property=\"article:modified_time\" content=\"2023-12-20T09:56:00+00:00\" \/>\n<meta name=\"twitter:card\" content=\"summary_large_image\" \/>\n<script type=\"application\/ld+json\" class=\"yoast-schema-graph\">{\"@context\":\"https:\/\/schema.org\",\"@graph\":[{\"@type\":\"WebPage\",\"@id\":\"https:\/\/dev.eliassen.nl\/de\/ueber-uns\/\",\"url\":\"https:\/\/dev.eliassen.nl\/de\/ueber-uns\/\",\"name\":\"\u00dcber uns - Eliassen.nl\",\"isPartOf\":{\"@id\":\"https:\/\/dev.eliassen.nl\/de\/#website\"},\"datePublished\":\"2023-03-02T19:34:33+00:00\",\"dateModified\":\"2023-12-20T09:56:00+00:00\",\"breadcrumb\":{\"@id\":\"https:\/\/dev.eliassen.nl\/de\/ueber-uns\/#breadcrumb\"},\"inLanguage\":\"de\",\"potentialAction\":[{\"@type\":\"ReadAction\",\"target\":[\"https:\/\/dev.eliassen.nl\/de\/ueber-uns\/\"]}]},{\"@type\":\"BreadcrumbList\",\"@id\":\"https:\/\/dev.eliassen.nl\/de\/ueber-uns\/#breadcrumb\",\"itemListElement\":[{\"@type\":\"ListItem\",\"position\":1,\"name\":\"Home\",\"item\":\"https:\/\/dev.eliassen.nl\/de\/\"},{\"@type\":\"ListItem\",\"position\":2,\"name\":\"\u00dcber uns\"}]},{\"@type\":\"WebSite\",\"@id\":\"https:\/\/dev.eliassen.nl\/de\/#website\",\"url\":\"https:\/\/dev.eliassen.nl\/de\/\",\"name\":\"Eliassen Home & Garden Pleasure\",\"description\":\"\",\"publisher\":{\"@id\":\"https:\/\/dev.eliassen.nl\/de\/#organization\"},\"alternateName\":\"Eliassen.nl\",\"potentialAction\":[{\"@type\":\"SearchAction\",\"target\":{\"@type\":\"EntryPoint\",\"urlTemplate\":\"https:\/\/dev.eliassen.nl\/de\/?s={search_term_string}\"},\"query-input\":{\"@type\":\"PropertyValueSpecification\",\"valueRequired\":true,\"valueName\":\"search_term_string\"}}],\"inLanguage\":\"de\"},{\"@type\":\"Organization\",\"@id\":\"https:\/\/dev.eliassen.nl\/de\/#organization\",\"name\":\"Eliassen Home & Garden Pleasure\",\"url\":\"https:\/\/dev.eliassen.nl\/de\/\",\"logo\":{\"@type\":\"ImageObject\",\"inLanguage\":\"de\",\"@id\":\"https:\/\/dev.eliassen.nl\/de\/#\/schema\/logo\/image\/\",\"url\":\"https:\/\/www.eliassen.nl\/wp-content\/uploads\/2024\/01\/logo_4nd.jpg\",\"contentUrl\":\"https:\/\/www.eliassen.nl\/wp-content\/uploads\/2024\/01\/logo_4nd.jpg\",\"width\":500,\"height\":500,\"caption\":\"Eliassen Home & Garden Pleasure\"},\"image\":{\"@id\":\"https:\/\/dev.eliassen.nl\/de\/#\/schema\/logo\/image\/\"},\"sameAs\":[\"https:\/\/www.facebook.com\/TuincentrumEliassenAmmerzoden\",\"https:\/\/www.instagram.com\/eliassenhomeandgarden\/\",\"https:\/\/nl.pinterest.com\/eliassenhomeandgarden\/\",\"https:\/\/www.youtube.com\/@eliassenhomegardenpleasure4558\"]}]}<\/script>\n<!-- \/ Yoast SEO plugin. -->","yoast_head_json":{"title":"\u00dcber uns - Eliassen.nl","robots":{"index":"noindex","follow":"follow","max-snippet":"max-snippet:-1","max-image-preview":"max-image-preview:large","max-video-preview":"max-video-preview:-1"},"og_locale":"de_DE","og_type":"article","og_title":"\u00dcber uns - Eliassen.nl","og_url":"https:\/\/dev.eliassen.nl\/de\/ueber-uns\/","og_site_name":"Eliassen.nl","article_publisher":"https:\/\/www.facebook.com\/TuincentrumEliassenAmmerzoden","article_modified_time":"2023-12-20T09:56:00+00:00","twitter_card":"summary_large_image","schema":{"@context":"https:\/\/schema.org","@graph":[{"@type":"WebPage","@id":"https:\/\/dev.eliassen.nl\/de\/ueber-uns\/","url":"https:\/\/dev.eliassen.nl\/de\/ueber-uns\/","name":"\u00dcber uns - Eliassen.nl","isPartOf":{"@id":"https:\/\/dev.eliassen.nl\/de\/#website"},"datePublished":"2023-03-02T19:34:33+00:00","dateModified":"2023-12-20T09:56:00+00:00","breadcrumb":{"@id":"https:\/\/dev.eliassen.nl\/de\/ueber-uns\/#breadcrumb"},"inLanguage":"de","potentialAction":[{"@type":"ReadAction","target":["https:\/\/dev.eliassen.nl\/de\/ueber-uns\/"]}]},{"@type":"BreadcrumbList","@id":"https:\/\/dev.eliassen.nl\/de\/ueber-uns\/#breadcrumb","itemListElement":[{"@type":"ListItem","position":1,"name":"Home","item":"https:\/\/dev.eliassen.nl\/de\/"},{"@type":"ListItem","position":2,"name":"\u00dcber uns"}]},{"@type":"WebSite","@id":"https:\/\/dev.eliassen.nl\/de\/#website","url":"https:\/\/dev.eliassen.nl\/de\/","name":"Eliassen Home & Garden Pleasure","description":"","publisher":{"@id":"https:\/\/dev.eliassen.nl\/de\/#organization"},"alternateName":"Eliassen.nl","potentialAction":[{"@type":"SearchAction","target":{"@type":"EntryPoint","urlTemplate":"https:\/\/dev.eliassen.nl\/de\/?s={search_term_string}"},"query-input":{"@type":"PropertyValueSpecification","valueRequired":true,"valueName":"search_term_string"}}],"inLanguage":"de"},{"@type":"Organization","@id":"https:\/\/dev.eliassen.nl\/de\/#organization","name":"Eliassen Home & Garden Pleasure","url":"https:\/\/dev.eliassen.nl\/de\/","logo":{"@type":"ImageObject","inLanguage":"de","@id":"https:\/\/dev.eliassen.nl\/de\/#\/schema\/logo\/image\/","url":"https:\/\/www.eliassen.nl\/wp-content\/uploads\/2024\/01\/logo_4nd.jpg","contentUrl":"https:\/\/www.eliassen.nl\/wp-content\/uploads\/2024\/01\/logo_4nd.jpg","width":500,"height":500,"caption":"Eliassen Home & Garden Pleasure"},"image":{"@id":"https:\/\/dev.eliassen.nl\/de\/#\/schema\/logo\/image\/"},"sameAs":["https:\/\/www.facebook.com\/TuincentrumEliassenAmmerzoden","https:\/\/www.instagram.com\/eliassenhomeandgarden\/","https:\/\/nl.pinterest.com\/eliassenhomeandgarden\/","https:\/\/www.youtube.com\/@eliassenhomegardenpleasure4558"]}]}},"_links":{"self":[{"href":"https:\/\/dev.eliassen.nl\/de\/wp-json\/wp\/v2\/pages\/209","targetHints":{"allow":["GET"]}}],"collection":[{"href":"https:\/\/dev.eliassen.nl\/de\/wp-json\/wp\/v2\/pages"}],"about":[{"href":"https:\/\/dev.eliassen.nl\/de\/wp-json\/wp\/v2\/types\/page"}],"author":[{"embeddable":true,"href":"https:\/\/dev.eliassen.nl\/de\/wp-json\/wp\/v2\/users\/1"}],"replies":[{"embeddable":true,"href":"https:\/\/dev.eliassen.nl\/de\/wp-json\/wp\/v2\/comments?post=209"}],"version-history":[{"count":1,"href":"https:\/\/dev.eliassen.nl\/de\/wp-json\/wp\/v2\/pages\/209\/revisions"}],"predecessor-version":[{"id":211,"href":"https:\/\/dev.eliassen.nl\/de\/wp-json\/wp\/v2\/pages\/209\/revisions\/211"}],"wp:attachment":[{"href":"https:\/\/dev.eliassen.nl\/de\/wp-json\/wp\/v2\/media?parent=209"}],"curies":[{"name":"wp","href":"https:\/\/api.w.org\/{rel}","templated":true}]}}