{"id":220,"date":"2023-03-02T20:45:30","date_gmt":"2023-03-02T19:45:30","guid":{"rendered":"https:\/\/www.eliassen.nl\/versand-rueckgabe\/"},"modified":"2025-03-31T14:26:52","modified_gmt":"2025-03-31T12:26:52","slug":"versand-rueckgabe","status":"publish","type":"page","link":"https:\/\/dev.eliassen.nl\/de\/versand-rueckgabe\/","title":{"rendered":"Versand &amp; R\u00fcckgabe"},"content":{"rendered":"<section id=\"block_64b02f68f2f6805eb15b2ea42b34d306\" class=\"block block--content\">\n                <div class=\"block__inner \">\n                <div class=\"block__content\">\n        <h1>Versand &amp; R\u00fcckgabe<\/h1>\n<p><strong>Kosten f\u00fcr den Versand<\/strong><\/p>\n<p>Die Versandkosten werden pro Artikel in der Detailansicht eines Artikels angezeigt, und der Gesamtbetrag der Versandkosten wird in der Zusammenfassung Ihrer Bestellung angezeigt, bevor Sie Ihre Bestellung abschlie\u00dfen.<\/p>\n<p>Die Versandkosten werden nach Gewicht oder Volumen berechnet.<br \/>\nArtikel, bei denen die Versandkosten pro St\u00fcck berechnet werden, z\u00e4hlen nicht zu den Gewichtsversandkosten. Einige Artikel mit Versandkosten pro St\u00fcck, haben keine zus\u00e4tzliche Geb\u00fchr f\u00fcr den Versand mehrere vaan den gleichen Artikel. Mehrere Einheiten passen dann z. B. auf eine Palette. Dies wird bei den entsprechenden Positionen in der Detailansicht immer angezeigt.<\/p>\n<p>Die Versandkosten werden im Warenkorb auf der Grundlage des Gewichts der Artikel angegeben. Der endg\u00fcltige Versandbetrag ist erst nach Eingabe der Adressdaten in der Bestellzusammenfassung verf\u00fcgbar.<\/p>\n<p>Der Gesamtbetrag der Versandkosten ist sichtbar, bevor Sie Ihre Bestellung abschlie\u00dfen. Sie k\u00f6nnen jederzeit Artikel aus Ihrem Warenkorb entfernen.<\/p>\n<p><strong>Andere L\u00e4nder:<\/strong><\/p>\n<p><em>Auf Anfrage<\/em><\/p>\n<p><strong>Nachnahme<\/strong><\/p>\n<p>Bei Nachnahme berechnen wir \u20ac 10,00 zus\u00e4tzliche Versandkosten, in L\u00e4nder au\u00dferhalb NL \u20ac 20,00<\/p>\n<p><strong>Paketdienste<\/strong><\/p>\n<p>Eliassen Home &amp; Gardenpleasure arbeitet mit PostNL und Transmission zusammen. Bei diesen Unternehmen werden die Waren als Standardpaket verschickt.<\/p>\n<p><strong>Bei der Lieferung nicht zu Hause?<\/strong><\/p>\n<p>Wenn Sie nicht zu Hause sind, wenn das Paket von PostNL zugestellt wird, wirft der Zusteller einen Zettel in Ihren Briefkasten. Standardm\u00e4\u00dfig wird das Paket am n\u00e4chsten Tag erneut angeboten, aber wenn Sie bereits wissen, dass Sie bis dahin nicht mehr zu Hause sein werden, k\u00f6nnen Sie angeben, was mit dem Paket geschehen soll. Weitere Informationen hierzu finden Sie auf der <a href=\"http:\/\/www.postnl.nl\/voorthuis\/pakketten\/zelf-pakket-afhalen\/\" target=\"_blank\" rel=\"noopener noreferrer\">Website von PostNL<\/a> (eine neue Seite \u00f6ffnet sich direkt zur Seite &#8220;Bei der Zustellung nicht zu Hause?&#8221;).<\/p>\n<p>Sollte Ihr Paket von Transmission transportiert werden (palettierte Ware) und Sie sind nicht zu Hause, erhalten Sie eine Nachricht in Ihrem Briefkasten mit der Bitte, Transmission zu kontaktieren.<\/p>\n<p>Nat\u00fcrlich k\u00f6nnen Sie sich jederzeit an Eliassen Home &amp; Gardenpleasure wenden. Weitere Informationen <a href=\"\/contact\">finden Sie auf unserer Kontaktseite.<\/a><\/p>\n<p><strong>Lieferfrist<\/strong><\/p>\n<p>Alle Artikel auf der Website, die versendet werden, werden garantiert innerhalb von 14 Tagen geliefert. Wenn die betreffenden Artikel sofort auf Lager sind, erfolgt die Lieferung unverz\u00fcglich. Wenn Sie Fragen zu den Lieferzeiten haben, k\u00f6nnen Sie sich jederzeit an Eliassen Home &amp; Gardenpleasure wenden. Weitere Informationen <a href=\"https:\/\/eliassen.nl\/index.php\/contacts\">finden Sie auf unserer Kontaktseite.<\/a><\/p>\n<p>In dem unwahrscheinlichen Fall, dass wir nicht rechtzeitig liefern k\u00f6nnen, werden wir Sie innerhalb der vereinbarten Lieferfrist von 14 Tagen \u00fcber eine m\u00f6gliche L\u00f6sung informieren.<\/p>\n<p><strong>R\u00fcckkehr<\/strong><\/p>\n<p>Sie haben das Recht, Ihre Bestellung bis zu 14 Tage nach Erhalt ohne Angabe von Gr\u00fcnden zu widerrufen. Nach dem Widerruf haben Sie noch 14 Tage Zeit, Ihr Produkt zur\u00fcckzugeben. Sie erhalten dann den vollen Bestellbetrag gutgeschrieben, lediglich die Kosten f\u00fcr die R\u00fccksendung von Ihrer Bestelladresse zum Webshop gehen zu Ihren Lasten. Wenn Sie von Ihrem Widerrufsrecht Gebrauch machen, wird das Produkt mit allem gelieferten Zubeh\u00f6r und &#8211; wenn m\u00f6glich &#8211; in seinem urspr\u00fcnglichen Zustand und in der Originalverpackung an den Unternehmer zur\u00fcckgeschickt. Um von diesem Recht Gebrauch zu machen, kontaktieren Sie uns bitte unter <a href=\"mailto:info@eliassen.nl\" target=\"_self\">info@eliassen.nl.<\/a> Wir erstatten dann den f\u00e4lligen Betrag innerhalb von 14 Tagen nach der Benachrichtigung \u00fcber Ihre R\u00fccksendung, sofern das Produkt bereits in einwandfreiem Zustand zur\u00fcckerhalten wurde.<\/p>\n            <\/div>\n    <\/div>\n    <\/section>","protected":false},"excerpt":{"rendered":"","protected":false},"author":1,"featured_media":0,"parent":0,"menu_order":0,"comment_status":"closed","ping_status":"closed","template":"","meta":{"_acf_changed":false,"footnotes":""},"class_list":["post-220","page","type-page","status-publish","hentry"],"acf":[],"yoast_head":"<!-- This site is optimized with the Yoast SEO plugin v23.8 - https:\/\/yoast.com\/wordpress\/plugins\/seo\/ -->\n<title>Versand &amp; R\u00fcckgabe - Eliassen.nl<\/title>\n<meta name=\"robots\" content=\"noindex, follow, max-snippet:-1, max-image-preview:large, max-video-preview:-1\" \/>\n<meta property=\"og:locale\" content=\"de_DE\" \/>\n<meta property=\"og:type\" content=\"article\" \/>\n<meta property=\"og:title\" content=\"Versand &amp; R\u00fcckgabe - Eliassen.nl\" \/>\n<meta property=\"og:url\" content=\"https:\/\/dev.eliassen.nl\/de\/versand-rueckgabe\/\" \/>\n<meta property=\"og:site_name\" content=\"Eliassen.nl\" \/>\n<meta property=\"article:publisher\" content=\"https:\/\/www.facebook.com\/TuincentrumEliassenAmmerzoden\" \/>\n<meta property=\"article:modified_time\" content=\"2025-03-31T12:26:52+00:00\" \/>\n<meta name=\"twitter:card\" content=\"summary_large_image\" \/>\n<script type=\"application\/ld+json\" class=\"yoast-schema-graph\">{\"@context\":\"https:\/\/schema.org\",\"@graph\":[{\"@type\":\"WebPage\",\"@id\":\"https:\/\/dev.eliassen.nl\/de\/versand-rueckgabe\/\",\"url\":\"https:\/\/dev.eliassen.nl\/de\/versand-rueckgabe\/\",\"name\":\"Versand &amp; R\u00fcckgabe - Eliassen.nl\",\"isPartOf\":{\"@id\":\"https:\/\/dev.eliassen.nl\/de\/#website\"},\"datePublished\":\"2023-03-02T19:45:30+00:00\",\"dateModified\":\"2025-03-31T12:26:52+00:00\",\"breadcrumb\":{\"@id\":\"https:\/\/dev.eliassen.nl\/de\/versand-rueckgabe\/#breadcrumb\"},\"inLanguage\":\"de\",\"potentialAction\":[{\"@type\":\"ReadAction\",\"target\":[\"https:\/\/dev.eliassen.nl\/de\/versand-rueckgabe\/\"]}]},{\"@type\":\"BreadcrumbList\",\"@id\":\"https:\/\/dev.eliassen.nl\/de\/versand-rueckgabe\/#breadcrumb\",\"itemListElement\":[{\"@type\":\"ListItem\",\"position\":1,\"name\":\"Home\",\"item\":\"https:\/\/dev.eliassen.nl\/de\/\"},{\"@type\":\"ListItem\",\"position\":2,\"name\":\"Versand &amp; R\u00fcckgabe\"}]},{\"@type\":\"WebSite\",\"@id\":\"https:\/\/dev.eliassen.nl\/de\/#website\",\"url\":\"https:\/\/dev.eliassen.nl\/de\/\",\"name\":\"Eliassen Home & Garden Pleasure\",\"description\":\"\",\"publisher\":{\"@id\":\"https:\/\/dev.eliassen.nl\/de\/#organization\"},\"alternateName\":\"Eliassen.nl\",\"potentialAction\":[{\"@type\":\"SearchAction\",\"target\":{\"@type\":\"EntryPoint\",\"urlTemplate\":\"https:\/\/dev.eliassen.nl\/de\/?s={search_term_string}\"},\"query-input\":{\"@type\":\"PropertyValueSpecification\",\"valueRequired\":true,\"valueName\":\"search_term_string\"}}],\"inLanguage\":\"de\"},{\"@type\":\"Organization\",\"@id\":\"https:\/\/dev.eliassen.nl\/de\/#organization\",\"name\":\"Eliassen Home & Garden Pleasure\",\"url\":\"https:\/\/dev.eliassen.nl\/de\/\",\"logo\":{\"@type\":\"ImageObject\",\"inLanguage\":\"de\",\"@id\":\"https:\/\/dev.eliassen.nl\/de\/#\/schema\/logo\/image\/\",\"url\":\"https:\/\/www.eliassen.nl\/wp-content\/uploads\/2024\/01\/logo_4nd.jpg\",\"contentUrl\":\"https:\/\/www.eliassen.nl\/wp-content\/uploads\/2024\/01\/logo_4nd.jpg\",\"width\":500,\"height\":500,\"caption\":\"Eliassen Home & Garden Pleasure\"},\"image\":{\"@id\":\"https:\/\/dev.eliassen.nl\/de\/#\/schema\/logo\/image\/\"},\"sameAs\":[\"https:\/\/www.facebook.com\/TuincentrumEliassenAmmerzoden\",\"https:\/\/www.instagram.com\/eliassenhomeandgarden\/\",\"https:\/\/nl.pinterest.com\/eliassenhomeandgarden\/\",\"https:\/\/www.youtube.com\/@eliassenhomegardenpleasure4558\"]}]}<\/script>\n<!-- \/ Yoast SEO plugin. -->","yoast_head_json":{"title":"Versand &amp; R\u00fcckgabe - Eliassen.nl","robots":{"index":"noindex","follow":"follow","max-snippet":"max-snippet:-1","max-image-preview":"max-image-preview:large","max-video-preview":"max-video-preview:-1"},"og_locale":"de_DE","og_type":"article","og_title":"Versand &amp; R\u00fcckgabe - Eliassen.nl","og_url":"https:\/\/dev.eliassen.nl\/de\/versand-rueckgabe\/","og_site_name":"Eliassen.nl","article_publisher":"https:\/\/www.facebook.com\/TuincentrumEliassenAmmerzoden","article_modified_time":"2025-03-31T12:26:52+00:00","twitter_card":"summary_large_image","schema":{"@context":"https:\/\/schema.org","@graph":[{"@type":"WebPage","@id":"https:\/\/dev.eliassen.nl\/de\/versand-rueckgabe\/","url":"https:\/\/dev.eliassen.nl\/de\/versand-rueckgabe\/","name":"Versand &amp; R\u00fcckgabe - Eliassen.nl","isPartOf":{"@id":"https:\/\/dev.eliassen.nl\/de\/#website"},"datePublished":"2023-03-02T19:45:30+00:00","dateModified":"2025-03-31T12:26:52+00:00","breadcrumb":{"@id":"https:\/\/dev.eliassen.nl\/de\/versand-rueckgabe\/#breadcrumb"},"inLanguage":"de","potentialAction":[{"@type":"ReadAction","target":["https:\/\/dev.eliassen.nl\/de\/versand-rueckgabe\/"]}]},{"@type":"BreadcrumbList","@id":"https:\/\/dev.eliassen.nl\/de\/versand-rueckgabe\/#breadcrumb","itemListElement":[{"@type":"ListItem","position":1,"name":"Home","item":"https:\/\/dev.eliassen.nl\/de\/"},{"@type":"ListItem","position":2,"name":"Versand &amp; R\u00fcckgabe"}]},{"@type":"WebSite","@id":"https:\/\/dev.eliassen.nl\/de\/#website","url":"https:\/\/dev.eliassen.nl\/de\/","name":"Eliassen Home & Garden Pleasure","description":"","publisher":{"@id":"https:\/\/dev.eliassen.nl\/de\/#organization"},"alternateName":"Eliassen.nl","potentialAction":[{"@type":"SearchAction","target":{"@type":"EntryPoint","urlTemplate":"https:\/\/dev.eliassen.nl\/de\/?s={search_term_string}"},"query-input":{"@type":"PropertyValueSpecification","valueRequired":true,"valueName":"search_term_string"}}],"inLanguage":"de"},{"@type":"Organization","@id":"https:\/\/dev.eliassen.nl\/de\/#organization","name":"Eliassen Home & Garden Pleasure","url":"https:\/\/dev.eliassen.nl\/de\/","logo":{"@type":"ImageObject","inLanguage":"de","@id":"https:\/\/dev.eliassen.nl\/de\/#\/schema\/logo\/image\/","url":"https:\/\/www.eliassen.nl\/wp-content\/uploads\/2024\/01\/logo_4nd.jpg","contentUrl":"https:\/\/www.eliassen.nl\/wp-content\/uploads\/2024\/01\/logo_4nd.jpg","width":500,"height":500,"caption":"Eliassen Home & Garden Pleasure"},"image":{"@id":"https:\/\/dev.eliassen.nl\/de\/#\/schema\/logo\/image\/"},"sameAs":["https:\/\/www.facebook.com\/TuincentrumEliassenAmmerzoden","https:\/\/www.instagram.com\/eliassenhomeandgarden\/","https:\/\/nl.pinterest.com\/eliassenhomeandgarden\/","https:\/\/www.youtube.com\/@eliassenhomegardenpleasure4558"]}]}},"_links":{"self":[{"href":"https:\/\/dev.eliassen.nl\/de\/wp-json\/wp\/v2\/pages\/220","targetHints":{"allow":["GET"]}}],"collection":[{"href":"https:\/\/dev.eliassen.nl\/de\/wp-json\/wp\/v2\/pages"}],"about":[{"href":"https:\/\/dev.eliassen.nl\/de\/wp-json\/wp\/v2\/types\/page"}],"author":[{"embeddable":true,"href":"https:\/\/dev.eliassen.nl\/de\/wp-json\/wp\/v2\/users\/1"}],"replies":[{"embeddable":true,"href":"https:\/\/dev.eliassen.nl\/de\/wp-json\/wp\/v2\/comments?post=220"}],"version-history":[{"count":3,"href":"https:\/\/dev.eliassen.nl\/de\/wp-json\/wp\/v2\/pages\/220\/revisions"}],"predecessor-version":[{"id":178189,"href":"https:\/\/dev.eliassen.nl\/de\/wp-json\/wp\/v2\/pages\/220\/revisions\/178189"}],"wp:attachment":[{"href":"https:\/\/dev.eliassen.nl\/de\/wp-json\/wp\/v2\/media?parent=220"}],"curies":[{"name":"wp","href":"https:\/\/api.w.org\/{rel}","templated":true}]}}