{"id":225,"date":"2023-03-02T20:40:48","date_gmt":"2023-03-02T19:40:48","guid":{"rendered":"https:\/\/www.eliassen.nl\/wie-man-eine-bestellung-aufgibt\/"},"modified":"2023-12-20T11:43:11","modified_gmt":"2023-12-20T10:43:11","slug":"wie-man-eine-bestellung-aufgibt","status":"publish","type":"page","link":"https:\/\/dev.eliassen.nl\/de\/wie-man-eine-bestellung-aufgibt\/","title":{"rendered":"Wie man eine Bestellung aufgibt"},"content":{"rendered":"<section id=\"block_5c9dea54c54a0f835c96bc4f4da34d2d\" class=\"block block--content Block-Abstand\">\n                <div class=\"block__inner \">\n                <div class=\"block__content\">\n        <h1>Wie man eine Bestellung aufgibt<\/h1>\n<p><strong>Eine Bestellung bei Eliassen Home &amp; Gardenpleasure ist in drei einfachen Schritten m\u00f6glich.<\/strong><\/p>\n<p><strong>Schritt 1: Einkaufskorb<\/strong><\/p>\n<p>In diesem Schritt erhalten Sie einen \u00dcberblick \u00fcber die Artikel, bei denen Sie im Online-Shop auf die Schaltfl\u00e4che &#8220;In den Warenkorb legen&#8221; oder das Bild eines Warenkorbs geklickt haben.<\/p>\n<p>Sie k\u00f6nnen einen oder mehrere Artikel aus Ihrem Warenkorb entfernen, indem Sie die Kontrollk\u00e4stchen rechts neben den Artikeln und die Schaltfl\u00e4che &#8220;Auswahl entfernen&#8221; anklicken.<br \/>\nLeeren Sie \u00fcber die Schaltfl\u00e4che &#8220;Alle Produkte entfernen&#8221; Ihren Warenkorb.<br \/>\n\u00dcber die Schaltfl\u00e4chen &#8220;Weiter einkaufen&#8221; und &#8220;Zur\u00fcck&#8221; gelangen Sie zur\u00fcck zum Online-Shop.<br \/>\nFahren Sie im Bestellvorgang \u00fcber die Schaltfl\u00e4che &#8220;Bestellung abschicken&#8221; mit Schritt 2 fort, wo Sie Ihre Daten eingeben m\u00fcssen.<\/p>\n<p><strong>Schritt 2: Ihre Daten<\/strong><\/p>\n<p>In diesem Schritt bitten wir Sie um die Eingabe Ihrer Daten. Wir verwenden diese Informationen, um die von Ihnen aufgegebene Bestellung auszuliefern und um Sie gegebenenfalls zu dieser Bestellung zu kontaktieren.<br \/>\nWir behandeln Ihre Daten mit \u00e4u\u00dferster Sorgfalt und verkaufen sie niemals an Dritte zu m\u00f6glichen kommerziellen Zwecken. Weitere Informationen \u00fcber den Umgang mit Ihren Daten finden Sie in unserer<a href=\"\/privacy_beleid\"> Datenschutzrichtlinie<\/a><\/p>\n<p>In diesem Schritt m\u00fcssen Sie auch angeben, wie Sie bezahlen m\u00f6chten und ob Sie die bestellte Ware selbst in unserem Gesch\u00e4ft in Ammerzoden abholen oder ob wir sie Ihnen zusenden sollen.<\/p>\n<p>Mit der gro\u00dfen Schaltfl\u00e4che &#8220;Weiter&#8221; fahren Sie mit Schritt 3, der Best\u00e4tigung, fort.<\/p>\n<p><strong>Schritt 3: Best\u00e4tigung<\/strong><\/p>\n<p>In diesem Schritt wird die von Ihnen aufgegebene Bestellung zusammen mit den von Ihnen eingegebenen pers\u00f6nlichen Daten \u00fcbersichtlich angezeigt.<br \/>\nWenn die eingegebenen pers\u00f6nlichen Daten nicht stimmen, k\u00f6nnen Sie \u00fcber die Schaltfl\u00e4che &#8220;Daten anpassen&#8221; zum vorherigen Bildschirm in Schritt 2 zur\u00fcckkehren.<\/p>\n<p>In der Bestell\u00fcbersicht sehen Sie die Versandkosten f\u00fcr die von Ihnen ausgew\u00e4hlten Artikel (sofern Sie angegeben haben, dass die Bestellung versendet werden soll). Weitere Informationen zu den Versandkosten finden Sie auf unserer <a href=\"\/klantenservice\">Kundenservice-Seite <\/a>.<br \/>\nSie enth\u00e4lt auch den Gesamtbetrag der Mehrwertsteuer und gibt f\u00fcr jeden Artikel den Standardpreis, einen eventuell erhaltenen Rabatt und den Gesamtpreis an.<\/p>\n<p>Am unteren Rand des Best\u00e4tigungsbildschirms befindet sich eine Schaltfl\u00e4che, mit der Sie Ihre Bestellung abschlie\u00dfen k\u00f6nnen.<\/p>\n<p><strong>\u00dcbersichtsbildschirm und Zahlungslink, falls zutreffend<\/strong><\/p>\n<p>Eine Kopie des Best\u00e4tigungsbildes ist auf dem \u00dcbersichtsbild sichtbar. Wenn Sie sich entschieden haben, Ihre Bestellung online mit iDeal oder PayPal zu bezahlen, wird eine Schaltfl\u00e4che angezeigt, mit der Sie die Zahlung abschlie\u00dfen k\u00f6nnen. Dazu m\u00fcssen Sie zun\u00e4chst unseren allgemeinen Gesch\u00e4ftsbedingungen zustimmen <a href=\"\/algemene-voorwaarden\" target=\"_blank\" rel=\"noopener noreferrer\">.<\/a><\/p>\n            <\/div>\n    <\/div>\n    <\/section>","protected":false},"excerpt":{"rendered":"","protected":false},"author":1,"featured_media":0,"parent":0,"menu_order":0,"comment_status":"closed","ping_status":"closed","template":"","meta":{"_acf_changed":false,"footnotes":""},"class_list":["post-225","page","type-page","status-publish","hentry"],"acf":[],"yoast_head":"<!-- This site is optimized with the Yoast SEO plugin v23.8 - https:\/\/yoast.com\/wordpress\/plugins\/seo\/ -->\n<title>Wie man eine Bestellung aufgibt - Eliassen.nl<\/title>\n<meta name=\"robots\" content=\"noindex, follow, max-snippet:-1, max-image-preview:large, max-video-preview:-1\" \/>\n<meta property=\"og:locale\" content=\"de_DE\" \/>\n<meta property=\"og:type\" content=\"article\" \/>\n<meta property=\"og:title\" content=\"Wie man eine Bestellung aufgibt - Eliassen.nl\" \/>\n<meta property=\"og:url\" content=\"https:\/\/dev.eliassen.nl\/de\/wie-man-eine-bestellung-aufgibt\/\" \/>\n<meta property=\"og:site_name\" content=\"Eliassen.nl\" \/>\n<meta property=\"article:publisher\" content=\"https:\/\/www.facebook.com\/TuincentrumEliassenAmmerzoden\" \/>\n<meta property=\"article:modified_time\" content=\"2023-12-20T10:43:11+00:00\" \/>\n<meta name=\"twitter:card\" content=\"summary_large_image\" \/>\n<script type=\"application\/ld+json\" class=\"yoast-schema-graph\">{\"@context\":\"https:\/\/schema.org\",\"@graph\":[{\"@type\":\"WebPage\",\"@id\":\"https:\/\/dev.eliassen.nl\/de\/wie-man-eine-bestellung-aufgibt\/\",\"url\":\"https:\/\/dev.eliassen.nl\/de\/wie-man-eine-bestellung-aufgibt\/\",\"name\":\"Wie man eine Bestellung aufgibt - Eliassen.nl\",\"isPartOf\":{\"@id\":\"https:\/\/dev.eliassen.nl\/de\/#website\"},\"datePublished\":\"2023-03-02T19:40:48+00:00\",\"dateModified\":\"2023-12-20T10:43:11+00:00\",\"breadcrumb\":{\"@id\":\"https:\/\/dev.eliassen.nl\/de\/wie-man-eine-bestellung-aufgibt\/#breadcrumb\"},\"inLanguage\":\"de\",\"potentialAction\":[{\"@type\":\"ReadAction\",\"target\":[\"https:\/\/dev.eliassen.nl\/de\/wie-man-eine-bestellung-aufgibt\/\"]}]},{\"@type\":\"BreadcrumbList\",\"@id\":\"https:\/\/dev.eliassen.nl\/de\/wie-man-eine-bestellung-aufgibt\/#breadcrumb\",\"itemListElement\":[{\"@type\":\"ListItem\",\"position\":1,\"name\":\"Home\",\"item\":\"https:\/\/dev.eliassen.nl\/de\/\"},{\"@type\":\"ListItem\",\"position\":2,\"name\":\"Wie man eine Bestellung aufgibt\"}]},{\"@type\":\"WebSite\",\"@id\":\"https:\/\/dev.eliassen.nl\/de\/#website\",\"url\":\"https:\/\/dev.eliassen.nl\/de\/\",\"name\":\"Eliassen Home & Garden Pleasure\",\"description\":\"\",\"publisher\":{\"@id\":\"https:\/\/dev.eliassen.nl\/de\/#organization\"},\"alternateName\":\"Eliassen.nl\",\"potentialAction\":[{\"@type\":\"SearchAction\",\"target\":{\"@type\":\"EntryPoint\",\"urlTemplate\":\"https:\/\/dev.eliassen.nl\/de\/?s={search_term_string}\"},\"query-input\":{\"@type\":\"PropertyValueSpecification\",\"valueRequired\":true,\"valueName\":\"search_term_string\"}}],\"inLanguage\":\"de\"},{\"@type\":\"Organization\",\"@id\":\"https:\/\/dev.eliassen.nl\/de\/#organization\",\"name\":\"Eliassen Home & Garden Pleasure\",\"url\":\"https:\/\/dev.eliassen.nl\/de\/\",\"logo\":{\"@type\":\"ImageObject\",\"inLanguage\":\"de\",\"@id\":\"https:\/\/dev.eliassen.nl\/de\/#\/schema\/logo\/image\/\",\"url\":\"https:\/\/www.eliassen.nl\/wp-content\/uploads\/2024\/01\/logo_4nd.jpg\",\"contentUrl\":\"https:\/\/www.eliassen.nl\/wp-content\/uploads\/2024\/01\/logo_4nd.jpg\",\"width\":500,\"height\":500,\"caption\":\"Eliassen Home & Garden Pleasure\"},\"image\":{\"@id\":\"https:\/\/dev.eliassen.nl\/de\/#\/schema\/logo\/image\/\"},\"sameAs\":[\"https:\/\/www.facebook.com\/TuincentrumEliassenAmmerzoden\",\"https:\/\/www.instagram.com\/eliassenhomeandgarden\/\",\"https:\/\/nl.pinterest.com\/eliassenhomeandgarden\/\",\"https:\/\/www.youtube.com\/@eliassenhomegardenpleasure4558\"]}]}<\/script>\n<!-- \/ Yoast SEO plugin. -->","yoast_head_json":{"title":"Wie man eine Bestellung aufgibt - Eliassen.nl","robots":{"index":"noindex","follow":"follow","max-snippet":"max-snippet:-1","max-image-preview":"max-image-preview:large","max-video-preview":"max-video-preview:-1"},"og_locale":"de_DE","og_type":"article","og_title":"Wie man eine Bestellung aufgibt - Eliassen.nl","og_url":"https:\/\/dev.eliassen.nl\/de\/wie-man-eine-bestellung-aufgibt\/","og_site_name":"Eliassen.nl","article_publisher":"https:\/\/www.facebook.com\/TuincentrumEliassenAmmerzoden","article_modified_time":"2023-12-20T10:43:11+00:00","twitter_card":"summary_large_image","schema":{"@context":"https:\/\/schema.org","@graph":[{"@type":"WebPage","@id":"https:\/\/dev.eliassen.nl\/de\/wie-man-eine-bestellung-aufgibt\/","url":"https:\/\/dev.eliassen.nl\/de\/wie-man-eine-bestellung-aufgibt\/","name":"Wie man eine Bestellung aufgibt - Eliassen.nl","isPartOf":{"@id":"https:\/\/dev.eliassen.nl\/de\/#website"},"datePublished":"2023-03-02T19:40:48+00:00","dateModified":"2023-12-20T10:43:11+00:00","breadcrumb":{"@id":"https:\/\/dev.eliassen.nl\/de\/wie-man-eine-bestellung-aufgibt\/#breadcrumb"},"inLanguage":"de","potentialAction":[{"@type":"ReadAction","target":["https:\/\/dev.eliassen.nl\/de\/wie-man-eine-bestellung-aufgibt\/"]}]},{"@type":"BreadcrumbList","@id":"https:\/\/dev.eliassen.nl\/de\/wie-man-eine-bestellung-aufgibt\/#breadcrumb","itemListElement":[{"@type":"ListItem","position":1,"name":"Home","item":"https:\/\/dev.eliassen.nl\/de\/"},{"@type":"ListItem","position":2,"name":"Wie man eine Bestellung aufgibt"}]},{"@type":"WebSite","@id":"https:\/\/dev.eliassen.nl\/de\/#website","url":"https:\/\/dev.eliassen.nl\/de\/","name":"Eliassen Home & Garden Pleasure","description":"","publisher":{"@id":"https:\/\/dev.eliassen.nl\/de\/#organization"},"alternateName":"Eliassen.nl","potentialAction":[{"@type":"SearchAction","target":{"@type":"EntryPoint","urlTemplate":"https:\/\/dev.eliassen.nl\/de\/?s={search_term_string}"},"query-input":{"@type":"PropertyValueSpecification","valueRequired":true,"valueName":"search_term_string"}}],"inLanguage":"de"},{"@type":"Organization","@id":"https:\/\/dev.eliassen.nl\/de\/#organization","name":"Eliassen Home & Garden Pleasure","url":"https:\/\/dev.eliassen.nl\/de\/","logo":{"@type":"ImageObject","inLanguage":"de","@id":"https:\/\/dev.eliassen.nl\/de\/#\/schema\/logo\/image\/","url":"https:\/\/www.eliassen.nl\/wp-content\/uploads\/2024\/01\/logo_4nd.jpg","contentUrl":"https:\/\/www.eliassen.nl\/wp-content\/uploads\/2024\/01\/logo_4nd.jpg","width":500,"height":500,"caption":"Eliassen Home & Garden Pleasure"},"image":{"@id":"https:\/\/dev.eliassen.nl\/de\/#\/schema\/logo\/image\/"},"sameAs":["https:\/\/www.facebook.com\/TuincentrumEliassenAmmerzoden","https:\/\/www.instagram.com\/eliassenhomeandgarden\/","https:\/\/nl.pinterest.com\/eliassenhomeandgarden\/","https:\/\/www.youtube.com\/@eliassenhomegardenpleasure4558"]}]}},"_links":{"self":[{"href":"https:\/\/dev.eliassen.nl\/de\/wp-json\/wp\/v2\/pages\/225","targetHints":{"allow":["GET"]}}],"collection":[{"href":"https:\/\/dev.eliassen.nl\/de\/wp-json\/wp\/v2\/pages"}],"about":[{"href":"https:\/\/dev.eliassen.nl\/de\/wp-json\/wp\/v2\/types\/page"}],"author":[{"embeddable":true,"href":"https:\/\/dev.eliassen.nl\/de\/wp-json\/wp\/v2\/users\/1"}],"replies":[{"embeddable":true,"href":"https:\/\/dev.eliassen.nl\/de\/wp-json\/wp\/v2\/comments?post=225"}],"version-history":[{"count":1,"href":"https:\/\/dev.eliassen.nl\/de\/wp-json\/wp\/v2\/pages\/225\/revisions"}],"predecessor-version":[{"id":227,"href":"https:\/\/dev.eliassen.nl\/de\/wp-json\/wp\/v2\/pages\/225\/revisions\/227"}],"wp:attachment":[{"href":"https:\/\/dev.eliassen.nl\/de\/wp-json\/wp\/v2\/media?parent=225"}],"curies":[{"name":"wp","href":"https:\/\/api.w.org\/{rel}","templated":true}]}}