{"id":10009,"date":"2019-10-28T17:02:57","date_gmt":"2019-10-28T16:02:57","guid":{"rendered":"https:\/\/www.eliassen.nl\/?product=ubbink-wasser-eigenschaft-newcastle-ubbink"},"modified":"2024-12-05T15:13:25","modified_gmt":"2024-12-05T14:13:25","slug":"ubbink-wasserspiel-holzfass-newcastle","status":"publish","type":"product","link":"https:\/\/dev.eliassen.nl\/de\/ubbink-wasserspiel-holzfass-newcastle\/","title":{"rendered":"Wasserspiel Holzfass Newcastle 75cm"},"content":{"rendered":"<p><strong>M\u00f6chten Sie hierf\u00fcr den Showroom besuchen? Bitte kontaktieren Sie uns vorab!<\/strong><\/p>\n<p>Dieses Ubbink-Set in Edinburgh ist ein Wasserfall mit l\u00e4ndlichem Aussehen. Dieses rustikale Holzfass enth\u00e4lt ein Innenbecken aus Kunststoff. Auf dem Fass befindet sich eine gusseiserne Pumpe. Komplettset mit Pumpe und Anschlussmaterial und. Ma\u00dfe: Durchmesser 60 cm, H\u00f6he 72 cm.<br \/>Tipp: F\u00fcr einen noch besseren Effekt streuen Sie einige Kieselsteine \u00fcber den Boden.<\/p>\n<p><strong>Vergessen Sie nicht, unseren Shop zu besuchen, wo Sie die gr\u00f6\u00dfte Auswahl an Wasserspielen in den Benelux-L\u00e4ndern finden!<\/strong><\/p>\n<p>Haben Sie eine Frage zu diesem Holzfass-Wasserspiel von Ubbink? Sie k\u00f6nnen uns gerne kontaktieren.<\/p>\n<ul>\n<li>Material: Holz<\/li>\n<li>Ornamentgr\u00f6\u00dfe: Durchmesser 60 cm x 75 cm hoch<\/li>\n<li>Kann ohne Aushub installiert werden<\/li>\n<li>Mit Licht: nein<\/li>\n<li>1 Jahr Garantie<\/li>\n<li>Schnell geliefert<\/li>\n<li>Kommen Sie gerne vorbei und schauen Sie sich unser Show-Setup mit mindestens 300 Arbeitsmodellen und guter Beratung an.<\/li>\n<\/ul>\n","protected":false},"excerpt":{"rendered":"<p>M\u00f6chten Sie hierf\u00fcr den Showroom besuchen? Bitte kontaktieren Sie uns vorab!<\/p>\n","protected":false},"featured_media":9997,"template":"","meta":{"_acf_changed":false},"product_brand":[6918],"product_cat":[548,575,536],"product_tag":[],"class_list":{"0":"post-10009","1":"product","2":"type-product","3":"status-publish","4":"has-post-thumbnail","6":"product_brand-ubbink-de","7":"product_cat-terrassenbrunnen","8":"product_cat-ubbink-wasserspiele","9":"product_cat-wassereigenschaften","11":"first","12":"instock","13":"taxable","14":"shipping-taxable","15":"purchasable","16":"product-type-simple"},"acf":[],"yoast_head":"<!-- This site is optimized with the Yoast SEO plugin v23.8 - https:\/\/yoast.com\/wordpress\/plugins\/seo\/ -->\n<title>Ubbink Waterornament houten ton Newcastle | Eliassen.nl<\/title>\n<meta name=\"description\" content=\"Ubbink Waterornament houten ton met een landelijke uitstraling. Complete set! Bekijk meer Ubbink waterornamenten LIVE in onze winkel! \u221a +300 WATERORNAMENTEN!\" \/>\n<meta name=\"robots\" content=\"noindex, follow, max-snippet:-1, max-image-preview:large, max-video-preview:-1\" \/>\n<meta property=\"og:locale\" content=\"de_DE\" \/>\n<meta property=\"og:type\" content=\"article\" \/>\n<meta property=\"og:title\" content=\"Ubbink Waterornament houten ton Newcastle | Eliassen.nl\" \/>\n<meta property=\"og:description\" content=\"Ubbink Waterornament houten ton met een landelijke uitstraling. Complete set! Bekijk meer Ubbink waterornamenten LIVE in onze winkel! \u221a +300 WATERORNAMENTEN!\" \/>\n<meta property=\"og:url\" content=\"https:\/\/dev.eliassen.nl\/de\/ubbink-wasserspiel-holzfass-newcastle\/\" \/>\n<meta property=\"og:site_name\" content=\"Eliassen.nl\" \/>\n<meta property=\"article:publisher\" content=\"https:\/\/www.facebook.com\/TuincentrumEliassenAmmerzoden\" \/>\n<meta property=\"article:modified_time\" content=\"2024-12-05T14:13:25+00:00\" \/>\n<meta property=\"og:image\" content=\"https:\/\/dev.eliassen.nl\/wp-content\/uploads\/2024\/01\/ubbinkwaterornamenthoutentonnewcastleeliassen.jpg\" \/>\n\t<meta property=\"og:image:width\" content=\"800\" \/>\n\t<meta property=\"og:image:height\" content=\"531\" \/>\n\t<meta property=\"og:image:type\" content=\"image\/jpeg\" \/>\n<meta name=\"twitter:card\" content=\"summary_large_image\" \/>\n<script type=\"application\/ld+json\" class=\"yoast-schema-graph\">{\"@context\":\"https:\/\/schema.org\",\"@graph\":[{\"@type\":\"WebPage\",\"@id\":\"https:\/\/dev.eliassen.nl\/de\/ubbink-wasserspiel-holzfass-newcastle\/\",\"url\":\"https:\/\/dev.eliassen.nl\/de\/ubbink-wasserspiel-holzfass-newcastle\/\",\"name\":\"Ubbink Waterornament houten ton Newcastle | Eliassen.nl\",\"isPartOf\":{\"@id\":\"https:\/\/dev.eliassen.nl\/de\/#website\"},\"primaryImageOfPage\":{\"@id\":\"https:\/\/dev.eliassen.nl\/de\/ubbink-wasserspiel-holzfass-newcastle\/#primaryimage\"},\"image\":{\"@id\":\"https:\/\/dev.eliassen.nl\/de\/ubbink-wasserspiel-holzfass-newcastle\/#primaryimage\"},\"thumbnailUrl\":\"https:\/\/dev.eliassen.nl\/wp-content\/uploads\/2024\/01\/ubbinkwaterornamenthoutentonnewcastleeliassen.jpg\",\"datePublished\":\"2019-10-28T16:02:57+00:00\",\"dateModified\":\"2024-12-05T14:13:25+00:00\",\"description\":\"Ubbink Waterornament houten ton met een landelijke uitstraling. Complete set! Bekijk meer Ubbink waterornamenten LIVE in onze winkel! \u221a +300 WATERORNAMENTEN!\",\"breadcrumb\":{\"@id\":\"https:\/\/dev.eliassen.nl\/de\/ubbink-wasserspiel-holzfass-newcastle\/#breadcrumb\"},\"inLanguage\":\"de\",\"potentialAction\":[{\"@type\":\"ReadAction\",\"target\":[\"https:\/\/dev.eliassen.nl\/de\/ubbink-wasserspiel-holzfass-newcastle\/\"]}]},{\"@type\":\"ImageObject\",\"inLanguage\":\"de\",\"@id\":\"https:\/\/dev.eliassen.nl\/de\/ubbink-wasserspiel-holzfass-newcastle\/#primaryimage\",\"url\":\"https:\/\/dev.eliassen.nl\/wp-content\/uploads\/2024\/01\/ubbinkwaterornamenthoutentonnewcastleeliassen.jpg\",\"contentUrl\":\"https:\/\/dev.eliassen.nl\/wp-content\/uploads\/2024\/01\/ubbinkwaterornamenthoutentonnewcastleeliassen.jpg\",\"width\":800,\"height\":531,\"caption\":\"Ubbink Waterornament houten ton Newcastle | Eliassen.nl\"},{\"@type\":\"BreadcrumbList\",\"@id\":\"https:\/\/dev.eliassen.nl\/de\/ubbink-wasserspiel-holzfass-newcastle\/#breadcrumb\",\"itemListElement\":[{\"@type\":\"ListItem\",\"position\":1,\"name\":\"Home\",\"item\":\"https:\/\/dev.eliassen.nl\/de\/\"},{\"@type\":\"ListItem\",\"position\":2,\"name\":\"Shop\",\"item\":\"https:\/\/dev.eliassen.nl\/nl\/winkel\/\"},{\"@type\":\"ListItem\",\"position\":3,\"name\":\"Wasserspiele\",\"item\":\"https:\/\/dev.eliassen.nl\/de\/wassereigenschaften\/\"},{\"@type\":\"ListItem\",\"position\":4,\"name\":\"Terrassenbrunnen\",\"item\":\"https:\/\/dev.eliassen.nl\/de\/wassereigenschaften\/terrassenbrunnen\/\"},{\"@type\":\"ListItem\",\"position\":5,\"name\":\"Wasserspiel Holzfass Newcastle 75cm\"}]},{\"@type\":\"WebSite\",\"@id\":\"https:\/\/dev.eliassen.nl\/de\/#website\",\"url\":\"https:\/\/dev.eliassen.nl\/de\/\",\"name\":\"Eliassen Home & Garden Pleasure\",\"description\":\"\",\"publisher\":{\"@id\":\"https:\/\/dev.eliassen.nl\/de\/#organization\"},\"alternateName\":\"Eliassen.nl\",\"potentialAction\":[{\"@type\":\"SearchAction\",\"target\":{\"@type\":\"EntryPoint\",\"urlTemplate\":\"https:\/\/dev.eliassen.nl\/de\/?s={search_term_string}\"},\"query-input\":{\"@type\":\"PropertyValueSpecification\",\"valueRequired\":true,\"valueName\":\"search_term_string\"}}],\"inLanguage\":\"de\"},{\"@type\":\"Organization\",\"@id\":\"https:\/\/dev.eliassen.nl\/de\/#organization\",\"name\":\"Eliassen Home & Garden Pleasure\",\"url\":\"https:\/\/dev.eliassen.nl\/de\/\",\"logo\":{\"@type\":\"ImageObject\",\"inLanguage\":\"de\",\"@id\":\"https:\/\/dev.eliassen.nl\/de\/#\/schema\/logo\/image\/\",\"url\":\"https:\/\/www.eliassen.nl\/wp-content\/uploads\/2024\/01\/logo_4nd.jpg\",\"contentUrl\":\"https:\/\/www.eliassen.nl\/wp-content\/uploads\/2024\/01\/logo_4nd.jpg\",\"width\":500,\"height\":500,\"caption\":\"Eliassen Home & Garden Pleasure\"},\"image\":{\"@id\":\"https:\/\/dev.eliassen.nl\/de\/#\/schema\/logo\/image\/\"},\"sameAs\":[\"https:\/\/www.facebook.com\/TuincentrumEliassenAmmerzoden\",\"https:\/\/www.instagram.com\/eliassenhomeandgarden\/\",\"https:\/\/nl.pinterest.com\/eliassenhomeandgarden\/\",\"https:\/\/www.youtube.com\/@eliassenhomegardenpleasure4558\"]}]}<\/script>\n<!-- \/ Yoast SEO plugin. -->","yoast_head_json":{"title":"Ubbink Waterornament houten ton Newcastle | Eliassen.nl","description":"Ubbink Waterornament houten ton met een landelijke uitstraling. Complete set! Bekijk meer Ubbink waterornamenten LIVE in onze winkel! \u221a +300 WATERORNAMENTEN!","robots":{"index":"noindex","follow":"follow","max-snippet":"max-snippet:-1","max-image-preview":"max-image-preview:large","max-video-preview":"max-video-preview:-1"},"og_locale":"de_DE","og_type":"article","og_title":"Ubbink Waterornament houten ton Newcastle | Eliassen.nl","og_description":"Ubbink Waterornament houten ton met een landelijke uitstraling. Complete set! Bekijk meer Ubbink waterornamenten LIVE in onze winkel! \u221a +300 WATERORNAMENTEN!","og_url":"https:\/\/dev.eliassen.nl\/de\/ubbink-wasserspiel-holzfass-newcastle\/","og_site_name":"Eliassen.nl","article_publisher":"https:\/\/www.facebook.com\/TuincentrumEliassenAmmerzoden","article_modified_time":"2024-12-05T14:13:25+00:00","og_image":[{"width":800,"height":531,"url":"https:\/\/dev.eliassen.nl\/wp-content\/uploads\/2024\/01\/ubbinkwaterornamenthoutentonnewcastleeliassen.jpg","type":"image\/jpeg"}],"twitter_card":"summary_large_image","schema":{"@context":"https:\/\/schema.org","@graph":[{"@type":"WebPage","@id":"https:\/\/dev.eliassen.nl\/de\/ubbink-wasserspiel-holzfass-newcastle\/","url":"https:\/\/dev.eliassen.nl\/de\/ubbink-wasserspiel-holzfass-newcastle\/","name":"Ubbink Waterornament houten ton Newcastle | Eliassen.nl","isPartOf":{"@id":"https:\/\/dev.eliassen.nl\/de\/#website"},"primaryImageOfPage":{"@id":"https:\/\/dev.eliassen.nl\/de\/ubbink-wasserspiel-holzfass-newcastle\/#primaryimage"},"image":{"@id":"https:\/\/dev.eliassen.nl\/de\/ubbink-wasserspiel-holzfass-newcastle\/#primaryimage"},"thumbnailUrl":"https:\/\/dev.eliassen.nl\/wp-content\/uploads\/2024\/01\/ubbinkwaterornamenthoutentonnewcastleeliassen.jpg","datePublished":"2019-10-28T16:02:57+00:00","dateModified":"2024-12-05T14:13:25+00:00","description":"Ubbink Waterornament houten ton met een landelijke uitstraling. Complete set! Bekijk meer Ubbink waterornamenten LIVE in onze winkel! \u221a +300 WATERORNAMENTEN!","breadcrumb":{"@id":"https:\/\/dev.eliassen.nl\/de\/ubbink-wasserspiel-holzfass-newcastle\/#breadcrumb"},"inLanguage":"de","potentialAction":[{"@type":"ReadAction","target":["https:\/\/dev.eliassen.nl\/de\/ubbink-wasserspiel-holzfass-newcastle\/"]}]},{"@type":"ImageObject","inLanguage":"de","@id":"https:\/\/dev.eliassen.nl\/de\/ubbink-wasserspiel-holzfass-newcastle\/#primaryimage","url":"https:\/\/dev.eliassen.nl\/wp-content\/uploads\/2024\/01\/ubbinkwaterornamenthoutentonnewcastleeliassen.jpg","contentUrl":"https:\/\/dev.eliassen.nl\/wp-content\/uploads\/2024\/01\/ubbinkwaterornamenthoutentonnewcastleeliassen.jpg","width":800,"height":531,"caption":"Ubbink Waterornament houten ton Newcastle | Eliassen.nl"},{"@type":"BreadcrumbList","@id":"https:\/\/dev.eliassen.nl\/de\/ubbink-wasserspiel-holzfass-newcastle\/#breadcrumb","itemListElement":[{"@type":"ListItem","position":1,"name":"Home","item":"https:\/\/dev.eliassen.nl\/de\/"},{"@type":"ListItem","position":2,"name":"Shop","item":"https:\/\/dev.eliassen.nl\/nl\/winkel\/"},{"@type":"ListItem","position":3,"name":"Wasserspiele","item":"https:\/\/dev.eliassen.nl\/de\/wassereigenschaften\/"},{"@type":"ListItem","position":4,"name":"Terrassenbrunnen","item":"https:\/\/dev.eliassen.nl\/de\/wassereigenschaften\/terrassenbrunnen\/"},{"@type":"ListItem","position":5,"name":"Wasserspiel Holzfass Newcastle 75cm"}]},{"@type":"WebSite","@id":"https:\/\/dev.eliassen.nl\/de\/#website","url":"https:\/\/dev.eliassen.nl\/de\/","name":"Eliassen Home & Garden Pleasure","description":"","publisher":{"@id":"https:\/\/dev.eliassen.nl\/de\/#organization"},"alternateName":"Eliassen.nl","potentialAction":[{"@type":"SearchAction","target":{"@type":"EntryPoint","urlTemplate":"https:\/\/dev.eliassen.nl\/de\/?s={search_term_string}"},"query-input":{"@type":"PropertyValueSpecification","valueRequired":true,"valueName":"search_term_string"}}],"inLanguage":"de"},{"@type":"Organization","@id":"https:\/\/dev.eliassen.nl\/de\/#organization","name":"Eliassen Home & Garden Pleasure","url":"https:\/\/dev.eliassen.nl\/de\/","logo":{"@type":"ImageObject","inLanguage":"de","@id":"https:\/\/dev.eliassen.nl\/de\/#\/schema\/logo\/image\/","url":"https:\/\/www.eliassen.nl\/wp-content\/uploads\/2024\/01\/logo_4nd.jpg","contentUrl":"https:\/\/www.eliassen.nl\/wp-content\/uploads\/2024\/01\/logo_4nd.jpg","width":500,"height":500,"caption":"Eliassen Home & Garden Pleasure"},"image":{"@id":"https:\/\/dev.eliassen.nl\/de\/#\/schema\/logo\/image\/"},"sameAs":["https:\/\/www.facebook.com\/TuincentrumEliassenAmmerzoden","https:\/\/www.instagram.com\/eliassenhomeandgarden\/","https:\/\/nl.pinterest.com\/eliassenhomeandgarden\/","https:\/\/www.youtube.com\/@eliassenhomegardenpleasure4558"]}]}},"df_price":189,"df_sale_price":"","df_regular_price":189,"df_image_link":"https:\/\/dev.eliassen.nl\/wp-content\/uploads\/2024\/01\/ubbinkwaterornamenthoutentonnewcastleeliassen.jpg","image":"https:\/\/dev.eliassen.nl\/wp-content\/uploads\/2024\/01\/ubbinkwaterornamenthoutentonnewcastleeliassen.jpg","price_search":"<span class=\"woocommerce-Price-amount amount\"><bdi><span class=\"woocommerce-Price-currencySymbol\">&euro;<\/span>&nbsp;189,00<\/bdi><\/span>","category":"Terrassenbrunnen","_links":{"self":[{"href":"https:\/\/dev.eliassen.nl\/de\/wp-json\/wp\/v2\/product\/10009","targetHints":{"allow":["GET"]}}],"collection":[{"href":"https:\/\/dev.eliassen.nl\/de\/wp-json\/wp\/v2\/product"}],"about":[{"href":"https:\/\/dev.eliassen.nl\/de\/wp-json\/wp\/v2\/types\/product"}],"wp:featuredmedia":[{"embeddable":true,"href":"https:\/\/dev.eliassen.nl\/de\/wp-json\/wp\/v2\/media\/9997"}],"wp:attachment":[{"href":"https:\/\/dev.eliassen.nl\/de\/wp-json\/wp\/v2\/media?parent=10009"}],"wp:term":[{"taxonomy":"product_brand","embeddable":true,"href":"https:\/\/dev.eliassen.nl\/de\/wp-json\/wp\/v2\/product_brand?post=10009"},{"taxonomy":"product_cat","embeddable":true,"href":"https:\/\/dev.eliassen.nl\/de\/wp-json\/wp\/v2\/product_cat?post=10009"},{"taxonomy":"product_tag","embeddable":true,"href":"https:\/\/dev.eliassen.nl\/de\/wp-json\/wp\/v2\/product_tag?post=10009"}],"curies":[{"name":"wp","href":"https:\/\/api.w.org\/{rel}","templated":true}]}}