{"id":10117,"date":"2019-10-28T17:03:47","date_gmt":"2019-10-28T16:03:47","guid":{"rendered":"https:\/\/www.eliassen.nl\/?product=omabank"},"modified":"2024-12-05T15:13:35","modified_gmt":"2024-12-05T14:13:35","slug":"oma-sofa-180cm-breit","status":"publish","type":"product","link":"https:\/\/dev.eliassen.nl\/de\/oma-sofa-180cm-breit\/","title":{"rendered":"Oma-Sofa 180 cm breit"},"content":{"rendered":"<p><strong>W\u00e4hlen Sie oben die Version<\/strong><\/p>\n<p>Ein Klassiker, diese Gartenbank, die perfekt passt. Verzinkter, schwerer, eleganter Sockel mit vorgebohrten Hartholzlatten. Bausatzsockel und zus\u00e4tzlicher Streifen in der Mitte, mit Edelstahlmuttern und -schrauben und Baubeschreibung. 180cm breit<\/p>\n<p>Das Holz, das dieses niederl\u00e4ndische Unternehmen f\u00fcr diese Lattenbank verwendet, ist garantiert FSC-Holz, das unter der Lizenznummer C016391 registriert ist<\/p>\n<ul>\n<li>Niederl\u00e4ndische Marke<\/li>\n<li>Baukasten<\/li>\n<li>180 breit, H\u00f6he 81 cm, Sitzh\u00f6he 43 cm<\/li>\n<li>FSC-Holz, Lizenz C016391<\/li>\n<li>10 Jahre Garantie<\/li>\n<li>Wir haben diesen Artikel in unserem Ausstellungsraum.<\/li>\n<li>Eventuell montiert geliefert gegen Aufpreis von 70,00<\/li>\n<\/ul>\n","protected":false},"excerpt":{"rendered":"<p>Altmodische, sehr solide Lattenrost-Gartenbank, Parkbank, Oma-Bank. Bei Bedarf montiert geliefert.<\/p>\n","protected":false},"featured_media":10102,"template":"","meta":{"_acf_changed":false},"product_brand":[6938],"product_cat":[761,752],"product_tag":[],"class_list":{"0":"post-10117","1":"product","2":"type-product","3":"status-publish","4":"has-post-thumbnail","6":"product_brand-talen-staphorst-de","7":"product_cat-gartenmoebel","8":"product_cat-weitere-artikel","10":"first","11":"onbackorder","12":"taxable","13":"shipping-taxable","14":"purchasable","15":"product-type-variable"},"acf":[],"yoast_head":"<!-- This site is optimized with the Yoast SEO plugin v23.8 - https:\/\/yoast.com\/wordpress\/plugins\/seo\/ -->\n<title>Omasofa 180cm | Eliassen<\/title>\n<meta name=\"description\" content=\"Bei Eliassen k\u00f6nnen Sie Omabank 180cm online kaufen oder live im Showroom ansehen. Altmodische Qualit\u00e4t zu einem wettbewerbsf\u00e4higen Preis.\" \/>\n<meta name=\"robots\" content=\"noindex, follow, max-snippet:-1, max-image-preview:large, max-video-preview:-1\" \/>\n<meta property=\"og:locale\" content=\"de_DE\" \/>\n<meta property=\"og:type\" content=\"article\" \/>\n<meta property=\"og:title\" content=\"Omasofa 180cm | Eliassen\" \/>\n<meta property=\"og:description\" content=\"Bei Eliassen k\u00f6nnen Sie Omabank 180cm online kaufen oder live im Showroom ansehen. Altmodische Qualit\u00e4t zu einem wettbewerbsf\u00e4higen Preis.\" \/>\n<meta property=\"og:url\" content=\"https:\/\/dev.eliassen.nl\/de\/oma-sofa-180cm-breit\/\" \/>\n<meta property=\"og:site_name\" content=\"Eliassen.nl\" \/>\n<meta property=\"article:publisher\" content=\"https:\/\/www.facebook.com\/TuincentrumEliassenAmmerzoden\" \/>\n<meta property=\"article:modified_time\" content=\"2024-12-05T14:13:35+00:00\" \/>\n<meta property=\"og:image\" content=\"https:\/\/dev.eliassen.nl\/wp-content\/uploads\/2024\/01\/0417tekstfileminimizer.jpg\" \/>\n\t<meta property=\"og:image:width\" content=\"1024\" \/>\n\t<meta property=\"og:image:height\" content=\"636\" \/>\n\t<meta property=\"og:image:type\" content=\"image\/jpeg\" \/>\n<meta name=\"twitter:card\" content=\"summary_large_image\" \/>\n<script type=\"application\/ld+json\" class=\"yoast-schema-graph\">{\"@context\":\"https:\/\/schema.org\",\"@graph\":[{\"@type\":\"WebPage\",\"@id\":\"https:\/\/dev.eliassen.nl\/de\/oma-sofa-180cm-breit\/\",\"url\":\"https:\/\/dev.eliassen.nl\/de\/oma-sofa-180cm-breit\/\",\"name\":\"Omasofa 180cm | Eliassen\",\"isPartOf\":{\"@id\":\"https:\/\/dev.eliassen.nl\/de\/#website\"},\"primaryImageOfPage\":{\"@id\":\"https:\/\/dev.eliassen.nl\/de\/oma-sofa-180cm-breit\/#primaryimage\"},\"image\":{\"@id\":\"https:\/\/dev.eliassen.nl\/de\/oma-sofa-180cm-breit\/#primaryimage\"},\"thumbnailUrl\":\"https:\/\/dev.eliassen.nl\/wp-content\/uploads\/2024\/01\/0417tekstfileminimizer.jpg\",\"datePublished\":\"2019-10-28T16:03:47+00:00\",\"dateModified\":\"2024-12-05T14:13:35+00:00\",\"description\":\"Bei Eliassen k\u00f6nnen Sie Omabank 180cm online kaufen oder live im Showroom ansehen. Altmodische Qualit\u00e4t zu einem wettbewerbsf\u00e4higen Preis.\",\"breadcrumb\":{\"@id\":\"https:\/\/dev.eliassen.nl\/de\/oma-sofa-180cm-breit\/#breadcrumb\"},\"inLanguage\":\"de\",\"potentialAction\":[{\"@type\":\"ReadAction\",\"target\":[\"https:\/\/dev.eliassen.nl\/de\/oma-sofa-180cm-breit\/\"]}]},{\"@type\":\"ImageObject\",\"inLanguage\":\"de\",\"@id\":\"https:\/\/dev.eliassen.nl\/de\/oma-sofa-180cm-breit\/#primaryimage\",\"url\":\"https:\/\/dev.eliassen.nl\/wp-content\/uploads\/2024\/01\/0417tekstfileminimizer.jpg\",\"contentUrl\":\"https:\/\/dev.eliassen.nl\/wp-content\/uploads\/2024\/01\/0417tekstfileminimizer.jpg\",\"width\":1024,\"height\":636,\"caption\":\"0417-tekst-fileminimizer\"},{\"@type\":\"BreadcrumbList\",\"@id\":\"https:\/\/dev.eliassen.nl\/de\/oma-sofa-180cm-breit\/#breadcrumb\",\"itemListElement\":[{\"@type\":\"ListItem\",\"position\":1,\"name\":\"Home\",\"item\":\"https:\/\/dev.eliassen.nl\/de\/\"},{\"@type\":\"ListItem\",\"position\":2,\"name\":\"Shop\",\"item\":\"https:\/\/dev.eliassen.nl\/nl\/winkel\/\"},{\"@type\":\"ListItem\",\"position\":3,\"name\":\"Weitere Artikel\",\"item\":\"https:\/\/dev.eliassen.nl\/de\/weitere-artikel\/\"},{\"@type\":\"ListItem\",\"position\":4,\"name\":\"Gartenm\u00f6bel\",\"item\":\"https:\/\/dev.eliassen.nl\/de\/garten-andere\/gartenmoebel\/\"},{\"@type\":\"ListItem\",\"position\":5,\"name\":\"Oma-Sofa 180 cm breit\"}]},{\"@type\":\"WebSite\",\"@id\":\"https:\/\/dev.eliassen.nl\/de\/#website\",\"url\":\"https:\/\/dev.eliassen.nl\/de\/\",\"name\":\"Eliassen Home & Garden Pleasure\",\"description\":\"\",\"publisher\":{\"@id\":\"https:\/\/dev.eliassen.nl\/de\/#organization\"},\"alternateName\":\"Eliassen.nl\",\"potentialAction\":[{\"@type\":\"SearchAction\",\"target\":{\"@type\":\"EntryPoint\",\"urlTemplate\":\"https:\/\/dev.eliassen.nl\/de\/?s={search_term_string}\"},\"query-input\":{\"@type\":\"PropertyValueSpecification\",\"valueRequired\":true,\"valueName\":\"search_term_string\"}}],\"inLanguage\":\"de\"},{\"@type\":\"Organization\",\"@id\":\"https:\/\/dev.eliassen.nl\/de\/#organization\",\"name\":\"Eliassen Home & Garden Pleasure\",\"url\":\"https:\/\/dev.eliassen.nl\/de\/\",\"logo\":{\"@type\":\"ImageObject\",\"inLanguage\":\"de\",\"@id\":\"https:\/\/dev.eliassen.nl\/de\/#\/schema\/logo\/image\/\",\"url\":\"https:\/\/www.eliassen.nl\/wp-content\/uploads\/2024\/01\/logo_4nd.jpg\",\"contentUrl\":\"https:\/\/www.eliassen.nl\/wp-content\/uploads\/2024\/01\/logo_4nd.jpg\",\"width\":500,\"height\":500,\"caption\":\"Eliassen Home & Garden Pleasure\"},\"image\":{\"@id\":\"https:\/\/dev.eliassen.nl\/de\/#\/schema\/logo\/image\/\"},\"sameAs\":[\"https:\/\/www.facebook.com\/TuincentrumEliassenAmmerzoden\",\"https:\/\/www.instagram.com\/eliassenhomeandgarden\/\",\"https:\/\/nl.pinterest.com\/eliassenhomeandgarden\/\",\"https:\/\/www.youtube.com\/@eliassenhomegardenpleasure4558\"]}]}<\/script>\n<!-- \/ Yoast SEO plugin. -->","yoast_head_json":{"title":"Omasofa 180cm | Eliassen","description":"Bei Eliassen k\u00f6nnen Sie Omabank 180cm online kaufen oder live im Showroom ansehen. Altmodische Qualit\u00e4t zu einem wettbewerbsf\u00e4higen Preis.","robots":{"index":"noindex","follow":"follow","max-snippet":"max-snippet:-1","max-image-preview":"max-image-preview:large","max-video-preview":"max-video-preview:-1"},"og_locale":"de_DE","og_type":"article","og_title":"Omasofa 180cm | Eliassen","og_description":"Bei Eliassen k\u00f6nnen Sie Omabank 180cm online kaufen oder live im Showroom ansehen. Altmodische Qualit\u00e4t zu einem wettbewerbsf\u00e4higen Preis.","og_url":"https:\/\/dev.eliassen.nl\/de\/oma-sofa-180cm-breit\/","og_site_name":"Eliassen.nl","article_publisher":"https:\/\/www.facebook.com\/TuincentrumEliassenAmmerzoden","article_modified_time":"2024-12-05T14:13:35+00:00","og_image":[{"width":1024,"height":636,"url":"https:\/\/dev.eliassen.nl\/wp-content\/uploads\/2024\/01\/0417tekstfileminimizer.jpg","type":"image\/jpeg"}],"twitter_card":"summary_large_image","schema":{"@context":"https:\/\/schema.org","@graph":[{"@type":"WebPage","@id":"https:\/\/dev.eliassen.nl\/de\/oma-sofa-180cm-breit\/","url":"https:\/\/dev.eliassen.nl\/de\/oma-sofa-180cm-breit\/","name":"Omasofa 180cm | Eliassen","isPartOf":{"@id":"https:\/\/dev.eliassen.nl\/de\/#website"},"primaryImageOfPage":{"@id":"https:\/\/dev.eliassen.nl\/de\/oma-sofa-180cm-breit\/#primaryimage"},"image":{"@id":"https:\/\/dev.eliassen.nl\/de\/oma-sofa-180cm-breit\/#primaryimage"},"thumbnailUrl":"https:\/\/dev.eliassen.nl\/wp-content\/uploads\/2024\/01\/0417tekstfileminimizer.jpg","datePublished":"2019-10-28T16:03:47+00:00","dateModified":"2024-12-05T14:13:35+00:00","description":"Bei Eliassen k\u00f6nnen Sie Omabank 180cm online kaufen oder live im Showroom ansehen. Altmodische Qualit\u00e4t zu einem wettbewerbsf\u00e4higen Preis.","breadcrumb":{"@id":"https:\/\/dev.eliassen.nl\/de\/oma-sofa-180cm-breit\/#breadcrumb"},"inLanguage":"de","potentialAction":[{"@type":"ReadAction","target":["https:\/\/dev.eliassen.nl\/de\/oma-sofa-180cm-breit\/"]}]},{"@type":"ImageObject","inLanguage":"de","@id":"https:\/\/dev.eliassen.nl\/de\/oma-sofa-180cm-breit\/#primaryimage","url":"https:\/\/dev.eliassen.nl\/wp-content\/uploads\/2024\/01\/0417tekstfileminimizer.jpg","contentUrl":"https:\/\/dev.eliassen.nl\/wp-content\/uploads\/2024\/01\/0417tekstfileminimizer.jpg","width":1024,"height":636,"caption":"0417-tekst-fileminimizer"},{"@type":"BreadcrumbList","@id":"https:\/\/dev.eliassen.nl\/de\/oma-sofa-180cm-breit\/#breadcrumb","itemListElement":[{"@type":"ListItem","position":1,"name":"Home","item":"https:\/\/dev.eliassen.nl\/de\/"},{"@type":"ListItem","position":2,"name":"Shop","item":"https:\/\/dev.eliassen.nl\/nl\/winkel\/"},{"@type":"ListItem","position":3,"name":"Weitere Artikel","item":"https:\/\/dev.eliassen.nl\/de\/weitere-artikel\/"},{"@type":"ListItem","position":4,"name":"Gartenm\u00f6bel","item":"https:\/\/dev.eliassen.nl\/de\/garten-andere\/gartenmoebel\/"},{"@type":"ListItem","position":5,"name":"Oma-Sofa 180 cm breit"}]},{"@type":"WebSite","@id":"https:\/\/dev.eliassen.nl\/de\/#website","url":"https:\/\/dev.eliassen.nl\/de\/","name":"Eliassen Home & Garden Pleasure","description":"","publisher":{"@id":"https:\/\/dev.eliassen.nl\/de\/#organization"},"alternateName":"Eliassen.nl","potentialAction":[{"@type":"SearchAction","target":{"@type":"EntryPoint","urlTemplate":"https:\/\/dev.eliassen.nl\/de\/?s={search_term_string}"},"query-input":{"@type":"PropertyValueSpecification","valueRequired":true,"valueName":"search_term_string"}}],"inLanguage":"de"},{"@type":"Organization","@id":"https:\/\/dev.eliassen.nl\/de\/#organization","name":"Eliassen Home & Garden Pleasure","url":"https:\/\/dev.eliassen.nl\/de\/","logo":{"@type":"ImageObject","inLanguage":"de","@id":"https:\/\/dev.eliassen.nl\/de\/#\/schema\/logo\/image\/","url":"https:\/\/www.eliassen.nl\/wp-content\/uploads\/2024\/01\/logo_4nd.jpg","contentUrl":"https:\/\/www.eliassen.nl\/wp-content\/uploads\/2024\/01\/logo_4nd.jpg","width":500,"height":500,"caption":"Eliassen Home & Garden Pleasure"},"image":{"@id":"https:\/\/dev.eliassen.nl\/de\/#\/schema\/logo\/image\/"},"sameAs":["https:\/\/www.facebook.com\/TuincentrumEliassenAmmerzoden","https:\/\/www.instagram.com\/eliassenhomeandgarden\/","https:\/\/nl.pinterest.com\/eliassenhomeandgarden\/","https:\/\/www.youtube.com\/@eliassenhomegardenpleasure4558"]}]}},"df_price":279,"df_sale_price":"","df_regular_price":279,"df_image_link":"https:\/\/dev.eliassen.nl\/wp-content\/uploads\/2024\/01\/0417tekstfileminimizer.jpg","image":"https:\/\/dev.eliassen.nl\/wp-content\/uploads\/2024\/01\/0417tekstfileminimizer.jpg","price_search":"<span class=\"woocommerce-Price-amount amount\"><bdi><span class=\"woocommerce-Price-currencySymbol\">&euro;<\/span>&nbsp;279,00<\/bdi><\/span>","category":"Gartenm\u00f6bel","_links":{"self":[{"href":"https:\/\/dev.eliassen.nl\/de\/wp-json\/wp\/v2\/product\/10117","targetHints":{"allow":["GET"]}}],"collection":[{"href":"https:\/\/dev.eliassen.nl\/de\/wp-json\/wp\/v2\/product"}],"about":[{"href":"https:\/\/dev.eliassen.nl\/de\/wp-json\/wp\/v2\/types\/product"}],"wp:featuredmedia":[{"embeddable":true,"href":"https:\/\/dev.eliassen.nl\/de\/wp-json\/wp\/v2\/media\/10102"}],"wp:attachment":[{"href":"https:\/\/dev.eliassen.nl\/de\/wp-json\/wp\/v2\/media?parent=10117"}],"wp:term":[{"taxonomy":"product_brand","embeddable":true,"href":"https:\/\/dev.eliassen.nl\/de\/wp-json\/wp\/v2\/product_brand?post=10117"},{"taxonomy":"product_cat","embeddable":true,"href":"https:\/\/dev.eliassen.nl\/de\/wp-json\/wp\/v2\/product_cat?post=10117"},{"taxonomy":"product_tag","embeddable":true,"href":"https:\/\/dev.eliassen.nl\/de\/wp-json\/wp\/v2\/product_tag?post=10117"}],"curies":[{"name":"wp","href":"https:\/\/api.w.org\/{rel}","templated":true}]}}