{"id":10465,"date":"2019-10-28T17:06:45","date_gmt":"2019-10-28T16:06:45","guid":{"rendered":"https:\/\/www.eliassen.nl\/?product=sprayfigur-wasserspiel-delfine-copy"},"modified":"2024-12-05T15:13:58","modified_gmt":"2024-12-05T14:13:58","slug":"steinspruhfigur-frosch","status":"publish","type":"product","link":"https:\/\/dev.eliassen.nl\/de\/steinspruhfigur-frosch\/","title":{"rendered":"Steinspr\u00fchfigur Frosch"},"content":{"rendered":"<p><strong>Dies ist eine lose Verzierung. Erkundigen Sie sich nach den anderen erforderlichen Teilen.<\/strong><\/p>\n<p>Eine sch\u00f6ne Spr\u00fchfigur Frosch aus Stein, die am Rand eines Teiches oder auf einer gro\u00dfen Wasserschale platziert werden kann. Aus wei\u00dfem Steinguss, ca. 50cm hoch und 27cm im Durchmesser. Sehr sch\u00f6n verarbeiteter und hochwertiger Gussstein.<\/p>\n<p><strong>Vergessen Sie nicht, unseren Ausstellungsbereich mit 300 Modellen zu besuchen, wo Sie die meisten Arbeiten sehen und eine gute Erkl\u00e4rung erhalten!<\/strong><\/p>\n<ul>\n<li>Material massiver Steinguss<\/li>\n<li>Gr\u00f6\u00dfe: H\u00f6he 50 cm, Breite 27 cm<\/li>\n<li>Frostbest\u00e4ndig<\/li>\n<li>Haben Sie Fragen zu diesem Artikel oder ben\u00f6tigen Sie Beratung, um dieses Modell mit allen anderen Zubeh\u00f6rteilen zu vervollst\u00e4ndigen? Sie k\u00f6nnen uns gerne kontaktieren.<\/li>\n<\/ul>\n<p><strong>Tipp:<\/strong> Mit einem darauf gerichteten LED-Spot schaffen Sie einen sch\u00f6nen Blickfang f\u00fcr Ihren Garten.<\/p>\n","protected":false},"excerpt":{"rendered":"<p>Dies ist eine lose Verzierung. Erkundigen Sie sich nach den anderen erforderlichen Teilen.<\/p>\n","protected":false},"featured_media":10459,"template":"","meta":{"_acf_changed":false},"product_brand":[6916],"product_cat":[584,539,551,536],"product_tag":[],"class_list":{"0":"post-10465","1":"product","2":"type-product","3":"status-publish","4":"has-post-thumbnail","6":"product_brand-eliassen-de","7":"product_cat-brunnen-aus-beton","8":"product_cat-einzigartige-eigene-modelle-von-losen-wasserspiele","9":"product_cat-lose-wasserspiele","10":"product_cat-wassereigenschaften","12":"first","13":"outofstock","14":"taxable","15":"shipping-taxable","16":"purchasable","17":"product-type-simple"},"acf":[],"yoast_head":"<!-- This site is optimized with the Yoast SEO plugin v23.8 - https:\/\/yoast.com\/wordpress\/plugins\/seo\/ -->\n<title>Steinspritzfigur Frosch vor einem Teich - Eliassen.nl<\/title>\n<meta name=\"description\" content=\"M\u00f6chten Sie eine Spr\u00fchfigur aus wei\u00dfem Steinguss mit einem Frosch darauf kaufen? Dieses Exemplar kann gut in der N\u00e4he eines Teiches oder Wassertanks platzier...\" \/>\n<meta name=\"robots\" content=\"noindex, follow, max-snippet:-1, max-image-preview:large, max-video-preview:-1\" \/>\n<meta property=\"og:locale\" content=\"de_DE\" \/>\n<meta property=\"og:type\" content=\"article\" \/>\n<meta property=\"og:title\" content=\"Steinspritzfigur Frosch vor einem Teich - Eliassen.nl\" \/>\n<meta property=\"og:description\" content=\"M\u00f6chten Sie eine Spr\u00fchfigur aus wei\u00dfem Steinguss mit einem Frosch darauf kaufen? Dieses Exemplar kann gut in der N\u00e4he eines Teiches oder Wassertanks platzier...\" \/>\n<meta property=\"og:url\" content=\"https:\/\/dev.eliassen.nl\/de\/steinspruhfigur-frosch\/\" \/>\n<meta property=\"og:site_name\" content=\"Eliassen.nl\" \/>\n<meta property=\"article:publisher\" content=\"https:\/\/www.facebook.com\/TuincentrumEliassenAmmerzoden\" \/>\n<meta property=\"article:modified_time\" content=\"2024-12-05T14:13:58+00:00\" \/>\n<meta property=\"og:image\" content=\"https:\/\/dev.eliassen.nl\/wp-content\/uploads\/2024\/01\/stenenspuitfiguurkikkereliassennl.jpg\" \/>\n\t<meta property=\"og:image:width\" content=\"768\" \/>\n\t<meta property=\"og:image:height\" content=\"1024\" \/>\n\t<meta property=\"og:image:type\" content=\"image\/jpeg\" \/>\n<meta name=\"twitter:card\" content=\"summary_large_image\" \/>\n<script type=\"application\/ld+json\" class=\"yoast-schema-graph\">{\"@context\":\"https:\/\/schema.org\",\"@graph\":[{\"@type\":\"WebPage\",\"@id\":\"https:\/\/dev.eliassen.nl\/de\/steinspruhfigur-frosch\/\",\"url\":\"https:\/\/dev.eliassen.nl\/de\/steinspruhfigur-frosch\/\",\"name\":\"Steinspritzfigur Frosch vor einem Teich - Eliassen.nl\",\"isPartOf\":{\"@id\":\"https:\/\/dev.eliassen.nl\/de\/#website\"},\"primaryImageOfPage\":{\"@id\":\"https:\/\/dev.eliassen.nl\/de\/steinspruhfigur-frosch\/#primaryimage\"},\"image\":{\"@id\":\"https:\/\/dev.eliassen.nl\/de\/steinspruhfigur-frosch\/#primaryimage\"},\"thumbnailUrl\":\"https:\/\/dev.eliassen.nl\/wp-content\/uploads\/2024\/01\/stenenspuitfiguurkikkereliassennl.jpg\",\"datePublished\":\"2019-10-28T16:06:45+00:00\",\"dateModified\":\"2024-12-05T14:13:58+00:00\",\"description\":\"M\u00f6chten Sie eine Spr\u00fchfigur aus wei\u00dfem Steinguss mit einem Frosch darauf kaufen? Dieses Exemplar kann gut in der N\u00e4he eines Teiches oder Wassertanks platzier...\",\"breadcrumb\":{\"@id\":\"https:\/\/dev.eliassen.nl\/de\/steinspruhfigur-frosch\/#breadcrumb\"},\"inLanguage\":\"de\",\"potentialAction\":[{\"@type\":\"ReadAction\",\"target\":[\"https:\/\/dev.eliassen.nl\/de\/steinspruhfigur-frosch\/\"]}]},{\"@type\":\"ImageObject\",\"inLanguage\":\"de\",\"@id\":\"https:\/\/dev.eliassen.nl\/de\/steinspruhfigur-frosch\/#primaryimage\",\"url\":\"https:\/\/dev.eliassen.nl\/wp-content\/uploads\/2024\/01\/stenenspuitfiguurkikkereliassennl.jpg\",\"contentUrl\":\"https:\/\/dev.eliassen.nl\/wp-content\/uploads\/2024\/01\/stenenspuitfiguurkikkereliassennl.jpg\",\"width\":768,\"height\":1024,\"caption\":\"Stenen spuitfiguur Kikker | Eliassen.nl\"},{\"@type\":\"BreadcrumbList\",\"@id\":\"https:\/\/dev.eliassen.nl\/de\/steinspruhfigur-frosch\/#breadcrumb\",\"itemListElement\":[{\"@type\":\"ListItem\",\"position\":1,\"name\":\"Home\",\"item\":\"https:\/\/dev.eliassen.nl\/de\/\"},{\"@type\":\"ListItem\",\"position\":2,\"name\":\"Shop\",\"item\":\"https:\/\/dev.eliassen.nl\/nl\/winkel\/\"},{\"@type\":\"ListItem\",\"position\":3,\"name\":\"Wasserspiele\",\"item\":\"https:\/\/dev.eliassen.nl\/de\/wassereigenschaften\/\"},{\"@type\":\"ListItem\",\"position\":4,\"name\":\"Brunnen aus Beton\",\"item\":\"https:\/\/dev.eliassen.nl\/de\/wassereigenschaften\/brunnen-aus-beton\/\"},{\"@type\":\"ListItem\",\"position\":5,\"name\":\"Steinspr\u00fchfigur Frosch\"}]},{\"@type\":\"WebSite\",\"@id\":\"https:\/\/dev.eliassen.nl\/de\/#website\",\"url\":\"https:\/\/dev.eliassen.nl\/de\/\",\"name\":\"Eliassen Home & Garden Pleasure\",\"description\":\"\",\"publisher\":{\"@id\":\"https:\/\/dev.eliassen.nl\/de\/#organization\"},\"alternateName\":\"Eliassen.nl\",\"potentialAction\":[{\"@type\":\"SearchAction\",\"target\":{\"@type\":\"EntryPoint\",\"urlTemplate\":\"https:\/\/dev.eliassen.nl\/de\/?s={search_term_string}\"},\"query-input\":{\"@type\":\"PropertyValueSpecification\",\"valueRequired\":true,\"valueName\":\"search_term_string\"}}],\"inLanguage\":\"de\"},{\"@type\":\"Organization\",\"@id\":\"https:\/\/dev.eliassen.nl\/de\/#organization\",\"name\":\"Eliassen Home & Garden Pleasure\",\"url\":\"https:\/\/dev.eliassen.nl\/de\/\",\"logo\":{\"@type\":\"ImageObject\",\"inLanguage\":\"de\",\"@id\":\"https:\/\/dev.eliassen.nl\/de\/#\/schema\/logo\/image\/\",\"url\":\"https:\/\/www.eliassen.nl\/wp-content\/uploads\/2024\/01\/logo_4nd.jpg\",\"contentUrl\":\"https:\/\/www.eliassen.nl\/wp-content\/uploads\/2024\/01\/logo_4nd.jpg\",\"width\":500,\"height\":500,\"caption\":\"Eliassen Home & Garden Pleasure\"},\"image\":{\"@id\":\"https:\/\/dev.eliassen.nl\/de\/#\/schema\/logo\/image\/\"},\"sameAs\":[\"https:\/\/www.facebook.com\/TuincentrumEliassenAmmerzoden\",\"https:\/\/www.instagram.com\/eliassenhomeandgarden\/\",\"https:\/\/nl.pinterest.com\/eliassenhomeandgarden\/\",\"https:\/\/www.youtube.com\/@eliassenhomegardenpleasure4558\"]}]}<\/script>\n<!-- \/ Yoast SEO plugin. -->","yoast_head_json":{"title":"Steinspritzfigur Frosch vor einem Teich - Eliassen.nl","description":"M\u00f6chten Sie eine Spr\u00fchfigur aus wei\u00dfem Steinguss mit einem Frosch darauf kaufen? Dieses Exemplar kann gut in der N\u00e4he eines Teiches oder Wassertanks platzier...","robots":{"index":"noindex","follow":"follow","max-snippet":"max-snippet:-1","max-image-preview":"max-image-preview:large","max-video-preview":"max-video-preview:-1"},"og_locale":"de_DE","og_type":"article","og_title":"Steinspritzfigur Frosch vor einem Teich - Eliassen.nl","og_description":"M\u00f6chten Sie eine Spr\u00fchfigur aus wei\u00dfem Steinguss mit einem Frosch darauf kaufen? Dieses Exemplar kann gut in der N\u00e4he eines Teiches oder Wassertanks platzier...","og_url":"https:\/\/dev.eliassen.nl\/de\/steinspruhfigur-frosch\/","og_site_name":"Eliassen.nl","article_publisher":"https:\/\/www.facebook.com\/TuincentrumEliassenAmmerzoden","article_modified_time":"2024-12-05T14:13:58+00:00","og_image":[{"width":768,"height":1024,"url":"https:\/\/dev.eliassen.nl\/wp-content\/uploads\/2024\/01\/stenenspuitfiguurkikkereliassennl.jpg","type":"image\/jpeg"}],"twitter_card":"summary_large_image","schema":{"@context":"https:\/\/schema.org","@graph":[{"@type":"WebPage","@id":"https:\/\/dev.eliassen.nl\/de\/steinspruhfigur-frosch\/","url":"https:\/\/dev.eliassen.nl\/de\/steinspruhfigur-frosch\/","name":"Steinspritzfigur Frosch vor einem Teich - Eliassen.nl","isPartOf":{"@id":"https:\/\/dev.eliassen.nl\/de\/#website"},"primaryImageOfPage":{"@id":"https:\/\/dev.eliassen.nl\/de\/steinspruhfigur-frosch\/#primaryimage"},"image":{"@id":"https:\/\/dev.eliassen.nl\/de\/steinspruhfigur-frosch\/#primaryimage"},"thumbnailUrl":"https:\/\/dev.eliassen.nl\/wp-content\/uploads\/2024\/01\/stenenspuitfiguurkikkereliassennl.jpg","datePublished":"2019-10-28T16:06:45+00:00","dateModified":"2024-12-05T14:13:58+00:00","description":"M\u00f6chten Sie eine Spr\u00fchfigur aus wei\u00dfem Steinguss mit einem Frosch darauf kaufen? Dieses Exemplar kann gut in der N\u00e4he eines Teiches oder Wassertanks platzier...","breadcrumb":{"@id":"https:\/\/dev.eliassen.nl\/de\/steinspruhfigur-frosch\/#breadcrumb"},"inLanguage":"de","potentialAction":[{"@type":"ReadAction","target":["https:\/\/dev.eliassen.nl\/de\/steinspruhfigur-frosch\/"]}]},{"@type":"ImageObject","inLanguage":"de","@id":"https:\/\/dev.eliassen.nl\/de\/steinspruhfigur-frosch\/#primaryimage","url":"https:\/\/dev.eliassen.nl\/wp-content\/uploads\/2024\/01\/stenenspuitfiguurkikkereliassennl.jpg","contentUrl":"https:\/\/dev.eliassen.nl\/wp-content\/uploads\/2024\/01\/stenenspuitfiguurkikkereliassennl.jpg","width":768,"height":1024,"caption":"Stenen spuitfiguur Kikker | Eliassen.nl"},{"@type":"BreadcrumbList","@id":"https:\/\/dev.eliassen.nl\/de\/steinspruhfigur-frosch\/#breadcrumb","itemListElement":[{"@type":"ListItem","position":1,"name":"Home","item":"https:\/\/dev.eliassen.nl\/de\/"},{"@type":"ListItem","position":2,"name":"Shop","item":"https:\/\/dev.eliassen.nl\/nl\/winkel\/"},{"@type":"ListItem","position":3,"name":"Wasserspiele","item":"https:\/\/dev.eliassen.nl\/de\/wassereigenschaften\/"},{"@type":"ListItem","position":4,"name":"Brunnen aus Beton","item":"https:\/\/dev.eliassen.nl\/de\/wassereigenschaften\/brunnen-aus-beton\/"},{"@type":"ListItem","position":5,"name":"Steinspr\u00fchfigur Frosch"}]},{"@type":"WebSite","@id":"https:\/\/dev.eliassen.nl\/de\/#website","url":"https:\/\/dev.eliassen.nl\/de\/","name":"Eliassen Home & Garden Pleasure","description":"","publisher":{"@id":"https:\/\/dev.eliassen.nl\/de\/#organization"},"alternateName":"Eliassen.nl","potentialAction":[{"@type":"SearchAction","target":{"@type":"EntryPoint","urlTemplate":"https:\/\/dev.eliassen.nl\/de\/?s={search_term_string}"},"query-input":{"@type":"PropertyValueSpecification","valueRequired":true,"valueName":"search_term_string"}}],"inLanguage":"de"},{"@type":"Organization","@id":"https:\/\/dev.eliassen.nl\/de\/#organization","name":"Eliassen Home & Garden Pleasure","url":"https:\/\/dev.eliassen.nl\/de\/","logo":{"@type":"ImageObject","inLanguage":"de","@id":"https:\/\/dev.eliassen.nl\/de\/#\/schema\/logo\/image\/","url":"https:\/\/www.eliassen.nl\/wp-content\/uploads\/2024\/01\/logo_4nd.jpg","contentUrl":"https:\/\/www.eliassen.nl\/wp-content\/uploads\/2024\/01\/logo_4nd.jpg","width":500,"height":500,"caption":"Eliassen Home & Garden Pleasure"},"image":{"@id":"https:\/\/dev.eliassen.nl\/de\/#\/schema\/logo\/image\/"},"sameAs":["https:\/\/www.facebook.com\/TuincentrumEliassenAmmerzoden","https:\/\/www.instagram.com\/eliassenhomeandgarden\/","https:\/\/nl.pinterest.com\/eliassenhomeandgarden\/","https:\/\/www.youtube.com\/@eliassenhomegardenpleasure4558"]}]}},"df_price":175,"df_sale_price":"","df_regular_price":175,"df_image_link":"https:\/\/dev.eliassen.nl\/wp-content\/uploads\/2024\/01\/stenenspuitfiguurkikkereliassennl.jpg","image":"https:\/\/dev.eliassen.nl\/wp-content\/uploads\/2024\/01\/stenenspuitfiguurkikkereliassennl.jpg","price_search":"<span class=\"woocommerce-Price-amount amount\"><bdi><span class=\"woocommerce-Price-currencySymbol\">&euro;<\/span>&nbsp;175,00<\/bdi><\/span>","category":"Brunnen aus Beton","_links":{"self":[{"href":"https:\/\/dev.eliassen.nl\/de\/wp-json\/wp\/v2\/product\/10465","targetHints":{"allow":["GET"]}}],"collection":[{"href":"https:\/\/dev.eliassen.nl\/de\/wp-json\/wp\/v2\/product"}],"about":[{"href":"https:\/\/dev.eliassen.nl\/de\/wp-json\/wp\/v2\/types\/product"}],"wp:featuredmedia":[{"embeddable":true,"href":"https:\/\/dev.eliassen.nl\/de\/wp-json\/wp\/v2\/media\/10459"}],"wp:attachment":[{"href":"https:\/\/dev.eliassen.nl\/de\/wp-json\/wp\/v2\/media?parent=10465"}],"wp:term":[{"taxonomy":"product_brand","embeddable":true,"href":"https:\/\/dev.eliassen.nl\/de\/wp-json\/wp\/v2\/product_brand?post=10465"},{"taxonomy":"product_cat","embeddable":true,"href":"https:\/\/dev.eliassen.nl\/de\/wp-json\/wp\/v2\/product_cat?post=10465"},{"taxonomy":"product_tag","embeddable":true,"href":"https:\/\/dev.eliassen.nl\/de\/wp-json\/wp\/v2\/product_tag?post=10465"}],"curies":[{"name":"wp","href":"https:\/\/api.w.org\/{rel}","templated":true}]}}