{"id":10504,"date":"2019-10-28T17:06:56","date_gmt":"2019-10-28T16:06:56","guid":{"rendered":"https:\/\/www.eliassen.nl\/?product=lackierung-aluminium-flair-rot-copy"},"modified":"2024-12-05T15:14:00","modified_gmt":"2024-12-05T14:14:00","slug":"xxl-malerei-aluminium-schwarz-weiss-100x240cm","status":"publish","type":"product","link":"https:\/\/dev.eliassen.nl\/de\/xxl-malerei-aluminium-schwarz-weiss-100x240cm\/","title":{"rendered":"XXL-Malerei Aluminium schwarz-wei\u00df 100x240cm"},"content":{"rendered":"<p>M\u00f6chten Sie ein besonderes XXL-Gem\u00e4lde in den Farben Schwarz und Grau mit einem v\u00f6llig einzigartigen Look an die Wand h\u00e4ngen? Dann sollten Sie sich dieses sehr moderne, abstrakte, gro\u00dfformatige Aluminiumgem\u00e4lde der exklusiven Marke ArtEl nicht entgehen lassen. Komplett von Hand gefertigt. Durch die aufw\u00e4ndigen manuellen Schleif- und Polierarbeiten an einer Aluminiumplatte entsteht in Kombination mit den gew\u00e4hlten leuchtenden Farben eine hochmoderne und zeitgem\u00e4\u00dfe Wanddekoration f\u00fcr Ihr Arbeits- und Wohnambiente. Dieses Gem\u00e4lde ist fast 3 cm dick, die R\u00fcckseite ist wundersch\u00f6n mit schwarzem Samt versehen und hat Haken.<\/p>\n<p>Unser handgefertigtes Aluminiumgem\u00e4lde Schwarz verleiht einem Raum ein ruhiges und gelassenes Aussehen. Die abstrakten Figuren erinnern an einen keltischen oder gotischen Stil. Sie k\u00f6nnten sogar Teil eines Buntglasfensters in einer katholischen Kirche sein. Das ist das Tolle an abstrakten Gem\u00e4lden, jeder sieht darin etwas anderes. Dieses Gem\u00e4lde entstand durch manuelles Schleifen und Polieren auf einer Aluminiumplatte.<\/p>\n<p>\u00a0<\/p>\n<ul>\n<li>Gr\u00f6\u00dfe 100 x 240 cm<\/li>\n<li>Dicke 2,7 cm<\/li>\n<li>Zeitgem\u00e4\u00dfes und exklusives Erscheinungsbild<\/li>\n<li>Inklusive H\u00e4ngematerial und H\u00e4ngebeschreibung<\/li>\n<li>Nicht f\u00fcr den Au\u00dfenbereich geeignet<\/li>\n<li>Schneller Versand in stabiler Box<\/li>\n<\/ul>\n","protected":false},"excerpt":{"rendered":"<p>M\u00f6chten Sie ein besonderes XXL-Gem\u00e4lde in den Farben Schwarz und Grau mit einem v\u00f6llig einzigartigen Look an die Wand h\u00e4ngen? Dann sollten Sie sich dieses sehr moderne, abstrakte, gro\u00dfformatige Aluminiumgem\u00e4lde der exklusiven Marke ArtEl nicht entgehen lassen. Komplett von Hand gefertigt. Durch die aufw\u00e4ndigen manuellen Schleif- und Polierarbeiten an einer Aluminiumplatte entsteht in Kombination mit &hellip;<\/p>\n","protected":false},"featured_media":10498,"template":"","meta":{"_acf_changed":false},"product_brand":[],"product_cat":[416,410,413],"product_tag":[],"class_list":{"0":"post-10504","1":"product","2":"type-product","3":"status-publish","4":"has-post-thumbnail","6":"product_cat-aluminium-gemaelde","7":"product_cat-gemaelde","8":"product_cat-gemaelde-outlet","10":"first","11":"instock","12":"sale","13":"taxable","14":"shipping-taxable","15":"purchasable","16":"product-type-simple"},"acf":[],"yoast_head":"<!-- This site is optimized with the Yoast SEO plugin v23.8 - https:\/\/yoast.com\/wordpress\/plugins\/seo\/ -->\n<title>XXL-Lackierung von Aluminium schwarz-wei\u00df | 100x240cm | Eliassen.nl<\/title>\n<meta name=\"description\" content=\"Schwarz-wei\u00dfes XXL-Gem\u00e4lde aus Aluminium mit der Gr\u00f6\u00dfe 100x240cm, ist ein wundersch\u00f6nes modernes Gem\u00e4lde f\u00fcr zu Hause oder im B\u00fcro. \u221a Kann LIVE in unserem Sh...\" \/>\n<meta name=\"robots\" content=\"noindex, follow, max-snippet:-1, max-image-preview:large, max-video-preview:-1\" \/>\n<meta property=\"og:locale\" content=\"de_DE\" \/>\n<meta property=\"og:type\" content=\"article\" \/>\n<meta property=\"og:title\" content=\"XXL-Lackierung von Aluminium schwarz-wei\u00df | 100x240cm | Eliassen.nl\" \/>\n<meta property=\"og:description\" content=\"Schwarz-wei\u00dfes XXL-Gem\u00e4lde aus Aluminium mit der Gr\u00f6\u00dfe 100x240cm, ist ein wundersch\u00f6nes modernes Gem\u00e4lde f\u00fcr zu Hause oder im B\u00fcro. \u221a Kann LIVE in unserem Sh...\" \/>\n<meta property=\"og:url\" content=\"https:\/\/dev.eliassen.nl\/de\/xxl-malerei-aluminium-schwarz-weiss-100x240cm\/\" \/>\n<meta property=\"og:site_name\" content=\"Eliassen.nl\" \/>\n<meta property=\"article:publisher\" content=\"https:\/\/www.facebook.com\/TuincentrumEliassenAmmerzoden\" \/>\n<meta property=\"article:modified_time\" content=\"2024-12-05T14:14:00+00:00\" \/>\n<meta property=\"og:image\" content=\"https:\/\/dev.eliassen.nl\/wp-content\/uploads\/2024\/01\/xxlschilderijaluminiumzwartwit100x240cm_2nd.jpg\" \/>\n\t<meta property=\"og:image:width\" content=\"2047\" \/>\n\t<meta property=\"og:image:height\" content=\"1048\" \/>\n\t<meta property=\"og:image:type\" content=\"image\/jpeg\" \/>\n<meta name=\"twitter:card\" content=\"summary_large_image\" \/>\n<script type=\"application\/ld+json\" class=\"yoast-schema-graph\">{\"@context\":\"https:\/\/schema.org\",\"@graph\":[{\"@type\":\"WebPage\",\"@id\":\"https:\/\/dev.eliassen.nl\/de\/xxl-malerei-aluminium-schwarz-weiss-100x240cm\/\",\"url\":\"https:\/\/dev.eliassen.nl\/de\/xxl-malerei-aluminium-schwarz-weiss-100x240cm\/\",\"name\":\"XXL-Lackierung von Aluminium schwarz-wei\u00df | 100x240cm | Eliassen.nl\",\"isPartOf\":{\"@id\":\"https:\/\/dev.eliassen.nl\/de\/#website\"},\"primaryImageOfPage\":{\"@id\":\"https:\/\/dev.eliassen.nl\/de\/xxl-malerei-aluminium-schwarz-weiss-100x240cm\/#primaryimage\"},\"image\":{\"@id\":\"https:\/\/dev.eliassen.nl\/de\/xxl-malerei-aluminium-schwarz-weiss-100x240cm\/#primaryimage\"},\"thumbnailUrl\":\"https:\/\/dev.eliassen.nl\/wp-content\/uploads\/2024\/01\/xxlschilderijaluminiumzwartwit100x240cm_2nd.jpg\",\"datePublished\":\"2019-10-28T16:06:56+00:00\",\"dateModified\":\"2024-12-05T14:14:00+00:00\",\"description\":\"Schwarz-wei\u00dfes XXL-Gem\u00e4lde aus Aluminium mit der Gr\u00f6\u00dfe 100x240cm, ist ein wundersch\u00f6nes modernes Gem\u00e4lde f\u00fcr zu Hause oder im B\u00fcro. \u221a Kann LIVE in unserem Sh...\",\"breadcrumb\":{\"@id\":\"https:\/\/dev.eliassen.nl\/de\/xxl-malerei-aluminium-schwarz-weiss-100x240cm\/#breadcrumb\"},\"inLanguage\":\"de\",\"potentialAction\":[{\"@type\":\"ReadAction\",\"target\":[\"https:\/\/dev.eliassen.nl\/de\/xxl-malerei-aluminium-schwarz-weiss-100x240cm\/\"]}]},{\"@type\":\"ImageObject\",\"inLanguage\":\"de\",\"@id\":\"https:\/\/dev.eliassen.nl\/de\/xxl-malerei-aluminium-schwarz-weiss-100x240cm\/#primaryimage\",\"url\":\"https:\/\/dev.eliassen.nl\/wp-content\/uploads\/2024\/01\/xxlschilderijaluminiumzwartwit100x240cm_2nd.jpg\",\"contentUrl\":\"https:\/\/dev.eliassen.nl\/wp-content\/uploads\/2024\/01\/xxlschilderijaluminiumzwartwit100x240cm_2nd.jpg\",\"width\":2047,\"height\":1048,\"caption\":\"XXL Schilderij aluminium zwart wit 100x240cm\"},{\"@type\":\"BreadcrumbList\",\"@id\":\"https:\/\/dev.eliassen.nl\/de\/xxl-malerei-aluminium-schwarz-weiss-100x240cm\/#breadcrumb\",\"itemListElement\":[{\"@type\":\"ListItem\",\"position\":1,\"name\":\"Home\",\"item\":\"https:\/\/dev.eliassen.nl\/de\/\"},{\"@type\":\"ListItem\",\"position\":2,\"name\":\"Shop\",\"item\":\"https:\/\/dev.eliassen.nl\/nl\/winkel\/\"},{\"@type\":\"ListItem\",\"position\":3,\"name\":\"Gem\u00e4lde\",\"item\":\"https:\/\/dev.eliassen.nl\/de\/gemaelde\/\"},{\"@type\":\"ListItem\",\"position\":4,\"name\":\"Aluminium-Gem\u00e4lde\",\"item\":\"https:\/\/dev.eliassen.nl\/de\/gemaelde\/aluminium-gemaelde\/\"},{\"@type\":\"ListItem\",\"position\":5,\"name\":\"XXL-Malerei Aluminium schwarz-wei\u00df 100x240cm\"}]},{\"@type\":\"WebSite\",\"@id\":\"https:\/\/dev.eliassen.nl\/de\/#website\",\"url\":\"https:\/\/dev.eliassen.nl\/de\/\",\"name\":\"Eliassen Home & Garden Pleasure\",\"description\":\"\",\"publisher\":{\"@id\":\"https:\/\/dev.eliassen.nl\/de\/#organization\"},\"alternateName\":\"Eliassen.nl\",\"potentialAction\":[{\"@type\":\"SearchAction\",\"target\":{\"@type\":\"EntryPoint\",\"urlTemplate\":\"https:\/\/dev.eliassen.nl\/de\/?s={search_term_string}\"},\"query-input\":{\"@type\":\"PropertyValueSpecification\",\"valueRequired\":true,\"valueName\":\"search_term_string\"}}],\"inLanguage\":\"de\"},{\"@type\":\"Organization\",\"@id\":\"https:\/\/dev.eliassen.nl\/de\/#organization\",\"name\":\"Eliassen Home & Garden Pleasure\",\"url\":\"https:\/\/dev.eliassen.nl\/de\/\",\"logo\":{\"@type\":\"ImageObject\",\"inLanguage\":\"de\",\"@id\":\"https:\/\/dev.eliassen.nl\/de\/#\/schema\/logo\/image\/\",\"url\":\"https:\/\/www.eliassen.nl\/wp-content\/uploads\/2024\/01\/logo_4nd.jpg\",\"contentUrl\":\"https:\/\/www.eliassen.nl\/wp-content\/uploads\/2024\/01\/logo_4nd.jpg\",\"width\":500,\"height\":500,\"caption\":\"Eliassen Home & Garden Pleasure\"},\"image\":{\"@id\":\"https:\/\/dev.eliassen.nl\/de\/#\/schema\/logo\/image\/\"},\"sameAs\":[\"https:\/\/www.facebook.com\/TuincentrumEliassenAmmerzoden\",\"https:\/\/www.instagram.com\/eliassenhomeandgarden\/\",\"https:\/\/nl.pinterest.com\/eliassenhomeandgarden\/\",\"https:\/\/www.youtube.com\/@eliassenhomegardenpleasure4558\"]}]}<\/script>\n<!-- \/ Yoast SEO plugin. -->","yoast_head_json":{"title":"XXL-Lackierung von Aluminium schwarz-wei\u00df | 100x240cm | Eliassen.nl","description":"Schwarz-wei\u00dfes XXL-Gem\u00e4lde aus Aluminium mit der Gr\u00f6\u00dfe 100x240cm, ist ein wundersch\u00f6nes modernes Gem\u00e4lde f\u00fcr zu Hause oder im B\u00fcro. \u221a Kann LIVE in unserem Sh...","robots":{"index":"noindex","follow":"follow","max-snippet":"max-snippet:-1","max-image-preview":"max-image-preview:large","max-video-preview":"max-video-preview:-1"},"og_locale":"de_DE","og_type":"article","og_title":"XXL-Lackierung von Aluminium schwarz-wei\u00df | 100x240cm | Eliassen.nl","og_description":"Schwarz-wei\u00dfes XXL-Gem\u00e4lde aus Aluminium mit der Gr\u00f6\u00dfe 100x240cm, ist ein wundersch\u00f6nes modernes Gem\u00e4lde f\u00fcr zu Hause oder im B\u00fcro. \u221a Kann LIVE in unserem Sh...","og_url":"https:\/\/dev.eliassen.nl\/de\/xxl-malerei-aluminium-schwarz-weiss-100x240cm\/","og_site_name":"Eliassen.nl","article_publisher":"https:\/\/www.facebook.com\/TuincentrumEliassenAmmerzoden","article_modified_time":"2024-12-05T14:14:00+00:00","og_image":[{"width":2047,"height":1048,"url":"https:\/\/dev.eliassen.nl\/wp-content\/uploads\/2024\/01\/xxlschilderijaluminiumzwartwit100x240cm_2nd.jpg","type":"image\/jpeg"}],"twitter_card":"summary_large_image","schema":{"@context":"https:\/\/schema.org","@graph":[{"@type":"WebPage","@id":"https:\/\/dev.eliassen.nl\/de\/xxl-malerei-aluminium-schwarz-weiss-100x240cm\/","url":"https:\/\/dev.eliassen.nl\/de\/xxl-malerei-aluminium-schwarz-weiss-100x240cm\/","name":"XXL-Lackierung von Aluminium schwarz-wei\u00df | 100x240cm | Eliassen.nl","isPartOf":{"@id":"https:\/\/dev.eliassen.nl\/de\/#website"},"primaryImageOfPage":{"@id":"https:\/\/dev.eliassen.nl\/de\/xxl-malerei-aluminium-schwarz-weiss-100x240cm\/#primaryimage"},"image":{"@id":"https:\/\/dev.eliassen.nl\/de\/xxl-malerei-aluminium-schwarz-weiss-100x240cm\/#primaryimage"},"thumbnailUrl":"https:\/\/dev.eliassen.nl\/wp-content\/uploads\/2024\/01\/xxlschilderijaluminiumzwartwit100x240cm_2nd.jpg","datePublished":"2019-10-28T16:06:56+00:00","dateModified":"2024-12-05T14:14:00+00:00","description":"Schwarz-wei\u00dfes XXL-Gem\u00e4lde aus Aluminium mit der Gr\u00f6\u00dfe 100x240cm, ist ein wundersch\u00f6nes modernes Gem\u00e4lde f\u00fcr zu Hause oder im B\u00fcro. \u221a Kann LIVE in unserem Sh...","breadcrumb":{"@id":"https:\/\/dev.eliassen.nl\/de\/xxl-malerei-aluminium-schwarz-weiss-100x240cm\/#breadcrumb"},"inLanguage":"de","potentialAction":[{"@type":"ReadAction","target":["https:\/\/dev.eliassen.nl\/de\/xxl-malerei-aluminium-schwarz-weiss-100x240cm\/"]}]},{"@type":"ImageObject","inLanguage":"de","@id":"https:\/\/dev.eliassen.nl\/de\/xxl-malerei-aluminium-schwarz-weiss-100x240cm\/#primaryimage","url":"https:\/\/dev.eliassen.nl\/wp-content\/uploads\/2024\/01\/xxlschilderijaluminiumzwartwit100x240cm_2nd.jpg","contentUrl":"https:\/\/dev.eliassen.nl\/wp-content\/uploads\/2024\/01\/xxlschilderijaluminiumzwartwit100x240cm_2nd.jpg","width":2047,"height":1048,"caption":"XXL Schilderij aluminium zwart wit 100x240cm"},{"@type":"BreadcrumbList","@id":"https:\/\/dev.eliassen.nl\/de\/xxl-malerei-aluminium-schwarz-weiss-100x240cm\/#breadcrumb","itemListElement":[{"@type":"ListItem","position":1,"name":"Home","item":"https:\/\/dev.eliassen.nl\/de\/"},{"@type":"ListItem","position":2,"name":"Shop","item":"https:\/\/dev.eliassen.nl\/nl\/winkel\/"},{"@type":"ListItem","position":3,"name":"Gem\u00e4lde","item":"https:\/\/dev.eliassen.nl\/de\/gemaelde\/"},{"@type":"ListItem","position":4,"name":"Aluminium-Gem\u00e4lde","item":"https:\/\/dev.eliassen.nl\/de\/gemaelde\/aluminium-gemaelde\/"},{"@type":"ListItem","position":5,"name":"XXL-Malerei Aluminium schwarz-wei\u00df 100x240cm"}]},{"@type":"WebSite","@id":"https:\/\/dev.eliassen.nl\/de\/#website","url":"https:\/\/dev.eliassen.nl\/de\/","name":"Eliassen Home & Garden Pleasure","description":"","publisher":{"@id":"https:\/\/dev.eliassen.nl\/de\/#organization"},"alternateName":"Eliassen.nl","potentialAction":[{"@type":"SearchAction","target":{"@type":"EntryPoint","urlTemplate":"https:\/\/dev.eliassen.nl\/de\/?s={search_term_string}"},"query-input":{"@type":"PropertyValueSpecification","valueRequired":true,"valueName":"search_term_string"}}],"inLanguage":"de"},{"@type":"Organization","@id":"https:\/\/dev.eliassen.nl\/de\/#organization","name":"Eliassen Home & Garden Pleasure","url":"https:\/\/dev.eliassen.nl\/de\/","logo":{"@type":"ImageObject","inLanguage":"de","@id":"https:\/\/dev.eliassen.nl\/de\/#\/schema\/logo\/image\/","url":"https:\/\/www.eliassen.nl\/wp-content\/uploads\/2024\/01\/logo_4nd.jpg","contentUrl":"https:\/\/www.eliassen.nl\/wp-content\/uploads\/2024\/01\/logo_4nd.jpg","width":500,"height":500,"caption":"Eliassen Home & Garden Pleasure"},"image":{"@id":"https:\/\/dev.eliassen.nl\/de\/#\/schema\/logo\/image\/"},"sameAs":["https:\/\/www.facebook.com\/TuincentrumEliassenAmmerzoden","https:\/\/www.instagram.com\/eliassenhomeandgarden\/","https:\/\/nl.pinterest.com\/eliassenhomeandgarden\/","https:\/\/www.youtube.com\/@eliassenhomegardenpleasure4558"]}]}},"df_price":297,"df_sale_price":297,"df_regular_price":495,"df_image_link":"https:\/\/dev.eliassen.nl\/wp-content\/uploads\/2024\/01\/xxlschilderijaluminiumzwartwit100x240cm_2nd.jpg","image":"https:\/\/dev.eliassen.nl\/wp-content\/uploads\/2024\/01\/xxlschilderijaluminiumzwartwit100x240cm_2nd.jpg","price_search":"<span class=\"woocommerce-Price-amount amount\"><bdi><span class=\"woocommerce-Price-currencySymbol\">&euro;<\/span>&nbsp;297,00<\/bdi><\/span>","category":"Aluminium-Gem\u00e4lde","_links":{"self":[{"href":"https:\/\/dev.eliassen.nl\/de\/wp-json\/wp\/v2\/product\/10504","targetHints":{"allow":["GET"]}}],"collection":[{"href":"https:\/\/dev.eliassen.nl\/de\/wp-json\/wp\/v2\/product"}],"about":[{"href":"https:\/\/dev.eliassen.nl\/de\/wp-json\/wp\/v2\/types\/product"}],"wp:featuredmedia":[{"embeddable":true,"href":"https:\/\/dev.eliassen.nl\/de\/wp-json\/wp\/v2\/media\/10498"}],"wp:attachment":[{"href":"https:\/\/dev.eliassen.nl\/de\/wp-json\/wp\/v2\/media?parent=10504"}],"wp:term":[{"taxonomy":"product_brand","embeddable":true,"href":"https:\/\/dev.eliassen.nl\/de\/wp-json\/wp\/v2\/product_brand?post=10504"},{"taxonomy":"product_cat","embeddable":true,"href":"https:\/\/dev.eliassen.nl\/de\/wp-json\/wp\/v2\/product_cat?post=10504"},{"taxonomy":"product_tag","embeddable":true,"href":"https:\/\/dev.eliassen.nl\/de\/wp-json\/wp\/v2\/product_tag?post=10504"}],"curies":[{"name":"wp","href":"https:\/\/api.w.org\/{rel}","templated":true}]}}