{"id":10528,"date":"2019-10-28T17:07:03","date_gmt":"2019-10-28T16:07:03","guid":{"rendered":"https:\/\/www.eliassen.nl\/?product=bemalung-von-aluminium-diptychon-orange-60x120cm-c"},"modified":"2024-12-05T15:14:02","modified_gmt":"2024-12-05T14:14:02","slug":"malerei-aluminium-triptychon-versailles-60x180cm","status":"publish","type":"product","link":"https:\/\/dev.eliassen.nl\/de\/malerei-aluminium-triptychon-versailles-60x180cm\/","title":{"rendered":"Malerei Aluminium Triptychon Versailles 60x180cm"},"content":{"rendered":"<p>M\u00f6chten Sie ein besonderes Triptychon-Gem\u00e4lde mit einem ganz individuellen Look an die Wand h\u00e4ngen? Dann sollten Sie sich dieses sehr moderne abstrakte Aluminiumgem\u00e4lde der exklusiven Marke ArtEl nicht entgehen lassen. Komplett von Hand gefertigt. Durch die vielen manuellen Schleif- und Polierarbeiten auf einer Aluminiumplatte in Kombination mit den gew\u00e4hlten leuchtenden Farben entsteht eine hochmoderne und zeitgem\u00e4\u00dfe Wanddekoration f\u00fcr Ihr Arbeits- und Wohnumfeld. Dieses Gem\u00e4lde ist fast 3 cm dick, die R\u00fcckseite ist wundersch\u00f6n mit schwarzem Samt verarbeitet und mit Haken versehen.<\/p>\n<p>Das Schloss von Versailles ist eines der sch\u00f6nsten Geb\u00e4ude Frankreichs, ganz zu schweigen von den G\u00e4rten, die das Schloss umgeben. Wer m\u00f6chte nicht ein St\u00fcck dieser Sch\u00f6nheit besitzen? Unsere handgefertigte Aluminiumlackierung Black White Boom macht dies m\u00f6glich. Holen Sie sich Ihr eigenes St\u00fcck des sch\u00f6nen Versailles in Ihr Zuhause, das durch manuelles Schleifen und Polieren auf einer Aluminiumplatte entsteht. Gr\u00f6\u00dfe 3 St\u00fcck 60 x 60 cm.<\/p>\n<p>\u00a0<\/p>\n<ul>\n<li>Dicke 2,7 cm<\/li>\n<li>Zeitgen\u00f6ssischer und exklusiver Look<\/li>\n<li><strong>Auch in unserem Gesch\u00e4ft zu sehen<\/strong><\/li>\n<li>Inklusive Aufh\u00e4ngungsmaterial und Aufh\u00e4ngungsbeschreibung<\/li>\n<li>Nicht f\u00fcr drau\u00dfen geeignet<\/li>\n<li>Schnell geliefert in einem stabilen Karton<\/li>\n<\/ul>\n","protected":false},"excerpt":{"rendered":"<p>M\u00f6chten Sie ein besonderes Triptychon-Gem\u00e4lde mit einem ganz individuellen Look an die Wand h\u00e4ngen? Dann sollten Sie sich dieses sehr moderne abstrakte Aluminiumgem\u00e4lde der exklusiven Marke ArtEl nicht entgehen lassen. Komplett von Hand gefertigt. Durch die vielen manuellen Schleif- und Polierarbeiten auf einer Aluminiumplatte in Kombination mit den gew\u00e4hlten leuchtenden Farben entsteht eine hochmoderne und &hellip;<\/p>\n","protected":false},"featured_media":10525,"template":"","meta":{"_acf_changed":false},"product_brand":[],"product_cat":[416,410,467,413],"product_tag":[],"class_list":{"0":"post-10528","1":"product","2":"type-product","3":"status-publish","4":"has-post-thumbnail","6":"product_cat-aluminium-gemaelde","7":"product_cat-gemaelde","8":"product_cat-gemaelde-mit-mehreren-tafeln","9":"product_cat-gemaelde-outlet","11":"first","12":"instock","13":"sale","14":"taxable","15":"shipping-taxable","16":"purchasable","17":"product-type-simple"},"acf":[],"yoast_head":"<!-- This site is optimized with the Yoast SEO plugin v23.8 - https:\/\/yoast.com\/wordpress\/plugins\/seo\/ -->\n<title>Malerei Aluminium Triptychon Versailles 60x180cm<\/title>\n<meta name=\"description\" content=\"Malerei Schwarz-Wei\u00df-Baum vollst\u00e4ndig von Hand gefertigt. Dieses Aluminiumgem\u00e4lde ist ein hochmodernes Gem\u00e4lde und passt in jede Art von Interieur.\" \/>\n<meta name=\"robots\" content=\"noindex, follow, max-snippet:-1, max-image-preview:large, max-video-preview:-1\" \/>\n<meta property=\"og:locale\" content=\"de_DE\" \/>\n<meta property=\"og:type\" content=\"article\" \/>\n<meta property=\"og:title\" content=\"Malerei Aluminium Triptychon Versailles 60x180cm\" \/>\n<meta property=\"og:description\" content=\"Malerei Schwarz-Wei\u00df-Baum vollst\u00e4ndig von Hand gefertigt. Dieses Aluminiumgem\u00e4lde ist ein hochmodernes Gem\u00e4lde und passt in jede Art von Interieur.\" \/>\n<meta property=\"og:url\" content=\"https:\/\/dev.eliassen.nl\/de\/malerei-aluminium-triptychon-versailles-60x180cm\/\" \/>\n<meta property=\"og:site_name\" content=\"Eliassen.nl\" \/>\n<meta property=\"article:publisher\" content=\"https:\/\/www.facebook.com\/TuincentrumEliassenAmmerzoden\" \/>\n<meta property=\"article:modified_time\" content=\"2024-12-05T14:14:02+00:00\" \/>\n<meta property=\"og:image\" content=\"https:\/\/dev.eliassen.nl\/wp-content\/uploads\/2024\/01\/aluminiumschilderijversailles.jpg\" \/>\n\t<meta property=\"og:image:width\" content=\"2048\" \/>\n\t<meta property=\"og:image:height\" content=\"709\" \/>\n\t<meta property=\"og:image:type\" content=\"image\/jpeg\" \/>\n<meta name=\"twitter:card\" content=\"summary_large_image\" \/>\n<script type=\"application\/ld+json\" class=\"yoast-schema-graph\">{\"@context\":\"https:\/\/schema.org\",\"@graph\":[{\"@type\":\"WebPage\",\"@id\":\"https:\/\/dev.eliassen.nl\/de\/malerei-aluminium-triptychon-versailles-60x180cm\/\",\"url\":\"https:\/\/dev.eliassen.nl\/de\/malerei-aluminium-triptychon-versailles-60x180cm\/\",\"name\":\"Malerei Aluminium Triptychon Versailles 60x180cm\",\"isPartOf\":{\"@id\":\"https:\/\/dev.eliassen.nl\/de\/#website\"},\"primaryImageOfPage\":{\"@id\":\"https:\/\/dev.eliassen.nl\/de\/malerei-aluminium-triptychon-versailles-60x180cm\/#primaryimage\"},\"image\":{\"@id\":\"https:\/\/dev.eliassen.nl\/de\/malerei-aluminium-triptychon-versailles-60x180cm\/#primaryimage\"},\"thumbnailUrl\":\"https:\/\/dev.eliassen.nl\/wp-content\/uploads\/2024\/01\/aluminiumschilderijversailles.jpg\",\"datePublished\":\"2019-10-28T16:07:03+00:00\",\"dateModified\":\"2024-12-05T14:14:02+00:00\",\"description\":\"Malerei Schwarz-Wei\u00df-Baum vollst\u00e4ndig von Hand gefertigt. Dieses Aluminiumgem\u00e4lde ist ein hochmodernes Gem\u00e4lde und passt in jede Art von Interieur.\",\"breadcrumb\":{\"@id\":\"https:\/\/dev.eliassen.nl\/de\/malerei-aluminium-triptychon-versailles-60x180cm\/#breadcrumb\"},\"inLanguage\":\"de\",\"potentialAction\":[{\"@type\":\"ReadAction\",\"target\":[\"https:\/\/dev.eliassen.nl\/de\/malerei-aluminium-triptychon-versailles-60x180cm\/\"]}]},{\"@type\":\"ImageObject\",\"inLanguage\":\"de\",\"@id\":\"https:\/\/dev.eliassen.nl\/de\/malerei-aluminium-triptychon-versailles-60x180cm\/#primaryimage\",\"url\":\"https:\/\/dev.eliassen.nl\/wp-content\/uploads\/2024\/01\/aluminiumschilderijversailles.jpg\",\"contentUrl\":\"https:\/\/dev.eliassen.nl\/wp-content\/uploads\/2024\/01\/aluminiumschilderijversailles.jpg\",\"width\":2048,\"height\":709,\"caption\":\"Aluminium schilderij Versailles\"},{\"@type\":\"BreadcrumbList\",\"@id\":\"https:\/\/dev.eliassen.nl\/de\/malerei-aluminium-triptychon-versailles-60x180cm\/#breadcrumb\",\"itemListElement\":[{\"@type\":\"ListItem\",\"position\":1,\"name\":\"Home\",\"item\":\"https:\/\/dev.eliassen.nl\/de\/\"},{\"@type\":\"ListItem\",\"position\":2,\"name\":\"Shop\",\"item\":\"https:\/\/dev.eliassen.nl\/nl\/winkel\/\"},{\"@type\":\"ListItem\",\"position\":3,\"name\":\"Gem\u00e4lde\",\"item\":\"https:\/\/dev.eliassen.nl\/de\/gemaelde\/\"},{\"@type\":\"ListItem\",\"position\":4,\"name\":\"Aluminium-Gem\u00e4lde\",\"item\":\"https:\/\/dev.eliassen.nl\/de\/gemaelde\/aluminium-gemaelde\/\"},{\"@type\":\"ListItem\",\"position\":5,\"name\":\"Malerei Aluminium Triptychon Versailles 60x180cm\"}]},{\"@type\":\"WebSite\",\"@id\":\"https:\/\/dev.eliassen.nl\/de\/#website\",\"url\":\"https:\/\/dev.eliassen.nl\/de\/\",\"name\":\"Eliassen Home & Garden Pleasure\",\"description\":\"\",\"publisher\":{\"@id\":\"https:\/\/dev.eliassen.nl\/de\/#organization\"},\"alternateName\":\"Eliassen.nl\",\"potentialAction\":[{\"@type\":\"SearchAction\",\"target\":{\"@type\":\"EntryPoint\",\"urlTemplate\":\"https:\/\/dev.eliassen.nl\/de\/?s={search_term_string}\"},\"query-input\":{\"@type\":\"PropertyValueSpecification\",\"valueRequired\":true,\"valueName\":\"search_term_string\"}}],\"inLanguage\":\"de\"},{\"@type\":\"Organization\",\"@id\":\"https:\/\/dev.eliassen.nl\/de\/#organization\",\"name\":\"Eliassen Home & Garden Pleasure\",\"url\":\"https:\/\/dev.eliassen.nl\/de\/\",\"logo\":{\"@type\":\"ImageObject\",\"inLanguage\":\"de\",\"@id\":\"https:\/\/dev.eliassen.nl\/de\/#\/schema\/logo\/image\/\",\"url\":\"https:\/\/www.eliassen.nl\/wp-content\/uploads\/2024\/01\/logo_4nd.jpg\",\"contentUrl\":\"https:\/\/www.eliassen.nl\/wp-content\/uploads\/2024\/01\/logo_4nd.jpg\",\"width\":500,\"height\":500,\"caption\":\"Eliassen Home & Garden Pleasure\"},\"image\":{\"@id\":\"https:\/\/dev.eliassen.nl\/de\/#\/schema\/logo\/image\/\"},\"sameAs\":[\"https:\/\/www.facebook.com\/TuincentrumEliassenAmmerzoden\",\"https:\/\/www.instagram.com\/eliassenhomeandgarden\/\",\"https:\/\/nl.pinterest.com\/eliassenhomeandgarden\/\",\"https:\/\/www.youtube.com\/@eliassenhomegardenpleasure4558\"]}]}<\/script>\n<!-- \/ Yoast SEO plugin. -->","yoast_head_json":{"title":"Malerei Aluminium Triptychon Versailles 60x180cm","description":"Malerei Schwarz-Wei\u00df-Baum vollst\u00e4ndig von Hand gefertigt. Dieses Aluminiumgem\u00e4lde ist ein hochmodernes Gem\u00e4lde und passt in jede Art von Interieur.","robots":{"index":"noindex","follow":"follow","max-snippet":"max-snippet:-1","max-image-preview":"max-image-preview:large","max-video-preview":"max-video-preview:-1"},"og_locale":"de_DE","og_type":"article","og_title":"Malerei Aluminium Triptychon Versailles 60x180cm","og_description":"Malerei Schwarz-Wei\u00df-Baum vollst\u00e4ndig von Hand gefertigt. Dieses Aluminiumgem\u00e4lde ist ein hochmodernes Gem\u00e4lde und passt in jede Art von Interieur.","og_url":"https:\/\/dev.eliassen.nl\/de\/malerei-aluminium-triptychon-versailles-60x180cm\/","og_site_name":"Eliassen.nl","article_publisher":"https:\/\/www.facebook.com\/TuincentrumEliassenAmmerzoden","article_modified_time":"2024-12-05T14:14:02+00:00","og_image":[{"width":2048,"height":709,"url":"https:\/\/dev.eliassen.nl\/wp-content\/uploads\/2024\/01\/aluminiumschilderijversailles.jpg","type":"image\/jpeg"}],"twitter_card":"summary_large_image","schema":{"@context":"https:\/\/schema.org","@graph":[{"@type":"WebPage","@id":"https:\/\/dev.eliassen.nl\/de\/malerei-aluminium-triptychon-versailles-60x180cm\/","url":"https:\/\/dev.eliassen.nl\/de\/malerei-aluminium-triptychon-versailles-60x180cm\/","name":"Malerei Aluminium Triptychon Versailles 60x180cm","isPartOf":{"@id":"https:\/\/dev.eliassen.nl\/de\/#website"},"primaryImageOfPage":{"@id":"https:\/\/dev.eliassen.nl\/de\/malerei-aluminium-triptychon-versailles-60x180cm\/#primaryimage"},"image":{"@id":"https:\/\/dev.eliassen.nl\/de\/malerei-aluminium-triptychon-versailles-60x180cm\/#primaryimage"},"thumbnailUrl":"https:\/\/dev.eliassen.nl\/wp-content\/uploads\/2024\/01\/aluminiumschilderijversailles.jpg","datePublished":"2019-10-28T16:07:03+00:00","dateModified":"2024-12-05T14:14:02+00:00","description":"Malerei Schwarz-Wei\u00df-Baum vollst\u00e4ndig von Hand gefertigt. Dieses Aluminiumgem\u00e4lde ist ein hochmodernes Gem\u00e4lde und passt in jede Art von Interieur.","breadcrumb":{"@id":"https:\/\/dev.eliassen.nl\/de\/malerei-aluminium-triptychon-versailles-60x180cm\/#breadcrumb"},"inLanguage":"de","potentialAction":[{"@type":"ReadAction","target":["https:\/\/dev.eliassen.nl\/de\/malerei-aluminium-triptychon-versailles-60x180cm\/"]}]},{"@type":"ImageObject","inLanguage":"de","@id":"https:\/\/dev.eliassen.nl\/de\/malerei-aluminium-triptychon-versailles-60x180cm\/#primaryimage","url":"https:\/\/dev.eliassen.nl\/wp-content\/uploads\/2024\/01\/aluminiumschilderijversailles.jpg","contentUrl":"https:\/\/dev.eliassen.nl\/wp-content\/uploads\/2024\/01\/aluminiumschilderijversailles.jpg","width":2048,"height":709,"caption":"Aluminium schilderij Versailles"},{"@type":"BreadcrumbList","@id":"https:\/\/dev.eliassen.nl\/de\/malerei-aluminium-triptychon-versailles-60x180cm\/#breadcrumb","itemListElement":[{"@type":"ListItem","position":1,"name":"Home","item":"https:\/\/dev.eliassen.nl\/de\/"},{"@type":"ListItem","position":2,"name":"Shop","item":"https:\/\/dev.eliassen.nl\/nl\/winkel\/"},{"@type":"ListItem","position":3,"name":"Gem\u00e4lde","item":"https:\/\/dev.eliassen.nl\/de\/gemaelde\/"},{"@type":"ListItem","position":4,"name":"Aluminium-Gem\u00e4lde","item":"https:\/\/dev.eliassen.nl\/de\/gemaelde\/aluminium-gemaelde\/"},{"@type":"ListItem","position":5,"name":"Malerei Aluminium Triptychon Versailles 60x180cm"}]},{"@type":"WebSite","@id":"https:\/\/dev.eliassen.nl\/de\/#website","url":"https:\/\/dev.eliassen.nl\/de\/","name":"Eliassen Home & Garden Pleasure","description":"","publisher":{"@id":"https:\/\/dev.eliassen.nl\/de\/#organization"},"alternateName":"Eliassen.nl","potentialAction":[{"@type":"SearchAction","target":{"@type":"EntryPoint","urlTemplate":"https:\/\/dev.eliassen.nl\/de\/?s={search_term_string}"},"query-input":{"@type":"PropertyValueSpecification","valueRequired":true,"valueName":"search_term_string"}}],"inLanguage":"de"},{"@type":"Organization","@id":"https:\/\/dev.eliassen.nl\/de\/#organization","name":"Eliassen Home & Garden Pleasure","url":"https:\/\/dev.eliassen.nl\/de\/","logo":{"@type":"ImageObject","inLanguage":"de","@id":"https:\/\/dev.eliassen.nl\/de\/#\/schema\/logo\/image\/","url":"https:\/\/www.eliassen.nl\/wp-content\/uploads\/2024\/01\/logo_4nd.jpg","contentUrl":"https:\/\/www.eliassen.nl\/wp-content\/uploads\/2024\/01\/logo_4nd.jpg","width":500,"height":500,"caption":"Eliassen Home & Garden Pleasure"},"image":{"@id":"https:\/\/dev.eliassen.nl\/de\/#\/schema\/logo\/image\/"},"sameAs":["https:\/\/www.facebook.com\/TuincentrumEliassenAmmerzoden","https:\/\/www.instagram.com\/eliassenhomeandgarden\/","https:\/\/nl.pinterest.com\/eliassenhomeandgarden\/","https:\/\/www.youtube.com\/@eliassenhomegardenpleasure4558"]}]}},"df_price":78,"df_sale_price":78,"df_regular_price":260,"df_image_link":"https:\/\/dev.eliassen.nl\/wp-content\/uploads\/2024\/01\/aluminiumschilderijversailles.jpg","image":"https:\/\/dev.eliassen.nl\/wp-content\/uploads\/2024\/01\/aluminiumschilderijversailles.jpg","price_search":"<span class=\"woocommerce-Price-amount amount\"><bdi><span class=\"woocommerce-Price-currencySymbol\">&euro;<\/span>&nbsp;78,00<\/bdi><\/span>","category":"Aluminium-Gem\u00e4lde","_links":{"self":[{"href":"https:\/\/dev.eliassen.nl\/de\/wp-json\/wp\/v2\/product\/10528","targetHints":{"allow":["GET"]}}],"collection":[{"href":"https:\/\/dev.eliassen.nl\/de\/wp-json\/wp\/v2\/product"}],"about":[{"href":"https:\/\/dev.eliassen.nl\/de\/wp-json\/wp\/v2\/types\/product"}],"wp:featuredmedia":[{"embeddable":true,"href":"https:\/\/dev.eliassen.nl\/de\/wp-json\/wp\/v2\/media\/10525"}],"wp:attachment":[{"href":"https:\/\/dev.eliassen.nl\/de\/wp-json\/wp\/v2\/media?parent=10528"}],"wp:term":[{"taxonomy":"product_brand","embeddable":true,"href":"https:\/\/dev.eliassen.nl\/de\/wp-json\/wp\/v2\/product_brand?post=10528"},{"taxonomy":"product_cat","embeddable":true,"href":"https:\/\/dev.eliassen.nl\/de\/wp-json\/wp\/v2\/product_cat?post=10528"},{"taxonomy":"product_tag","embeddable":true,"href":"https:\/\/dev.eliassen.nl\/de\/wp-json\/wp\/v2\/product_tag?post=10528"}],"curies":[{"name":"wp","href":"https:\/\/api.w.org\/{rel}","templated":true}]}}