{"id":10576,"date":"2019-10-28T17:08:24","date_gmt":"2019-10-28T16:08:24","guid":{"rendered":"https:\/\/www.eliassen.nl\/?product=mailbox-granit-bau"},"modified":"2024-12-05T15:14:15","modified_gmt":"2024-12-05T14:14:15","slug":"briefkasten-granit-bau","status":"publish","type":"product","link":"https:\/\/dev.eliassen.nl\/de\/briefkasten-granit-bau\/","title":{"rendered":"Briefkasten Granit Bau"},"content":{"rendered":"<p>Briefkasten komplett aus poliertem, sehr dunklem, 3cm dickem Granit. Ausgestattet mit Edelstahlt\u00fcr auf der R\u00fcckseite mit Schloss mit 2 Schl\u00fcsseln und an der Vorderseite f\u00fcr eine Wasserschwelle, um Regen zu verhindern. Mailbox ist erhaben beendet. Dieses Modell entspricht den Standards, die post.nl hinsichtlich der Gr\u00f6\u00dfe des Schlitzes festgelegt hat, dh 36 cm breit und 4 cm hoch. Dies steht im Gegensatz zu vielen anderen Mailboxen, die angeboten werden. Unsere Briefk\u00e4sten sind aus poliertem Granit und sehr hart, es entstehen kaum Kratzer und die Farbe bleibt so wie sie gemacht wurde. Briefk\u00e4sten aus Freestone oder Marmor sind sehr weich, Kratzer treten schnell auf und diese Art von Stein verblasst ziemlich schnell. <br \/>Gr\u00f6\u00dfe dieses Postfachs ist 40x40x110cm. <span style=\"color: #ff0000;\">Dieses Modell kann nur bei uns gekauft werden. Komm und sieh uns auf den Fall.<\/span> <\/p>\n","protected":false},"excerpt":{"rendered":"<p>Briefkasten komplett aus poliertem, sehr dunklem, 3cm dickem Granit. Ausgestattet mit Edelstahlt\u00fcr auf der R\u00fcckseite mit Schloss mit 2 Schl\u00fcsseln und an der Vorderseite f\u00fcr eine Wasserschwelle, um Regen zu verhindern. Mailbox ist erhaben beendet. Dieses Modell entspricht den Standards, die post.nl hinsichtlich der Gr\u00f6\u00dfe des Schlitzes festgelegt hat, dh 36 cm breit und 4 &hellip;<\/p>\n","protected":false},"featured_media":10564,"template":"","meta":{"_acf_changed":false},"product_brand":[6916],"product_cat":[758,752],"product_tag":[],"class_list":{"0":"post-10576","1":"product","2":"type-product","3":"status-publish","4":"has-post-thumbnail","6":"product_brand-eliassen-de","7":"product_cat-briefkaesten","8":"product_cat-weitere-artikel","10":"first","11":"instock","12":"sale","13":"taxable","14":"shipping-taxable","15":"purchasable","16":"product-type-simple"},"acf":[],"yoast_head":"<!-- This site is optimized with the Yoast SEO plugin v23.8 - https:\/\/yoast.com\/wordpress\/plugins\/seo\/ -->\n<title>Briefkasten Edelstahl Granit Bau - Eliassen.nl<\/title>\n<meta name=\"description\" content=\"Briefkasten Edelstahl Granit Bau und viele andere Modelle Briefk\u00e4sten in unserem Showroom zu sehen. Einen Briefkasten f\u00fcr Ihr Haus oder Garten in einem nette...\" \/>\n<meta name=\"robots\" content=\"noindex, follow, max-snippet:-1, max-image-preview:large, max-video-preview:-1\" \/>\n<meta property=\"og:locale\" content=\"de_DE\" \/>\n<meta property=\"og:type\" content=\"article\" \/>\n<meta property=\"og:title\" content=\"Briefkasten Edelstahl Granit Bau - Eliassen.nl\" \/>\n<meta property=\"og:description\" content=\"Briefkasten Edelstahl Granit Bau und viele andere Modelle Briefk\u00e4sten in unserem Showroom zu sehen. Einen Briefkasten f\u00fcr Ihr Haus oder Garten in einem nette...\" \/>\n<meta property=\"og:url\" content=\"https:\/\/dev.eliassen.nl\/de\/briefkasten-granit-bau\/\" \/>\n<meta property=\"og:site_name\" content=\"Eliassen.nl\" \/>\n<meta property=\"article:publisher\" content=\"https:\/\/www.facebook.com\/TuincentrumEliassenAmmerzoden\" \/>\n<meta property=\"article:modified_time\" content=\"2024-12-05T14:14:15+00:00\" \/>\n<meta property=\"og:image\" content=\"https:\/\/dev.eliassen.nl\/wp-content\/uploads\/2024\/01\/img20170314161202.jpg\" \/>\n\t<meta property=\"og:image:width\" content=\"768\" \/>\n\t<meta property=\"og:image:height\" content=\"1024\" \/>\n\t<meta property=\"og:image:type\" content=\"image\/jpeg\" \/>\n<meta name=\"twitter:card\" content=\"summary_large_image\" \/>\n<script type=\"application\/ld+json\" class=\"yoast-schema-graph\">{\"@context\":\"https:\/\/schema.org\",\"@graph\":[{\"@type\":\"WebPage\",\"@id\":\"https:\/\/dev.eliassen.nl\/de\/briefkasten-granit-bau\/\",\"url\":\"https:\/\/dev.eliassen.nl\/de\/briefkasten-granit-bau\/\",\"name\":\"Briefkasten Edelstahl Granit Bau - Eliassen.nl\",\"isPartOf\":{\"@id\":\"https:\/\/dev.eliassen.nl\/de\/#website\"},\"primaryImageOfPage\":{\"@id\":\"https:\/\/dev.eliassen.nl\/de\/briefkasten-granit-bau\/#primaryimage\"},\"image\":{\"@id\":\"https:\/\/dev.eliassen.nl\/de\/briefkasten-granit-bau\/#primaryimage\"},\"thumbnailUrl\":\"https:\/\/dev.eliassen.nl\/wp-content\/uploads\/2024\/01\/img20170314161202.jpg\",\"datePublished\":\"2019-10-28T16:08:24+00:00\",\"dateModified\":\"2024-12-05T14:14:15+00:00\",\"description\":\"Briefkasten Edelstahl Granit Bau und viele andere Modelle Briefk\u00e4sten in unserem Showroom zu sehen. Einen Briefkasten f\u00fcr Ihr Haus oder Garten in einem nette...\",\"breadcrumb\":{\"@id\":\"https:\/\/dev.eliassen.nl\/de\/briefkasten-granit-bau\/#breadcrumb\"},\"inLanguage\":\"de\",\"potentialAction\":[{\"@type\":\"ReadAction\",\"target\":[\"https:\/\/dev.eliassen.nl\/de\/briefkasten-granit-bau\/\"]}]},{\"@type\":\"ImageObject\",\"inLanguage\":\"de\",\"@id\":\"https:\/\/dev.eliassen.nl\/de\/briefkasten-granit-bau\/#primaryimage\",\"url\":\"https:\/\/dev.eliassen.nl\/wp-content\/uploads\/2024\/01\/img20170314161202.jpg\",\"contentUrl\":\"https:\/\/dev.eliassen.nl\/wp-content\/uploads\/2024\/01\/img20170314161202.jpg\",\"width\":768,\"height\":1024,\"caption\":\"img-20170314-161202\"},{\"@type\":\"BreadcrumbList\",\"@id\":\"https:\/\/dev.eliassen.nl\/de\/briefkasten-granit-bau\/#breadcrumb\",\"itemListElement\":[{\"@type\":\"ListItem\",\"position\":1,\"name\":\"Home\",\"item\":\"https:\/\/dev.eliassen.nl\/de\/\"},{\"@type\":\"ListItem\",\"position\":2,\"name\":\"Shop\",\"item\":\"https:\/\/dev.eliassen.nl\/nl\/winkel\/\"},{\"@type\":\"ListItem\",\"position\":3,\"name\":\"Weitere Artikel\",\"item\":\"https:\/\/dev.eliassen.nl\/de\/weitere-artikel\/\"},{\"@type\":\"ListItem\",\"position\":4,\"name\":\"Briefk\u00e4sten\",\"item\":\"https:\/\/dev.eliassen.nl\/de\/garten-andere\/briefkaesten\/\"},{\"@type\":\"ListItem\",\"position\":5,\"name\":\"Briefkasten Granit Bau\"}]},{\"@type\":\"WebSite\",\"@id\":\"https:\/\/dev.eliassen.nl\/de\/#website\",\"url\":\"https:\/\/dev.eliassen.nl\/de\/\",\"name\":\"Eliassen Home & Garden Pleasure\",\"description\":\"\",\"publisher\":{\"@id\":\"https:\/\/dev.eliassen.nl\/de\/#organization\"},\"alternateName\":\"Eliassen.nl\",\"potentialAction\":[{\"@type\":\"SearchAction\",\"target\":{\"@type\":\"EntryPoint\",\"urlTemplate\":\"https:\/\/dev.eliassen.nl\/de\/?s={search_term_string}\"},\"query-input\":{\"@type\":\"PropertyValueSpecification\",\"valueRequired\":true,\"valueName\":\"search_term_string\"}}],\"inLanguage\":\"de\"},{\"@type\":\"Organization\",\"@id\":\"https:\/\/dev.eliassen.nl\/de\/#organization\",\"name\":\"Eliassen Home & Garden Pleasure\",\"url\":\"https:\/\/dev.eliassen.nl\/de\/\",\"logo\":{\"@type\":\"ImageObject\",\"inLanguage\":\"de\",\"@id\":\"https:\/\/dev.eliassen.nl\/de\/#\/schema\/logo\/image\/\",\"url\":\"https:\/\/www.eliassen.nl\/wp-content\/uploads\/2024\/01\/logo_4nd.jpg\",\"contentUrl\":\"https:\/\/www.eliassen.nl\/wp-content\/uploads\/2024\/01\/logo_4nd.jpg\",\"width\":500,\"height\":500,\"caption\":\"Eliassen Home & Garden Pleasure\"},\"image\":{\"@id\":\"https:\/\/dev.eliassen.nl\/de\/#\/schema\/logo\/image\/\"},\"sameAs\":[\"https:\/\/www.facebook.com\/TuincentrumEliassenAmmerzoden\",\"https:\/\/www.instagram.com\/eliassenhomeandgarden\/\",\"https:\/\/nl.pinterest.com\/eliassenhomeandgarden\/\",\"https:\/\/www.youtube.com\/@eliassenhomegardenpleasure4558\"]}]}<\/script>\n<!-- \/ Yoast SEO plugin. -->","yoast_head_json":{"title":"Briefkasten Edelstahl Granit Bau - Eliassen.nl","description":"Briefkasten Edelstahl Granit Bau und viele andere Modelle Briefk\u00e4sten in unserem Showroom zu sehen. Einen Briefkasten f\u00fcr Ihr Haus oder Garten in einem nette...","robots":{"index":"noindex","follow":"follow","max-snippet":"max-snippet:-1","max-image-preview":"max-image-preview:large","max-video-preview":"max-video-preview:-1"},"og_locale":"de_DE","og_type":"article","og_title":"Briefkasten Edelstahl Granit Bau - Eliassen.nl","og_description":"Briefkasten Edelstahl Granit Bau und viele andere Modelle Briefk\u00e4sten in unserem Showroom zu sehen. Einen Briefkasten f\u00fcr Ihr Haus oder Garten in einem nette...","og_url":"https:\/\/dev.eliassen.nl\/de\/briefkasten-granit-bau\/","og_site_name":"Eliassen.nl","article_publisher":"https:\/\/www.facebook.com\/TuincentrumEliassenAmmerzoden","article_modified_time":"2024-12-05T14:14:15+00:00","og_image":[{"width":768,"height":1024,"url":"https:\/\/dev.eliassen.nl\/wp-content\/uploads\/2024\/01\/img20170314161202.jpg","type":"image\/jpeg"}],"twitter_card":"summary_large_image","schema":{"@context":"https:\/\/schema.org","@graph":[{"@type":"WebPage","@id":"https:\/\/dev.eliassen.nl\/de\/briefkasten-granit-bau\/","url":"https:\/\/dev.eliassen.nl\/de\/briefkasten-granit-bau\/","name":"Briefkasten Edelstahl Granit Bau - Eliassen.nl","isPartOf":{"@id":"https:\/\/dev.eliassen.nl\/de\/#website"},"primaryImageOfPage":{"@id":"https:\/\/dev.eliassen.nl\/de\/briefkasten-granit-bau\/#primaryimage"},"image":{"@id":"https:\/\/dev.eliassen.nl\/de\/briefkasten-granit-bau\/#primaryimage"},"thumbnailUrl":"https:\/\/dev.eliassen.nl\/wp-content\/uploads\/2024\/01\/img20170314161202.jpg","datePublished":"2019-10-28T16:08:24+00:00","dateModified":"2024-12-05T14:14:15+00:00","description":"Briefkasten Edelstahl Granit Bau und viele andere Modelle Briefk\u00e4sten in unserem Showroom zu sehen. Einen Briefkasten f\u00fcr Ihr Haus oder Garten in einem nette...","breadcrumb":{"@id":"https:\/\/dev.eliassen.nl\/de\/briefkasten-granit-bau\/#breadcrumb"},"inLanguage":"de","potentialAction":[{"@type":"ReadAction","target":["https:\/\/dev.eliassen.nl\/de\/briefkasten-granit-bau\/"]}]},{"@type":"ImageObject","inLanguage":"de","@id":"https:\/\/dev.eliassen.nl\/de\/briefkasten-granit-bau\/#primaryimage","url":"https:\/\/dev.eliassen.nl\/wp-content\/uploads\/2024\/01\/img20170314161202.jpg","contentUrl":"https:\/\/dev.eliassen.nl\/wp-content\/uploads\/2024\/01\/img20170314161202.jpg","width":768,"height":1024,"caption":"img-20170314-161202"},{"@type":"BreadcrumbList","@id":"https:\/\/dev.eliassen.nl\/de\/briefkasten-granit-bau\/#breadcrumb","itemListElement":[{"@type":"ListItem","position":1,"name":"Home","item":"https:\/\/dev.eliassen.nl\/de\/"},{"@type":"ListItem","position":2,"name":"Shop","item":"https:\/\/dev.eliassen.nl\/nl\/winkel\/"},{"@type":"ListItem","position":3,"name":"Weitere Artikel","item":"https:\/\/dev.eliassen.nl\/de\/weitere-artikel\/"},{"@type":"ListItem","position":4,"name":"Briefk\u00e4sten","item":"https:\/\/dev.eliassen.nl\/de\/garten-andere\/briefkaesten\/"},{"@type":"ListItem","position":5,"name":"Briefkasten Granit Bau"}]},{"@type":"WebSite","@id":"https:\/\/dev.eliassen.nl\/de\/#website","url":"https:\/\/dev.eliassen.nl\/de\/","name":"Eliassen Home & Garden Pleasure","description":"","publisher":{"@id":"https:\/\/dev.eliassen.nl\/de\/#organization"},"alternateName":"Eliassen.nl","potentialAction":[{"@type":"SearchAction","target":{"@type":"EntryPoint","urlTemplate":"https:\/\/dev.eliassen.nl\/de\/?s={search_term_string}"},"query-input":{"@type":"PropertyValueSpecification","valueRequired":true,"valueName":"search_term_string"}}],"inLanguage":"de"},{"@type":"Organization","@id":"https:\/\/dev.eliassen.nl\/de\/#organization","name":"Eliassen Home & Garden Pleasure","url":"https:\/\/dev.eliassen.nl\/de\/","logo":{"@type":"ImageObject","inLanguage":"de","@id":"https:\/\/dev.eliassen.nl\/de\/#\/schema\/logo\/image\/","url":"https:\/\/www.eliassen.nl\/wp-content\/uploads\/2024\/01\/logo_4nd.jpg","contentUrl":"https:\/\/www.eliassen.nl\/wp-content\/uploads\/2024\/01\/logo_4nd.jpg","width":500,"height":500,"caption":"Eliassen Home & Garden Pleasure"},"image":{"@id":"https:\/\/dev.eliassen.nl\/de\/#\/schema\/logo\/image\/"},"sameAs":["https:\/\/www.facebook.com\/TuincentrumEliassenAmmerzoden","https:\/\/www.instagram.com\/eliassenhomeandgarden\/","https:\/\/nl.pinterest.com\/eliassenhomeandgarden\/","https:\/\/www.youtube.com\/@eliassenhomegardenpleasure4558"]}]}},"df_price":225,"df_sale_price":225,"df_regular_price":399,"df_image_link":"https:\/\/dev.eliassen.nl\/wp-content\/uploads\/2024\/01\/img20170314161202.jpg","image":"https:\/\/dev.eliassen.nl\/wp-content\/uploads\/2024\/01\/img20170314161202.jpg","price_search":"<span class=\"woocommerce-Price-amount amount\"><bdi><span class=\"woocommerce-Price-currencySymbol\">&euro;<\/span>&nbsp;225,00<\/bdi><\/span>","category":"Briefk\u00e4sten","_links":{"self":[{"href":"https:\/\/dev.eliassen.nl\/de\/wp-json\/wp\/v2\/product\/10576","targetHints":{"allow":["GET"]}}],"collection":[{"href":"https:\/\/dev.eliassen.nl\/de\/wp-json\/wp\/v2\/product"}],"about":[{"href":"https:\/\/dev.eliassen.nl\/de\/wp-json\/wp\/v2\/types\/product"}],"wp:featuredmedia":[{"embeddable":true,"href":"https:\/\/dev.eliassen.nl\/de\/wp-json\/wp\/v2\/media\/10564"}],"wp:attachment":[{"href":"https:\/\/dev.eliassen.nl\/de\/wp-json\/wp\/v2\/media?parent=10576"}],"wp:term":[{"taxonomy":"product_brand","embeddable":true,"href":"https:\/\/dev.eliassen.nl\/de\/wp-json\/wp\/v2\/product_brand?post=10576"},{"taxonomy":"product_cat","embeddable":true,"href":"https:\/\/dev.eliassen.nl\/de\/wp-json\/wp\/v2\/product_cat?post=10576"},{"taxonomy":"product_tag","embeddable":true,"href":"https:\/\/dev.eliassen.nl\/de\/wp-json\/wp\/v2\/product_tag?post=10576"}],"curies":[{"name":"wp","href":"https:\/\/api.w.org\/{rel}","templated":true}]}}