{"id":10603,"date":"2019-10-28T17:08:39","date_gmt":"2019-10-28T16:08:39","guid":{"rendered":"https:\/\/www.eliassen.nl\/?product=eliassen-fountain-terrace-liebe"},"modified":"2024-12-05T15:14:25","modified_gmt":"2024-12-05T14:14:25","slug":"komplettes-wasserset-love","status":"publish","type":"product","link":"https:\/\/dev.eliassen.nl\/de\/komplettes-wasserset-love\/","title":{"rendered":"Komplettes Wasserset Love"},"content":{"rendered":"<p><video controls=\"controls\" width=\"500\" height=\"250\"><source src=\"https:\/\/cdn.webshopapp.com\/shops\/289658\/files\/444295057\/eliassen-complete-waterset-love.mp4\" type=\"video\/mp4\" \/><\/video><\/p>\n<p>Sehr exklusiver sch\u00f6ner Terrassenbrunnen, komplett aus wundersch\u00f6nem, teilweise poliertem Granitstein gefertigt. Dieses Modell steht auf einem vergrabenen Eimer mit einem Fassungsverm\u00f6gen von 90 Litern. Dieses Modell wurde im eigenen Haus entwickelt und ist nur bei uns erh\u00e4ltlich. Die H\u00f6he dieses Modells betr\u00e4gt 55 cm.<\/p>\n<p><strong>Vergessen Sie nicht, unser Ausstellungsgel\u00e4nde zu besuchen.<\/strong><\/p>\n<ul>\n<li>Ornament aus massivem Granit<\/li>\n<li>Poliert<\/li>\n<li>Mit 90-Liter-Eimer, Polyesterdeckel, Pumpe und LED-Licht mit warmwei\u00dfem Licht.<\/li>\n<li>Bleibt sch\u00f6n<\/li>\n<li>Sehr einzigartiges Design, nur bei uns erh\u00e4ltlich<\/li>\n<\/ul>\n<p>Haben Sie Fragen zu diesem Artikel oder ben\u00f6tigen Sie Ratschl\u00e4ge, wie Sie dieses Modell mit allen anderen Notwendigkeiten erg\u00e4nzen k\u00f6nnen? Sie k\u00f6nnen uns gerne kontaktieren.<\/p>\n","protected":false},"excerpt":{"rendered":"<p>Sehr exklusiver sch\u00f6ner Terrassenbrunnen, komplett aus wundersch\u00f6nem, teilweise poliertem Granitstein gefertigt. Dieses Modell steht auf einem vergrabenen Eimer mit einem Fassungsverm\u00f6gen von 90 Litern. Dieses Modell wurde im eigenen Haus entwickelt und ist nur bei uns erh\u00e4ltlich. Die H\u00f6he dieses Modells betr\u00e4gt 55 cm. Vergessen Sie nicht, unser Ausstellungsgel\u00e4nde zu besuchen. Ornament aus massivem Granit &hellip;<\/p>\n","protected":false},"featured_media":10597,"template":"","meta":{"_acf_changed":false},"product_brand":[6916],"product_cat":[539,554,536],"product_tag":[],"class_list":{"0":"post-10603","1":"product","2":"type-product","3":"status-publish","4":"has-post-thumbnail","6":"product_brand-eliassen-de","7":"product_cat-einzigartige-eigene-modelle-von-losen-wasserspiele","8":"product_cat-wasserspiel-mit-grabbecken","9":"product_cat-wassereigenschaften","11":"first","12":"outofstock","13":"taxable","14":"shipping-taxable","15":"purchasable","16":"product-type-simple"},"acf":[],"yoast_head":"<!-- This site is optimized with the Yoast SEO plugin v23.8 - https:\/\/yoast.com\/wordpress\/plugins\/seo\/ -->\n<title>Terrassenbrunnen Komplettset Love | Einzigartiges Design! | Eliassen.nl<\/title>\n<meta name=\"description\" content=\"Terrassenbrunnen Komplettset aus Granitstein. Mit Grabeimer, Polyesterdeckel, Pumpe und LED-Lampe. Komplett-Set! Sehen Sie sich LIVE +300 Wasserspiele LIVE i...\" \/>\n<meta name=\"robots\" content=\"noindex, follow, max-snippet:-1, max-image-preview:large, max-video-preview:-1\" \/>\n<meta property=\"og:locale\" content=\"de_DE\" \/>\n<meta property=\"og:type\" content=\"article\" \/>\n<meta property=\"og:title\" content=\"Terrassenbrunnen Komplettset Love | Einzigartiges Design! | Eliassen.nl\" \/>\n<meta property=\"og:description\" content=\"Terrassenbrunnen Komplettset aus Granitstein. Mit Grabeimer, Polyesterdeckel, Pumpe und LED-Lampe. Komplett-Set! Sehen Sie sich LIVE +300 Wasserspiele LIVE i...\" \/>\n<meta property=\"og:url\" content=\"https:\/\/dev.eliassen.nl\/de\/komplettes-wasserset-love\/\" \/>\n<meta property=\"og:site_name\" content=\"Eliassen.nl\" \/>\n<meta property=\"article:publisher\" content=\"https:\/\/www.facebook.com\/TuincentrumEliassenAmmerzoden\" \/>\n<meta property=\"article:modified_time\" content=\"2024-12-05T14:14:25+00:00\" \/>\n<meta property=\"og:image\" content=\"https:\/\/dev.eliassen.nl\/wp-content\/uploads\/2024\/01\/terrasfonteincompletesetloveeliassennl.jpg\" \/>\n\t<meta property=\"og:image:width\" content=\"813\" \/>\n\t<meta property=\"og:image:height\" content=\"1024\" \/>\n\t<meta property=\"og:image:type\" content=\"image\/jpeg\" \/>\n<meta name=\"twitter:card\" content=\"summary_large_image\" \/>\n<script type=\"application\/ld+json\" class=\"yoast-schema-graph\">{\"@context\":\"https:\/\/schema.org\",\"@graph\":[{\"@type\":\"WebPage\",\"@id\":\"https:\/\/dev.eliassen.nl\/de\/komplettes-wasserset-love\/\",\"url\":\"https:\/\/dev.eliassen.nl\/de\/komplettes-wasserset-love\/\",\"name\":\"Terrassenbrunnen Komplettset Love | Einzigartiges Design! | Eliassen.nl\",\"isPartOf\":{\"@id\":\"https:\/\/dev.eliassen.nl\/de\/#website\"},\"primaryImageOfPage\":{\"@id\":\"https:\/\/dev.eliassen.nl\/de\/komplettes-wasserset-love\/#primaryimage\"},\"image\":{\"@id\":\"https:\/\/dev.eliassen.nl\/de\/komplettes-wasserset-love\/#primaryimage\"},\"thumbnailUrl\":\"https:\/\/dev.eliassen.nl\/wp-content\/uploads\/2024\/01\/terrasfonteincompletesetloveeliassennl.jpg\",\"datePublished\":\"2019-10-28T16:08:39+00:00\",\"dateModified\":\"2024-12-05T14:14:25+00:00\",\"description\":\"Terrassenbrunnen Komplettset aus Granitstein. Mit Grabeimer, Polyesterdeckel, Pumpe und LED-Lampe. Komplett-Set! Sehen Sie sich LIVE +300 Wasserspiele LIVE i...\",\"breadcrumb\":{\"@id\":\"https:\/\/dev.eliassen.nl\/de\/komplettes-wasserset-love\/#breadcrumb\"},\"inLanguage\":\"de\",\"potentialAction\":[{\"@type\":\"ReadAction\",\"target\":[\"https:\/\/dev.eliassen.nl\/de\/komplettes-wasserset-love\/\"]}]},{\"@type\":\"ImageObject\",\"inLanguage\":\"de\",\"@id\":\"https:\/\/dev.eliassen.nl\/de\/komplettes-wasserset-love\/#primaryimage\",\"url\":\"https:\/\/dev.eliassen.nl\/wp-content\/uploads\/2024\/01\/terrasfonteincompletesetloveeliassennl.jpg\",\"contentUrl\":\"https:\/\/dev.eliassen.nl\/wp-content\/uploads\/2024\/01\/terrasfonteincompletesetloveeliassennl.jpg\",\"width\":813,\"height\":1024,\"caption\":\"Terrasfontein complete set Love - Eliassen.nl\"},{\"@type\":\"BreadcrumbList\",\"@id\":\"https:\/\/dev.eliassen.nl\/de\/komplettes-wasserset-love\/#breadcrumb\",\"itemListElement\":[{\"@type\":\"ListItem\",\"position\":1,\"name\":\"Home\",\"item\":\"https:\/\/dev.eliassen.nl\/de\/\"},{\"@type\":\"ListItem\",\"position\":2,\"name\":\"Shop\",\"item\":\"https:\/\/dev.eliassen.nl\/nl\/winkel\/\"},{\"@type\":\"ListItem\",\"position\":3,\"name\":\"Wasserspiele\",\"item\":\"https:\/\/dev.eliassen.nl\/de\/wassereigenschaften\/\"},{\"@type\":\"ListItem\",\"position\":4,\"name\":\"Einzigartige eigene Modelle von losen Wasserspielen\",\"item\":\"https:\/\/dev.eliassen.nl\/de\/wassereigenschaften\/einzigartige-eigene-modelle-von-losen-wasserspiele\/\"},{\"@type\":\"ListItem\",\"position\":5,\"name\":\"Komplettes Wasserset Love\"}]},{\"@type\":\"WebSite\",\"@id\":\"https:\/\/dev.eliassen.nl\/de\/#website\",\"url\":\"https:\/\/dev.eliassen.nl\/de\/\",\"name\":\"Eliassen Home & Garden Pleasure\",\"description\":\"\",\"publisher\":{\"@id\":\"https:\/\/dev.eliassen.nl\/de\/#organization\"},\"alternateName\":\"Eliassen.nl\",\"potentialAction\":[{\"@type\":\"SearchAction\",\"target\":{\"@type\":\"EntryPoint\",\"urlTemplate\":\"https:\/\/dev.eliassen.nl\/de\/?s={search_term_string}\"},\"query-input\":{\"@type\":\"PropertyValueSpecification\",\"valueRequired\":true,\"valueName\":\"search_term_string\"}}],\"inLanguage\":\"de\"},{\"@type\":\"Organization\",\"@id\":\"https:\/\/dev.eliassen.nl\/de\/#organization\",\"name\":\"Eliassen Home & Garden Pleasure\",\"url\":\"https:\/\/dev.eliassen.nl\/de\/\",\"logo\":{\"@type\":\"ImageObject\",\"inLanguage\":\"de\",\"@id\":\"https:\/\/dev.eliassen.nl\/de\/#\/schema\/logo\/image\/\",\"url\":\"https:\/\/www.eliassen.nl\/wp-content\/uploads\/2024\/01\/logo_4nd.jpg\",\"contentUrl\":\"https:\/\/www.eliassen.nl\/wp-content\/uploads\/2024\/01\/logo_4nd.jpg\",\"width\":500,\"height\":500,\"caption\":\"Eliassen Home & Garden Pleasure\"},\"image\":{\"@id\":\"https:\/\/dev.eliassen.nl\/de\/#\/schema\/logo\/image\/\"},\"sameAs\":[\"https:\/\/www.facebook.com\/TuincentrumEliassenAmmerzoden\",\"https:\/\/www.instagram.com\/eliassenhomeandgarden\/\",\"https:\/\/nl.pinterest.com\/eliassenhomeandgarden\/\",\"https:\/\/www.youtube.com\/@eliassenhomegardenpleasure4558\"]}]}<\/script>\n<!-- \/ Yoast SEO plugin. -->","yoast_head_json":{"title":"Terrassenbrunnen Komplettset Love | Einzigartiges Design! | Eliassen.nl","description":"Terrassenbrunnen Komplettset aus Granitstein. Mit Grabeimer, Polyesterdeckel, Pumpe und LED-Lampe. Komplett-Set! Sehen Sie sich LIVE +300 Wasserspiele LIVE i...","robots":{"index":"noindex","follow":"follow","max-snippet":"max-snippet:-1","max-image-preview":"max-image-preview:large","max-video-preview":"max-video-preview:-1"},"og_locale":"de_DE","og_type":"article","og_title":"Terrassenbrunnen Komplettset Love | Einzigartiges Design! | Eliassen.nl","og_description":"Terrassenbrunnen Komplettset aus Granitstein. Mit Grabeimer, Polyesterdeckel, Pumpe und LED-Lampe. Komplett-Set! Sehen Sie sich LIVE +300 Wasserspiele LIVE i...","og_url":"https:\/\/dev.eliassen.nl\/de\/komplettes-wasserset-love\/","og_site_name":"Eliassen.nl","article_publisher":"https:\/\/www.facebook.com\/TuincentrumEliassenAmmerzoden","article_modified_time":"2024-12-05T14:14:25+00:00","og_image":[{"width":813,"height":1024,"url":"https:\/\/dev.eliassen.nl\/wp-content\/uploads\/2024\/01\/terrasfonteincompletesetloveeliassennl.jpg","type":"image\/jpeg"}],"twitter_card":"summary_large_image","schema":{"@context":"https:\/\/schema.org","@graph":[{"@type":"WebPage","@id":"https:\/\/dev.eliassen.nl\/de\/komplettes-wasserset-love\/","url":"https:\/\/dev.eliassen.nl\/de\/komplettes-wasserset-love\/","name":"Terrassenbrunnen Komplettset Love | Einzigartiges Design! | Eliassen.nl","isPartOf":{"@id":"https:\/\/dev.eliassen.nl\/de\/#website"},"primaryImageOfPage":{"@id":"https:\/\/dev.eliassen.nl\/de\/komplettes-wasserset-love\/#primaryimage"},"image":{"@id":"https:\/\/dev.eliassen.nl\/de\/komplettes-wasserset-love\/#primaryimage"},"thumbnailUrl":"https:\/\/dev.eliassen.nl\/wp-content\/uploads\/2024\/01\/terrasfonteincompletesetloveeliassennl.jpg","datePublished":"2019-10-28T16:08:39+00:00","dateModified":"2024-12-05T14:14:25+00:00","description":"Terrassenbrunnen Komplettset aus Granitstein. Mit Grabeimer, Polyesterdeckel, Pumpe und LED-Lampe. Komplett-Set! Sehen Sie sich LIVE +300 Wasserspiele LIVE i...","breadcrumb":{"@id":"https:\/\/dev.eliassen.nl\/de\/komplettes-wasserset-love\/#breadcrumb"},"inLanguage":"de","potentialAction":[{"@type":"ReadAction","target":["https:\/\/dev.eliassen.nl\/de\/komplettes-wasserset-love\/"]}]},{"@type":"ImageObject","inLanguage":"de","@id":"https:\/\/dev.eliassen.nl\/de\/komplettes-wasserset-love\/#primaryimage","url":"https:\/\/dev.eliassen.nl\/wp-content\/uploads\/2024\/01\/terrasfonteincompletesetloveeliassennl.jpg","contentUrl":"https:\/\/dev.eliassen.nl\/wp-content\/uploads\/2024\/01\/terrasfonteincompletesetloveeliassennl.jpg","width":813,"height":1024,"caption":"Terrasfontein complete set Love - Eliassen.nl"},{"@type":"BreadcrumbList","@id":"https:\/\/dev.eliassen.nl\/de\/komplettes-wasserset-love\/#breadcrumb","itemListElement":[{"@type":"ListItem","position":1,"name":"Home","item":"https:\/\/dev.eliassen.nl\/de\/"},{"@type":"ListItem","position":2,"name":"Shop","item":"https:\/\/dev.eliassen.nl\/nl\/winkel\/"},{"@type":"ListItem","position":3,"name":"Wasserspiele","item":"https:\/\/dev.eliassen.nl\/de\/wassereigenschaften\/"},{"@type":"ListItem","position":4,"name":"Einzigartige eigene Modelle von losen Wasserspielen","item":"https:\/\/dev.eliassen.nl\/de\/wassereigenschaften\/einzigartige-eigene-modelle-von-losen-wasserspiele\/"},{"@type":"ListItem","position":5,"name":"Komplettes Wasserset Love"}]},{"@type":"WebSite","@id":"https:\/\/dev.eliassen.nl\/de\/#website","url":"https:\/\/dev.eliassen.nl\/de\/","name":"Eliassen Home & Garden Pleasure","description":"","publisher":{"@id":"https:\/\/dev.eliassen.nl\/de\/#organization"},"alternateName":"Eliassen.nl","potentialAction":[{"@type":"SearchAction","target":{"@type":"EntryPoint","urlTemplate":"https:\/\/dev.eliassen.nl\/de\/?s={search_term_string}"},"query-input":{"@type":"PropertyValueSpecification","valueRequired":true,"valueName":"search_term_string"}}],"inLanguage":"de"},{"@type":"Organization","@id":"https:\/\/dev.eliassen.nl\/de\/#organization","name":"Eliassen Home & Garden Pleasure","url":"https:\/\/dev.eliassen.nl\/de\/","logo":{"@type":"ImageObject","inLanguage":"de","@id":"https:\/\/dev.eliassen.nl\/de\/#\/schema\/logo\/image\/","url":"https:\/\/www.eliassen.nl\/wp-content\/uploads\/2024\/01\/logo_4nd.jpg","contentUrl":"https:\/\/www.eliassen.nl\/wp-content\/uploads\/2024\/01\/logo_4nd.jpg","width":500,"height":500,"caption":"Eliassen Home & Garden Pleasure"},"image":{"@id":"https:\/\/dev.eliassen.nl\/de\/#\/schema\/logo\/image\/"},"sameAs":["https:\/\/www.facebook.com\/TuincentrumEliassenAmmerzoden","https:\/\/www.instagram.com\/eliassenhomeandgarden\/","https:\/\/nl.pinterest.com\/eliassenhomeandgarden\/","https:\/\/www.youtube.com\/@eliassenhomegardenpleasure4558"]}]}},"df_price":495,"df_sale_price":"","df_regular_price":495,"df_image_link":"https:\/\/dev.eliassen.nl\/wp-content\/uploads\/2024\/01\/terrasfonteincompletesetloveeliassennl.jpg","image":"https:\/\/dev.eliassen.nl\/wp-content\/uploads\/2024\/01\/terrasfonteincompletesetloveeliassennl.jpg","price_search":"<span class=\"woocommerce-Price-amount amount\"><bdi><span class=\"woocommerce-Price-currencySymbol\">&euro;<\/span>&nbsp;495,00<\/bdi><\/span>","category":"Einzigartige eigene Modelle von losen Wasserspielen","_links":{"self":[{"href":"https:\/\/dev.eliassen.nl\/de\/wp-json\/wp\/v2\/product\/10603","targetHints":{"allow":["GET"]}}],"collection":[{"href":"https:\/\/dev.eliassen.nl\/de\/wp-json\/wp\/v2\/product"}],"about":[{"href":"https:\/\/dev.eliassen.nl\/de\/wp-json\/wp\/v2\/types\/product"}],"wp:featuredmedia":[{"embeddable":true,"href":"https:\/\/dev.eliassen.nl\/de\/wp-json\/wp\/v2\/media\/10597"}],"wp:attachment":[{"href":"https:\/\/dev.eliassen.nl\/de\/wp-json\/wp\/v2\/media?parent=10603"}],"wp:term":[{"taxonomy":"product_brand","embeddable":true,"href":"https:\/\/dev.eliassen.nl\/de\/wp-json\/wp\/v2\/product_brand?post=10603"},{"taxonomy":"product_cat","embeddable":true,"href":"https:\/\/dev.eliassen.nl\/de\/wp-json\/wp\/v2\/product_cat?post=10603"},{"taxonomy":"product_tag","embeddable":true,"href":"https:\/\/dev.eliassen.nl\/de\/wp-json\/wp\/v2\/product_tag?post=10603"}],"curies":[{"name":"wp","href":"https:\/\/api.w.org\/{rel}","templated":true}]}}