{"id":10621,"date":"2019-10-28T17:08:50","date_gmt":"2019-10-28T16:08:50","guid":{"rendered":"https:\/\/www.eliassen.nl\/?product=eliassen-roll-wasser-funktion"},"modified":"2024-12-05T15:14:26","modified_gmt":"2024-12-05T14:14:26","slug":"rotierender-kugelbrunnen","status":"publish","type":"product","link":"https:\/\/dev.eliassen.nl\/de\/rotierender-kugelbrunnen\/","title":{"rendered":"Rotierender Kugelbrunnen"},"content":{"rendered":"<p>Ein sehr exklusives St\u00fcck, dieser rotierende Kugelbrunnen aus schwarzem Granit, eine superglatte Kugel mit einem Durchmesser von 50 cm, die sich durch den Wasserdruck der Pumpe dreht. Die Kugel dreht sich in einem grauen Granitsockel, der auf ein Hundertstel mm genau ausgeh\u00f6hlt ist, um einen sehr festen Sitz zu gew\u00e4hrleisten. Ein erhabenes und sehr pr\u00e4zises St\u00fcck Handwerkskunst. Sch\u00f6n in Ihrem Garten, aber auch f\u00fcr Bereiche in der N\u00e4he von Geb\u00e4uden.<\/p>\n<p>Weitere Informationen finden Sie in den Spezifikationen. Dieses Wasserkugelmodell ist nur bei uns in den Benelux-L\u00e4ndern erh\u00e4ltlich. Das gr\u00f6\u00dfte Sortiment in den Benelux-L\u00e4ndern!<\/p>\n<p>Wenn Sie eine Frage zu diesem Produkt haben oder weitere Informationen ben\u00f6tigen, k\u00f6nnen Sie sich gerne an uns wenden.<\/p>\n<p>Sehen Sie sich das Video unten f\u00fcr einen Eindruck an: <iframe loading=\"lazy\" src=\"https:\/\/www.youtube.com\/embed\/qYMiTUExdCc?rel=0&amp;showinfo=0\" width=\"560\" height=\"315\" frameborder=\"0\" allowfullscreen=\"allowfullscreen\"><\/iframe><\/p>\n","protected":false},"excerpt":{"rendered":"<p>Ein sehr exklusives St\u00fcck, dieser rotierende Kugelbrunnen aus schwarzem Granit, eine superglatte Kugel mit einem Durchmesser von 50 cm, die sich durch den Wasserdruck der Pumpe dreht. Die Kugel dreht sich in einem grauen Granitsockel, der auf ein Hundertstel mm genau ausgeh\u00f6hlt ist, um einen sehr festen Sitz zu gew\u00e4hrleisten. Ein erhabenes und sehr pr\u00e4zises &hellip;<\/p>\n","protected":false},"featured_media":10612,"template":"","meta":{"_acf_changed":false},"product_brand":[6916],"product_cat":[539,551,569,536],"product_tag":[],"class_list":{"0":"post-10621","1":"product","2":"type-product","3":"status-publish","4":"has-post-thumbnail","6":"product_brand-eliassen-de","7":"product_cat-einzigartige-eigene-modelle-von-losen-wasserspiele","8":"product_cat-lose-wasserspiele","9":"product_cat-wasserbaelle","10":"product_cat-wassereigenschaften","12":"first","13":"instock","14":"taxable","15":"shipping-taxable","16":"purchasable","17":"product-type-simple"},"acf":[],"yoast_head":"<!-- This site is optimized with the Yoast SEO plugin v23.8 - https:\/\/yoast.com\/wordpress\/plugins\/seo\/ -->\n<title>Drehender Globusbrunnen | Exklusives Modell! | Eliassen.nl<\/title>\n<meta name=\"description\" content=\"Rotierender Kugelbrunnen in schwarzer Farbe. Sehr exklusives Modell! Pr\u00e4zises St\u00fcck Handwerkskunst. Besuchen Sie unseren Showroom und sehen Sie sich \u00fcber 300...\" \/>\n<meta name=\"robots\" content=\"noindex, follow, max-snippet:-1, max-image-preview:large, max-video-preview:-1\" \/>\n<meta property=\"og:locale\" content=\"de_DE\" \/>\n<meta property=\"og:type\" content=\"article\" \/>\n<meta property=\"og:title\" content=\"Drehender Globusbrunnen | Exklusives Modell! | Eliassen.nl\" \/>\n<meta property=\"og:description\" content=\"Rotierender Kugelbrunnen in schwarzer Farbe. Sehr exklusives Modell! Pr\u00e4zises St\u00fcck Handwerkskunst. Besuchen Sie unseren Showroom und sehen Sie sich \u00fcber 300...\" \/>\n<meta property=\"og:url\" content=\"https:\/\/dev.eliassen.nl\/de\/rotierender-kugelbrunnen\/\" \/>\n<meta property=\"og:site_name\" content=\"Eliassen.nl\" \/>\n<meta property=\"article:publisher\" content=\"https:\/\/www.facebook.com\/TuincentrumEliassenAmmerzoden\" \/>\n<meta property=\"article:modified_time\" content=\"2024-12-05T14:14:26+00:00\" \/>\n<meta property=\"og:image\" content=\"https:\/\/dev.eliassen.nl\/wp-content\/uploads\/2024\/01\/eliassendraaiendewereldbolfontein.jpg\" \/>\n\t<meta property=\"og:image:width\" content=\"716\" \/>\n\t<meta property=\"og:image:height\" content=\"1000\" \/>\n\t<meta property=\"og:image:type\" content=\"image\/jpeg\" \/>\n<meta name=\"twitter:card\" content=\"summary_large_image\" \/>\n<script type=\"application\/ld+json\" class=\"yoast-schema-graph\">{\"@context\":\"https:\/\/schema.org\",\"@graph\":[{\"@type\":\"WebPage\",\"@id\":\"https:\/\/dev.eliassen.nl\/de\/rotierender-kugelbrunnen\/\",\"url\":\"https:\/\/dev.eliassen.nl\/de\/rotierender-kugelbrunnen\/\",\"name\":\"Drehender Globusbrunnen | Exklusives Modell! | Eliassen.nl\",\"isPartOf\":{\"@id\":\"https:\/\/dev.eliassen.nl\/de\/#website\"},\"primaryImageOfPage\":{\"@id\":\"https:\/\/dev.eliassen.nl\/de\/rotierender-kugelbrunnen\/#primaryimage\"},\"image\":{\"@id\":\"https:\/\/dev.eliassen.nl\/de\/rotierender-kugelbrunnen\/#primaryimage\"},\"thumbnailUrl\":\"https:\/\/dev.eliassen.nl\/wp-content\/uploads\/2024\/01\/eliassendraaiendewereldbolfontein.jpg\",\"datePublished\":\"2019-10-28T16:08:50+00:00\",\"dateModified\":\"2024-12-05T14:14:26+00:00\",\"description\":\"Rotierender Kugelbrunnen in schwarzer Farbe. Sehr exklusives Modell! Pr\u00e4zises St\u00fcck Handwerkskunst. Besuchen Sie unseren Showroom und sehen Sie sich \u00fcber 300...\",\"breadcrumb\":{\"@id\":\"https:\/\/dev.eliassen.nl\/de\/rotierender-kugelbrunnen\/#breadcrumb\"},\"inLanguage\":\"de\",\"potentialAction\":[{\"@type\":\"ReadAction\",\"target\":[\"https:\/\/dev.eliassen.nl\/de\/rotierender-kugelbrunnen\/\"]}]},{\"@type\":\"ImageObject\",\"inLanguage\":\"de\",\"@id\":\"https:\/\/dev.eliassen.nl\/de\/rotierender-kugelbrunnen\/#primaryimage\",\"url\":\"https:\/\/dev.eliassen.nl\/wp-content\/uploads\/2024\/01\/eliassendraaiendewereldbolfontein.jpg\",\"contentUrl\":\"https:\/\/dev.eliassen.nl\/wp-content\/uploads\/2024\/01\/eliassendraaiendewereldbolfontein.jpg\",\"width\":716,\"height\":1000,\"caption\":\"eliassen-draaiende-wereldbol-fontein\"},{\"@type\":\"BreadcrumbList\",\"@id\":\"https:\/\/dev.eliassen.nl\/de\/rotierender-kugelbrunnen\/#breadcrumb\",\"itemListElement\":[{\"@type\":\"ListItem\",\"position\":1,\"name\":\"Home\",\"item\":\"https:\/\/dev.eliassen.nl\/de\/\"},{\"@type\":\"ListItem\",\"position\":2,\"name\":\"Shop\",\"item\":\"https:\/\/dev.eliassen.nl\/nl\/winkel\/\"},{\"@type\":\"ListItem\",\"position\":3,\"name\":\"Wasserspiele\",\"item\":\"https:\/\/dev.eliassen.nl\/de\/wassereigenschaften\/\"},{\"@type\":\"ListItem\",\"position\":4,\"name\":\"Einzigartige eigene Modelle von losen Wasserspielen\",\"item\":\"https:\/\/dev.eliassen.nl\/de\/wassereigenschaften\/einzigartige-eigene-modelle-von-losen-wasserspiele\/\"},{\"@type\":\"ListItem\",\"position\":5,\"name\":\"Rotierender Kugelbrunnen\"}]},{\"@type\":\"WebSite\",\"@id\":\"https:\/\/dev.eliassen.nl\/de\/#website\",\"url\":\"https:\/\/dev.eliassen.nl\/de\/\",\"name\":\"Eliassen Home & Garden Pleasure\",\"description\":\"\",\"publisher\":{\"@id\":\"https:\/\/dev.eliassen.nl\/de\/#organization\"},\"alternateName\":\"Eliassen.nl\",\"potentialAction\":[{\"@type\":\"SearchAction\",\"target\":{\"@type\":\"EntryPoint\",\"urlTemplate\":\"https:\/\/dev.eliassen.nl\/de\/?s={search_term_string}\"},\"query-input\":{\"@type\":\"PropertyValueSpecification\",\"valueRequired\":true,\"valueName\":\"search_term_string\"}}],\"inLanguage\":\"de\"},{\"@type\":\"Organization\",\"@id\":\"https:\/\/dev.eliassen.nl\/de\/#organization\",\"name\":\"Eliassen Home & Garden Pleasure\",\"url\":\"https:\/\/dev.eliassen.nl\/de\/\",\"logo\":{\"@type\":\"ImageObject\",\"inLanguage\":\"de\",\"@id\":\"https:\/\/dev.eliassen.nl\/de\/#\/schema\/logo\/image\/\",\"url\":\"https:\/\/www.eliassen.nl\/wp-content\/uploads\/2024\/01\/logo_4nd.jpg\",\"contentUrl\":\"https:\/\/www.eliassen.nl\/wp-content\/uploads\/2024\/01\/logo_4nd.jpg\",\"width\":500,\"height\":500,\"caption\":\"Eliassen Home & Garden Pleasure\"},\"image\":{\"@id\":\"https:\/\/dev.eliassen.nl\/de\/#\/schema\/logo\/image\/\"},\"sameAs\":[\"https:\/\/www.facebook.com\/TuincentrumEliassenAmmerzoden\",\"https:\/\/www.instagram.com\/eliassenhomeandgarden\/\",\"https:\/\/nl.pinterest.com\/eliassenhomeandgarden\/\",\"https:\/\/www.youtube.com\/@eliassenhomegardenpleasure4558\"]}]}<\/script>\n<!-- \/ Yoast SEO plugin. -->","yoast_head_json":{"title":"Drehender Globusbrunnen | Exklusives Modell! | Eliassen.nl","description":"Rotierender Kugelbrunnen in schwarzer Farbe. Sehr exklusives Modell! Pr\u00e4zises St\u00fcck Handwerkskunst. Besuchen Sie unseren Showroom und sehen Sie sich \u00fcber 300...","robots":{"index":"noindex","follow":"follow","max-snippet":"max-snippet:-1","max-image-preview":"max-image-preview:large","max-video-preview":"max-video-preview:-1"},"og_locale":"de_DE","og_type":"article","og_title":"Drehender Globusbrunnen | Exklusives Modell! | Eliassen.nl","og_description":"Rotierender Kugelbrunnen in schwarzer Farbe. Sehr exklusives Modell! Pr\u00e4zises St\u00fcck Handwerkskunst. Besuchen Sie unseren Showroom und sehen Sie sich \u00fcber 300...","og_url":"https:\/\/dev.eliassen.nl\/de\/rotierender-kugelbrunnen\/","og_site_name":"Eliassen.nl","article_publisher":"https:\/\/www.facebook.com\/TuincentrumEliassenAmmerzoden","article_modified_time":"2024-12-05T14:14:26+00:00","og_image":[{"width":716,"height":1000,"url":"https:\/\/dev.eliassen.nl\/wp-content\/uploads\/2024\/01\/eliassendraaiendewereldbolfontein.jpg","type":"image\/jpeg"}],"twitter_card":"summary_large_image","schema":{"@context":"https:\/\/schema.org","@graph":[{"@type":"WebPage","@id":"https:\/\/dev.eliassen.nl\/de\/rotierender-kugelbrunnen\/","url":"https:\/\/dev.eliassen.nl\/de\/rotierender-kugelbrunnen\/","name":"Drehender Globusbrunnen | Exklusives Modell! | Eliassen.nl","isPartOf":{"@id":"https:\/\/dev.eliassen.nl\/de\/#website"},"primaryImageOfPage":{"@id":"https:\/\/dev.eliassen.nl\/de\/rotierender-kugelbrunnen\/#primaryimage"},"image":{"@id":"https:\/\/dev.eliassen.nl\/de\/rotierender-kugelbrunnen\/#primaryimage"},"thumbnailUrl":"https:\/\/dev.eliassen.nl\/wp-content\/uploads\/2024\/01\/eliassendraaiendewereldbolfontein.jpg","datePublished":"2019-10-28T16:08:50+00:00","dateModified":"2024-12-05T14:14:26+00:00","description":"Rotierender Kugelbrunnen in schwarzer Farbe. Sehr exklusives Modell! Pr\u00e4zises St\u00fcck Handwerkskunst. Besuchen Sie unseren Showroom und sehen Sie sich \u00fcber 300...","breadcrumb":{"@id":"https:\/\/dev.eliassen.nl\/de\/rotierender-kugelbrunnen\/#breadcrumb"},"inLanguage":"de","potentialAction":[{"@type":"ReadAction","target":["https:\/\/dev.eliassen.nl\/de\/rotierender-kugelbrunnen\/"]}]},{"@type":"ImageObject","inLanguage":"de","@id":"https:\/\/dev.eliassen.nl\/de\/rotierender-kugelbrunnen\/#primaryimage","url":"https:\/\/dev.eliassen.nl\/wp-content\/uploads\/2024\/01\/eliassendraaiendewereldbolfontein.jpg","contentUrl":"https:\/\/dev.eliassen.nl\/wp-content\/uploads\/2024\/01\/eliassendraaiendewereldbolfontein.jpg","width":716,"height":1000,"caption":"eliassen-draaiende-wereldbol-fontein"},{"@type":"BreadcrumbList","@id":"https:\/\/dev.eliassen.nl\/de\/rotierender-kugelbrunnen\/#breadcrumb","itemListElement":[{"@type":"ListItem","position":1,"name":"Home","item":"https:\/\/dev.eliassen.nl\/de\/"},{"@type":"ListItem","position":2,"name":"Shop","item":"https:\/\/dev.eliassen.nl\/nl\/winkel\/"},{"@type":"ListItem","position":3,"name":"Wasserspiele","item":"https:\/\/dev.eliassen.nl\/de\/wassereigenschaften\/"},{"@type":"ListItem","position":4,"name":"Einzigartige eigene Modelle von losen Wasserspielen","item":"https:\/\/dev.eliassen.nl\/de\/wassereigenschaften\/einzigartige-eigene-modelle-von-losen-wasserspiele\/"},{"@type":"ListItem","position":5,"name":"Rotierender Kugelbrunnen"}]},{"@type":"WebSite","@id":"https:\/\/dev.eliassen.nl\/de\/#website","url":"https:\/\/dev.eliassen.nl\/de\/","name":"Eliassen Home & Garden Pleasure","description":"","publisher":{"@id":"https:\/\/dev.eliassen.nl\/de\/#organization"},"alternateName":"Eliassen.nl","potentialAction":[{"@type":"SearchAction","target":{"@type":"EntryPoint","urlTemplate":"https:\/\/dev.eliassen.nl\/de\/?s={search_term_string}"},"query-input":{"@type":"PropertyValueSpecification","valueRequired":true,"valueName":"search_term_string"}}],"inLanguage":"de"},{"@type":"Organization","@id":"https:\/\/dev.eliassen.nl\/de\/#organization","name":"Eliassen Home & Garden Pleasure","url":"https:\/\/dev.eliassen.nl\/de\/","logo":{"@type":"ImageObject","inLanguage":"de","@id":"https:\/\/dev.eliassen.nl\/de\/#\/schema\/logo\/image\/","url":"https:\/\/www.eliassen.nl\/wp-content\/uploads\/2024\/01\/logo_4nd.jpg","contentUrl":"https:\/\/www.eliassen.nl\/wp-content\/uploads\/2024\/01\/logo_4nd.jpg","width":500,"height":500,"caption":"Eliassen Home & Garden Pleasure"},"image":{"@id":"https:\/\/dev.eliassen.nl\/de\/#\/schema\/logo\/image\/"},"sameAs":["https:\/\/www.facebook.com\/TuincentrumEliassenAmmerzoden","https:\/\/www.instagram.com\/eliassenhomeandgarden\/","https:\/\/nl.pinterest.com\/eliassenhomeandgarden\/","https:\/\/www.youtube.com\/@eliassenhomegardenpleasure4558"]}]}},"df_price":3200,"df_sale_price":"","df_regular_price":3200,"df_image_link":"https:\/\/dev.eliassen.nl\/wp-content\/uploads\/2024\/01\/eliassendraaiendewereldbolfontein.jpg","image":"https:\/\/dev.eliassen.nl\/wp-content\/uploads\/2024\/01\/eliassendraaiendewereldbolfontein.jpg","price_search":"<span class=\"woocommerce-Price-amount amount\"><bdi><span class=\"woocommerce-Price-currencySymbol\">&euro;<\/span>&nbsp;3.200,00<\/bdi><\/span>","category":"Einzigartige eigene Modelle von losen Wasserspielen","_links":{"self":[{"href":"https:\/\/dev.eliassen.nl\/de\/wp-json\/wp\/v2\/product\/10621","targetHints":{"allow":["GET"]}}],"collection":[{"href":"https:\/\/dev.eliassen.nl\/de\/wp-json\/wp\/v2\/product"}],"about":[{"href":"https:\/\/dev.eliassen.nl\/de\/wp-json\/wp\/v2\/types\/product"}],"wp:featuredmedia":[{"embeddable":true,"href":"https:\/\/dev.eliassen.nl\/de\/wp-json\/wp\/v2\/media\/10612"}],"wp:attachment":[{"href":"https:\/\/dev.eliassen.nl\/de\/wp-json\/wp\/v2\/media?parent=10621"}],"wp:term":[{"taxonomy":"product_brand","embeddable":true,"href":"https:\/\/dev.eliassen.nl\/de\/wp-json\/wp\/v2\/product_brand?post=10621"},{"taxonomy":"product_cat","embeddable":true,"href":"https:\/\/dev.eliassen.nl\/de\/wp-json\/wp\/v2\/product_cat?post=10621"},{"taxonomy":"product_tag","embeddable":true,"href":"https:\/\/dev.eliassen.nl\/de\/wp-json\/wp\/v2\/product_tag?post=10621"}],"curies":[{"name":"wp","href":"https:\/\/api.w.org\/{rel}","templated":true}]}}