{"id":10726,"date":"2019-10-28T17:10:13","date_gmt":"2019-10-28T16:10:13","guid":{"rendered":"https:\/\/www.eliassen.nl\/?product=apollo-bronze-sonnenuhr"},"modified":"2024-12-05T15:14:37","modified_gmt":"2024-12-05T14:14:37","slug":"sonnenuhr-bronze-apollo","status":"publish","type":"product","link":"https:\/\/dev.eliassen.nl\/de\/sonnenuhr-bronze-apollo\/","title":{"rendered":"Sonnenuhr Bronze Apollo"},"content":{"rendered":"<p>Versch\u00f6nern Sie Ihren Garten oder Ihr Zuhause mit einer Sonnenuhr aus Bronze. Die authentische Optik dieser Sonnenuhr ist eine wahre Augenweide, wenn Sie authentische Statuen und Sonnenuhren aus Bronze, Messing oder Kupfer m\u00f6gen.<\/p>\n<p><em>Wie funktionieren Sonnenuhren?<\/em><\/p>\n<p>Eine Sonnenuhr dient als Werkzeug, um die Zeit mithilfe der Sonne anzuzeigen. Diese kann beispielsweise in Form einer Fl\u00e4che oder in Form einer Scheibe vorliegen.<\/p>\n<p>Der Kupfergehalt dieser Sonnenuhr aus Bronze betr\u00e4gt mindestens 75 %. Dies garantiert eine sehr lange Lebensdauer. Die meisten Statuen haben an der Unterseite ein M8-Gewinde, mit dem eine Statue beispielsweise an einer S\u00e4ule befestigt werden kann.<\/p>\n<p>Wir haben eine gro\u00dfe Auswahl an verschiedenen Sonnenuhren aus Bronze. Diese k\u00f6nnen auf der Website eingesehen werden, aber Sie k\u00f6nnen auch unseren Showroom besuchen, um sie live zu erleben!<\/p>\n<ul>\n<li>Abmessungen: 73 x 33 x 53 cm<\/li>\n<li>Material: Bronze<\/li>\n<\/ul>\n","protected":false},"excerpt":{"rendered":"<p>sonnenuhr apollo bronze<\/p>\n","protected":false},"featured_media":10714,"template":"","meta":{"_acf_changed":false},"product_brand":[6916],"product_cat":[647,613,755,752,7239],"product_tag":[],"class_list":{"0":"post-10726","1":"product","2":"type-product","3":"status-publish","4":"has-post-thumbnail","6":"product_brand-eliassen-de","7":"product_cat-bronzene-sonnenuhren","8":"product_cat-bronzestatuen","9":"product_cat-sonnenuhren","10":"product_cat-weitere-artikel","11":"product_cat-statuen-skulpturen","13":"first","14":"instock","15":"taxable","16":"shipping-taxable","17":"purchasable","18":"product-type-simple"},"acf":[],"yoast_head":"<!-- This site is optimized with the Yoast SEO plugin v23.8 - https:\/\/yoast.com\/wordpress\/plugins\/seo\/ -->\n<title>Sonnenuhr Bronze Apollo | Eliassen.nl<\/title>\n<meta name=\"description\" content=\"Bei Eliassen k\u00f6nnen Sie Sonnenuhr Bronze Apollo online kaufen oder live im Showroom ansehen. Wir haben die sch\u00f6nsten Gartensonnenuhren \u2713 live ansehen \u2713 echte...\" \/>\n<meta name=\"robots\" content=\"noindex, follow, max-snippet:-1, max-image-preview:large, max-video-preview:-1\" \/>\n<meta property=\"og:locale\" content=\"de_DE\" \/>\n<meta property=\"og:type\" content=\"article\" \/>\n<meta property=\"og:title\" content=\"Sonnenuhr Bronze Apollo | Eliassen.nl\" \/>\n<meta property=\"og:description\" content=\"Bei Eliassen k\u00f6nnen Sie Sonnenuhr Bronze Apollo online kaufen oder live im Showroom ansehen. Wir haben die sch\u00f6nsten Gartensonnenuhren \u2713 live ansehen \u2713 echte...\" \/>\n<meta property=\"og:url\" content=\"https:\/\/dev.eliassen.nl\/de\/sonnenuhr-bronze-apollo\/\" \/>\n<meta property=\"og:site_name\" content=\"Eliassen.nl\" \/>\n<meta property=\"article:publisher\" content=\"https:\/\/www.facebook.com\/TuincentrumEliassenAmmerzoden\" \/>\n<meta property=\"article:modified_time\" content=\"2024-12-05T14:14:37+00:00\" \/>\n<meta property=\"og:image\" content=\"https:\/\/dev.eliassen.nl\/wp-content\/uploads\/2024\/01\/eliassenzonnewijzerbronsapolloga1165eliasse.jpg\" \/>\n\t<meta property=\"og:image:width\" content=\"800\" \/>\n\t<meta property=\"og:image:height\" content=\"800\" \/>\n\t<meta property=\"og:image:type\" content=\"image\/jpeg\" \/>\n<meta name=\"twitter:card\" content=\"summary_large_image\" \/>\n<script type=\"application\/ld+json\" class=\"yoast-schema-graph\">{\"@context\":\"https:\/\/schema.org\",\"@graph\":[{\"@type\":\"WebPage\",\"@id\":\"https:\/\/dev.eliassen.nl\/de\/sonnenuhr-bronze-apollo\/\",\"url\":\"https:\/\/dev.eliassen.nl\/de\/sonnenuhr-bronze-apollo\/\",\"name\":\"Sonnenuhr Bronze Apollo | Eliassen.nl\",\"isPartOf\":{\"@id\":\"https:\/\/dev.eliassen.nl\/de\/#website\"},\"primaryImageOfPage\":{\"@id\":\"https:\/\/dev.eliassen.nl\/de\/sonnenuhr-bronze-apollo\/#primaryimage\"},\"image\":{\"@id\":\"https:\/\/dev.eliassen.nl\/de\/sonnenuhr-bronze-apollo\/#primaryimage\"},\"thumbnailUrl\":\"https:\/\/dev.eliassen.nl\/wp-content\/uploads\/2024\/01\/eliassenzonnewijzerbronsapolloga1165eliasse.jpg\",\"datePublished\":\"2019-10-28T16:10:13+00:00\",\"dateModified\":\"2024-12-05T14:14:37+00:00\",\"description\":\"Bei Eliassen k\u00f6nnen Sie Sonnenuhr Bronze Apollo online kaufen oder live im Showroom ansehen. Wir haben die sch\u00f6nsten Gartensonnenuhren \u2713 live ansehen \u2713 echte...\",\"breadcrumb\":{\"@id\":\"https:\/\/dev.eliassen.nl\/de\/sonnenuhr-bronze-apollo\/#breadcrumb\"},\"inLanguage\":\"de\",\"potentialAction\":[{\"@type\":\"ReadAction\",\"target\":[\"https:\/\/dev.eliassen.nl\/de\/sonnenuhr-bronze-apollo\/\"]}]},{\"@type\":\"ImageObject\",\"inLanguage\":\"de\",\"@id\":\"https:\/\/dev.eliassen.nl\/de\/sonnenuhr-bronze-apollo\/#primaryimage\",\"url\":\"https:\/\/dev.eliassen.nl\/wp-content\/uploads\/2024\/01\/eliassenzonnewijzerbronsapolloga1165eliasse.jpg\",\"contentUrl\":\"https:\/\/dev.eliassen.nl\/wp-content\/uploads\/2024\/01\/eliassenzonnewijzerbronsapolloga1165eliasse.jpg\",\"width\":800,\"height\":800,\"caption\":\"Eliassen Zonnewijzer brons Apollo Ga1165 - Eliassen.nl\"},{\"@type\":\"BreadcrumbList\",\"@id\":\"https:\/\/dev.eliassen.nl\/de\/sonnenuhr-bronze-apollo\/#breadcrumb\",\"itemListElement\":[{\"@type\":\"ListItem\",\"position\":1,\"name\":\"Home\",\"item\":\"https:\/\/dev.eliassen.nl\/de\/\"},{\"@type\":\"ListItem\",\"position\":2,\"name\":\"Shop\",\"item\":\"https:\/\/dev.eliassen.nl\/nl\/winkel\/\"},{\"@type\":\"ListItem\",\"position\":3,\"name\":\"Bronzestatuen\",\"item\":\"https:\/\/dev.eliassen.nl\/de\/bilder\/bronzestatuen\/\"},{\"@type\":\"ListItem\",\"position\":4,\"name\":\"Bronzene Sonnenuhren\",\"item\":\"https:\/\/dev.eliassen.nl\/de\/bilder\/bronzestatuen\/bronzene-sonnenuhren\/\"},{\"@type\":\"ListItem\",\"position\":5,\"name\":\"Sonnenuhr Bronze Apollo\"}]},{\"@type\":\"WebSite\",\"@id\":\"https:\/\/dev.eliassen.nl\/de\/#website\",\"url\":\"https:\/\/dev.eliassen.nl\/de\/\",\"name\":\"Eliassen Home & Garden Pleasure\",\"description\":\"\",\"publisher\":{\"@id\":\"https:\/\/dev.eliassen.nl\/de\/#organization\"},\"alternateName\":\"Eliassen.nl\",\"potentialAction\":[{\"@type\":\"SearchAction\",\"target\":{\"@type\":\"EntryPoint\",\"urlTemplate\":\"https:\/\/dev.eliassen.nl\/de\/?s={search_term_string}\"},\"query-input\":{\"@type\":\"PropertyValueSpecification\",\"valueRequired\":true,\"valueName\":\"search_term_string\"}}],\"inLanguage\":\"de\"},{\"@type\":\"Organization\",\"@id\":\"https:\/\/dev.eliassen.nl\/de\/#organization\",\"name\":\"Eliassen Home & Garden Pleasure\",\"url\":\"https:\/\/dev.eliassen.nl\/de\/\",\"logo\":{\"@type\":\"ImageObject\",\"inLanguage\":\"de\",\"@id\":\"https:\/\/dev.eliassen.nl\/de\/#\/schema\/logo\/image\/\",\"url\":\"https:\/\/www.eliassen.nl\/wp-content\/uploads\/2024\/01\/logo_4nd.jpg\",\"contentUrl\":\"https:\/\/www.eliassen.nl\/wp-content\/uploads\/2024\/01\/logo_4nd.jpg\",\"width\":500,\"height\":500,\"caption\":\"Eliassen Home & Garden Pleasure\"},\"image\":{\"@id\":\"https:\/\/dev.eliassen.nl\/de\/#\/schema\/logo\/image\/\"},\"sameAs\":[\"https:\/\/www.facebook.com\/TuincentrumEliassenAmmerzoden\",\"https:\/\/www.instagram.com\/eliassenhomeandgarden\/\",\"https:\/\/nl.pinterest.com\/eliassenhomeandgarden\/\",\"https:\/\/www.youtube.com\/@eliassenhomegardenpleasure4558\"]}]}<\/script>\n<!-- \/ Yoast SEO plugin. -->","yoast_head_json":{"title":"Sonnenuhr Bronze Apollo | Eliassen.nl","description":"Bei Eliassen k\u00f6nnen Sie Sonnenuhr Bronze Apollo online kaufen oder live im Showroom ansehen. Wir haben die sch\u00f6nsten Gartensonnenuhren \u2713 live ansehen \u2713 echte...","robots":{"index":"noindex","follow":"follow","max-snippet":"max-snippet:-1","max-image-preview":"max-image-preview:large","max-video-preview":"max-video-preview:-1"},"og_locale":"de_DE","og_type":"article","og_title":"Sonnenuhr Bronze Apollo | Eliassen.nl","og_description":"Bei Eliassen k\u00f6nnen Sie Sonnenuhr Bronze Apollo online kaufen oder live im Showroom ansehen. Wir haben die sch\u00f6nsten Gartensonnenuhren \u2713 live ansehen \u2713 echte...","og_url":"https:\/\/dev.eliassen.nl\/de\/sonnenuhr-bronze-apollo\/","og_site_name":"Eliassen.nl","article_publisher":"https:\/\/www.facebook.com\/TuincentrumEliassenAmmerzoden","article_modified_time":"2024-12-05T14:14:37+00:00","og_image":[{"width":800,"height":800,"url":"https:\/\/dev.eliassen.nl\/wp-content\/uploads\/2024\/01\/eliassenzonnewijzerbronsapolloga1165eliasse.jpg","type":"image\/jpeg"}],"twitter_card":"summary_large_image","schema":{"@context":"https:\/\/schema.org","@graph":[{"@type":"WebPage","@id":"https:\/\/dev.eliassen.nl\/de\/sonnenuhr-bronze-apollo\/","url":"https:\/\/dev.eliassen.nl\/de\/sonnenuhr-bronze-apollo\/","name":"Sonnenuhr Bronze Apollo | Eliassen.nl","isPartOf":{"@id":"https:\/\/dev.eliassen.nl\/de\/#website"},"primaryImageOfPage":{"@id":"https:\/\/dev.eliassen.nl\/de\/sonnenuhr-bronze-apollo\/#primaryimage"},"image":{"@id":"https:\/\/dev.eliassen.nl\/de\/sonnenuhr-bronze-apollo\/#primaryimage"},"thumbnailUrl":"https:\/\/dev.eliassen.nl\/wp-content\/uploads\/2024\/01\/eliassenzonnewijzerbronsapolloga1165eliasse.jpg","datePublished":"2019-10-28T16:10:13+00:00","dateModified":"2024-12-05T14:14:37+00:00","description":"Bei Eliassen k\u00f6nnen Sie Sonnenuhr Bronze Apollo online kaufen oder live im Showroom ansehen. Wir haben die sch\u00f6nsten Gartensonnenuhren \u2713 live ansehen \u2713 echte...","breadcrumb":{"@id":"https:\/\/dev.eliassen.nl\/de\/sonnenuhr-bronze-apollo\/#breadcrumb"},"inLanguage":"de","potentialAction":[{"@type":"ReadAction","target":["https:\/\/dev.eliassen.nl\/de\/sonnenuhr-bronze-apollo\/"]}]},{"@type":"ImageObject","inLanguage":"de","@id":"https:\/\/dev.eliassen.nl\/de\/sonnenuhr-bronze-apollo\/#primaryimage","url":"https:\/\/dev.eliassen.nl\/wp-content\/uploads\/2024\/01\/eliassenzonnewijzerbronsapolloga1165eliasse.jpg","contentUrl":"https:\/\/dev.eliassen.nl\/wp-content\/uploads\/2024\/01\/eliassenzonnewijzerbronsapolloga1165eliasse.jpg","width":800,"height":800,"caption":"Eliassen Zonnewijzer brons Apollo Ga1165 - Eliassen.nl"},{"@type":"BreadcrumbList","@id":"https:\/\/dev.eliassen.nl\/de\/sonnenuhr-bronze-apollo\/#breadcrumb","itemListElement":[{"@type":"ListItem","position":1,"name":"Home","item":"https:\/\/dev.eliassen.nl\/de\/"},{"@type":"ListItem","position":2,"name":"Shop","item":"https:\/\/dev.eliassen.nl\/nl\/winkel\/"},{"@type":"ListItem","position":3,"name":"Bronzestatuen","item":"https:\/\/dev.eliassen.nl\/de\/bilder\/bronzestatuen\/"},{"@type":"ListItem","position":4,"name":"Bronzene Sonnenuhren","item":"https:\/\/dev.eliassen.nl\/de\/bilder\/bronzestatuen\/bronzene-sonnenuhren\/"},{"@type":"ListItem","position":5,"name":"Sonnenuhr Bronze Apollo"}]},{"@type":"WebSite","@id":"https:\/\/dev.eliassen.nl\/de\/#website","url":"https:\/\/dev.eliassen.nl\/de\/","name":"Eliassen Home & Garden Pleasure","description":"","publisher":{"@id":"https:\/\/dev.eliassen.nl\/de\/#organization"},"alternateName":"Eliassen.nl","potentialAction":[{"@type":"SearchAction","target":{"@type":"EntryPoint","urlTemplate":"https:\/\/dev.eliassen.nl\/de\/?s={search_term_string}"},"query-input":{"@type":"PropertyValueSpecification","valueRequired":true,"valueName":"search_term_string"}}],"inLanguage":"de"},{"@type":"Organization","@id":"https:\/\/dev.eliassen.nl\/de\/#organization","name":"Eliassen Home & Garden Pleasure","url":"https:\/\/dev.eliassen.nl\/de\/","logo":{"@type":"ImageObject","inLanguage":"de","@id":"https:\/\/dev.eliassen.nl\/de\/#\/schema\/logo\/image\/","url":"https:\/\/www.eliassen.nl\/wp-content\/uploads\/2024\/01\/logo_4nd.jpg","contentUrl":"https:\/\/www.eliassen.nl\/wp-content\/uploads\/2024\/01\/logo_4nd.jpg","width":500,"height":500,"caption":"Eliassen Home & Garden Pleasure"},"image":{"@id":"https:\/\/dev.eliassen.nl\/de\/#\/schema\/logo\/image\/"},"sameAs":["https:\/\/www.facebook.com\/TuincentrumEliassenAmmerzoden","https:\/\/www.instagram.com\/eliassenhomeandgarden\/","https:\/\/nl.pinterest.com\/eliassenhomeandgarden\/","https:\/\/www.youtube.com\/@eliassenhomegardenpleasure4558"]}]}},"df_price":679,"df_sale_price":"","df_regular_price":679,"df_image_link":"https:\/\/dev.eliassen.nl\/wp-content\/uploads\/2024\/01\/eliassenzonnewijzerbronsapolloga1165eliasse.jpg","image":"https:\/\/dev.eliassen.nl\/wp-content\/uploads\/2024\/01\/eliassenzonnewijzerbronsapolloga1165eliasse.jpg","price_search":"<span class=\"woocommerce-Price-amount amount\"><bdi><span class=\"woocommerce-Price-currencySymbol\">&euro;<\/span>&nbsp;679,00<\/bdi><\/span>","category":"Bronzene Sonnenuhren","_links":{"self":[{"href":"https:\/\/dev.eliassen.nl\/de\/wp-json\/wp\/v2\/product\/10726","targetHints":{"allow":["GET"]}}],"collection":[{"href":"https:\/\/dev.eliassen.nl\/de\/wp-json\/wp\/v2\/product"}],"about":[{"href":"https:\/\/dev.eliassen.nl\/de\/wp-json\/wp\/v2\/types\/product"}],"wp:featuredmedia":[{"embeddable":true,"href":"https:\/\/dev.eliassen.nl\/de\/wp-json\/wp\/v2\/media\/10714"}],"wp:attachment":[{"href":"https:\/\/dev.eliassen.nl\/de\/wp-json\/wp\/v2\/media?parent=10726"}],"wp:term":[{"taxonomy":"product_brand","embeddable":true,"href":"https:\/\/dev.eliassen.nl\/de\/wp-json\/wp\/v2\/product_brand?post=10726"},{"taxonomy":"product_cat","embeddable":true,"href":"https:\/\/dev.eliassen.nl\/de\/wp-json\/wp\/v2\/product_cat?post=10726"},{"taxonomy":"product_tag","embeddable":true,"href":"https:\/\/dev.eliassen.nl\/de\/wp-json\/wp\/v2\/product_tag?post=10726"}],"curies":[{"name":"wp","href":"https:\/\/api.w.org\/{rel}","templated":true}]}}