{"id":10897,"date":"2019-10-28T17:11:31","date_gmt":"2019-10-28T16:11:31","guid":{"rendered":"https:\/\/www.eliassen.nl\/?product=spray-verzierung-loewen-haengen"},"modified":"2024-12-05T15:14:56","modified_gmt":"2024-12-05T14:14:56","slug":"spruhornament-lowe-hangend","status":"publish","type":"product","link":"https:\/\/dev.eliassen.nl\/de\/spruhornament-lowe-hangend\/","title":{"rendered":"Spr\u00fchornament L\u00f6we h\u00e4ngend"},"content":{"rendered":"<p><strong>Dies ist eine lose Verzierung. Erkundigen Sie sich nach den anderen erforderlichen Teilen.<\/strong><\/p>\n<p>H\u00e4ngender, evtl. speiender L\u00f6wenkopf aus hochwertigem Steinguss, schwarz\/braun. In den anderen Verbrauchsmaterialien finden Sie diese unter &#8220;Notwendigkeiten&#8221;. Ben\u00f6tigte Pumpe ist 1500 ltr.<br \/>Vergessen Sie nicht, unseren Showroom mit 300 Modellen zu besuchen!<\/p>\n<p>Besseres Foto folgt<\/p>\n<p>Haben Sie eine Frage zu diesem Produkt? Klicken Sie <a href=\"mailto:info@eliassen.nl\"><strong>HIER<\/strong><\/a> und stellen Sie Ihre Frage.<\/p>\n<ul>\n<li>H\u00f6he Gr\u00f6\u00dfe: 25cm<\/li>\n<li>Opp-Gr\u00f6\u00dfe: Durchmesser 62 cm<\/li>\n<li>Farbe: schwarz\/grau<\/li>\n<li>Hochwertiger Gussstein<\/li>\n<li>Geeignet f\u00fcr den Innen- und Au\u00dfenbereich<\/li>\n<li>Handgemacht<\/li>\n<li>Schnell geliefert<\/li>\n<li><strong>Viele dieser Serien sind auch in unserem Gesch\u00e4ft zu sehen<\/strong><\/li>\n<\/ul>\n","protected":false},"excerpt":{"rendered":"<p>Dies ist eine lose Verzierung. Erkundigen Sie sich nach den anderen erforderlichen Teilen.<\/p>\n","protected":false},"featured_media":10891,"template":"","meta":{"_acf_changed":false},"product_brand":[6916],"product_cat":[677,563,539,551,7076,698,536],"product_tag":[],"class_list":{"0":"post-10897","1":"product","2":"type-product","3":"status-publish","4":"has-post-thumbnail","6":"product_brand-eliassen-de","7":"product_cat-betonstatuen","8":"product_cat-buddha-brunnen","9":"product_cat-einzigartige-eigene-modelle-von-losen-wasserspiele","10":"product_cat-lose-wasserspiele","11":"product_cat-statues-figures","12":"product_cat-tierbilder","13":"product_cat-wassereigenschaften","15":"first","16":"instock","17":"sale","18":"taxable","19":"shipping-taxable","20":"purchasable","21":"product-type-simple"},"acf":[],"yoast_head":"<!-- This site is optimized with the Yoast SEO plugin v23.8 - https:\/\/yoast.com\/wordpress\/plugins\/seo\/ -->\n<title>Spr\u00fchornament L\u00f6we h\u00e4ngend | Eliassen<\/title>\n<meta name=\"description\" content=\"Bei Eliassen k\u00f6nnen Sie einen h\u00e4ngenden Spray-Ornament-L\u00f6wen online kaufen oder live im Showroom ansehen. Wir haben die sch\u00f6nsten Wasserspiele, Buddha-Brunnen\" \/>\n<meta name=\"robots\" content=\"noindex, follow, max-snippet:-1, max-image-preview:large, max-video-preview:-1\" \/>\n<meta property=\"og:locale\" content=\"de_DE\" \/>\n<meta property=\"og:type\" content=\"article\" \/>\n<meta property=\"og:title\" content=\"Spr\u00fchornament L\u00f6we h\u00e4ngend | Eliassen\" \/>\n<meta property=\"og:description\" content=\"Bei Eliassen k\u00f6nnen Sie einen h\u00e4ngenden Spray-Ornament-L\u00f6wen online kaufen oder live im Showroom ansehen. Wir haben die sch\u00f6nsten Wasserspiele, Buddha-Brunnen\" \/>\n<meta property=\"og:url\" content=\"https:\/\/dev.eliassen.nl\/de\/spruhornament-lowe-hangend\/\" \/>\n<meta property=\"og:site_name\" content=\"Eliassen.nl\" \/>\n<meta property=\"article:publisher\" content=\"https:\/\/www.facebook.com\/TuincentrumEliassenAmmerzoden\" \/>\n<meta property=\"article:modified_time\" content=\"2024-12-05T14:14:56+00:00\" \/>\n<meta property=\"og:image\" content=\"https:\/\/dev.eliassen.nl\/wp-content\/uploads\/2024\/01\/mijnproject25.png\" \/>\n\t<meta property=\"og:image:width\" content=\"750\" \/>\n\t<meta property=\"og:image:height\" content=\"1000\" \/>\n\t<meta property=\"og:image:type\" content=\"image\/png\" \/>\n<meta name=\"twitter:card\" content=\"summary_large_image\" \/>\n<script type=\"application\/ld+json\" class=\"yoast-schema-graph\">{\"@context\":\"https:\/\/schema.org\",\"@graph\":[{\"@type\":\"WebPage\",\"@id\":\"https:\/\/dev.eliassen.nl\/de\/spruhornament-lowe-hangend\/\",\"url\":\"https:\/\/dev.eliassen.nl\/de\/spruhornament-lowe-hangend\/\",\"name\":\"Spr\u00fchornament L\u00f6we h\u00e4ngend | Eliassen\",\"isPartOf\":{\"@id\":\"https:\/\/dev.eliassen.nl\/de\/#website\"},\"primaryImageOfPage\":{\"@id\":\"https:\/\/dev.eliassen.nl\/de\/spruhornament-lowe-hangend\/#primaryimage\"},\"image\":{\"@id\":\"https:\/\/dev.eliassen.nl\/de\/spruhornament-lowe-hangend\/#primaryimage\"},\"thumbnailUrl\":\"https:\/\/dev.eliassen.nl\/wp-content\/uploads\/2024\/01\/mijnproject25.png\",\"datePublished\":\"2019-10-28T16:11:31+00:00\",\"dateModified\":\"2024-12-05T14:14:56+00:00\",\"description\":\"Bei Eliassen k\u00f6nnen Sie einen h\u00e4ngenden Spray-Ornament-L\u00f6wen online kaufen oder live im Showroom ansehen. Wir haben die sch\u00f6nsten Wasserspiele, Buddha-Brunnen\",\"breadcrumb\":{\"@id\":\"https:\/\/dev.eliassen.nl\/de\/spruhornament-lowe-hangend\/#breadcrumb\"},\"inLanguage\":\"de\",\"potentialAction\":[{\"@type\":\"ReadAction\",\"target\":[\"https:\/\/dev.eliassen.nl\/de\/spruhornament-lowe-hangend\/\"]}]},{\"@type\":\"ImageObject\",\"inLanguage\":\"de\",\"@id\":\"https:\/\/dev.eliassen.nl\/de\/spruhornament-lowe-hangend\/#primaryimage\",\"url\":\"https:\/\/dev.eliassen.nl\/wp-content\/uploads\/2024\/01\/mijnproject25.png\",\"contentUrl\":\"https:\/\/dev.eliassen.nl\/wp-content\/uploads\/2024\/01\/mijnproject25.png\",\"width\":750,\"height\":1000,\"caption\":\"Mijn project (25)\"},{\"@type\":\"BreadcrumbList\",\"@id\":\"https:\/\/dev.eliassen.nl\/de\/spruhornament-lowe-hangend\/#breadcrumb\",\"itemListElement\":[{\"@type\":\"ListItem\",\"position\":1,\"name\":\"Home\",\"item\":\"https:\/\/dev.eliassen.nl\/de\/\"},{\"@type\":\"ListItem\",\"position\":2,\"name\":\"Shop\",\"item\":\"https:\/\/dev.eliassen.nl\/nl\/winkel\/\"},{\"@type\":\"ListItem\",\"position\":3,\"name\":\"Statuen-Skulpturen\",\"item\":\"https:\/\/dev.eliassen.nl\/de\/statuen-skulpturen\/\"},{\"@type\":\"ListItem\",\"position\":4,\"name\":\"Betonstatuen\",\"item\":\"https:\/\/dev.eliassen.nl\/de\/bilder\/betonstatuen\/\"},{\"@type\":\"ListItem\",\"position\":5,\"name\":\"Tierbilder\",\"item\":\"https:\/\/dev.eliassen.nl\/de\/bilder\/betonstatuen\/tierbilder\/\"},{\"@type\":\"ListItem\",\"position\":6,\"name\":\"Spr\u00fchornament L\u00f6we h\u00e4ngend\"}]},{\"@type\":\"WebSite\",\"@id\":\"https:\/\/dev.eliassen.nl\/de\/#website\",\"url\":\"https:\/\/dev.eliassen.nl\/de\/\",\"name\":\"Eliassen Home & Garden Pleasure\",\"description\":\"\",\"publisher\":{\"@id\":\"https:\/\/dev.eliassen.nl\/de\/#organization\"},\"alternateName\":\"Eliassen.nl\",\"potentialAction\":[{\"@type\":\"SearchAction\",\"target\":{\"@type\":\"EntryPoint\",\"urlTemplate\":\"https:\/\/dev.eliassen.nl\/de\/?s={search_term_string}\"},\"query-input\":{\"@type\":\"PropertyValueSpecification\",\"valueRequired\":true,\"valueName\":\"search_term_string\"}}],\"inLanguage\":\"de\"},{\"@type\":\"Organization\",\"@id\":\"https:\/\/dev.eliassen.nl\/de\/#organization\",\"name\":\"Eliassen Home & Garden Pleasure\",\"url\":\"https:\/\/dev.eliassen.nl\/de\/\",\"logo\":{\"@type\":\"ImageObject\",\"inLanguage\":\"de\",\"@id\":\"https:\/\/dev.eliassen.nl\/de\/#\/schema\/logo\/image\/\",\"url\":\"https:\/\/www.eliassen.nl\/wp-content\/uploads\/2024\/01\/logo_4nd.jpg\",\"contentUrl\":\"https:\/\/www.eliassen.nl\/wp-content\/uploads\/2024\/01\/logo_4nd.jpg\",\"width\":500,\"height\":500,\"caption\":\"Eliassen Home & Garden Pleasure\"},\"image\":{\"@id\":\"https:\/\/dev.eliassen.nl\/de\/#\/schema\/logo\/image\/\"},\"sameAs\":[\"https:\/\/www.facebook.com\/TuincentrumEliassenAmmerzoden\",\"https:\/\/www.instagram.com\/eliassenhomeandgarden\/\",\"https:\/\/nl.pinterest.com\/eliassenhomeandgarden\/\",\"https:\/\/www.youtube.com\/@eliassenhomegardenpleasure4558\"]}]}<\/script>\n<!-- \/ Yoast SEO plugin. -->","yoast_head_json":{"title":"Spr\u00fchornament L\u00f6we h\u00e4ngend | Eliassen","description":"Bei Eliassen k\u00f6nnen Sie einen h\u00e4ngenden Spray-Ornament-L\u00f6wen online kaufen oder live im Showroom ansehen. Wir haben die sch\u00f6nsten Wasserspiele, Buddha-Brunnen","robots":{"index":"noindex","follow":"follow","max-snippet":"max-snippet:-1","max-image-preview":"max-image-preview:large","max-video-preview":"max-video-preview:-1"},"og_locale":"de_DE","og_type":"article","og_title":"Spr\u00fchornament L\u00f6we h\u00e4ngend | Eliassen","og_description":"Bei Eliassen k\u00f6nnen Sie einen h\u00e4ngenden Spray-Ornament-L\u00f6wen online kaufen oder live im Showroom ansehen. Wir haben die sch\u00f6nsten Wasserspiele, Buddha-Brunnen","og_url":"https:\/\/dev.eliassen.nl\/de\/spruhornament-lowe-hangend\/","og_site_name":"Eliassen.nl","article_publisher":"https:\/\/www.facebook.com\/TuincentrumEliassenAmmerzoden","article_modified_time":"2024-12-05T14:14:56+00:00","og_image":[{"width":750,"height":1000,"url":"https:\/\/dev.eliassen.nl\/wp-content\/uploads\/2024\/01\/mijnproject25.png","type":"image\/png"}],"twitter_card":"summary_large_image","schema":{"@context":"https:\/\/schema.org","@graph":[{"@type":"WebPage","@id":"https:\/\/dev.eliassen.nl\/de\/spruhornament-lowe-hangend\/","url":"https:\/\/dev.eliassen.nl\/de\/spruhornament-lowe-hangend\/","name":"Spr\u00fchornament L\u00f6we h\u00e4ngend | Eliassen","isPartOf":{"@id":"https:\/\/dev.eliassen.nl\/de\/#website"},"primaryImageOfPage":{"@id":"https:\/\/dev.eliassen.nl\/de\/spruhornament-lowe-hangend\/#primaryimage"},"image":{"@id":"https:\/\/dev.eliassen.nl\/de\/spruhornament-lowe-hangend\/#primaryimage"},"thumbnailUrl":"https:\/\/dev.eliassen.nl\/wp-content\/uploads\/2024\/01\/mijnproject25.png","datePublished":"2019-10-28T16:11:31+00:00","dateModified":"2024-12-05T14:14:56+00:00","description":"Bei Eliassen k\u00f6nnen Sie einen h\u00e4ngenden Spray-Ornament-L\u00f6wen online kaufen oder live im Showroom ansehen. Wir haben die sch\u00f6nsten Wasserspiele, Buddha-Brunnen","breadcrumb":{"@id":"https:\/\/dev.eliassen.nl\/de\/spruhornament-lowe-hangend\/#breadcrumb"},"inLanguage":"de","potentialAction":[{"@type":"ReadAction","target":["https:\/\/dev.eliassen.nl\/de\/spruhornament-lowe-hangend\/"]}]},{"@type":"ImageObject","inLanguage":"de","@id":"https:\/\/dev.eliassen.nl\/de\/spruhornament-lowe-hangend\/#primaryimage","url":"https:\/\/dev.eliassen.nl\/wp-content\/uploads\/2024\/01\/mijnproject25.png","contentUrl":"https:\/\/dev.eliassen.nl\/wp-content\/uploads\/2024\/01\/mijnproject25.png","width":750,"height":1000,"caption":"Mijn project (25)"},{"@type":"BreadcrumbList","@id":"https:\/\/dev.eliassen.nl\/de\/spruhornament-lowe-hangend\/#breadcrumb","itemListElement":[{"@type":"ListItem","position":1,"name":"Home","item":"https:\/\/dev.eliassen.nl\/de\/"},{"@type":"ListItem","position":2,"name":"Shop","item":"https:\/\/dev.eliassen.nl\/nl\/winkel\/"},{"@type":"ListItem","position":3,"name":"Statuen-Skulpturen","item":"https:\/\/dev.eliassen.nl\/de\/statuen-skulpturen\/"},{"@type":"ListItem","position":4,"name":"Betonstatuen","item":"https:\/\/dev.eliassen.nl\/de\/bilder\/betonstatuen\/"},{"@type":"ListItem","position":5,"name":"Tierbilder","item":"https:\/\/dev.eliassen.nl\/de\/bilder\/betonstatuen\/tierbilder\/"},{"@type":"ListItem","position":6,"name":"Spr\u00fchornament L\u00f6we h\u00e4ngend"}]},{"@type":"WebSite","@id":"https:\/\/dev.eliassen.nl\/de\/#website","url":"https:\/\/dev.eliassen.nl\/de\/","name":"Eliassen Home & Garden Pleasure","description":"","publisher":{"@id":"https:\/\/dev.eliassen.nl\/de\/#organization"},"alternateName":"Eliassen.nl","potentialAction":[{"@type":"SearchAction","target":{"@type":"EntryPoint","urlTemplate":"https:\/\/dev.eliassen.nl\/de\/?s={search_term_string}"},"query-input":{"@type":"PropertyValueSpecification","valueRequired":true,"valueName":"search_term_string"}}],"inLanguage":"de"},{"@type":"Organization","@id":"https:\/\/dev.eliassen.nl\/de\/#organization","name":"Eliassen Home & Garden Pleasure","url":"https:\/\/dev.eliassen.nl\/de\/","logo":{"@type":"ImageObject","inLanguage":"de","@id":"https:\/\/dev.eliassen.nl\/de\/#\/schema\/logo\/image\/","url":"https:\/\/www.eliassen.nl\/wp-content\/uploads\/2024\/01\/logo_4nd.jpg","contentUrl":"https:\/\/www.eliassen.nl\/wp-content\/uploads\/2024\/01\/logo_4nd.jpg","width":500,"height":500,"caption":"Eliassen Home & Garden Pleasure"},"image":{"@id":"https:\/\/dev.eliassen.nl\/de\/#\/schema\/logo\/image\/"},"sameAs":["https:\/\/www.facebook.com\/TuincentrumEliassenAmmerzoden","https:\/\/www.instagram.com\/eliassenhomeandgarden\/","https:\/\/nl.pinterest.com\/eliassenhomeandgarden\/","https:\/\/www.youtube.com\/@eliassenhomegardenpleasure4558"]}]}},"df_price":49,"df_sale_price":49,"df_regular_price":170,"df_image_link":"https:\/\/dev.eliassen.nl\/wp-content\/uploads\/2024\/01\/mijnproject25.png","image":"https:\/\/dev.eliassen.nl\/wp-content\/uploads\/2024\/01\/mijnproject25.png","price_search":"<span class=\"woocommerce-Price-amount amount\"><bdi><span class=\"woocommerce-Price-currencySymbol\">&euro;<\/span>&nbsp;49,00<\/bdi><\/span>","category":"Betonstatuen","_links":{"self":[{"href":"https:\/\/dev.eliassen.nl\/de\/wp-json\/wp\/v2\/product\/10897","targetHints":{"allow":["GET"]}}],"collection":[{"href":"https:\/\/dev.eliassen.nl\/de\/wp-json\/wp\/v2\/product"}],"about":[{"href":"https:\/\/dev.eliassen.nl\/de\/wp-json\/wp\/v2\/types\/product"}],"wp:featuredmedia":[{"embeddable":true,"href":"https:\/\/dev.eliassen.nl\/de\/wp-json\/wp\/v2\/media\/10891"}],"wp:attachment":[{"href":"https:\/\/dev.eliassen.nl\/de\/wp-json\/wp\/v2\/media?parent=10897"}],"wp:term":[{"taxonomy":"product_brand","embeddable":true,"href":"https:\/\/dev.eliassen.nl\/de\/wp-json\/wp\/v2\/product_brand?post=10897"},{"taxonomy":"product_cat","embeddable":true,"href":"https:\/\/dev.eliassen.nl\/de\/wp-json\/wp\/v2\/product_cat?post=10897"},{"taxonomy":"product_tag","embeddable":true,"href":"https:\/\/dev.eliassen.nl\/de\/wp-json\/wp\/v2\/product_tag?post=10897"}],"curies":[{"name":"wp","href":"https:\/\/api.w.org\/{rel}","templated":true}]}}