{"id":10981,"date":"2019-10-28T17:12:46","date_gmt":"2019-10-28T16:12:46","guid":{"rendered":"https:\/\/www.eliassen.nl\/?product=bemalen-von-aluminiumstreifen-60x120cm-copy"},"modified":"2024-12-05T15:15:13","modified_gmt":"2024-12-05T14:15:13","slug":"malerei-aluminium-linien-60x120cm","status":"publish","type":"product","link":"https:\/\/dev.eliassen.nl\/de\/malerei-aluminium-linien-60x120cm\/","title":{"rendered":"Malerei Aluminium Linien 60x120cm"},"content":{"rendered":"<p>Sie m\u00f6chten ein ganz besonderes Gem\u00e4lde mit einem ganz individuellen Erscheinungsbild an die Wand h\u00e4ngen? Dann sollten Sie sich dieses sehr moderne Aluminiumgem\u00e4lde der exklusiven Marke ArtEl auf keinen Fall entgehen lassen. Komplett von Hand gefertigt. Durch die vielen manuellen Schleif- und Polierarbeiten auf einer Aluminiumplatte in Kombination mit den gew\u00e4hlten leuchtenden Farben entsteht eine hochmoderne und zeitgem\u00e4\u00dfe Wanddekoration f\u00fcr Ihr Arbeits- und Wohnumfeld. Dieses Gem\u00e4lde ist fast 3 cm dick, die R\u00fcckseite ist wundersch\u00f6n mit schwarzem Samt verarbeitet und mit Haken versehen.<\/p>\n<p>Das Tolle an abstrakter Kunst ist, dass sie Tausende von Bedeutungen haben kann. Jeder kann darin etwas anderes sehen, was zu spannenden Gespr\u00e4chen f\u00fchrt. Mit den handgefertigten Alu-Mallinien zu Hause haben Sie immer ein passendes Gespr\u00e4chsthema, egal in welchem Unternehmen Sie sich befinden. Denn wer interessiert sich nicht f\u00fcr Kunst und ihre Bedeutung? Das Gem\u00e4lde entstand durch manuelles Schleifen und Polieren auf einer Aluminiumplatte.<\/p>\n<ul>\n<li>Gr\u00f6\u00dfe 60 x 120 cm<\/li>\n<li>Dicke 2,7 cm<\/li>\n<li>Zeitgen\u00f6ssischer und exklusiver Look<\/li>\n<li><strong>Auch in unserem Gesch\u00e4ft zu sehen<\/strong><\/li>\n<li>Inklusive Aufh\u00e4ngungsmaterial und Aufh\u00e4ngungsbeschreibung<\/li>\n<li>Nicht f\u00fcr drau\u00dfen geeignet<\/li>\n<li>Schnell geliefert in einem stabilen Karton<\/li>\n<\/ul>\n","protected":false},"excerpt":{"rendered":"<p>Sie m\u00f6chten ein ganz besonderes Gem\u00e4lde mit einem ganz individuellen Erscheinungsbild an die Wand h\u00e4ngen? Dann sollten Sie sich dieses sehr moderne Aluminiumgem\u00e4lde der exklusiven Marke ArtEl auf keinen Fall entgehen lassen. Komplett von Hand gefertigt. Durch die vielen manuellen Schleif- und Polierarbeiten auf einer Aluminiumplatte in Kombination mit den gew\u00e4hlten leuchtenden Farben entsteht eine &hellip;<\/p>\n","protected":false},"featured_media":10978,"template":"","meta":{"_acf_changed":false},"product_brand":[],"product_cat":[416,410,413],"product_tag":[],"class_list":{"0":"post-10981","1":"product","2":"type-product","3":"status-publish","4":"has-post-thumbnail","6":"product_cat-aluminium-gemaelde","7":"product_cat-gemaelde","8":"product_cat-gemaelde-outlet","10":"first","11":"instock","12":"sale","13":"taxable","14":"shipping-taxable","15":"purchasable","16":"product-type-simple"},"acf":[],"yoast_head":"<!-- This site is optimized with the Yoast SEO plugin v23.8 - https:\/\/yoast.com\/wordpress\/plugins\/seo\/ -->\n<title>Abstraktes Aluminiumgem\u00e4lde auf Aluminiumplatte 60x120cm<\/title>\n<meta name=\"description\" content=\"Ein abstraktes Aluminiumgem\u00e4lde mit warmen Farben wie dunklen und goldenen T\u00f6nen kaufen? Alle Aluminiumbilder k\u00f6nnen LIVE bei uns besichtigt werden!\" \/>\n<meta name=\"robots\" content=\"noindex, follow, max-snippet:-1, max-image-preview:large, max-video-preview:-1\" \/>\n<meta property=\"og:locale\" content=\"de_DE\" \/>\n<meta property=\"og:type\" content=\"article\" \/>\n<meta property=\"og:title\" content=\"Abstraktes Aluminiumgem\u00e4lde auf Aluminiumplatte 60x120cm\" \/>\n<meta property=\"og:description\" content=\"Ein abstraktes Aluminiumgem\u00e4lde mit warmen Farben wie dunklen und goldenen T\u00f6nen kaufen? Alle Aluminiumbilder k\u00f6nnen LIVE bei uns besichtigt werden!\" \/>\n<meta property=\"og:url\" content=\"https:\/\/dev.eliassen.nl\/de\/malerei-aluminium-linien-60x120cm\/\" \/>\n<meta property=\"og:site_name\" content=\"Eliassen.nl\" \/>\n<meta property=\"article:publisher\" content=\"https:\/\/www.facebook.com\/TuincentrumEliassenAmmerzoden\" \/>\n<meta property=\"article:modified_time\" content=\"2024-12-05T14:15:13+00:00\" \/>\n<meta property=\"og:image\" content=\"https:\/\/dev.eliassen.nl\/wp-content\/uploads\/2024\/01\/schilderijaluminiumlijnen.jpg\" \/>\n\t<meta property=\"og:image:width\" content=\"2048\" \/>\n\t<meta property=\"og:image:height\" content=\"1021\" \/>\n\t<meta property=\"og:image:type\" content=\"image\/jpeg\" \/>\n<meta name=\"twitter:card\" content=\"summary_large_image\" \/>\n<script type=\"application\/ld+json\" class=\"yoast-schema-graph\">{\"@context\":\"https:\/\/schema.org\",\"@graph\":[{\"@type\":\"WebPage\",\"@id\":\"https:\/\/dev.eliassen.nl\/de\/malerei-aluminium-linien-60x120cm\/\",\"url\":\"https:\/\/dev.eliassen.nl\/de\/malerei-aluminium-linien-60x120cm\/\",\"name\":\"Abstraktes Aluminiumgem\u00e4lde auf Aluminiumplatte 60x120cm\",\"isPartOf\":{\"@id\":\"https:\/\/dev.eliassen.nl\/de\/#website\"},\"primaryImageOfPage\":{\"@id\":\"https:\/\/dev.eliassen.nl\/de\/malerei-aluminium-linien-60x120cm\/#primaryimage\"},\"image\":{\"@id\":\"https:\/\/dev.eliassen.nl\/de\/malerei-aluminium-linien-60x120cm\/#primaryimage\"},\"thumbnailUrl\":\"https:\/\/dev.eliassen.nl\/wp-content\/uploads\/2024\/01\/schilderijaluminiumlijnen.jpg\",\"datePublished\":\"2019-10-28T16:12:46+00:00\",\"dateModified\":\"2024-12-05T14:15:13+00:00\",\"description\":\"Ein abstraktes Aluminiumgem\u00e4lde mit warmen Farben wie dunklen und goldenen T\u00f6nen kaufen? Alle Aluminiumbilder k\u00f6nnen LIVE bei uns besichtigt werden!\",\"breadcrumb\":{\"@id\":\"https:\/\/dev.eliassen.nl\/de\/malerei-aluminium-linien-60x120cm\/#breadcrumb\"},\"inLanguage\":\"de\",\"potentialAction\":[{\"@type\":\"ReadAction\",\"target\":[\"https:\/\/dev.eliassen.nl\/de\/malerei-aluminium-linien-60x120cm\/\"]}]},{\"@type\":\"ImageObject\",\"inLanguage\":\"de\",\"@id\":\"https:\/\/dev.eliassen.nl\/de\/malerei-aluminium-linien-60x120cm\/#primaryimage\",\"url\":\"https:\/\/dev.eliassen.nl\/wp-content\/uploads\/2024\/01\/schilderijaluminiumlijnen.jpg\",\"contentUrl\":\"https:\/\/dev.eliassen.nl\/wp-content\/uploads\/2024\/01\/schilderijaluminiumlijnen.jpg\",\"width\":2048,\"height\":1021,\"caption\":\"Schilderij aluminium lijnen\"},{\"@type\":\"BreadcrumbList\",\"@id\":\"https:\/\/dev.eliassen.nl\/de\/malerei-aluminium-linien-60x120cm\/#breadcrumb\",\"itemListElement\":[{\"@type\":\"ListItem\",\"position\":1,\"name\":\"Home\",\"item\":\"https:\/\/dev.eliassen.nl\/de\/\"},{\"@type\":\"ListItem\",\"position\":2,\"name\":\"Shop\",\"item\":\"https:\/\/dev.eliassen.nl\/nl\/winkel\/\"},{\"@type\":\"ListItem\",\"position\":3,\"name\":\"Gem\u00e4lde\",\"item\":\"https:\/\/dev.eliassen.nl\/de\/gemaelde\/\"},{\"@type\":\"ListItem\",\"position\":4,\"name\":\"Aluminium-Gem\u00e4lde\",\"item\":\"https:\/\/dev.eliassen.nl\/de\/gemaelde\/aluminium-gemaelde\/\"},{\"@type\":\"ListItem\",\"position\":5,\"name\":\"Malerei Aluminium Linien 60x120cm\"}]},{\"@type\":\"WebSite\",\"@id\":\"https:\/\/dev.eliassen.nl\/de\/#website\",\"url\":\"https:\/\/dev.eliassen.nl\/de\/\",\"name\":\"Eliassen Home & Garden Pleasure\",\"description\":\"\",\"publisher\":{\"@id\":\"https:\/\/dev.eliassen.nl\/de\/#organization\"},\"alternateName\":\"Eliassen.nl\",\"potentialAction\":[{\"@type\":\"SearchAction\",\"target\":{\"@type\":\"EntryPoint\",\"urlTemplate\":\"https:\/\/dev.eliassen.nl\/de\/?s={search_term_string}\"},\"query-input\":{\"@type\":\"PropertyValueSpecification\",\"valueRequired\":true,\"valueName\":\"search_term_string\"}}],\"inLanguage\":\"de\"},{\"@type\":\"Organization\",\"@id\":\"https:\/\/dev.eliassen.nl\/de\/#organization\",\"name\":\"Eliassen Home & Garden Pleasure\",\"url\":\"https:\/\/dev.eliassen.nl\/de\/\",\"logo\":{\"@type\":\"ImageObject\",\"inLanguage\":\"de\",\"@id\":\"https:\/\/dev.eliassen.nl\/de\/#\/schema\/logo\/image\/\",\"url\":\"https:\/\/www.eliassen.nl\/wp-content\/uploads\/2024\/01\/logo_4nd.jpg\",\"contentUrl\":\"https:\/\/www.eliassen.nl\/wp-content\/uploads\/2024\/01\/logo_4nd.jpg\",\"width\":500,\"height\":500,\"caption\":\"Eliassen Home & Garden Pleasure\"},\"image\":{\"@id\":\"https:\/\/dev.eliassen.nl\/de\/#\/schema\/logo\/image\/\"},\"sameAs\":[\"https:\/\/www.facebook.com\/TuincentrumEliassenAmmerzoden\",\"https:\/\/www.instagram.com\/eliassenhomeandgarden\/\",\"https:\/\/nl.pinterest.com\/eliassenhomeandgarden\/\",\"https:\/\/www.youtube.com\/@eliassenhomegardenpleasure4558\"]}]}<\/script>\n<!-- \/ Yoast SEO plugin. -->","yoast_head_json":{"title":"Abstraktes Aluminiumgem\u00e4lde auf Aluminiumplatte 60x120cm","description":"Ein abstraktes Aluminiumgem\u00e4lde mit warmen Farben wie dunklen und goldenen T\u00f6nen kaufen? Alle Aluminiumbilder k\u00f6nnen LIVE bei uns besichtigt werden!","robots":{"index":"noindex","follow":"follow","max-snippet":"max-snippet:-1","max-image-preview":"max-image-preview:large","max-video-preview":"max-video-preview:-1"},"og_locale":"de_DE","og_type":"article","og_title":"Abstraktes Aluminiumgem\u00e4lde auf Aluminiumplatte 60x120cm","og_description":"Ein abstraktes Aluminiumgem\u00e4lde mit warmen Farben wie dunklen und goldenen T\u00f6nen kaufen? Alle Aluminiumbilder k\u00f6nnen LIVE bei uns besichtigt werden!","og_url":"https:\/\/dev.eliassen.nl\/de\/malerei-aluminium-linien-60x120cm\/","og_site_name":"Eliassen.nl","article_publisher":"https:\/\/www.facebook.com\/TuincentrumEliassenAmmerzoden","article_modified_time":"2024-12-05T14:15:13+00:00","og_image":[{"width":2048,"height":1021,"url":"https:\/\/dev.eliassen.nl\/wp-content\/uploads\/2024\/01\/schilderijaluminiumlijnen.jpg","type":"image\/jpeg"}],"twitter_card":"summary_large_image","schema":{"@context":"https:\/\/schema.org","@graph":[{"@type":"WebPage","@id":"https:\/\/dev.eliassen.nl\/de\/malerei-aluminium-linien-60x120cm\/","url":"https:\/\/dev.eliassen.nl\/de\/malerei-aluminium-linien-60x120cm\/","name":"Abstraktes Aluminiumgem\u00e4lde auf Aluminiumplatte 60x120cm","isPartOf":{"@id":"https:\/\/dev.eliassen.nl\/de\/#website"},"primaryImageOfPage":{"@id":"https:\/\/dev.eliassen.nl\/de\/malerei-aluminium-linien-60x120cm\/#primaryimage"},"image":{"@id":"https:\/\/dev.eliassen.nl\/de\/malerei-aluminium-linien-60x120cm\/#primaryimage"},"thumbnailUrl":"https:\/\/dev.eliassen.nl\/wp-content\/uploads\/2024\/01\/schilderijaluminiumlijnen.jpg","datePublished":"2019-10-28T16:12:46+00:00","dateModified":"2024-12-05T14:15:13+00:00","description":"Ein abstraktes Aluminiumgem\u00e4lde mit warmen Farben wie dunklen und goldenen T\u00f6nen kaufen? Alle Aluminiumbilder k\u00f6nnen LIVE bei uns besichtigt werden!","breadcrumb":{"@id":"https:\/\/dev.eliassen.nl\/de\/malerei-aluminium-linien-60x120cm\/#breadcrumb"},"inLanguage":"de","potentialAction":[{"@type":"ReadAction","target":["https:\/\/dev.eliassen.nl\/de\/malerei-aluminium-linien-60x120cm\/"]}]},{"@type":"ImageObject","inLanguage":"de","@id":"https:\/\/dev.eliassen.nl\/de\/malerei-aluminium-linien-60x120cm\/#primaryimage","url":"https:\/\/dev.eliassen.nl\/wp-content\/uploads\/2024\/01\/schilderijaluminiumlijnen.jpg","contentUrl":"https:\/\/dev.eliassen.nl\/wp-content\/uploads\/2024\/01\/schilderijaluminiumlijnen.jpg","width":2048,"height":1021,"caption":"Schilderij aluminium lijnen"},{"@type":"BreadcrumbList","@id":"https:\/\/dev.eliassen.nl\/de\/malerei-aluminium-linien-60x120cm\/#breadcrumb","itemListElement":[{"@type":"ListItem","position":1,"name":"Home","item":"https:\/\/dev.eliassen.nl\/de\/"},{"@type":"ListItem","position":2,"name":"Shop","item":"https:\/\/dev.eliassen.nl\/nl\/winkel\/"},{"@type":"ListItem","position":3,"name":"Gem\u00e4lde","item":"https:\/\/dev.eliassen.nl\/de\/gemaelde\/"},{"@type":"ListItem","position":4,"name":"Aluminium-Gem\u00e4lde","item":"https:\/\/dev.eliassen.nl\/de\/gemaelde\/aluminium-gemaelde\/"},{"@type":"ListItem","position":5,"name":"Malerei Aluminium Linien 60x120cm"}]},{"@type":"WebSite","@id":"https:\/\/dev.eliassen.nl\/de\/#website","url":"https:\/\/dev.eliassen.nl\/de\/","name":"Eliassen Home & Garden Pleasure","description":"","publisher":{"@id":"https:\/\/dev.eliassen.nl\/de\/#organization"},"alternateName":"Eliassen.nl","potentialAction":[{"@type":"SearchAction","target":{"@type":"EntryPoint","urlTemplate":"https:\/\/dev.eliassen.nl\/de\/?s={search_term_string}"},"query-input":{"@type":"PropertyValueSpecification","valueRequired":true,"valueName":"search_term_string"}}],"inLanguage":"de"},{"@type":"Organization","@id":"https:\/\/dev.eliassen.nl\/de\/#organization","name":"Eliassen Home & Garden Pleasure","url":"https:\/\/dev.eliassen.nl\/de\/","logo":{"@type":"ImageObject","inLanguage":"de","@id":"https:\/\/dev.eliassen.nl\/de\/#\/schema\/logo\/image\/","url":"https:\/\/www.eliassen.nl\/wp-content\/uploads\/2024\/01\/logo_4nd.jpg","contentUrl":"https:\/\/www.eliassen.nl\/wp-content\/uploads\/2024\/01\/logo_4nd.jpg","width":500,"height":500,"caption":"Eliassen Home & Garden Pleasure"},"image":{"@id":"https:\/\/dev.eliassen.nl\/de\/#\/schema\/logo\/image\/"},"sameAs":["https:\/\/www.facebook.com\/TuincentrumEliassenAmmerzoden","https:\/\/www.instagram.com\/eliassenhomeandgarden\/","https:\/\/nl.pinterest.com\/eliassenhomeandgarden\/","https:\/\/www.youtube.com\/@eliassenhomegardenpleasure4558"]}]}},"df_price":80,"df_sale_price":80,"df_regular_price":160,"df_image_link":"https:\/\/dev.eliassen.nl\/wp-content\/uploads\/2024\/01\/schilderijaluminiumlijnen.jpg","image":"https:\/\/dev.eliassen.nl\/wp-content\/uploads\/2024\/01\/schilderijaluminiumlijnen.jpg","price_search":"<span class=\"woocommerce-Price-amount amount\"><bdi><span class=\"woocommerce-Price-currencySymbol\">&euro;<\/span>&nbsp;80,00<\/bdi><\/span>","category":"Aluminium-Gem\u00e4lde","_links":{"self":[{"href":"https:\/\/dev.eliassen.nl\/de\/wp-json\/wp\/v2\/product\/10981","targetHints":{"allow":["GET"]}}],"collection":[{"href":"https:\/\/dev.eliassen.nl\/de\/wp-json\/wp\/v2\/product"}],"about":[{"href":"https:\/\/dev.eliassen.nl\/de\/wp-json\/wp\/v2\/types\/product"}],"wp:featuredmedia":[{"embeddable":true,"href":"https:\/\/dev.eliassen.nl\/de\/wp-json\/wp\/v2\/media\/10978"}],"wp:attachment":[{"href":"https:\/\/dev.eliassen.nl\/de\/wp-json\/wp\/v2\/media?parent=10981"}],"wp:term":[{"taxonomy":"product_brand","embeddable":true,"href":"https:\/\/dev.eliassen.nl\/de\/wp-json\/wp\/v2\/product_brand?post=10981"},{"taxonomy":"product_cat","embeddable":true,"href":"https:\/\/dev.eliassen.nl\/de\/wp-json\/wp\/v2\/product_cat?post=10981"},{"taxonomy":"product_tag","embeddable":true,"href":"https:\/\/dev.eliassen.nl\/de\/wp-json\/wp\/v2\/product_tag?post=10981"}],"curies":[{"name":"wp","href":"https:\/\/api.w.org\/{rel}","templated":true}]}}