{"id":11029,"date":"2019-10-28T17:13:02","date_gmt":"2019-10-28T16:13:02","guid":{"rendered":"https:\/\/www.eliassen.nl\/?product=anstrich-aluminium-elefantenkopf-silberfarbe-80x80"},"modified":"2024-12-05T15:15:22","modified_gmt":"2024-12-05T14:15:22","slug":"malerei-aluminium-armada-80x80cm","status":"publish","type":"product","link":"https:\/\/dev.eliassen.nl\/de\/malerei-aluminium-armada-80x80cm\/","title":{"rendered":"Malerei Aluminium Armada 80x80cm"},"content":{"rendered":"<p>Sie m\u00f6chten ein ganz besonderes Gem\u00e4lde mit einem ganz individuellen Erscheinungsbild an die Wand h\u00e4ngen? Dann sollten Sie sich dieses sehr moderne Aluminiumgem\u00e4lde der exklusiven Marke ArtEl auf keinen Fall entgehen lassen. Komplett von Hand gefertigt. Durch die vielen manuellen Schleif- und Polierarbeiten auf einer Aluminiumplatte in Kombination mit den gew\u00e4hlten leuchtenden Farben entsteht eine hochmoderne und zeitgem\u00e4\u00dfe Wanddekoration f\u00fcr Ihr Arbeits- und Wohnumfeld. Dieses Gem\u00e4lde ist fast 3 cm dick, die R\u00fcckseite ist wundersch\u00f6n mit schwarzem Samt verarbeitet und mit Haken versehen.<\/p>\n<p>Die spanische Armada ist die bewaffnete Flotte, mit der der spanische K\u00f6nig Philipp II. im Fr\u00fchjahr und Sommer 1588 w\u00e4hrend des englisch-spanischen Krieges versuchte, in England einzudringen. Die Flotte sollte eine Invasionsarmee durch den Kanal eskortieren, die von Flandern nach England segelte Lastk\u00e4hne mussten \u00fcberf\u00fchrt werden. Schlie\u00dflich wurde die Armada von der englischen Flotte \u00fcberfallen und zerschmettert. Dieses handgefertigte Armada-Gem\u00e4lde aus Aluminium ist eine sch\u00f6ne Hommage an diese spanische Supermacht. Erstellt durch manuelles Schleifen und Polieren auf einer Aluminiumplatte.<\/p>\n<ul>\n<li>Gr\u00f6\u00dfe 80 x 80 cm<\/li>\n<li>Dicke 2,7 cm<\/li>\n<li>Zeitgen\u00f6ssischer und exklusiver Look<\/li>\n<li><strong>Auch in unserem Gesch\u00e4ft zu sehen<\/strong><\/li>\n<li>Inklusive Aufh\u00e4ngungsmaterial und Aufh\u00e4ngungsbeschreibung<\/li>\n<li>Nicht f\u00fcr drau\u00dfen geeignet<\/li>\n<li>Schnell geliefert in einem stabilen Karton<\/li>\n<\/ul>\n","protected":false},"excerpt":{"rendered":"<p>Sie m\u00f6chten ein ganz besonderes Gem\u00e4lde mit einem ganz individuellen Erscheinungsbild an die Wand h\u00e4ngen? Dann sollten Sie sich dieses sehr moderne Aluminiumgem\u00e4lde der exklusiven Marke ArtEl auf keinen Fall entgehen lassen. Komplett von Hand gefertigt. Durch die vielen manuellen Schleif- und Polierarbeiten auf einer Aluminiumplatte in Kombination mit den gew\u00e4hlten leuchtenden Farben entsteht eine &hellip;<\/p>\n","protected":false},"featured_media":11026,"template":"","meta":{"_acf_changed":false},"product_brand":[],"product_cat":[416,410,413],"product_tag":[],"class_list":{"0":"post-11029","1":"product","2":"type-product","3":"status-publish","4":"has-post-thumbnail","6":"product_cat-aluminium-gemaelde","7":"product_cat-gemaelde","8":"product_cat-gemaelde-outlet","10":"first","11":"instock","12":"sale","13":"taxable","14":"shipping-taxable","15":"purchasable","16":"product-type-simple"},"acf":[],"yoast_head":"<!-- This site is optimized with the Yoast SEO plugin v23.8 - https:\/\/yoast.com\/wordpress\/plugins\/seo\/ -->\n<title>Malerei Aluminium Armada 80x80cm<\/title>\n<meta name=\"description\" content=\"Eine sch\u00f6ne Wanddekoration mit Schiffen auf See. Dieses Aluminiumgem\u00e4lde wird komplett von Hand gefertigt. Sehen Sie sich dieses Gem\u00e4lde in unserem Webshop a...\" \/>\n<meta name=\"robots\" content=\"noindex, follow, max-snippet:-1, max-image-preview:large, max-video-preview:-1\" \/>\n<meta property=\"og:locale\" content=\"de_DE\" \/>\n<meta property=\"og:type\" content=\"article\" \/>\n<meta property=\"og:title\" content=\"Malerei Aluminium Armada 80x80cm\" \/>\n<meta property=\"og:description\" content=\"Eine sch\u00f6ne Wanddekoration mit Schiffen auf See. Dieses Aluminiumgem\u00e4lde wird komplett von Hand gefertigt. Sehen Sie sich dieses Gem\u00e4lde in unserem Webshop a...\" \/>\n<meta property=\"og:url\" content=\"https:\/\/dev.eliassen.nl\/de\/malerei-aluminium-armada-80x80cm\/\" \/>\n<meta property=\"og:site_name\" content=\"Eliassen.nl\" \/>\n<meta property=\"article:publisher\" content=\"https:\/\/www.facebook.com\/TuincentrumEliassenAmmerzoden\" \/>\n<meta property=\"article:modified_time\" content=\"2024-12-05T14:15:22+00:00\" \/>\n<meta property=\"og:image\" content=\"https:\/\/dev.eliassen.nl\/wp-content\/uploads\/2024\/01\/schilderijaluminiumarmada.jpg\" \/>\n\t<meta property=\"og:image:width\" content=\"2048\" \/>\n\t<meta property=\"og:image:height\" content=\"2038\" \/>\n\t<meta property=\"og:image:type\" content=\"image\/jpeg\" \/>\n<meta name=\"twitter:card\" content=\"summary_large_image\" \/>\n<script type=\"application\/ld+json\" class=\"yoast-schema-graph\">{\"@context\":\"https:\/\/schema.org\",\"@graph\":[{\"@type\":\"WebPage\",\"@id\":\"https:\/\/dev.eliassen.nl\/de\/malerei-aluminium-armada-80x80cm\/\",\"url\":\"https:\/\/dev.eliassen.nl\/de\/malerei-aluminium-armada-80x80cm\/\",\"name\":\"Malerei Aluminium Armada 80x80cm\",\"isPartOf\":{\"@id\":\"https:\/\/dev.eliassen.nl\/de\/#website\"},\"primaryImageOfPage\":{\"@id\":\"https:\/\/dev.eliassen.nl\/de\/malerei-aluminium-armada-80x80cm\/#primaryimage\"},\"image\":{\"@id\":\"https:\/\/dev.eliassen.nl\/de\/malerei-aluminium-armada-80x80cm\/#primaryimage\"},\"thumbnailUrl\":\"https:\/\/dev.eliassen.nl\/wp-content\/uploads\/2024\/01\/schilderijaluminiumarmada.jpg\",\"datePublished\":\"2019-10-28T16:13:02+00:00\",\"dateModified\":\"2024-12-05T14:15:22+00:00\",\"description\":\"Eine sch\u00f6ne Wanddekoration mit Schiffen auf See. Dieses Aluminiumgem\u00e4lde wird komplett von Hand gefertigt. Sehen Sie sich dieses Gem\u00e4lde in unserem Webshop a...\",\"breadcrumb\":{\"@id\":\"https:\/\/dev.eliassen.nl\/de\/malerei-aluminium-armada-80x80cm\/#breadcrumb\"},\"inLanguage\":\"de\",\"potentialAction\":[{\"@type\":\"ReadAction\",\"target\":[\"https:\/\/dev.eliassen.nl\/de\/malerei-aluminium-armada-80x80cm\/\"]}]},{\"@type\":\"ImageObject\",\"inLanguage\":\"de\",\"@id\":\"https:\/\/dev.eliassen.nl\/de\/malerei-aluminium-armada-80x80cm\/#primaryimage\",\"url\":\"https:\/\/dev.eliassen.nl\/wp-content\/uploads\/2024\/01\/schilderijaluminiumarmada.jpg\",\"contentUrl\":\"https:\/\/dev.eliassen.nl\/wp-content\/uploads\/2024\/01\/schilderijaluminiumarmada.jpg\",\"width\":2048,\"height\":2038,\"caption\":\"Schilderij aluminium Armada\"},{\"@type\":\"BreadcrumbList\",\"@id\":\"https:\/\/dev.eliassen.nl\/de\/malerei-aluminium-armada-80x80cm\/#breadcrumb\",\"itemListElement\":[{\"@type\":\"ListItem\",\"position\":1,\"name\":\"Home\",\"item\":\"https:\/\/dev.eliassen.nl\/de\/\"},{\"@type\":\"ListItem\",\"position\":2,\"name\":\"Shop\",\"item\":\"https:\/\/dev.eliassen.nl\/nl\/winkel\/\"},{\"@type\":\"ListItem\",\"position\":3,\"name\":\"Gem\u00e4lde\",\"item\":\"https:\/\/dev.eliassen.nl\/de\/gemaelde\/\"},{\"@type\":\"ListItem\",\"position\":4,\"name\":\"Aluminium-Gem\u00e4lde\",\"item\":\"https:\/\/dev.eliassen.nl\/de\/gemaelde\/aluminium-gemaelde\/\"},{\"@type\":\"ListItem\",\"position\":5,\"name\":\"Malerei Aluminium Armada 80x80cm\"}]},{\"@type\":\"WebSite\",\"@id\":\"https:\/\/dev.eliassen.nl\/de\/#website\",\"url\":\"https:\/\/dev.eliassen.nl\/de\/\",\"name\":\"Eliassen Home & Garden Pleasure\",\"description\":\"\",\"publisher\":{\"@id\":\"https:\/\/dev.eliassen.nl\/de\/#organization\"},\"alternateName\":\"Eliassen.nl\",\"potentialAction\":[{\"@type\":\"SearchAction\",\"target\":{\"@type\":\"EntryPoint\",\"urlTemplate\":\"https:\/\/dev.eliassen.nl\/de\/?s={search_term_string}\"},\"query-input\":{\"@type\":\"PropertyValueSpecification\",\"valueRequired\":true,\"valueName\":\"search_term_string\"}}],\"inLanguage\":\"de\"},{\"@type\":\"Organization\",\"@id\":\"https:\/\/dev.eliassen.nl\/de\/#organization\",\"name\":\"Eliassen Home & Garden Pleasure\",\"url\":\"https:\/\/dev.eliassen.nl\/de\/\",\"logo\":{\"@type\":\"ImageObject\",\"inLanguage\":\"de\",\"@id\":\"https:\/\/dev.eliassen.nl\/de\/#\/schema\/logo\/image\/\",\"url\":\"https:\/\/www.eliassen.nl\/wp-content\/uploads\/2024\/01\/logo_4nd.jpg\",\"contentUrl\":\"https:\/\/www.eliassen.nl\/wp-content\/uploads\/2024\/01\/logo_4nd.jpg\",\"width\":500,\"height\":500,\"caption\":\"Eliassen Home & Garden Pleasure\"},\"image\":{\"@id\":\"https:\/\/dev.eliassen.nl\/de\/#\/schema\/logo\/image\/\"},\"sameAs\":[\"https:\/\/www.facebook.com\/TuincentrumEliassenAmmerzoden\",\"https:\/\/www.instagram.com\/eliassenhomeandgarden\/\",\"https:\/\/nl.pinterest.com\/eliassenhomeandgarden\/\",\"https:\/\/www.youtube.com\/@eliassenhomegardenpleasure4558\"]}]}<\/script>\n<!-- \/ Yoast SEO plugin. -->","yoast_head_json":{"title":"Malerei Aluminium Armada 80x80cm","description":"Eine sch\u00f6ne Wanddekoration mit Schiffen auf See. Dieses Aluminiumgem\u00e4lde wird komplett von Hand gefertigt. Sehen Sie sich dieses Gem\u00e4lde in unserem Webshop a...","robots":{"index":"noindex","follow":"follow","max-snippet":"max-snippet:-1","max-image-preview":"max-image-preview:large","max-video-preview":"max-video-preview:-1"},"og_locale":"de_DE","og_type":"article","og_title":"Malerei Aluminium Armada 80x80cm","og_description":"Eine sch\u00f6ne Wanddekoration mit Schiffen auf See. Dieses Aluminiumgem\u00e4lde wird komplett von Hand gefertigt. Sehen Sie sich dieses Gem\u00e4lde in unserem Webshop a...","og_url":"https:\/\/dev.eliassen.nl\/de\/malerei-aluminium-armada-80x80cm\/","og_site_name":"Eliassen.nl","article_publisher":"https:\/\/www.facebook.com\/TuincentrumEliassenAmmerzoden","article_modified_time":"2024-12-05T14:15:22+00:00","og_image":[{"width":2048,"height":2038,"url":"https:\/\/dev.eliassen.nl\/wp-content\/uploads\/2024\/01\/schilderijaluminiumarmada.jpg","type":"image\/jpeg"}],"twitter_card":"summary_large_image","schema":{"@context":"https:\/\/schema.org","@graph":[{"@type":"WebPage","@id":"https:\/\/dev.eliassen.nl\/de\/malerei-aluminium-armada-80x80cm\/","url":"https:\/\/dev.eliassen.nl\/de\/malerei-aluminium-armada-80x80cm\/","name":"Malerei Aluminium Armada 80x80cm","isPartOf":{"@id":"https:\/\/dev.eliassen.nl\/de\/#website"},"primaryImageOfPage":{"@id":"https:\/\/dev.eliassen.nl\/de\/malerei-aluminium-armada-80x80cm\/#primaryimage"},"image":{"@id":"https:\/\/dev.eliassen.nl\/de\/malerei-aluminium-armada-80x80cm\/#primaryimage"},"thumbnailUrl":"https:\/\/dev.eliassen.nl\/wp-content\/uploads\/2024\/01\/schilderijaluminiumarmada.jpg","datePublished":"2019-10-28T16:13:02+00:00","dateModified":"2024-12-05T14:15:22+00:00","description":"Eine sch\u00f6ne Wanddekoration mit Schiffen auf See. Dieses Aluminiumgem\u00e4lde wird komplett von Hand gefertigt. Sehen Sie sich dieses Gem\u00e4lde in unserem Webshop a...","breadcrumb":{"@id":"https:\/\/dev.eliassen.nl\/de\/malerei-aluminium-armada-80x80cm\/#breadcrumb"},"inLanguage":"de","potentialAction":[{"@type":"ReadAction","target":["https:\/\/dev.eliassen.nl\/de\/malerei-aluminium-armada-80x80cm\/"]}]},{"@type":"ImageObject","inLanguage":"de","@id":"https:\/\/dev.eliassen.nl\/de\/malerei-aluminium-armada-80x80cm\/#primaryimage","url":"https:\/\/dev.eliassen.nl\/wp-content\/uploads\/2024\/01\/schilderijaluminiumarmada.jpg","contentUrl":"https:\/\/dev.eliassen.nl\/wp-content\/uploads\/2024\/01\/schilderijaluminiumarmada.jpg","width":2048,"height":2038,"caption":"Schilderij aluminium Armada"},{"@type":"BreadcrumbList","@id":"https:\/\/dev.eliassen.nl\/de\/malerei-aluminium-armada-80x80cm\/#breadcrumb","itemListElement":[{"@type":"ListItem","position":1,"name":"Home","item":"https:\/\/dev.eliassen.nl\/de\/"},{"@type":"ListItem","position":2,"name":"Shop","item":"https:\/\/dev.eliassen.nl\/nl\/winkel\/"},{"@type":"ListItem","position":3,"name":"Gem\u00e4lde","item":"https:\/\/dev.eliassen.nl\/de\/gemaelde\/"},{"@type":"ListItem","position":4,"name":"Aluminium-Gem\u00e4lde","item":"https:\/\/dev.eliassen.nl\/de\/gemaelde\/aluminium-gemaelde\/"},{"@type":"ListItem","position":5,"name":"Malerei Aluminium Armada 80x80cm"}]},{"@type":"WebSite","@id":"https:\/\/dev.eliassen.nl\/de\/#website","url":"https:\/\/dev.eliassen.nl\/de\/","name":"Eliassen Home & Garden Pleasure","description":"","publisher":{"@id":"https:\/\/dev.eliassen.nl\/de\/#organization"},"alternateName":"Eliassen.nl","potentialAction":[{"@type":"SearchAction","target":{"@type":"EntryPoint","urlTemplate":"https:\/\/dev.eliassen.nl\/de\/?s={search_term_string}"},"query-input":{"@type":"PropertyValueSpecification","valueRequired":true,"valueName":"search_term_string"}}],"inLanguage":"de"},{"@type":"Organization","@id":"https:\/\/dev.eliassen.nl\/de\/#organization","name":"Eliassen Home & Garden Pleasure","url":"https:\/\/dev.eliassen.nl\/de\/","logo":{"@type":"ImageObject","inLanguage":"de","@id":"https:\/\/dev.eliassen.nl\/de\/#\/schema\/logo\/image\/","url":"https:\/\/www.eliassen.nl\/wp-content\/uploads\/2024\/01\/logo_4nd.jpg","contentUrl":"https:\/\/www.eliassen.nl\/wp-content\/uploads\/2024\/01\/logo_4nd.jpg","width":500,"height":500,"caption":"Eliassen Home & Garden Pleasure"},"image":{"@id":"https:\/\/dev.eliassen.nl\/de\/#\/schema\/logo\/image\/"},"sameAs":["https:\/\/www.facebook.com\/TuincentrumEliassenAmmerzoden","https:\/\/www.instagram.com\/eliassenhomeandgarden\/","https:\/\/nl.pinterest.com\/eliassenhomeandgarden\/","https:\/\/www.youtube.com\/@eliassenhomegardenpleasure4558"]}]}},"df_price":46.5,"df_sale_price":46.5,"df_regular_price":155,"df_image_link":"https:\/\/dev.eliassen.nl\/wp-content\/uploads\/2024\/01\/schilderijaluminiumarmada.jpg","image":"https:\/\/dev.eliassen.nl\/wp-content\/uploads\/2024\/01\/schilderijaluminiumarmada.jpg","price_search":"<span class=\"woocommerce-Price-amount amount\"><bdi><span class=\"woocommerce-Price-currencySymbol\">&euro;<\/span>&nbsp;46,50<\/bdi><\/span>","category":"Aluminium-Gem\u00e4lde","_links":{"self":[{"href":"https:\/\/dev.eliassen.nl\/de\/wp-json\/wp\/v2\/product\/11029","targetHints":{"allow":["GET"]}}],"collection":[{"href":"https:\/\/dev.eliassen.nl\/de\/wp-json\/wp\/v2\/product"}],"about":[{"href":"https:\/\/dev.eliassen.nl\/de\/wp-json\/wp\/v2\/types\/product"}],"wp:featuredmedia":[{"embeddable":true,"href":"https:\/\/dev.eliassen.nl\/de\/wp-json\/wp\/v2\/media\/11026"}],"wp:attachment":[{"href":"https:\/\/dev.eliassen.nl\/de\/wp-json\/wp\/v2\/media?parent=11029"}],"wp:term":[{"taxonomy":"product_brand","embeddable":true,"href":"https:\/\/dev.eliassen.nl\/de\/wp-json\/wp\/v2\/product_brand?post=11029"},{"taxonomy":"product_cat","embeddable":true,"href":"https:\/\/dev.eliassen.nl\/de\/wp-json\/wp\/v2\/product_cat?post=11029"},{"taxonomy":"product_tag","embeddable":true,"href":"https:\/\/dev.eliassen.nl\/de\/wp-json\/wp\/v2\/product_tag?post=11029"}],"curies":[{"name":"wp","href":"https:\/\/api.w.org\/{rel}","templated":true}]}}