{"id":11038,"date":"2019-10-28T17:13:49","date_gmt":"2019-10-28T16:13:49","guid":{"rendered":"https:\/\/www.eliassen.nl\/?product=eliassen-drehen-rad-brunnen"},"modified":"2024-12-05T15:15:23","modified_gmt":"2024-12-05T14:15:23","slug":"wasserbrunnen-mit-drehbarem-marmorring","status":"publish","type":"product","link":"https:\/\/dev.eliassen.nl\/de\/wasserbrunnen-mit-drehbarem-marmorring\/","title":{"rendered":"Wasserbrunnen mit drehbarem Marmorring"},"content":{"rendered":"<p>Ein sehr exklusiver Wasserbrunnen, dieser wei\u00dfe Marmor, super glatter Ring, mit einem Durchmesser von 40 cm, mit einer schwarzen Kugel im Inneren, die sich durch den Wasserdruck der Pumpe dreht. Ring und Kugel drehen sich in einem grauen Granitsockel, der auf 1 Hundertstel Millimeter genau ausgeh\u00f6hlt wurde, um eine sehr enge Passung zu gew\u00e4hrleisten.<\/p>\n<p>Ein erhabenes und sehr pr\u00e4zises St\u00fcck Handwerkskunst. Sch\u00f6n in Ihrem Garten, aber auch in oder in der N\u00e4he Ihres Unternehmens. Alles steht auf einem 63 x 50 cm gro\u00dfen Kunststoffsockel mit einem schwarzen Kunststoffband drumherum.<\/p>\n<p>Inklusive Pumpe und Steine. Sehen Sie sich die Spezifikationen f\u00fcr noch mehr Informationen an. Dieser Marmorring ist in den Benelux-L\u00e4ndern nur bei uns erh\u00e4ltlich.<\/p>\n<p>Vergessen Sie nicht, unseren Laden zu besuchen, um die beste Beratung und das gr\u00f6\u00dfte Sortiment in den Benelux-L\u00e4ndern zu erhalten!<\/p>\n<p><strong>Sehen Sie sich das Video unten f\u00fcr einen Eindruck an:<\/strong><\/p>\n<p><iframe loading=\"lazy\" src=\"https:\/\/www.youtube.com\/embed\/_3D6vXMq5xQ?rel=0&amp;showinfo=0\" width=\"560\" height=\"315\" frameborder=\"0\" allowfullscreen=\"allowfullscreen\"><\/iframe><\/p>\n","protected":false},"excerpt":{"rendered":"<p>Ein sehr exklusiver Wasserbrunnen, dieser wei\u00dfe Marmor, super glatter Ring, mit einem Durchmesser von 40 cm, mit einer schwarzen Kugel im Inneren, die sich durch den Wasserdruck der Pumpe dreht. Ring und Kugel drehen sich in einem grauen Granitsockel, der auf 1 Hundertstel Millimeter genau ausgeh\u00f6hlt wurde, um eine sehr enge Passung zu gew\u00e4hrleisten. Ein &hellip;<\/p>\n","protected":false},"featured_media":11032,"template":"","meta":{"_acf_changed":false},"product_brand":[6916],"product_cat":[539,548,536],"product_tag":[],"class_list":{"0":"post-11038","1":"product","2":"type-product","3":"status-publish","4":"has-post-thumbnail","6":"product_brand-eliassen-de","7":"product_cat-einzigartige-eigene-modelle-von-losen-wasserspiele","8":"product_cat-terrassenbrunnen","9":"product_cat-wassereigenschaften","11":"first","12":"instock","13":"taxable","14":"shipping-taxable","15":"purchasable","16":"product-type-simple"},"acf":[],"yoast_head":"<!-- This site is optimized with the Yoast SEO plugin v23.8 - https:\/\/yoast.com\/wordpress\/plugins\/seo\/ -->\n<title>Drehrad-Brunnen<\/title>\n<meta name=\"description\" content=\"Een zeer exclusieve waterfontein met marmeren ring met daarin een zwarte bal. Een prachtige waterfontein voor in de tuin. \u221a Bekijk LIVE +300 waterornamenten!\" \/>\n<meta name=\"robots\" content=\"noindex, follow, max-snippet:-1, max-image-preview:large, max-video-preview:-1\" \/>\n<meta property=\"og:locale\" content=\"de_DE\" \/>\n<meta property=\"og:type\" content=\"article\" \/>\n<meta property=\"og:title\" content=\"Drehrad-Brunnen\" \/>\n<meta property=\"og:description\" content=\"Een zeer exclusieve waterfontein met marmeren ring met daarin een zwarte bal. Een prachtige waterfontein voor in de tuin. \u221a Bekijk LIVE +300 waterornamenten!\" \/>\n<meta property=\"og:url\" content=\"https:\/\/dev.eliassen.nl\/de\/wasserbrunnen-mit-drehbarem-marmorring\/\" \/>\n<meta property=\"og:site_name\" content=\"Eliassen.nl\" \/>\n<meta property=\"article:publisher\" content=\"https:\/\/www.facebook.com\/TuincentrumEliassenAmmerzoden\" \/>\n<meta property=\"article:modified_time\" content=\"2024-12-05T14:15:23+00:00\" \/>\n<meta property=\"og:image\" content=\"https:\/\/dev.eliassen.nl\/wp-content\/uploads\/2024\/01\/waterfonteinmetmarmerendraaienderingeliassenn.jpg\" \/>\n\t<meta property=\"og:image:width\" content=\"621\" \/>\n\t<meta property=\"og:image:height\" content=\"619\" \/>\n\t<meta property=\"og:image:type\" content=\"image\/jpeg\" \/>\n<meta name=\"twitter:card\" content=\"summary_large_image\" \/>\n<script type=\"application\/ld+json\" class=\"yoast-schema-graph\">{\"@context\":\"https:\/\/schema.org\",\"@graph\":[{\"@type\":\"WebPage\",\"@id\":\"https:\/\/dev.eliassen.nl\/de\/wasserbrunnen-mit-drehbarem-marmorring\/\",\"url\":\"https:\/\/dev.eliassen.nl\/de\/wasserbrunnen-mit-drehbarem-marmorring\/\",\"name\":\"Drehrad-Brunnen\",\"isPartOf\":{\"@id\":\"https:\/\/dev.eliassen.nl\/de\/#website\"},\"primaryImageOfPage\":{\"@id\":\"https:\/\/dev.eliassen.nl\/de\/wasserbrunnen-mit-drehbarem-marmorring\/#primaryimage\"},\"image\":{\"@id\":\"https:\/\/dev.eliassen.nl\/de\/wasserbrunnen-mit-drehbarem-marmorring\/#primaryimage\"},\"thumbnailUrl\":\"https:\/\/dev.eliassen.nl\/wp-content\/uploads\/2024\/01\/waterfonteinmetmarmerendraaienderingeliassenn.jpg\",\"datePublished\":\"2019-10-28T16:13:49+00:00\",\"dateModified\":\"2024-12-05T14:15:23+00:00\",\"description\":\"Een zeer exclusieve waterfontein met marmeren ring met daarin een zwarte bal. Een prachtige waterfontein voor in de tuin. \u221a Bekijk LIVE +300 waterornamenten!\",\"breadcrumb\":{\"@id\":\"https:\/\/dev.eliassen.nl\/de\/wasserbrunnen-mit-drehbarem-marmorring\/#breadcrumb\"},\"inLanguage\":\"de\",\"potentialAction\":[{\"@type\":\"ReadAction\",\"target\":[\"https:\/\/dev.eliassen.nl\/de\/wasserbrunnen-mit-drehbarem-marmorring\/\"]}]},{\"@type\":\"ImageObject\",\"inLanguage\":\"de\",\"@id\":\"https:\/\/dev.eliassen.nl\/de\/wasserbrunnen-mit-drehbarem-marmorring\/#primaryimage\",\"url\":\"https:\/\/dev.eliassen.nl\/wp-content\/uploads\/2024\/01\/waterfonteinmetmarmerendraaienderingeliassenn.jpg\",\"contentUrl\":\"https:\/\/dev.eliassen.nl\/wp-content\/uploads\/2024\/01\/waterfonteinmetmarmerendraaienderingeliassenn.jpg\",\"width\":621,\"height\":619,\"caption\":\"Waterfontein met marmeren draaiende ring | Eliassen.nl\"},{\"@type\":\"BreadcrumbList\",\"@id\":\"https:\/\/dev.eliassen.nl\/de\/wasserbrunnen-mit-drehbarem-marmorring\/#breadcrumb\",\"itemListElement\":[{\"@type\":\"ListItem\",\"position\":1,\"name\":\"Home\",\"item\":\"https:\/\/dev.eliassen.nl\/de\/\"},{\"@type\":\"ListItem\",\"position\":2,\"name\":\"Shop\",\"item\":\"https:\/\/dev.eliassen.nl\/nl\/winkel\/\"},{\"@type\":\"ListItem\",\"position\":3,\"name\":\"Wasserspiele\",\"item\":\"https:\/\/dev.eliassen.nl\/de\/wassereigenschaften\/\"},{\"@type\":\"ListItem\",\"position\":4,\"name\":\"Einzigartige eigene Modelle von losen Wasserspielen\",\"item\":\"https:\/\/dev.eliassen.nl\/de\/wassereigenschaften\/einzigartige-eigene-modelle-von-losen-wasserspiele\/\"},{\"@type\":\"ListItem\",\"position\":5,\"name\":\"Wasserbrunnen mit drehbarem Marmorring\"}]},{\"@type\":\"WebSite\",\"@id\":\"https:\/\/dev.eliassen.nl\/de\/#website\",\"url\":\"https:\/\/dev.eliassen.nl\/de\/\",\"name\":\"Eliassen Home & Garden Pleasure\",\"description\":\"\",\"publisher\":{\"@id\":\"https:\/\/dev.eliassen.nl\/de\/#organization\"},\"alternateName\":\"Eliassen.nl\",\"potentialAction\":[{\"@type\":\"SearchAction\",\"target\":{\"@type\":\"EntryPoint\",\"urlTemplate\":\"https:\/\/dev.eliassen.nl\/de\/?s={search_term_string}\"},\"query-input\":{\"@type\":\"PropertyValueSpecification\",\"valueRequired\":true,\"valueName\":\"search_term_string\"}}],\"inLanguage\":\"de\"},{\"@type\":\"Organization\",\"@id\":\"https:\/\/dev.eliassen.nl\/de\/#organization\",\"name\":\"Eliassen Home & Garden Pleasure\",\"url\":\"https:\/\/dev.eliassen.nl\/de\/\",\"logo\":{\"@type\":\"ImageObject\",\"inLanguage\":\"de\",\"@id\":\"https:\/\/dev.eliassen.nl\/de\/#\/schema\/logo\/image\/\",\"url\":\"https:\/\/www.eliassen.nl\/wp-content\/uploads\/2024\/01\/logo_4nd.jpg\",\"contentUrl\":\"https:\/\/www.eliassen.nl\/wp-content\/uploads\/2024\/01\/logo_4nd.jpg\",\"width\":500,\"height\":500,\"caption\":\"Eliassen Home & Garden Pleasure\"},\"image\":{\"@id\":\"https:\/\/dev.eliassen.nl\/de\/#\/schema\/logo\/image\/\"},\"sameAs\":[\"https:\/\/www.facebook.com\/TuincentrumEliassenAmmerzoden\",\"https:\/\/www.instagram.com\/eliassenhomeandgarden\/\",\"https:\/\/nl.pinterest.com\/eliassenhomeandgarden\/\",\"https:\/\/www.youtube.com\/@eliassenhomegardenpleasure4558\"]}]}<\/script>\n<!-- \/ Yoast SEO plugin. -->","yoast_head_json":{"title":"Drehrad-Brunnen","description":"Een zeer exclusieve waterfontein met marmeren ring met daarin een zwarte bal. Een prachtige waterfontein voor in de tuin. \u221a Bekijk LIVE +300 waterornamenten!","robots":{"index":"noindex","follow":"follow","max-snippet":"max-snippet:-1","max-image-preview":"max-image-preview:large","max-video-preview":"max-video-preview:-1"},"og_locale":"de_DE","og_type":"article","og_title":"Drehrad-Brunnen","og_description":"Een zeer exclusieve waterfontein met marmeren ring met daarin een zwarte bal. Een prachtige waterfontein voor in de tuin. \u221a Bekijk LIVE +300 waterornamenten!","og_url":"https:\/\/dev.eliassen.nl\/de\/wasserbrunnen-mit-drehbarem-marmorring\/","og_site_name":"Eliassen.nl","article_publisher":"https:\/\/www.facebook.com\/TuincentrumEliassenAmmerzoden","article_modified_time":"2024-12-05T14:15:23+00:00","og_image":[{"width":621,"height":619,"url":"https:\/\/dev.eliassen.nl\/wp-content\/uploads\/2024\/01\/waterfonteinmetmarmerendraaienderingeliassenn.jpg","type":"image\/jpeg"}],"twitter_card":"summary_large_image","schema":{"@context":"https:\/\/schema.org","@graph":[{"@type":"WebPage","@id":"https:\/\/dev.eliassen.nl\/de\/wasserbrunnen-mit-drehbarem-marmorring\/","url":"https:\/\/dev.eliassen.nl\/de\/wasserbrunnen-mit-drehbarem-marmorring\/","name":"Drehrad-Brunnen","isPartOf":{"@id":"https:\/\/dev.eliassen.nl\/de\/#website"},"primaryImageOfPage":{"@id":"https:\/\/dev.eliassen.nl\/de\/wasserbrunnen-mit-drehbarem-marmorring\/#primaryimage"},"image":{"@id":"https:\/\/dev.eliassen.nl\/de\/wasserbrunnen-mit-drehbarem-marmorring\/#primaryimage"},"thumbnailUrl":"https:\/\/dev.eliassen.nl\/wp-content\/uploads\/2024\/01\/waterfonteinmetmarmerendraaienderingeliassenn.jpg","datePublished":"2019-10-28T16:13:49+00:00","dateModified":"2024-12-05T14:15:23+00:00","description":"Een zeer exclusieve waterfontein met marmeren ring met daarin een zwarte bal. Een prachtige waterfontein voor in de tuin. \u221a Bekijk LIVE +300 waterornamenten!","breadcrumb":{"@id":"https:\/\/dev.eliassen.nl\/de\/wasserbrunnen-mit-drehbarem-marmorring\/#breadcrumb"},"inLanguage":"de","potentialAction":[{"@type":"ReadAction","target":["https:\/\/dev.eliassen.nl\/de\/wasserbrunnen-mit-drehbarem-marmorring\/"]}]},{"@type":"ImageObject","inLanguage":"de","@id":"https:\/\/dev.eliassen.nl\/de\/wasserbrunnen-mit-drehbarem-marmorring\/#primaryimage","url":"https:\/\/dev.eliassen.nl\/wp-content\/uploads\/2024\/01\/waterfonteinmetmarmerendraaienderingeliassenn.jpg","contentUrl":"https:\/\/dev.eliassen.nl\/wp-content\/uploads\/2024\/01\/waterfonteinmetmarmerendraaienderingeliassenn.jpg","width":621,"height":619,"caption":"Waterfontein met marmeren draaiende ring | Eliassen.nl"},{"@type":"BreadcrumbList","@id":"https:\/\/dev.eliassen.nl\/de\/wasserbrunnen-mit-drehbarem-marmorring\/#breadcrumb","itemListElement":[{"@type":"ListItem","position":1,"name":"Home","item":"https:\/\/dev.eliassen.nl\/de\/"},{"@type":"ListItem","position":2,"name":"Shop","item":"https:\/\/dev.eliassen.nl\/nl\/winkel\/"},{"@type":"ListItem","position":3,"name":"Wasserspiele","item":"https:\/\/dev.eliassen.nl\/de\/wassereigenschaften\/"},{"@type":"ListItem","position":4,"name":"Einzigartige eigene Modelle von losen Wasserspielen","item":"https:\/\/dev.eliassen.nl\/de\/wassereigenschaften\/einzigartige-eigene-modelle-von-losen-wasserspiele\/"},{"@type":"ListItem","position":5,"name":"Wasserbrunnen mit drehbarem Marmorring"}]},{"@type":"WebSite","@id":"https:\/\/dev.eliassen.nl\/de\/#website","url":"https:\/\/dev.eliassen.nl\/de\/","name":"Eliassen Home & Garden Pleasure","description":"","publisher":{"@id":"https:\/\/dev.eliassen.nl\/de\/#organization"},"alternateName":"Eliassen.nl","potentialAction":[{"@type":"SearchAction","target":{"@type":"EntryPoint","urlTemplate":"https:\/\/dev.eliassen.nl\/de\/?s={search_term_string}"},"query-input":{"@type":"PropertyValueSpecification","valueRequired":true,"valueName":"search_term_string"}}],"inLanguage":"de"},{"@type":"Organization","@id":"https:\/\/dev.eliassen.nl\/de\/#organization","name":"Eliassen Home & Garden Pleasure","url":"https:\/\/dev.eliassen.nl\/de\/","logo":{"@type":"ImageObject","inLanguage":"de","@id":"https:\/\/dev.eliassen.nl\/de\/#\/schema\/logo\/image\/","url":"https:\/\/www.eliassen.nl\/wp-content\/uploads\/2024\/01\/logo_4nd.jpg","contentUrl":"https:\/\/www.eliassen.nl\/wp-content\/uploads\/2024\/01\/logo_4nd.jpg","width":500,"height":500,"caption":"Eliassen Home & Garden Pleasure"},"image":{"@id":"https:\/\/dev.eliassen.nl\/de\/#\/schema\/logo\/image\/"},"sameAs":["https:\/\/www.facebook.com\/TuincentrumEliassenAmmerzoden","https:\/\/www.instagram.com\/eliassenhomeandgarden\/","https:\/\/nl.pinterest.com\/eliassenhomeandgarden\/","https:\/\/www.youtube.com\/@eliassenhomegardenpleasure4558"]}]}},"df_price":999,"df_sale_price":"","df_regular_price":999,"df_image_link":"https:\/\/dev.eliassen.nl\/wp-content\/uploads\/2024\/01\/waterfonteinmetmarmerendraaienderingeliassenn.jpg","image":"https:\/\/dev.eliassen.nl\/wp-content\/uploads\/2024\/01\/waterfonteinmetmarmerendraaienderingeliassenn.jpg","price_search":"<span class=\"woocommerce-Price-amount amount\"><bdi><span class=\"woocommerce-Price-currencySymbol\">&euro;<\/span>&nbsp;999,00<\/bdi><\/span>","category":"Einzigartige eigene Modelle von losen Wasserspielen","_links":{"self":[{"href":"https:\/\/dev.eliassen.nl\/de\/wp-json\/wp\/v2\/product\/11038","targetHints":{"allow":["GET"]}}],"collection":[{"href":"https:\/\/dev.eliassen.nl\/de\/wp-json\/wp\/v2\/product"}],"about":[{"href":"https:\/\/dev.eliassen.nl\/de\/wp-json\/wp\/v2\/types\/product"}],"wp:featuredmedia":[{"embeddable":true,"href":"https:\/\/dev.eliassen.nl\/de\/wp-json\/wp\/v2\/media\/11032"}],"wp:attachment":[{"href":"https:\/\/dev.eliassen.nl\/de\/wp-json\/wp\/v2\/media?parent=11038"}],"wp:term":[{"taxonomy":"product_brand","embeddable":true,"href":"https:\/\/dev.eliassen.nl\/de\/wp-json\/wp\/v2\/product_brand?post=11038"},{"taxonomy":"product_cat","embeddable":true,"href":"https:\/\/dev.eliassen.nl\/de\/wp-json\/wp\/v2\/product_cat?post=11038"},{"taxonomy":"product_tag","embeddable":true,"href":"https:\/\/dev.eliassen.nl\/de\/wp-json\/wp\/v2\/product_tag?post=11038"}],"curies":[{"name":"wp","href":"https:\/\/api.w.org\/{rel}","templated":true}]}}