{"id":1104,"date":"2019-10-28T15:18:08","date_gmt":"2019-10-28T14:18:08","guid":{"rendered":"https:\/\/www.eliassen.nl\/?product=nymphe-injizierende"},"modified":"2024-12-05T14:58:35","modified_gmt":"2024-12-05T13:58:35","slug":"spritzenfigur-wood-nymph","status":"publish","type":"product","link":"https:\/\/dev.eliassen.nl\/de\/product\/spritzenfigur-wood-nymph\/","title":{"rendered":"Spritzenfigur Wood Nymph"},"content":{"rendered":"<p>Sch\u00f6ne Bronzestatue aus Bronze mit einem Mindestkupfergehalt von 75%, also hohe Qualit\u00e4t. Wasser kann von unten gegen die H\u00e4nde spr\u00fchen.<\/p>\n<ul>\n<li>Gr\u00f6\u00dfe: 57 x 18 cm.<\/li>\n<li>Kommt mit Zertifikat.<\/li>\n<li>Schnell geliefert.<\/li>\n<li>30 Jahre Garantie.<\/li>\n<li>Viele Bronzeskulpturen aus dieser Serie k\u00f6nnen auch live in unserem Shop besichtigt werden.<\/li>\n<\/ul>\n<p>Dieses Objekt kann auch in einem Teich oder einfach auf einem von Ihnen gegrabenen Wasserbecken platziert werden.<\/p>\n<p>Beratung zu weiteren Anforderungen:<\/p>\n<p>Wasserschale: 80cm<br \/>Gitter- \/ Deckelgr\u00f6\u00dfe: Deckel 90cm<br \/>Pumpenkapazit\u00e4t: 2000 ltr<br \/>Schlauchgr\u00f6\u00dfe: 12-16mm<br \/>Steuerventil: ja <\/p>\n<p><iframe loading=\"lazy\" src=\"http:\/\/www.youtube.com\/embed\/SuVZ033xeN4\" width=\"425\" height=\"350\" frameborder=\"0\"><\/iframe><\/p>\n<p>Vergessen Sie nicht, unser Ausstellungsgel\u00e4nde mit 300 Modellen zu besuchen!<\/p>\n","protected":false},"excerpt":{"rendered":"<p>Holznymphe spritzt<\/p>\n","protected":false},"featured_media":685,"template":"","meta":{"_acf_changed":false},"product_brand":[6916],"product_cat":[593,613,620,590,536,7239],"product_tag":[],"class_list":{"0":"post-1104","1":"product","2":"type-product","3":"status-publish","4":"has-post-thumbnail","6":"product_brand-eliassen-de","7":"product_cat-bronzebrunnen","8":"product_cat-bronzestatuen","9":"product_cat-moderne-bronzestatuen","10":"product_cat-sprayfiguren-bronze","11":"product_cat-wassereigenschaften","12":"product_cat-statuen-skulpturen","14":"first","15":"instock","16":"taxable","17":"shipping-taxable","18":"purchasable","19":"product-type-simple"},"acf":[],"yoast_head":"<!-- This site is optimized with the Yoast SEO plugin v23.8 - https:\/\/yoast.com\/wordpress\/plugins\/seo\/ -->\n<title>Spr\u00fchfigur Waldnymphe - Eliassen<\/title>\n<meta name=\"description\" content=\"Auf der Suche nach einer Spr\u00fchfigur? Bestellen Sie jetzt Bronzeholznymphe. Sie k\u00f6nnen ganz einfach ein Wasserspiel auf unserer Website kaufen. \u2713 Gro\u00dfe Auswah...\" \/>\n<meta name=\"robots\" content=\"noindex, follow, max-snippet:-1, max-image-preview:large, max-video-preview:-1\" \/>\n<meta property=\"og:locale\" content=\"de_DE\" \/>\n<meta property=\"og:type\" content=\"article\" \/>\n<meta property=\"og:title\" content=\"Spr\u00fchfigur Waldnymphe - Eliassen\" \/>\n<meta property=\"og:description\" content=\"Auf der Suche nach einer Spr\u00fchfigur? Bestellen Sie jetzt Bronzeholznymphe. Sie k\u00f6nnen ganz einfach ein Wasserspiel auf unserer Website kaufen. \u2713 Gro\u00dfe Auswah...\" \/>\n<meta property=\"og:url\" content=\"https:\/\/dev.eliassen.nl\/de\/product\/spritzenfigur-wood-nymph\/\" \/>\n<meta property=\"og:site_name\" content=\"Eliassen.nl\" \/>\n<meta property=\"article:publisher\" content=\"https:\/\/www.facebook.com\/TuincentrumEliassenAmmerzoden\" \/>\n<meta property=\"article:modified_time\" content=\"2024-12-05T13:58:35+00:00\" \/>\n<meta property=\"og:image\" content=\"https:\/\/dev.eliassen.nl\/wp-content\/uploads\/2024\/01\/eliassenspuitfiguurbosnimf.jpg\" \/>\n\t<meta property=\"og:image:width\" content=\"591\" \/>\n\t<meta property=\"og:image:height\" content=\"1024\" \/>\n\t<meta property=\"og:image:type\" content=\"image\/jpeg\" \/>\n<meta name=\"twitter:card\" content=\"summary_large_image\" \/>\n<script type=\"application\/ld+json\" class=\"yoast-schema-graph\">{\"@context\":\"https:\/\/schema.org\",\"@graph\":[{\"@type\":\"WebPage\",\"@id\":\"https:\/\/dev.eliassen.nl\/de\/product\/spritzenfigur-wood-nymph\/\",\"url\":\"https:\/\/dev.eliassen.nl\/de\/product\/spritzenfigur-wood-nymph\/\",\"name\":\"Spr\u00fchfigur Waldnymphe - Eliassen\",\"isPartOf\":{\"@id\":\"https:\/\/dev.eliassen.nl\/de\/#website\"},\"primaryImageOfPage\":{\"@id\":\"https:\/\/dev.eliassen.nl\/de\/product\/spritzenfigur-wood-nymph\/#primaryimage\"},\"image\":{\"@id\":\"https:\/\/dev.eliassen.nl\/de\/product\/spritzenfigur-wood-nymph\/#primaryimage\"},\"thumbnailUrl\":\"https:\/\/dev.eliassen.nl\/wp-content\/uploads\/2024\/01\/eliassenspuitfiguurbosnimf.jpg\",\"datePublished\":\"2019-10-28T14:18:08+00:00\",\"dateModified\":\"2024-12-05T13:58:35+00:00\",\"description\":\"Auf der Suche nach einer Spr\u00fchfigur? Bestellen Sie jetzt Bronzeholznymphe. Sie k\u00f6nnen ganz einfach ein Wasserspiel auf unserer Website kaufen. \u2713 Gro\u00dfe Auswah...\",\"breadcrumb\":{\"@id\":\"https:\/\/dev.eliassen.nl\/de\/product\/spritzenfigur-wood-nymph\/#breadcrumb\"},\"inLanguage\":\"de\",\"potentialAction\":[{\"@type\":\"ReadAction\",\"target\":[\"https:\/\/dev.eliassen.nl\/de\/product\/spritzenfigur-wood-nymph\/\"]}]},{\"@type\":\"ImageObject\",\"inLanguage\":\"de\",\"@id\":\"https:\/\/dev.eliassen.nl\/de\/product\/spritzenfigur-wood-nymph\/#primaryimage\",\"url\":\"https:\/\/dev.eliassen.nl\/wp-content\/uploads\/2024\/01\/eliassenspuitfiguurbosnimf.jpg\",\"contentUrl\":\"https:\/\/dev.eliassen.nl\/wp-content\/uploads\/2024\/01\/eliassenspuitfiguurbosnimf.jpg\",\"width\":591,\"height\":1024,\"caption\":\"Eliassen Spuitfiguur Bosnimf\"},{\"@type\":\"BreadcrumbList\",\"@id\":\"https:\/\/dev.eliassen.nl\/de\/product\/spritzenfigur-wood-nymph\/#breadcrumb\",\"itemListElement\":[{\"@type\":\"ListItem\",\"position\":1,\"name\":\"Home\",\"item\":\"https:\/\/dev.eliassen.nl\/de\/\"},{\"@type\":\"ListItem\",\"position\":2,\"name\":\"Shop\",\"item\":\"https:\/\/dev.eliassen.nl\/nl\/winkel\/\"},{\"@type\":\"ListItem\",\"position\":3,\"name\":\"Wasserspiele\",\"item\":\"https:\/\/dev.eliassen.nl\/de\/wassereigenschaften\/\"},{\"@type\":\"ListItem\",\"position\":4,\"name\":\"Bronzebrunnen\",\"item\":\"https:\/\/dev.eliassen.nl\/de\/wassereigenschaften\/bronzebrunnen\/\"},{\"@type\":\"ListItem\",\"position\":5,\"name\":\"Spritzenfigur Wood Nymph\"}]},{\"@type\":\"WebSite\",\"@id\":\"https:\/\/dev.eliassen.nl\/de\/#website\",\"url\":\"https:\/\/dev.eliassen.nl\/de\/\",\"name\":\"Eliassen Home & Garden Pleasure\",\"description\":\"\",\"publisher\":{\"@id\":\"https:\/\/dev.eliassen.nl\/de\/#organization\"},\"alternateName\":\"Eliassen.nl\",\"potentialAction\":[{\"@type\":\"SearchAction\",\"target\":{\"@type\":\"EntryPoint\",\"urlTemplate\":\"https:\/\/dev.eliassen.nl\/de\/?s={search_term_string}\"},\"query-input\":{\"@type\":\"PropertyValueSpecification\",\"valueRequired\":true,\"valueName\":\"search_term_string\"}}],\"inLanguage\":\"de\"},{\"@type\":\"Organization\",\"@id\":\"https:\/\/dev.eliassen.nl\/de\/#organization\",\"name\":\"Eliassen Home & Garden Pleasure\",\"url\":\"https:\/\/dev.eliassen.nl\/de\/\",\"logo\":{\"@type\":\"ImageObject\",\"inLanguage\":\"de\",\"@id\":\"https:\/\/dev.eliassen.nl\/de\/#\/schema\/logo\/image\/\",\"url\":\"https:\/\/www.eliassen.nl\/wp-content\/uploads\/2024\/01\/logo_4nd.jpg\",\"contentUrl\":\"https:\/\/www.eliassen.nl\/wp-content\/uploads\/2024\/01\/logo_4nd.jpg\",\"width\":500,\"height\":500,\"caption\":\"Eliassen Home & Garden Pleasure\"},\"image\":{\"@id\":\"https:\/\/dev.eliassen.nl\/de\/#\/schema\/logo\/image\/\"},\"sameAs\":[\"https:\/\/www.facebook.com\/TuincentrumEliassenAmmerzoden\",\"https:\/\/www.instagram.com\/eliassenhomeandgarden\/\",\"https:\/\/nl.pinterest.com\/eliassenhomeandgarden\/\",\"https:\/\/www.youtube.com\/@eliassenhomegardenpleasure4558\"]}]}<\/script>\n<!-- \/ Yoast SEO plugin. -->","yoast_head_json":{"title":"Spr\u00fchfigur Waldnymphe - Eliassen","description":"Auf der Suche nach einer Spr\u00fchfigur? Bestellen Sie jetzt Bronzeholznymphe. Sie k\u00f6nnen ganz einfach ein Wasserspiel auf unserer Website kaufen. \u2713 Gro\u00dfe Auswah...","robots":{"index":"noindex","follow":"follow","max-snippet":"max-snippet:-1","max-image-preview":"max-image-preview:large","max-video-preview":"max-video-preview:-1"},"og_locale":"de_DE","og_type":"article","og_title":"Spr\u00fchfigur Waldnymphe - Eliassen","og_description":"Auf der Suche nach einer Spr\u00fchfigur? Bestellen Sie jetzt Bronzeholznymphe. Sie k\u00f6nnen ganz einfach ein Wasserspiel auf unserer Website kaufen. \u2713 Gro\u00dfe Auswah...","og_url":"https:\/\/dev.eliassen.nl\/de\/product\/spritzenfigur-wood-nymph\/","og_site_name":"Eliassen.nl","article_publisher":"https:\/\/www.facebook.com\/TuincentrumEliassenAmmerzoden","article_modified_time":"2024-12-05T13:58:35+00:00","og_image":[{"width":591,"height":1024,"url":"https:\/\/dev.eliassen.nl\/wp-content\/uploads\/2024\/01\/eliassenspuitfiguurbosnimf.jpg","type":"image\/jpeg"}],"twitter_card":"summary_large_image","schema":{"@context":"https:\/\/schema.org","@graph":[{"@type":"WebPage","@id":"https:\/\/dev.eliassen.nl\/de\/product\/spritzenfigur-wood-nymph\/","url":"https:\/\/dev.eliassen.nl\/de\/product\/spritzenfigur-wood-nymph\/","name":"Spr\u00fchfigur Waldnymphe - Eliassen","isPartOf":{"@id":"https:\/\/dev.eliassen.nl\/de\/#website"},"primaryImageOfPage":{"@id":"https:\/\/dev.eliassen.nl\/de\/product\/spritzenfigur-wood-nymph\/#primaryimage"},"image":{"@id":"https:\/\/dev.eliassen.nl\/de\/product\/spritzenfigur-wood-nymph\/#primaryimage"},"thumbnailUrl":"https:\/\/dev.eliassen.nl\/wp-content\/uploads\/2024\/01\/eliassenspuitfiguurbosnimf.jpg","datePublished":"2019-10-28T14:18:08+00:00","dateModified":"2024-12-05T13:58:35+00:00","description":"Auf der Suche nach einer Spr\u00fchfigur? Bestellen Sie jetzt Bronzeholznymphe. Sie k\u00f6nnen ganz einfach ein Wasserspiel auf unserer Website kaufen. \u2713 Gro\u00dfe Auswah...","breadcrumb":{"@id":"https:\/\/dev.eliassen.nl\/de\/product\/spritzenfigur-wood-nymph\/#breadcrumb"},"inLanguage":"de","potentialAction":[{"@type":"ReadAction","target":["https:\/\/dev.eliassen.nl\/de\/product\/spritzenfigur-wood-nymph\/"]}]},{"@type":"ImageObject","inLanguage":"de","@id":"https:\/\/dev.eliassen.nl\/de\/product\/spritzenfigur-wood-nymph\/#primaryimage","url":"https:\/\/dev.eliassen.nl\/wp-content\/uploads\/2024\/01\/eliassenspuitfiguurbosnimf.jpg","contentUrl":"https:\/\/dev.eliassen.nl\/wp-content\/uploads\/2024\/01\/eliassenspuitfiguurbosnimf.jpg","width":591,"height":1024,"caption":"Eliassen Spuitfiguur Bosnimf"},{"@type":"BreadcrumbList","@id":"https:\/\/dev.eliassen.nl\/de\/product\/spritzenfigur-wood-nymph\/#breadcrumb","itemListElement":[{"@type":"ListItem","position":1,"name":"Home","item":"https:\/\/dev.eliassen.nl\/de\/"},{"@type":"ListItem","position":2,"name":"Shop","item":"https:\/\/dev.eliassen.nl\/nl\/winkel\/"},{"@type":"ListItem","position":3,"name":"Wasserspiele","item":"https:\/\/dev.eliassen.nl\/de\/wassereigenschaften\/"},{"@type":"ListItem","position":4,"name":"Bronzebrunnen","item":"https:\/\/dev.eliassen.nl\/de\/wassereigenschaften\/bronzebrunnen\/"},{"@type":"ListItem","position":5,"name":"Spritzenfigur Wood Nymph"}]},{"@type":"WebSite","@id":"https:\/\/dev.eliassen.nl\/de\/#website","url":"https:\/\/dev.eliassen.nl\/de\/","name":"Eliassen Home & Garden Pleasure","description":"","publisher":{"@id":"https:\/\/dev.eliassen.nl\/de\/#organization"},"alternateName":"Eliassen.nl","potentialAction":[{"@type":"SearchAction","target":{"@type":"EntryPoint","urlTemplate":"https:\/\/dev.eliassen.nl\/de\/?s={search_term_string}"},"query-input":{"@type":"PropertyValueSpecification","valueRequired":true,"valueName":"search_term_string"}}],"inLanguage":"de"},{"@type":"Organization","@id":"https:\/\/dev.eliassen.nl\/de\/#organization","name":"Eliassen Home & Garden Pleasure","url":"https:\/\/dev.eliassen.nl\/de\/","logo":{"@type":"ImageObject","inLanguage":"de","@id":"https:\/\/dev.eliassen.nl\/de\/#\/schema\/logo\/image\/","url":"https:\/\/www.eliassen.nl\/wp-content\/uploads\/2024\/01\/logo_4nd.jpg","contentUrl":"https:\/\/www.eliassen.nl\/wp-content\/uploads\/2024\/01\/logo_4nd.jpg","width":500,"height":500,"caption":"Eliassen Home & Garden Pleasure"},"image":{"@id":"https:\/\/dev.eliassen.nl\/de\/#\/schema\/logo\/image\/"},"sameAs":["https:\/\/www.facebook.com\/TuincentrumEliassenAmmerzoden","https:\/\/www.instagram.com\/eliassenhomeandgarden\/","https:\/\/nl.pinterest.com\/eliassenhomeandgarden\/","https:\/\/www.youtube.com\/@eliassenhomegardenpleasure4558"]}]}},"df_price":292,"df_sale_price":"","df_regular_price":292,"df_image_link":"https:\/\/dev.eliassen.nl\/wp-content\/uploads\/2024\/01\/eliassenspuitfiguurbosnimf.jpg","image":"https:\/\/dev.eliassen.nl\/wp-content\/uploads\/2024\/01\/eliassenspuitfiguurbosnimf.jpg","price_search":"<span class=\"woocommerce-Price-amount amount\"><bdi><span class=\"woocommerce-Price-currencySymbol\">&euro;<\/span>&nbsp;292,00<\/bdi><\/span>","category":"Bronzebrunnen","_links":{"self":[{"href":"https:\/\/dev.eliassen.nl\/de\/wp-json\/wp\/v2\/product\/1104","targetHints":{"allow":["GET"]}}],"collection":[{"href":"https:\/\/dev.eliassen.nl\/de\/wp-json\/wp\/v2\/product"}],"about":[{"href":"https:\/\/dev.eliassen.nl\/de\/wp-json\/wp\/v2\/types\/product"}],"wp:featuredmedia":[{"embeddable":true,"href":"https:\/\/dev.eliassen.nl\/de\/wp-json\/wp\/v2\/media\/685"}],"wp:attachment":[{"href":"https:\/\/dev.eliassen.nl\/de\/wp-json\/wp\/v2\/media?parent=1104"}],"wp:term":[{"taxonomy":"product_brand","embeddable":true,"href":"https:\/\/dev.eliassen.nl\/de\/wp-json\/wp\/v2\/product_brand?post=1104"},{"taxonomy":"product_cat","embeddable":true,"href":"https:\/\/dev.eliassen.nl\/de\/wp-json\/wp\/v2\/product_cat?post=1104"},{"taxonomy":"product_tag","embeddable":true,"href":"https:\/\/dev.eliassen.nl\/de\/wp-json\/wp\/v2\/product_tag?post=1104"}],"curies":[{"name":"wp","href":"https:\/\/api.w.org\/{rel}","templated":true}]}}