{"id":11056,"date":"2019-10-28T17:13:56","date_gmt":"2019-10-28T16:13:56","guid":{"rendered":"https:\/\/www.eliassen.nl\/?product=gesicht-mann"},"modified":"2024-12-05T15:15:24","modified_gmt":"2024-12-05T14:15:24","slug":"steinstatue-gesicht-mann","status":"publish","type":"product","link":"https:\/\/dev.eliassen.nl\/de\/steinstatue-gesicht-mann\/","title":{"rendered":"Steinstatue Gesicht Mann"},"content":{"rendered":"<p>Dieses gro\u00dfe Gesicht eines Mannes ist atemberaubend sch\u00f6n, perfekt detailliert und grau get\u00fcncht. Diese Statue ist aus hochwertigem, massivem Kunststein gefertigt, was f\u00fcr jahrelangen stimmungsvollen Genuss sorgt. Diese Statue ist wundersch\u00f6n in Ihrem Garten, aber sicherlich auch in gr\u00f6\u00dferen H\u00e4usern oder in\/in der N\u00e4he Ihres Unternehmens. Steht stabil auf einer stabilen Bodenplatte.<br \/>Tipp: Auch in Kombination mit dem Gesicht der Frau sehr geschmackvoll.<br \/>Weitere Einzelheiten finden Sie in den Spezifikationen.<\/p>\n<ul>\n<li>Massiver Steinguss<\/li>\n<li>Farbe nat\u00fcrlich<\/li>\n<li>Gr\u00f6\u00dfe 67 cm breit und 115 cm hoch<\/li>\n<li>145 kg<\/li>\n<li>10 Jahre Garantie<\/li>\n<li>Wir sind bestrebt, dieses Produkt immer in unserem Ausstellungsraum zu haben, damit Sie dieses Modell live besichtigen k\u00f6nnen. Rufen Sie uns an oder schreiben Sie uns eine E-Mail, wenn Sie vorbeikommen m\u00f6chten, um Missverst\u00e4ndnisse zu vermeiden.<\/li>\n<\/ul>\n","protected":false},"excerpt":{"rendered":"<p>Dieses gro\u00dfe Gesicht eines Mannes ist atemberaubend sch\u00f6n, perfekt detailliert und grau get\u00fcncht. Diese Statue ist aus hochwertigem, massivem Kunststein gefertigt, was f\u00fcr jahrelangen stimmungsvollen Genuss sorgt. Diese Statue ist wundersch\u00f6n in Ihrem Garten, aber sicherlich auch in gr\u00f6\u00dferen H\u00e4usern oder in\/in der N\u00e4he Ihres Unternehmens. Steht stabil auf einer stabilen Bodenplatte.Tipp: Auch in Kombination &hellip;<\/p>\n","protected":false},"featured_media":11041,"template":"","meta":{"_acf_changed":false},"product_brand":[6916],"product_cat":[704,677,7239],"product_tag":[],"class_list":{"0":"post-11056","1":"product","2":"type-product","3":"status-publish","4":"has-post-thumbnail","6":"product_brand-eliassen-de","7":"product_cat-andere-modelle-gartenstatuen","8":"product_cat-betonstatuen","9":"product_cat-statuen-skulpturen","11":"first","12":"instock","13":"taxable","14":"shipping-taxable","15":"purchasable","16":"product-type-simple"},"acf":[],"yoast_head":"<!-- This site is optimized with the Yoast SEO plugin v23.8 - https:\/\/yoast.com\/wordpress\/plugins\/seo\/ -->\n<title>Steinstatue Gesicht Mann | Eliassen<\/title>\n<meta name=\"description\" content=\"Bei Eliassen k\u00f6nnen Sie die Steinstatue mit dem Gesicht eines Menschen online kaufen oder sie live im Ausstellungsraum betrachten. Wir haben die sch\u00f6nsten St...\" \/>\n<meta name=\"robots\" content=\"noindex, follow, max-snippet:-1, max-image-preview:large, max-video-preview:-1\" \/>\n<meta property=\"og:locale\" content=\"de_DE\" \/>\n<meta property=\"og:type\" content=\"article\" \/>\n<meta property=\"og:title\" content=\"Steinstatue Gesicht Mann | Eliassen\" \/>\n<meta property=\"og:description\" content=\"Bei Eliassen k\u00f6nnen Sie die Steinstatue mit dem Gesicht eines Menschen online kaufen oder sie live im Ausstellungsraum betrachten. Wir haben die sch\u00f6nsten St...\" \/>\n<meta property=\"og:url\" content=\"https:\/\/dev.eliassen.nl\/de\/steinstatue-gesicht-mann\/\" \/>\n<meta property=\"og:site_name\" content=\"Eliassen.nl\" \/>\n<meta property=\"article:publisher\" content=\"https:\/\/www.facebook.com\/TuincentrumEliassenAmmerzoden\" \/>\n<meta property=\"article:modified_time\" content=\"2024-12-05T14:15:24+00:00\" \/>\n<meta property=\"og:image\" content=\"https:\/\/dev.eliassen.nl\/wp-content\/uploads\/2024\/01\/11_3nd.jpg\" \/>\n\t<meta property=\"og:image:width\" content=\"400\" \/>\n\t<meta property=\"og:image:height\" content=\"600\" \/>\n\t<meta property=\"og:image:type\" content=\"image\/jpeg\" \/>\n<meta name=\"twitter:card\" content=\"summary_large_image\" \/>\n<script type=\"application\/ld+json\" class=\"yoast-schema-graph\">{\"@context\":\"https:\/\/schema.org\",\"@graph\":[{\"@type\":\"WebPage\",\"@id\":\"https:\/\/dev.eliassen.nl\/de\/steinstatue-gesicht-mann\/\",\"url\":\"https:\/\/dev.eliassen.nl\/de\/steinstatue-gesicht-mann\/\",\"name\":\"Steinstatue Gesicht Mann | Eliassen\",\"isPartOf\":{\"@id\":\"https:\/\/dev.eliassen.nl\/de\/#website\"},\"primaryImageOfPage\":{\"@id\":\"https:\/\/dev.eliassen.nl\/de\/steinstatue-gesicht-mann\/#primaryimage\"},\"image\":{\"@id\":\"https:\/\/dev.eliassen.nl\/de\/steinstatue-gesicht-mann\/#primaryimage\"},\"thumbnailUrl\":\"https:\/\/dev.eliassen.nl\/wp-content\/uploads\/2024\/01\/11_3nd.jpg\",\"datePublished\":\"2019-10-28T16:13:56+00:00\",\"dateModified\":\"2024-12-05T14:15:24+00:00\",\"description\":\"Bei Eliassen k\u00f6nnen Sie die Steinstatue mit dem Gesicht eines Menschen online kaufen oder sie live im Ausstellungsraum betrachten. Wir haben die sch\u00f6nsten St...\",\"breadcrumb\":{\"@id\":\"https:\/\/dev.eliassen.nl\/de\/steinstatue-gesicht-mann\/#breadcrumb\"},\"inLanguage\":\"de\",\"potentialAction\":[{\"@type\":\"ReadAction\",\"target\":[\"https:\/\/dev.eliassen.nl\/de\/steinstatue-gesicht-mann\/\"]}]},{\"@type\":\"ImageObject\",\"inLanguage\":\"de\",\"@id\":\"https:\/\/dev.eliassen.nl\/de\/steinstatue-gesicht-mann\/#primaryimage\",\"url\":\"https:\/\/dev.eliassen.nl\/wp-content\/uploads\/2024\/01\/11_3nd.jpg\",\"contentUrl\":\"https:\/\/dev.eliassen.nl\/wp-content\/uploads\/2024\/01\/11_3nd.jpg\",\"width\":400,\"height\":600,\"caption\":\"11\"},{\"@type\":\"BreadcrumbList\",\"@id\":\"https:\/\/dev.eliassen.nl\/de\/steinstatue-gesicht-mann\/#breadcrumb\",\"itemListElement\":[{\"@type\":\"ListItem\",\"position\":1,\"name\":\"Home\",\"item\":\"https:\/\/dev.eliassen.nl\/de\/\"},{\"@type\":\"ListItem\",\"position\":2,\"name\":\"Shop\",\"item\":\"https:\/\/dev.eliassen.nl\/nl\/winkel\/\"},{\"@type\":\"ListItem\",\"position\":3,\"name\":\"Statuen-Skulpturen\",\"item\":\"https:\/\/dev.eliassen.nl\/de\/statuen-skulpturen\/\"},{\"@type\":\"ListItem\",\"position\":4,\"name\":\"Betonstatuen\",\"item\":\"https:\/\/dev.eliassen.nl\/de\/bilder\/betonstatuen\/\"},{\"@type\":\"ListItem\",\"position\":5,\"name\":\"Andere Modelle Gartenstatuen\",\"item\":\"https:\/\/dev.eliassen.nl\/de\/bilder\/betonstatuen\/andere-modelle-gartenstatuen\/\"},{\"@type\":\"ListItem\",\"position\":6,\"name\":\"Steinstatue Gesicht Mann\"}]},{\"@type\":\"WebSite\",\"@id\":\"https:\/\/dev.eliassen.nl\/de\/#website\",\"url\":\"https:\/\/dev.eliassen.nl\/de\/\",\"name\":\"Eliassen Home & Garden Pleasure\",\"description\":\"\",\"publisher\":{\"@id\":\"https:\/\/dev.eliassen.nl\/de\/#organization\"},\"alternateName\":\"Eliassen.nl\",\"potentialAction\":[{\"@type\":\"SearchAction\",\"target\":{\"@type\":\"EntryPoint\",\"urlTemplate\":\"https:\/\/dev.eliassen.nl\/de\/?s={search_term_string}\"},\"query-input\":{\"@type\":\"PropertyValueSpecification\",\"valueRequired\":true,\"valueName\":\"search_term_string\"}}],\"inLanguage\":\"de\"},{\"@type\":\"Organization\",\"@id\":\"https:\/\/dev.eliassen.nl\/de\/#organization\",\"name\":\"Eliassen Home & Garden Pleasure\",\"url\":\"https:\/\/dev.eliassen.nl\/de\/\",\"logo\":{\"@type\":\"ImageObject\",\"inLanguage\":\"de\",\"@id\":\"https:\/\/dev.eliassen.nl\/de\/#\/schema\/logo\/image\/\",\"url\":\"https:\/\/www.eliassen.nl\/wp-content\/uploads\/2024\/01\/logo_4nd.jpg\",\"contentUrl\":\"https:\/\/www.eliassen.nl\/wp-content\/uploads\/2024\/01\/logo_4nd.jpg\",\"width\":500,\"height\":500,\"caption\":\"Eliassen Home & Garden Pleasure\"},\"image\":{\"@id\":\"https:\/\/dev.eliassen.nl\/de\/#\/schema\/logo\/image\/\"},\"sameAs\":[\"https:\/\/www.facebook.com\/TuincentrumEliassenAmmerzoden\",\"https:\/\/www.instagram.com\/eliassenhomeandgarden\/\",\"https:\/\/nl.pinterest.com\/eliassenhomeandgarden\/\",\"https:\/\/www.youtube.com\/@eliassenhomegardenpleasure4558\"]}]}<\/script>\n<!-- \/ Yoast SEO plugin. -->","yoast_head_json":{"title":"Steinstatue Gesicht Mann | Eliassen","description":"Bei Eliassen k\u00f6nnen Sie die Steinstatue mit dem Gesicht eines Menschen online kaufen oder sie live im Ausstellungsraum betrachten. Wir haben die sch\u00f6nsten St...","robots":{"index":"noindex","follow":"follow","max-snippet":"max-snippet:-1","max-image-preview":"max-image-preview:large","max-video-preview":"max-video-preview:-1"},"og_locale":"de_DE","og_type":"article","og_title":"Steinstatue Gesicht Mann | Eliassen","og_description":"Bei Eliassen k\u00f6nnen Sie die Steinstatue mit dem Gesicht eines Menschen online kaufen oder sie live im Ausstellungsraum betrachten. Wir haben die sch\u00f6nsten St...","og_url":"https:\/\/dev.eliassen.nl\/de\/steinstatue-gesicht-mann\/","og_site_name":"Eliassen.nl","article_publisher":"https:\/\/www.facebook.com\/TuincentrumEliassenAmmerzoden","article_modified_time":"2024-12-05T14:15:24+00:00","og_image":[{"width":400,"height":600,"url":"https:\/\/dev.eliassen.nl\/wp-content\/uploads\/2024\/01\/11_3nd.jpg","type":"image\/jpeg"}],"twitter_card":"summary_large_image","schema":{"@context":"https:\/\/schema.org","@graph":[{"@type":"WebPage","@id":"https:\/\/dev.eliassen.nl\/de\/steinstatue-gesicht-mann\/","url":"https:\/\/dev.eliassen.nl\/de\/steinstatue-gesicht-mann\/","name":"Steinstatue Gesicht Mann | Eliassen","isPartOf":{"@id":"https:\/\/dev.eliassen.nl\/de\/#website"},"primaryImageOfPage":{"@id":"https:\/\/dev.eliassen.nl\/de\/steinstatue-gesicht-mann\/#primaryimage"},"image":{"@id":"https:\/\/dev.eliassen.nl\/de\/steinstatue-gesicht-mann\/#primaryimage"},"thumbnailUrl":"https:\/\/dev.eliassen.nl\/wp-content\/uploads\/2024\/01\/11_3nd.jpg","datePublished":"2019-10-28T16:13:56+00:00","dateModified":"2024-12-05T14:15:24+00:00","description":"Bei Eliassen k\u00f6nnen Sie die Steinstatue mit dem Gesicht eines Menschen online kaufen oder sie live im Ausstellungsraum betrachten. Wir haben die sch\u00f6nsten St...","breadcrumb":{"@id":"https:\/\/dev.eliassen.nl\/de\/steinstatue-gesicht-mann\/#breadcrumb"},"inLanguage":"de","potentialAction":[{"@type":"ReadAction","target":["https:\/\/dev.eliassen.nl\/de\/steinstatue-gesicht-mann\/"]}]},{"@type":"ImageObject","inLanguage":"de","@id":"https:\/\/dev.eliassen.nl\/de\/steinstatue-gesicht-mann\/#primaryimage","url":"https:\/\/dev.eliassen.nl\/wp-content\/uploads\/2024\/01\/11_3nd.jpg","contentUrl":"https:\/\/dev.eliassen.nl\/wp-content\/uploads\/2024\/01\/11_3nd.jpg","width":400,"height":600,"caption":"11"},{"@type":"BreadcrumbList","@id":"https:\/\/dev.eliassen.nl\/de\/steinstatue-gesicht-mann\/#breadcrumb","itemListElement":[{"@type":"ListItem","position":1,"name":"Home","item":"https:\/\/dev.eliassen.nl\/de\/"},{"@type":"ListItem","position":2,"name":"Shop","item":"https:\/\/dev.eliassen.nl\/nl\/winkel\/"},{"@type":"ListItem","position":3,"name":"Statuen-Skulpturen","item":"https:\/\/dev.eliassen.nl\/de\/statuen-skulpturen\/"},{"@type":"ListItem","position":4,"name":"Betonstatuen","item":"https:\/\/dev.eliassen.nl\/de\/bilder\/betonstatuen\/"},{"@type":"ListItem","position":5,"name":"Andere Modelle Gartenstatuen","item":"https:\/\/dev.eliassen.nl\/de\/bilder\/betonstatuen\/andere-modelle-gartenstatuen\/"},{"@type":"ListItem","position":6,"name":"Steinstatue Gesicht Mann"}]},{"@type":"WebSite","@id":"https:\/\/dev.eliassen.nl\/de\/#website","url":"https:\/\/dev.eliassen.nl\/de\/","name":"Eliassen Home & Garden Pleasure","description":"","publisher":{"@id":"https:\/\/dev.eliassen.nl\/de\/#organization"},"alternateName":"Eliassen.nl","potentialAction":[{"@type":"SearchAction","target":{"@type":"EntryPoint","urlTemplate":"https:\/\/dev.eliassen.nl\/de\/?s={search_term_string}"},"query-input":{"@type":"PropertyValueSpecification","valueRequired":true,"valueName":"search_term_string"}}],"inLanguage":"de"},{"@type":"Organization","@id":"https:\/\/dev.eliassen.nl\/de\/#organization","name":"Eliassen Home & Garden Pleasure","url":"https:\/\/dev.eliassen.nl\/de\/","logo":{"@type":"ImageObject","inLanguage":"de","@id":"https:\/\/dev.eliassen.nl\/de\/#\/schema\/logo\/image\/","url":"https:\/\/www.eliassen.nl\/wp-content\/uploads\/2024\/01\/logo_4nd.jpg","contentUrl":"https:\/\/www.eliassen.nl\/wp-content\/uploads\/2024\/01\/logo_4nd.jpg","width":500,"height":500,"caption":"Eliassen Home & Garden Pleasure"},"image":{"@id":"https:\/\/dev.eliassen.nl\/de\/#\/schema\/logo\/image\/"},"sameAs":["https:\/\/www.facebook.com\/TuincentrumEliassenAmmerzoden","https:\/\/www.instagram.com\/eliassenhomeandgarden\/","https:\/\/nl.pinterest.com\/eliassenhomeandgarden\/","https:\/\/www.youtube.com\/@eliassenhomegardenpleasure4558"]}]}},"df_price":760,"df_sale_price":"","df_regular_price":760,"df_image_link":"https:\/\/dev.eliassen.nl\/wp-content\/uploads\/2024\/01\/11_3nd.jpg","image":"https:\/\/dev.eliassen.nl\/wp-content\/uploads\/2024\/01\/11_3nd.jpg","price_search":"<span class=\"woocommerce-Price-amount amount\"><bdi><span class=\"woocommerce-Price-currencySymbol\">&euro;<\/span>&nbsp;760,00<\/bdi><\/span>","category":"Andere Modelle Gartenstatuen","_links":{"self":[{"href":"https:\/\/dev.eliassen.nl\/de\/wp-json\/wp\/v2\/product\/11056","targetHints":{"allow":["GET"]}}],"collection":[{"href":"https:\/\/dev.eliassen.nl\/de\/wp-json\/wp\/v2\/product"}],"about":[{"href":"https:\/\/dev.eliassen.nl\/de\/wp-json\/wp\/v2\/types\/product"}],"wp:featuredmedia":[{"embeddable":true,"href":"https:\/\/dev.eliassen.nl\/de\/wp-json\/wp\/v2\/media\/11041"}],"wp:attachment":[{"href":"https:\/\/dev.eliassen.nl\/de\/wp-json\/wp\/v2\/media?parent=11056"}],"wp:term":[{"taxonomy":"product_brand","embeddable":true,"href":"https:\/\/dev.eliassen.nl\/de\/wp-json\/wp\/v2\/product_brand?post=11056"},{"taxonomy":"product_cat","embeddable":true,"href":"https:\/\/dev.eliassen.nl\/de\/wp-json\/wp\/v2\/product_cat?post=11056"},{"taxonomy":"product_tag","embeddable":true,"href":"https:\/\/dev.eliassen.nl\/de\/wp-json\/wp\/v2\/product_tag?post=11056"}],"curies":[{"name":"wp","href":"https:\/\/api.w.org\/{rel}","templated":true}]}}