{"id":11275,"date":"2019-10-28T17:16:22","date_gmt":"2019-10-28T16:16:22","guid":{"rendered":"https:\/\/www.eliassen.nl\/?product=buddha-auf-lotus-koenig"},"modified":"2025-02-06T10:05:11","modified_gmt":"2025-02-06T09:05:11","slug":"buddha-auf-lotus-konig","status":"publish","type":"product","link":"https:\/\/dev.eliassen.nl\/de\/buddha-auf-lotus-konig\/","title":{"rendered":"Buddha auf Lotus, extra gro\u00df, 240 cm"},"content":{"rendered":"<p>Mit dieser supergro\u00dfen Statue eines gr\u00fc\u00dfenden Buddhas k\u00f6nnen Sie Ihrem gro\u00dfen Garten oder Ihrer Firma ein wundersch\u00f6nes, warmes orientalisches Aussehen verleihen.<br \/>Diese supergro\u00dfe Statue besteht aus hochwertigem Kunststein mit einem sehr hohen Zementanteil, wodurch alle diese Statuen problemlos allen Witterungseinfl\u00fcssen standhalten. Die Farbe dieses gro\u00dfen Gru\u00df-Buddha ist schwarz\/braun und kann leicht vom Foto abweichen, da die gesamte Serie handgefertigt ist. Haben Sie eine Frage zu diesem Produkt? Klicken Sie <a href=\"mailto:info@eliassen.nl\"><strong>HIER<\/strong><\/a> und stellen Sie Ihre Frage<\/p>\n<p>Besseres Foto folgt<\/p>\n<ul>\n<li>Tiefengr\u00f6\u00dfe: 125 cm<\/li>\n<li>H\u00f6he: 240 cm<\/li>\n<li>Breite: 160 cm<\/li>\n<li>Farbe: Schwarz\/Grau<\/li>\n<li>Hochwertiger Kunststein<\/li>\n<li>Gewicht: 500 kg<\/li>\n<li>Handgefertigt<\/li>\n<li>Schnell geliefert<\/li>\n<li><strong>Viele dieser Serien k\u00f6nnen auch in unserem Shop besichtigt werden<\/strong><\/li>\n<\/ul>\n<p><strong><\/strong><\/p>\n","protected":false},"excerpt":{"rendered":"<p>\u2713 160x125x240cm hoch \u2713 Hochwertiger Kunststein<\/p>\n","protected":false},"featured_media":11272,"template":"","meta":{"_acf_changed":false},"product_brand":[6916],"product_cat":[677,680,7239],"product_tag":[],"class_list":{"0":"post-11275","1":"product","2":"type-product","3":"status-publish","4":"has-post-thumbnail","6":"product_brand-eliassen-de","7":"product_cat-betonstatuen","8":"product_cat-buddha-statuen","9":"product_cat-statuen-skulpturen","11":"first","12":"instock","13":"taxable","14":"shipping-taxable","15":"purchasable","16":"product-type-simple"},"acf":[],"yoast_head":"<!-- This site is optimized with the Yoast SEO plugin v23.8 - https:\/\/yoast.com\/wordpress\/plugins\/seo\/ -->\n<title>Buddha auf Lotus K\u00f6nig<\/title>\n<meta name=\"description\" content=\"Bij Eliassen koopt u Boeddha op lotus extra groot online of live te bekijken in de showroom. Wij hebben de mooiste stenen beelden, boeddha beelden\" \/>\n<meta name=\"robots\" content=\"noindex, follow, max-snippet:-1, max-image-preview:large, max-video-preview:-1\" \/>\n<meta property=\"og:locale\" content=\"de_DE\" \/>\n<meta property=\"og:type\" content=\"article\" \/>\n<meta property=\"og:title\" content=\"Buddha auf Lotus K\u00f6nig\" \/>\n<meta property=\"og:description\" content=\"Bij Eliassen koopt u Boeddha op lotus extra groot online of live te bekijken in de showroom. Wij hebben de mooiste stenen beelden, boeddha beelden\" \/>\n<meta property=\"og:url\" content=\"https:\/\/dev.eliassen.nl\/de\/buddha-auf-lotus-konig\/\" \/>\n<meta property=\"og:site_name\" content=\"Eliassen.nl\" \/>\n<meta property=\"article:publisher\" content=\"https:\/\/www.facebook.com\/TuincentrumEliassenAmmerzoden\" \/>\n<meta property=\"article:modified_time\" content=\"2025-02-06T09:05:11+00:00\" \/>\n<meta property=\"og:image\" content=\"https:\/\/dev.eliassen.nl\/wp-content\/uploads\/2024\/01\/222_2nd.jpg\" \/>\n\t<meta property=\"og:image:width\" content=\"229\" \/>\n\t<meta property=\"og:image:height\" content=\"412\" \/>\n\t<meta property=\"og:image:type\" content=\"image\/jpeg\" \/>\n<meta name=\"twitter:card\" content=\"summary_large_image\" \/>\n<script type=\"application\/ld+json\" class=\"yoast-schema-graph\">{\"@context\":\"https:\/\/schema.org\",\"@graph\":[{\"@type\":\"WebPage\",\"@id\":\"https:\/\/dev.eliassen.nl\/de\/buddha-auf-lotus-konig\/\",\"url\":\"https:\/\/dev.eliassen.nl\/de\/buddha-auf-lotus-konig\/\",\"name\":\"Buddha auf Lotus K\u00f6nig\",\"isPartOf\":{\"@id\":\"https:\/\/dev.eliassen.nl\/de\/#website\"},\"primaryImageOfPage\":{\"@id\":\"https:\/\/dev.eliassen.nl\/de\/buddha-auf-lotus-konig\/#primaryimage\"},\"image\":{\"@id\":\"https:\/\/dev.eliassen.nl\/de\/buddha-auf-lotus-konig\/#primaryimage\"},\"thumbnailUrl\":\"https:\/\/dev.eliassen.nl\/wp-content\/uploads\/2024\/01\/222_2nd.jpg\",\"datePublished\":\"2019-10-28T16:16:22+00:00\",\"dateModified\":\"2025-02-06T09:05:11+00:00\",\"description\":\"Bij Eliassen koopt u Boeddha op lotus extra groot online of live te bekijken in de showroom. Wij hebben de mooiste stenen beelden, boeddha beelden\",\"breadcrumb\":{\"@id\":\"https:\/\/dev.eliassen.nl\/de\/buddha-auf-lotus-konig\/#breadcrumb\"},\"inLanguage\":\"de\",\"potentialAction\":[{\"@type\":\"ReadAction\",\"target\":[\"https:\/\/dev.eliassen.nl\/de\/buddha-auf-lotus-konig\/\"]}]},{\"@type\":\"ImageObject\",\"inLanguage\":\"de\",\"@id\":\"https:\/\/dev.eliassen.nl\/de\/buddha-auf-lotus-konig\/#primaryimage\",\"url\":\"https:\/\/dev.eliassen.nl\/wp-content\/uploads\/2024\/01\/222_2nd.jpg\",\"contentUrl\":\"https:\/\/dev.eliassen.nl\/wp-content\/uploads\/2024\/01\/222_2nd.jpg\",\"width\":229,\"height\":412,\"caption\":\"222\"},{\"@type\":\"BreadcrumbList\",\"@id\":\"https:\/\/dev.eliassen.nl\/de\/buddha-auf-lotus-konig\/#breadcrumb\",\"itemListElement\":[{\"@type\":\"ListItem\",\"position\":1,\"name\":\"Home\",\"item\":\"https:\/\/dev.eliassen.nl\/de\/\"},{\"@type\":\"ListItem\",\"position\":2,\"name\":\"Shop\",\"item\":\"https:\/\/dev.eliassen.nl\/nl\/winkel\/\"},{\"@type\":\"ListItem\",\"position\":3,\"name\":\"Statuen-Skulpturen\",\"item\":\"https:\/\/dev.eliassen.nl\/de\/statuen-skulpturen\/\"},{\"@type\":\"ListItem\",\"position\":4,\"name\":\"Betonstatuen\",\"item\":\"https:\/\/dev.eliassen.nl\/de\/bilder\/betonstatuen\/\"},{\"@type\":\"ListItem\",\"position\":5,\"name\":\"Buddha-Statuen\",\"item\":\"https:\/\/dev.eliassen.nl\/de\/bilder\/betonstatuen\/buddha-statuen\/\"},{\"@type\":\"ListItem\",\"position\":6,\"name\":\"Buddha auf Lotus, extra gro\u00df, 240 cm\"}]},{\"@type\":\"WebSite\",\"@id\":\"https:\/\/dev.eliassen.nl\/de\/#website\",\"url\":\"https:\/\/dev.eliassen.nl\/de\/\",\"name\":\"Eliassen Home & Garden Pleasure\",\"description\":\"\",\"publisher\":{\"@id\":\"https:\/\/dev.eliassen.nl\/de\/#organization\"},\"alternateName\":\"Eliassen.nl\",\"potentialAction\":[{\"@type\":\"SearchAction\",\"target\":{\"@type\":\"EntryPoint\",\"urlTemplate\":\"https:\/\/dev.eliassen.nl\/de\/?s={search_term_string}\"},\"query-input\":{\"@type\":\"PropertyValueSpecification\",\"valueRequired\":true,\"valueName\":\"search_term_string\"}}],\"inLanguage\":\"de\"},{\"@type\":\"Organization\",\"@id\":\"https:\/\/dev.eliassen.nl\/de\/#organization\",\"name\":\"Eliassen Home & Garden Pleasure\",\"url\":\"https:\/\/dev.eliassen.nl\/de\/\",\"logo\":{\"@type\":\"ImageObject\",\"inLanguage\":\"de\",\"@id\":\"https:\/\/dev.eliassen.nl\/de\/#\/schema\/logo\/image\/\",\"url\":\"https:\/\/www.eliassen.nl\/wp-content\/uploads\/2024\/01\/logo_4nd.jpg\",\"contentUrl\":\"https:\/\/www.eliassen.nl\/wp-content\/uploads\/2024\/01\/logo_4nd.jpg\",\"width\":500,\"height\":500,\"caption\":\"Eliassen Home & Garden Pleasure\"},\"image\":{\"@id\":\"https:\/\/dev.eliassen.nl\/de\/#\/schema\/logo\/image\/\"},\"sameAs\":[\"https:\/\/www.facebook.com\/TuincentrumEliassenAmmerzoden\",\"https:\/\/www.instagram.com\/eliassenhomeandgarden\/\",\"https:\/\/nl.pinterest.com\/eliassenhomeandgarden\/\",\"https:\/\/www.youtube.com\/@eliassenhomegardenpleasure4558\"]}]}<\/script>\n<!-- \/ Yoast SEO plugin. -->","yoast_head_json":{"title":"Buddha auf Lotus K\u00f6nig","description":"Bij Eliassen koopt u Boeddha op lotus extra groot online of live te bekijken in de showroom. Wij hebben de mooiste stenen beelden, boeddha beelden","robots":{"index":"noindex","follow":"follow","max-snippet":"max-snippet:-1","max-image-preview":"max-image-preview:large","max-video-preview":"max-video-preview:-1"},"og_locale":"de_DE","og_type":"article","og_title":"Buddha auf Lotus K\u00f6nig","og_description":"Bij Eliassen koopt u Boeddha op lotus extra groot online of live te bekijken in de showroom. Wij hebben de mooiste stenen beelden, boeddha beelden","og_url":"https:\/\/dev.eliassen.nl\/de\/buddha-auf-lotus-konig\/","og_site_name":"Eliassen.nl","article_publisher":"https:\/\/www.facebook.com\/TuincentrumEliassenAmmerzoden","article_modified_time":"2025-02-06T09:05:11+00:00","og_image":[{"width":229,"height":412,"url":"https:\/\/dev.eliassen.nl\/wp-content\/uploads\/2024\/01\/222_2nd.jpg","type":"image\/jpeg"}],"twitter_card":"summary_large_image","schema":{"@context":"https:\/\/schema.org","@graph":[{"@type":"WebPage","@id":"https:\/\/dev.eliassen.nl\/de\/buddha-auf-lotus-konig\/","url":"https:\/\/dev.eliassen.nl\/de\/buddha-auf-lotus-konig\/","name":"Buddha auf Lotus K\u00f6nig","isPartOf":{"@id":"https:\/\/dev.eliassen.nl\/de\/#website"},"primaryImageOfPage":{"@id":"https:\/\/dev.eliassen.nl\/de\/buddha-auf-lotus-konig\/#primaryimage"},"image":{"@id":"https:\/\/dev.eliassen.nl\/de\/buddha-auf-lotus-konig\/#primaryimage"},"thumbnailUrl":"https:\/\/dev.eliassen.nl\/wp-content\/uploads\/2024\/01\/222_2nd.jpg","datePublished":"2019-10-28T16:16:22+00:00","dateModified":"2025-02-06T09:05:11+00:00","description":"Bij Eliassen koopt u Boeddha op lotus extra groot online of live te bekijken in de showroom. Wij hebben de mooiste stenen beelden, boeddha beelden","breadcrumb":{"@id":"https:\/\/dev.eliassen.nl\/de\/buddha-auf-lotus-konig\/#breadcrumb"},"inLanguage":"de","potentialAction":[{"@type":"ReadAction","target":["https:\/\/dev.eliassen.nl\/de\/buddha-auf-lotus-konig\/"]}]},{"@type":"ImageObject","inLanguage":"de","@id":"https:\/\/dev.eliassen.nl\/de\/buddha-auf-lotus-konig\/#primaryimage","url":"https:\/\/dev.eliassen.nl\/wp-content\/uploads\/2024\/01\/222_2nd.jpg","contentUrl":"https:\/\/dev.eliassen.nl\/wp-content\/uploads\/2024\/01\/222_2nd.jpg","width":229,"height":412,"caption":"222"},{"@type":"BreadcrumbList","@id":"https:\/\/dev.eliassen.nl\/de\/buddha-auf-lotus-konig\/#breadcrumb","itemListElement":[{"@type":"ListItem","position":1,"name":"Home","item":"https:\/\/dev.eliassen.nl\/de\/"},{"@type":"ListItem","position":2,"name":"Shop","item":"https:\/\/dev.eliassen.nl\/nl\/winkel\/"},{"@type":"ListItem","position":3,"name":"Statuen-Skulpturen","item":"https:\/\/dev.eliassen.nl\/de\/statuen-skulpturen\/"},{"@type":"ListItem","position":4,"name":"Betonstatuen","item":"https:\/\/dev.eliassen.nl\/de\/bilder\/betonstatuen\/"},{"@type":"ListItem","position":5,"name":"Buddha-Statuen","item":"https:\/\/dev.eliassen.nl\/de\/bilder\/betonstatuen\/buddha-statuen\/"},{"@type":"ListItem","position":6,"name":"Buddha auf Lotus, extra gro\u00df, 240 cm"}]},{"@type":"WebSite","@id":"https:\/\/dev.eliassen.nl\/de\/#website","url":"https:\/\/dev.eliassen.nl\/de\/","name":"Eliassen Home & Garden Pleasure","description":"","publisher":{"@id":"https:\/\/dev.eliassen.nl\/de\/#organization"},"alternateName":"Eliassen.nl","potentialAction":[{"@type":"SearchAction","target":{"@type":"EntryPoint","urlTemplate":"https:\/\/dev.eliassen.nl\/de\/?s={search_term_string}"},"query-input":{"@type":"PropertyValueSpecification","valueRequired":true,"valueName":"search_term_string"}}],"inLanguage":"de"},{"@type":"Organization","@id":"https:\/\/dev.eliassen.nl\/de\/#organization","name":"Eliassen Home & Garden Pleasure","url":"https:\/\/dev.eliassen.nl\/de\/","logo":{"@type":"ImageObject","inLanguage":"de","@id":"https:\/\/dev.eliassen.nl\/de\/#\/schema\/logo\/image\/","url":"https:\/\/www.eliassen.nl\/wp-content\/uploads\/2024\/01\/logo_4nd.jpg","contentUrl":"https:\/\/www.eliassen.nl\/wp-content\/uploads\/2024\/01\/logo_4nd.jpg","width":500,"height":500,"caption":"Eliassen Home & Garden Pleasure"},"image":{"@id":"https:\/\/dev.eliassen.nl\/de\/#\/schema\/logo\/image\/"},"sameAs":["https:\/\/www.facebook.com\/TuincentrumEliassenAmmerzoden","https:\/\/www.instagram.com\/eliassenhomeandgarden\/","https:\/\/nl.pinterest.com\/eliassenhomeandgarden\/","https:\/\/www.youtube.com\/@eliassenhomegardenpleasure4558"]}]}},"df_price":2999,"df_sale_price":"","df_regular_price":2999,"df_image_link":"https:\/\/dev.eliassen.nl\/wp-content\/uploads\/2024\/01\/222_2nd.jpg","image":"https:\/\/dev.eliassen.nl\/wp-content\/uploads\/2024\/01\/222_2nd.jpg","price_search":"<span class=\"woocommerce-Price-amount amount\"><bdi><span class=\"woocommerce-Price-currencySymbol\">&euro;<\/span>&nbsp;2.999,00<\/bdi><\/span>","category":"Betonstatuen","_links":{"self":[{"href":"https:\/\/dev.eliassen.nl\/de\/wp-json\/wp\/v2\/product\/11275","targetHints":{"allow":["GET"]}}],"collection":[{"href":"https:\/\/dev.eliassen.nl\/de\/wp-json\/wp\/v2\/product"}],"about":[{"href":"https:\/\/dev.eliassen.nl\/de\/wp-json\/wp\/v2\/types\/product"}],"wp:featuredmedia":[{"embeddable":true,"href":"https:\/\/dev.eliassen.nl\/de\/wp-json\/wp\/v2\/media\/11272"}],"wp:attachment":[{"href":"https:\/\/dev.eliassen.nl\/de\/wp-json\/wp\/v2\/media?parent=11275"}],"wp:term":[{"taxonomy":"product_brand","embeddable":true,"href":"https:\/\/dev.eliassen.nl\/de\/wp-json\/wp\/v2\/product_brand?post=11275"},{"taxonomy":"product_cat","embeddable":true,"href":"https:\/\/dev.eliassen.nl\/de\/wp-json\/wp\/v2\/product_cat?post=11275"},{"taxonomy":"product_tag","embeddable":true,"href":"https:\/\/dev.eliassen.nl\/de\/wp-json\/wp\/v2\/product_tag?post=11275"}],"curies":[{"name":"wp","href":"https:\/\/api.w.org\/{rel}","templated":true}]}}