{"id":11287,"date":"2019-10-28T17:16:24","date_gmt":"2019-10-28T16:16:24","guid":{"rendered":"https:\/\/www.eliassen.nl\/?product=gayati-grosses-bild"},"modified":"2024-12-05T15:15:46","modified_gmt":"2024-12-05T14:15:46","slug":"gayati-statue","status":"publish","type":"product","link":"https:\/\/dev.eliassen.nl\/de\/gayati-statue\/","title":{"rendered":"Gayati-Statue 102 cm"},"content":{"rendered":"<p>Mit dieser Statue des Hindu-Gottes Gayatri k\u00f6nnen Sie Ihrem gro\u00dfen Garten oder Ihrer Gesellschaft ein wundersch\u00f6nes, warmes orientalisches Aussehen verleihen.<br \/>Diese supergro\u00dfe Statue besteht aus hochwertigem Kunststein mit einem sehr hohen Zementanteil, wodurch alle diese Statuen problemlos allen Witterungseinfl\u00fcssen standhalten. Die Farbe dieses gro\u00dfen Hindu-Gottes ist schwarz\/braun und kann leicht vom Foto abweichen, da die gesamte Serie handgefertigt ist. Haben Sie eine Frage zu diesem Produkt? Klicken Sie <a href=\"mailto:info@eliassen.nl\"><strong>HIER<\/strong><\/a> und stellen Sie Ihre Frage<\/p>\n<p>Besseres Foto folgt<\/p>\n<ul>\n<li>Tiefengr\u00f6\u00dfe: 30 cm<\/li>\n<li>H\u00f6he: 102 cm<\/li>\n<li>Breite: 30 cm<\/li>\n<li>Farbe: hellgrau<\/li>\n<li>Hochwertiger Kunststein<\/li>\n<li>Gewicht: 80 kg<\/li>\n<li>Handgefertigt<\/li>\n<li>Schnell geliefert<\/li>\n<li><strong>Ein gro\u00dfer Teil dieser Serie kann auch in unserem Fall angesehen werden.<\/strong> <strong>Gayatri ist ein Aspekt von Sarasvati. In einer Legende aus dem Skanda Purana wurde Gayatri Brahmas zweite Frau. Savitri (Sarasvati) erschien zu sp\u00e4t bei einem Opfer, also befahl Brahma Indra, ihm eine andere Frau zu suchen. Indra kehrte mit der Milchmagd Gayatri zur\u00fcck und Rudra und Vishnu heirateten sie. Dann kam Savitri und Brahma versuchte sich zu entschuldigen, doch Savitri ist w\u00fctend und verflucht alle Beteiligten: Brahma werde nicht mehr verehrt, au\u00dfer an einem Tag im Jahr; Indra wird von seinen Feinden in Ketten gefesselt und in einem fremden Land eingesperrt; Vishnu wird unter M\u00e4nnern geboren und seine Frau Lakshmi wird ihm gestohlen; Rudra wird seine M\u00e4nnlichkeit verlieren; Agni wird alles Reine und Unreine verschlingen; Indrani, die Frau von Indra, wird von Nahusha, dem vor\u00fcbergehenden Nachfolger von Indra, begehrt; Sogar die Priester und Brahmanen werden von ihr verflucht und die Frauen der G\u00f6tter werden unfruchtbar sein. Als Savitri w\u00fctend ging, gelang es Gayatri, die Fl\u00fcche zu mildern. Das Padma Purana erz\u00e4hlt, dass Savitri zur\u00fcckkam und Brahma sie fragte, was er ihrer Meinung nach mit Gayatri machen sollte. Gayatri fiel ihr zu F\u00fc\u00dfen, woraufhin Savitri sagte, dass eine Frau ihrem Mann gehorchen sollte und sie mit Brahma vereint sein w\u00fcrden.<sup id=\"cite_ref-1\" class=\"reference\"><\/sup><\/strong><\/li>\n<\/ul>\n<p><strong><iframe loading=\"lazy\" src=\"\/\/www.youtube.com\/embed\/S0gTFnsRDJg\" width=\"560\" height=\"314\" allowfullscreen=\"allowfullscreen\"><\/iframe><\/strong><\/p>\n","protected":false},"excerpt":{"rendered":"<p>\u2713 30x30x102cm hoch \u2713 Hochwertiger Kunststein \u2713 Wundersch\u00f6n detailliert<\/p>\n","protected":false},"featured_media":173819,"template":"","meta":{"_acf_changed":false},"product_brand":[6916],"product_cat":[677,686,7076],"product_tag":[],"class_list":{"0":"post-11287","1":"product","2":"type-product","3":"status-publish","4":"has-post-thumbnail","6":"product_brand-eliassen-de","7":"product_cat-betonstatuen","8":"product_cat-hinduistische-bilder","9":"product_cat-statues-figures","11":"first","12":"instock","13":"sale","14":"taxable","15":"shipping-taxable","16":"purchasable","17":"product-type-simple"},"acf":[],"yoast_head":"<!-- This site is optimized with the Yoast SEO plugin v23.8 - https:\/\/yoast.com\/wordpress\/plugins\/seo\/ -->\n<title>Gayati-Statue | Eliassen<\/title>\n<meta name=\"description\" content=\"Bei Eliassen k\u00f6nnen Sie Gayati-Bilder online kaufen oder live im Showroom ansehen. Wir haben die sch\u00f6nsten Steinstatuen, Hindu-Statuen\" \/>\n<meta name=\"robots\" content=\"noindex, follow, max-snippet:-1, max-image-preview:large, max-video-preview:-1\" \/>\n<meta property=\"og:locale\" content=\"de_DE\" \/>\n<meta property=\"og:type\" content=\"article\" \/>\n<meta property=\"og:title\" content=\"Gayati-Statue | Eliassen\" \/>\n<meta property=\"og:description\" content=\"Bei Eliassen k\u00f6nnen Sie Gayati-Bilder online kaufen oder live im Showroom ansehen. Wir haben die sch\u00f6nsten Steinstatuen, Hindu-Statuen\" \/>\n<meta property=\"og:url\" content=\"https:\/\/dev.eliassen.nl\/de\/gayati-statue\/\" \/>\n<meta property=\"og:site_name\" content=\"Eliassen.nl\" \/>\n<meta property=\"article:publisher\" content=\"https:\/\/www.facebook.com\/TuincentrumEliassenAmmerzoden\" \/>\n<meta property=\"article:modified_time\" content=\"2024-12-05T14:15:46+00:00\" \/>\n<meta property=\"og:image\" content=\"https:\/\/dev.eliassen.nl\/wp-content\/uploads\/2019\/10\/pro-Kysjd74X-scaled.jpeg\" \/>\n\t<meta property=\"og:image:width\" content=\"1083\" \/>\n\t<meta property=\"og:image:height\" content=\"2560\" \/>\n\t<meta property=\"og:image:type\" content=\"image\/jpeg\" \/>\n<meta name=\"twitter:card\" content=\"summary_large_image\" \/>\n<script type=\"application\/ld+json\" class=\"yoast-schema-graph\">{\"@context\":\"https:\/\/schema.org\",\"@graph\":[{\"@type\":\"WebPage\",\"@id\":\"https:\/\/dev.eliassen.nl\/de\/gayati-statue\/\",\"url\":\"https:\/\/dev.eliassen.nl\/de\/gayati-statue\/\",\"name\":\"Gayati-Statue | Eliassen\",\"isPartOf\":{\"@id\":\"https:\/\/dev.eliassen.nl\/de\/#website\"},\"primaryImageOfPage\":{\"@id\":\"https:\/\/dev.eliassen.nl\/de\/gayati-statue\/#primaryimage\"},\"image\":{\"@id\":\"https:\/\/dev.eliassen.nl\/de\/gayati-statue\/#primaryimage\"},\"thumbnailUrl\":\"https:\/\/dev.eliassen.nl\/wp-content\/uploads\/2019\/10\/pro-Kysjd74X-scaled.jpeg\",\"datePublished\":\"2019-10-28T16:16:24+00:00\",\"dateModified\":\"2024-12-05T14:15:46+00:00\",\"description\":\"Bei Eliassen k\u00f6nnen Sie Gayati-Bilder online kaufen oder live im Showroom ansehen. Wir haben die sch\u00f6nsten Steinstatuen, Hindu-Statuen\",\"breadcrumb\":{\"@id\":\"https:\/\/dev.eliassen.nl\/de\/gayati-statue\/#breadcrumb\"},\"inLanguage\":\"de\",\"potentialAction\":[{\"@type\":\"ReadAction\",\"target\":[\"https:\/\/dev.eliassen.nl\/de\/gayati-statue\/\"]}]},{\"@type\":\"ImageObject\",\"inLanguage\":\"de\",\"@id\":\"https:\/\/dev.eliassen.nl\/de\/gayati-statue\/#primaryimage\",\"url\":\"https:\/\/dev.eliassen.nl\/wp-content\/uploads\/2019\/10\/pro-Kysjd74X-scaled.jpeg\",\"contentUrl\":\"https:\/\/dev.eliassen.nl\/wp-content\/uploads\/2019\/10\/pro-Kysjd74X-scaled.jpeg\",\"width\":1083,\"height\":2560},{\"@type\":\"BreadcrumbList\",\"@id\":\"https:\/\/dev.eliassen.nl\/de\/gayati-statue\/#breadcrumb\",\"itemListElement\":[{\"@type\":\"ListItem\",\"position\":1,\"name\":\"Home\",\"item\":\"https:\/\/dev.eliassen.nl\/de\/\"},{\"@type\":\"ListItem\",\"position\":2,\"name\":\"Shop\",\"item\":\"https:\/\/dev.eliassen.nl\/nl\/winkel\/\"},{\"@type\":\"ListItem\",\"position\":3,\"name\":\"Statuen-Skulpturen\",\"item\":\"https:\/\/dev.eliassen.nl\/de\/statuen-skulpturen\/\"},{\"@type\":\"ListItem\",\"position\":4,\"name\":\"Betonstatuen\",\"item\":\"https:\/\/dev.eliassen.nl\/de\/bilder\/betonstatuen\/\"},{\"@type\":\"ListItem\",\"position\":5,\"name\":\"Hinduistische Bilder\",\"item\":\"https:\/\/dev.eliassen.nl\/de\/bilder\/betonstatuen\/hinduistische-bilder\/\"},{\"@type\":\"ListItem\",\"position\":6,\"name\":\"Gayati-Statue 102 cm\"}]},{\"@type\":\"WebSite\",\"@id\":\"https:\/\/dev.eliassen.nl\/de\/#website\",\"url\":\"https:\/\/dev.eliassen.nl\/de\/\",\"name\":\"Eliassen Home & Garden Pleasure\",\"description\":\"\",\"publisher\":{\"@id\":\"https:\/\/dev.eliassen.nl\/de\/#organization\"},\"alternateName\":\"Eliassen.nl\",\"potentialAction\":[{\"@type\":\"SearchAction\",\"target\":{\"@type\":\"EntryPoint\",\"urlTemplate\":\"https:\/\/dev.eliassen.nl\/de\/?s={search_term_string}\"},\"query-input\":{\"@type\":\"PropertyValueSpecification\",\"valueRequired\":true,\"valueName\":\"search_term_string\"}}],\"inLanguage\":\"de\"},{\"@type\":\"Organization\",\"@id\":\"https:\/\/dev.eliassen.nl\/de\/#organization\",\"name\":\"Eliassen Home & Garden Pleasure\",\"url\":\"https:\/\/dev.eliassen.nl\/de\/\",\"logo\":{\"@type\":\"ImageObject\",\"inLanguage\":\"de\",\"@id\":\"https:\/\/dev.eliassen.nl\/de\/#\/schema\/logo\/image\/\",\"url\":\"https:\/\/www.eliassen.nl\/wp-content\/uploads\/2024\/01\/logo_4nd.jpg\",\"contentUrl\":\"https:\/\/www.eliassen.nl\/wp-content\/uploads\/2024\/01\/logo_4nd.jpg\",\"width\":500,\"height\":500,\"caption\":\"Eliassen Home & Garden Pleasure\"},\"image\":{\"@id\":\"https:\/\/dev.eliassen.nl\/de\/#\/schema\/logo\/image\/\"},\"sameAs\":[\"https:\/\/www.facebook.com\/TuincentrumEliassenAmmerzoden\",\"https:\/\/www.instagram.com\/eliassenhomeandgarden\/\",\"https:\/\/nl.pinterest.com\/eliassenhomeandgarden\/\",\"https:\/\/www.youtube.com\/@eliassenhomegardenpleasure4558\"]}]}<\/script>\n<!-- \/ Yoast SEO plugin. -->","yoast_head_json":{"title":"Gayati-Statue | Eliassen","description":"Bei Eliassen k\u00f6nnen Sie Gayati-Bilder online kaufen oder live im Showroom ansehen. Wir haben die sch\u00f6nsten Steinstatuen, Hindu-Statuen","robots":{"index":"noindex","follow":"follow","max-snippet":"max-snippet:-1","max-image-preview":"max-image-preview:large","max-video-preview":"max-video-preview:-1"},"og_locale":"de_DE","og_type":"article","og_title":"Gayati-Statue | Eliassen","og_description":"Bei Eliassen k\u00f6nnen Sie Gayati-Bilder online kaufen oder live im Showroom ansehen. Wir haben die sch\u00f6nsten Steinstatuen, Hindu-Statuen","og_url":"https:\/\/dev.eliassen.nl\/de\/gayati-statue\/","og_site_name":"Eliassen.nl","article_publisher":"https:\/\/www.facebook.com\/TuincentrumEliassenAmmerzoden","article_modified_time":"2024-12-05T14:15:46+00:00","og_image":[{"width":1083,"height":2560,"url":"https:\/\/dev.eliassen.nl\/wp-content\/uploads\/2019\/10\/pro-Kysjd74X-scaled.jpeg","type":"image\/jpeg"}],"twitter_card":"summary_large_image","schema":{"@context":"https:\/\/schema.org","@graph":[{"@type":"WebPage","@id":"https:\/\/dev.eliassen.nl\/de\/gayati-statue\/","url":"https:\/\/dev.eliassen.nl\/de\/gayati-statue\/","name":"Gayati-Statue | Eliassen","isPartOf":{"@id":"https:\/\/dev.eliassen.nl\/de\/#website"},"primaryImageOfPage":{"@id":"https:\/\/dev.eliassen.nl\/de\/gayati-statue\/#primaryimage"},"image":{"@id":"https:\/\/dev.eliassen.nl\/de\/gayati-statue\/#primaryimage"},"thumbnailUrl":"https:\/\/dev.eliassen.nl\/wp-content\/uploads\/2019\/10\/pro-Kysjd74X-scaled.jpeg","datePublished":"2019-10-28T16:16:24+00:00","dateModified":"2024-12-05T14:15:46+00:00","description":"Bei Eliassen k\u00f6nnen Sie Gayati-Bilder online kaufen oder live im Showroom ansehen. Wir haben die sch\u00f6nsten Steinstatuen, Hindu-Statuen","breadcrumb":{"@id":"https:\/\/dev.eliassen.nl\/de\/gayati-statue\/#breadcrumb"},"inLanguage":"de","potentialAction":[{"@type":"ReadAction","target":["https:\/\/dev.eliassen.nl\/de\/gayati-statue\/"]}]},{"@type":"ImageObject","inLanguage":"de","@id":"https:\/\/dev.eliassen.nl\/de\/gayati-statue\/#primaryimage","url":"https:\/\/dev.eliassen.nl\/wp-content\/uploads\/2019\/10\/pro-Kysjd74X-scaled.jpeg","contentUrl":"https:\/\/dev.eliassen.nl\/wp-content\/uploads\/2019\/10\/pro-Kysjd74X-scaled.jpeg","width":1083,"height":2560},{"@type":"BreadcrumbList","@id":"https:\/\/dev.eliassen.nl\/de\/gayati-statue\/#breadcrumb","itemListElement":[{"@type":"ListItem","position":1,"name":"Home","item":"https:\/\/dev.eliassen.nl\/de\/"},{"@type":"ListItem","position":2,"name":"Shop","item":"https:\/\/dev.eliassen.nl\/nl\/winkel\/"},{"@type":"ListItem","position":3,"name":"Statuen-Skulpturen","item":"https:\/\/dev.eliassen.nl\/de\/statuen-skulpturen\/"},{"@type":"ListItem","position":4,"name":"Betonstatuen","item":"https:\/\/dev.eliassen.nl\/de\/bilder\/betonstatuen\/"},{"@type":"ListItem","position":5,"name":"Hinduistische Bilder","item":"https:\/\/dev.eliassen.nl\/de\/bilder\/betonstatuen\/hinduistische-bilder\/"},{"@type":"ListItem","position":6,"name":"Gayati-Statue 102 cm"}]},{"@type":"WebSite","@id":"https:\/\/dev.eliassen.nl\/de\/#website","url":"https:\/\/dev.eliassen.nl\/de\/","name":"Eliassen Home & Garden Pleasure","description":"","publisher":{"@id":"https:\/\/dev.eliassen.nl\/de\/#organization"},"alternateName":"Eliassen.nl","potentialAction":[{"@type":"SearchAction","target":{"@type":"EntryPoint","urlTemplate":"https:\/\/dev.eliassen.nl\/de\/?s={search_term_string}"},"query-input":{"@type":"PropertyValueSpecification","valueRequired":true,"valueName":"search_term_string"}}],"inLanguage":"de"},{"@type":"Organization","@id":"https:\/\/dev.eliassen.nl\/de\/#organization","name":"Eliassen Home & Garden Pleasure","url":"https:\/\/dev.eliassen.nl\/de\/","logo":{"@type":"ImageObject","inLanguage":"de","@id":"https:\/\/dev.eliassen.nl\/de\/#\/schema\/logo\/image\/","url":"https:\/\/www.eliassen.nl\/wp-content\/uploads\/2024\/01\/logo_4nd.jpg","contentUrl":"https:\/\/www.eliassen.nl\/wp-content\/uploads\/2024\/01\/logo_4nd.jpg","width":500,"height":500,"caption":"Eliassen Home & Garden Pleasure"},"image":{"@id":"https:\/\/dev.eliassen.nl\/de\/#\/schema\/logo\/image\/"},"sameAs":["https:\/\/www.facebook.com\/TuincentrumEliassenAmmerzoden","https:\/\/www.instagram.com\/eliassenhomeandgarden\/","https:\/\/nl.pinterest.com\/eliassenhomeandgarden\/","https:\/\/www.youtube.com\/@eliassenhomegardenpleasure4558"]}]}},"df_price":140,"df_sale_price":140,"df_regular_price":210,"df_image_link":"https:\/\/dev.eliassen.nl\/wp-content\/uploads\/2019\/10\/pro-Kysjd74X-127x300.jpeg","image":"https:\/\/dev.eliassen.nl\/wp-content\/uploads\/2019\/10\/pro-Kysjd74X-150x150.jpeg","price_search":"<span class=\"woocommerce-Price-amount amount\"><bdi><span class=\"woocommerce-Price-currencySymbol\">&euro;<\/span>&nbsp;140,00<\/bdi><\/span>","category":"Betonstatuen","_links":{"self":[{"href":"https:\/\/dev.eliassen.nl\/de\/wp-json\/wp\/v2\/product\/11287","targetHints":{"allow":["GET"]}}],"collection":[{"href":"https:\/\/dev.eliassen.nl\/de\/wp-json\/wp\/v2\/product"}],"about":[{"href":"https:\/\/dev.eliassen.nl\/de\/wp-json\/wp\/v2\/types\/product"}],"wp:featuredmedia":[{"embeddable":true,"href":"https:\/\/dev.eliassen.nl\/de\/wp-json\/wp\/v2\/media\/173819"}],"wp:attachment":[{"href":"https:\/\/dev.eliassen.nl\/de\/wp-json\/wp\/v2\/media?parent=11287"}],"wp:term":[{"taxonomy":"product_brand","embeddable":true,"href":"https:\/\/dev.eliassen.nl\/de\/wp-json\/wp\/v2\/product_brand?post=11287"},{"taxonomy":"product_cat","embeddable":true,"href":"https:\/\/dev.eliassen.nl\/de\/wp-json\/wp\/v2\/product_cat?post=11287"},{"taxonomy":"product_tag","embeddable":true,"href":"https:\/\/dev.eliassen.nl\/de\/wp-json\/wp\/v2\/product_tag?post=11287"}],"curies":[{"name":"wp","href":"https:\/\/api.w.org\/{rel}","templated":true}]}}