{"id":11467,"date":"2019-10-28T17:17:49","date_gmt":"2019-10-28T16:17:49","guid":{"rendered":"https:\/\/www.eliassen.nl\/?product=malerei-aluminium-armada-80x80cm-copy"},"modified":"2024-12-05T15:15:53","modified_gmt":"2024-12-05T14:15:53","slug":"malerei-aluminium-segelwettbewerb-80x80cm","status":"publish","type":"product","link":"https:\/\/dev.eliassen.nl\/de\/malerei-aluminium-segelwettbewerb-80x80cm\/","title":{"rendered":"Malerei Aluminium Segelwettbewerb 80x80cm"},"content":{"rendered":"<p>Sie m\u00f6chten ein besonderes Gem\u00e4lde mit ganz individuellem Erscheinungsbild an die Wand h\u00e4ngen? Dann sollten Sie sich dieses sehr moderne abstrakte Aluminiumgem\u00e4lde der exklusiven Marke ArtEl nicht entgehen lassen. Komplett von Hand gefertigt. Durch die vielen manuellen Schleif- und Polierarbeiten auf einer Aluminiumplatte entsteht in Kombination mit den gew\u00e4hlten leuchtenden Farben ein hochmoderner und zeitgem\u00e4\u00dfer Wandschmuck f\u00fcr Ihr Arbeits- und Wohnambiente. Dieses Gem\u00e4lde ist fast 3 cm dick, die R\u00fcckseite ist wundersch\u00f6n mit schwarzem Samt veredelt und mit Haken versehen.<\/p>\n<p>Segeln ist die Technik, bei der sich ein Segelschiff mit Windkraft anstelle eines Motorantriebs \u00fcber das Wasser bewegt. St\u00e4rke und Richtung des Windes sorgen daf\u00fcr, dass sich das Schiff bewegen kann. Es ist ein komplizierter und prestigetr\u00e4chtiger Sport, bei dem man wissen muss, wie der Wind ist und wie viel Windst\u00e4rke an diesem Tag erwartet wird. Segeln ist eine wahre Kunst, ebenso wie unser handgefertigter Aluminium-Gem\u00e4lde-Segelwettbewerb.<\/p>\n<p>\u00a0<\/p>\n<ul>\n<li>Gr\u00f6\u00dfe 80 x 80 cm<\/li>\n<li>Dicke 2,7cm<\/li>\n<li>Zeitgem\u00e4\u00dfer und exklusiver Look<\/li>\n<li><strong>Auch in unserem Gesch\u00e4ft zu sehen<\/strong><\/li>\n<li>Inklusive Aufh\u00e4ngungsmaterial und Aufh\u00e4ngungsbeschreibung<\/li>\n<li>Nicht f\u00fcr den Au\u00dfenbereich geeignet<\/li>\n<li>Schnell geliefert in einem stabilen Karton<\/li>\n<\/ul>\n","protected":false},"excerpt":{"rendered":"<p>Sie m\u00f6chten ein besonderes Gem\u00e4lde mit ganz individuellem Erscheinungsbild an die Wand h\u00e4ngen? Dann sollten Sie sich dieses sehr moderne abstrakte Aluminiumgem\u00e4lde der exklusiven Marke ArtEl nicht entgehen lassen. Komplett von Hand gefertigt. Durch die vielen manuellen Schleif- und Polierarbeiten auf einer Aluminiumplatte entsteht in Kombination mit den gew\u00e4hlten leuchtenden Farben ein hochmoderner und zeitgem\u00e4\u00dfer &hellip;<\/p>\n","protected":false},"featured_media":11464,"template":"","meta":{"_acf_changed":false},"product_brand":[],"product_cat":[416,410,413,1355],"product_tag":[],"class_list":{"0":"post-11467","1":"product","2":"type-product","3":"status-publish","4":"has-post-thumbnail","6":"product_cat-aluminium-gemaelde","7":"product_cat-gemaelde","8":"product_cat-gemaelde-outlet","9":"product_cat-sportdekoration","11":"first","12":"instock","13":"sale","14":"taxable","15":"shipping-taxable","16":"purchasable","17":"product-type-simple"},"acf":[],"yoast_head":"<!-- This site is optimized with the Yoast SEO plugin v23.8 - https:\/\/yoast.com\/wordpress\/plugins\/seo\/ -->\n<title>Malerei Aluminium Segelwettbewerb 80x80cm | Eliassen<\/title>\n<meta name=\"description\" content=\"Bei Eliassen k\u00f6nnen Sie Painting Aluminium Sail match 80x80cm online kaufen oder live im Showroom ansehen. Direkt online bestellen.\" \/>\n<meta name=\"robots\" content=\"noindex, follow, max-snippet:-1, max-image-preview:large, max-video-preview:-1\" \/>\n<meta property=\"og:locale\" content=\"de_DE\" \/>\n<meta property=\"og:type\" content=\"article\" \/>\n<meta property=\"og:title\" content=\"Malerei Aluminium Segelwettbewerb 80x80cm | Eliassen\" \/>\n<meta property=\"og:description\" content=\"Bei Eliassen k\u00f6nnen Sie Painting Aluminium Sail match 80x80cm online kaufen oder live im Showroom ansehen. Direkt online bestellen.\" \/>\n<meta property=\"og:url\" content=\"https:\/\/dev.eliassen.nl\/de\/malerei-aluminium-segelwettbewerb-80x80cm\/\" \/>\n<meta property=\"og:site_name\" content=\"Eliassen.nl\" \/>\n<meta property=\"article:publisher\" content=\"https:\/\/www.facebook.com\/TuincentrumEliassenAmmerzoden\" \/>\n<meta property=\"article:modified_time\" content=\"2024-12-05T14:15:53+00:00\" \/>\n<meta property=\"og:image\" content=\"https:\/\/dev.eliassen.nl\/wp-content\/uploads\/2024\/01\/schilderijaluminiumzeilwedstrijd.jpg\" \/>\n\t<meta property=\"og:image:width\" content=\"2048\" \/>\n\t<meta property=\"og:image:height\" content=\"2048\" \/>\n\t<meta property=\"og:image:type\" content=\"image\/jpeg\" \/>\n<meta name=\"twitter:card\" content=\"summary_large_image\" \/>\n<script type=\"application\/ld+json\" class=\"yoast-schema-graph\">{\"@context\":\"https:\/\/schema.org\",\"@graph\":[{\"@type\":\"WebPage\",\"@id\":\"https:\/\/dev.eliassen.nl\/de\/malerei-aluminium-segelwettbewerb-80x80cm\/\",\"url\":\"https:\/\/dev.eliassen.nl\/de\/malerei-aluminium-segelwettbewerb-80x80cm\/\",\"name\":\"Malerei Aluminium Segelwettbewerb 80x80cm | Eliassen\",\"isPartOf\":{\"@id\":\"https:\/\/dev.eliassen.nl\/de\/#website\"},\"primaryImageOfPage\":{\"@id\":\"https:\/\/dev.eliassen.nl\/de\/malerei-aluminium-segelwettbewerb-80x80cm\/#primaryimage\"},\"image\":{\"@id\":\"https:\/\/dev.eliassen.nl\/de\/malerei-aluminium-segelwettbewerb-80x80cm\/#primaryimage\"},\"thumbnailUrl\":\"https:\/\/dev.eliassen.nl\/wp-content\/uploads\/2024\/01\/schilderijaluminiumzeilwedstrijd.jpg\",\"datePublished\":\"2019-10-28T16:17:49+00:00\",\"dateModified\":\"2024-12-05T14:15:53+00:00\",\"description\":\"Bei Eliassen k\u00f6nnen Sie Painting Aluminium Sail match 80x80cm online kaufen oder live im Showroom ansehen. Direkt online bestellen.\",\"breadcrumb\":{\"@id\":\"https:\/\/dev.eliassen.nl\/de\/malerei-aluminium-segelwettbewerb-80x80cm\/#breadcrumb\"},\"inLanguage\":\"de\",\"potentialAction\":[{\"@type\":\"ReadAction\",\"target\":[\"https:\/\/dev.eliassen.nl\/de\/malerei-aluminium-segelwettbewerb-80x80cm\/\"]}]},{\"@type\":\"ImageObject\",\"inLanguage\":\"de\",\"@id\":\"https:\/\/dev.eliassen.nl\/de\/malerei-aluminium-segelwettbewerb-80x80cm\/#primaryimage\",\"url\":\"https:\/\/dev.eliassen.nl\/wp-content\/uploads\/2024\/01\/schilderijaluminiumzeilwedstrijd.jpg\",\"contentUrl\":\"https:\/\/dev.eliassen.nl\/wp-content\/uploads\/2024\/01\/schilderijaluminiumzeilwedstrijd.jpg\",\"width\":2048,\"height\":2048,\"caption\":\"Schilderij aluminium Zeil wedstrijd\"},{\"@type\":\"BreadcrumbList\",\"@id\":\"https:\/\/dev.eliassen.nl\/de\/malerei-aluminium-segelwettbewerb-80x80cm\/#breadcrumb\",\"itemListElement\":[{\"@type\":\"ListItem\",\"position\":1,\"name\":\"Home\",\"item\":\"https:\/\/dev.eliassen.nl\/de\/\"},{\"@type\":\"ListItem\",\"position\":2,\"name\":\"Shop\",\"item\":\"https:\/\/dev.eliassen.nl\/nl\/winkel\/\"},{\"@type\":\"ListItem\",\"position\":3,\"name\":\"Gem\u00e4lde\",\"item\":\"https:\/\/dev.eliassen.nl\/de\/gemaelde\/\"},{\"@type\":\"ListItem\",\"position\":4,\"name\":\"Aluminium-Gem\u00e4lde\",\"item\":\"https:\/\/dev.eliassen.nl\/de\/gemaelde\/aluminium-gemaelde\/\"},{\"@type\":\"ListItem\",\"position\":5,\"name\":\"Malerei Aluminium Segelwettbewerb 80x80cm\"}]},{\"@type\":\"WebSite\",\"@id\":\"https:\/\/dev.eliassen.nl\/de\/#website\",\"url\":\"https:\/\/dev.eliassen.nl\/de\/\",\"name\":\"Eliassen Home & Garden Pleasure\",\"description\":\"\",\"publisher\":{\"@id\":\"https:\/\/dev.eliassen.nl\/de\/#organization\"},\"alternateName\":\"Eliassen.nl\",\"potentialAction\":[{\"@type\":\"SearchAction\",\"target\":{\"@type\":\"EntryPoint\",\"urlTemplate\":\"https:\/\/dev.eliassen.nl\/de\/?s={search_term_string}\"},\"query-input\":{\"@type\":\"PropertyValueSpecification\",\"valueRequired\":true,\"valueName\":\"search_term_string\"}}],\"inLanguage\":\"de\"},{\"@type\":\"Organization\",\"@id\":\"https:\/\/dev.eliassen.nl\/de\/#organization\",\"name\":\"Eliassen Home & Garden Pleasure\",\"url\":\"https:\/\/dev.eliassen.nl\/de\/\",\"logo\":{\"@type\":\"ImageObject\",\"inLanguage\":\"de\",\"@id\":\"https:\/\/dev.eliassen.nl\/de\/#\/schema\/logo\/image\/\",\"url\":\"https:\/\/www.eliassen.nl\/wp-content\/uploads\/2024\/01\/logo_4nd.jpg\",\"contentUrl\":\"https:\/\/www.eliassen.nl\/wp-content\/uploads\/2024\/01\/logo_4nd.jpg\",\"width\":500,\"height\":500,\"caption\":\"Eliassen Home & Garden Pleasure\"},\"image\":{\"@id\":\"https:\/\/dev.eliassen.nl\/de\/#\/schema\/logo\/image\/\"},\"sameAs\":[\"https:\/\/www.facebook.com\/TuincentrumEliassenAmmerzoden\",\"https:\/\/www.instagram.com\/eliassenhomeandgarden\/\",\"https:\/\/nl.pinterest.com\/eliassenhomeandgarden\/\",\"https:\/\/www.youtube.com\/@eliassenhomegardenpleasure4558\"]}]}<\/script>\n<!-- \/ Yoast SEO plugin. -->","yoast_head_json":{"title":"Malerei Aluminium Segelwettbewerb 80x80cm | Eliassen","description":"Bei Eliassen k\u00f6nnen Sie Painting Aluminium Sail match 80x80cm online kaufen oder live im Showroom ansehen. Direkt online bestellen.","robots":{"index":"noindex","follow":"follow","max-snippet":"max-snippet:-1","max-image-preview":"max-image-preview:large","max-video-preview":"max-video-preview:-1"},"og_locale":"de_DE","og_type":"article","og_title":"Malerei Aluminium Segelwettbewerb 80x80cm | Eliassen","og_description":"Bei Eliassen k\u00f6nnen Sie Painting Aluminium Sail match 80x80cm online kaufen oder live im Showroom ansehen. Direkt online bestellen.","og_url":"https:\/\/dev.eliassen.nl\/de\/malerei-aluminium-segelwettbewerb-80x80cm\/","og_site_name":"Eliassen.nl","article_publisher":"https:\/\/www.facebook.com\/TuincentrumEliassenAmmerzoden","article_modified_time":"2024-12-05T14:15:53+00:00","og_image":[{"width":2048,"height":2048,"url":"https:\/\/dev.eliassen.nl\/wp-content\/uploads\/2024\/01\/schilderijaluminiumzeilwedstrijd.jpg","type":"image\/jpeg"}],"twitter_card":"summary_large_image","schema":{"@context":"https:\/\/schema.org","@graph":[{"@type":"WebPage","@id":"https:\/\/dev.eliassen.nl\/de\/malerei-aluminium-segelwettbewerb-80x80cm\/","url":"https:\/\/dev.eliassen.nl\/de\/malerei-aluminium-segelwettbewerb-80x80cm\/","name":"Malerei Aluminium Segelwettbewerb 80x80cm | Eliassen","isPartOf":{"@id":"https:\/\/dev.eliassen.nl\/de\/#website"},"primaryImageOfPage":{"@id":"https:\/\/dev.eliassen.nl\/de\/malerei-aluminium-segelwettbewerb-80x80cm\/#primaryimage"},"image":{"@id":"https:\/\/dev.eliassen.nl\/de\/malerei-aluminium-segelwettbewerb-80x80cm\/#primaryimage"},"thumbnailUrl":"https:\/\/dev.eliassen.nl\/wp-content\/uploads\/2024\/01\/schilderijaluminiumzeilwedstrijd.jpg","datePublished":"2019-10-28T16:17:49+00:00","dateModified":"2024-12-05T14:15:53+00:00","description":"Bei Eliassen k\u00f6nnen Sie Painting Aluminium Sail match 80x80cm online kaufen oder live im Showroom ansehen. Direkt online bestellen.","breadcrumb":{"@id":"https:\/\/dev.eliassen.nl\/de\/malerei-aluminium-segelwettbewerb-80x80cm\/#breadcrumb"},"inLanguage":"de","potentialAction":[{"@type":"ReadAction","target":["https:\/\/dev.eliassen.nl\/de\/malerei-aluminium-segelwettbewerb-80x80cm\/"]}]},{"@type":"ImageObject","inLanguage":"de","@id":"https:\/\/dev.eliassen.nl\/de\/malerei-aluminium-segelwettbewerb-80x80cm\/#primaryimage","url":"https:\/\/dev.eliassen.nl\/wp-content\/uploads\/2024\/01\/schilderijaluminiumzeilwedstrijd.jpg","contentUrl":"https:\/\/dev.eliassen.nl\/wp-content\/uploads\/2024\/01\/schilderijaluminiumzeilwedstrijd.jpg","width":2048,"height":2048,"caption":"Schilderij aluminium Zeil wedstrijd"},{"@type":"BreadcrumbList","@id":"https:\/\/dev.eliassen.nl\/de\/malerei-aluminium-segelwettbewerb-80x80cm\/#breadcrumb","itemListElement":[{"@type":"ListItem","position":1,"name":"Home","item":"https:\/\/dev.eliassen.nl\/de\/"},{"@type":"ListItem","position":2,"name":"Shop","item":"https:\/\/dev.eliassen.nl\/nl\/winkel\/"},{"@type":"ListItem","position":3,"name":"Gem\u00e4lde","item":"https:\/\/dev.eliassen.nl\/de\/gemaelde\/"},{"@type":"ListItem","position":4,"name":"Aluminium-Gem\u00e4lde","item":"https:\/\/dev.eliassen.nl\/de\/gemaelde\/aluminium-gemaelde\/"},{"@type":"ListItem","position":5,"name":"Malerei Aluminium Segelwettbewerb 80x80cm"}]},{"@type":"WebSite","@id":"https:\/\/dev.eliassen.nl\/de\/#website","url":"https:\/\/dev.eliassen.nl\/de\/","name":"Eliassen Home & Garden Pleasure","description":"","publisher":{"@id":"https:\/\/dev.eliassen.nl\/de\/#organization"},"alternateName":"Eliassen.nl","potentialAction":[{"@type":"SearchAction","target":{"@type":"EntryPoint","urlTemplate":"https:\/\/dev.eliassen.nl\/de\/?s={search_term_string}"},"query-input":{"@type":"PropertyValueSpecification","valueRequired":true,"valueName":"search_term_string"}}],"inLanguage":"de"},{"@type":"Organization","@id":"https:\/\/dev.eliassen.nl\/de\/#organization","name":"Eliassen Home & Garden Pleasure","url":"https:\/\/dev.eliassen.nl\/de\/","logo":{"@type":"ImageObject","inLanguage":"de","@id":"https:\/\/dev.eliassen.nl\/de\/#\/schema\/logo\/image\/","url":"https:\/\/www.eliassen.nl\/wp-content\/uploads\/2024\/01\/logo_4nd.jpg","contentUrl":"https:\/\/www.eliassen.nl\/wp-content\/uploads\/2024\/01\/logo_4nd.jpg","width":500,"height":500,"caption":"Eliassen Home & Garden Pleasure"},"image":{"@id":"https:\/\/dev.eliassen.nl\/de\/#\/schema\/logo\/image\/"},"sameAs":["https:\/\/www.facebook.com\/TuincentrumEliassenAmmerzoden","https:\/\/www.instagram.com\/eliassenhomeandgarden\/","https:\/\/nl.pinterest.com\/eliassenhomeandgarden\/","https:\/\/www.youtube.com\/@eliassenhomegardenpleasure4558"]}]}},"df_price":77.5,"df_sale_price":77.5,"df_regular_price":155,"df_image_link":"https:\/\/dev.eliassen.nl\/wp-content\/uploads\/2024\/01\/schilderijaluminiumzeilwedstrijd.jpg","image":"https:\/\/dev.eliassen.nl\/wp-content\/uploads\/2024\/01\/schilderijaluminiumzeilwedstrijd.jpg","price_search":"<span class=\"woocommerce-Price-amount amount\"><bdi><span class=\"woocommerce-Price-currencySymbol\">&euro;<\/span>&nbsp;77,50<\/bdi><\/span>","category":"Aluminium-Gem\u00e4lde","_links":{"self":[{"href":"https:\/\/dev.eliassen.nl\/de\/wp-json\/wp\/v2\/product\/11467","targetHints":{"allow":["GET"]}}],"collection":[{"href":"https:\/\/dev.eliassen.nl\/de\/wp-json\/wp\/v2\/product"}],"about":[{"href":"https:\/\/dev.eliassen.nl\/de\/wp-json\/wp\/v2\/types\/product"}],"wp:featuredmedia":[{"embeddable":true,"href":"https:\/\/dev.eliassen.nl\/de\/wp-json\/wp\/v2\/media\/11464"}],"wp:attachment":[{"href":"https:\/\/dev.eliassen.nl\/de\/wp-json\/wp\/v2\/media?parent=11467"}],"wp:term":[{"taxonomy":"product_brand","embeddable":true,"href":"https:\/\/dev.eliassen.nl\/de\/wp-json\/wp\/v2\/product_brand?post=11467"},{"taxonomy":"product_cat","embeddable":true,"href":"https:\/\/dev.eliassen.nl\/de\/wp-json\/wp\/v2\/product_cat?post=11467"},{"taxonomy":"product_tag","embeddable":true,"href":"https:\/\/dev.eliassen.nl\/de\/wp-json\/wp\/v2\/product_tag?post=11467"}],"curies":[{"name":"wp","href":"https:\/\/api.w.org\/{rel}","templated":true}]}}