{"id":11488,"date":"2019-10-28T17:17:56","date_gmt":"2019-10-28T16:17:56","guid":{"rendered":"https:\/\/www.eliassen.nl\/?product=bemalung-aluminium-fuenf-panel-abstract-80x200cm-c"},"modified":"2024-12-05T15:15:56","modified_gmt":"2024-12-05T14:15:56","slug":"malerei-aluminium-funfteilig-radiant-60x150cm","status":"publish","type":"product","link":"https:\/\/dev.eliassen.nl\/de\/malerei-aluminium-funfteilig-radiant-60x150cm\/","title":{"rendered":"Malerei Aluminium f\u00fcnfteilig Radiant 60x150cm"},"content":{"rendered":"<p>M\u00f6chten Sie ein besonderes f\u00fcnfteiliges Gem\u00e4lde mit wundersch\u00f6nen gelben, orangefarbenen und wei\u00dfen Streifen und einem v\u00f6llig einzigartigen Look an die Wand h\u00e4ngen? Dann sollten Sie sich dieses hochmoderne Aluminiumgem\u00e4lde der exklusiven Marke ArtEl auf keinen Fall entgehen lassen. Komplett von Hand gefertigt. Durch die aufwendigen manuellen Schleif- und Polierarbeiten an einer Aluminiumplatte entsteht in Kombination mit den gew\u00e4hlten leuchtenden Farben eine hochmoderne und zeitgem\u00e4\u00dfe Wanddekoration f\u00fcr Ihr Arbeits- und Wohnambiente. Dieses Gem\u00e4lde ist fast 3 cm dick, die R\u00fcckseite ist wundersch\u00f6n mit schwarzem Samt versehen und hat Haken.<\/p>\n<p>F\u00fcr alle, die warme Farben in ihrem Zuhause m\u00f6gen und trotzdem viel Platz an der Wand haben, bieten wir unser handgefertigtes f\u00fcnfteiliges Aluminiumgem\u00e4lde Abstrakt an. Eine kreative Kombination aus warmen Farben und Nuancen, die auf unz\u00e4hlige Arten interpretiert werden k\u00f6nnen. Mit diesem Gem\u00e4lde an der Wand m\u00fcssen Sie nie wieder nach einem Gespr\u00e4chsthema suchen. Das Gem\u00e4lde entstand durch manuelles Schleifen und Polieren auf einer Aluminiumplatte.<\/p>\n<p>\u00a0<\/p>\n<ul>\n<li>Gr\u00f6\u00dfe 5 St\u00fcck 30 x 60 cm hoch<\/li>\n<li>Dicke 2,7 cm<\/li>\n<li>Zeitgem\u00e4\u00dfes und exklusives Erscheinungsbild<\/li>\n<li><strong>Auch in unserem Shop zu sehen<\/strong><\/li>\n<li>Inklusive H\u00e4ngematerial und H\u00e4ngebeschreibung<\/li>\n<li>Nicht f\u00fcr den Au\u00dfenbereich geeignet<\/li>\n<li>Schneller Versand in stabiler Box<\/li>\n<\/ul>\n","protected":false},"excerpt":{"rendered":"<p>M\u00f6chten Sie ein besonderes f\u00fcnfteiliges Gem\u00e4lde mit wundersch\u00f6nen gelben, orangefarbenen und wei\u00dfen Streifen und einem v\u00f6llig einzigartigen Look an die Wand h\u00e4ngen? Dann sollten Sie sich dieses hochmoderne Aluminiumgem\u00e4lde der exklusiven Marke ArtEl auf keinen Fall entgehen lassen. Komplett von Hand gefertigt. Durch die aufwendigen manuellen Schleif- und Polierarbeiten an einer Aluminiumplatte entsteht in Kombination &hellip;<\/p>\n","protected":false},"featured_media":11482,"template":"","meta":{"_acf_changed":false},"product_brand":[],"product_cat":[416,410,467,413],"product_tag":[],"class_list":{"0":"post-11488","1":"product","2":"type-product","3":"status-publish","4":"has-post-thumbnail","6":"product_cat-aluminium-gemaelde","7":"product_cat-gemaelde","8":"product_cat-gemaelde-mit-mehreren-tafeln","9":"product_cat-gemaelde-outlet","11":"first","12":"instock","13":"sale","14":"taxable","15":"shipping-taxable","16":"purchasable","17":"product-type-simple"},"acf":[],"yoast_head":"<!-- This site is optimized with the Yoast SEO plugin v23.8 - https:\/\/yoast.com\/wordpress\/plugins\/seo\/ -->\n<title>Malerei Aluminium f\u00fcnfteilig Radiant 60x150cm<\/title>\n<meta name=\"description\" content=\"M\u00f6chten Sie ein f\u00fcnfteiliges Gem\u00e4lde mit Gelb-, Orange- und Wei\u00dft\u00f6nen kaufen? Dieses Gem\u00e4lde hat wundersch\u00f6ne Linien in diesen leuchtenden Farben und ist auf...\" \/>\n<meta name=\"robots\" content=\"noindex, follow, max-snippet:-1, max-image-preview:large, max-video-preview:-1\" \/>\n<meta property=\"og:locale\" content=\"de_DE\" \/>\n<meta property=\"og:type\" content=\"article\" \/>\n<meta property=\"og:title\" content=\"Malerei Aluminium f\u00fcnfteilig Radiant 60x150cm\" \/>\n<meta property=\"og:description\" content=\"M\u00f6chten Sie ein f\u00fcnfteiliges Gem\u00e4lde mit Gelb-, Orange- und Wei\u00dft\u00f6nen kaufen? Dieses Gem\u00e4lde hat wundersch\u00f6ne Linien in diesen leuchtenden Farben und ist auf...\" \/>\n<meta property=\"og:url\" content=\"https:\/\/dev.eliassen.nl\/de\/malerei-aluminium-funfteilig-radiant-60x150cm\/\" \/>\n<meta property=\"og:site_name\" content=\"Eliassen.nl\" \/>\n<meta property=\"article:publisher\" content=\"https:\/\/www.facebook.com\/TuincentrumEliassenAmmerzoden\" \/>\n<meta property=\"article:modified_time\" content=\"2024-12-05T14:15:56+00:00\" \/>\n<meta property=\"og:image\" content=\"https:\/\/dev.eliassen.nl\/wp-content\/uploads\/2024\/01\/schilderijaluminiumvijfluikstralend.jpg\" \/>\n\t<meta property=\"og:image:width\" content=\"2048\" \/>\n\t<meta property=\"og:image:height\" content=\"811\" \/>\n\t<meta property=\"og:image:type\" content=\"image\/jpeg\" \/>\n<meta name=\"twitter:card\" content=\"summary_large_image\" \/>\n<script type=\"application\/ld+json\" class=\"yoast-schema-graph\">{\"@context\":\"https:\/\/schema.org\",\"@graph\":[{\"@type\":\"WebPage\",\"@id\":\"https:\/\/dev.eliassen.nl\/de\/malerei-aluminium-funfteilig-radiant-60x150cm\/\",\"url\":\"https:\/\/dev.eliassen.nl\/de\/malerei-aluminium-funfteilig-radiant-60x150cm\/\",\"name\":\"Malerei Aluminium f\u00fcnfteilig Radiant 60x150cm\",\"isPartOf\":{\"@id\":\"https:\/\/dev.eliassen.nl\/de\/#website\"},\"primaryImageOfPage\":{\"@id\":\"https:\/\/dev.eliassen.nl\/de\/malerei-aluminium-funfteilig-radiant-60x150cm\/#primaryimage\"},\"image\":{\"@id\":\"https:\/\/dev.eliassen.nl\/de\/malerei-aluminium-funfteilig-radiant-60x150cm\/#primaryimage\"},\"thumbnailUrl\":\"https:\/\/dev.eliassen.nl\/wp-content\/uploads\/2024\/01\/schilderijaluminiumvijfluikstralend.jpg\",\"datePublished\":\"2019-10-28T16:17:56+00:00\",\"dateModified\":\"2024-12-05T14:15:56+00:00\",\"description\":\"M\u00f6chten Sie ein f\u00fcnfteiliges Gem\u00e4lde mit Gelb-, Orange- und Wei\u00dft\u00f6nen kaufen? Dieses Gem\u00e4lde hat wundersch\u00f6ne Linien in diesen leuchtenden Farben und ist auf...\",\"breadcrumb\":{\"@id\":\"https:\/\/dev.eliassen.nl\/de\/malerei-aluminium-funfteilig-radiant-60x150cm\/#breadcrumb\"},\"inLanguage\":\"de\",\"potentialAction\":[{\"@type\":\"ReadAction\",\"target\":[\"https:\/\/dev.eliassen.nl\/de\/malerei-aluminium-funfteilig-radiant-60x150cm\/\"]}]},{\"@type\":\"ImageObject\",\"inLanguage\":\"de\",\"@id\":\"https:\/\/dev.eliassen.nl\/de\/malerei-aluminium-funfteilig-radiant-60x150cm\/#primaryimage\",\"url\":\"https:\/\/dev.eliassen.nl\/wp-content\/uploads\/2024\/01\/schilderijaluminiumvijfluikstralend.jpg\",\"contentUrl\":\"https:\/\/dev.eliassen.nl\/wp-content\/uploads\/2024\/01\/schilderijaluminiumvijfluikstralend.jpg\",\"width\":2048,\"height\":811,\"caption\":\"Schilderij aluminium vijfluik Stralend\"},{\"@type\":\"BreadcrumbList\",\"@id\":\"https:\/\/dev.eliassen.nl\/de\/malerei-aluminium-funfteilig-radiant-60x150cm\/#breadcrumb\",\"itemListElement\":[{\"@type\":\"ListItem\",\"position\":1,\"name\":\"Home\",\"item\":\"https:\/\/dev.eliassen.nl\/de\/\"},{\"@type\":\"ListItem\",\"position\":2,\"name\":\"Shop\",\"item\":\"https:\/\/dev.eliassen.nl\/nl\/winkel\/\"},{\"@type\":\"ListItem\",\"position\":3,\"name\":\"Gem\u00e4lde\",\"item\":\"https:\/\/dev.eliassen.nl\/de\/gemaelde\/\"},{\"@type\":\"ListItem\",\"position\":4,\"name\":\"Aluminium-Gem\u00e4lde\",\"item\":\"https:\/\/dev.eliassen.nl\/de\/gemaelde\/aluminium-gemaelde\/\"},{\"@type\":\"ListItem\",\"position\":5,\"name\":\"Malerei Aluminium f\u00fcnfteilig Radiant 60x150cm\"}]},{\"@type\":\"WebSite\",\"@id\":\"https:\/\/dev.eliassen.nl\/de\/#website\",\"url\":\"https:\/\/dev.eliassen.nl\/de\/\",\"name\":\"Eliassen Home & Garden Pleasure\",\"description\":\"\",\"publisher\":{\"@id\":\"https:\/\/dev.eliassen.nl\/de\/#organization\"},\"alternateName\":\"Eliassen.nl\",\"potentialAction\":[{\"@type\":\"SearchAction\",\"target\":{\"@type\":\"EntryPoint\",\"urlTemplate\":\"https:\/\/dev.eliassen.nl\/de\/?s={search_term_string}\"},\"query-input\":{\"@type\":\"PropertyValueSpecification\",\"valueRequired\":true,\"valueName\":\"search_term_string\"}}],\"inLanguage\":\"de\"},{\"@type\":\"Organization\",\"@id\":\"https:\/\/dev.eliassen.nl\/de\/#organization\",\"name\":\"Eliassen Home & Garden Pleasure\",\"url\":\"https:\/\/dev.eliassen.nl\/de\/\",\"logo\":{\"@type\":\"ImageObject\",\"inLanguage\":\"de\",\"@id\":\"https:\/\/dev.eliassen.nl\/de\/#\/schema\/logo\/image\/\",\"url\":\"https:\/\/www.eliassen.nl\/wp-content\/uploads\/2024\/01\/logo_4nd.jpg\",\"contentUrl\":\"https:\/\/www.eliassen.nl\/wp-content\/uploads\/2024\/01\/logo_4nd.jpg\",\"width\":500,\"height\":500,\"caption\":\"Eliassen Home & Garden Pleasure\"},\"image\":{\"@id\":\"https:\/\/dev.eliassen.nl\/de\/#\/schema\/logo\/image\/\"},\"sameAs\":[\"https:\/\/www.facebook.com\/TuincentrumEliassenAmmerzoden\",\"https:\/\/www.instagram.com\/eliassenhomeandgarden\/\",\"https:\/\/nl.pinterest.com\/eliassenhomeandgarden\/\",\"https:\/\/www.youtube.com\/@eliassenhomegardenpleasure4558\"]}]}<\/script>\n<!-- \/ Yoast SEO plugin. -->","yoast_head_json":{"title":"Malerei Aluminium f\u00fcnfteilig Radiant 60x150cm","description":"M\u00f6chten Sie ein f\u00fcnfteiliges Gem\u00e4lde mit Gelb-, Orange- und Wei\u00dft\u00f6nen kaufen? Dieses Gem\u00e4lde hat wundersch\u00f6ne Linien in diesen leuchtenden Farben und ist auf...","robots":{"index":"noindex","follow":"follow","max-snippet":"max-snippet:-1","max-image-preview":"max-image-preview:large","max-video-preview":"max-video-preview:-1"},"og_locale":"de_DE","og_type":"article","og_title":"Malerei Aluminium f\u00fcnfteilig Radiant 60x150cm","og_description":"M\u00f6chten Sie ein f\u00fcnfteiliges Gem\u00e4lde mit Gelb-, Orange- und Wei\u00dft\u00f6nen kaufen? Dieses Gem\u00e4lde hat wundersch\u00f6ne Linien in diesen leuchtenden Farben und ist auf...","og_url":"https:\/\/dev.eliassen.nl\/de\/malerei-aluminium-funfteilig-radiant-60x150cm\/","og_site_name":"Eliassen.nl","article_publisher":"https:\/\/www.facebook.com\/TuincentrumEliassenAmmerzoden","article_modified_time":"2024-12-05T14:15:56+00:00","og_image":[{"width":2048,"height":811,"url":"https:\/\/dev.eliassen.nl\/wp-content\/uploads\/2024\/01\/schilderijaluminiumvijfluikstralend.jpg","type":"image\/jpeg"}],"twitter_card":"summary_large_image","schema":{"@context":"https:\/\/schema.org","@graph":[{"@type":"WebPage","@id":"https:\/\/dev.eliassen.nl\/de\/malerei-aluminium-funfteilig-radiant-60x150cm\/","url":"https:\/\/dev.eliassen.nl\/de\/malerei-aluminium-funfteilig-radiant-60x150cm\/","name":"Malerei Aluminium f\u00fcnfteilig Radiant 60x150cm","isPartOf":{"@id":"https:\/\/dev.eliassen.nl\/de\/#website"},"primaryImageOfPage":{"@id":"https:\/\/dev.eliassen.nl\/de\/malerei-aluminium-funfteilig-radiant-60x150cm\/#primaryimage"},"image":{"@id":"https:\/\/dev.eliassen.nl\/de\/malerei-aluminium-funfteilig-radiant-60x150cm\/#primaryimage"},"thumbnailUrl":"https:\/\/dev.eliassen.nl\/wp-content\/uploads\/2024\/01\/schilderijaluminiumvijfluikstralend.jpg","datePublished":"2019-10-28T16:17:56+00:00","dateModified":"2024-12-05T14:15:56+00:00","description":"M\u00f6chten Sie ein f\u00fcnfteiliges Gem\u00e4lde mit Gelb-, Orange- und Wei\u00dft\u00f6nen kaufen? Dieses Gem\u00e4lde hat wundersch\u00f6ne Linien in diesen leuchtenden Farben und ist auf...","breadcrumb":{"@id":"https:\/\/dev.eliassen.nl\/de\/malerei-aluminium-funfteilig-radiant-60x150cm\/#breadcrumb"},"inLanguage":"de","potentialAction":[{"@type":"ReadAction","target":["https:\/\/dev.eliassen.nl\/de\/malerei-aluminium-funfteilig-radiant-60x150cm\/"]}]},{"@type":"ImageObject","inLanguage":"de","@id":"https:\/\/dev.eliassen.nl\/de\/malerei-aluminium-funfteilig-radiant-60x150cm\/#primaryimage","url":"https:\/\/dev.eliassen.nl\/wp-content\/uploads\/2024\/01\/schilderijaluminiumvijfluikstralend.jpg","contentUrl":"https:\/\/dev.eliassen.nl\/wp-content\/uploads\/2024\/01\/schilderijaluminiumvijfluikstralend.jpg","width":2048,"height":811,"caption":"Schilderij aluminium vijfluik Stralend"},{"@type":"BreadcrumbList","@id":"https:\/\/dev.eliassen.nl\/de\/malerei-aluminium-funfteilig-radiant-60x150cm\/#breadcrumb","itemListElement":[{"@type":"ListItem","position":1,"name":"Home","item":"https:\/\/dev.eliassen.nl\/de\/"},{"@type":"ListItem","position":2,"name":"Shop","item":"https:\/\/dev.eliassen.nl\/nl\/winkel\/"},{"@type":"ListItem","position":3,"name":"Gem\u00e4lde","item":"https:\/\/dev.eliassen.nl\/de\/gemaelde\/"},{"@type":"ListItem","position":4,"name":"Aluminium-Gem\u00e4lde","item":"https:\/\/dev.eliassen.nl\/de\/gemaelde\/aluminium-gemaelde\/"},{"@type":"ListItem","position":5,"name":"Malerei Aluminium f\u00fcnfteilig Radiant 60x150cm"}]},{"@type":"WebSite","@id":"https:\/\/dev.eliassen.nl\/de\/#website","url":"https:\/\/dev.eliassen.nl\/de\/","name":"Eliassen Home & Garden Pleasure","description":"","publisher":{"@id":"https:\/\/dev.eliassen.nl\/de\/#organization"},"alternateName":"Eliassen.nl","potentialAction":[{"@type":"SearchAction","target":{"@type":"EntryPoint","urlTemplate":"https:\/\/dev.eliassen.nl\/de\/?s={search_term_string}"},"query-input":{"@type":"PropertyValueSpecification","valueRequired":true,"valueName":"search_term_string"}}],"inLanguage":"de"},{"@type":"Organization","@id":"https:\/\/dev.eliassen.nl\/de\/#organization","name":"Eliassen Home & Garden Pleasure","url":"https:\/\/dev.eliassen.nl\/de\/","logo":{"@type":"ImageObject","inLanguage":"de","@id":"https:\/\/dev.eliassen.nl\/de\/#\/schema\/logo\/image\/","url":"https:\/\/www.eliassen.nl\/wp-content\/uploads\/2024\/01\/logo_4nd.jpg","contentUrl":"https:\/\/www.eliassen.nl\/wp-content\/uploads\/2024\/01\/logo_4nd.jpg","width":500,"height":500,"caption":"Eliassen Home & Garden Pleasure"},"image":{"@id":"https:\/\/dev.eliassen.nl\/de\/#\/schema\/logo\/image\/"},"sameAs":["https:\/\/www.facebook.com\/TuincentrumEliassenAmmerzoden","https:\/\/www.instagram.com\/eliassenhomeandgarden\/","https:\/\/nl.pinterest.com\/eliassenhomeandgarden\/","https:\/\/www.youtube.com\/@eliassenhomegardenpleasure4558"]}]}},"df_price":105,"df_sale_price":105,"df_regular_price":210,"df_image_link":"https:\/\/dev.eliassen.nl\/wp-content\/uploads\/2024\/01\/schilderijaluminiumvijfluikstralend.jpg","image":"https:\/\/dev.eliassen.nl\/wp-content\/uploads\/2024\/01\/schilderijaluminiumvijfluikstralend.jpg","price_search":"<span class=\"woocommerce-Price-amount amount\"><bdi><span class=\"woocommerce-Price-currencySymbol\">&euro;<\/span>&nbsp;105,00<\/bdi><\/span>","category":"Aluminium-Gem\u00e4lde","_links":{"self":[{"href":"https:\/\/dev.eliassen.nl\/de\/wp-json\/wp\/v2\/product\/11488","targetHints":{"allow":["GET"]}}],"collection":[{"href":"https:\/\/dev.eliassen.nl\/de\/wp-json\/wp\/v2\/product"}],"about":[{"href":"https:\/\/dev.eliassen.nl\/de\/wp-json\/wp\/v2\/types\/product"}],"wp:featuredmedia":[{"embeddable":true,"href":"https:\/\/dev.eliassen.nl\/de\/wp-json\/wp\/v2\/media\/11482"}],"wp:attachment":[{"href":"https:\/\/dev.eliassen.nl\/de\/wp-json\/wp\/v2\/media?parent=11488"}],"wp:term":[{"taxonomy":"product_brand","embeddable":true,"href":"https:\/\/dev.eliassen.nl\/de\/wp-json\/wp\/v2\/product_brand?post=11488"},{"taxonomy":"product_cat","embeddable":true,"href":"https:\/\/dev.eliassen.nl\/de\/wp-json\/wp\/v2\/product_cat?post=11488"},{"taxonomy":"product_tag","embeddable":true,"href":"https:\/\/dev.eliassen.nl\/de\/wp-json\/wp\/v2\/product_tag?post=11488"}],"curies":[{"name":"wp","href":"https:\/\/api.w.org\/{rel}","templated":true}]}}