{"id":11512,"date":"2019-10-28T17:18:06","date_gmt":"2019-10-28T16:18:06","guid":{"rendered":"https:\/\/www.eliassen.nl\/?product=lackierung-von-aluminium-faechern-mit-fuenf-platte"},"modified":"2024-12-05T15:16:02","modified_gmt":"2024-12-05T14:16:02","slug":"lackierter-funfteiliger-aluminiumbaum-60x150cm","status":"publish","type":"product","link":"https:\/\/dev.eliassen.nl\/de\/lackierter-funfteiliger-aluminiumbaum-60x150cm\/","title":{"rendered":"Lackierter f\u00fcnfteiliger Aluminiumbaum 60x150cm"},"content":{"rendered":"<p>M\u00f6chten Sie ein besonderes f\u00fcnfteiliges Gem\u00e4lde mit einem v\u00f6llig einzigartigen Look an die Wand h\u00e4ngen? Dann sollten Sie sich dieses hochmoderne Aluminiumgem\u00e4lde der exklusiven Marke ArtEl auf keinen Fall entgehen lassen. Komplett von Hand gefertigt. Durch die aufwendigen manuellen Schleif- und Polierarbeiten an einer Aluminiumplatte entsteht in Kombination mit den gew\u00e4hlten leuchtenden Farben eine hochmoderne und zeitgem\u00e4\u00dfe Wanddekoration f\u00fcr Ihr Arbeits- und Wohnambiente. Dieses Gem\u00e4lde ist fast 3 cm dick, die R\u00fcckseite ist wundersch\u00f6n mit schwarzem Samt versehen und hat Haken.<\/p>\n<ul>\n<li>Gr\u00f6\u00dfe 5 St\u00fcck 30 x 60 cm hoch<\/li>\n<li>Dicke 2,7 cm<\/li>\n<li>Zeitgem\u00e4\u00dfes und exklusives Erscheinungsbild<\/li>\n<li>Inklusive H\u00e4ngematerial und H\u00e4ngebeschreibung<\/li>\n<li>Nicht f\u00fcr den Au\u00dfenbereich geeignet<\/li>\n<li>Schneller Versand in stabiler Box<\/li>\n<\/ul>\n","protected":false},"excerpt":{"rendered":"<p>M\u00f6chten Sie ein besonderes f\u00fcnfteiliges Gem\u00e4lde mit einem v\u00f6llig einzigartigen Look an die Wand h\u00e4ngen? Dann sollten Sie sich dieses hochmoderne Aluminiumgem\u00e4lde der exklusiven Marke ArtEl auf keinen Fall entgehen lassen. Komplett von Hand gefertigt. Durch die aufwendigen manuellen Schleif- und Polierarbeiten an einer Aluminiumplatte entsteht in Kombination mit den gew\u00e4hlten leuchtenden Farben eine hochmoderne &hellip;<\/p>\n","protected":false},"featured_media":11509,"template":"","meta":{"_acf_changed":false},"product_brand":[],"product_cat":[416,410,467,413],"product_tag":[],"class_list":{"0":"post-11512","1":"product","2":"type-product","3":"status-publish","4":"has-post-thumbnail","6":"product_cat-aluminium-gemaelde","7":"product_cat-gemaelde","8":"product_cat-gemaelde-mit-mehreren-tafeln","9":"product_cat-gemaelde-outlet","11":"first","12":"instock","13":"sale","14":"taxable","15":"shipping-taxable","16":"purchasable","17":"product-type-simple"},"acf":[],"yoast_head":"<!-- This site is optimized with the Yoast SEO plugin v23.8 - https:\/\/yoast.com\/wordpress\/plugins\/seo\/ -->\n<title>Malerei Aluminium f\u00fcnfteiliger Baum 60x150cm | Eliassen<\/title>\n<meta name=\"description\" content=\"Bei Eliassen k\u00f6nnen Sie den f\u00fcnfteiligen Aluminium-Gem\u00e4ldebaum 60 x 150 cm online kaufen oder ihn live im Ausstellungsraum besichtigen. Bestellen Sie direkt ...\" \/>\n<meta name=\"robots\" content=\"noindex, follow, max-snippet:-1, max-image-preview:large, max-video-preview:-1\" \/>\n<meta property=\"og:locale\" content=\"de_DE\" \/>\n<meta property=\"og:type\" content=\"article\" \/>\n<meta property=\"og:title\" content=\"Malerei Aluminium f\u00fcnfteiliger Baum 60x150cm | Eliassen\" \/>\n<meta property=\"og:description\" content=\"Bei Eliassen k\u00f6nnen Sie den f\u00fcnfteiligen Aluminium-Gem\u00e4ldebaum 60 x 150 cm online kaufen oder ihn live im Ausstellungsraum besichtigen. Bestellen Sie direkt ...\" \/>\n<meta property=\"og:url\" content=\"https:\/\/dev.eliassen.nl\/de\/lackierter-funfteiliger-aluminiumbaum-60x150cm\/\" \/>\n<meta property=\"og:site_name\" content=\"Eliassen.nl\" \/>\n<meta property=\"article:publisher\" content=\"https:\/\/www.facebook.com\/TuincentrumEliassenAmmerzoden\" \/>\n<meta property=\"article:modified_time\" content=\"2024-12-05T14:16:02+00:00\" \/>\n<meta property=\"og:image\" content=\"https:\/\/dev.eliassen.nl\/wp-content\/uploads\/2024\/01\/lb446.jpg\" \/>\n\t<meta property=\"og:image:width\" content=\"2048\" \/>\n\t<meta property=\"og:image:height\" content=\"818\" \/>\n\t<meta property=\"og:image:type\" content=\"image\/jpeg\" \/>\n<meta name=\"twitter:card\" content=\"summary_large_image\" \/>\n<script type=\"application\/ld+json\" class=\"yoast-schema-graph\">{\"@context\":\"https:\/\/schema.org\",\"@graph\":[{\"@type\":\"WebPage\",\"@id\":\"https:\/\/dev.eliassen.nl\/de\/lackierter-funfteiliger-aluminiumbaum-60x150cm\/\",\"url\":\"https:\/\/dev.eliassen.nl\/de\/lackierter-funfteiliger-aluminiumbaum-60x150cm\/\",\"name\":\"Malerei Aluminium f\u00fcnfteiliger Baum 60x150cm | Eliassen\",\"isPartOf\":{\"@id\":\"https:\/\/dev.eliassen.nl\/de\/#website\"},\"primaryImageOfPage\":{\"@id\":\"https:\/\/dev.eliassen.nl\/de\/lackierter-funfteiliger-aluminiumbaum-60x150cm\/#primaryimage\"},\"image\":{\"@id\":\"https:\/\/dev.eliassen.nl\/de\/lackierter-funfteiliger-aluminiumbaum-60x150cm\/#primaryimage\"},\"thumbnailUrl\":\"https:\/\/dev.eliassen.nl\/wp-content\/uploads\/2024\/01\/lb446.jpg\",\"datePublished\":\"2019-10-28T16:18:06+00:00\",\"dateModified\":\"2024-12-05T14:16:02+00:00\",\"description\":\"Bei Eliassen k\u00f6nnen Sie den f\u00fcnfteiligen Aluminium-Gem\u00e4ldebaum 60 x 150 cm online kaufen oder ihn live im Ausstellungsraum besichtigen. Bestellen Sie direkt ...\",\"breadcrumb\":{\"@id\":\"https:\/\/dev.eliassen.nl\/de\/lackierter-funfteiliger-aluminiumbaum-60x150cm\/#breadcrumb\"},\"inLanguage\":\"de\",\"potentialAction\":[{\"@type\":\"ReadAction\",\"target\":[\"https:\/\/dev.eliassen.nl\/de\/lackierter-funfteiliger-aluminiumbaum-60x150cm\/\"]}]},{\"@type\":\"ImageObject\",\"inLanguage\":\"de\",\"@id\":\"https:\/\/dev.eliassen.nl\/de\/lackierter-funfteiliger-aluminiumbaum-60x150cm\/#primaryimage\",\"url\":\"https:\/\/dev.eliassen.nl\/wp-content\/uploads\/2024\/01\/lb446.jpg\",\"contentUrl\":\"https:\/\/dev.eliassen.nl\/wp-content\/uploads\/2024\/01\/lb446.jpg\",\"width\":2048,\"height\":818,\"caption\":\"lb-446\"},{\"@type\":\"BreadcrumbList\",\"@id\":\"https:\/\/dev.eliassen.nl\/de\/lackierter-funfteiliger-aluminiumbaum-60x150cm\/#breadcrumb\",\"itemListElement\":[{\"@type\":\"ListItem\",\"position\":1,\"name\":\"Home\",\"item\":\"https:\/\/dev.eliassen.nl\/de\/\"},{\"@type\":\"ListItem\",\"position\":2,\"name\":\"Shop\",\"item\":\"https:\/\/dev.eliassen.nl\/nl\/winkel\/\"},{\"@type\":\"ListItem\",\"position\":3,\"name\":\"Gem\u00e4lde\",\"item\":\"https:\/\/dev.eliassen.nl\/de\/gemaelde\/\"},{\"@type\":\"ListItem\",\"position\":4,\"name\":\"Aluminium-Gem\u00e4lde\",\"item\":\"https:\/\/dev.eliassen.nl\/de\/gemaelde\/aluminium-gemaelde\/\"},{\"@type\":\"ListItem\",\"position\":5,\"name\":\"Lackierter f\u00fcnfteiliger Aluminiumbaum 60x150cm\"}]},{\"@type\":\"WebSite\",\"@id\":\"https:\/\/dev.eliassen.nl\/de\/#website\",\"url\":\"https:\/\/dev.eliassen.nl\/de\/\",\"name\":\"Eliassen Home & Garden Pleasure\",\"description\":\"\",\"publisher\":{\"@id\":\"https:\/\/dev.eliassen.nl\/de\/#organization\"},\"alternateName\":\"Eliassen.nl\",\"potentialAction\":[{\"@type\":\"SearchAction\",\"target\":{\"@type\":\"EntryPoint\",\"urlTemplate\":\"https:\/\/dev.eliassen.nl\/de\/?s={search_term_string}\"},\"query-input\":{\"@type\":\"PropertyValueSpecification\",\"valueRequired\":true,\"valueName\":\"search_term_string\"}}],\"inLanguage\":\"de\"},{\"@type\":\"Organization\",\"@id\":\"https:\/\/dev.eliassen.nl\/de\/#organization\",\"name\":\"Eliassen Home & Garden Pleasure\",\"url\":\"https:\/\/dev.eliassen.nl\/de\/\",\"logo\":{\"@type\":\"ImageObject\",\"inLanguage\":\"de\",\"@id\":\"https:\/\/dev.eliassen.nl\/de\/#\/schema\/logo\/image\/\",\"url\":\"https:\/\/www.eliassen.nl\/wp-content\/uploads\/2024\/01\/logo_4nd.jpg\",\"contentUrl\":\"https:\/\/www.eliassen.nl\/wp-content\/uploads\/2024\/01\/logo_4nd.jpg\",\"width\":500,\"height\":500,\"caption\":\"Eliassen Home & Garden Pleasure\"},\"image\":{\"@id\":\"https:\/\/dev.eliassen.nl\/de\/#\/schema\/logo\/image\/\"},\"sameAs\":[\"https:\/\/www.facebook.com\/TuincentrumEliassenAmmerzoden\",\"https:\/\/www.instagram.com\/eliassenhomeandgarden\/\",\"https:\/\/nl.pinterest.com\/eliassenhomeandgarden\/\",\"https:\/\/www.youtube.com\/@eliassenhomegardenpleasure4558\"]}]}<\/script>\n<!-- \/ Yoast SEO plugin. -->","yoast_head_json":{"title":"Malerei Aluminium f\u00fcnfteiliger Baum 60x150cm | Eliassen","description":"Bei Eliassen k\u00f6nnen Sie den f\u00fcnfteiligen Aluminium-Gem\u00e4ldebaum 60 x 150 cm online kaufen oder ihn live im Ausstellungsraum besichtigen. Bestellen Sie direkt ...","robots":{"index":"noindex","follow":"follow","max-snippet":"max-snippet:-1","max-image-preview":"max-image-preview:large","max-video-preview":"max-video-preview:-1"},"og_locale":"de_DE","og_type":"article","og_title":"Malerei Aluminium f\u00fcnfteiliger Baum 60x150cm | Eliassen","og_description":"Bei Eliassen k\u00f6nnen Sie den f\u00fcnfteiligen Aluminium-Gem\u00e4ldebaum 60 x 150 cm online kaufen oder ihn live im Ausstellungsraum besichtigen. Bestellen Sie direkt ...","og_url":"https:\/\/dev.eliassen.nl\/de\/lackierter-funfteiliger-aluminiumbaum-60x150cm\/","og_site_name":"Eliassen.nl","article_publisher":"https:\/\/www.facebook.com\/TuincentrumEliassenAmmerzoden","article_modified_time":"2024-12-05T14:16:02+00:00","og_image":[{"width":2048,"height":818,"url":"https:\/\/dev.eliassen.nl\/wp-content\/uploads\/2024\/01\/lb446.jpg","type":"image\/jpeg"}],"twitter_card":"summary_large_image","schema":{"@context":"https:\/\/schema.org","@graph":[{"@type":"WebPage","@id":"https:\/\/dev.eliassen.nl\/de\/lackierter-funfteiliger-aluminiumbaum-60x150cm\/","url":"https:\/\/dev.eliassen.nl\/de\/lackierter-funfteiliger-aluminiumbaum-60x150cm\/","name":"Malerei Aluminium f\u00fcnfteiliger Baum 60x150cm | Eliassen","isPartOf":{"@id":"https:\/\/dev.eliassen.nl\/de\/#website"},"primaryImageOfPage":{"@id":"https:\/\/dev.eliassen.nl\/de\/lackierter-funfteiliger-aluminiumbaum-60x150cm\/#primaryimage"},"image":{"@id":"https:\/\/dev.eliassen.nl\/de\/lackierter-funfteiliger-aluminiumbaum-60x150cm\/#primaryimage"},"thumbnailUrl":"https:\/\/dev.eliassen.nl\/wp-content\/uploads\/2024\/01\/lb446.jpg","datePublished":"2019-10-28T16:18:06+00:00","dateModified":"2024-12-05T14:16:02+00:00","description":"Bei Eliassen k\u00f6nnen Sie den f\u00fcnfteiligen Aluminium-Gem\u00e4ldebaum 60 x 150 cm online kaufen oder ihn live im Ausstellungsraum besichtigen. Bestellen Sie direkt ...","breadcrumb":{"@id":"https:\/\/dev.eliassen.nl\/de\/lackierter-funfteiliger-aluminiumbaum-60x150cm\/#breadcrumb"},"inLanguage":"de","potentialAction":[{"@type":"ReadAction","target":["https:\/\/dev.eliassen.nl\/de\/lackierter-funfteiliger-aluminiumbaum-60x150cm\/"]}]},{"@type":"ImageObject","inLanguage":"de","@id":"https:\/\/dev.eliassen.nl\/de\/lackierter-funfteiliger-aluminiumbaum-60x150cm\/#primaryimage","url":"https:\/\/dev.eliassen.nl\/wp-content\/uploads\/2024\/01\/lb446.jpg","contentUrl":"https:\/\/dev.eliassen.nl\/wp-content\/uploads\/2024\/01\/lb446.jpg","width":2048,"height":818,"caption":"lb-446"},{"@type":"BreadcrumbList","@id":"https:\/\/dev.eliassen.nl\/de\/lackierter-funfteiliger-aluminiumbaum-60x150cm\/#breadcrumb","itemListElement":[{"@type":"ListItem","position":1,"name":"Home","item":"https:\/\/dev.eliassen.nl\/de\/"},{"@type":"ListItem","position":2,"name":"Shop","item":"https:\/\/dev.eliassen.nl\/nl\/winkel\/"},{"@type":"ListItem","position":3,"name":"Gem\u00e4lde","item":"https:\/\/dev.eliassen.nl\/de\/gemaelde\/"},{"@type":"ListItem","position":4,"name":"Aluminium-Gem\u00e4lde","item":"https:\/\/dev.eliassen.nl\/de\/gemaelde\/aluminium-gemaelde\/"},{"@type":"ListItem","position":5,"name":"Lackierter f\u00fcnfteiliger Aluminiumbaum 60x150cm"}]},{"@type":"WebSite","@id":"https:\/\/dev.eliassen.nl\/de\/#website","url":"https:\/\/dev.eliassen.nl\/de\/","name":"Eliassen Home & Garden Pleasure","description":"","publisher":{"@id":"https:\/\/dev.eliassen.nl\/de\/#organization"},"alternateName":"Eliassen.nl","potentialAction":[{"@type":"SearchAction","target":{"@type":"EntryPoint","urlTemplate":"https:\/\/dev.eliassen.nl\/de\/?s={search_term_string}"},"query-input":{"@type":"PropertyValueSpecification","valueRequired":true,"valueName":"search_term_string"}}],"inLanguage":"de"},{"@type":"Organization","@id":"https:\/\/dev.eliassen.nl\/de\/#organization","name":"Eliassen Home & Garden Pleasure","url":"https:\/\/dev.eliassen.nl\/de\/","logo":{"@type":"ImageObject","inLanguage":"de","@id":"https:\/\/dev.eliassen.nl\/de\/#\/schema\/logo\/image\/","url":"https:\/\/www.eliassen.nl\/wp-content\/uploads\/2024\/01\/logo_4nd.jpg","contentUrl":"https:\/\/www.eliassen.nl\/wp-content\/uploads\/2024\/01\/logo_4nd.jpg","width":500,"height":500,"caption":"Eliassen Home & Garden Pleasure"},"image":{"@id":"https:\/\/dev.eliassen.nl\/de\/#\/schema\/logo\/image\/"},"sameAs":["https:\/\/www.facebook.com\/TuincentrumEliassenAmmerzoden","https:\/\/www.instagram.com\/eliassenhomeandgarden\/","https:\/\/nl.pinterest.com\/eliassenhomeandgarden\/","https:\/\/www.youtube.com\/@eliassenhomegardenpleasure4558"]}]}},"df_price":63,"df_sale_price":63,"df_regular_price":210,"df_image_link":"https:\/\/dev.eliassen.nl\/wp-content\/uploads\/2024\/01\/lb446.jpg","image":"https:\/\/dev.eliassen.nl\/wp-content\/uploads\/2024\/01\/lb446.jpg","price_search":"<span class=\"woocommerce-Price-amount amount\"><bdi><span class=\"woocommerce-Price-currencySymbol\">&euro;<\/span>&nbsp;63,00<\/bdi><\/span>","category":"Aluminium-Gem\u00e4lde","_links":{"self":[{"href":"https:\/\/dev.eliassen.nl\/de\/wp-json\/wp\/v2\/product\/11512","targetHints":{"allow":["GET"]}}],"collection":[{"href":"https:\/\/dev.eliassen.nl\/de\/wp-json\/wp\/v2\/product"}],"about":[{"href":"https:\/\/dev.eliassen.nl\/de\/wp-json\/wp\/v2\/types\/product"}],"wp:featuredmedia":[{"embeddable":true,"href":"https:\/\/dev.eliassen.nl\/de\/wp-json\/wp\/v2\/media\/11509"}],"wp:attachment":[{"href":"https:\/\/dev.eliassen.nl\/de\/wp-json\/wp\/v2\/media?parent=11512"}],"wp:term":[{"taxonomy":"product_brand","embeddable":true,"href":"https:\/\/dev.eliassen.nl\/de\/wp-json\/wp\/v2\/product_brand?post=11512"},{"taxonomy":"product_cat","embeddable":true,"href":"https:\/\/dev.eliassen.nl\/de\/wp-json\/wp\/v2\/product_cat?post=11512"},{"taxonomy":"product_tag","embeddable":true,"href":"https:\/\/dev.eliassen.nl\/de\/wp-json\/wp\/v2\/product_tag?post=11512"}],"curies":[{"name":"wp","href":"https:\/\/api.w.org\/{rel}","templated":true}]}}