{"id":11539,"date":"2019-10-28T17:18:14","date_gmt":"2019-10-28T16:18:14","guid":{"rendered":"https:\/\/www.eliassen.nl\/?product=bemalen-sie-aluminiumvierplatten-curl-80x-89034065"},"modified":"2024-12-05T15:16:06","modified_gmt":"2024-12-05T14:16:06","slug":"xxl-gemalde-aluminium-vierplattenbaum-120x150cm","status":"publish","type":"product","link":"https:\/\/dev.eliassen.nl\/de\/xxl-gemalde-aluminium-vierplattenbaum-120x150cm\/","title":{"rendered":"XXL-Gem\u00e4lde, vierteiliger japanischer Baum aus Aluminium, 120 x 150 cm"},"content":{"rendered":"<p>M\u00f6chten Sie ein besonderes XXL-Viertafelbild in v\u00f6llig einzigartiger Optik an die Wand h\u00e4ngen? Dann sollten Sie sich dieses sehr moderne gro\u00dfe Aluminiumgem\u00e4lde der exklusiven Marke ArtEl auf keinen Fall entgehen lassen. Komplett von Hand gefertigt. Durch die aufw\u00e4ndigen manuellen Schleif- und Polierarbeiten an einer Aluminiumplatte entsteht in Kombination mit den gew\u00e4hlten leuchtenden Farben eine hochmoderne und zeitgem\u00e4\u00dfe Wanddekoration f\u00fcr Ihr Arbeits- und Wohnambiente. Dieses Gem\u00e4lde ist fast 3 cm dick, die R\u00fcckseite ist wundersch\u00f6n mit schwarzem Samt versehen und hat Haken.<\/p>\n<p>M\u00f6chten Sie eine kahle Wand mit einem beeindruckenden Gem\u00e4lde in dunklen Farben schm\u00fccken? Unser vollst\u00e4ndig handgefertigter vierteiliger Baum aus lackiertem Aluminium ist eine perfekte Erg\u00e4nzung f\u00fcr jede Art von Inneneinrichtung. Die dunklen Farben lassen sich gut mit jeder anderen Farbe kombinieren, auch mit helleren Farben. Der wei\u00dfe Baum hebt sich wunderbar vom dunklen Hintergrund ab, ein perfekter Kontrast, der Ihre Wand mit Sicherheit schm\u00fccken wird!<\/p>\n<p>\u00a0<\/p>\n<ul>\n<li>Gr\u00f6\u00dfe 4 St\u00fcck 30 x 150 cm hoch<\/li>\n<li>Dicke 2,7 cm<\/li>\n<li>Zeitgem\u00e4\u00dfes und exklusives Erscheinungsbild<\/li>\n<li>Inklusive H\u00e4ngematerial und H\u00e4ngebeschreibung<\/li>\n<li>Nicht f\u00fcr den Au\u00dfenbereich geeignet<\/li>\n<li>Schneller Versand in stabiler Box<\/li>\n<\/ul>\n","protected":false},"excerpt":{"rendered":"<p>M\u00f6chten Sie ein besonderes XXL-Viertafelbild in v\u00f6llig einzigartiger Optik an die Wand h\u00e4ngen? Dann sollten Sie sich dieses sehr moderne gro\u00dfe Aluminiumgem\u00e4lde der exklusiven Marke ArtEl auf keinen Fall entgehen lassen. Komplett von Hand gefertigt. Durch die aufw\u00e4ndigen manuellen Schleif- und Polierarbeiten an einer Aluminiumplatte entsteht in Kombination mit den gew\u00e4hlten leuchtenden Farben eine hochmoderne &hellip;<\/p>\n","protected":false},"featured_media":11536,"template":"","meta":{"_acf_changed":false},"product_brand":[],"product_cat":[416,410,467,413],"product_tag":[],"class_list":{"0":"post-11539","1":"product","2":"type-product","3":"status-publish","4":"has-post-thumbnail","6":"product_cat-aluminium-gemaelde","7":"product_cat-gemaelde","8":"product_cat-gemaelde-mit-mehreren-tafeln","9":"product_cat-gemaelde-outlet","11":"first","12":"instock","13":"sale","14":"taxable","15":"shipping-taxable","16":"purchasable","17":"product-type-simple"},"acf":[],"yoast_head":"<!-- This site is optimized with the Yoast SEO plugin v23.8 - https:\/\/yoast.com\/wordpress\/plugins\/seo\/ -->\n<title>XXL-Gem\u00e4lde-Aluminium-Vierplattenbaum 120x150cm | Eliassen.nl<\/title>\n<meta name=\"description\" content=\"Das XXL-Aluminiumgem\u00e4lde mit der Darstellung eines Baumes in Schwarz und Wei\u00df ist ein gro\u00dfes modernes Gem\u00e4lde. Dieses vierteilige Gem\u00e4lde ist LIVE in unserem...\" \/>\n<meta name=\"robots\" content=\"noindex, follow, max-snippet:-1, max-image-preview:large, max-video-preview:-1\" \/>\n<meta property=\"og:locale\" content=\"de_DE\" \/>\n<meta property=\"og:type\" content=\"article\" \/>\n<meta property=\"og:title\" content=\"XXL-Gem\u00e4lde-Aluminium-Vierplattenbaum 120x150cm | Eliassen.nl\" \/>\n<meta property=\"og:description\" content=\"Das XXL-Aluminiumgem\u00e4lde mit der Darstellung eines Baumes in Schwarz und Wei\u00df ist ein gro\u00dfes modernes Gem\u00e4lde. Dieses vierteilige Gem\u00e4lde ist LIVE in unserem...\" \/>\n<meta property=\"og:url\" content=\"https:\/\/dev.eliassen.nl\/de\/xxl-gemalde-aluminium-vierplattenbaum-120x150cm\/\" \/>\n<meta property=\"og:site_name\" content=\"Eliassen.nl\" \/>\n<meta property=\"article:publisher\" content=\"https:\/\/www.facebook.com\/TuincentrumEliassenAmmerzoden\" \/>\n<meta property=\"article:modified_time\" content=\"2024-12-05T14:16:06+00:00\" \/>\n<meta property=\"og:image\" content=\"https:\/\/dev.eliassen.nl\/wp-content\/uploads\/2024\/01\/xxlschilderijaluminiumvierluikboom120x150cm.jpg\" \/>\n\t<meta property=\"og:image:width\" content=\"1683\" \/>\n\t<meta property=\"og:image:height\" content=\"1974\" \/>\n\t<meta property=\"og:image:type\" content=\"image\/jpeg\" \/>\n<meta name=\"twitter:card\" content=\"summary_large_image\" \/>\n<script type=\"application\/ld+json\" class=\"yoast-schema-graph\">{\"@context\":\"https:\/\/schema.org\",\"@graph\":[{\"@type\":\"WebPage\",\"@id\":\"https:\/\/dev.eliassen.nl\/de\/xxl-gemalde-aluminium-vierplattenbaum-120x150cm\/\",\"url\":\"https:\/\/dev.eliassen.nl\/de\/xxl-gemalde-aluminium-vierplattenbaum-120x150cm\/\",\"name\":\"XXL-Gem\u00e4lde-Aluminium-Vierplattenbaum 120x150cm | Eliassen.nl\",\"isPartOf\":{\"@id\":\"https:\/\/dev.eliassen.nl\/de\/#website\"},\"primaryImageOfPage\":{\"@id\":\"https:\/\/dev.eliassen.nl\/de\/xxl-gemalde-aluminium-vierplattenbaum-120x150cm\/#primaryimage\"},\"image\":{\"@id\":\"https:\/\/dev.eliassen.nl\/de\/xxl-gemalde-aluminium-vierplattenbaum-120x150cm\/#primaryimage\"},\"thumbnailUrl\":\"https:\/\/dev.eliassen.nl\/wp-content\/uploads\/2024\/01\/xxlschilderijaluminiumvierluikboom120x150cm.jpg\",\"datePublished\":\"2019-10-28T16:18:14+00:00\",\"dateModified\":\"2024-12-05T14:16:06+00:00\",\"description\":\"Das XXL-Aluminiumgem\u00e4lde mit der Darstellung eines Baumes in Schwarz und Wei\u00df ist ein gro\u00dfes modernes Gem\u00e4lde. Dieses vierteilige Gem\u00e4lde ist LIVE in unserem...\",\"breadcrumb\":{\"@id\":\"https:\/\/dev.eliassen.nl\/de\/xxl-gemalde-aluminium-vierplattenbaum-120x150cm\/#breadcrumb\"},\"inLanguage\":\"de\",\"potentialAction\":[{\"@type\":\"ReadAction\",\"target\":[\"https:\/\/dev.eliassen.nl\/de\/xxl-gemalde-aluminium-vierplattenbaum-120x150cm\/\"]}]},{\"@type\":\"ImageObject\",\"inLanguage\":\"de\",\"@id\":\"https:\/\/dev.eliassen.nl\/de\/xxl-gemalde-aluminium-vierplattenbaum-120x150cm\/#primaryimage\",\"url\":\"https:\/\/dev.eliassen.nl\/wp-content\/uploads\/2024\/01\/xxlschilderijaluminiumvierluikboom120x150cm.jpg\",\"contentUrl\":\"https:\/\/dev.eliassen.nl\/wp-content\/uploads\/2024\/01\/xxlschilderijaluminiumvierluikboom120x150cm.jpg\",\"width\":1683,\"height\":1974,\"caption\":\"XXL Schilderij aluminium vierluik Boom 120x150cm\"},{\"@type\":\"BreadcrumbList\",\"@id\":\"https:\/\/dev.eliassen.nl\/de\/xxl-gemalde-aluminium-vierplattenbaum-120x150cm\/#breadcrumb\",\"itemListElement\":[{\"@type\":\"ListItem\",\"position\":1,\"name\":\"Home\",\"item\":\"https:\/\/dev.eliassen.nl\/de\/\"},{\"@type\":\"ListItem\",\"position\":2,\"name\":\"Shop\",\"item\":\"https:\/\/dev.eliassen.nl\/nl\/winkel\/\"},{\"@type\":\"ListItem\",\"position\":3,\"name\":\"Gem\u00e4lde\",\"item\":\"https:\/\/dev.eliassen.nl\/de\/gemaelde\/\"},{\"@type\":\"ListItem\",\"position\":4,\"name\":\"Aluminium-Gem\u00e4lde\",\"item\":\"https:\/\/dev.eliassen.nl\/de\/gemaelde\/aluminium-gemaelde\/\"},{\"@type\":\"ListItem\",\"position\":5,\"name\":\"XXL-Gem\u00e4lde, vierteiliger japanischer Baum aus Aluminium, 120 x 150 cm\"}]},{\"@type\":\"WebSite\",\"@id\":\"https:\/\/dev.eliassen.nl\/de\/#website\",\"url\":\"https:\/\/dev.eliassen.nl\/de\/\",\"name\":\"Eliassen Home & Garden Pleasure\",\"description\":\"\",\"publisher\":{\"@id\":\"https:\/\/dev.eliassen.nl\/de\/#organization\"},\"alternateName\":\"Eliassen.nl\",\"potentialAction\":[{\"@type\":\"SearchAction\",\"target\":{\"@type\":\"EntryPoint\",\"urlTemplate\":\"https:\/\/dev.eliassen.nl\/de\/?s={search_term_string}\"},\"query-input\":{\"@type\":\"PropertyValueSpecification\",\"valueRequired\":true,\"valueName\":\"search_term_string\"}}],\"inLanguage\":\"de\"},{\"@type\":\"Organization\",\"@id\":\"https:\/\/dev.eliassen.nl\/de\/#organization\",\"name\":\"Eliassen Home & Garden Pleasure\",\"url\":\"https:\/\/dev.eliassen.nl\/de\/\",\"logo\":{\"@type\":\"ImageObject\",\"inLanguage\":\"de\",\"@id\":\"https:\/\/dev.eliassen.nl\/de\/#\/schema\/logo\/image\/\",\"url\":\"https:\/\/www.eliassen.nl\/wp-content\/uploads\/2024\/01\/logo_4nd.jpg\",\"contentUrl\":\"https:\/\/www.eliassen.nl\/wp-content\/uploads\/2024\/01\/logo_4nd.jpg\",\"width\":500,\"height\":500,\"caption\":\"Eliassen Home & Garden Pleasure\"},\"image\":{\"@id\":\"https:\/\/dev.eliassen.nl\/de\/#\/schema\/logo\/image\/\"},\"sameAs\":[\"https:\/\/www.facebook.com\/TuincentrumEliassenAmmerzoden\",\"https:\/\/www.instagram.com\/eliassenhomeandgarden\/\",\"https:\/\/nl.pinterest.com\/eliassenhomeandgarden\/\",\"https:\/\/www.youtube.com\/@eliassenhomegardenpleasure4558\"]}]}<\/script>\n<!-- \/ Yoast SEO plugin. -->","yoast_head_json":{"title":"XXL-Gem\u00e4lde-Aluminium-Vierplattenbaum 120x150cm | Eliassen.nl","description":"Das XXL-Aluminiumgem\u00e4lde mit der Darstellung eines Baumes in Schwarz und Wei\u00df ist ein gro\u00dfes modernes Gem\u00e4lde. Dieses vierteilige Gem\u00e4lde ist LIVE in unserem...","robots":{"index":"noindex","follow":"follow","max-snippet":"max-snippet:-1","max-image-preview":"max-image-preview:large","max-video-preview":"max-video-preview:-1"},"og_locale":"de_DE","og_type":"article","og_title":"XXL-Gem\u00e4lde-Aluminium-Vierplattenbaum 120x150cm | Eliassen.nl","og_description":"Das XXL-Aluminiumgem\u00e4lde mit der Darstellung eines Baumes in Schwarz und Wei\u00df ist ein gro\u00dfes modernes Gem\u00e4lde. Dieses vierteilige Gem\u00e4lde ist LIVE in unserem...","og_url":"https:\/\/dev.eliassen.nl\/de\/xxl-gemalde-aluminium-vierplattenbaum-120x150cm\/","og_site_name":"Eliassen.nl","article_publisher":"https:\/\/www.facebook.com\/TuincentrumEliassenAmmerzoden","article_modified_time":"2024-12-05T14:16:06+00:00","og_image":[{"width":1683,"height":1974,"url":"https:\/\/dev.eliassen.nl\/wp-content\/uploads\/2024\/01\/xxlschilderijaluminiumvierluikboom120x150cm.jpg","type":"image\/jpeg"}],"twitter_card":"summary_large_image","schema":{"@context":"https:\/\/schema.org","@graph":[{"@type":"WebPage","@id":"https:\/\/dev.eliassen.nl\/de\/xxl-gemalde-aluminium-vierplattenbaum-120x150cm\/","url":"https:\/\/dev.eliassen.nl\/de\/xxl-gemalde-aluminium-vierplattenbaum-120x150cm\/","name":"XXL-Gem\u00e4lde-Aluminium-Vierplattenbaum 120x150cm | Eliassen.nl","isPartOf":{"@id":"https:\/\/dev.eliassen.nl\/de\/#website"},"primaryImageOfPage":{"@id":"https:\/\/dev.eliassen.nl\/de\/xxl-gemalde-aluminium-vierplattenbaum-120x150cm\/#primaryimage"},"image":{"@id":"https:\/\/dev.eliassen.nl\/de\/xxl-gemalde-aluminium-vierplattenbaum-120x150cm\/#primaryimage"},"thumbnailUrl":"https:\/\/dev.eliassen.nl\/wp-content\/uploads\/2024\/01\/xxlschilderijaluminiumvierluikboom120x150cm.jpg","datePublished":"2019-10-28T16:18:14+00:00","dateModified":"2024-12-05T14:16:06+00:00","description":"Das XXL-Aluminiumgem\u00e4lde mit der Darstellung eines Baumes in Schwarz und Wei\u00df ist ein gro\u00dfes modernes Gem\u00e4lde. Dieses vierteilige Gem\u00e4lde ist LIVE in unserem...","breadcrumb":{"@id":"https:\/\/dev.eliassen.nl\/de\/xxl-gemalde-aluminium-vierplattenbaum-120x150cm\/#breadcrumb"},"inLanguage":"de","potentialAction":[{"@type":"ReadAction","target":["https:\/\/dev.eliassen.nl\/de\/xxl-gemalde-aluminium-vierplattenbaum-120x150cm\/"]}]},{"@type":"ImageObject","inLanguage":"de","@id":"https:\/\/dev.eliassen.nl\/de\/xxl-gemalde-aluminium-vierplattenbaum-120x150cm\/#primaryimage","url":"https:\/\/dev.eliassen.nl\/wp-content\/uploads\/2024\/01\/xxlschilderijaluminiumvierluikboom120x150cm.jpg","contentUrl":"https:\/\/dev.eliassen.nl\/wp-content\/uploads\/2024\/01\/xxlschilderijaluminiumvierluikboom120x150cm.jpg","width":1683,"height":1974,"caption":"XXL Schilderij aluminium vierluik Boom 120x150cm"},{"@type":"BreadcrumbList","@id":"https:\/\/dev.eliassen.nl\/de\/xxl-gemalde-aluminium-vierplattenbaum-120x150cm\/#breadcrumb","itemListElement":[{"@type":"ListItem","position":1,"name":"Home","item":"https:\/\/dev.eliassen.nl\/de\/"},{"@type":"ListItem","position":2,"name":"Shop","item":"https:\/\/dev.eliassen.nl\/nl\/winkel\/"},{"@type":"ListItem","position":3,"name":"Gem\u00e4lde","item":"https:\/\/dev.eliassen.nl\/de\/gemaelde\/"},{"@type":"ListItem","position":4,"name":"Aluminium-Gem\u00e4lde","item":"https:\/\/dev.eliassen.nl\/de\/gemaelde\/aluminium-gemaelde\/"},{"@type":"ListItem","position":5,"name":"XXL-Gem\u00e4lde, vierteiliger japanischer Baum aus Aluminium, 120 x 150 cm"}]},{"@type":"WebSite","@id":"https:\/\/dev.eliassen.nl\/de\/#website","url":"https:\/\/dev.eliassen.nl\/de\/","name":"Eliassen Home & Garden Pleasure","description":"","publisher":{"@id":"https:\/\/dev.eliassen.nl\/de\/#organization"},"alternateName":"Eliassen.nl","potentialAction":[{"@type":"SearchAction","target":{"@type":"EntryPoint","urlTemplate":"https:\/\/dev.eliassen.nl\/de\/?s={search_term_string}"},"query-input":{"@type":"PropertyValueSpecification","valueRequired":true,"valueName":"search_term_string"}}],"inLanguage":"de"},{"@type":"Organization","@id":"https:\/\/dev.eliassen.nl\/de\/#organization","name":"Eliassen Home & Garden Pleasure","url":"https:\/\/dev.eliassen.nl\/de\/","logo":{"@type":"ImageObject","inLanguage":"de","@id":"https:\/\/dev.eliassen.nl\/de\/#\/schema\/logo\/image\/","url":"https:\/\/www.eliassen.nl\/wp-content\/uploads\/2024\/01\/logo_4nd.jpg","contentUrl":"https:\/\/www.eliassen.nl\/wp-content\/uploads\/2024\/01\/logo_4nd.jpg","width":500,"height":500,"caption":"Eliassen Home & Garden Pleasure"},"image":{"@id":"https:\/\/dev.eliassen.nl\/de\/#\/schema\/logo\/image\/"},"sameAs":["https:\/\/www.facebook.com\/TuincentrumEliassenAmmerzoden","https:\/\/www.instagram.com\/eliassenhomeandgarden\/","https:\/\/nl.pinterest.com\/eliassenhomeandgarden\/","https:\/\/www.youtube.com\/@eliassenhomegardenpleasure4558"]}]}},"df_price":123,"df_sale_price":123,"df_regular_price":410,"df_image_link":"https:\/\/dev.eliassen.nl\/wp-content\/uploads\/2024\/01\/xxlschilderijaluminiumvierluikboom120x150cm.jpg","image":"https:\/\/dev.eliassen.nl\/wp-content\/uploads\/2024\/01\/xxlschilderijaluminiumvierluikboom120x150cm.jpg","price_search":"<span class=\"woocommerce-Price-amount amount\"><bdi><span class=\"woocommerce-Price-currencySymbol\">&euro;<\/span>&nbsp;123,00<\/bdi><\/span>","category":"Aluminium-Gem\u00e4lde","_links":{"self":[{"href":"https:\/\/dev.eliassen.nl\/de\/wp-json\/wp\/v2\/product\/11539","targetHints":{"allow":["GET"]}}],"collection":[{"href":"https:\/\/dev.eliassen.nl\/de\/wp-json\/wp\/v2\/product"}],"about":[{"href":"https:\/\/dev.eliassen.nl\/de\/wp-json\/wp\/v2\/types\/product"}],"wp:featuredmedia":[{"embeddable":true,"href":"https:\/\/dev.eliassen.nl\/de\/wp-json\/wp\/v2\/media\/11536"}],"wp:attachment":[{"href":"https:\/\/dev.eliassen.nl\/de\/wp-json\/wp\/v2\/media?parent=11539"}],"wp:term":[{"taxonomy":"product_brand","embeddable":true,"href":"https:\/\/dev.eliassen.nl\/de\/wp-json\/wp\/v2\/product_brand?post=11539"},{"taxonomy":"product_cat","embeddable":true,"href":"https:\/\/dev.eliassen.nl\/de\/wp-json\/wp\/v2\/product_cat?post=11539"},{"taxonomy":"product_tag","embeddable":true,"href":"https:\/\/dev.eliassen.nl\/de\/wp-json\/wp\/v2\/product_tag?post=11539"}],"curies":[{"name":"wp","href":"https:\/\/api.w.org\/{rel}","templated":true}]}}