{"id":11569,"date":"2019-10-28T17:18:22","date_gmt":"2019-10-28T16:18:22","guid":{"rendered":"https:\/\/www.eliassen.nl\/?product=bemalen-von-aluminium-elefanten-70x140cm-copy"},"modified":"2024-12-05T15:16:13","modified_gmt":"2024-12-05T14:16:13","slug":"gemalde-abstrakte-rote-linien-aus-aluminium-80x120cm","status":"publish","type":"product","link":"https:\/\/dev.eliassen.nl\/de\/gemalde-abstrakte-rote-linien-aus-aluminium-80x120cm\/","title":{"rendered":"Gem\u00e4lde abstrakte rote Linien aus Aluminium 80x120cm"},"content":{"rendered":"<p>M\u00f6chten Sie ein besonders abstraktes Aluminiumgem\u00e4lde in v\u00f6llig einzigartiger Optik an die Wand h\u00e4ngen? Dann sollten Sie sich dieses hochmoderne Aluminiumgem\u00e4lde der exklusiven Marke ArtEl auf keinen Fall entgehen lassen. Komplett von Hand gefertigt. Durch die aufwendigen manuellen Schleif- und Polierarbeiten an einer Aluminiumplatte entsteht in Kombination mit den gew\u00e4hlten leuchtenden Farben eine hochmoderne und zeitgem\u00e4\u00dfe Wanddekoration f\u00fcr Ihr Arbeits- und Wohnambiente. Dieses Gem\u00e4lde ist fast 3 cm dick, die R\u00fcckseite ist wundersch\u00f6n mit schwarzem Samt versehen und hat Haken.<\/p>\n<p>Abstrakte Kunst wird vom K\u00fcnstler Michel Seuphor als \u201eKunst beschrieben, die zu Recht nur unter dem Gesichtspunkt der Harmonie, Komposition, Ordnung \u2013 oder Disharmonie, Zersetzung, zuf\u00e4lligen Unordnung\u201c beurteilt werden sollte. Unser handgefertigtes Gem\u00e4lde \u201eAbstract Aluminium Red Lines\u201c ist ein gutes Beispiel daf\u00fcr. Die Formen und Farben, die durch das manuelle Schleifen und Polieren einer Aluminiumplatte noch st\u00e4rker zur Geltung kommen, k\u00f6nnen auf vielf\u00e4ltige Weise interpretiert werden.<\/p>\n<p>\u00a0<\/p>\n<ul>\n<li>St\u00fcckgr\u00f6\u00dfe 120 x 80 cm hoch<\/li>\n<li>Dicke 2,7 cm<\/li>\n<li>Zeitgem\u00e4\u00dfes und exklusives Erscheinungsbild<\/li>\n<li>Inklusive H\u00e4ngematerial und H\u00e4ngebeschreibung<\/li>\n<li>Nicht f\u00fcr den Au\u00dfenbereich geeignet<\/li>\n<li>Schneller Versand in stabiler Box<\/li>\n<li>Sehr kleine Auflage<\/li>\n<\/ul>\n","protected":false},"excerpt":{"rendered":"<p>M\u00f6chten Sie ein besonders abstraktes Aluminiumgem\u00e4lde in v\u00f6llig einzigartiger Optik an die Wand h\u00e4ngen? Dann sollten Sie sich dieses hochmoderne Aluminiumgem\u00e4lde der exklusiven Marke ArtEl auf keinen Fall entgehen lassen. Komplett von Hand gefertigt. Durch die aufwendigen manuellen Schleif- und Polierarbeiten an einer Aluminiumplatte entsteht in Kombination mit den gew\u00e4hlten leuchtenden Farben eine hochmoderne und &hellip;<\/p>\n","protected":false},"featured_media":11566,"template":"","meta":{"_acf_changed":false},"product_brand":[],"product_cat":[416,410,413],"product_tag":[],"class_list":{"0":"post-11569","1":"product","2":"type-product","3":"status-publish","4":"has-post-thumbnail","6":"product_cat-aluminium-gemaelde","7":"product_cat-gemaelde","8":"product_cat-gemaelde-outlet","10":"first","11":"instock","12":"sale","13":"taxable","14":"shipping-taxable","15":"purchasable","16":"product-type-simple"},"acf":[],"yoast_head":"<!-- This site is optimized with the Yoast SEO plugin v23.8 - https:\/\/yoast.com\/wordpress\/plugins\/seo\/ -->\n<title>Gem\u00e4lde abstraktes Aluminium Rote Linien 80x120cm | Eliassen<\/title>\n<meta name=\"description\" content=\"Bei Eliassen k\u00f6nnen Sie das Gem\u00e4lde \u201eAbstraktes Aluminium mit roten Linien 80 x 120 cm\u201c online kaufen oder es live im Ausstellungsraum ansehen. Bestellen Sie...\" \/>\n<meta name=\"robots\" content=\"noindex, follow, max-snippet:-1, max-image-preview:large, max-video-preview:-1\" \/>\n<meta property=\"og:locale\" content=\"de_DE\" \/>\n<meta property=\"og:type\" content=\"article\" \/>\n<meta property=\"og:title\" content=\"Gem\u00e4lde abstraktes Aluminium Rote Linien 80x120cm | Eliassen\" \/>\n<meta property=\"og:description\" content=\"Bei Eliassen k\u00f6nnen Sie das Gem\u00e4lde \u201eAbstraktes Aluminium mit roten Linien 80 x 120 cm\u201c online kaufen oder es live im Ausstellungsraum ansehen. Bestellen Sie...\" \/>\n<meta property=\"og:url\" content=\"https:\/\/dev.eliassen.nl\/de\/gemalde-abstrakte-rote-linien-aus-aluminium-80x120cm\/\" \/>\n<meta property=\"og:site_name\" content=\"Eliassen.nl\" \/>\n<meta property=\"article:publisher\" content=\"https:\/\/www.facebook.com\/TuincentrumEliassenAmmerzoden\" \/>\n<meta property=\"article:modified_time\" content=\"2024-12-05T14:16:13+00:00\" \/>\n<meta property=\"og:image\" content=\"https:\/\/dev.eliassen.nl\/wp-content\/uploads\/2024\/01\/schilderijabstractaluminiumrodelijnen.jpg\" \/>\n\t<meta property=\"og:image:width\" content=\"2047\" \/>\n\t<meta property=\"og:image:height\" content=\"1384\" \/>\n\t<meta property=\"og:image:type\" content=\"image\/jpeg\" \/>\n<meta name=\"twitter:card\" content=\"summary_large_image\" \/>\n<script type=\"application\/ld+json\" class=\"yoast-schema-graph\">{\"@context\":\"https:\/\/schema.org\",\"@graph\":[{\"@type\":\"WebPage\",\"@id\":\"https:\/\/dev.eliassen.nl\/de\/gemalde-abstrakte-rote-linien-aus-aluminium-80x120cm\/\",\"url\":\"https:\/\/dev.eliassen.nl\/de\/gemalde-abstrakte-rote-linien-aus-aluminium-80x120cm\/\",\"name\":\"Gem\u00e4lde abstraktes Aluminium Rote Linien 80x120cm | Eliassen\",\"isPartOf\":{\"@id\":\"https:\/\/dev.eliassen.nl\/de\/#website\"},\"primaryImageOfPage\":{\"@id\":\"https:\/\/dev.eliassen.nl\/de\/gemalde-abstrakte-rote-linien-aus-aluminium-80x120cm\/#primaryimage\"},\"image\":{\"@id\":\"https:\/\/dev.eliassen.nl\/de\/gemalde-abstrakte-rote-linien-aus-aluminium-80x120cm\/#primaryimage\"},\"thumbnailUrl\":\"https:\/\/dev.eliassen.nl\/wp-content\/uploads\/2024\/01\/schilderijabstractaluminiumrodelijnen.jpg\",\"datePublished\":\"2019-10-28T16:18:22+00:00\",\"dateModified\":\"2024-12-05T14:16:13+00:00\",\"description\":\"Bei Eliassen k\u00f6nnen Sie das Gem\u00e4lde \u201eAbstraktes Aluminium mit roten Linien 80 x 120 cm\u201c online kaufen oder es live im Ausstellungsraum ansehen. Bestellen Sie...\",\"breadcrumb\":{\"@id\":\"https:\/\/dev.eliassen.nl\/de\/gemalde-abstrakte-rote-linien-aus-aluminium-80x120cm\/#breadcrumb\"},\"inLanguage\":\"de\",\"potentialAction\":[{\"@type\":\"ReadAction\",\"target\":[\"https:\/\/dev.eliassen.nl\/de\/gemalde-abstrakte-rote-linien-aus-aluminium-80x120cm\/\"]}]},{\"@type\":\"ImageObject\",\"inLanguage\":\"de\",\"@id\":\"https:\/\/dev.eliassen.nl\/de\/gemalde-abstrakte-rote-linien-aus-aluminium-80x120cm\/#primaryimage\",\"url\":\"https:\/\/dev.eliassen.nl\/wp-content\/uploads\/2024\/01\/schilderijabstractaluminiumrodelijnen.jpg\",\"contentUrl\":\"https:\/\/dev.eliassen.nl\/wp-content\/uploads\/2024\/01\/schilderijabstractaluminiumrodelijnen.jpg\",\"width\":2047,\"height\":1384,\"caption\":\"Schilderij abstract aluminium Rode lijnen\"},{\"@type\":\"BreadcrumbList\",\"@id\":\"https:\/\/dev.eliassen.nl\/de\/gemalde-abstrakte-rote-linien-aus-aluminium-80x120cm\/#breadcrumb\",\"itemListElement\":[{\"@type\":\"ListItem\",\"position\":1,\"name\":\"Home\",\"item\":\"https:\/\/dev.eliassen.nl\/de\/\"},{\"@type\":\"ListItem\",\"position\":2,\"name\":\"Shop\",\"item\":\"https:\/\/dev.eliassen.nl\/nl\/winkel\/\"},{\"@type\":\"ListItem\",\"position\":3,\"name\":\"Gem\u00e4lde\",\"item\":\"https:\/\/dev.eliassen.nl\/de\/gemaelde\/\"},{\"@type\":\"ListItem\",\"position\":4,\"name\":\"Aluminium-Gem\u00e4lde\",\"item\":\"https:\/\/dev.eliassen.nl\/de\/gemaelde\/aluminium-gemaelde\/\"},{\"@type\":\"ListItem\",\"position\":5,\"name\":\"Gem\u00e4lde abstrakte rote Linien aus Aluminium 80x120cm\"}]},{\"@type\":\"WebSite\",\"@id\":\"https:\/\/dev.eliassen.nl\/de\/#website\",\"url\":\"https:\/\/dev.eliassen.nl\/de\/\",\"name\":\"Eliassen Home & Garden Pleasure\",\"description\":\"\",\"publisher\":{\"@id\":\"https:\/\/dev.eliassen.nl\/de\/#organization\"},\"alternateName\":\"Eliassen.nl\",\"potentialAction\":[{\"@type\":\"SearchAction\",\"target\":{\"@type\":\"EntryPoint\",\"urlTemplate\":\"https:\/\/dev.eliassen.nl\/de\/?s={search_term_string}\"},\"query-input\":{\"@type\":\"PropertyValueSpecification\",\"valueRequired\":true,\"valueName\":\"search_term_string\"}}],\"inLanguage\":\"de\"},{\"@type\":\"Organization\",\"@id\":\"https:\/\/dev.eliassen.nl\/de\/#organization\",\"name\":\"Eliassen Home & Garden Pleasure\",\"url\":\"https:\/\/dev.eliassen.nl\/de\/\",\"logo\":{\"@type\":\"ImageObject\",\"inLanguage\":\"de\",\"@id\":\"https:\/\/dev.eliassen.nl\/de\/#\/schema\/logo\/image\/\",\"url\":\"https:\/\/www.eliassen.nl\/wp-content\/uploads\/2024\/01\/logo_4nd.jpg\",\"contentUrl\":\"https:\/\/www.eliassen.nl\/wp-content\/uploads\/2024\/01\/logo_4nd.jpg\",\"width\":500,\"height\":500,\"caption\":\"Eliassen Home & Garden Pleasure\"},\"image\":{\"@id\":\"https:\/\/dev.eliassen.nl\/de\/#\/schema\/logo\/image\/\"},\"sameAs\":[\"https:\/\/www.facebook.com\/TuincentrumEliassenAmmerzoden\",\"https:\/\/www.instagram.com\/eliassenhomeandgarden\/\",\"https:\/\/nl.pinterest.com\/eliassenhomeandgarden\/\",\"https:\/\/www.youtube.com\/@eliassenhomegardenpleasure4558\"]}]}<\/script>\n<!-- \/ Yoast SEO plugin. -->","yoast_head_json":{"title":"Gem\u00e4lde abstraktes Aluminium Rote Linien 80x120cm | Eliassen","description":"Bei Eliassen k\u00f6nnen Sie das Gem\u00e4lde \u201eAbstraktes Aluminium mit roten Linien 80 x 120 cm\u201c online kaufen oder es live im Ausstellungsraum ansehen. Bestellen Sie...","robots":{"index":"noindex","follow":"follow","max-snippet":"max-snippet:-1","max-image-preview":"max-image-preview:large","max-video-preview":"max-video-preview:-1"},"og_locale":"de_DE","og_type":"article","og_title":"Gem\u00e4lde abstraktes Aluminium Rote Linien 80x120cm | Eliassen","og_description":"Bei Eliassen k\u00f6nnen Sie das Gem\u00e4lde \u201eAbstraktes Aluminium mit roten Linien 80 x 120 cm\u201c online kaufen oder es live im Ausstellungsraum ansehen. Bestellen Sie...","og_url":"https:\/\/dev.eliassen.nl\/de\/gemalde-abstrakte-rote-linien-aus-aluminium-80x120cm\/","og_site_name":"Eliassen.nl","article_publisher":"https:\/\/www.facebook.com\/TuincentrumEliassenAmmerzoden","article_modified_time":"2024-12-05T14:16:13+00:00","og_image":[{"width":2047,"height":1384,"url":"https:\/\/dev.eliassen.nl\/wp-content\/uploads\/2024\/01\/schilderijabstractaluminiumrodelijnen.jpg","type":"image\/jpeg"}],"twitter_card":"summary_large_image","schema":{"@context":"https:\/\/schema.org","@graph":[{"@type":"WebPage","@id":"https:\/\/dev.eliassen.nl\/de\/gemalde-abstrakte-rote-linien-aus-aluminium-80x120cm\/","url":"https:\/\/dev.eliassen.nl\/de\/gemalde-abstrakte-rote-linien-aus-aluminium-80x120cm\/","name":"Gem\u00e4lde abstraktes Aluminium Rote Linien 80x120cm | Eliassen","isPartOf":{"@id":"https:\/\/dev.eliassen.nl\/de\/#website"},"primaryImageOfPage":{"@id":"https:\/\/dev.eliassen.nl\/de\/gemalde-abstrakte-rote-linien-aus-aluminium-80x120cm\/#primaryimage"},"image":{"@id":"https:\/\/dev.eliassen.nl\/de\/gemalde-abstrakte-rote-linien-aus-aluminium-80x120cm\/#primaryimage"},"thumbnailUrl":"https:\/\/dev.eliassen.nl\/wp-content\/uploads\/2024\/01\/schilderijabstractaluminiumrodelijnen.jpg","datePublished":"2019-10-28T16:18:22+00:00","dateModified":"2024-12-05T14:16:13+00:00","description":"Bei Eliassen k\u00f6nnen Sie das Gem\u00e4lde \u201eAbstraktes Aluminium mit roten Linien 80 x 120 cm\u201c online kaufen oder es live im Ausstellungsraum ansehen. Bestellen Sie...","breadcrumb":{"@id":"https:\/\/dev.eliassen.nl\/de\/gemalde-abstrakte-rote-linien-aus-aluminium-80x120cm\/#breadcrumb"},"inLanguage":"de","potentialAction":[{"@type":"ReadAction","target":["https:\/\/dev.eliassen.nl\/de\/gemalde-abstrakte-rote-linien-aus-aluminium-80x120cm\/"]}]},{"@type":"ImageObject","inLanguage":"de","@id":"https:\/\/dev.eliassen.nl\/de\/gemalde-abstrakte-rote-linien-aus-aluminium-80x120cm\/#primaryimage","url":"https:\/\/dev.eliassen.nl\/wp-content\/uploads\/2024\/01\/schilderijabstractaluminiumrodelijnen.jpg","contentUrl":"https:\/\/dev.eliassen.nl\/wp-content\/uploads\/2024\/01\/schilderijabstractaluminiumrodelijnen.jpg","width":2047,"height":1384,"caption":"Schilderij abstract aluminium Rode lijnen"},{"@type":"BreadcrumbList","@id":"https:\/\/dev.eliassen.nl\/de\/gemalde-abstrakte-rote-linien-aus-aluminium-80x120cm\/#breadcrumb","itemListElement":[{"@type":"ListItem","position":1,"name":"Home","item":"https:\/\/dev.eliassen.nl\/de\/"},{"@type":"ListItem","position":2,"name":"Shop","item":"https:\/\/dev.eliassen.nl\/nl\/winkel\/"},{"@type":"ListItem","position":3,"name":"Gem\u00e4lde","item":"https:\/\/dev.eliassen.nl\/de\/gemaelde\/"},{"@type":"ListItem","position":4,"name":"Aluminium-Gem\u00e4lde","item":"https:\/\/dev.eliassen.nl\/de\/gemaelde\/aluminium-gemaelde\/"},{"@type":"ListItem","position":5,"name":"Gem\u00e4lde abstrakte rote Linien aus Aluminium 80x120cm"}]},{"@type":"WebSite","@id":"https:\/\/dev.eliassen.nl\/de\/#website","url":"https:\/\/dev.eliassen.nl\/de\/","name":"Eliassen Home & Garden Pleasure","description":"","publisher":{"@id":"https:\/\/dev.eliassen.nl\/de\/#organization"},"alternateName":"Eliassen.nl","potentialAction":[{"@type":"SearchAction","target":{"@type":"EntryPoint","urlTemplate":"https:\/\/dev.eliassen.nl\/de\/?s={search_term_string}"},"query-input":{"@type":"PropertyValueSpecification","valueRequired":true,"valueName":"search_term_string"}}],"inLanguage":"de"},{"@type":"Organization","@id":"https:\/\/dev.eliassen.nl\/de\/#organization","name":"Eliassen Home & Garden Pleasure","url":"https:\/\/dev.eliassen.nl\/de\/","logo":{"@type":"ImageObject","inLanguage":"de","@id":"https:\/\/dev.eliassen.nl\/de\/#\/schema\/logo\/image\/","url":"https:\/\/www.eliassen.nl\/wp-content\/uploads\/2024\/01\/logo_4nd.jpg","contentUrl":"https:\/\/www.eliassen.nl\/wp-content\/uploads\/2024\/01\/logo_4nd.jpg","width":500,"height":500,"caption":"Eliassen Home & Garden Pleasure"},"image":{"@id":"https:\/\/dev.eliassen.nl\/de\/#\/schema\/logo\/image\/"},"sameAs":["https:\/\/www.facebook.com\/TuincentrumEliassenAmmerzoden","https:\/\/www.instagram.com\/eliassenhomeandgarden\/","https:\/\/nl.pinterest.com\/eliassenhomeandgarden\/","https:\/\/www.youtube.com\/@eliassenhomegardenpleasure4558"]}]}},"df_price":119.4,"df_sale_price":119.4,"df_regular_price":199,"df_image_link":"https:\/\/dev.eliassen.nl\/wp-content\/uploads\/2024\/01\/schilderijabstractaluminiumrodelijnen.jpg","image":"https:\/\/dev.eliassen.nl\/wp-content\/uploads\/2024\/01\/schilderijabstractaluminiumrodelijnen.jpg","price_search":"<span class=\"woocommerce-Price-amount amount\"><bdi><span class=\"woocommerce-Price-currencySymbol\">&euro;<\/span>&nbsp;119,40<\/bdi><\/span>","category":"Aluminium-Gem\u00e4lde","_links":{"self":[{"href":"https:\/\/dev.eliassen.nl\/de\/wp-json\/wp\/v2\/product\/11569","targetHints":{"allow":["GET"]}}],"collection":[{"href":"https:\/\/dev.eliassen.nl\/de\/wp-json\/wp\/v2\/product"}],"about":[{"href":"https:\/\/dev.eliassen.nl\/de\/wp-json\/wp\/v2\/types\/product"}],"wp:featuredmedia":[{"embeddable":true,"href":"https:\/\/dev.eliassen.nl\/de\/wp-json\/wp\/v2\/media\/11566"}],"wp:attachment":[{"href":"https:\/\/dev.eliassen.nl\/de\/wp-json\/wp\/v2\/media?parent=11569"}],"wp:term":[{"taxonomy":"product_brand","embeddable":true,"href":"https:\/\/dev.eliassen.nl\/de\/wp-json\/wp\/v2\/product_brand?post=11569"},{"taxonomy":"product_cat","embeddable":true,"href":"https:\/\/dev.eliassen.nl\/de\/wp-json\/wp\/v2\/product_cat?post=11569"},{"taxonomy":"product_tag","embeddable":true,"href":"https:\/\/dev.eliassen.nl\/de\/wp-json\/wp\/v2\/product_tag?post=11569"}],"curies":[{"name":"wp","href":"https:\/\/api.w.org\/{rel}","templated":true}]}}