{"id":12175,"date":"2019-10-28T17:25:21","date_gmt":"2019-10-28T16:25:21","guid":{"rendered":"https:\/\/www.eliassen.nl\/?product=wanduhr-68cm-bad-copy"},"modified":"2024-12-05T15:17:18","modified_gmt":"2024-12-05T14:17:18","slug":"58cm-wanduhr-werfen","status":"publish","type":"product","link":"https:\/\/dev.eliassen.nl\/de\/58cm-wanduhr-werfen\/","title":{"rendered":"58cm Wanduhr werfen"},"content":{"rendered":"<h1>Wanduhr werfen<\/h1>\n<p>Traditionell m\u00f6chten die Leute wissen, wie sp\u00e4t es ist. In der Vergangenheit war eine Uhr unverzichtbar, um zu sehen, zu welchem Zeitpunkt die Menschen lebten. Heutzutage ist die Uhr immer noch ein n\u00fctzlicher Gebrauchsgegenstand, wird jedoch zunehmend als sch\u00f6nes Wanddekorationsartikel gekauft. Diese gro\u00dfe Wanduhr ist komplett aus Metall gefertigt und verf\u00fcgt \u00fcber ein Quarzwerk, das jahrelang mit einer guten AA-Batterie betrieben wird und nur f\u00fcr den Innenbereich geeignet ist.<\/p>\n<p><strong>Sie k\u00f6nnen diese Uhr auch in unserem Laden besichtigen. Wir haben auch fast die gesamte Uhrenserie in unserem Laden pr\u00e4sentiert!<\/strong><\/p>\n<p><em>Technische spezifikation:<\/em><\/p>\n<ul>\n<li>Garantie: 2 Jahre<\/li>\n<li>Abmessungen: 58&#215;5 cm<\/li>\n<li>Material: Metall &#8211; Holz<\/li>\n<li>Zifferblattfarbe: T\u00fcnche<\/li>\n<li>Zeigefarbe: schwarz<\/li>\n<li>Leistung: 1x AA Batterie<\/li>\n<li>Einfach mit einer Schraube aufzuh\u00e4ngen<\/li>\n<li>Verpackt in einer stabilen Box.<\/li>\n<\/ul>\n","protected":false},"excerpt":{"rendered":"<p>Wanduhr werfen Traditionell m\u00f6chten die Leute wissen, wie sp\u00e4t es ist. In der Vergangenheit war eine Uhr unverzichtbar, um zu sehen, zu welchem Zeitpunkt die Menschen lebten. Heutzutage ist die Uhr immer noch ein n\u00fctzlicher Gebrauchsgegenstand, wird jedoch zunehmend als sch\u00f6nes Wanddekorationsartikel gekauft. Diese gro\u00dfe Wanduhr ist komplett aus Metall gefertigt und verf\u00fcgt \u00fcber ein &hellip;<\/p>\n","protected":false},"featured_media":12172,"template":"","meta":{"_acf_changed":false},"product_brand":[6916],"product_cat":[509,521],"product_tag":[],"class_list":{"0":"post-12175","1":"product","2":"type-product","3":"status-publish","4":"has-post-thumbnail","6":"product_brand-eliassen-de","7":"product_cat-wanddekoration","8":"product_cat-wanduhren","10":"first","11":"instock","12":"sale","13":"taxable","14":"shipping-taxable","15":"purchasable","16":"product-type-simple"},"acf":[],"yoast_head":"<!-- This site is optimized with the Yoast SEO plugin v23.8 - https:\/\/yoast.com\/wordpress\/plugins\/seo\/ -->\n<title>Wanduhr 68cm Bad aus Metall - Eliassen.nl<\/title>\n<meta name=\"description\" content=\"Wanduhr 68cm Bad aus Metall ist mit einem Quarzwerk ausgestattet, das seit Jahren an einer guten AA-Batterie l\u00e4uft. Diese Wanddekoration ist nur f\u00fcr den Inne...\" \/>\n<meta name=\"robots\" content=\"noindex, follow, max-snippet:-1, max-image-preview:large, max-video-preview:-1\" \/>\n<meta property=\"og:locale\" content=\"de_DE\" \/>\n<meta property=\"og:type\" content=\"article\" \/>\n<meta property=\"og:title\" content=\"Wanduhr 68cm Bad aus Metall - Eliassen.nl\" \/>\n<meta property=\"og:description\" content=\"Wanduhr 68cm Bad aus Metall ist mit einem Quarzwerk ausgestattet, das seit Jahren an einer guten AA-Batterie l\u00e4uft. Diese Wanddekoration ist nur f\u00fcr den Inne...\" \/>\n<meta property=\"og:url\" content=\"https:\/\/dev.eliassen.nl\/de\/58cm-wanduhr-werfen\/\" \/>\n<meta property=\"og:site_name\" content=\"Eliassen.nl\" \/>\n<meta property=\"article:publisher\" content=\"https:\/\/www.facebook.com\/TuincentrumEliassenAmmerzoden\" \/>\n<meta property=\"article:modified_time\" content=\"2024-12-05T14:17:18+00:00\" \/>\n<meta property=\"og:image\" content=\"https:\/\/dev.eliassen.nl\/wp-content\/uploads\/2024\/01\/1053.jpg\" \/>\n\t<meta property=\"og:image:width\" content=\"1204\" \/>\n\t<meta property=\"og:image:height\" content=\"1157\" \/>\n\t<meta property=\"og:image:type\" content=\"image\/jpeg\" \/>\n<meta name=\"twitter:card\" content=\"summary_large_image\" \/>\n<script type=\"application\/ld+json\" class=\"yoast-schema-graph\">{\"@context\":\"https:\/\/schema.org\",\"@graph\":[{\"@type\":\"WebPage\",\"@id\":\"https:\/\/dev.eliassen.nl\/de\/58cm-wanduhr-werfen\/\",\"url\":\"https:\/\/dev.eliassen.nl\/de\/58cm-wanduhr-werfen\/\",\"name\":\"Wanduhr 68cm Bad aus Metall - Eliassen.nl\",\"isPartOf\":{\"@id\":\"https:\/\/dev.eliassen.nl\/de\/#website\"},\"primaryImageOfPage\":{\"@id\":\"https:\/\/dev.eliassen.nl\/de\/58cm-wanduhr-werfen\/#primaryimage\"},\"image\":{\"@id\":\"https:\/\/dev.eliassen.nl\/de\/58cm-wanduhr-werfen\/#primaryimage\"},\"thumbnailUrl\":\"https:\/\/dev.eliassen.nl\/wp-content\/uploads\/2024\/01\/1053.jpg\",\"datePublished\":\"2019-10-28T16:25:21+00:00\",\"dateModified\":\"2024-12-05T14:17:18+00:00\",\"description\":\"Wanduhr 68cm Bad aus Metall ist mit einem Quarzwerk ausgestattet, das seit Jahren an einer guten AA-Batterie l\u00e4uft. Diese Wanddekoration ist nur f\u00fcr den Inne...\",\"breadcrumb\":{\"@id\":\"https:\/\/dev.eliassen.nl\/de\/58cm-wanduhr-werfen\/#breadcrumb\"},\"inLanguage\":\"de\",\"potentialAction\":[{\"@type\":\"ReadAction\",\"target\":[\"https:\/\/dev.eliassen.nl\/de\/58cm-wanduhr-werfen\/\"]}]},{\"@type\":\"ImageObject\",\"inLanguage\":\"de\",\"@id\":\"https:\/\/dev.eliassen.nl\/de\/58cm-wanduhr-werfen\/#primaryimage\",\"url\":\"https:\/\/dev.eliassen.nl\/wp-content\/uploads\/2024\/01\/1053.jpg\",\"contentUrl\":\"https:\/\/dev.eliassen.nl\/wp-content\/uploads\/2024\/01\/1053.jpg\",\"width\":1204,\"height\":1157,\"caption\":\"1053\"},{\"@type\":\"BreadcrumbList\",\"@id\":\"https:\/\/dev.eliassen.nl\/de\/58cm-wanduhr-werfen\/#breadcrumb\",\"itemListElement\":[{\"@type\":\"ListItem\",\"position\":1,\"name\":\"Home\",\"item\":\"https:\/\/dev.eliassen.nl\/de\/\"},{\"@type\":\"ListItem\",\"position\":2,\"name\":\"Shop\",\"item\":\"https:\/\/dev.eliassen.nl\/nl\/winkel\/\"},{\"@type\":\"ListItem\",\"position\":3,\"name\":\"Wanddekoration\",\"item\":\"https:\/\/dev.eliassen.nl\/de\/wanddekoration\/\"},{\"@type\":\"ListItem\",\"position\":4,\"name\":\"Wanduhren\",\"item\":\"https:\/\/dev.eliassen.nl\/de\/wanddekoration\/wanduhren\/\"},{\"@type\":\"ListItem\",\"position\":5,\"name\":\"58cm Wanduhr werfen\"}]},{\"@type\":\"WebSite\",\"@id\":\"https:\/\/dev.eliassen.nl\/de\/#website\",\"url\":\"https:\/\/dev.eliassen.nl\/de\/\",\"name\":\"Eliassen Home & Garden Pleasure\",\"description\":\"\",\"publisher\":{\"@id\":\"https:\/\/dev.eliassen.nl\/de\/#organization\"},\"alternateName\":\"Eliassen.nl\",\"potentialAction\":[{\"@type\":\"SearchAction\",\"target\":{\"@type\":\"EntryPoint\",\"urlTemplate\":\"https:\/\/dev.eliassen.nl\/de\/?s={search_term_string}\"},\"query-input\":{\"@type\":\"PropertyValueSpecification\",\"valueRequired\":true,\"valueName\":\"search_term_string\"}}],\"inLanguage\":\"de\"},{\"@type\":\"Organization\",\"@id\":\"https:\/\/dev.eliassen.nl\/de\/#organization\",\"name\":\"Eliassen Home & Garden Pleasure\",\"url\":\"https:\/\/dev.eliassen.nl\/de\/\",\"logo\":{\"@type\":\"ImageObject\",\"inLanguage\":\"de\",\"@id\":\"https:\/\/dev.eliassen.nl\/de\/#\/schema\/logo\/image\/\",\"url\":\"https:\/\/www.eliassen.nl\/wp-content\/uploads\/2024\/01\/logo_4nd.jpg\",\"contentUrl\":\"https:\/\/www.eliassen.nl\/wp-content\/uploads\/2024\/01\/logo_4nd.jpg\",\"width\":500,\"height\":500,\"caption\":\"Eliassen Home & Garden Pleasure\"},\"image\":{\"@id\":\"https:\/\/dev.eliassen.nl\/de\/#\/schema\/logo\/image\/\"},\"sameAs\":[\"https:\/\/www.facebook.com\/TuincentrumEliassenAmmerzoden\",\"https:\/\/www.instagram.com\/eliassenhomeandgarden\/\",\"https:\/\/nl.pinterest.com\/eliassenhomeandgarden\/\",\"https:\/\/www.youtube.com\/@eliassenhomegardenpleasure4558\"]}]}<\/script>\n<!-- \/ Yoast SEO plugin. -->","yoast_head_json":{"title":"Wanduhr 68cm Bad aus Metall - Eliassen.nl","description":"Wanduhr 68cm Bad aus Metall ist mit einem Quarzwerk ausgestattet, das seit Jahren an einer guten AA-Batterie l\u00e4uft. Diese Wanddekoration ist nur f\u00fcr den Inne...","robots":{"index":"noindex","follow":"follow","max-snippet":"max-snippet:-1","max-image-preview":"max-image-preview:large","max-video-preview":"max-video-preview:-1"},"og_locale":"de_DE","og_type":"article","og_title":"Wanduhr 68cm Bad aus Metall - Eliassen.nl","og_description":"Wanduhr 68cm Bad aus Metall ist mit einem Quarzwerk ausgestattet, das seit Jahren an einer guten AA-Batterie l\u00e4uft. Diese Wanddekoration ist nur f\u00fcr den Inne...","og_url":"https:\/\/dev.eliassen.nl\/de\/58cm-wanduhr-werfen\/","og_site_name":"Eliassen.nl","article_publisher":"https:\/\/www.facebook.com\/TuincentrumEliassenAmmerzoden","article_modified_time":"2024-12-05T14:17:18+00:00","og_image":[{"width":1204,"height":1157,"url":"https:\/\/dev.eliassen.nl\/wp-content\/uploads\/2024\/01\/1053.jpg","type":"image\/jpeg"}],"twitter_card":"summary_large_image","schema":{"@context":"https:\/\/schema.org","@graph":[{"@type":"WebPage","@id":"https:\/\/dev.eliassen.nl\/de\/58cm-wanduhr-werfen\/","url":"https:\/\/dev.eliassen.nl\/de\/58cm-wanduhr-werfen\/","name":"Wanduhr 68cm Bad aus Metall - Eliassen.nl","isPartOf":{"@id":"https:\/\/dev.eliassen.nl\/de\/#website"},"primaryImageOfPage":{"@id":"https:\/\/dev.eliassen.nl\/de\/58cm-wanduhr-werfen\/#primaryimage"},"image":{"@id":"https:\/\/dev.eliassen.nl\/de\/58cm-wanduhr-werfen\/#primaryimage"},"thumbnailUrl":"https:\/\/dev.eliassen.nl\/wp-content\/uploads\/2024\/01\/1053.jpg","datePublished":"2019-10-28T16:25:21+00:00","dateModified":"2024-12-05T14:17:18+00:00","description":"Wanduhr 68cm Bad aus Metall ist mit einem Quarzwerk ausgestattet, das seit Jahren an einer guten AA-Batterie l\u00e4uft. Diese Wanddekoration ist nur f\u00fcr den Inne...","breadcrumb":{"@id":"https:\/\/dev.eliassen.nl\/de\/58cm-wanduhr-werfen\/#breadcrumb"},"inLanguage":"de","potentialAction":[{"@type":"ReadAction","target":["https:\/\/dev.eliassen.nl\/de\/58cm-wanduhr-werfen\/"]}]},{"@type":"ImageObject","inLanguage":"de","@id":"https:\/\/dev.eliassen.nl\/de\/58cm-wanduhr-werfen\/#primaryimage","url":"https:\/\/dev.eliassen.nl\/wp-content\/uploads\/2024\/01\/1053.jpg","contentUrl":"https:\/\/dev.eliassen.nl\/wp-content\/uploads\/2024\/01\/1053.jpg","width":1204,"height":1157,"caption":"1053"},{"@type":"BreadcrumbList","@id":"https:\/\/dev.eliassen.nl\/de\/58cm-wanduhr-werfen\/#breadcrumb","itemListElement":[{"@type":"ListItem","position":1,"name":"Home","item":"https:\/\/dev.eliassen.nl\/de\/"},{"@type":"ListItem","position":2,"name":"Shop","item":"https:\/\/dev.eliassen.nl\/nl\/winkel\/"},{"@type":"ListItem","position":3,"name":"Wanddekoration","item":"https:\/\/dev.eliassen.nl\/de\/wanddekoration\/"},{"@type":"ListItem","position":4,"name":"Wanduhren","item":"https:\/\/dev.eliassen.nl\/de\/wanddekoration\/wanduhren\/"},{"@type":"ListItem","position":5,"name":"58cm Wanduhr werfen"}]},{"@type":"WebSite","@id":"https:\/\/dev.eliassen.nl\/de\/#website","url":"https:\/\/dev.eliassen.nl\/de\/","name":"Eliassen Home & Garden Pleasure","description":"","publisher":{"@id":"https:\/\/dev.eliassen.nl\/de\/#organization"},"alternateName":"Eliassen.nl","potentialAction":[{"@type":"SearchAction","target":{"@type":"EntryPoint","urlTemplate":"https:\/\/dev.eliassen.nl\/de\/?s={search_term_string}"},"query-input":{"@type":"PropertyValueSpecification","valueRequired":true,"valueName":"search_term_string"}}],"inLanguage":"de"},{"@type":"Organization","@id":"https:\/\/dev.eliassen.nl\/de\/#organization","name":"Eliassen Home & Garden Pleasure","url":"https:\/\/dev.eliassen.nl\/de\/","logo":{"@type":"ImageObject","inLanguage":"de","@id":"https:\/\/dev.eliassen.nl\/de\/#\/schema\/logo\/image\/","url":"https:\/\/www.eliassen.nl\/wp-content\/uploads\/2024\/01\/logo_4nd.jpg","contentUrl":"https:\/\/www.eliassen.nl\/wp-content\/uploads\/2024\/01\/logo_4nd.jpg","width":500,"height":500,"caption":"Eliassen Home & Garden Pleasure"},"image":{"@id":"https:\/\/dev.eliassen.nl\/de\/#\/schema\/logo\/image\/"},"sameAs":["https:\/\/www.facebook.com\/TuincentrumEliassenAmmerzoden","https:\/\/www.instagram.com\/eliassenhomeandgarden\/","https:\/\/nl.pinterest.com\/eliassenhomeandgarden\/","https:\/\/www.youtube.com\/@eliassenhomegardenpleasure4558"]}]}},"df_price":33.5,"df_sale_price":33.5,"df_regular_price":44.5,"df_image_link":"https:\/\/dev.eliassen.nl\/wp-content\/uploads\/2024\/01\/1053.jpg","image":"https:\/\/dev.eliassen.nl\/wp-content\/uploads\/2024\/01\/1053.jpg","price_search":"<span class=\"woocommerce-Price-amount amount\"><bdi><span class=\"woocommerce-Price-currencySymbol\">&euro;<\/span>&nbsp;33,50<\/bdi><\/span>","category":"Wanddekoration","_links":{"self":[{"href":"https:\/\/dev.eliassen.nl\/de\/wp-json\/wp\/v2\/product\/12175","targetHints":{"allow":["GET"]}}],"collection":[{"href":"https:\/\/dev.eliassen.nl\/de\/wp-json\/wp\/v2\/product"}],"about":[{"href":"https:\/\/dev.eliassen.nl\/de\/wp-json\/wp\/v2\/types\/product"}],"wp:featuredmedia":[{"embeddable":true,"href":"https:\/\/dev.eliassen.nl\/de\/wp-json\/wp\/v2\/media\/12172"}],"wp:attachment":[{"href":"https:\/\/dev.eliassen.nl\/de\/wp-json\/wp\/v2\/media?parent=12175"}],"wp:term":[{"taxonomy":"product_brand","embeddable":true,"href":"https:\/\/dev.eliassen.nl\/de\/wp-json\/wp\/v2\/product_brand?post=12175"},{"taxonomy":"product_cat","embeddable":true,"href":"https:\/\/dev.eliassen.nl\/de\/wp-json\/wp\/v2\/product_cat?post=12175"},{"taxonomy":"product_tag","embeddable":true,"href":"https:\/\/dev.eliassen.nl\/de\/wp-json\/wp\/v2\/product_tag?post=12175"}],"curies":[{"name":"wp","href":"https:\/\/api.w.org\/{rel}","templated":true}]}}