{"id":12274,"date":"2019-10-28T17:27:05","date_gmt":"2019-10-28T16:27:05","guid":{"rendered":"https:\/\/www.eliassen.nl\/?product=dragonstone-flowerpot-kleine-acanthus"},"modified":"2024-12-05T15:17:28","modified_gmt":"2024-12-05T14:17:28","slug":"blumentopf-kleiner-akanthus-34cm","status":"publish","type":"product","link":"https:\/\/dev.eliassen.nl\/de\/blumentopf-kleiner-akanthus-34cm\/","title":{"rendered":"Blumentopf Kleiner Akanthus 34cm"},"content":{"rendered":"<div>Holen Sie sich die l\u00e4ndliche Atmosph\u00e4re in Ihren Garten mit dieser original englischen Gartenvase von Dragonstone. Mit dieser attraktiven originalen Gartenvase oder Blumentopf aus Kunststein mit wundersch\u00f6ner Farbe aus England holen Sie sich die typische Cottage-Atmosph\u00e4re in Ihren Garten. Diese Betont\u00f6pfe bestehen aus sehr hochwertigem Kunststein, was eine sehr lange Lebensdauer garantiert.<\/div>\n<p>Diese Gartenvasen sind wundersch\u00f6n detailliert, die meisten Modelle tragen das Dragonstone-Logo. Wenn Sie diesen Blumentopf bepflanzen m\u00f6chten, empfehlen wir immer eine Schicht Tongranulat einzuf\u00fcllen. BITTE BEACHTEN SIE VOR F\u00c4LSCHUNGEN. Schwere Vase mit einem Gewicht von 16 kg, die Ma\u00dfe dieses Topfes betragen 34 cm H\u00f6he und einen Durchmesser von 32 cm.<br \/>Die passende S\u00e4ule hierf\u00fcr ist das Modell PL05, das ebenfalls abgebildet ist.<br \/><strong>Wir haben viele dieser Serien im Laden. F\u00fcr weitere Informationen rufen Sie uns einfach an oder senden Sie uns eine E-Mail.<\/strong><\/p>\n<ul>\n<li>H\u00f6he: 34 cm<\/li>\n<li>Durchmesser: 32 cm<\/li>\n<li>Gewicht: 16kg<\/li>\n<li>Fu\u00dfgr\u00f6\u00dfe: 22 x 22 cm<\/li>\n<li>Hinweis zum passenden Sockel: PL05<\/li>\n<li>1 Jahr Garantie<\/li>\n<li>Schnell geliefert<\/li>\n<\/ul>\n","protected":false},"excerpt":{"rendered":"<p>32x34cm Kleine Akanthusurne<\/p>\n","protected":false},"featured_media":12268,"template":"","meta":{"_acf_changed":false},"product_brand":[6922],"product_cat":[722,733],"product_tag":[],"class_list":{"0":"post-12274","1":"product","2":"type-product","3":"status-publish","4":"has-post-thumbnail","6":"product_brand-dragonstone-de","7":"product_cat-blumentoepfe-und-pflanzgefaesse","8":"product_cat-englische-gartenvasen","10":"first","11":"instock","12":"taxable","13":"shipping-taxable","14":"purchasable","15":"product-type-simple"},"acf":[],"yoast_head":"<!-- This site is optimized with the Yoast SEO plugin v23.8 - https:\/\/yoast.com\/wordpress\/plugins\/seo\/ -->\n<title>Blumentopf Kleiner Akanthus<\/title>\n<meta name=\"description\" content=\"Kleine Akanthusurne\" \/>\n<meta name=\"robots\" content=\"noindex, follow, max-snippet:-1, max-image-preview:large, max-video-preview:-1\" \/>\n<meta property=\"og:locale\" content=\"de_DE\" \/>\n<meta property=\"og:type\" content=\"article\" \/>\n<meta property=\"og:title\" content=\"Blumentopf Kleiner Akanthus\" \/>\n<meta property=\"og:description\" content=\"Kleine Akanthusurne\" \/>\n<meta property=\"og:url\" content=\"https:\/\/dev.eliassen.nl\/de\/blumentopf-kleiner-akanthus-34cm\/\" \/>\n<meta property=\"og:site_name\" content=\"Eliassen.nl\" \/>\n<meta property=\"article:publisher\" content=\"https:\/\/www.facebook.com\/TuincentrumEliassenAmmerzoden\" \/>\n<meta property=\"article:modified_time\" content=\"2024-12-05T14:17:28+00:00\" \/>\n<meta property=\"og:image\" content=\"https:\/\/dev.eliassen.nl\/wp-content\/uploads\/2024\/01\/pu77.jpg\" \/>\n\t<meta property=\"og:image:width\" content=\"685\" \/>\n\t<meta property=\"og:image:height\" content=\"537\" \/>\n\t<meta property=\"og:image:type\" content=\"image\/jpeg\" \/>\n<meta name=\"twitter:card\" content=\"summary_large_image\" \/>\n<script type=\"application\/ld+json\" class=\"yoast-schema-graph\">{\"@context\":\"https:\/\/schema.org\",\"@graph\":[{\"@type\":\"WebPage\",\"@id\":\"https:\/\/dev.eliassen.nl\/de\/blumentopf-kleiner-akanthus-34cm\/\",\"url\":\"https:\/\/dev.eliassen.nl\/de\/blumentopf-kleiner-akanthus-34cm\/\",\"name\":\"Blumentopf Kleiner Akanthus\",\"isPartOf\":{\"@id\":\"https:\/\/dev.eliassen.nl\/de\/#website\"},\"primaryImageOfPage\":{\"@id\":\"https:\/\/dev.eliassen.nl\/de\/blumentopf-kleiner-akanthus-34cm\/#primaryimage\"},\"image\":{\"@id\":\"https:\/\/dev.eliassen.nl\/de\/blumentopf-kleiner-akanthus-34cm\/#primaryimage\"},\"thumbnailUrl\":\"https:\/\/dev.eliassen.nl\/wp-content\/uploads\/2024\/01\/pu77.jpg\",\"datePublished\":\"2019-10-28T16:27:05+00:00\",\"dateModified\":\"2024-12-05T14:17:28+00:00\",\"description\":\"Kleine Akanthusurne\",\"breadcrumb\":{\"@id\":\"https:\/\/dev.eliassen.nl\/de\/blumentopf-kleiner-akanthus-34cm\/#breadcrumb\"},\"inLanguage\":\"de\",\"potentialAction\":[{\"@type\":\"ReadAction\",\"target\":[\"https:\/\/dev.eliassen.nl\/de\/blumentopf-kleiner-akanthus-34cm\/\"]}]},{\"@type\":\"ImageObject\",\"inLanguage\":\"de\",\"@id\":\"https:\/\/dev.eliassen.nl\/de\/blumentopf-kleiner-akanthus-34cm\/#primaryimage\",\"url\":\"https:\/\/dev.eliassen.nl\/wp-content\/uploads\/2024\/01\/pu77.jpg\",\"contentUrl\":\"https:\/\/dev.eliassen.nl\/wp-content\/uploads\/2024\/01\/pu77.jpg\",\"width\":685,\"height\":537,\"caption\":\"pu77\"},{\"@type\":\"BreadcrumbList\",\"@id\":\"https:\/\/dev.eliassen.nl\/de\/blumentopf-kleiner-akanthus-34cm\/#breadcrumb\",\"itemListElement\":[{\"@type\":\"ListItem\",\"position\":1,\"name\":\"Home\",\"item\":\"https:\/\/dev.eliassen.nl\/de\/\"},{\"@type\":\"ListItem\",\"position\":2,\"name\":\"Shop\",\"item\":\"https:\/\/dev.eliassen.nl\/nl\/winkel\/\"},{\"@type\":\"ListItem\",\"position\":3,\"name\":\"Blument\u00f6pfe und Pflanzgef\u00e4\u00dfe\",\"item\":\"https:\/\/dev.eliassen.nl\/de\/blumentoepfe-und-pflanzgefaesse\/\"},{\"@type\":\"ListItem\",\"position\":4,\"name\":\"Klassieke tuinvazen\",\"item\":\"https:\/\/dev.eliassen.nl\/nl\/bloempotten-en-bloembakken\/klassieke-tuinvazen\/\"},{\"@type\":\"ListItem\",\"position\":5,\"name\":\"Englische Gartenvasen\",\"item\":\"https:\/\/dev.eliassen.nl\/de\/blumentoepfe-und-pflanzgefaesse\/klassische-gartenvasen\/englische-gartenvasen\/\"},{\"@type\":\"ListItem\",\"position\":6,\"name\":\"Blumentopf Kleiner Akanthus 34cm\"}]},{\"@type\":\"WebSite\",\"@id\":\"https:\/\/dev.eliassen.nl\/de\/#website\",\"url\":\"https:\/\/dev.eliassen.nl\/de\/\",\"name\":\"Eliassen Home & Garden Pleasure\",\"description\":\"\",\"publisher\":{\"@id\":\"https:\/\/dev.eliassen.nl\/de\/#organization\"},\"alternateName\":\"Eliassen.nl\",\"potentialAction\":[{\"@type\":\"SearchAction\",\"target\":{\"@type\":\"EntryPoint\",\"urlTemplate\":\"https:\/\/dev.eliassen.nl\/de\/?s={search_term_string}\"},\"query-input\":{\"@type\":\"PropertyValueSpecification\",\"valueRequired\":true,\"valueName\":\"search_term_string\"}}],\"inLanguage\":\"de\"},{\"@type\":\"Organization\",\"@id\":\"https:\/\/dev.eliassen.nl\/de\/#organization\",\"name\":\"Eliassen Home & Garden Pleasure\",\"url\":\"https:\/\/dev.eliassen.nl\/de\/\",\"logo\":{\"@type\":\"ImageObject\",\"inLanguage\":\"de\",\"@id\":\"https:\/\/dev.eliassen.nl\/de\/#\/schema\/logo\/image\/\",\"url\":\"https:\/\/www.eliassen.nl\/wp-content\/uploads\/2024\/01\/logo_4nd.jpg\",\"contentUrl\":\"https:\/\/www.eliassen.nl\/wp-content\/uploads\/2024\/01\/logo_4nd.jpg\",\"width\":500,\"height\":500,\"caption\":\"Eliassen Home & Garden Pleasure\"},\"image\":{\"@id\":\"https:\/\/dev.eliassen.nl\/de\/#\/schema\/logo\/image\/\"},\"sameAs\":[\"https:\/\/www.facebook.com\/TuincentrumEliassenAmmerzoden\",\"https:\/\/www.instagram.com\/eliassenhomeandgarden\/\",\"https:\/\/nl.pinterest.com\/eliassenhomeandgarden\/\",\"https:\/\/www.youtube.com\/@eliassenhomegardenpleasure4558\"]}]}<\/script>\n<!-- \/ Yoast SEO plugin. -->","yoast_head_json":{"title":"Blumentopf Kleiner Akanthus","description":"Kleine Akanthusurne","robots":{"index":"noindex","follow":"follow","max-snippet":"max-snippet:-1","max-image-preview":"max-image-preview:large","max-video-preview":"max-video-preview:-1"},"og_locale":"de_DE","og_type":"article","og_title":"Blumentopf Kleiner Akanthus","og_description":"Kleine Akanthusurne","og_url":"https:\/\/dev.eliassen.nl\/de\/blumentopf-kleiner-akanthus-34cm\/","og_site_name":"Eliassen.nl","article_publisher":"https:\/\/www.facebook.com\/TuincentrumEliassenAmmerzoden","article_modified_time":"2024-12-05T14:17:28+00:00","og_image":[{"width":685,"height":537,"url":"https:\/\/dev.eliassen.nl\/wp-content\/uploads\/2024\/01\/pu77.jpg","type":"image\/jpeg"}],"twitter_card":"summary_large_image","schema":{"@context":"https:\/\/schema.org","@graph":[{"@type":"WebPage","@id":"https:\/\/dev.eliassen.nl\/de\/blumentopf-kleiner-akanthus-34cm\/","url":"https:\/\/dev.eliassen.nl\/de\/blumentopf-kleiner-akanthus-34cm\/","name":"Blumentopf Kleiner Akanthus","isPartOf":{"@id":"https:\/\/dev.eliassen.nl\/de\/#website"},"primaryImageOfPage":{"@id":"https:\/\/dev.eliassen.nl\/de\/blumentopf-kleiner-akanthus-34cm\/#primaryimage"},"image":{"@id":"https:\/\/dev.eliassen.nl\/de\/blumentopf-kleiner-akanthus-34cm\/#primaryimage"},"thumbnailUrl":"https:\/\/dev.eliassen.nl\/wp-content\/uploads\/2024\/01\/pu77.jpg","datePublished":"2019-10-28T16:27:05+00:00","dateModified":"2024-12-05T14:17:28+00:00","description":"Kleine Akanthusurne","breadcrumb":{"@id":"https:\/\/dev.eliassen.nl\/de\/blumentopf-kleiner-akanthus-34cm\/#breadcrumb"},"inLanguage":"de","potentialAction":[{"@type":"ReadAction","target":["https:\/\/dev.eliassen.nl\/de\/blumentopf-kleiner-akanthus-34cm\/"]}]},{"@type":"ImageObject","inLanguage":"de","@id":"https:\/\/dev.eliassen.nl\/de\/blumentopf-kleiner-akanthus-34cm\/#primaryimage","url":"https:\/\/dev.eliassen.nl\/wp-content\/uploads\/2024\/01\/pu77.jpg","contentUrl":"https:\/\/dev.eliassen.nl\/wp-content\/uploads\/2024\/01\/pu77.jpg","width":685,"height":537,"caption":"pu77"},{"@type":"BreadcrumbList","@id":"https:\/\/dev.eliassen.nl\/de\/blumentopf-kleiner-akanthus-34cm\/#breadcrumb","itemListElement":[{"@type":"ListItem","position":1,"name":"Home","item":"https:\/\/dev.eliassen.nl\/de\/"},{"@type":"ListItem","position":2,"name":"Shop","item":"https:\/\/dev.eliassen.nl\/nl\/winkel\/"},{"@type":"ListItem","position":3,"name":"Blument\u00f6pfe und Pflanzgef\u00e4\u00dfe","item":"https:\/\/dev.eliassen.nl\/de\/blumentoepfe-und-pflanzgefaesse\/"},{"@type":"ListItem","position":4,"name":"Klassieke tuinvazen","item":"https:\/\/dev.eliassen.nl\/nl\/bloempotten-en-bloembakken\/klassieke-tuinvazen\/"},{"@type":"ListItem","position":5,"name":"Englische Gartenvasen","item":"https:\/\/dev.eliassen.nl\/de\/blumentoepfe-und-pflanzgefaesse\/klassische-gartenvasen\/englische-gartenvasen\/"},{"@type":"ListItem","position":6,"name":"Blumentopf Kleiner Akanthus 34cm"}]},{"@type":"WebSite","@id":"https:\/\/dev.eliassen.nl\/de\/#website","url":"https:\/\/dev.eliassen.nl\/de\/","name":"Eliassen Home & Garden Pleasure","description":"","publisher":{"@id":"https:\/\/dev.eliassen.nl\/de\/#organization"},"alternateName":"Eliassen.nl","potentialAction":[{"@type":"SearchAction","target":{"@type":"EntryPoint","urlTemplate":"https:\/\/dev.eliassen.nl\/de\/?s={search_term_string}"},"query-input":{"@type":"PropertyValueSpecification","valueRequired":true,"valueName":"search_term_string"}}],"inLanguage":"de"},{"@type":"Organization","@id":"https:\/\/dev.eliassen.nl\/de\/#organization","name":"Eliassen Home & Garden Pleasure","url":"https:\/\/dev.eliassen.nl\/de\/","logo":{"@type":"ImageObject","inLanguage":"de","@id":"https:\/\/dev.eliassen.nl\/de\/#\/schema\/logo\/image\/","url":"https:\/\/www.eliassen.nl\/wp-content\/uploads\/2024\/01\/logo_4nd.jpg","contentUrl":"https:\/\/www.eliassen.nl\/wp-content\/uploads\/2024\/01\/logo_4nd.jpg","width":500,"height":500,"caption":"Eliassen Home & Garden Pleasure"},"image":{"@id":"https:\/\/dev.eliassen.nl\/de\/#\/schema\/logo\/image\/"},"sameAs":["https:\/\/www.facebook.com\/TuincentrumEliassenAmmerzoden","https:\/\/www.instagram.com\/eliassenhomeandgarden\/","https:\/\/nl.pinterest.com\/eliassenhomeandgarden\/","https:\/\/www.youtube.com\/@eliassenhomegardenpleasure4558"]}]}},"df_price":79,"df_sale_price":"","df_regular_price":79,"df_image_link":"https:\/\/dev.eliassen.nl\/wp-content\/uploads\/2024\/01\/pu77.jpg","image":"https:\/\/dev.eliassen.nl\/wp-content\/uploads\/2024\/01\/pu77.jpg","price_search":"<span class=\"woocommerce-Price-amount amount\"><bdi><span class=\"woocommerce-Price-currencySymbol\">&euro;<\/span>&nbsp;79,00<\/bdi><\/span>","category":"Blument\u00f6pfe und Pflanzgef\u00e4\u00dfe","_links":{"self":[{"href":"https:\/\/dev.eliassen.nl\/de\/wp-json\/wp\/v2\/product\/12274","targetHints":{"allow":["GET"]}}],"collection":[{"href":"https:\/\/dev.eliassen.nl\/de\/wp-json\/wp\/v2\/product"}],"about":[{"href":"https:\/\/dev.eliassen.nl\/de\/wp-json\/wp\/v2\/types\/product"}],"wp:featuredmedia":[{"embeddable":true,"href":"https:\/\/dev.eliassen.nl\/de\/wp-json\/wp\/v2\/media\/12268"}],"wp:attachment":[{"href":"https:\/\/dev.eliassen.nl\/de\/wp-json\/wp\/v2\/media?parent=12274"}],"wp:term":[{"taxonomy":"product_brand","embeddable":true,"href":"https:\/\/dev.eliassen.nl\/de\/wp-json\/wp\/v2\/product_brand?post=12274"},{"taxonomy":"product_cat","embeddable":true,"href":"https:\/\/dev.eliassen.nl\/de\/wp-json\/wp\/v2\/product_cat?post=12274"},{"taxonomy":"product_tag","embeddable":true,"href":"https:\/\/dev.eliassen.nl\/de\/wp-json\/wp\/v2\/product_tag?post=12274"}],"curies":[{"name":"wp","href":"https:\/\/api.w.org\/{rel}","templated":true}]}}