{"id":1243,"date":"2019-10-28T15:19:30","date_gmt":"2019-10-28T14:19:30","guid":{"rendered":"https:\/\/www.eliassen.nl\/?product=bespannstoff"},"modified":"2024-12-05T14:59:27","modified_gmt":"2024-12-05T13:59:27","slug":"gittertuch-fur-wasserspiel-oder-springbrunnen","status":"publish","type":"product","link":"https:\/\/dev.eliassen.nl\/de\/product\/gittertuch-fur-wasserspiel-oder-springbrunnen\/","title":{"rendered":"Gittertuch f\u00fcr Wasserspiel oder Springbrunnen"},"content":{"rendered":"<p>Gittertuch, um zu verhindern, dass Kies \/ Split oder anderer Schmutz, z. B. Bl\u00e4tter, durch den Rost f\u00e4llt. Hergestellt aus Nylon, verrottet nicht und hat eine sehr offene Struktur, durch die Staub, Sand usw. hindurchtreten k\u00f6nnen. Preis ist pro 100x100cm.<\/p>\n","protected":false},"excerpt":{"rendered":"<p>Gitterstoff Nylonteich Stoff Vegetationsmatte<\/p>\n","protected":false},"featured_media":1231,"template":"","meta":{"_acf_changed":false},"product_brand":[],"product_cat":[545,536],"product_tag":[],"class_list":{"0":"post-1243","1":"product","2":"type-product","3":"status-publish","4":"has-post-thumbnail","6":"product_cat-teile-wasserspiele","7":"product_cat-wassereigenschaften","9":"first","10":"instock","11":"taxable","12":"shipping-taxable","13":"purchasable","14":"product-type-simple"},"acf":[],"yoast_head":"<!-- This site is optimized with the Yoast SEO plugin v23.8 - https:\/\/yoast.com\/wordpress\/plugins\/seo\/ -->\n<title>Gittertuch f\u00fcr Wasserspiel oder Brunnen - Eliassen<\/title>\n<meta name=\"description\" content=\"Auf der Suche nach Brunnenteilen? Bestellen Sie jetzt Gittertuch f\u00fcr Wasserspiel. Sie k\u00f6nnen ganz einfach Teile auf unserer Website kaufen. \u2713 Gro\u00dfe Auswahl \u2713...\" \/>\n<meta name=\"robots\" content=\"noindex, follow, max-snippet:-1, max-image-preview:large, max-video-preview:-1\" \/>\n<meta property=\"og:locale\" content=\"de_DE\" \/>\n<meta property=\"og:type\" content=\"article\" \/>\n<meta property=\"og:title\" content=\"Gittertuch f\u00fcr Wasserspiel oder Brunnen - Eliassen\" \/>\n<meta property=\"og:description\" content=\"Auf der Suche nach Brunnenteilen? Bestellen Sie jetzt Gittertuch f\u00fcr Wasserspiel. Sie k\u00f6nnen ganz einfach Teile auf unserer Website kaufen. \u2713 Gro\u00dfe Auswahl \u2713...\" \/>\n<meta property=\"og:url\" content=\"https:\/\/dev.eliassen.nl\/de\/product\/gittertuch-fur-wasserspiel-oder-springbrunnen\/\" \/>\n<meta property=\"og:site_name\" content=\"Eliassen.nl\" \/>\n<meta property=\"article:publisher\" content=\"https:\/\/www.facebook.com\/TuincentrumEliassenAmmerzoden\" \/>\n<meta property=\"article:modified_time\" content=\"2024-12-05T13:59:27+00:00\" \/>\n<meta property=\"og:image\" content=\"https:\/\/dev.eliassen.nl\/wp-content\/uploads\/2024\/01\/eliassenroosterdoekvoorwaterornamentoffontein.jpg\" \/>\n\t<meta property=\"og:image:width\" content=\"335\" \/>\n\t<meta property=\"og:image:height\" content=\"335\" \/>\n\t<meta property=\"og:image:type\" content=\"image\/jpeg\" \/>\n<meta name=\"twitter:card\" content=\"summary_large_image\" \/>\n<script type=\"application\/ld+json\" class=\"yoast-schema-graph\">{\"@context\":\"https:\/\/schema.org\",\"@graph\":[{\"@type\":\"WebPage\",\"@id\":\"https:\/\/dev.eliassen.nl\/de\/product\/gittertuch-fur-wasserspiel-oder-springbrunnen\/\",\"url\":\"https:\/\/dev.eliassen.nl\/de\/product\/gittertuch-fur-wasserspiel-oder-springbrunnen\/\",\"name\":\"Gittertuch f\u00fcr Wasserspiel oder Brunnen - Eliassen\",\"isPartOf\":{\"@id\":\"https:\/\/dev.eliassen.nl\/de\/#website\"},\"primaryImageOfPage\":{\"@id\":\"https:\/\/dev.eliassen.nl\/de\/product\/gittertuch-fur-wasserspiel-oder-springbrunnen\/#primaryimage\"},\"image\":{\"@id\":\"https:\/\/dev.eliassen.nl\/de\/product\/gittertuch-fur-wasserspiel-oder-springbrunnen\/#primaryimage\"},\"thumbnailUrl\":\"https:\/\/dev.eliassen.nl\/wp-content\/uploads\/2024\/01\/eliassenroosterdoekvoorwaterornamentoffontein.jpg\",\"datePublished\":\"2019-10-28T14:19:30+00:00\",\"dateModified\":\"2024-12-05T13:59:27+00:00\",\"description\":\"Auf der Suche nach Brunnenteilen? Bestellen Sie jetzt Gittertuch f\u00fcr Wasserspiel. Sie k\u00f6nnen ganz einfach Teile auf unserer Website kaufen. \u2713 Gro\u00dfe Auswahl \u2713...\",\"breadcrumb\":{\"@id\":\"https:\/\/dev.eliassen.nl\/de\/product\/gittertuch-fur-wasserspiel-oder-springbrunnen\/#breadcrumb\"},\"inLanguage\":\"de\",\"potentialAction\":[{\"@type\":\"ReadAction\",\"target\":[\"https:\/\/dev.eliassen.nl\/de\/product\/gittertuch-fur-wasserspiel-oder-springbrunnen\/\"]}]},{\"@type\":\"ImageObject\",\"inLanguage\":\"de\",\"@id\":\"https:\/\/dev.eliassen.nl\/de\/product\/gittertuch-fur-wasserspiel-oder-springbrunnen\/#primaryimage\",\"url\":\"https:\/\/dev.eliassen.nl\/wp-content\/uploads\/2024\/01\/eliassenroosterdoekvoorwaterornamentoffontein.jpg\",\"contentUrl\":\"https:\/\/dev.eliassen.nl\/wp-content\/uploads\/2024\/01\/eliassenroosterdoekvoorwaterornamentoffontein.jpg\",\"width\":335,\"height\":335,\"caption\":\"Eliassen Roosterdoek voor waterornament of fontein\"},{\"@type\":\"BreadcrumbList\",\"@id\":\"https:\/\/dev.eliassen.nl\/de\/product\/gittertuch-fur-wasserspiel-oder-springbrunnen\/#breadcrumb\",\"itemListElement\":[{\"@type\":\"ListItem\",\"position\":1,\"name\":\"Home\",\"item\":\"https:\/\/dev.eliassen.nl\/de\/\"},{\"@type\":\"ListItem\",\"position\":2,\"name\":\"Shop\",\"item\":\"https:\/\/dev.eliassen.nl\/nl\/winkel\/\"},{\"@type\":\"ListItem\",\"position\":3,\"name\":\"Wasserspiele\",\"item\":\"https:\/\/dev.eliassen.nl\/de\/wassereigenschaften\/\"},{\"@type\":\"ListItem\",\"position\":4,\"name\":\"Teile Wasserspiele\",\"item\":\"https:\/\/dev.eliassen.nl\/de\/wassereigenschaften\/teile-wasserspiele\/\"},{\"@type\":\"ListItem\",\"position\":5,\"name\":\"Gittertuch f\u00fcr Wasserspiel oder Springbrunnen\"}]},{\"@type\":\"WebSite\",\"@id\":\"https:\/\/dev.eliassen.nl\/de\/#website\",\"url\":\"https:\/\/dev.eliassen.nl\/de\/\",\"name\":\"Eliassen Home & Garden Pleasure\",\"description\":\"\",\"publisher\":{\"@id\":\"https:\/\/dev.eliassen.nl\/de\/#organization\"},\"alternateName\":\"Eliassen.nl\",\"potentialAction\":[{\"@type\":\"SearchAction\",\"target\":{\"@type\":\"EntryPoint\",\"urlTemplate\":\"https:\/\/dev.eliassen.nl\/de\/?s={search_term_string}\"},\"query-input\":{\"@type\":\"PropertyValueSpecification\",\"valueRequired\":true,\"valueName\":\"search_term_string\"}}],\"inLanguage\":\"de\"},{\"@type\":\"Organization\",\"@id\":\"https:\/\/dev.eliassen.nl\/de\/#organization\",\"name\":\"Eliassen Home & Garden Pleasure\",\"url\":\"https:\/\/dev.eliassen.nl\/de\/\",\"logo\":{\"@type\":\"ImageObject\",\"inLanguage\":\"de\",\"@id\":\"https:\/\/dev.eliassen.nl\/de\/#\/schema\/logo\/image\/\",\"url\":\"https:\/\/www.eliassen.nl\/wp-content\/uploads\/2024\/01\/logo_4nd.jpg\",\"contentUrl\":\"https:\/\/www.eliassen.nl\/wp-content\/uploads\/2024\/01\/logo_4nd.jpg\",\"width\":500,\"height\":500,\"caption\":\"Eliassen Home & Garden Pleasure\"},\"image\":{\"@id\":\"https:\/\/dev.eliassen.nl\/de\/#\/schema\/logo\/image\/\"},\"sameAs\":[\"https:\/\/www.facebook.com\/TuincentrumEliassenAmmerzoden\",\"https:\/\/www.instagram.com\/eliassenhomeandgarden\/\",\"https:\/\/nl.pinterest.com\/eliassenhomeandgarden\/\",\"https:\/\/www.youtube.com\/@eliassenhomegardenpleasure4558\"]}]}<\/script>\n<!-- \/ Yoast SEO plugin. -->","yoast_head_json":{"title":"Gittertuch f\u00fcr Wasserspiel oder Brunnen - Eliassen","description":"Auf der Suche nach Brunnenteilen? Bestellen Sie jetzt Gittertuch f\u00fcr Wasserspiel. Sie k\u00f6nnen ganz einfach Teile auf unserer Website kaufen. \u2713 Gro\u00dfe Auswahl \u2713...","robots":{"index":"noindex","follow":"follow","max-snippet":"max-snippet:-1","max-image-preview":"max-image-preview:large","max-video-preview":"max-video-preview:-1"},"og_locale":"de_DE","og_type":"article","og_title":"Gittertuch f\u00fcr Wasserspiel oder Brunnen - Eliassen","og_description":"Auf der Suche nach Brunnenteilen? Bestellen Sie jetzt Gittertuch f\u00fcr Wasserspiel. Sie k\u00f6nnen ganz einfach Teile auf unserer Website kaufen. \u2713 Gro\u00dfe Auswahl \u2713...","og_url":"https:\/\/dev.eliassen.nl\/de\/product\/gittertuch-fur-wasserspiel-oder-springbrunnen\/","og_site_name":"Eliassen.nl","article_publisher":"https:\/\/www.facebook.com\/TuincentrumEliassenAmmerzoden","article_modified_time":"2024-12-05T13:59:27+00:00","og_image":[{"width":335,"height":335,"url":"https:\/\/dev.eliassen.nl\/wp-content\/uploads\/2024\/01\/eliassenroosterdoekvoorwaterornamentoffontein.jpg","type":"image\/jpeg"}],"twitter_card":"summary_large_image","schema":{"@context":"https:\/\/schema.org","@graph":[{"@type":"WebPage","@id":"https:\/\/dev.eliassen.nl\/de\/product\/gittertuch-fur-wasserspiel-oder-springbrunnen\/","url":"https:\/\/dev.eliassen.nl\/de\/product\/gittertuch-fur-wasserspiel-oder-springbrunnen\/","name":"Gittertuch f\u00fcr Wasserspiel oder Brunnen - Eliassen","isPartOf":{"@id":"https:\/\/dev.eliassen.nl\/de\/#website"},"primaryImageOfPage":{"@id":"https:\/\/dev.eliassen.nl\/de\/product\/gittertuch-fur-wasserspiel-oder-springbrunnen\/#primaryimage"},"image":{"@id":"https:\/\/dev.eliassen.nl\/de\/product\/gittertuch-fur-wasserspiel-oder-springbrunnen\/#primaryimage"},"thumbnailUrl":"https:\/\/dev.eliassen.nl\/wp-content\/uploads\/2024\/01\/eliassenroosterdoekvoorwaterornamentoffontein.jpg","datePublished":"2019-10-28T14:19:30+00:00","dateModified":"2024-12-05T13:59:27+00:00","description":"Auf der Suche nach Brunnenteilen? Bestellen Sie jetzt Gittertuch f\u00fcr Wasserspiel. Sie k\u00f6nnen ganz einfach Teile auf unserer Website kaufen. \u2713 Gro\u00dfe Auswahl \u2713...","breadcrumb":{"@id":"https:\/\/dev.eliassen.nl\/de\/product\/gittertuch-fur-wasserspiel-oder-springbrunnen\/#breadcrumb"},"inLanguage":"de","potentialAction":[{"@type":"ReadAction","target":["https:\/\/dev.eliassen.nl\/de\/product\/gittertuch-fur-wasserspiel-oder-springbrunnen\/"]}]},{"@type":"ImageObject","inLanguage":"de","@id":"https:\/\/dev.eliassen.nl\/de\/product\/gittertuch-fur-wasserspiel-oder-springbrunnen\/#primaryimage","url":"https:\/\/dev.eliassen.nl\/wp-content\/uploads\/2024\/01\/eliassenroosterdoekvoorwaterornamentoffontein.jpg","contentUrl":"https:\/\/dev.eliassen.nl\/wp-content\/uploads\/2024\/01\/eliassenroosterdoekvoorwaterornamentoffontein.jpg","width":335,"height":335,"caption":"Eliassen Roosterdoek voor waterornament of fontein"},{"@type":"BreadcrumbList","@id":"https:\/\/dev.eliassen.nl\/de\/product\/gittertuch-fur-wasserspiel-oder-springbrunnen\/#breadcrumb","itemListElement":[{"@type":"ListItem","position":1,"name":"Home","item":"https:\/\/dev.eliassen.nl\/de\/"},{"@type":"ListItem","position":2,"name":"Shop","item":"https:\/\/dev.eliassen.nl\/nl\/winkel\/"},{"@type":"ListItem","position":3,"name":"Wasserspiele","item":"https:\/\/dev.eliassen.nl\/de\/wassereigenschaften\/"},{"@type":"ListItem","position":4,"name":"Teile Wasserspiele","item":"https:\/\/dev.eliassen.nl\/de\/wassereigenschaften\/teile-wasserspiele\/"},{"@type":"ListItem","position":5,"name":"Gittertuch f\u00fcr Wasserspiel oder Springbrunnen"}]},{"@type":"WebSite","@id":"https:\/\/dev.eliassen.nl\/de\/#website","url":"https:\/\/dev.eliassen.nl\/de\/","name":"Eliassen Home & Garden Pleasure","description":"","publisher":{"@id":"https:\/\/dev.eliassen.nl\/de\/#organization"},"alternateName":"Eliassen.nl","potentialAction":[{"@type":"SearchAction","target":{"@type":"EntryPoint","urlTemplate":"https:\/\/dev.eliassen.nl\/de\/?s={search_term_string}"},"query-input":{"@type":"PropertyValueSpecification","valueRequired":true,"valueName":"search_term_string"}}],"inLanguage":"de"},{"@type":"Organization","@id":"https:\/\/dev.eliassen.nl\/de\/#organization","name":"Eliassen Home & Garden Pleasure","url":"https:\/\/dev.eliassen.nl\/de\/","logo":{"@type":"ImageObject","inLanguage":"de","@id":"https:\/\/dev.eliassen.nl\/de\/#\/schema\/logo\/image\/","url":"https:\/\/www.eliassen.nl\/wp-content\/uploads\/2024\/01\/logo_4nd.jpg","contentUrl":"https:\/\/www.eliassen.nl\/wp-content\/uploads\/2024\/01\/logo_4nd.jpg","width":500,"height":500,"caption":"Eliassen Home & Garden Pleasure"},"image":{"@id":"https:\/\/dev.eliassen.nl\/de\/#\/schema\/logo\/image\/"},"sameAs":["https:\/\/www.facebook.com\/TuincentrumEliassenAmmerzoden","https:\/\/www.instagram.com\/eliassenhomeandgarden\/","https:\/\/nl.pinterest.com\/eliassenhomeandgarden\/","https:\/\/www.youtube.com\/@eliassenhomegardenpleasure4558"]}]}},"df_price":17.5,"df_sale_price":"","df_regular_price":17.5,"df_image_link":"https:\/\/dev.eliassen.nl\/wp-content\/uploads\/2024\/01\/eliassenroosterdoekvoorwaterornamentoffontein.jpg","image":"https:\/\/dev.eliassen.nl\/wp-content\/uploads\/2024\/01\/eliassenroosterdoekvoorwaterornamentoffontein.jpg","price_search":"<span class=\"woocommerce-Price-amount amount\"><bdi><span class=\"woocommerce-Price-currencySymbol\">&euro;<\/span>&nbsp;17,50<\/bdi><\/span>","category":"Teile Wasserspiele","_links":{"self":[{"href":"https:\/\/dev.eliassen.nl\/de\/wp-json\/wp\/v2\/product\/1243","targetHints":{"allow":["GET"]}}],"collection":[{"href":"https:\/\/dev.eliassen.nl\/de\/wp-json\/wp\/v2\/product"}],"about":[{"href":"https:\/\/dev.eliassen.nl\/de\/wp-json\/wp\/v2\/types\/product"}],"wp:featuredmedia":[{"embeddable":true,"href":"https:\/\/dev.eliassen.nl\/de\/wp-json\/wp\/v2\/media\/1231"}],"wp:attachment":[{"href":"https:\/\/dev.eliassen.nl\/de\/wp-json\/wp\/v2\/media?parent=1243"}],"wp:term":[{"taxonomy":"product_brand","embeddable":true,"href":"https:\/\/dev.eliassen.nl\/de\/wp-json\/wp\/v2\/product_brand?post=1243"},{"taxonomy":"product_cat","embeddable":true,"href":"https:\/\/dev.eliassen.nl\/de\/wp-json\/wp\/v2\/product_cat?post=1243"},{"taxonomy":"product_tag","embeddable":true,"href":"https:\/\/dev.eliassen.nl\/de\/wp-json\/wp\/v2\/product_tag?post=1243"}],"curies":[{"name":"wp","href":"https:\/\/api.w.org\/{rel}","templated":true}]}}