{"id":1255,"date":"2019-10-28T15:19:40","date_gmt":"2019-10-28T14:19:40","guid":{"rendered":"https:\/\/www.eliassen.nl\/?product=edelstahlrohre-kreative-bloecke-dienen"},"modified":"2024-12-05T14:59:33","modified_gmt":"2024-12-05T13:59:33","slug":"edelstahlrohre-fur-kreationsblocke","status":"publish","type":"product","link":"https:\/\/dev.eliassen.nl\/de\/product\/edelstahlrohre-fur-kreationsblocke\/","title":{"rendered":"Edelstahlrohre f\u00fcr Kreationsbl\u00f6cke"},"content":{"rendered":"<p>4 St\u00fcck Edelstahlrohre zur Herstellung von Bl\u00f6cken k\u00f6nnen gestapelt werden, so dass Licht zwischen den Bl\u00f6cken scheint.<br \/>Vergessen Sie nicht, unser Ausstellungsgel\u00e4nde mit 300 Modellen zu besuchen!<\/p>\n","protected":false},"excerpt":{"rendered":"<p>Edelstahlrohre f\u00fcr Kreationsbl\u00f6cke<\/p>\n","protected":false},"featured_media":1252,"template":"","meta":{"_acf_changed":false},"product_brand":[],"product_cat":[560,536],"product_tag":[],"class_list":{"0":"post-1255","1":"product","2":"type-product","3":"status-publish","4":"has-post-thumbnail","6":"product_cat-wasserschalen-aus-crea-bloecken-von-creastone","7":"product_cat-wassereigenschaften","9":"first","10":"outofstock","11":"taxable","12":"shipping-taxable","13":"purchasable","14":"product-type-simple"},"acf":[],"yoast_head":"<!-- This site is optimized with the Yoast SEO plugin v23.8 - https:\/\/yoast.com\/wordpress\/plugins\/seo\/ -->\n<title>Edelstahlrohre f\u00fcr Kreationsbl\u00f6cke - Eliassen<\/title>\n<meta name=\"description\" content=\"Auf der Suche nach Teilen? Bestellen Sie jetzt Edelstahlrohre f\u00fcr Kreationsbl\u00f6cke. Auf unserer Website k\u00f6nnen Sie ganz einfach Teile f\u00fcr Wasserspiele kaufen....\" \/>\n<meta name=\"robots\" content=\"noindex, follow, max-snippet:-1, max-image-preview:large, max-video-preview:-1\" \/>\n<meta property=\"og:locale\" content=\"de_DE\" \/>\n<meta property=\"og:type\" content=\"article\" \/>\n<meta property=\"og:title\" content=\"Edelstahlrohre f\u00fcr Kreationsbl\u00f6cke - Eliassen\" \/>\n<meta property=\"og:description\" content=\"Auf der Suche nach Teilen? Bestellen Sie jetzt Edelstahlrohre f\u00fcr Kreationsbl\u00f6cke. Auf unserer Website k\u00f6nnen Sie ganz einfach Teile f\u00fcr Wasserspiele kaufen....\" \/>\n<meta property=\"og:url\" content=\"https:\/\/dev.eliassen.nl\/de\/product\/edelstahlrohre-fur-kreationsblocke\/\" \/>\n<meta property=\"og:site_name\" content=\"Eliassen.nl\" \/>\n<meta property=\"article:publisher\" content=\"https:\/\/www.facebook.com\/TuincentrumEliassenAmmerzoden\" \/>\n<meta property=\"article:modified_time\" content=\"2024-12-05T13:59:33+00:00\" \/>\n<meta property=\"og:image\" content=\"https:\/\/dev.eliassen.nl\/wp-content\/uploads\/2024\/01\/eliassenbuisjesrvsvoorcreablokken.jpg\" \/>\n\t<meta property=\"og:image:width\" content=\"374\" \/>\n\t<meta property=\"og:image:height\" content=\"250\" \/>\n\t<meta property=\"og:image:type\" content=\"image\/jpeg\" \/>\n<meta name=\"twitter:card\" content=\"summary_large_image\" \/>\n<script type=\"application\/ld+json\" class=\"yoast-schema-graph\">{\"@context\":\"https:\/\/schema.org\",\"@graph\":[{\"@type\":\"WebPage\",\"@id\":\"https:\/\/dev.eliassen.nl\/de\/product\/edelstahlrohre-fur-kreationsblocke\/\",\"url\":\"https:\/\/dev.eliassen.nl\/de\/product\/edelstahlrohre-fur-kreationsblocke\/\",\"name\":\"Edelstahlrohre f\u00fcr Kreationsbl\u00f6cke - Eliassen\",\"isPartOf\":{\"@id\":\"https:\/\/dev.eliassen.nl\/de\/#website\"},\"primaryImageOfPage\":{\"@id\":\"https:\/\/dev.eliassen.nl\/de\/product\/edelstahlrohre-fur-kreationsblocke\/#primaryimage\"},\"image\":{\"@id\":\"https:\/\/dev.eliassen.nl\/de\/product\/edelstahlrohre-fur-kreationsblocke\/#primaryimage\"},\"thumbnailUrl\":\"https:\/\/dev.eliassen.nl\/wp-content\/uploads\/2024\/01\/eliassenbuisjesrvsvoorcreablokken.jpg\",\"datePublished\":\"2019-10-28T14:19:40+00:00\",\"dateModified\":\"2024-12-05T13:59:33+00:00\",\"description\":\"Auf der Suche nach Teilen? Bestellen Sie jetzt Edelstahlrohre f\u00fcr Kreationsbl\u00f6cke. Auf unserer Website k\u00f6nnen Sie ganz einfach Teile f\u00fcr Wasserspiele kaufen....\",\"breadcrumb\":{\"@id\":\"https:\/\/dev.eliassen.nl\/de\/product\/edelstahlrohre-fur-kreationsblocke\/#breadcrumb\"},\"inLanguage\":\"de\",\"potentialAction\":[{\"@type\":\"ReadAction\",\"target\":[\"https:\/\/dev.eliassen.nl\/de\/product\/edelstahlrohre-fur-kreationsblocke\/\"]}]},{\"@type\":\"ImageObject\",\"inLanguage\":\"de\",\"@id\":\"https:\/\/dev.eliassen.nl\/de\/product\/edelstahlrohre-fur-kreationsblocke\/#primaryimage\",\"url\":\"https:\/\/dev.eliassen.nl\/wp-content\/uploads\/2024\/01\/eliassenbuisjesrvsvoorcreablokken.jpg\",\"contentUrl\":\"https:\/\/dev.eliassen.nl\/wp-content\/uploads\/2024\/01\/eliassenbuisjesrvsvoorcreablokken.jpg\",\"width\":374,\"height\":250,\"caption\":\"Eliassen Buisjes rvs voor creablokken\"},{\"@type\":\"BreadcrumbList\",\"@id\":\"https:\/\/dev.eliassen.nl\/de\/product\/edelstahlrohre-fur-kreationsblocke\/#breadcrumb\",\"itemListElement\":[{\"@type\":\"ListItem\",\"position\":1,\"name\":\"Home\",\"item\":\"https:\/\/dev.eliassen.nl\/de\/\"},{\"@type\":\"ListItem\",\"position\":2,\"name\":\"Shop\",\"item\":\"https:\/\/dev.eliassen.nl\/nl\/winkel\/\"},{\"@type\":\"ListItem\",\"position\":3,\"name\":\"Wasserspiele\",\"item\":\"https:\/\/dev.eliassen.nl\/de\/wassereigenschaften\/\"},{\"@type\":\"ListItem\",\"position\":4,\"name\":\"Wasserschalen aus Crea-Bl\u00f6cken von Creastone\",\"item\":\"https:\/\/dev.eliassen.nl\/de\/wassereigenschaften\/wasserschalen-aus-crea-bloecken-von-creastone\/\"},{\"@type\":\"ListItem\",\"position\":5,\"name\":\"Edelstahlrohre f\u00fcr Kreationsbl\u00f6cke\"}]},{\"@type\":\"WebSite\",\"@id\":\"https:\/\/dev.eliassen.nl\/de\/#website\",\"url\":\"https:\/\/dev.eliassen.nl\/de\/\",\"name\":\"Eliassen Home & Garden Pleasure\",\"description\":\"\",\"publisher\":{\"@id\":\"https:\/\/dev.eliassen.nl\/de\/#organization\"},\"alternateName\":\"Eliassen.nl\",\"potentialAction\":[{\"@type\":\"SearchAction\",\"target\":{\"@type\":\"EntryPoint\",\"urlTemplate\":\"https:\/\/dev.eliassen.nl\/de\/?s={search_term_string}\"},\"query-input\":{\"@type\":\"PropertyValueSpecification\",\"valueRequired\":true,\"valueName\":\"search_term_string\"}}],\"inLanguage\":\"de\"},{\"@type\":\"Organization\",\"@id\":\"https:\/\/dev.eliassen.nl\/de\/#organization\",\"name\":\"Eliassen Home & Garden Pleasure\",\"url\":\"https:\/\/dev.eliassen.nl\/de\/\",\"logo\":{\"@type\":\"ImageObject\",\"inLanguage\":\"de\",\"@id\":\"https:\/\/dev.eliassen.nl\/de\/#\/schema\/logo\/image\/\",\"url\":\"https:\/\/www.eliassen.nl\/wp-content\/uploads\/2024\/01\/logo_4nd.jpg\",\"contentUrl\":\"https:\/\/www.eliassen.nl\/wp-content\/uploads\/2024\/01\/logo_4nd.jpg\",\"width\":500,\"height\":500,\"caption\":\"Eliassen Home & Garden Pleasure\"},\"image\":{\"@id\":\"https:\/\/dev.eliassen.nl\/de\/#\/schema\/logo\/image\/\"},\"sameAs\":[\"https:\/\/www.facebook.com\/TuincentrumEliassenAmmerzoden\",\"https:\/\/www.instagram.com\/eliassenhomeandgarden\/\",\"https:\/\/nl.pinterest.com\/eliassenhomeandgarden\/\",\"https:\/\/www.youtube.com\/@eliassenhomegardenpleasure4558\"]}]}<\/script>\n<!-- \/ Yoast SEO plugin. -->","yoast_head_json":{"title":"Edelstahlrohre f\u00fcr Kreationsbl\u00f6cke - Eliassen","description":"Auf der Suche nach Teilen? Bestellen Sie jetzt Edelstahlrohre f\u00fcr Kreationsbl\u00f6cke. Auf unserer Website k\u00f6nnen Sie ganz einfach Teile f\u00fcr Wasserspiele kaufen....","robots":{"index":"noindex","follow":"follow","max-snippet":"max-snippet:-1","max-image-preview":"max-image-preview:large","max-video-preview":"max-video-preview:-1"},"og_locale":"de_DE","og_type":"article","og_title":"Edelstahlrohre f\u00fcr Kreationsbl\u00f6cke - Eliassen","og_description":"Auf der Suche nach Teilen? Bestellen Sie jetzt Edelstahlrohre f\u00fcr Kreationsbl\u00f6cke. Auf unserer Website k\u00f6nnen Sie ganz einfach Teile f\u00fcr Wasserspiele kaufen....","og_url":"https:\/\/dev.eliassen.nl\/de\/product\/edelstahlrohre-fur-kreationsblocke\/","og_site_name":"Eliassen.nl","article_publisher":"https:\/\/www.facebook.com\/TuincentrumEliassenAmmerzoden","article_modified_time":"2024-12-05T13:59:33+00:00","og_image":[{"width":374,"height":250,"url":"https:\/\/dev.eliassen.nl\/wp-content\/uploads\/2024\/01\/eliassenbuisjesrvsvoorcreablokken.jpg","type":"image\/jpeg"}],"twitter_card":"summary_large_image","schema":{"@context":"https:\/\/schema.org","@graph":[{"@type":"WebPage","@id":"https:\/\/dev.eliassen.nl\/de\/product\/edelstahlrohre-fur-kreationsblocke\/","url":"https:\/\/dev.eliassen.nl\/de\/product\/edelstahlrohre-fur-kreationsblocke\/","name":"Edelstahlrohre f\u00fcr Kreationsbl\u00f6cke - Eliassen","isPartOf":{"@id":"https:\/\/dev.eliassen.nl\/de\/#website"},"primaryImageOfPage":{"@id":"https:\/\/dev.eliassen.nl\/de\/product\/edelstahlrohre-fur-kreationsblocke\/#primaryimage"},"image":{"@id":"https:\/\/dev.eliassen.nl\/de\/product\/edelstahlrohre-fur-kreationsblocke\/#primaryimage"},"thumbnailUrl":"https:\/\/dev.eliassen.nl\/wp-content\/uploads\/2024\/01\/eliassenbuisjesrvsvoorcreablokken.jpg","datePublished":"2019-10-28T14:19:40+00:00","dateModified":"2024-12-05T13:59:33+00:00","description":"Auf der Suche nach Teilen? Bestellen Sie jetzt Edelstahlrohre f\u00fcr Kreationsbl\u00f6cke. Auf unserer Website k\u00f6nnen Sie ganz einfach Teile f\u00fcr Wasserspiele kaufen....","breadcrumb":{"@id":"https:\/\/dev.eliassen.nl\/de\/product\/edelstahlrohre-fur-kreationsblocke\/#breadcrumb"},"inLanguage":"de","potentialAction":[{"@type":"ReadAction","target":["https:\/\/dev.eliassen.nl\/de\/product\/edelstahlrohre-fur-kreationsblocke\/"]}]},{"@type":"ImageObject","inLanguage":"de","@id":"https:\/\/dev.eliassen.nl\/de\/product\/edelstahlrohre-fur-kreationsblocke\/#primaryimage","url":"https:\/\/dev.eliassen.nl\/wp-content\/uploads\/2024\/01\/eliassenbuisjesrvsvoorcreablokken.jpg","contentUrl":"https:\/\/dev.eliassen.nl\/wp-content\/uploads\/2024\/01\/eliassenbuisjesrvsvoorcreablokken.jpg","width":374,"height":250,"caption":"Eliassen Buisjes rvs voor creablokken"},{"@type":"BreadcrumbList","@id":"https:\/\/dev.eliassen.nl\/de\/product\/edelstahlrohre-fur-kreationsblocke\/#breadcrumb","itemListElement":[{"@type":"ListItem","position":1,"name":"Home","item":"https:\/\/dev.eliassen.nl\/de\/"},{"@type":"ListItem","position":2,"name":"Shop","item":"https:\/\/dev.eliassen.nl\/nl\/winkel\/"},{"@type":"ListItem","position":3,"name":"Wasserspiele","item":"https:\/\/dev.eliassen.nl\/de\/wassereigenschaften\/"},{"@type":"ListItem","position":4,"name":"Wasserschalen aus Crea-Bl\u00f6cken von Creastone","item":"https:\/\/dev.eliassen.nl\/de\/wassereigenschaften\/wasserschalen-aus-crea-bloecken-von-creastone\/"},{"@type":"ListItem","position":5,"name":"Edelstahlrohre f\u00fcr Kreationsbl\u00f6cke"}]},{"@type":"WebSite","@id":"https:\/\/dev.eliassen.nl\/de\/#website","url":"https:\/\/dev.eliassen.nl\/de\/","name":"Eliassen Home & Garden Pleasure","description":"","publisher":{"@id":"https:\/\/dev.eliassen.nl\/de\/#organization"},"alternateName":"Eliassen.nl","potentialAction":[{"@type":"SearchAction","target":{"@type":"EntryPoint","urlTemplate":"https:\/\/dev.eliassen.nl\/de\/?s={search_term_string}"},"query-input":{"@type":"PropertyValueSpecification","valueRequired":true,"valueName":"search_term_string"}}],"inLanguage":"de"},{"@type":"Organization","@id":"https:\/\/dev.eliassen.nl\/de\/#organization","name":"Eliassen Home & Garden Pleasure","url":"https:\/\/dev.eliassen.nl\/de\/","logo":{"@type":"ImageObject","inLanguage":"de","@id":"https:\/\/dev.eliassen.nl\/de\/#\/schema\/logo\/image\/","url":"https:\/\/www.eliassen.nl\/wp-content\/uploads\/2024\/01\/logo_4nd.jpg","contentUrl":"https:\/\/www.eliassen.nl\/wp-content\/uploads\/2024\/01\/logo_4nd.jpg","width":500,"height":500,"caption":"Eliassen Home & Garden Pleasure"},"image":{"@id":"https:\/\/dev.eliassen.nl\/de\/#\/schema\/logo\/image\/"},"sameAs":["https:\/\/www.facebook.com\/TuincentrumEliassenAmmerzoden","https:\/\/www.instagram.com\/eliassenhomeandgarden\/","https:\/\/nl.pinterest.com\/eliassenhomeandgarden\/","https:\/\/www.youtube.com\/@eliassenhomegardenpleasure4558"]}]}},"df_price":19,"df_sale_price":"","df_regular_price":19,"df_image_link":"https:\/\/dev.eliassen.nl\/wp-content\/uploads\/2024\/01\/eliassenbuisjesrvsvoorcreablokken.jpg","image":"https:\/\/dev.eliassen.nl\/wp-content\/uploads\/2024\/01\/eliassenbuisjesrvsvoorcreablokken.jpg","price_search":"<span class=\"woocommerce-Price-amount amount\"><bdi><span class=\"woocommerce-Price-currencySymbol\">&euro;<\/span>&nbsp;19,00<\/bdi><\/span>","category":"Wasserschalen aus Crea-Bl\u00f6cken von Creastone","_links":{"self":[{"href":"https:\/\/dev.eliassen.nl\/de\/wp-json\/wp\/v2\/product\/1255","targetHints":{"allow":["GET"]}}],"collection":[{"href":"https:\/\/dev.eliassen.nl\/de\/wp-json\/wp\/v2\/product"}],"about":[{"href":"https:\/\/dev.eliassen.nl\/de\/wp-json\/wp\/v2\/types\/product"}],"wp:featuredmedia":[{"embeddable":true,"href":"https:\/\/dev.eliassen.nl\/de\/wp-json\/wp\/v2\/media\/1252"}],"wp:attachment":[{"href":"https:\/\/dev.eliassen.nl\/de\/wp-json\/wp\/v2\/media?parent=1255"}],"wp:term":[{"taxonomy":"product_brand","embeddable":true,"href":"https:\/\/dev.eliassen.nl\/de\/wp-json\/wp\/v2\/product_brand?post=1255"},{"taxonomy":"product_cat","embeddable":true,"href":"https:\/\/dev.eliassen.nl\/de\/wp-json\/wp\/v2\/product_cat?post=1255"},{"taxonomy":"product_tag","embeddable":true,"href":"https:\/\/dev.eliassen.nl\/de\/wp-json\/wp\/v2\/product_tag?post=1255"}],"curies":[{"name":"wp","href":"https:\/\/api.w.org\/{rel}","templated":true}]}}