{"id":12550,"date":"2019-10-28T17:28:04","date_gmt":"2019-10-28T16:28:04","guid":{"rendered":"https:\/\/www.eliassen.nl\/?product=wasser-eigenschaft-bildschirme-exklusiv"},"modified":"2024-12-05T15:17:51","modified_gmt":"2024-12-05T14:17:51","slug":"wasserkugel-mit-saulensieben","status":"publish","type":"product","link":"https:\/\/dev.eliassen.nl\/de\/wasserkugel-mit-saulensieben\/","title":{"rendered":"Wasserkugel mit S\u00e4ulensieben"},"content":{"rendered":"<p><strong>Dies ist eine lose Verzierung. Erkundigen Sie sich nach den anderen erforderlichen Teilen.<\/strong><\/p>\n<p>Diese sch\u00f6ne schwarze, teils polierte und teils geschliffene Wasserkugel ist 100 cm hoch mit einer runden Granits\u00e4ule darunter. Auch ein sch\u00f6nes Kunstobjekt, wenn das Wasser nicht l\u00e4uft. Nur bei uns zu verkaufen!<\/p>\n<p><strong>Tipp:<\/strong> Unsere eigenen polierten schwarzen Dekosteine, in 2 Gr\u00f6\u00dfen, eignen sich sehr gut zur Verarbeitung \u00fcber dem Gitter, sie bilden einen sehr sch\u00f6nen Kontrast zum Ornament.<\/p>\n<p><strong>Vergessen Sie nicht, unseren Showroom mit 300 Modellen zu besuchen!<\/strong><\/p>\n<ul>\n<li>Gr\u00f6\u00dfe: 30 x 30 x 100 cm<\/li>\n<li>Solider Granit<\/li>\n<li>Poliert\/geschnitten<\/li>\n<li>Bleibt sch\u00f6n, dies im Gegensatz zu Hartgestein<\/li>\n<li>Sehr einzigartiges Design, nur bei uns erh\u00e4ltlich!<\/li>\n<\/ul>\n<p>Haben Sie Fragen zu diesem Artikel oder ben\u00f6tigen Sie Beratung, um dieses Modell mit allen anderen Zubeh\u00f6rteilen zu vervollst\u00e4ndigen? Sie k\u00f6nnen uns gerne kontaktieren.<\/p>\n","protected":false},"excerpt":{"rendered":"<p>Dies ist eine lose Verzierung. Erkundigen Sie sich nach den anderen erforderlichen Teilen.<\/p>\n","protected":false},"featured_media":12547,"template":"","meta":{"_acf_changed":false},"product_brand":[6916],"product_cat":[539,551,536],"product_tag":[],"class_list":{"0":"post-12550","1":"product","2":"type-product","3":"status-publish","4":"has-post-thumbnail","6":"product_brand-eliassen-de","7":"product_cat-einzigartige-eigene-modelle-von-losen-wasserspiele","8":"product_cat-lose-wasserspiele","9":"product_cat-wassereigenschaften","11":"first","12":"instock","13":"taxable","14":"shipping-taxable","15":"purchasable","16":"product-type-simple"},"acf":[],"yoast_head":"<!-- This site is optimized with the Yoast SEO plugin v23.8 - https:\/\/yoast.com\/wordpress\/plugins\/seo\/ -->\n<title>Wasserkugel mit S\u00e4ulensieben | Einzigartiges Design! | Eliassen.nl<\/title>\n<meta name=\"description\" content=\"Wasserkugel mit massiver Granits\u00e4ule. Sehr einzigartiges Design, nur bei uns erh\u00e4ltlich! Wasserkugel ist 100 cm. Eine sch\u00f6ne Dekoration f\u00fcr drau\u00dfen im Garten.\" \/>\n<meta name=\"robots\" content=\"noindex, follow, max-snippet:-1, max-image-preview:large, max-video-preview:-1\" \/>\n<meta property=\"og:locale\" content=\"de_DE\" \/>\n<meta property=\"og:type\" content=\"article\" \/>\n<meta property=\"og:title\" content=\"Wasserkugel mit S\u00e4ulensieben | Einzigartiges Design! | Eliassen.nl\" \/>\n<meta property=\"og:description\" content=\"Wasserkugel mit massiver Granits\u00e4ule. Sehr einzigartiges Design, nur bei uns erh\u00e4ltlich! Wasserkugel ist 100 cm. Eine sch\u00f6ne Dekoration f\u00fcr drau\u00dfen im Garten.\" \/>\n<meta property=\"og:url\" content=\"https:\/\/dev.eliassen.nl\/de\/wasserkugel-mit-saulensieben\/\" \/>\n<meta property=\"og:site_name\" content=\"Eliassen.nl\" \/>\n<meta property=\"article:publisher\" content=\"https:\/\/www.facebook.com\/TuincentrumEliassenAmmerzoden\" \/>\n<meta property=\"article:modified_time\" content=\"2024-12-05T14:17:51+00:00\" \/>\n<meta property=\"og:image\" content=\"https:\/\/dev.eliassen.nl\/wp-content\/uploads\/2024\/01\/waterbolmetzuilhorreneliassennl.jpg\" \/>\n\t<meta property=\"og:image:width\" content=\"882\" \/>\n\t<meta property=\"og:image:height\" content=\"2048\" \/>\n\t<meta property=\"og:image:type\" content=\"image\/jpeg\" \/>\n<meta name=\"twitter:card\" content=\"summary_large_image\" \/>\n<script type=\"application\/ld+json\" class=\"yoast-schema-graph\">{\"@context\":\"https:\/\/schema.org\",\"@graph\":[{\"@type\":\"WebPage\",\"@id\":\"https:\/\/dev.eliassen.nl\/de\/wasserkugel-mit-saulensieben\/\",\"url\":\"https:\/\/dev.eliassen.nl\/de\/wasserkugel-mit-saulensieben\/\",\"name\":\"Wasserkugel mit S\u00e4ulensieben | Einzigartiges Design! | Eliassen.nl\",\"isPartOf\":{\"@id\":\"https:\/\/dev.eliassen.nl\/de\/#website\"},\"primaryImageOfPage\":{\"@id\":\"https:\/\/dev.eliassen.nl\/de\/wasserkugel-mit-saulensieben\/#primaryimage\"},\"image\":{\"@id\":\"https:\/\/dev.eliassen.nl\/de\/wasserkugel-mit-saulensieben\/#primaryimage\"},\"thumbnailUrl\":\"https:\/\/dev.eliassen.nl\/wp-content\/uploads\/2024\/01\/waterbolmetzuilhorreneliassennl.jpg\",\"datePublished\":\"2019-10-28T16:28:04+00:00\",\"dateModified\":\"2024-12-05T14:17:51+00:00\",\"description\":\"Wasserkugel mit massiver Granits\u00e4ule. Sehr einzigartiges Design, nur bei uns erh\u00e4ltlich! Wasserkugel ist 100 cm. Eine sch\u00f6ne Dekoration f\u00fcr drau\u00dfen im Garten.\",\"breadcrumb\":{\"@id\":\"https:\/\/dev.eliassen.nl\/de\/wasserkugel-mit-saulensieben\/#breadcrumb\"},\"inLanguage\":\"de\",\"potentialAction\":[{\"@type\":\"ReadAction\",\"target\":[\"https:\/\/dev.eliassen.nl\/de\/wasserkugel-mit-saulensieben\/\"]}]},{\"@type\":\"ImageObject\",\"inLanguage\":\"de\",\"@id\":\"https:\/\/dev.eliassen.nl\/de\/wasserkugel-mit-saulensieben\/#primaryimage\",\"url\":\"https:\/\/dev.eliassen.nl\/wp-content\/uploads\/2024\/01\/waterbolmetzuilhorreneliassennl.jpg\",\"contentUrl\":\"https:\/\/dev.eliassen.nl\/wp-content\/uploads\/2024\/01\/waterbolmetzuilhorreneliassennl.jpg\",\"width\":882,\"height\":2048,\"caption\":\"Waterbol met zuil Horren - Eliassen.nl\"},{\"@type\":\"BreadcrumbList\",\"@id\":\"https:\/\/dev.eliassen.nl\/de\/wasserkugel-mit-saulensieben\/#breadcrumb\",\"itemListElement\":[{\"@type\":\"ListItem\",\"position\":1,\"name\":\"Home\",\"item\":\"https:\/\/dev.eliassen.nl\/de\/\"},{\"@type\":\"ListItem\",\"position\":2,\"name\":\"Shop\",\"item\":\"https:\/\/dev.eliassen.nl\/nl\/winkel\/\"},{\"@type\":\"ListItem\",\"position\":3,\"name\":\"Wasserspiele\",\"item\":\"https:\/\/dev.eliassen.nl\/de\/wassereigenschaften\/\"},{\"@type\":\"ListItem\",\"position\":4,\"name\":\"Einzigartige eigene Modelle von losen Wasserspielen\",\"item\":\"https:\/\/dev.eliassen.nl\/de\/wassereigenschaften\/einzigartige-eigene-modelle-von-losen-wasserspiele\/\"},{\"@type\":\"ListItem\",\"position\":5,\"name\":\"Wasserkugel mit S\u00e4ulensieben\"}]},{\"@type\":\"WebSite\",\"@id\":\"https:\/\/dev.eliassen.nl\/de\/#website\",\"url\":\"https:\/\/dev.eliassen.nl\/de\/\",\"name\":\"Eliassen Home & Garden Pleasure\",\"description\":\"\",\"publisher\":{\"@id\":\"https:\/\/dev.eliassen.nl\/de\/#organization\"},\"alternateName\":\"Eliassen.nl\",\"potentialAction\":[{\"@type\":\"SearchAction\",\"target\":{\"@type\":\"EntryPoint\",\"urlTemplate\":\"https:\/\/dev.eliassen.nl\/de\/?s={search_term_string}\"},\"query-input\":{\"@type\":\"PropertyValueSpecification\",\"valueRequired\":true,\"valueName\":\"search_term_string\"}}],\"inLanguage\":\"de\"},{\"@type\":\"Organization\",\"@id\":\"https:\/\/dev.eliassen.nl\/de\/#organization\",\"name\":\"Eliassen Home & Garden Pleasure\",\"url\":\"https:\/\/dev.eliassen.nl\/de\/\",\"logo\":{\"@type\":\"ImageObject\",\"inLanguage\":\"de\",\"@id\":\"https:\/\/dev.eliassen.nl\/de\/#\/schema\/logo\/image\/\",\"url\":\"https:\/\/www.eliassen.nl\/wp-content\/uploads\/2024\/01\/logo_4nd.jpg\",\"contentUrl\":\"https:\/\/www.eliassen.nl\/wp-content\/uploads\/2024\/01\/logo_4nd.jpg\",\"width\":500,\"height\":500,\"caption\":\"Eliassen Home & Garden Pleasure\"},\"image\":{\"@id\":\"https:\/\/dev.eliassen.nl\/de\/#\/schema\/logo\/image\/\"},\"sameAs\":[\"https:\/\/www.facebook.com\/TuincentrumEliassenAmmerzoden\",\"https:\/\/www.instagram.com\/eliassenhomeandgarden\/\",\"https:\/\/nl.pinterest.com\/eliassenhomeandgarden\/\",\"https:\/\/www.youtube.com\/@eliassenhomegardenpleasure4558\"]}]}<\/script>\n<!-- \/ Yoast SEO plugin. -->","yoast_head_json":{"title":"Wasserkugel mit S\u00e4ulensieben | Einzigartiges Design! | Eliassen.nl","description":"Wasserkugel mit massiver Granits\u00e4ule. Sehr einzigartiges Design, nur bei uns erh\u00e4ltlich! Wasserkugel ist 100 cm. Eine sch\u00f6ne Dekoration f\u00fcr drau\u00dfen im Garten.","robots":{"index":"noindex","follow":"follow","max-snippet":"max-snippet:-1","max-image-preview":"max-image-preview:large","max-video-preview":"max-video-preview:-1"},"og_locale":"de_DE","og_type":"article","og_title":"Wasserkugel mit S\u00e4ulensieben | Einzigartiges Design! | Eliassen.nl","og_description":"Wasserkugel mit massiver Granits\u00e4ule. Sehr einzigartiges Design, nur bei uns erh\u00e4ltlich! Wasserkugel ist 100 cm. Eine sch\u00f6ne Dekoration f\u00fcr drau\u00dfen im Garten.","og_url":"https:\/\/dev.eliassen.nl\/de\/wasserkugel-mit-saulensieben\/","og_site_name":"Eliassen.nl","article_publisher":"https:\/\/www.facebook.com\/TuincentrumEliassenAmmerzoden","article_modified_time":"2024-12-05T14:17:51+00:00","og_image":[{"width":882,"height":2048,"url":"https:\/\/dev.eliassen.nl\/wp-content\/uploads\/2024\/01\/waterbolmetzuilhorreneliassennl.jpg","type":"image\/jpeg"}],"twitter_card":"summary_large_image","schema":{"@context":"https:\/\/schema.org","@graph":[{"@type":"WebPage","@id":"https:\/\/dev.eliassen.nl\/de\/wasserkugel-mit-saulensieben\/","url":"https:\/\/dev.eliassen.nl\/de\/wasserkugel-mit-saulensieben\/","name":"Wasserkugel mit S\u00e4ulensieben | Einzigartiges Design! | Eliassen.nl","isPartOf":{"@id":"https:\/\/dev.eliassen.nl\/de\/#website"},"primaryImageOfPage":{"@id":"https:\/\/dev.eliassen.nl\/de\/wasserkugel-mit-saulensieben\/#primaryimage"},"image":{"@id":"https:\/\/dev.eliassen.nl\/de\/wasserkugel-mit-saulensieben\/#primaryimage"},"thumbnailUrl":"https:\/\/dev.eliassen.nl\/wp-content\/uploads\/2024\/01\/waterbolmetzuilhorreneliassennl.jpg","datePublished":"2019-10-28T16:28:04+00:00","dateModified":"2024-12-05T14:17:51+00:00","description":"Wasserkugel mit massiver Granits\u00e4ule. Sehr einzigartiges Design, nur bei uns erh\u00e4ltlich! Wasserkugel ist 100 cm. Eine sch\u00f6ne Dekoration f\u00fcr drau\u00dfen im Garten.","breadcrumb":{"@id":"https:\/\/dev.eliassen.nl\/de\/wasserkugel-mit-saulensieben\/#breadcrumb"},"inLanguage":"de","potentialAction":[{"@type":"ReadAction","target":["https:\/\/dev.eliassen.nl\/de\/wasserkugel-mit-saulensieben\/"]}]},{"@type":"ImageObject","inLanguage":"de","@id":"https:\/\/dev.eliassen.nl\/de\/wasserkugel-mit-saulensieben\/#primaryimage","url":"https:\/\/dev.eliassen.nl\/wp-content\/uploads\/2024\/01\/waterbolmetzuilhorreneliassennl.jpg","contentUrl":"https:\/\/dev.eliassen.nl\/wp-content\/uploads\/2024\/01\/waterbolmetzuilhorreneliassennl.jpg","width":882,"height":2048,"caption":"Waterbol met zuil Horren - Eliassen.nl"},{"@type":"BreadcrumbList","@id":"https:\/\/dev.eliassen.nl\/de\/wasserkugel-mit-saulensieben\/#breadcrumb","itemListElement":[{"@type":"ListItem","position":1,"name":"Home","item":"https:\/\/dev.eliassen.nl\/de\/"},{"@type":"ListItem","position":2,"name":"Shop","item":"https:\/\/dev.eliassen.nl\/nl\/winkel\/"},{"@type":"ListItem","position":3,"name":"Wasserspiele","item":"https:\/\/dev.eliassen.nl\/de\/wassereigenschaften\/"},{"@type":"ListItem","position":4,"name":"Einzigartige eigene Modelle von losen Wasserspielen","item":"https:\/\/dev.eliassen.nl\/de\/wassereigenschaften\/einzigartige-eigene-modelle-von-losen-wasserspiele\/"},{"@type":"ListItem","position":5,"name":"Wasserkugel mit S\u00e4ulensieben"}]},{"@type":"WebSite","@id":"https:\/\/dev.eliassen.nl\/de\/#website","url":"https:\/\/dev.eliassen.nl\/de\/","name":"Eliassen Home & Garden Pleasure","description":"","publisher":{"@id":"https:\/\/dev.eliassen.nl\/de\/#organization"},"alternateName":"Eliassen.nl","potentialAction":[{"@type":"SearchAction","target":{"@type":"EntryPoint","urlTemplate":"https:\/\/dev.eliassen.nl\/de\/?s={search_term_string}"},"query-input":{"@type":"PropertyValueSpecification","valueRequired":true,"valueName":"search_term_string"}}],"inLanguage":"de"},{"@type":"Organization","@id":"https:\/\/dev.eliassen.nl\/de\/#organization","name":"Eliassen Home & Garden Pleasure","url":"https:\/\/dev.eliassen.nl\/de\/","logo":{"@type":"ImageObject","inLanguage":"de","@id":"https:\/\/dev.eliassen.nl\/de\/#\/schema\/logo\/image\/","url":"https:\/\/www.eliassen.nl\/wp-content\/uploads\/2024\/01\/logo_4nd.jpg","contentUrl":"https:\/\/www.eliassen.nl\/wp-content\/uploads\/2024\/01\/logo_4nd.jpg","width":500,"height":500,"caption":"Eliassen Home & Garden Pleasure"},"image":{"@id":"https:\/\/dev.eliassen.nl\/de\/#\/schema\/logo\/image\/"},"sameAs":["https:\/\/www.facebook.com\/TuincentrumEliassenAmmerzoden","https:\/\/www.instagram.com\/eliassenhomeandgarden\/","https:\/\/nl.pinterest.com\/eliassenhomeandgarden\/","https:\/\/www.youtube.com\/@eliassenhomegardenpleasure4558"]}]}},"df_price":299,"df_sale_price":"","df_regular_price":299,"df_image_link":"https:\/\/dev.eliassen.nl\/wp-content\/uploads\/2024\/01\/waterbolmetzuilhorreneliassennl.jpg","image":"https:\/\/dev.eliassen.nl\/wp-content\/uploads\/2024\/01\/waterbolmetzuilhorreneliassennl.jpg","price_search":"<span class=\"woocommerce-Price-amount amount\"><bdi><span class=\"woocommerce-Price-currencySymbol\">&euro;<\/span>&nbsp;299,00<\/bdi><\/span>","category":"Einzigartige eigene Modelle von losen Wasserspielen","_links":{"self":[{"href":"https:\/\/dev.eliassen.nl\/de\/wp-json\/wp\/v2\/product\/12550","targetHints":{"allow":["GET"]}}],"collection":[{"href":"https:\/\/dev.eliassen.nl\/de\/wp-json\/wp\/v2\/product"}],"about":[{"href":"https:\/\/dev.eliassen.nl\/de\/wp-json\/wp\/v2\/types\/product"}],"wp:featuredmedia":[{"embeddable":true,"href":"https:\/\/dev.eliassen.nl\/de\/wp-json\/wp\/v2\/media\/12547"}],"wp:attachment":[{"href":"https:\/\/dev.eliassen.nl\/de\/wp-json\/wp\/v2\/media?parent=12550"}],"wp:term":[{"taxonomy":"product_brand","embeddable":true,"href":"https:\/\/dev.eliassen.nl\/de\/wp-json\/wp\/v2\/product_brand?post=12550"},{"taxonomy":"product_cat","embeddable":true,"href":"https:\/\/dev.eliassen.nl\/de\/wp-json\/wp\/v2\/product_cat?post=12550"},{"taxonomy":"product_tag","embeddable":true,"href":"https:\/\/dev.eliassen.nl\/de\/wp-json\/wp\/v2\/product_tag?post=12550"}],"curies":[{"name":"wp","href":"https:\/\/api.w.org\/{rel}","templated":true}]}}