{"id":12631,"date":"2019-10-28T17:30:48","date_gmt":"2019-10-28T16:30:48","guid":{"rendered":"https:\/\/www.eliassen.nl\/?product=grundstein-verbrannt-30x30x85cm-copy-91288985"},"modified":"2024-12-05T15:17:58","modified_gmt":"2024-12-05T14:17:58","slug":"sockel-gebrannter-stein-30x30x75cm","status":"publish","type":"product","link":"https:\/\/dev.eliassen.nl\/de\/sockel-gebrannter-stein-30x30x75cm\/","title":{"rendered":"Sockel gebrannter Stein 30x30x75cm"},"content":{"rendered":"<p>S\u00e4ulensockel aus Sandstein mit verbrannten Seiten und verbrannter Oberseite. Robustes, nat\u00fcrliches Aussehen, sch\u00f6ne Kombination mit einem Topf, einer Vase, einer Statue oder einer Sonnenuhr oder einem anderen Objekt, sieht aber auch gut in Ihrem Zuhause oder Gesch\u00e4ft aus. Dieser Sockel ist ein schweres Objekt, ist sehr robust<\/p>\n<ul>\n<li>Gr\u00f6\u00dfe 30x30x75cm hoch<\/li>\n<li>Sehr robust<\/li>\n<li>unzerst\u00f6rbar<\/li>\n<li>Wandst\u00e4rke mindestens 3cm<\/li>\n<li>sehr robuste, nat\u00fcrliche Optik<\/li>\n<li>Freistein<\/li>\n<li>Gewicht ca. 110 kg<\/li>\n<\/ul>\n","protected":false},"excerpt":{"rendered":"<p>Grundstein gebrannt 30x30x85cm<\/p>\n","protected":false},"featured_media":12628,"template":"","meta":{"_acf_changed":false},"product_brand":[6916],"product_cat":[782,785],"product_tag":[],"class_list":{"0":"post-12631","1":"product","2":"type-product","3":"status-publish","4":"has-post-thumbnail","6":"product_brand-eliassen-de","7":"product_cat-sockel","8":"product_cat-sockel-aus-naturstein","10":"first","11":"instock","12":"taxable","13":"shipping-taxable","14":"purchasable","15":"product-type-simple"},"acf":[],"yoast_head":"<!-- This site is optimized with the Yoast SEO plugin v23.8 - https:\/\/yoast.com\/wordpress\/plugins\/seo\/ -->\n<title>Einen Hartsteinsockel kaufen? GRO\u00dfER VORRAT AN SOCKEL<\/title>\n<meta name=\"description\" content=\"Sockel aus gebranntem Sandstein 30 x 30 x 75 cm, ideal als Pflanzens\u00e4ule. Auch sch\u00f6n mit einer Vase oder einem Blumentopf zu kombinieren. Sehen Sie sich die ...\" \/>\n<meta name=\"robots\" content=\"noindex, follow, max-snippet:-1, max-image-preview:large, max-video-preview:-1\" \/>\n<meta property=\"og:locale\" content=\"de_DE\" \/>\n<meta property=\"og:type\" content=\"article\" \/>\n<meta property=\"og:title\" content=\"Einen Hartsteinsockel kaufen? GRO\u00dfER VORRAT AN SOCKEL\" \/>\n<meta property=\"og:description\" content=\"Sockel aus gebranntem Sandstein 30 x 30 x 75 cm, ideal als Pflanzens\u00e4ule. Auch sch\u00f6n mit einer Vase oder einem Blumentopf zu kombinieren. Sehen Sie sich die ...\" \/>\n<meta property=\"og:url\" content=\"https:\/\/dev.eliassen.nl\/de\/sockel-gebrannter-stein-30x30x75cm\/\" \/>\n<meta property=\"og:site_name\" content=\"Eliassen.nl\" \/>\n<meta property=\"article:publisher\" content=\"https:\/\/www.facebook.com\/TuincentrumEliassenAmmerzoden\" \/>\n<meta property=\"article:modified_time\" content=\"2024-12-05T14:17:58+00:00\" \/>\n<meta property=\"og:image\" content=\"https:\/\/dev.eliassen.nl\/wp-content\/uploads\/2024\/01\/bf308585x30x30cm_2nd.jpg\" \/>\n\t<meta property=\"og:image:width\" content=\"599\" \/>\n\t<meta property=\"og:image:height\" content=\"647\" \/>\n\t<meta property=\"og:image:type\" content=\"image\/jpeg\" \/>\n<meta name=\"twitter:card\" content=\"summary_large_image\" \/>\n<script type=\"application\/ld+json\" class=\"yoast-schema-graph\">{\"@context\":\"https:\/\/schema.org\",\"@graph\":[{\"@type\":\"WebPage\",\"@id\":\"https:\/\/dev.eliassen.nl\/de\/sockel-gebrannter-stein-30x30x75cm\/\",\"url\":\"https:\/\/dev.eliassen.nl\/de\/sockel-gebrannter-stein-30x30x75cm\/\",\"name\":\"Einen Hartsteinsockel kaufen? GRO\u00dfER VORRAT AN SOCKEL\",\"isPartOf\":{\"@id\":\"https:\/\/dev.eliassen.nl\/de\/#website\"},\"primaryImageOfPage\":{\"@id\":\"https:\/\/dev.eliassen.nl\/de\/sockel-gebrannter-stein-30x30x75cm\/#primaryimage\"},\"image\":{\"@id\":\"https:\/\/dev.eliassen.nl\/de\/sockel-gebrannter-stein-30x30x75cm\/#primaryimage\"},\"thumbnailUrl\":\"https:\/\/dev.eliassen.nl\/wp-content\/uploads\/2024\/01\/bf308585x30x30cm_2nd.jpg\",\"datePublished\":\"2019-10-28T16:30:48+00:00\",\"dateModified\":\"2024-12-05T14:17:58+00:00\",\"description\":\"Sockel aus gebranntem Sandstein 30 x 30 x 75 cm, ideal als Pflanzens\u00e4ule. Auch sch\u00f6n mit einer Vase oder einem Blumentopf zu kombinieren. Sehen Sie sich die ...\",\"breadcrumb\":{\"@id\":\"https:\/\/dev.eliassen.nl\/de\/sockel-gebrannter-stein-30x30x75cm\/#breadcrumb\"},\"inLanguage\":\"de\",\"potentialAction\":[{\"@type\":\"ReadAction\",\"target\":[\"https:\/\/dev.eliassen.nl\/de\/sockel-gebrannter-stein-30x30x75cm\/\"]}]},{\"@type\":\"ImageObject\",\"inLanguage\":\"de\",\"@id\":\"https:\/\/dev.eliassen.nl\/de\/sockel-gebrannter-stein-30x30x75cm\/#primaryimage\",\"url\":\"https:\/\/dev.eliassen.nl\/wp-content\/uploads\/2024\/01\/bf308585x30x30cm_2nd.jpg\",\"contentUrl\":\"https:\/\/dev.eliassen.nl\/wp-content\/uploads\/2024\/01\/bf308585x30x30cm_2nd.jpg\",\"width\":599,\"height\":647,\"caption\":\"bf3085-85x30x30-cm\"},{\"@type\":\"BreadcrumbList\",\"@id\":\"https:\/\/dev.eliassen.nl\/de\/sockel-gebrannter-stein-30x30x75cm\/#breadcrumb\",\"itemListElement\":[{\"@type\":\"ListItem\",\"position\":1,\"name\":\"Home\",\"item\":\"https:\/\/dev.eliassen.nl\/de\/\"},{\"@type\":\"ListItem\",\"position\":2,\"name\":\"Shop\",\"item\":\"https:\/\/dev.eliassen.nl\/nl\/winkel\/\"},{\"@type\":\"ListItem\",\"position\":3,\"name\":\"Sockel\",\"item\":\"https:\/\/dev.eliassen.nl\/de\/sockel\/\"},{\"@type\":\"ListItem\",\"position\":4,\"name\":\"Sockel aus Naturstein\",\"item\":\"https:\/\/dev.eliassen.nl\/de\/sockel\/sockel-aus-naturstein\/\"},{\"@type\":\"ListItem\",\"position\":5,\"name\":\"Sockel gebrannter Stein 30x30x75cm\"}]},{\"@type\":\"WebSite\",\"@id\":\"https:\/\/dev.eliassen.nl\/de\/#website\",\"url\":\"https:\/\/dev.eliassen.nl\/de\/\",\"name\":\"Eliassen Home & Garden Pleasure\",\"description\":\"\",\"publisher\":{\"@id\":\"https:\/\/dev.eliassen.nl\/de\/#organization\"},\"alternateName\":\"Eliassen.nl\",\"potentialAction\":[{\"@type\":\"SearchAction\",\"target\":{\"@type\":\"EntryPoint\",\"urlTemplate\":\"https:\/\/dev.eliassen.nl\/de\/?s={search_term_string}\"},\"query-input\":{\"@type\":\"PropertyValueSpecification\",\"valueRequired\":true,\"valueName\":\"search_term_string\"}}],\"inLanguage\":\"de\"},{\"@type\":\"Organization\",\"@id\":\"https:\/\/dev.eliassen.nl\/de\/#organization\",\"name\":\"Eliassen Home & Garden Pleasure\",\"url\":\"https:\/\/dev.eliassen.nl\/de\/\",\"logo\":{\"@type\":\"ImageObject\",\"inLanguage\":\"de\",\"@id\":\"https:\/\/dev.eliassen.nl\/de\/#\/schema\/logo\/image\/\",\"url\":\"https:\/\/www.eliassen.nl\/wp-content\/uploads\/2024\/01\/logo_4nd.jpg\",\"contentUrl\":\"https:\/\/www.eliassen.nl\/wp-content\/uploads\/2024\/01\/logo_4nd.jpg\",\"width\":500,\"height\":500,\"caption\":\"Eliassen Home & Garden Pleasure\"},\"image\":{\"@id\":\"https:\/\/dev.eliassen.nl\/de\/#\/schema\/logo\/image\/\"},\"sameAs\":[\"https:\/\/www.facebook.com\/TuincentrumEliassenAmmerzoden\",\"https:\/\/www.instagram.com\/eliassenhomeandgarden\/\",\"https:\/\/nl.pinterest.com\/eliassenhomeandgarden\/\",\"https:\/\/www.youtube.com\/@eliassenhomegardenpleasure4558\"]}]}<\/script>\n<!-- \/ Yoast SEO plugin. -->","yoast_head_json":{"title":"Einen Hartsteinsockel kaufen? GRO\u00dfER VORRAT AN SOCKEL","description":"Sockel aus gebranntem Sandstein 30 x 30 x 75 cm, ideal als Pflanzens\u00e4ule. Auch sch\u00f6n mit einer Vase oder einem Blumentopf zu kombinieren. Sehen Sie sich die ...","robots":{"index":"noindex","follow":"follow","max-snippet":"max-snippet:-1","max-image-preview":"max-image-preview:large","max-video-preview":"max-video-preview:-1"},"og_locale":"de_DE","og_type":"article","og_title":"Einen Hartsteinsockel kaufen? GRO\u00dfER VORRAT AN SOCKEL","og_description":"Sockel aus gebranntem Sandstein 30 x 30 x 75 cm, ideal als Pflanzens\u00e4ule. Auch sch\u00f6n mit einer Vase oder einem Blumentopf zu kombinieren. Sehen Sie sich die ...","og_url":"https:\/\/dev.eliassen.nl\/de\/sockel-gebrannter-stein-30x30x75cm\/","og_site_name":"Eliassen.nl","article_publisher":"https:\/\/www.facebook.com\/TuincentrumEliassenAmmerzoden","article_modified_time":"2024-12-05T14:17:58+00:00","og_image":[{"width":599,"height":647,"url":"https:\/\/dev.eliassen.nl\/wp-content\/uploads\/2024\/01\/bf308585x30x30cm_2nd.jpg","type":"image\/jpeg"}],"twitter_card":"summary_large_image","schema":{"@context":"https:\/\/schema.org","@graph":[{"@type":"WebPage","@id":"https:\/\/dev.eliassen.nl\/de\/sockel-gebrannter-stein-30x30x75cm\/","url":"https:\/\/dev.eliassen.nl\/de\/sockel-gebrannter-stein-30x30x75cm\/","name":"Einen Hartsteinsockel kaufen? GRO\u00dfER VORRAT AN SOCKEL","isPartOf":{"@id":"https:\/\/dev.eliassen.nl\/de\/#website"},"primaryImageOfPage":{"@id":"https:\/\/dev.eliassen.nl\/de\/sockel-gebrannter-stein-30x30x75cm\/#primaryimage"},"image":{"@id":"https:\/\/dev.eliassen.nl\/de\/sockel-gebrannter-stein-30x30x75cm\/#primaryimage"},"thumbnailUrl":"https:\/\/dev.eliassen.nl\/wp-content\/uploads\/2024\/01\/bf308585x30x30cm_2nd.jpg","datePublished":"2019-10-28T16:30:48+00:00","dateModified":"2024-12-05T14:17:58+00:00","description":"Sockel aus gebranntem Sandstein 30 x 30 x 75 cm, ideal als Pflanzens\u00e4ule. Auch sch\u00f6n mit einer Vase oder einem Blumentopf zu kombinieren. Sehen Sie sich die ...","breadcrumb":{"@id":"https:\/\/dev.eliassen.nl\/de\/sockel-gebrannter-stein-30x30x75cm\/#breadcrumb"},"inLanguage":"de","potentialAction":[{"@type":"ReadAction","target":["https:\/\/dev.eliassen.nl\/de\/sockel-gebrannter-stein-30x30x75cm\/"]}]},{"@type":"ImageObject","inLanguage":"de","@id":"https:\/\/dev.eliassen.nl\/de\/sockel-gebrannter-stein-30x30x75cm\/#primaryimage","url":"https:\/\/dev.eliassen.nl\/wp-content\/uploads\/2024\/01\/bf308585x30x30cm_2nd.jpg","contentUrl":"https:\/\/dev.eliassen.nl\/wp-content\/uploads\/2024\/01\/bf308585x30x30cm_2nd.jpg","width":599,"height":647,"caption":"bf3085-85x30x30-cm"},{"@type":"BreadcrumbList","@id":"https:\/\/dev.eliassen.nl\/de\/sockel-gebrannter-stein-30x30x75cm\/#breadcrumb","itemListElement":[{"@type":"ListItem","position":1,"name":"Home","item":"https:\/\/dev.eliassen.nl\/de\/"},{"@type":"ListItem","position":2,"name":"Shop","item":"https:\/\/dev.eliassen.nl\/nl\/winkel\/"},{"@type":"ListItem","position":3,"name":"Sockel","item":"https:\/\/dev.eliassen.nl\/de\/sockel\/"},{"@type":"ListItem","position":4,"name":"Sockel aus Naturstein","item":"https:\/\/dev.eliassen.nl\/de\/sockel\/sockel-aus-naturstein\/"},{"@type":"ListItem","position":5,"name":"Sockel gebrannter Stein 30x30x75cm"}]},{"@type":"WebSite","@id":"https:\/\/dev.eliassen.nl\/de\/#website","url":"https:\/\/dev.eliassen.nl\/de\/","name":"Eliassen Home & Garden Pleasure","description":"","publisher":{"@id":"https:\/\/dev.eliassen.nl\/de\/#organization"},"alternateName":"Eliassen.nl","potentialAction":[{"@type":"SearchAction","target":{"@type":"EntryPoint","urlTemplate":"https:\/\/dev.eliassen.nl\/de\/?s={search_term_string}"},"query-input":{"@type":"PropertyValueSpecification","valueRequired":true,"valueName":"search_term_string"}}],"inLanguage":"de"},{"@type":"Organization","@id":"https:\/\/dev.eliassen.nl\/de\/#organization","name":"Eliassen Home & Garden Pleasure","url":"https:\/\/dev.eliassen.nl\/de\/","logo":{"@type":"ImageObject","inLanguage":"de","@id":"https:\/\/dev.eliassen.nl\/de\/#\/schema\/logo\/image\/","url":"https:\/\/www.eliassen.nl\/wp-content\/uploads\/2024\/01\/logo_4nd.jpg","contentUrl":"https:\/\/www.eliassen.nl\/wp-content\/uploads\/2024\/01\/logo_4nd.jpg","width":500,"height":500,"caption":"Eliassen Home & Garden Pleasure"},"image":{"@id":"https:\/\/dev.eliassen.nl\/de\/#\/schema\/logo\/image\/"},"sameAs":["https:\/\/www.facebook.com\/TuincentrumEliassenAmmerzoden","https:\/\/www.instagram.com\/eliassenhomeandgarden\/","https:\/\/nl.pinterest.com\/eliassenhomeandgarden\/","https:\/\/www.youtube.com\/@eliassenhomegardenpleasure4558"]}]}},"df_price":225,"df_sale_price":"","df_regular_price":225,"df_image_link":"https:\/\/dev.eliassen.nl\/wp-content\/uploads\/2024\/01\/bf308585x30x30cm_2nd.jpg","image":"https:\/\/dev.eliassen.nl\/wp-content\/uploads\/2024\/01\/bf308585x30x30cm_2nd.jpg","price_search":"<span class=\"woocommerce-Price-amount amount\"><bdi><span class=\"woocommerce-Price-currencySymbol\">&euro;<\/span>&nbsp;225,00<\/bdi><\/span>","category":"Sockel","_links":{"self":[{"href":"https:\/\/dev.eliassen.nl\/de\/wp-json\/wp\/v2\/product\/12631","targetHints":{"allow":["GET"]}}],"collection":[{"href":"https:\/\/dev.eliassen.nl\/de\/wp-json\/wp\/v2\/product"}],"about":[{"href":"https:\/\/dev.eliassen.nl\/de\/wp-json\/wp\/v2\/types\/product"}],"wp:featuredmedia":[{"embeddable":true,"href":"https:\/\/dev.eliassen.nl\/de\/wp-json\/wp\/v2\/media\/12628"}],"wp:attachment":[{"href":"https:\/\/dev.eliassen.nl\/de\/wp-json\/wp\/v2\/media?parent=12631"}],"wp:term":[{"taxonomy":"product_brand","embeddable":true,"href":"https:\/\/dev.eliassen.nl\/de\/wp-json\/wp\/v2\/product_brand?post=12631"},{"taxonomy":"product_cat","embeddable":true,"href":"https:\/\/dev.eliassen.nl\/de\/wp-json\/wp\/v2\/product_cat?post=12631"},{"taxonomy":"product_tag","embeddable":true,"href":"https:\/\/dev.eliassen.nl\/de\/wp-json\/wp\/v2\/product_tag?post=12631"}],"curies":[{"name":"wp","href":"https:\/\/api.w.org\/{rel}","templated":true}]}}