{"id":12697,"date":"2019-10-28T17:32:31","date_gmt":"2019-10-28T16:32:31","guid":{"rendered":"https:\/\/www.eliassen.nl\/?product=malen-photo-frische"},"modified":"2024-12-05T15:18:06","modified_gmt":"2024-12-05T14:18:06","slug":"fotogemalde-fresh-leinwand-114x80cm","status":"publish","type":"product","link":"https:\/\/dev.eliassen.nl\/de\/fotogemalde-fresh-leinwand-114x80cm\/","title":{"rendered":"Fotogem\u00e4lde Fresh Leinwand 114x80cm"},"content":{"rendered":"<p>Eine Bereicherung f\u00fcr Ihr Zuhause ist diese Wanddekoration mit einem gestochen scharfen Foto einer Bucht, das auf stabiler Leinwand gedruckt ist. Foto geht auch \u00fcber die Seiten weiter. Die Leinwand ist auf einen starken 4,7 cm dicken Holzrahmen gespannt, mit einem Verst\u00e4rkungskreuz in der Mitte, so dass es nicht zu Verformungen kommt. Einfaches Aufh\u00e4ngen mit einer Schraube.<br \/><strong>Wir haben auch fast die gesamte Kollektion dieses Shops in unserem Gesch\u00e4ft, kommen Sie also gerne vorbei und schauen Sie sich diese Kollektion bei uns an. Wenn Sie ein Sondermodell besichtigen m\u00f6chten, rufen Sie uns bitte an oder schreiben Sie uns eine E-Mail.<\/strong><\/p>\n<ul>\n<li>Gr\u00f6\u00dfe: 114 x 80 cm.<\/li>\n<li>Dicker Holzrahmen.<\/li>\n<li>Schnell geliefert.<\/li>\n<li>Nur f\u00fcr den Innengebrauch.<\/li>\n<\/ul>\n","protected":false},"excerpt":{"rendered":"<p>Eine Bereicherung f\u00fcr Ihr Zuhause ist diese Wanddekoration mit einem gestochen scharfen Foto einer Bucht, das auf stabiler Leinwand gedruckt ist. Foto geht auch \u00fcber die Seiten weiter. Die Leinwand ist auf einen starken 4,7 cm dicken Holzrahmen gespannt, mit einem Verst\u00e4rkungskreuz in der Mitte, so dass es nicht zu Verformungen kommt. Einfaches Aufh\u00e4ngen mit &hellip;<\/p>\n","protected":false},"featured_media":12691,"template":"","meta":{"_acf_changed":false},"product_brand":[6916],"product_cat":[410,476,413],"product_tag":[],"class_list":{"0":"post-12697","1":"product","2":"type-product","3":"status-publish","4":"has-post-thumbnail","6":"product_brand-eliassen-de","7":"product_cat-gemaelde","8":"product_cat-gemaelde-auf-leinwand","9":"product_cat-gemaelde-outlet","11":"first","12":"instock","13":"sale","14":"taxable","15":"shipping-taxable","16":"purchasable","17":"product-type-simple"},"acf":[],"yoast_head":"<!-- This site is optimized with the Yoast SEO plugin v23.8 - https:\/\/yoast.com\/wordpress\/plugins\/seo\/ -->\n<title>Fotomalerei Frisch | Eliassen<\/title>\n<meta name=\"description\" content=\"Bei Eliassen k\u00f6nnen Sie das Fotogem\u00e4lde \u201eFresh\u201c online kaufen oder es live im Ausstellungsraum betrachten. Wir haben die sch\u00f6nsten Gem\u00e4lde, Gem\u00e4lde-Outlet\" \/>\n<meta name=\"robots\" content=\"noindex, follow, max-snippet:-1, max-image-preview:large, max-video-preview:-1\" \/>\n<meta property=\"og:locale\" content=\"de_DE\" \/>\n<meta property=\"og:type\" content=\"article\" \/>\n<meta property=\"og:title\" content=\"Fotomalerei Frisch | Eliassen\" \/>\n<meta property=\"og:description\" content=\"Bei Eliassen k\u00f6nnen Sie das Fotogem\u00e4lde \u201eFresh\u201c online kaufen oder es live im Ausstellungsraum betrachten. Wir haben die sch\u00f6nsten Gem\u00e4lde, Gem\u00e4lde-Outlet\" \/>\n<meta property=\"og:url\" content=\"https:\/\/dev.eliassen.nl\/de\/fotogemalde-fresh-leinwand-114x80cm\/\" \/>\n<meta property=\"og:site_name\" content=\"Eliassen.nl\" \/>\n<meta property=\"article:publisher\" content=\"https:\/\/www.facebook.com\/TuincentrumEliassenAmmerzoden\" \/>\n<meta property=\"article:modified_time\" content=\"2024-12-05T14:18:06+00:00\" \/>\n<meta property=\"og:image\" content=\"https:\/\/dev.eliassen.nl\/wp-content\/uploads\/2024\/01\/canvas08011408114x80cm.jpg\" \/>\n\t<meta property=\"og:image:width\" content=\"655\" \/>\n\t<meta property=\"og:image:height\" content=\"464\" \/>\n\t<meta property=\"og:image:type\" content=\"image\/jpeg\" \/>\n<meta name=\"twitter:card\" content=\"summary_large_image\" \/>\n<script type=\"application\/ld+json\" class=\"yoast-schema-graph\">{\"@context\":\"https:\/\/schema.org\",\"@graph\":[{\"@type\":\"WebPage\",\"@id\":\"https:\/\/dev.eliassen.nl\/de\/fotogemalde-fresh-leinwand-114x80cm\/\",\"url\":\"https:\/\/dev.eliassen.nl\/de\/fotogemalde-fresh-leinwand-114x80cm\/\",\"name\":\"Fotomalerei Frisch | Eliassen\",\"isPartOf\":{\"@id\":\"https:\/\/dev.eliassen.nl\/de\/#website\"},\"primaryImageOfPage\":{\"@id\":\"https:\/\/dev.eliassen.nl\/de\/fotogemalde-fresh-leinwand-114x80cm\/#primaryimage\"},\"image\":{\"@id\":\"https:\/\/dev.eliassen.nl\/de\/fotogemalde-fresh-leinwand-114x80cm\/#primaryimage\"},\"thumbnailUrl\":\"https:\/\/dev.eliassen.nl\/wp-content\/uploads\/2024\/01\/canvas08011408114x80cm.jpg\",\"datePublished\":\"2019-10-28T16:32:31+00:00\",\"dateModified\":\"2024-12-05T14:18:06+00:00\",\"description\":\"Bei Eliassen k\u00f6nnen Sie das Fotogem\u00e4lde \u201eFresh\u201c online kaufen oder es live im Ausstellungsraum betrachten. Wir haben die sch\u00f6nsten Gem\u00e4lde, Gem\u00e4lde-Outlet\",\"breadcrumb\":{\"@id\":\"https:\/\/dev.eliassen.nl\/de\/fotogemalde-fresh-leinwand-114x80cm\/#breadcrumb\"},\"inLanguage\":\"de\",\"potentialAction\":[{\"@type\":\"ReadAction\",\"target\":[\"https:\/\/dev.eliassen.nl\/de\/fotogemalde-fresh-leinwand-114x80cm\/\"]}]},{\"@type\":\"ImageObject\",\"inLanguage\":\"de\",\"@id\":\"https:\/\/dev.eliassen.nl\/de\/fotogemalde-fresh-leinwand-114x80cm\/#primaryimage\",\"url\":\"https:\/\/dev.eliassen.nl\/wp-content\/uploads\/2024\/01\/canvas08011408114x80cm.jpg\",\"contentUrl\":\"https:\/\/dev.eliassen.nl\/wp-content\/uploads\/2024\/01\/canvas08011408114x80cm.jpg\",\"width\":655,\"height\":464,\"caption\":\"canvas080114-08-114x80cm\"},{\"@type\":\"BreadcrumbList\",\"@id\":\"https:\/\/dev.eliassen.nl\/de\/fotogemalde-fresh-leinwand-114x80cm\/#breadcrumb\",\"itemListElement\":[{\"@type\":\"ListItem\",\"position\":1,\"name\":\"Home\",\"item\":\"https:\/\/dev.eliassen.nl\/de\/\"},{\"@type\":\"ListItem\",\"position\":2,\"name\":\"Shop\",\"item\":\"https:\/\/dev.eliassen.nl\/nl\/winkel\/\"},{\"@type\":\"ListItem\",\"position\":3,\"name\":\"Gem\u00e4lde\",\"item\":\"https:\/\/dev.eliassen.nl\/de\/gemaelde\/\"},{\"@type\":\"ListItem\",\"position\":4,\"name\":\"Gem\u00e4lde auf Leinwand\",\"item\":\"https:\/\/dev.eliassen.nl\/de\/gemaelde\/gemaelde-auf-leinwand\/\"},{\"@type\":\"ListItem\",\"position\":5,\"name\":\"Fotogem\u00e4lde Fresh Leinwand 114x80cm\"}]},{\"@type\":\"WebSite\",\"@id\":\"https:\/\/dev.eliassen.nl\/de\/#website\",\"url\":\"https:\/\/dev.eliassen.nl\/de\/\",\"name\":\"Eliassen Home & Garden Pleasure\",\"description\":\"\",\"publisher\":{\"@id\":\"https:\/\/dev.eliassen.nl\/de\/#organization\"},\"alternateName\":\"Eliassen.nl\",\"potentialAction\":[{\"@type\":\"SearchAction\",\"target\":{\"@type\":\"EntryPoint\",\"urlTemplate\":\"https:\/\/dev.eliassen.nl\/de\/?s={search_term_string}\"},\"query-input\":{\"@type\":\"PropertyValueSpecification\",\"valueRequired\":true,\"valueName\":\"search_term_string\"}}],\"inLanguage\":\"de\"},{\"@type\":\"Organization\",\"@id\":\"https:\/\/dev.eliassen.nl\/de\/#organization\",\"name\":\"Eliassen Home & Garden Pleasure\",\"url\":\"https:\/\/dev.eliassen.nl\/de\/\",\"logo\":{\"@type\":\"ImageObject\",\"inLanguage\":\"de\",\"@id\":\"https:\/\/dev.eliassen.nl\/de\/#\/schema\/logo\/image\/\",\"url\":\"https:\/\/www.eliassen.nl\/wp-content\/uploads\/2024\/01\/logo_4nd.jpg\",\"contentUrl\":\"https:\/\/www.eliassen.nl\/wp-content\/uploads\/2024\/01\/logo_4nd.jpg\",\"width\":500,\"height\":500,\"caption\":\"Eliassen Home & Garden Pleasure\"},\"image\":{\"@id\":\"https:\/\/dev.eliassen.nl\/de\/#\/schema\/logo\/image\/\"},\"sameAs\":[\"https:\/\/www.facebook.com\/TuincentrumEliassenAmmerzoden\",\"https:\/\/www.instagram.com\/eliassenhomeandgarden\/\",\"https:\/\/nl.pinterest.com\/eliassenhomeandgarden\/\",\"https:\/\/www.youtube.com\/@eliassenhomegardenpleasure4558\"]}]}<\/script>\n<!-- \/ Yoast SEO plugin. -->","yoast_head_json":{"title":"Fotomalerei Frisch | Eliassen","description":"Bei Eliassen k\u00f6nnen Sie das Fotogem\u00e4lde \u201eFresh\u201c online kaufen oder es live im Ausstellungsraum betrachten. Wir haben die sch\u00f6nsten Gem\u00e4lde, Gem\u00e4lde-Outlet","robots":{"index":"noindex","follow":"follow","max-snippet":"max-snippet:-1","max-image-preview":"max-image-preview:large","max-video-preview":"max-video-preview:-1"},"og_locale":"de_DE","og_type":"article","og_title":"Fotomalerei Frisch | Eliassen","og_description":"Bei Eliassen k\u00f6nnen Sie das Fotogem\u00e4lde \u201eFresh\u201c online kaufen oder es live im Ausstellungsraum betrachten. Wir haben die sch\u00f6nsten Gem\u00e4lde, Gem\u00e4lde-Outlet","og_url":"https:\/\/dev.eliassen.nl\/de\/fotogemalde-fresh-leinwand-114x80cm\/","og_site_name":"Eliassen.nl","article_publisher":"https:\/\/www.facebook.com\/TuincentrumEliassenAmmerzoden","article_modified_time":"2024-12-05T14:18:06+00:00","og_image":[{"width":655,"height":464,"url":"https:\/\/dev.eliassen.nl\/wp-content\/uploads\/2024\/01\/canvas08011408114x80cm.jpg","type":"image\/jpeg"}],"twitter_card":"summary_large_image","schema":{"@context":"https:\/\/schema.org","@graph":[{"@type":"WebPage","@id":"https:\/\/dev.eliassen.nl\/de\/fotogemalde-fresh-leinwand-114x80cm\/","url":"https:\/\/dev.eliassen.nl\/de\/fotogemalde-fresh-leinwand-114x80cm\/","name":"Fotomalerei Frisch | Eliassen","isPartOf":{"@id":"https:\/\/dev.eliassen.nl\/de\/#website"},"primaryImageOfPage":{"@id":"https:\/\/dev.eliassen.nl\/de\/fotogemalde-fresh-leinwand-114x80cm\/#primaryimage"},"image":{"@id":"https:\/\/dev.eliassen.nl\/de\/fotogemalde-fresh-leinwand-114x80cm\/#primaryimage"},"thumbnailUrl":"https:\/\/dev.eliassen.nl\/wp-content\/uploads\/2024\/01\/canvas08011408114x80cm.jpg","datePublished":"2019-10-28T16:32:31+00:00","dateModified":"2024-12-05T14:18:06+00:00","description":"Bei Eliassen k\u00f6nnen Sie das Fotogem\u00e4lde \u201eFresh\u201c online kaufen oder es live im Ausstellungsraum betrachten. Wir haben die sch\u00f6nsten Gem\u00e4lde, Gem\u00e4lde-Outlet","breadcrumb":{"@id":"https:\/\/dev.eliassen.nl\/de\/fotogemalde-fresh-leinwand-114x80cm\/#breadcrumb"},"inLanguage":"de","potentialAction":[{"@type":"ReadAction","target":["https:\/\/dev.eliassen.nl\/de\/fotogemalde-fresh-leinwand-114x80cm\/"]}]},{"@type":"ImageObject","inLanguage":"de","@id":"https:\/\/dev.eliassen.nl\/de\/fotogemalde-fresh-leinwand-114x80cm\/#primaryimage","url":"https:\/\/dev.eliassen.nl\/wp-content\/uploads\/2024\/01\/canvas08011408114x80cm.jpg","contentUrl":"https:\/\/dev.eliassen.nl\/wp-content\/uploads\/2024\/01\/canvas08011408114x80cm.jpg","width":655,"height":464,"caption":"canvas080114-08-114x80cm"},{"@type":"BreadcrumbList","@id":"https:\/\/dev.eliassen.nl\/de\/fotogemalde-fresh-leinwand-114x80cm\/#breadcrumb","itemListElement":[{"@type":"ListItem","position":1,"name":"Home","item":"https:\/\/dev.eliassen.nl\/de\/"},{"@type":"ListItem","position":2,"name":"Shop","item":"https:\/\/dev.eliassen.nl\/nl\/winkel\/"},{"@type":"ListItem","position":3,"name":"Gem\u00e4lde","item":"https:\/\/dev.eliassen.nl\/de\/gemaelde\/"},{"@type":"ListItem","position":4,"name":"Gem\u00e4lde auf Leinwand","item":"https:\/\/dev.eliassen.nl\/de\/gemaelde\/gemaelde-auf-leinwand\/"},{"@type":"ListItem","position":5,"name":"Fotogem\u00e4lde Fresh Leinwand 114x80cm"}]},{"@type":"WebSite","@id":"https:\/\/dev.eliassen.nl\/de\/#website","url":"https:\/\/dev.eliassen.nl\/de\/","name":"Eliassen Home & Garden Pleasure","description":"","publisher":{"@id":"https:\/\/dev.eliassen.nl\/de\/#organization"},"alternateName":"Eliassen.nl","potentialAction":[{"@type":"SearchAction","target":{"@type":"EntryPoint","urlTemplate":"https:\/\/dev.eliassen.nl\/de\/?s={search_term_string}"},"query-input":{"@type":"PropertyValueSpecification","valueRequired":true,"valueName":"search_term_string"}}],"inLanguage":"de"},{"@type":"Organization","@id":"https:\/\/dev.eliassen.nl\/de\/#organization","name":"Eliassen Home & Garden Pleasure","url":"https:\/\/dev.eliassen.nl\/de\/","logo":{"@type":"ImageObject","inLanguage":"de","@id":"https:\/\/dev.eliassen.nl\/de\/#\/schema\/logo\/image\/","url":"https:\/\/www.eliassen.nl\/wp-content\/uploads\/2024\/01\/logo_4nd.jpg","contentUrl":"https:\/\/www.eliassen.nl\/wp-content\/uploads\/2024\/01\/logo_4nd.jpg","width":500,"height":500,"caption":"Eliassen Home & Garden Pleasure"},"image":{"@id":"https:\/\/dev.eliassen.nl\/de\/#\/schema\/logo\/image\/"},"sameAs":["https:\/\/www.facebook.com\/TuincentrumEliassenAmmerzoden","https:\/\/www.instagram.com\/eliassenhomeandgarden\/","https:\/\/nl.pinterest.com\/eliassenhomeandgarden\/","https:\/\/www.youtube.com\/@eliassenhomegardenpleasure4558"]}]}},"df_price":30,"df_sale_price":30,"df_regular_price":65,"df_image_link":"https:\/\/dev.eliassen.nl\/wp-content\/uploads\/2024\/01\/canvas08011408114x80cm.jpg","image":"https:\/\/dev.eliassen.nl\/wp-content\/uploads\/2024\/01\/canvas08011408114x80cm.jpg","price_search":"<span class=\"woocommerce-Price-amount amount\"><bdi><span class=\"woocommerce-Price-currencySymbol\">&euro;<\/span>&nbsp;30,00<\/bdi><\/span>","category":"Gem\u00e4lde","_links":{"self":[{"href":"https:\/\/dev.eliassen.nl\/de\/wp-json\/wp\/v2\/product\/12697","targetHints":{"allow":["GET"]}}],"collection":[{"href":"https:\/\/dev.eliassen.nl\/de\/wp-json\/wp\/v2\/product"}],"about":[{"href":"https:\/\/dev.eliassen.nl\/de\/wp-json\/wp\/v2\/types\/product"}],"wp:featuredmedia":[{"embeddable":true,"href":"https:\/\/dev.eliassen.nl\/de\/wp-json\/wp\/v2\/media\/12691"}],"wp:attachment":[{"href":"https:\/\/dev.eliassen.nl\/de\/wp-json\/wp\/v2\/media?parent=12697"}],"wp:term":[{"taxonomy":"product_brand","embeddable":true,"href":"https:\/\/dev.eliassen.nl\/de\/wp-json\/wp\/v2\/product_brand?post=12697"},{"taxonomy":"product_cat","embeddable":true,"href":"https:\/\/dev.eliassen.nl\/de\/wp-json\/wp\/v2\/product_cat?post=12697"},{"taxonomy":"product_tag","embeddable":true,"href":"https:\/\/dev.eliassen.nl\/de\/wp-json\/wp\/v2\/product_tag?post=12697"}],"curies":[{"name":"wp","href":"https:\/\/api.w.org\/{rel}","templated":true}]}}