{"id":127110,"date":"2019-10-28T15:57:43","date_gmt":"2019-10-28T14:57:43","guid":{"rendered":"https:\/\/www.eliassen.nl\/?product=oase-pumpen-1000-12000-liter-fuer-proffessioneel-g"},"modified":"2024-12-05T16:44:22","modified_gmt":"2024-12-05T15:44:22","slug":"oasis-aquarius-wasserbrunnen-und-springbrunnenpumpen","status":"publish","type":"product","link":"https:\/\/dev.eliassen.nl\/de\/oasis-aquarius-wasserbrunnen-und-springbrunnenpumpen\/","title":{"rendered":"Oasis Aquarius Wasserbrunnen und Springbrunnenpumpen"},"content":{"rendered":"<p>F\u00fcr Firmen und Institutionen und den fanatischen Brunnenbenutzer, der das Ornament oder den Brunnen sehr oft betreibt, sind diese Pumpen von Oase zu empfehlen, die sich aufgrund des geringen Stromverbrauchs und der sehr langlebigen Materialien sehr schnell amortisieren. Dies ist auch eine gute Wahl, wenn es um Sicherheit geht. Auf der Au\u00dfenseite befindet sich eine Erdungsplatte statt eingelassen, so dass der geringste Leckstrom erkannt wird und die Pumpe ausf\u00e4llt. Wenn man vergisst, das Wasser nachzuf\u00fcllen, und die Pumpe f\u00fcr eine Weile trocken l\u00e4uft, brennt sie nicht, aber die Pumpe schaltet sich aus Die Pumpe kann bis zu -20 Grad im Wasser sein, ist sehr ger\u00e4uscharm. Auf der Saugseite kann die Wassermenge eingestellt werden. Ausgestattet mit einem 10 m langen Gummikabel.Alle diese Pumpen k\u00f6nnen auch in einer sogenannten Trockeninstallation verwendet werden.Mehr 5 Jahre Garantie auf diese Pumpen (auf drehende Teile 2 Jahre) <br \/><span style=\"color: #ff0000;\">W\u00e4hlen Sie hier Ihre Implementierung. <br \/>Siehe die folgenden Spezifikationen. <\/p>\n<p><strong><span style=\"color: #000000;\">Spezifikationen<\/span><\/strong><\/span> <span style=\"color: #000000;\"><strong>Oasis aquarius 1000:<\/strong> <br \/>* Max. Kopfh\u00f6he 1,5 m <br \/>* Anschlussseite 1\/2 &#8221; <br \/>* Filterfl\u00e4che 75 cm2 <br \/>* Netzspannung 220V \/ 50Hz <br \/>* Leistungsaufnahme 15 Watt <br \/>* Abmessung (LxBxH) 125 x 80 x 75 mm <\/p>\n<p><strong>Spezifikationen Oasis Wassermann 1500:<\/strong> <br \/>* Max. 1500 l \/ h <br \/>* Max. Kopfh\u00f6he 1,8 m <br \/>* Anschlussseite 1\/2 &#8221; <br \/>* Filterfl\u00e4che 75 cm2 <br \/>* Netzspannung 220V \/ 50Hz <br \/>* Leistungsaufnahme 18 Watt <br \/>* Abmessung (LxBxH) 125 x 80 x 75 mm <\/p>\n<p><strong>Spezifikationen Oasis Wassermann 2000:<\/strong> <br \/>* Max. 2000 l \/ h <br \/>* Max. Kopfh\u00f6he 2,0 m <br \/>* Anschlussseite 1\/2 &#8221; <br \/>* Filterfl\u00e4che 75 cm2 <br \/>* Netzspannung 220V \/ 50Hz <br \/>* Stromverbrauch 25 Watt <br \/>* Abmessung (LxBxH) 125 x 80 x 75 mm <\/p>\n<p><strong>Technische Daten Oase Aquarius 3000:<\/strong> <br \/>* Max. 3000 l \/ h <br \/>* Max. Kopfh\u00f6he 3,2m <br \/>* Anschlussseite 1 &#8221; <br \/>* Filterfl\u00e4che 200 cm2 <br \/>* Netzspannung 220V \/ 50Hz <br \/>* Stromverbrauch 40 Watt <br \/>* Abmessungen (LxBxH) 245 x 130 x 140 mm <\/p>\n<p><strong>Technische Daten Oasis Aquarius 4000:<\/strong> <br \/>* Max. 4000 l \/ h <br \/>* Max. Kopfh\u00f6he 3,4 m <br \/>* Anschlussseite 1 &#8221; <br \/>* Filterfl\u00e4che 200 cm2 <br \/>* Netzspannung 220V \/ 50Hz <br \/>* Stromverbrauch 50 Watt <br \/>* Abmessungen (LxBxH) 245 x 130 x 140 mm <\/p>\n<p><strong>Technische Daten Oasis Aquarius 5000:<\/strong> <br \/>* Max. 5000 l \/ h <br \/>* Max. Kopfh\u00f6he 4,5 m <br \/>* Anschlussseite 1 &#8221; <br \/>* Filterfl\u00e4che 200 cm2 <br \/>* Netzspannung 220V \/ 50Hz <br \/>* Leistungsaufnahme 85 Watt <br \/>* Abmessung (LxBxH) 315 x 140 x 130 mm <\/p>\n<p><strong>Technische Daten Oasis Aquarius 6000:<\/strong> <br \/>* Max. 5000 l \/ h <br \/>* Max. Kopfh\u00f6he 5,5 m <br \/>* Anschlussseite 1 &#8221; <br \/>* Filterfl\u00e4che 200 cm2 <br \/>* Netzspannung 220V \/ 50Hz <br \/>* Stromverbrauch 110 Watt <br \/>* Abmessung (LxBxH) 315 x 140 x 130 mm <\/p>\n<p><strong>Spezifikationen Oasis Wassermann 9000:<\/strong> <br \/>* Max. 9000 l \/ h <br \/>* Max. Kopfh\u00f6he 6,0 m <br \/>* Anschlussseite 1.1 \/ 2 &#8221; <br \/>* Filterfl\u00e4che 223 cm2 <br \/>* 10 Meter Kabel <br \/>* Netzspannung 220V \/ 50Hz <br \/>* Stromverbrauch 195 Watt <br \/>* Abmessung (LxBxH) 340 x 160 x 160 mm <\/p>\n<p><strong>Technische Daten Oasis Aquarius 12000:<\/strong> <br \/>* Max. 12.000 l \/ h <br \/>* Max. Kopfh\u00f6he 7,0m <br \/>* Anschlussseite 1.1 \/ 2 &#8221; <br \/>* Filterfl\u00e4che 223 cm2 <br \/>* 10 Meter Kabel <br \/>* Netzspannung 220V \/ 50Hz <br \/>* Leistungsaufnahme 270 Watt <br \/>* Abmessung (LxBxH) 340 x 160 x 160 mm <\/p>\n<p><\/span><\/p>\n","protected":false},"excerpt":{"rendered":"<p>Oasis Pumps 1000-12000 Liter f\u00fcr den professionellen Einsatz.<\/p>\n","protected":false},"featured_media":6022,"template":"","meta":{"_acf_changed":false},"product_brand":[6932],"product_cat":[545,536],"product_tag":[],"class_list":{"0":"post-127110","1":"product","2":"type-product","3":"status-publish","4":"has-post-thumbnail","6":"product_brand-oase-de","7":"product_cat-teile-wasserspiele","8":"product_cat-wassereigenschaften","10":"first","11":"instock","12":"taxable","13":"shipping-taxable","14":"purchasable","15":"product-type-variable"},"acf":[],"yoast_head":"<!-- This site is optimized with the Yoast SEO plugin v23.8 - https:\/\/yoast.com\/wordpress\/plugins\/seo\/ -->\n<title>Oasis Aquarius Wasserbrunnen und Springbrunnenpumpen<\/title>\n<meta name=\"description\" content=\"Oasis Pumps 1000-12000 Liter f\u00fcr den professionellen Einsatz.\" \/>\n<meta name=\"robots\" content=\"noindex, follow, max-snippet:-1, max-image-preview:large, max-video-preview:-1\" \/>\n<meta property=\"og:locale\" content=\"de_DE\" \/>\n<meta property=\"og:type\" content=\"article\" \/>\n<meta property=\"og:title\" content=\"Oasis Aquarius Wasserbrunnen und Springbrunnenpumpen\" \/>\n<meta property=\"og:description\" content=\"Oasis Pumps 1000-12000 Liter f\u00fcr den professionellen Einsatz.\" \/>\n<meta property=\"og:url\" content=\"https:\/\/dev.eliassen.nl\/de\/oasis-aquarius-wasserbrunnen-und-springbrunnenpumpen\/\" \/>\n<meta property=\"og:site_name\" content=\"Eliassen.nl\" \/>\n<meta property=\"article:publisher\" content=\"https:\/\/www.facebook.com\/TuincentrumEliassenAmmerzoden\" \/>\n<meta property=\"article:modified_time\" content=\"2024-12-05T15:44:22+00:00\" \/>\n<meta property=\"og:image\" content=\"https:\/\/dev.eliassen.nl\/wp-content\/uploads\/2024\/01\/5000.jpg\" \/>\n\t<meta property=\"og:image:width\" content=\"416\" \/>\n\t<meta property=\"og:image:height\" content=\"199\" \/>\n\t<meta property=\"og:image:type\" content=\"image\/jpeg\" \/>\n<meta name=\"twitter:card\" content=\"summary_large_image\" \/>\n<script type=\"application\/ld+json\" class=\"yoast-schema-graph\">{\"@context\":\"https:\/\/schema.org\",\"@graph\":[{\"@type\":\"WebPage\",\"@id\":\"https:\/\/dev.eliassen.nl\/de\/oasis-aquarius-wasserbrunnen-und-springbrunnenpumpen\/\",\"url\":\"https:\/\/dev.eliassen.nl\/de\/oasis-aquarius-wasserbrunnen-und-springbrunnenpumpen\/\",\"name\":\"Oasis Aquarius Wasserbrunnen und Springbrunnenpumpen\",\"isPartOf\":{\"@id\":\"https:\/\/dev.eliassen.nl\/de\/#website\"},\"primaryImageOfPage\":{\"@id\":\"https:\/\/dev.eliassen.nl\/de\/oasis-aquarius-wasserbrunnen-und-springbrunnenpumpen\/#primaryimage\"},\"image\":{\"@id\":\"https:\/\/dev.eliassen.nl\/de\/oasis-aquarius-wasserbrunnen-und-springbrunnenpumpen\/#primaryimage\"},\"thumbnailUrl\":\"https:\/\/dev.eliassen.nl\/wp-content\/uploads\/2024\/01\/5000.jpg\",\"datePublished\":\"2019-10-28T14:57:43+00:00\",\"dateModified\":\"2024-12-05T15:44:22+00:00\",\"description\":\"Oasis Pumps 1000-12000 Liter f\u00fcr den professionellen Einsatz.\",\"breadcrumb\":{\"@id\":\"https:\/\/dev.eliassen.nl\/de\/oasis-aquarius-wasserbrunnen-und-springbrunnenpumpen\/#breadcrumb\"},\"inLanguage\":\"de\",\"potentialAction\":[{\"@type\":\"ReadAction\",\"target\":[\"https:\/\/dev.eliassen.nl\/de\/oasis-aquarius-wasserbrunnen-und-springbrunnenpumpen\/\"]}]},{\"@type\":\"ImageObject\",\"inLanguage\":\"de\",\"@id\":\"https:\/\/dev.eliassen.nl\/de\/oasis-aquarius-wasserbrunnen-und-springbrunnenpumpen\/#primaryimage\",\"url\":\"https:\/\/dev.eliassen.nl\/wp-content\/uploads\/2024\/01\/5000.jpg\",\"contentUrl\":\"https:\/\/dev.eliassen.nl\/wp-content\/uploads\/2024\/01\/5000.jpg\",\"width\":416,\"height\":199,\"caption\":\"5000\"},{\"@type\":\"BreadcrumbList\",\"@id\":\"https:\/\/dev.eliassen.nl\/de\/oasis-aquarius-wasserbrunnen-und-springbrunnenpumpen\/#breadcrumb\",\"itemListElement\":[{\"@type\":\"ListItem\",\"position\":1,\"name\":\"Home\",\"item\":\"https:\/\/dev.eliassen.nl\/de\/\"},{\"@type\":\"ListItem\",\"position\":2,\"name\":\"Shop\",\"item\":\"https:\/\/dev.eliassen.nl\/nl\/winkel\/\"},{\"@type\":\"ListItem\",\"position\":3,\"name\":\"Wasserspiele\",\"item\":\"https:\/\/dev.eliassen.nl\/de\/wassereigenschaften\/\"},{\"@type\":\"ListItem\",\"position\":4,\"name\":\"Teile Wasserspiele\",\"item\":\"https:\/\/dev.eliassen.nl\/de\/wassereigenschaften\/teile-wasserspiele\/\"},{\"@type\":\"ListItem\",\"position\":5,\"name\":\"Oasis Aquarius Wasserbrunnen und Springbrunnenpumpen\"}]},{\"@type\":\"WebSite\",\"@id\":\"https:\/\/dev.eliassen.nl\/de\/#website\",\"url\":\"https:\/\/dev.eliassen.nl\/de\/\",\"name\":\"Eliassen Home & Garden Pleasure\",\"description\":\"\",\"publisher\":{\"@id\":\"https:\/\/dev.eliassen.nl\/de\/#organization\"},\"alternateName\":\"Eliassen.nl\",\"potentialAction\":[{\"@type\":\"SearchAction\",\"target\":{\"@type\":\"EntryPoint\",\"urlTemplate\":\"https:\/\/dev.eliassen.nl\/de\/?s={search_term_string}\"},\"query-input\":{\"@type\":\"PropertyValueSpecification\",\"valueRequired\":true,\"valueName\":\"search_term_string\"}}],\"inLanguage\":\"de\"},{\"@type\":\"Organization\",\"@id\":\"https:\/\/dev.eliassen.nl\/de\/#organization\",\"name\":\"Eliassen Home & Garden Pleasure\",\"url\":\"https:\/\/dev.eliassen.nl\/de\/\",\"logo\":{\"@type\":\"ImageObject\",\"inLanguage\":\"de\",\"@id\":\"https:\/\/dev.eliassen.nl\/de\/#\/schema\/logo\/image\/\",\"url\":\"https:\/\/www.eliassen.nl\/wp-content\/uploads\/2024\/01\/logo_4nd.jpg\",\"contentUrl\":\"https:\/\/www.eliassen.nl\/wp-content\/uploads\/2024\/01\/logo_4nd.jpg\",\"width\":500,\"height\":500,\"caption\":\"Eliassen Home & Garden Pleasure\"},\"image\":{\"@id\":\"https:\/\/dev.eliassen.nl\/de\/#\/schema\/logo\/image\/\"},\"sameAs\":[\"https:\/\/www.facebook.com\/TuincentrumEliassenAmmerzoden\",\"https:\/\/www.instagram.com\/eliassenhomeandgarden\/\",\"https:\/\/nl.pinterest.com\/eliassenhomeandgarden\/\",\"https:\/\/www.youtube.com\/@eliassenhomegardenpleasure4558\"]}]}<\/script>\n<!-- \/ Yoast SEO plugin. -->","yoast_head_json":{"title":"Oasis Aquarius Wasserbrunnen und Springbrunnenpumpen","description":"Oasis Pumps 1000-12000 Liter f\u00fcr den professionellen Einsatz.","robots":{"index":"noindex","follow":"follow","max-snippet":"max-snippet:-1","max-image-preview":"max-image-preview:large","max-video-preview":"max-video-preview:-1"},"og_locale":"de_DE","og_type":"article","og_title":"Oasis Aquarius Wasserbrunnen und Springbrunnenpumpen","og_description":"Oasis Pumps 1000-12000 Liter f\u00fcr den professionellen Einsatz.","og_url":"https:\/\/dev.eliassen.nl\/de\/oasis-aquarius-wasserbrunnen-und-springbrunnenpumpen\/","og_site_name":"Eliassen.nl","article_publisher":"https:\/\/www.facebook.com\/TuincentrumEliassenAmmerzoden","article_modified_time":"2024-12-05T15:44:22+00:00","og_image":[{"width":416,"height":199,"url":"https:\/\/dev.eliassen.nl\/wp-content\/uploads\/2024\/01\/5000.jpg","type":"image\/jpeg"}],"twitter_card":"summary_large_image","schema":{"@context":"https:\/\/schema.org","@graph":[{"@type":"WebPage","@id":"https:\/\/dev.eliassen.nl\/de\/oasis-aquarius-wasserbrunnen-und-springbrunnenpumpen\/","url":"https:\/\/dev.eliassen.nl\/de\/oasis-aquarius-wasserbrunnen-und-springbrunnenpumpen\/","name":"Oasis Aquarius Wasserbrunnen und Springbrunnenpumpen","isPartOf":{"@id":"https:\/\/dev.eliassen.nl\/de\/#website"},"primaryImageOfPage":{"@id":"https:\/\/dev.eliassen.nl\/de\/oasis-aquarius-wasserbrunnen-und-springbrunnenpumpen\/#primaryimage"},"image":{"@id":"https:\/\/dev.eliassen.nl\/de\/oasis-aquarius-wasserbrunnen-und-springbrunnenpumpen\/#primaryimage"},"thumbnailUrl":"https:\/\/dev.eliassen.nl\/wp-content\/uploads\/2024\/01\/5000.jpg","datePublished":"2019-10-28T14:57:43+00:00","dateModified":"2024-12-05T15:44:22+00:00","description":"Oasis Pumps 1000-12000 Liter f\u00fcr den professionellen Einsatz.","breadcrumb":{"@id":"https:\/\/dev.eliassen.nl\/de\/oasis-aquarius-wasserbrunnen-und-springbrunnenpumpen\/#breadcrumb"},"inLanguage":"de","potentialAction":[{"@type":"ReadAction","target":["https:\/\/dev.eliassen.nl\/de\/oasis-aquarius-wasserbrunnen-und-springbrunnenpumpen\/"]}]},{"@type":"ImageObject","inLanguage":"de","@id":"https:\/\/dev.eliassen.nl\/de\/oasis-aquarius-wasserbrunnen-und-springbrunnenpumpen\/#primaryimage","url":"https:\/\/dev.eliassen.nl\/wp-content\/uploads\/2024\/01\/5000.jpg","contentUrl":"https:\/\/dev.eliassen.nl\/wp-content\/uploads\/2024\/01\/5000.jpg","width":416,"height":199,"caption":"5000"},{"@type":"BreadcrumbList","@id":"https:\/\/dev.eliassen.nl\/de\/oasis-aquarius-wasserbrunnen-und-springbrunnenpumpen\/#breadcrumb","itemListElement":[{"@type":"ListItem","position":1,"name":"Home","item":"https:\/\/dev.eliassen.nl\/de\/"},{"@type":"ListItem","position":2,"name":"Shop","item":"https:\/\/dev.eliassen.nl\/nl\/winkel\/"},{"@type":"ListItem","position":3,"name":"Wasserspiele","item":"https:\/\/dev.eliassen.nl\/de\/wassereigenschaften\/"},{"@type":"ListItem","position":4,"name":"Teile Wasserspiele","item":"https:\/\/dev.eliassen.nl\/de\/wassereigenschaften\/teile-wasserspiele\/"},{"@type":"ListItem","position":5,"name":"Oasis Aquarius Wasserbrunnen und Springbrunnenpumpen"}]},{"@type":"WebSite","@id":"https:\/\/dev.eliassen.nl\/de\/#website","url":"https:\/\/dev.eliassen.nl\/de\/","name":"Eliassen Home & Garden Pleasure","description":"","publisher":{"@id":"https:\/\/dev.eliassen.nl\/de\/#organization"},"alternateName":"Eliassen.nl","potentialAction":[{"@type":"SearchAction","target":{"@type":"EntryPoint","urlTemplate":"https:\/\/dev.eliassen.nl\/de\/?s={search_term_string}"},"query-input":{"@type":"PropertyValueSpecification","valueRequired":true,"valueName":"search_term_string"}}],"inLanguage":"de"},{"@type":"Organization","@id":"https:\/\/dev.eliassen.nl\/de\/#organization","name":"Eliassen Home & Garden Pleasure","url":"https:\/\/dev.eliassen.nl\/de\/","logo":{"@type":"ImageObject","inLanguage":"de","@id":"https:\/\/dev.eliassen.nl\/de\/#\/schema\/logo\/image\/","url":"https:\/\/www.eliassen.nl\/wp-content\/uploads\/2024\/01\/logo_4nd.jpg","contentUrl":"https:\/\/www.eliassen.nl\/wp-content\/uploads\/2024\/01\/logo_4nd.jpg","width":500,"height":500,"caption":"Eliassen Home & Garden Pleasure"},"image":{"@id":"https:\/\/dev.eliassen.nl\/de\/#\/schema\/logo\/image\/"},"sameAs":["https:\/\/www.facebook.com\/TuincentrumEliassenAmmerzoden","https:\/\/www.instagram.com\/eliassenhomeandgarden\/","https:\/\/nl.pinterest.com\/eliassenhomeandgarden\/","https:\/\/www.youtube.com\/@eliassenhomegardenpleasure4558"]}]}},"df_price":114.5,"df_sale_price":"","df_regular_price":114.5,"df_image_link":"https:\/\/dev.eliassen.nl\/wp-content\/uploads\/2024\/01\/5000.jpg","image":"https:\/\/dev.eliassen.nl\/wp-content\/uploads\/2024\/01\/5000.jpg","price_search":"<span class=\"woocommerce-Price-amount amount\"><bdi><span class=\"woocommerce-Price-currencySymbol\">&euro;<\/span>&nbsp;114,50<\/bdi><\/span>","category":"Teile Wasserspiele","_links":{"self":[{"href":"https:\/\/dev.eliassen.nl\/de\/wp-json\/wp\/v2\/product\/127110","targetHints":{"allow":["GET"]}}],"collection":[{"href":"https:\/\/dev.eliassen.nl\/de\/wp-json\/wp\/v2\/product"}],"about":[{"href":"https:\/\/dev.eliassen.nl\/de\/wp-json\/wp\/v2\/types\/product"}],"wp:featuredmedia":[{"embeddable":true,"href":"https:\/\/dev.eliassen.nl\/de\/wp-json\/wp\/v2\/media\/6022"}],"wp:attachment":[{"href":"https:\/\/dev.eliassen.nl\/de\/wp-json\/wp\/v2\/media?parent=127110"}],"wp:term":[{"taxonomy":"product_brand","embeddable":true,"href":"https:\/\/dev.eliassen.nl\/de\/wp-json\/wp\/v2\/product_brand?post=127110"},{"taxonomy":"product_cat","embeddable":true,"href":"https:\/\/dev.eliassen.nl\/de\/wp-json\/wp\/v2\/product_cat?post=127110"},{"taxonomy":"product_tag","embeddable":true,"href":"https:\/\/dev.eliassen.nl\/de\/wp-json\/wp\/v2\/product_tag?post=127110"}],"curies":[{"name":"wp","href":"https:\/\/api.w.org\/{rel}","templated":true}]}}