{"id":127262,"date":"2019-10-28T16:00:19","date_gmt":"2019-10-28T15:00:19","guid":{"rendered":"https:\/\/www.eliassen.nl\/?product=ubbink-mamba-wasserfall-acqua-arte"},"modified":"2024-12-05T16:44:37","modified_gmt":"2024-12-05T15:44:37","slug":"edelstahl-wasserspiel-ubbink-mamba-in-2-versionen","status":"publish","type":"product","link":"https:\/\/dev.eliassen.nl\/de\/edelstahl-wasserspiel-ubbink-mamba-in-2-versionen\/","title":{"rendered":"Edelstahl-Wasserspiel Ubbink Mamba in 2 Versionen"},"content":{"rendered":"<p><strong>M\u00f6chten Sie hierf\u00fcr den Showroom besuchen? Bitte kontaktieren Sie uns vorab!<\/strong><\/p>\n<p>Das Wasserspiel aus Edelstahl hat ein elegantes und modernes Design. Sie k\u00f6nnen den Wasserfall vor dem Teich und auf einem Wassertank mit Gitter verwenden. Der Wasserfall besteht aus Edelstahl Inox 316L. Erh\u00e4ltlich mit oder ohne LED-Streifen.<\/p>\n<p>Dank des integrierten LED-Punkts kann der Wasserfall auch in den dunklen Stunden des Tages zum Mittelpunkt Ihres Teichs oder Gartens werden. Das Zubeh\u00f6r zum Anschluss des Wasserfalls an eine bestehende Installation ist im Lieferumfang enthalten. Im Lieferumfang ist au\u00dferdem Montagematerial f\u00fcr die Installation des Edelstahl-Wasserfalls auf Holz oder Beton enthalten.<\/p>\n<p>Haben Sie eine Frage zu diesem Artikel? Sie k\u00f6nnen uns gerne kontaktieren.<\/p>\n<p><strong>Spezifikationen:<br \/><\/strong><\/p>\n<ul>\n<li>Abmessungen (HxBxT): 54 x 30 x 50 cm<\/li>\n<li>Material: Edelstahl 316<\/li>\n<li>Anschluss: 38 und 50 mm<\/li>\n<li>Empfohlene Pumpe: Zwischen 6000\/12000 L\/H<\/li>\n<li>Anzahl der LEDs: 20<\/li>\n<li>Farb-LEDs: Blau<\/li>\n<li>Kabell\u00e4nge LED-Streifen: 5 Meter<\/li>\n<li>Leistung: 2,5 Watt<\/li>\n<li>Weitere ben\u00f6tigte Beh\u00e4lter, Deckel und Pumpen finden Sie in der Gruppe Zubeh\u00f6r.<\/li>\n<\/ul>\n<p><iframe loading=\"lazy\" src=\"\/\/www.youtube.com\/embed\/WRXGJ-HxOc8\" width=\"300\" height=\"247\" frameborder=\"0\"><\/iframe><video controls=\"controls\" width=\"400\" height=\"200\"><source src=\"https:\/\/cdn.webshopapp.com\/shops\/289658\/files\/443928104\/ubbink-rvs-waterornament-ubbink-mamba-in-2-uitvoer.mp4\" type=\"video\/mp4\" \/><\/video><\/p>\n<p>Vergessen Sie nicht, unser Ausstellungsgel\u00e4nde mit 300 Models zu besuchen!<\/p>\n","protected":false},"excerpt":{"rendered":"<p>M\u00f6chten Sie hierf\u00fcr den Showroom besuchen? Bitte kontaktieren Sie uns vorab!<\/p>\n","protected":false},"featured_media":127254,"template":"","meta":{"_acf_changed":false},"product_brand":[6918],"product_cat":[575,578,536,566],"product_tag":[],"class_list":{"0":"post-127262","1":"product","2":"type-product","3":"status-publish","4":"has-post-thumbnail","6":"product_brand-ubbink-de","7":"product_cat-ubbink-wasserspiele","8":"product_cat-wasserfaelle-und-wasserschalen","9":"product_cat-wassereigenschaften","10":"product_cat-wasserspiele-aus-edelstahl","12":"first","13":"instock","14":"taxable","15":"shipping-taxable","16":"purchasable","17":"product-type-variable"},"acf":[],"yoast_head":"<!-- This site is optimized with the Yoast SEO plugin v23.8 - https:\/\/yoast.com\/wordpress\/plugins\/seo\/ -->\n<title>Edelstahl-Wasserspiel Ubbink in 2 Versionen - Eliassen.nl<\/title>\n<meta name=\"description\" content=\"Ein wundersch\u00f6nes Wasserspiel aus Edelstahl f\u00fcr den Garten. Aus Edelstahl. Dieses moderne Wasserspiel f\u00fcr den Garten kann auch in unserem Showroom besichtigt...\" \/>\n<meta name=\"robots\" content=\"noindex, follow, max-snippet:-1, max-image-preview:large, max-video-preview:-1\" \/>\n<meta property=\"og:locale\" content=\"de_DE\" \/>\n<meta property=\"og:type\" content=\"article\" \/>\n<meta property=\"og:title\" content=\"Edelstahl-Wasserspiel Ubbink in 2 Versionen - Eliassen.nl\" \/>\n<meta property=\"og:description\" content=\"Ein wundersch\u00f6nes Wasserspiel aus Edelstahl f\u00fcr den Garten. Aus Edelstahl. Dieses moderne Wasserspiel f\u00fcr den Garten kann auch in unserem Showroom besichtigt...\" \/>\n<meta property=\"og:url\" content=\"https:\/\/dev.eliassen.nl\/de\/edelstahl-wasserspiel-ubbink-mamba-in-2-versionen\/\" \/>\n<meta property=\"og:site_name\" content=\"Eliassen.nl\" \/>\n<meta property=\"article:publisher\" content=\"https:\/\/www.facebook.com\/TuincentrumEliassenAmmerzoden\" \/>\n<meta property=\"article:modified_time\" content=\"2024-12-05T15:44:37+00:00\" \/>\n<meta property=\"og:image\" content=\"https:\/\/dev.eliassen.nl\/wp-content\/uploads\/2024\/02\/ubbinkwatervalmambaeliassennl.jpg\" \/>\n\t<meta property=\"og:image:width\" content=\"314\" \/>\n\t<meta property=\"og:image:height\" content=\"338\" \/>\n\t<meta property=\"og:image:type\" content=\"image\/jpeg\" \/>\n<meta name=\"twitter:card\" content=\"summary_large_image\" \/>\n<script type=\"application\/ld+json\" class=\"yoast-schema-graph\">{\"@context\":\"https:\/\/schema.org\",\"@graph\":[{\"@type\":\"WebPage\",\"@id\":\"https:\/\/dev.eliassen.nl\/de\/edelstahl-wasserspiel-ubbink-mamba-in-2-versionen\/\",\"url\":\"https:\/\/dev.eliassen.nl\/de\/edelstahl-wasserspiel-ubbink-mamba-in-2-versionen\/\",\"name\":\"Edelstahl-Wasserspiel Ubbink in 2 Versionen - Eliassen.nl\",\"isPartOf\":{\"@id\":\"https:\/\/dev.eliassen.nl\/de\/#website\"},\"primaryImageOfPage\":{\"@id\":\"https:\/\/dev.eliassen.nl\/de\/edelstahl-wasserspiel-ubbink-mamba-in-2-versionen\/#primaryimage\"},\"image\":{\"@id\":\"https:\/\/dev.eliassen.nl\/de\/edelstahl-wasserspiel-ubbink-mamba-in-2-versionen\/#primaryimage\"},\"thumbnailUrl\":\"https:\/\/dev.eliassen.nl\/wp-content\/uploads\/2024\/02\/ubbinkwatervalmambaeliassennl.jpg\",\"datePublished\":\"2019-10-28T15:00:19+00:00\",\"dateModified\":\"2024-12-05T15:44:37+00:00\",\"description\":\"Ein wundersch\u00f6nes Wasserspiel aus Edelstahl f\u00fcr den Garten. Aus Edelstahl. Dieses moderne Wasserspiel f\u00fcr den Garten kann auch in unserem Showroom besichtigt...\",\"breadcrumb\":{\"@id\":\"https:\/\/dev.eliassen.nl\/de\/edelstahl-wasserspiel-ubbink-mamba-in-2-versionen\/#breadcrumb\"},\"inLanguage\":\"de\",\"potentialAction\":[{\"@type\":\"ReadAction\",\"target\":[\"https:\/\/dev.eliassen.nl\/de\/edelstahl-wasserspiel-ubbink-mamba-in-2-versionen\/\"]}]},{\"@type\":\"ImageObject\",\"inLanguage\":\"de\",\"@id\":\"https:\/\/dev.eliassen.nl\/de\/edelstahl-wasserspiel-ubbink-mamba-in-2-versionen\/#primaryimage\",\"url\":\"https:\/\/dev.eliassen.nl\/wp-content\/uploads\/2024\/02\/ubbinkwatervalmambaeliassennl.jpg\",\"contentUrl\":\"https:\/\/dev.eliassen.nl\/wp-content\/uploads\/2024\/02\/ubbinkwatervalmambaeliassennl.jpg\",\"width\":314,\"height\":338,\"caption\":\"Ubbink Waterval Mamba Eliassen.nl\"},{\"@type\":\"BreadcrumbList\",\"@id\":\"https:\/\/dev.eliassen.nl\/de\/edelstahl-wasserspiel-ubbink-mamba-in-2-versionen\/#breadcrumb\",\"itemListElement\":[{\"@type\":\"ListItem\",\"position\":1,\"name\":\"Home\",\"item\":\"https:\/\/dev.eliassen.nl\/de\/\"},{\"@type\":\"ListItem\",\"position\":2,\"name\":\"Shop\",\"item\":\"https:\/\/dev.eliassen.nl\/nl\/winkel\/\"},{\"@type\":\"ListItem\",\"position\":3,\"name\":\"Wasserspiele\",\"item\":\"https:\/\/dev.eliassen.nl\/de\/wassereigenschaften\/\"},{\"@type\":\"ListItem\",\"position\":4,\"name\":\"Ubbink-Wasserspiele\",\"item\":\"https:\/\/dev.eliassen.nl\/de\/wassereigenschaften\/ubbink-wasserspiele\/\"},{\"@type\":\"ListItem\",\"position\":5,\"name\":\"Edelstahl-Wasserspiel Ubbink Mamba in 2 Versionen\"}]},{\"@type\":\"WebSite\",\"@id\":\"https:\/\/dev.eliassen.nl\/de\/#website\",\"url\":\"https:\/\/dev.eliassen.nl\/de\/\",\"name\":\"Eliassen Home & Garden Pleasure\",\"description\":\"\",\"publisher\":{\"@id\":\"https:\/\/dev.eliassen.nl\/de\/#organization\"},\"alternateName\":\"Eliassen.nl\",\"potentialAction\":[{\"@type\":\"SearchAction\",\"target\":{\"@type\":\"EntryPoint\",\"urlTemplate\":\"https:\/\/dev.eliassen.nl\/de\/?s={search_term_string}\"},\"query-input\":{\"@type\":\"PropertyValueSpecification\",\"valueRequired\":true,\"valueName\":\"search_term_string\"}}],\"inLanguage\":\"de\"},{\"@type\":\"Organization\",\"@id\":\"https:\/\/dev.eliassen.nl\/de\/#organization\",\"name\":\"Eliassen Home & Garden Pleasure\",\"url\":\"https:\/\/dev.eliassen.nl\/de\/\",\"logo\":{\"@type\":\"ImageObject\",\"inLanguage\":\"de\",\"@id\":\"https:\/\/dev.eliassen.nl\/de\/#\/schema\/logo\/image\/\",\"url\":\"https:\/\/www.eliassen.nl\/wp-content\/uploads\/2024\/01\/logo_4nd.jpg\",\"contentUrl\":\"https:\/\/www.eliassen.nl\/wp-content\/uploads\/2024\/01\/logo_4nd.jpg\",\"width\":500,\"height\":500,\"caption\":\"Eliassen Home & Garden Pleasure\"},\"image\":{\"@id\":\"https:\/\/dev.eliassen.nl\/de\/#\/schema\/logo\/image\/\"},\"sameAs\":[\"https:\/\/www.facebook.com\/TuincentrumEliassenAmmerzoden\",\"https:\/\/www.instagram.com\/eliassenhomeandgarden\/\",\"https:\/\/nl.pinterest.com\/eliassenhomeandgarden\/\",\"https:\/\/www.youtube.com\/@eliassenhomegardenpleasure4558\"]}]}<\/script>\n<!-- \/ Yoast SEO plugin. -->","yoast_head_json":{"title":"Edelstahl-Wasserspiel Ubbink in 2 Versionen - Eliassen.nl","description":"Ein wundersch\u00f6nes Wasserspiel aus Edelstahl f\u00fcr den Garten. Aus Edelstahl. Dieses moderne Wasserspiel f\u00fcr den Garten kann auch in unserem Showroom besichtigt...","robots":{"index":"noindex","follow":"follow","max-snippet":"max-snippet:-1","max-image-preview":"max-image-preview:large","max-video-preview":"max-video-preview:-1"},"og_locale":"de_DE","og_type":"article","og_title":"Edelstahl-Wasserspiel Ubbink in 2 Versionen - Eliassen.nl","og_description":"Ein wundersch\u00f6nes Wasserspiel aus Edelstahl f\u00fcr den Garten. Aus Edelstahl. Dieses moderne Wasserspiel f\u00fcr den Garten kann auch in unserem Showroom besichtigt...","og_url":"https:\/\/dev.eliassen.nl\/de\/edelstahl-wasserspiel-ubbink-mamba-in-2-versionen\/","og_site_name":"Eliassen.nl","article_publisher":"https:\/\/www.facebook.com\/TuincentrumEliassenAmmerzoden","article_modified_time":"2024-12-05T15:44:37+00:00","og_image":[{"width":314,"height":338,"url":"https:\/\/dev.eliassen.nl\/wp-content\/uploads\/2024\/02\/ubbinkwatervalmambaeliassennl.jpg","type":"image\/jpeg"}],"twitter_card":"summary_large_image","schema":{"@context":"https:\/\/schema.org","@graph":[{"@type":"WebPage","@id":"https:\/\/dev.eliassen.nl\/de\/edelstahl-wasserspiel-ubbink-mamba-in-2-versionen\/","url":"https:\/\/dev.eliassen.nl\/de\/edelstahl-wasserspiel-ubbink-mamba-in-2-versionen\/","name":"Edelstahl-Wasserspiel Ubbink in 2 Versionen - Eliassen.nl","isPartOf":{"@id":"https:\/\/dev.eliassen.nl\/de\/#website"},"primaryImageOfPage":{"@id":"https:\/\/dev.eliassen.nl\/de\/edelstahl-wasserspiel-ubbink-mamba-in-2-versionen\/#primaryimage"},"image":{"@id":"https:\/\/dev.eliassen.nl\/de\/edelstahl-wasserspiel-ubbink-mamba-in-2-versionen\/#primaryimage"},"thumbnailUrl":"https:\/\/dev.eliassen.nl\/wp-content\/uploads\/2024\/02\/ubbinkwatervalmambaeliassennl.jpg","datePublished":"2019-10-28T15:00:19+00:00","dateModified":"2024-12-05T15:44:37+00:00","description":"Ein wundersch\u00f6nes Wasserspiel aus Edelstahl f\u00fcr den Garten. Aus Edelstahl. Dieses moderne Wasserspiel f\u00fcr den Garten kann auch in unserem Showroom besichtigt...","breadcrumb":{"@id":"https:\/\/dev.eliassen.nl\/de\/edelstahl-wasserspiel-ubbink-mamba-in-2-versionen\/#breadcrumb"},"inLanguage":"de","potentialAction":[{"@type":"ReadAction","target":["https:\/\/dev.eliassen.nl\/de\/edelstahl-wasserspiel-ubbink-mamba-in-2-versionen\/"]}]},{"@type":"ImageObject","inLanguage":"de","@id":"https:\/\/dev.eliassen.nl\/de\/edelstahl-wasserspiel-ubbink-mamba-in-2-versionen\/#primaryimage","url":"https:\/\/dev.eliassen.nl\/wp-content\/uploads\/2024\/02\/ubbinkwatervalmambaeliassennl.jpg","contentUrl":"https:\/\/dev.eliassen.nl\/wp-content\/uploads\/2024\/02\/ubbinkwatervalmambaeliassennl.jpg","width":314,"height":338,"caption":"Ubbink Waterval Mamba Eliassen.nl"},{"@type":"BreadcrumbList","@id":"https:\/\/dev.eliassen.nl\/de\/edelstahl-wasserspiel-ubbink-mamba-in-2-versionen\/#breadcrumb","itemListElement":[{"@type":"ListItem","position":1,"name":"Home","item":"https:\/\/dev.eliassen.nl\/de\/"},{"@type":"ListItem","position":2,"name":"Shop","item":"https:\/\/dev.eliassen.nl\/nl\/winkel\/"},{"@type":"ListItem","position":3,"name":"Wasserspiele","item":"https:\/\/dev.eliassen.nl\/de\/wassereigenschaften\/"},{"@type":"ListItem","position":4,"name":"Ubbink-Wasserspiele","item":"https:\/\/dev.eliassen.nl\/de\/wassereigenschaften\/ubbink-wasserspiele\/"},{"@type":"ListItem","position":5,"name":"Edelstahl-Wasserspiel Ubbink Mamba in 2 Versionen"}]},{"@type":"WebSite","@id":"https:\/\/dev.eliassen.nl\/de\/#website","url":"https:\/\/dev.eliassen.nl\/de\/","name":"Eliassen Home & Garden Pleasure","description":"","publisher":{"@id":"https:\/\/dev.eliassen.nl\/de\/#organization"},"alternateName":"Eliassen.nl","potentialAction":[{"@type":"SearchAction","target":{"@type":"EntryPoint","urlTemplate":"https:\/\/dev.eliassen.nl\/de\/?s={search_term_string}"},"query-input":{"@type":"PropertyValueSpecification","valueRequired":true,"valueName":"search_term_string"}}],"inLanguage":"de"},{"@type":"Organization","@id":"https:\/\/dev.eliassen.nl\/de\/#organization","name":"Eliassen Home & Garden Pleasure","url":"https:\/\/dev.eliassen.nl\/de\/","logo":{"@type":"ImageObject","inLanguage":"de","@id":"https:\/\/dev.eliassen.nl\/de\/#\/schema\/logo\/image\/","url":"https:\/\/www.eliassen.nl\/wp-content\/uploads\/2024\/01\/logo_4nd.jpg","contentUrl":"https:\/\/www.eliassen.nl\/wp-content\/uploads\/2024\/01\/logo_4nd.jpg","width":500,"height":500,"caption":"Eliassen Home & Garden Pleasure"},"image":{"@id":"https:\/\/dev.eliassen.nl\/de\/#\/schema\/logo\/image\/"},"sameAs":["https:\/\/www.facebook.com\/TuincentrumEliassenAmmerzoden","https:\/\/www.instagram.com\/eliassenhomeandgarden\/","https:\/\/nl.pinterest.com\/eliassenhomeandgarden\/","https:\/\/www.youtube.com\/@eliassenhomegardenpleasure4558"]}]}},"df_price":549,"df_sale_price":"","df_regular_price":549,"df_image_link":"https:\/\/dev.eliassen.nl\/wp-content\/uploads\/2024\/02\/ubbinkwatervalmambaeliassennl.jpg","image":"https:\/\/dev.eliassen.nl\/wp-content\/uploads\/2024\/02\/ubbinkwatervalmambaeliassennl.jpg","price_search":"<span class=\"woocommerce-Price-amount amount\"><bdi><span class=\"woocommerce-Price-currencySymbol\">&euro;<\/span>&nbsp;549,00<\/bdi><\/span>","category":"Ubbink-Wasserspiele","_links":{"self":[{"href":"https:\/\/dev.eliassen.nl\/de\/wp-json\/wp\/v2\/product\/127262","targetHints":{"allow":["GET"]}}],"collection":[{"href":"https:\/\/dev.eliassen.nl\/de\/wp-json\/wp\/v2\/product"}],"about":[{"href":"https:\/\/dev.eliassen.nl\/de\/wp-json\/wp\/v2\/types\/product"}],"wp:featuredmedia":[{"embeddable":true,"href":"https:\/\/dev.eliassen.nl\/de\/wp-json\/wp\/v2\/media\/127254"}],"wp:attachment":[{"href":"https:\/\/dev.eliassen.nl\/de\/wp-json\/wp\/v2\/media?parent=127262"}],"wp:term":[{"taxonomy":"product_brand","embeddable":true,"href":"https:\/\/dev.eliassen.nl\/de\/wp-json\/wp\/v2\/product_brand?post=127262"},{"taxonomy":"product_cat","embeddable":true,"href":"https:\/\/dev.eliassen.nl\/de\/wp-json\/wp\/v2\/product_cat?post=127262"},{"taxonomy":"product_tag","embeddable":true,"href":"https:\/\/dev.eliassen.nl\/de\/wp-json\/wp\/v2\/product_tag?post=127262"}],"curies":[{"name":"wp","href":"https:\/\/api.w.org\/{rel}","templated":true}]}}