{"id":127278,"date":"2019-10-28T16:00:22","date_gmt":"2019-10-28T15:00:22","guid":{"rendered":"https:\/\/www.eliassen.nl\/?product=waterschalenset-4"},"modified":"2024-12-05T16:44:39","modified_gmt":"2024-12-05T15:44:39","slug":"wassergeschirrset-4-teilig","status":"publish","type":"product","link":"https:\/\/dev.eliassen.nl\/de\/wassergeschirrset-4-teilig\/","title":{"rendered":"Wassergeschirrset 4-teilig"},"content":{"rendered":"<p>Das sind gegossene Ornamente aus gegossenem Stein, die Sie mit einer Wassersch\u00fcssel oder einem Teich in ein Kiesbett ablassen k\u00f6nnen. Erh\u00e4ltlich in Anthrazit, Terra oder Gelb. Sie k\u00f6nnen den Abstand zwischen Ihnen und dem Setup sowie die H\u00f6he bestimmen. Sie k\u00f6nnen die Skalen in verschiedenen H\u00f6hen mit alten Vokalen oder \u00e4hnlichem bringen. H\u00f6henunterschied nicht mehr als 30cm, weil sonst das Wasser zu viel spritzen wird und Sie viel Wasser verlieren werden. Gr\u00f6\u00dfen der Wasserplatten von oben nach unten: 80, 70, 90 und 80 cm Die Sets sind in 2 Varianten erh\u00e4ltlich; Vijverset ist ein komplettes Set mit Pumpe, Schlauch, T\u00fcllen und Regulierhahn f\u00fcr die Installation am Teichrand. Mit einem Grinbed Set gibt es auch eine Wasserschale mit Deckel, \u00fcber die man Steine \u200b\u200bstreuen kann.<\/p>\n<p><strong><span style=\"color: #ff0000;\">W\u00e4hlen Sie hier Ihre Implementierung.<\/span><\/strong><\/p>\n<p><strong>Vergessen Sie nicht, unser Ausstellungsgel\u00e4nde mit 300 Modellen zu besuchen!<\/strong><\/p>\n","protected":false},"excerpt":{"rendered":"<p>Wasserwaagen set-4<\/p>\n","protected":false},"featured_media":6307,"template":"","meta":{"_acf_changed":false},"product_brand":[6916],"product_cat":[578,560,536],"product_tag":[],"class_list":{"0":"post-127278","1":"product","2":"type-product","3":"status-publish","4":"has-post-thumbnail","6":"product_brand-eliassen-de","7":"product_cat-wasserfaelle-und-wasserschalen","8":"product_cat-wasserschalen-aus-crea-bloecken-von-creastone","9":"product_cat-wassereigenschaften","11":"first","12":"instock","13":"taxable","14":"shipping-taxable","15":"purchasable","16":"product-type-variable"},"acf":[],"yoast_head":"<!-- This site is optimized with the Yoast SEO plugin v23.8 - https:\/\/yoast.com\/wordpress\/plugins\/seo\/ -->\n<title>Wasserwaagen set-4<\/title>\n<meta name=\"description\" content=\"Wasserwaagen set-4\" \/>\n<meta name=\"robots\" content=\"noindex, follow, max-snippet:-1, max-image-preview:large, max-video-preview:-1\" \/>\n<meta property=\"og:locale\" content=\"de_DE\" \/>\n<meta property=\"og:type\" content=\"article\" \/>\n<meta property=\"og:title\" content=\"Wasserwaagen set-4\" \/>\n<meta property=\"og:description\" content=\"Wasserwaagen set-4\" \/>\n<meta property=\"og:url\" content=\"https:\/\/dev.eliassen.nl\/de\/wassergeschirrset-4-teilig\/\" \/>\n<meta property=\"og:site_name\" content=\"Eliassen.nl\" \/>\n<meta property=\"article:publisher\" content=\"https:\/\/www.facebook.com\/TuincentrumEliassenAmmerzoden\" \/>\n<meta property=\"article:modified_time\" content=\"2024-12-05T15:44:39+00:00\" \/>\n<meta property=\"og:image\" content=\"https:\/\/dev.eliassen.nl\/wp-content\/uploads\/2024\/01\/waterschalenset4.jpg\" \/>\n\t<meta property=\"og:image:width\" content=\"768\" \/>\n\t<meta property=\"og:image:height\" content=\"1024\" \/>\n\t<meta property=\"og:image:type\" content=\"image\/jpeg\" \/>\n<meta name=\"twitter:card\" content=\"summary_large_image\" \/>\n<script type=\"application\/ld+json\" class=\"yoast-schema-graph\">{\"@context\":\"https:\/\/schema.org\",\"@graph\":[{\"@type\":\"WebPage\",\"@id\":\"https:\/\/dev.eliassen.nl\/de\/wassergeschirrset-4-teilig\/\",\"url\":\"https:\/\/dev.eliassen.nl\/de\/wassergeschirrset-4-teilig\/\",\"name\":\"Wasserwaagen set-4\",\"isPartOf\":{\"@id\":\"https:\/\/dev.eliassen.nl\/de\/#website\"},\"primaryImageOfPage\":{\"@id\":\"https:\/\/dev.eliassen.nl\/de\/wassergeschirrset-4-teilig\/#primaryimage\"},\"image\":{\"@id\":\"https:\/\/dev.eliassen.nl\/de\/wassergeschirrset-4-teilig\/#primaryimage\"},\"thumbnailUrl\":\"https:\/\/dev.eliassen.nl\/wp-content\/uploads\/2024\/01\/waterschalenset4.jpg\",\"datePublished\":\"2019-10-28T15:00:22+00:00\",\"dateModified\":\"2024-12-05T15:44:39+00:00\",\"description\":\"Wasserwaagen set-4\",\"breadcrumb\":{\"@id\":\"https:\/\/dev.eliassen.nl\/de\/wassergeschirrset-4-teilig\/#breadcrumb\"},\"inLanguage\":\"de\",\"potentialAction\":[{\"@type\":\"ReadAction\",\"target\":[\"https:\/\/dev.eliassen.nl\/de\/wassergeschirrset-4-teilig\/\"]}]},{\"@type\":\"ImageObject\",\"inLanguage\":\"de\",\"@id\":\"https:\/\/dev.eliassen.nl\/de\/wassergeschirrset-4-teilig\/#primaryimage\",\"url\":\"https:\/\/dev.eliassen.nl\/wp-content\/uploads\/2024\/01\/waterschalenset4.jpg\",\"contentUrl\":\"https:\/\/dev.eliassen.nl\/wp-content\/uploads\/2024\/01\/waterschalenset4.jpg\",\"width\":768,\"height\":1024,\"caption\":\"waterschalen-set-4\"},{\"@type\":\"BreadcrumbList\",\"@id\":\"https:\/\/dev.eliassen.nl\/de\/wassergeschirrset-4-teilig\/#breadcrumb\",\"itemListElement\":[{\"@type\":\"ListItem\",\"position\":1,\"name\":\"Home\",\"item\":\"https:\/\/dev.eliassen.nl\/de\/\"},{\"@type\":\"ListItem\",\"position\":2,\"name\":\"Shop\",\"item\":\"https:\/\/dev.eliassen.nl\/nl\/winkel\/\"},{\"@type\":\"ListItem\",\"position\":3,\"name\":\"Wasserspiele\",\"item\":\"https:\/\/dev.eliassen.nl\/de\/wassereigenschaften\/\"},{\"@type\":\"ListItem\",\"position\":4,\"name\":\"Wasserf\u00e4lle und Wasserschalen\",\"item\":\"https:\/\/dev.eliassen.nl\/de\/wassereigenschaften\/wasserfaelle-und-wasserschalen\/\"},{\"@type\":\"ListItem\",\"position\":5,\"name\":\"Wassergeschirrset 4-teilig\"}]},{\"@type\":\"WebSite\",\"@id\":\"https:\/\/dev.eliassen.nl\/de\/#website\",\"url\":\"https:\/\/dev.eliassen.nl\/de\/\",\"name\":\"Eliassen Home & Garden Pleasure\",\"description\":\"\",\"publisher\":{\"@id\":\"https:\/\/dev.eliassen.nl\/de\/#organization\"},\"alternateName\":\"Eliassen.nl\",\"potentialAction\":[{\"@type\":\"SearchAction\",\"target\":{\"@type\":\"EntryPoint\",\"urlTemplate\":\"https:\/\/dev.eliassen.nl\/de\/?s={search_term_string}\"},\"query-input\":{\"@type\":\"PropertyValueSpecification\",\"valueRequired\":true,\"valueName\":\"search_term_string\"}}],\"inLanguage\":\"de\"},{\"@type\":\"Organization\",\"@id\":\"https:\/\/dev.eliassen.nl\/de\/#organization\",\"name\":\"Eliassen Home & Garden Pleasure\",\"url\":\"https:\/\/dev.eliassen.nl\/de\/\",\"logo\":{\"@type\":\"ImageObject\",\"inLanguage\":\"de\",\"@id\":\"https:\/\/dev.eliassen.nl\/de\/#\/schema\/logo\/image\/\",\"url\":\"https:\/\/www.eliassen.nl\/wp-content\/uploads\/2024\/01\/logo_4nd.jpg\",\"contentUrl\":\"https:\/\/www.eliassen.nl\/wp-content\/uploads\/2024\/01\/logo_4nd.jpg\",\"width\":500,\"height\":500,\"caption\":\"Eliassen Home & Garden Pleasure\"},\"image\":{\"@id\":\"https:\/\/dev.eliassen.nl\/de\/#\/schema\/logo\/image\/\"},\"sameAs\":[\"https:\/\/www.facebook.com\/TuincentrumEliassenAmmerzoden\",\"https:\/\/www.instagram.com\/eliassenhomeandgarden\/\",\"https:\/\/nl.pinterest.com\/eliassenhomeandgarden\/\",\"https:\/\/www.youtube.com\/@eliassenhomegardenpleasure4558\"]}]}<\/script>\n<!-- \/ Yoast SEO plugin. -->","yoast_head_json":{"title":"Wasserwaagen set-4","description":"Wasserwaagen set-4","robots":{"index":"noindex","follow":"follow","max-snippet":"max-snippet:-1","max-image-preview":"max-image-preview:large","max-video-preview":"max-video-preview:-1"},"og_locale":"de_DE","og_type":"article","og_title":"Wasserwaagen set-4","og_description":"Wasserwaagen set-4","og_url":"https:\/\/dev.eliassen.nl\/de\/wassergeschirrset-4-teilig\/","og_site_name":"Eliassen.nl","article_publisher":"https:\/\/www.facebook.com\/TuincentrumEliassenAmmerzoden","article_modified_time":"2024-12-05T15:44:39+00:00","og_image":[{"width":768,"height":1024,"url":"https:\/\/dev.eliassen.nl\/wp-content\/uploads\/2024\/01\/waterschalenset4.jpg","type":"image\/jpeg"}],"twitter_card":"summary_large_image","schema":{"@context":"https:\/\/schema.org","@graph":[{"@type":"WebPage","@id":"https:\/\/dev.eliassen.nl\/de\/wassergeschirrset-4-teilig\/","url":"https:\/\/dev.eliassen.nl\/de\/wassergeschirrset-4-teilig\/","name":"Wasserwaagen set-4","isPartOf":{"@id":"https:\/\/dev.eliassen.nl\/de\/#website"},"primaryImageOfPage":{"@id":"https:\/\/dev.eliassen.nl\/de\/wassergeschirrset-4-teilig\/#primaryimage"},"image":{"@id":"https:\/\/dev.eliassen.nl\/de\/wassergeschirrset-4-teilig\/#primaryimage"},"thumbnailUrl":"https:\/\/dev.eliassen.nl\/wp-content\/uploads\/2024\/01\/waterschalenset4.jpg","datePublished":"2019-10-28T15:00:22+00:00","dateModified":"2024-12-05T15:44:39+00:00","description":"Wasserwaagen set-4","breadcrumb":{"@id":"https:\/\/dev.eliassen.nl\/de\/wassergeschirrset-4-teilig\/#breadcrumb"},"inLanguage":"de","potentialAction":[{"@type":"ReadAction","target":["https:\/\/dev.eliassen.nl\/de\/wassergeschirrset-4-teilig\/"]}]},{"@type":"ImageObject","inLanguage":"de","@id":"https:\/\/dev.eliassen.nl\/de\/wassergeschirrset-4-teilig\/#primaryimage","url":"https:\/\/dev.eliassen.nl\/wp-content\/uploads\/2024\/01\/waterschalenset4.jpg","contentUrl":"https:\/\/dev.eliassen.nl\/wp-content\/uploads\/2024\/01\/waterschalenset4.jpg","width":768,"height":1024,"caption":"waterschalen-set-4"},{"@type":"BreadcrumbList","@id":"https:\/\/dev.eliassen.nl\/de\/wassergeschirrset-4-teilig\/#breadcrumb","itemListElement":[{"@type":"ListItem","position":1,"name":"Home","item":"https:\/\/dev.eliassen.nl\/de\/"},{"@type":"ListItem","position":2,"name":"Shop","item":"https:\/\/dev.eliassen.nl\/nl\/winkel\/"},{"@type":"ListItem","position":3,"name":"Wasserspiele","item":"https:\/\/dev.eliassen.nl\/de\/wassereigenschaften\/"},{"@type":"ListItem","position":4,"name":"Wasserf\u00e4lle und Wasserschalen","item":"https:\/\/dev.eliassen.nl\/de\/wassereigenschaften\/wasserfaelle-und-wasserschalen\/"},{"@type":"ListItem","position":5,"name":"Wassergeschirrset 4-teilig"}]},{"@type":"WebSite","@id":"https:\/\/dev.eliassen.nl\/de\/#website","url":"https:\/\/dev.eliassen.nl\/de\/","name":"Eliassen Home & Garden Pleasure","description":"","publisher":{"@id":"https:\/\/dev.eliassen.nl\/de\/#organization"},"alternateName":"Eliassen.nl","potentialAction":[{"@type":"SearchAction","target":{"@type":"EntryPoint","urlTemplate":"https:\/\/dev.eliassen.nl\/de\/?s={search_term_string}"},"query-input":{"@type":"PropertyValueSpecification","valueRequired":true,"valueName":"search_term_string"}}],"inLanguage":"de"},{"@type":"Organization","@id":"https:\/\/dev.eliassen.nl\/de\/#organization","name":"Eliassen Home & Garden Pleasure","url":"https:\/\/dev.eliassen.nl\/de\/","logo":{"@type":"ImageObject","inLanguage":"de","@id":"https:\/\/dev.eliassen.nl\/de\/#\/schema\/logo\/image\/","url":"https:\/\/www.eliassen.nl\/wp-content\/uploads\/2024\/01\/logo_4nd.jpg","contentUrl":"https:\/\/www.eliassen.nl\/wp-content\/uploads\/2024\/01\/logo_4nd.jpg","width":500,"height":500,"caption":"Eliassen Home & Garden Pleasure"},"image":{"@id":"https:\/\/dev.eliassen.nl\/de\/#\/schema\/logo\/image\/"},"sameAs":["https:\/\/www.facebook.com\/TuincentrumEliassenAmmerzoden","https:\/\/www.instagram.com\/eliassenhomeandgarden\/","https:\/\/nl.pinterest.com\/eliassenhomeandgarden\/","https:\/\/www.youtube.com\/@eliassenhomegardenpleasure4558"]}]}},"df_price":666,"df_sale_price":"","df_regular_price":666,"df_image_link":"https:\/\/dev.eliassen.nl\/wp-content\/uploads\/2024\/01\/waterschalenset4.jpg","image":"https:\/\/dev.eliassen.nl\/wp-content\/uploads\/2024\/01\/waterschalenset4.jpg","price_search":"<span class=\"woocommerce-Price-amount amount\"><bdi><span class=\"woocommerce-Price-currencySymbol\">&euro;<\/span>&nbsp;666,00<\/bdi><\/span>","category":"Wasserf\u00e4lle und Wasserschalen","_links":{"self":[{"href":"https:\/\/dev.eliassen.nl\/de\/wp-json\/wp\/v2\/product\/127278","targetHints":{"allow":["GET"]}}],"collection":[{"href":"https:\/\/dev.eliassen.nl\/de\/wp-json\/wp\/v2\/product"}],"about":[{"href":"https:\/\/dev.eliassen.nl\/de\/wp-json\/wp\/v2\/types\/product"}],"wp:featuredmedia":[{"embeddable":true,"href":"https:\/\/dev.eliassen.nl\/de\/wp-json\/wp\/v2\/media\/6307"}],"wp:attachment":[{"href":"https:\/\/dev.eliassen.nl\/de\/wp-json\/wp\/v2\/media?parent=127278"}],"wp:term":[{"taxonomy":"product_brand","embeddable":true,"href":"https:\/\/dev.eliassen.nl\/de\/wp-json\/wp\/v2\/product_brand?post=127278"},{"taxonomy":"product_cat","embeddable":true,"href":"https:\/\/dev.eliassen.nl\/de\/wp-json\/wp\/v2\/product_cat?post=127278"},{"taxonomy":"product_tag","embeddable":true,"href":"https:\/\/dev.eliassen.nl\/de\/wp-json\/wp\/v2\/product_tag?post=127278"}],"curies":[{"name":"wp","href":"https:\/\/api.w.org\/{rel}","templated":true}]}}