{"id":127301,"date":"2019-10-28T16:00:34","date_gmt":"2019-10-28T15:00:34","guid":{"rendered":"https:\/\/www.eliassen.nl\/?product=ubbink-stainless-watervalset-nevada-2-groessen-ubb"},"modified":"2024-12-05T16:44:43","modified_gmt":"2024-12-05T15:44:43","slug":"wasserfallset-ubbink-nevada-edelstahl-2-grossen","status":"publish","type":"product","link":"https:\/\/dev.eliassen.nl\/de\/wasserfallset-ubbink-nevada-edelstahl-2-grossen\/","title":{"rendered":"Wasserfall-Set Ubbink Nevada aus Edelstahl, 2 Gr\u00f6\u00dfen"},"content":{"rendered":"<p><strong>M\u00f6chten Sie hierf\u00fcr den Showroom besuchen? Bitte kontaktieren Sie uns vorab!<\/strong><\/p>\n<p>Die Nevada-LED-Wasserfallsets aus Edelstahl von Ubbink sind au\u00dfergew\u00f6hnlich sch\u00f6n. Die LED-Beleuchtung sorgt daf\u00fcr, dass die Filmschicht aus Wasser beleuchtet wird. Der Wasserfall wird daher in den dunklen Stunden zum Mittelpunkt Ihres Gartens. Sie k\u00f6nnen den Wasserfall einmauern oder mit den mitgelieferten Schrauben und D\u00fcbeln an einer Wand aufh\u00e4ngen.<\/p>\n<p>In Kombination mit der mitgelieferten Teichpumpe entsteht ein breiter Wasserfilm, der ger\u00e4uschlos in den Teich oder Wasserspeicher zur\u00fcckflie\u00dft. Die Nevada Wasserf\u00e4lle bieten 2 Anschlussm\u00f6glichkeiten, hinten und unten mit 1&#8221; Innengewinde und 25 mm Schlauchanschluss. Im Lieferumfang ist ein Stopfen enthalten, um den Anschlusspunkt zu schlie\u00dfen, den Sie nicht verwenden.<\/p>\n<p><strong>W\u00e4hlen Sie aus folgenden Abmessungen:<\/strong><\/p>\n<ul>\n<li>Nevada LED-Set 30 cm<\/li>\n<li>Nevada LED-Set 60 cm<\/li>\n<\/ul>\n<p><strong>Spezifikationen Nevada LED-Set 30<\/strong><\/p>\n<ul>\n<li>Breite des Wasserfalls: 30 cm<\/li>\n<li>Wasserfallh\u00f6he: 13 cm<\/li>\n<li>Tiefe des Wasserfalls: 33 cm<\/li>\n<li>Anzahl der LEDs: 20<\/li>\n<li>Material: Edelstahl Inox 304<\/li>\n<li>Anzahl der Anschl\u00fcsse: 2<\/li>\n<li>Anschlussmaterial inklusive: Ja<\/li>\n<li>Transformator im Lieferumfang enthalten: Ja<\/li>\n<li>Mitgelieferte Pumpe: 2300 Liter<\/li>\n<li>Schlauchl\u00e4nge: 1,5 Meter<\/li>\n<li>Beckeninhalt: 150 Liter<\/li>\n<li>Maximale Montageh\u00f6he: 75 cm (ab Wasserspiegel)<\/li>\n<\/ul>\n<p><strong>Spezifikationen Nevada LED-Set 60<\/strong><\/p>\n<ul>\n<li>Breite des Wasserfalls: 60 cm<\/li>\n<li>Wasserfallh\u00f6he: 13 cm<\/li>\n<li>Tiefe des Wasserfalls: 33 cm<\/li>\n<li>Anzahl der LEDs: 35<\/li>\n<li>Material: Edelstahl Inox 304<\/li>\n<li>Anzahl der Anschl\u00fcsse: 2<\/li>\n<li>Anschlussmaterial inklusive: Ja<\/li>\n<li>Transformator im Lieferumfang enthalten: Ja<\/li>\n<li>Mitgelieferte Pumpe: 3900 Liter<\/li>\n<li>Schlauchl\u00e4nge: 1,5 Meter<\/li>\n<li>Beckeninhalt: 150 Liter<\/li>\n<li>Maximale Montageh\u00f6he: 50 cm (vom Wasserspiegel)<\/li>\n<\/ul>\n<p><iframe loading=\"lazy\" src=\"http:\/\/www.youtube.com\/embed\/sQ5iDTsmEeU\" width=\"425\" height=\"350\" frameborder=\"0\"><\/iframe><\/p>\n<p>Vergessen Sie nicht, unser Ausstellungsgel\u00e4nde mit 300 Models zu besuchen!<\/p>\n","protected":false},"excerpt":{"rendered":"<p>M\u00f6chten Sie hierf\u00fcr den Showroom besuchen? Bitte kontaktieren Sie uns vorab!<\/p>\n","protected":false},"featured_media":6355,"template":"","meta":{"_acf_changed":false},"product_brand":[6918],"product_cat":[575,578,536,566],"product_tag":[],"class_list":{"0":"post-127301","1":"product","2":"type-product","3":"status-publish","4":"has-post-thumbnail","6":"product_brand-ubbink-de","7":"product_cat-ubbink-wasserspiele","8":"product_cat-wasserfaelle-und-wasserschalen","9":"product_cat-wassereigenschaften","10":"product_cat-wasserspiele-aus-edelstahl","12":"first","13":"onbackorder","14":"taxable","15":"shipping-taxable","16":"purchasable","17":"product-type-variable"},"acf":[],"yoast_head":"<!-- This site is optimized with the Yoast SEO plugin v23.8 - https:\/\/yoast.com\/wordpress\/plugins\/seo\/ -->\n<title>Stainless Watervalset Nevada 2 Gr\u00f6\u00dfen Ubbink<\/title>\n<meta name=\"description\" content=\"Watervalset Nevada 2 Gr\u00f6\u00dfen\" \/>\n<meta name=\"robots\" content=\"noindex, follow, max-snippet:-1, max-image-preview:large, max-video-preview:-1\" \/>\n<meta property=\"og:locale\" content=\"de_DE\" \/>\n<meta property=\"og:type\" content=\"article\" \/>\n<meta property=\"og:title\" content=\"Stainless Watervalset Nevada 2 Gr\u00f6\u00dfen Ubbink\" \/>\n<meta property=\"og:description\" content=\"Watervalset Nevada 2 Gr\u00f6\u00dfen\" \/>\n<meta property=\"og:url\" content=\"https:\/\/dev.eliassen.nl\/de\/wasserfallset-ubbink-nevada-edelstahl-2-grossen\/\" \/>\n<meta property=\"og:site_name\" content=\"Eliassen.nl\" \/>\n<meta property=\"article:publisher\" content=\"https:\/\/www.facebook.com\/TuincentrumEliassenAmmerzoden\" \/>\n<meta property=\"article:modified_time\" content=\"2024-12-05T15:44:43+00:00\" \/>\n<meta property=\"og:image\" content=\"https:\/\/dev.eliassen.nl\/wp-content\/uploads\/2024\/01\/watervalsetubbinknevadarvs2mateneliassennl.jpg\" \/>\n\t<meta property=\"og:image:width\" content=\"500\" \/>\n\t<meta property=\"og:image:height\" content=\"500\" \/>\n\t<meta property=\"og:image:type\" content=\"image\/jpeg\" \/>\n<meta name=\"twitter:card\" content=\"summary_large_image\" \/>\n<script type=\"application\/ld+json\" class=\"yoast-schema-graph\">{\"@context\":\"https:\/\/schema.org\",\"@graph\":[{\"@type\":\"WebPage\",\"@id\":\"https:\/\/dev.eliassen.nl\/de\/wasserfallset-ubbink-nevada-edelstahl-2-grossen\/\",\"url\":\"https:\/\/dev.eliassen.nl\/de\/wasserfallset-ubbink-nevada-edelstahl-2-grossen\/\",\"name\":\"Stainless Watervalset Nevada 2 Gr\u00f6\u00dfen Ubbink\",\"isPartOf\":{\"@id\":\"https:\/\/dev.eliassen.nl\/de\/#website\"},\"primaryImageOfPage\":{\"@id\":\"https:\/\/dev.eliassen.nl\/de\/wasserfallset-ubbink-nevada-edelstahl-2-grossen\/#primaryimage\"},\"image\":{\"@id\":\"https:\/\/dev.eliassen.nl\/de\/wasserfallset-ubbink-nevada-edelstahl-2-grossen\/#primaryimage\"},\"thumbnailUrl\":\"https:\/\/dev.eliassen.nl\/wp-content\/uploads\/2024\/01\/watervalsetubbinknevadarvs2mateneliassennl.jpg\",\"datePublished\":\"2019-10-28T15:00:34+00:00\",\"dateModified\":\"2024-12-05T15:44:43+00:00\",\"description\":\"Watervalset Nevada 2 Gr\u00f6\u00dfen\",\"breadcrumb\":{\"@id\":\"https:\/\/dev.eliassen.nl\/de\/wasserfallset-ubbink-nevada-edelstahl-2-grossen\/#breadcrumb\"},\"inLanguage\":\"de\",\"potentialAction\":[{\"@type\":\"ReadAction\",\"target\":[\"https:\/\/dev.eliassen.nl\/de\/wasserfallset-ubbink-nevada-edelstahl-2-grossen\/\"]}]},{\"@type\":\"ImageObject\",\"inLanguage\":\"de\",\"@id\":\"https:\/\/dev.eliassen.nl\/de\/wasserfallset-ubbink-nevada-edelstahl-2-grossen\/#primaryimage\",\"url\":\"https:\/\/dev.eliassen.nl\/wp-content\/uploads\/2024\/01\/watervalsetubbinknevadarvs2mateneliassennl.jpg\",\"contentUrl\":\"https:\/\/dev.eliassen.nl\/wp-content\/uploads\/2024\/01\/watervalsetubbinknevadarvs2mateneliassennl.jpg\",\"width\":500,\"height\":500,\"caption\":\"Watervalset Ubbink Nevada RVS 2 maten - Eliassen.nl\"},{\"@type\":\"BreadcrumbList\",\"@id\":\"https:\/\/dev.eliassen.nl\/de\/wasserfallset-ubbink-nevada-edelstahl-2-grossen\/#breadcrumb\",\"itemListElement\":[{\"@type\":\"ListItem\",\"position\":1,\"name\":\"Home\",\"item\":\"https:\/\/dev.eliassen.nl\/de\/\"},{\"@type\":\"ListItem\",\"position\":2,\"name\":\"Shop\",\"item\":\"https:\/\/dev.eliassen.nl\/nl\/winkel\/\"},{\"@type\":\"ListItem\",\"position\":3,\"name\":\"Wasserspiele\",\"item\":\"https:\/\/dev.eliassen.nl\/de\/wassereigenschaften\/\"},{\"@type\":\"ListItem\",\"position\":4,\"name\":\"Ubbink-Wasserspiele\",\"item\":\"https:\/\/dev.eliassen.nl\/de\/wassereigenschaften\/ubbink-wasserspiele\/\"},{\"@type\":\"ListItem\",\"position\":5,\"name\":\"Wasserfall-Set Ubbink Nevada aus Edelstahl, 2 Gr\u00f6\u00dfen\"}]},{\"@type\":\"WebSite\",\"@id\":\"https:\/\/dev.eliassen.nl\/de\/#website\",\"url\":\"https:\/\/dev.eliassen.nl\/de\/\",\"name\":\"Eliassen Home & Garden Pleasure\",\"description\":\"\",\"publisher\":{\"@id\":\"https:\/\/dev.eliassen.nl\/de\/#organization\"},\"alternateName\":\"Eliassen.nl\",\"potentialAction\":[{\"@type\":\"SearchAction\",\"target\":{\"@type\":\"EntryPoint\",\"urlTemplate\":\"https:\/\/dev.eliassen.nl\/de\/?s={search_term_string}\"},\"query-input\":{\"@type\":\"PropertyValueSpecification\",\"valueRequired\":true,\"valueName\":\"search_term_string\"}}],\"inLanguage\":\"de\"},{\"@type\":\"Organization\",\"@id\":\"https:\/\/dev.eliassen.nl\/de\/#organization\",\"name\":\"Eliassen Home & Garden Pleasure\",\"url\":\"https:\/\/dev.eliassen.nl\/de\/\",\"logo\":{\"@type\":\"ImageObject\",\"inLanguage\":\"de\",\"@id\":\"https:\/\/dev.eliassen.nl\/de\/#\/schema\/logo\/image\/\",\"url\":\"https:\/\/www.eliassen.nl\/wp-content\/uploads\/2024\/01\/logo_4nd.jpg\",\"contentUrl\":\"https:\/\/www.eliassen.nl\/wp-content\/uploads\/2024\/01\/logo_4nd.jpg\",\"width\":500,\"height\":500,\"caption\":\"Eliassen Home & Garden Pleasure\"},\"image\":{\"@id\":\"https:\/\/dev.eliassen.nl\/de\/#\/schema\/logo\/image\/\"},\"sameAs\":[\"https:\/\/www.facebook.com\/TuincentrumEliassenAmmerzoden\",\"https:\/\/www.instagram.com\/eliassenhomeandgarden\/\",\"https:\/\/nl.pinterest.com\/eliassenhomeandgarden\/\",\"https:\/\/www.youtube.com\/@eliassenhomegardenpleasure4558\"]}]}<\/script>\n<!-- \/ Yoast SEO plugin. -->","yoast_head_json":{"title":"Stainless Watervalset Nevada 2 Gr\u00f6\u00dfen Ubbink","description":"Watervalset Nevada 2 Gr\u00f6\u00dfen","robots":{"index":"noindex","follow":"follow","max-snippet":"max-snippet:-1","max-image-preview":"max-image-preview:large","max-video-preview":"max-video-preview:-1"},"og_locale":"de_DE","og_type":"article","og_title":"Stainless Watervalset Nevada 2 Gr\u00f6\u00dfen Ubbink","og_description":"Watervalset Nevada 2 Gr\u00f6\u00dfen","og_url":"https:\/\/dev.eliassen.nl\/de\/wasserfallset-ubbink-nevada-edelstahl-2-grossen\/","og_site_name":"Eliassen.nl","article_publisher":"https:\/\/www.facebook.com\/TuincentrumEliassenAmmerzoden","article_modified_time":"2024-12-05T15:44:43+00:00","og_image":[{"width":500,"height":500,"url":"https:\/\/dev.eliassen.nl\/wp-content\/uploads\/2024\/01\/watervalsetubbinknevadarvs2mateneliassennl.jpg","type":"image\/jpeg"}],"twitter_card":"summary_large_image","schema":{"@context":"https:\/\/schema.org","@graph":[{"@type":"WebPage","@id":"https:\/\/dev.eliassen.nl\/de\/wasserfallset-ubbink-nevada-edelstahl-2-grossen\/","url":"https:\/\/dev.eliassen.nl\/de\/wasserfallset-ubbink-nevada-edelstahl-2-grossen\/","name":"Stainless Watervalset Nevada 2 Gr\u00f6\u00dfen Ubbink","isPartOf":{"@id":"https:\/\/dev.eliassen.nl\/de\/#website"},"primaryImageOfPage":{"@id":"https:\/\/dev.eliassen.nl\/de\/wasserfallset-ubbink-nevada-edelstahl-2-grossen\/#primaryimage"},"image":{"@id":"https:\/\/dev.eliassen.nl\/de\/wasserfallset-ubbink-nevada-edelstahl-2-grossen\/#primaryimage"},"thumbnailUrl":"https:\/\/dev.eliassen.nl\/wp-content\/uploads\/2024\/01\/watervalsetubbinknevadarvs2mateneliassennl.jpg","datePublished":"2019-10-28T15:00:34+00:00","dateModified":"2024-12-05T15:44:43+00:00","description":"Watervalset Nevada 2 Gr\u00f6\u00dfen","breadcrumb":{"@id":"https:\/\/dev.eliassen.nl\/de\/wasserfallset-ubbink-nevada-edelstahl-2-grossen\/#breadcrumb"},"inLanguage":"de","potentialAction":[{"@type":"ReadAction","target":["https:\/\/dev.eliassen.nl\/de\/wasserfallset-ubbink-nevada-edelstahl-2-grossen\/"]}]},{"@type":"ImageObject","inLanguage":"de","@id":"https:\/\/dev.eliassen.nl\/de\/wasserfallset-ubbink-nevada-edelstahl-2-grossen\/#primaryimage","url":"https:\/\/dev.eliassen.nl\/wp-content\/uploads\/2024\/01\/watervalsetubbinknevadarvs2mateneliassennl.jpg","contentUrl":"https:\/\/dev.eliassen.nl\/wp-content\/uploads\/2024\/01\/watervalsetubbinknevadarvs2mateneliassennl.jpg","width":500,"height":500,"caption":"Watervalset Ubbink Nevada RVS 2 maten - Eliassen.nl"},{"@type":"BreadcrumbList","@id":"https:\/\/dev.eliassen.nl\/de\/wasserfallset-ubbink-nevada-edelstahl-2-grossen\/#breadcrumb","itemListElement":[{"@type":"ListItem","position":1,"name":"Home","item":"https:\/\/dev.eliassen.nl\/de\/"},{"@type":"ListItem","position":2,"name":"Shop","item":"https:\/\/dev.eliassen.nl\/nl\/winkel\/"},{"@type":"ListItem","position":3,"name":"Wasserspiele","item":"https:\/\/dev.eliassen.nl\/de\/wassereigenschaften\/"},{"@type":"ListItem","position":4,"name":"Ubbink-Wasserspiele","item":"https:\/\/dev.eliassen.nl\/de\/wassereigenschaften\/ubbink-wasserspiele\/"},{"@type":"ListItem","position":5,"name":"Wasserfall-Set Ubbink Nevada aus Edelstahl, 2 Gr\u00f6\u00dfen"}]},{"@type":"WebSite","@id":"https:\/\/dev.eliassen.nl\/de\/#website","url":"https:\/\/dev.eliassen.nl\/de\/","name":"Eliassen Home & Garden Pleasure","description":"","publisher":{"@id":"https:\/\/dev.eliassen.nl\/de\/#organization"},"alternateName":"Eliassen.nl","potentialAction":[{"@type":"SearchAction","target":{"@type":"EntryPoint","urlTemplate":"https:\/\/dev.eliassen.nl\/de\/?s={search_term_string}"},"query-input":{"@type":"PropertyValueSpecification","valueRequired":true,"valueName":"search_term_string"}}],"inLanguage":"de"},{"@type":"Organization","@id":"https:\/\/dev.eliassen.nl\/de\/#organization","name":"Eliassen Home & Garden Pleasure","url":"https:\/\/dev.eliassen.nl\/de\/","logo":{"@type":"ImageObject","inLanguage":"de","@id":"https:\/\/dev.eliassen.nl\/de\/#\/schema\/logo\/image\/","url":"https:\/\/www.eliassen.nl\/wp-content\/uploads\/2024\/01\/logo_4nd.jpg","contentUrl":"https:\/\/www.eliassen.nl\/wp-content\/uploads\/2024\/01\/logo_4nd.jpg","width":500,"height":500,"caption":"Eliassen Home & Garden Pleasure"},"image":{"@id":"https:\/\/dev.eliassen.nl\/de\/#\/schema\/logo\/image\/"},"sameAs":["https:\/\/www.facebook.com\/TuincentrumEliassenAmmerzoden","https:\/\/www.instagram.com\/eliassenhomeandgarden\/","https:\/\/nl.pinterest.com\/eliassenhomeandgarden\/","https:\/\/www.youtube.com\/@eliassenhomegardenpleasure4558"]}]}},"df_price":313,"df_sale_price":"","df_regular_price":313,"df_image_link":"https:\/\/dev.eliassen.nl\/wp-content\/uploads\/2024\/01\/watervalsetubbinknevadarvs2mateneliassennl.jpg","image":"https:\/\/dev.eliassen.nl\/wp-content\/uploads\/2024\/01\/watervalsetubbinknevadarvs2mateneliassennl.jpg","price_search":"<span class=\"woocommerce-Price-amount amount\"><bdi><span class=\"woocommerce-Price-currencySymbol\">&euro;<\/span>&nbsp;313,00<\/bdi><\/span>","category":"Ubbink-Wasserspiele","_links":{"self":[{"href":"https:\/\/dev.eliassen.nl\/de\/wp-json\/wp\/v2\/product\/127301","targetHints":{"allow":["GET"]}}],"collection":[{"href":"https:\/\/dev.eliassen.nl\/de\/wp-json\/wp\/v2\/product"}],"about":[{"href":"https:\/\/dev.eliassen.nl\/de\/wp-json\/wp\/v2\/types\/product"}],"wp:featuredmedia":[{"embeddable":true,"href":"https:\/\/dev.eliassen.nl\/de\/wp-json\/wp\/v2\/media\/6355"}],"wp:attachment":[{"href":"https:\/\/dev.eliassen.nl\/de\/wp-json\/wp\/v2\/media?parent=127301"}],"wp:term":[{"taxonomy":"product_brand","embeddable":true,"href":"https:\/\/dev.eliassen.nl\/de\/wp-json\/wp\/v2\/product_brand?post=127301"},{"taxonomy":"product_cat","embeddable":true,"href":"https:\/\/dev.eliassen.nl\/de\/wp-json\/wp\/v2\/product_cat?post=127301"},{"taxonomy":"product_tag","embeddable":true,"href":"https:\/\/dev.eliassen.nl\/de\/wp-json\/wp\/v2\/product_tag?post=127301"}],"curies":[{"name":"wp","href":"https:\/\/api.w.org\/{rel}","templated":true}]}}