{"id":127376,"date":"2019-10-28T16:01:39","date_gmt":"2019-10-28T15:01:39","guid":{"rendered":"https:\/\/www.eliassen.nl\/?product=ubbink-watervalset-niagara-mit-leds-in-zwei-groess"},"modified":"2024-12-05T16:44:50","modified_gmt":"2024-12-05T15:44:50","slug":"wasserfall-set-mit-leds-ubbink-edelstahl-niagara-in-2-grossen","status":"publish","type":"product","link":"https:\/\/dev.eliassen.nl\/de\/wasserfall-set-mit-leds-ubbink-edelstahl-niagara-in-2-grossen\/","title":{"rendered":"Wasserfall-Set mit LEDs Ubbink Edelstahl Niagara in 2 Gr\u00f6\u00dfen"},"content":{"rendered":"<p><strong>M\u00f6chten Sie hierf\u00fcr den Showroom besuchen? Bitte kontaktieren Sie uns vorab!<\/strong><\/p>\n<p>Die patentierten Niagara-Wasserfallelemente aus Edelstahl sind au\u00dfergew\u00f6hnlich sch\u00f6n. Sie k\u00f6nnen eingemauert, aber auch an einer Wand befestigt werden. In Kombination mit der richtigen Teichpumpe entsteht ein breiter Wasserfilm, der lautlos zur\u00fcck in den Teich oder das R\u00fcckhaltebecken flie\u00dft.<\/p>\n<p>Mit zwei Anschlussm\u00f6glichkeiten hinten oder unten, 1&#8243; Innengewinde und 25 mm Schlauchanschluss. Inklusive Schrauben und Stopfen.<\/p>\n<p>Haben Sie eine Frage zu diesem Artikel? Sie k\u00f6nnen uns gerne kontaktieren.<\/p>\n<p><strong>Spezifikationen Niagara LED Set 30:<\/strong><\/p>\n<ul>\n<li>Komplettes Wasserfall-Set mit einer maximalen Montageh\u00f6he von 75 cm<\/li>\n<li>Wasserfall Niagara 30 LED<\/li>\n<li>Pumpe 2300 l\/h<\/li>\n<li>2 Meter Teichschlauch<\/li>\n<li>Brunnenteich 65L<\/li>\n<li>Ma\u00dfe des Auffangbeckens (LxBxH): 70 x 40 x 30 cm.<\/li>\n<\/ul>\n<p><strong>Spezifikationen Niagara LED Set 60:<\/strong><\/p>\n<ul>\n<li>Komplettes Wasserfall-Set mit einer maximalen Montageh\u00f6he von 50 cm.<\/li>\n<li>Wasserfall Niagara 60 LED<\/li>\n<li>Pumpe 3900 l\/h<\/li>\n<li>2 Meter Teichschlauch<\/li>\n<li>Brunnenteich 65L<\/li>\n<li>Ma\u00dfe des Auffangbeckens (LxBxH): 70 x 40 x 30 cm<\/li>\n<\/ul>\n<p><iframe loading=\"lazy\" src=\"http:\/\/www.youtube.com\/embed\/RjDEJ1F2kFw\" width=\"425\" height=\"350\" frameborder=\"0\"><\/iframe><\/p>\n<p>Vergessen Sie nicht, unser Ausstellungsgel\u00e4nde mit 300 Models zu besuchen!<\/p>\n","protected":false},"excerpt":{"rendered":"<p>M\u00f6chten Sie hierf\u00fcr den Showroom besuchen? Bitte kontaktieren Sie uns vorab!<\/p>\n","protected":false},"featured_media":6493,"template":"","meta":{"_acf_changed":false},"product_brand":[6918],"product_cat":[575,578,536,566],"product_tag":[],"class_list":{"0":"post-127376","1":"product","2":"type-product","3":"status-publish","4":"has-post-thumbnail","6":"product_brand-ubbink-de","7":"product_cat-ubbink-wasserspiele","8":"product_cat-wasserfaelle-und-wasserschalen","9":"product_cat-wassereigenschaften","10":"product_cat-wasserspiele-aus-edelstahl","12":"first","13":"instock","14":"taxable","15":"shipping-taxable","16":"purchasable","17":"product-type-variable"},"acf":[],"yoast_head":"<!-- This site is optimized with the Yoast SEO plugin v23.8 - https:\/\/yoast.com\/wordpress\/plugins\/seo\/ -->\n<title>Watervalset mit LEDs Ubbink Niagara Edelstahl in zwei Gr\u00f6\u00dfen<\/title>\n<meta name=\"description\" content=\"watervalset Niagara mit LEDs in zwei Gr\u00f6\u00dfen\" \/>\n<meta name=\"robots\" content=\"noindex, follow, max-snippet:-1, max-image-preview:large, max-video-preview:-1\" \/>\n<meta property=\"og:locale\" content=\"de_DE\" \/>\n<meta property=\"og:type\" content=\"article\" \/>\n<meta property=\"og:title\" content=\"Watervalset mit LEDs Ubbink Niagara Edelstahl in zwei Gr\u00f6\u00dfen\" \/>\n<meta property=\"og:description\" content=\"watervalset Niagara mit LEDs in zwei Gr\u00f6\u00dfen\" \/>\n<meta property=\"og:url\" content=\"https:\/\/dev.eliassen.nl\/de\/wasserfall-set-mit-leds-ubbink-edelstahl-niagara-in-2-grossen\/\" \/>\n<meta property=\"og:site_name\" content=\"Eliassen.nl\" \/>\n<meta property=\"article:publisher\" content=\"https:\/\/www.facebook.com\/TuincentrumEliassenAmmerzoden\" \/>\n<meta property=\"article:modified_time\" content=\"2024-12-05T15:44:50+00:00\" \/>\n<meta property=\"og:image\" content=\"https:\/\/dev.eliassen.nl\/wp-content\/uploads\/2024\/01\/watervalsetmetledsubbinkrvsniagarain2maten.jpg\" \/>\n\t<meta property=\"og:image:width\" content=\"1024\" \/>\n\t<meta property=\"og:image:height\" content=\"741\" \/>\n\t<meta property=\"og:image:type\" content=\"image\/jpeg\" \/>\n<meta name=\"twitter:card\" content=\"summary_large_image\" \/>\n<script type=\"application\/ld+json\" class=\"yoast-schema-graph\">{\"@context\":\"https:\/\/schema.org\",\"@graph\":[{\"@type\":\"WebPage\",\"@id\":\"https:\/\/dev.eliassen.nl\/de\/wasserfall-set-mit-leds-ubbink-edelstahl-niagara-in-2-grossen\/\",\"url\":\"https:\/\/dev.eliassen.nl\/de\/wasserfall-set-mit-leds-ubbink-edelstahl-niagara-in-2-grossen\/\",\"name\":\"Watervalset mit LEDs Ubbink Niagara Edelstahl in zwei Gr\u00f6\u00dfen\",\"isPartOf\":{\"@id\":\"https:\/\/dev.eliassen.nl\/de\/#website\"},\"primaryImageOfPage\":{\"@id\":\"https:\/\/dev.eliassen.nl\/de\/wasserfall-set-mit-leds-ubbink-edelstahl-niagara-in-2-grossen\/#primaryimage\"},\"image\":{\"@id\":\"https:\/\/dev.eliassen.nl\/de\/wasserfall-set-mit-leds-ubbink-edelstahl-niagara-in-2-grossen\/#primaryimage\"},\"thumbnailUrl\":\"https:\/\/dev.eliassen.nl\/wp-content\/uploads\/2024\/01\/watervalsetmetledsubbinkrvsniagarain2maten.jpg\",\"datePublished\":\"2019-10-28T15:01:39+00:00\",\"dateModified\":\"2024-12-05T15:44:50+00:00\",\"description\":\"watervalset Niagara mit LEDs in zwei Gr\u00f6\u00dfen\",\"breadcrumb\":{\"@id\":\"https:\/\/dev.eliassen.nl\/de\/wasserfall-set-mit-leds-ubbink-edelstahl-niagara-in-2-grossen\/#breadcrumb\"},\"inLanguage\":\"de\",\"potentialAction\":[{\"@type\":\"ReadAction\",\"target\":[\"https:\/\/dev.eliassen.nl\/de\/wasserfall-set-mit-leds-ubbink-edelstahl-niagara-in-2-grossen\/\"]}]},{\"@type\":\"ImageObject\",\"inLanguage\":\"de\",\"@id\":\"https:\/\/dev.eliassen.nl\/de\/wasserfall-set-mit-leds-ubbink-edelstahl-niagara-in-2-grossen\/#primaryimage\",\"url\":\"https:\/\/dev.eliassen.nl\/wp-content\/uploads\/2024\/01\/watervalsetmetledsubbinkrvsniagarain2maten.jpg\",\"contentUrl\":\"https:\/\/dev.eliassen.nl\/wp-content\/uploads\/2024\/01\/watervalsetmetledsubbinkrvsniagarain2maten.jpg\",\"width\":1024,\"height\":741,\"caption\":\"Watervalset met leds Ubbink RVS Niagara in 2 maten - Eliassen.nl\"},{\"@type\":\"BreadcrumbList\",\"@id\":\"https:\/\/dev.eliassen.nl\/de\/wasserfall-set-mit-leds-ubbink-edelstahl-niagara-in-2-grossen\/#breadcrumb\",\"itemListElement\":[{\"@type\":\"ListItem\",\"position\":1,\"name\":\"Home\",\"item\":\"https:\/\/dev.eliassen.nl\/de\/\"},{\"@type\":\"ListItem\",\"position\":2,\"name\":\"Shop\",\"item\":\"https:\/\/dev.eliassen.nl\/nl\/winkel\/\"},{\"@type\":\"ListItem\",\"position\":3,\"name\":\"Wasserspiele\",\"item\":\"https:\/\/dev.eliassen.nl\/de\/wassereigenschaften\/\"},{\"@type\":\"ListItem\",\"position\":4,\"name\":\"Ubbink-Wasserspiele\",\"item\":\"https:\/\/dev.eliassen.nl\/de\/wassereigenschaften\/ubbink-wasserspiele\/\"},{\"@type\":\"ListItem\",\"position\":5,\"name\":\"Wasserfall-Set mit LEDs Ubbink Edelstahl Niagara in 2 Gr\u00f6\u00dfen\"}]},{\"@type\":\"WebSite\",\"@id\":\"https:\/\/dev.eliassen.nl\/de\/#website\",\"url\":\"https:\/\/dev.eliassen.nl\/de\/\",\"name\":\"Eliassen Home & Garden Pleasure\",\"description\":\"\",\"publisher\":{\"@id\":\"https:\/\/dev.eliassen.nl\/de\/#organization\"},\"alternateName\":\"Eliassen.nl\",\"potentialAction\":[{\"@type\":\"SearchAction\",\"target\":{\"@type\":\"EntryPoint\",\"urlTemplate\":\"https:\/\/dev.eliassen.nl\/de\/?s={search_term_string}\"},\"query-input\":{\"@type\":\"PropertyValueSpecification\",\"valueRequired\":true,\"valueName\":\"search_term_string\"}}],\"inLanguage\":\"de\"},{\"@type\":\"Organization\",\"@id\":\"https:\/\/dev.eliassen.nl\/de\/#organization\",\"name\":\"Eliassen Home & Garden Pleasure\",\"url\":\"https:\/\/dev.eliassen.nl\/de\/\",\"logo\":{\"@type\":\"ImageObject\",\"inLanguage\":\"de\",\"@id\":\"https:\/\/dev.eliassen.nl\/de\/#\/schema\/logo\/image\/\",\"url\":\"https:\/\/www.eliassen.nl\/wp-content\/uploads\/2024\/01\/logo_4nd.jpg\",\"contentUrl\":\"https:\/\/www.eliassen.nl\/wp-content\/uploads\/2024\/01\/logo_4nd.jpg\",\"width\":500,\"height\":500,\"caption\":\"Eliassen Home & Garden Pleasure\"},\"image\":{\"@id\":\"https:\/\/dev.eliassen.nl\/de\/#\/schema\/logo\/image\/\"},\"sameAs\":[\"https:\/\/www.facebook.com\/TuincentrumEliassenAmmerzoden\",\"https:\/\/www.instagram.com\/eliassenhomeandgarden\/\",\"https:\/\/nl.pinterest.com\/eliassenhomeandgarden\/\",\"https:\/\/www.youtube.com\/@eliassenhomegardenpleasure4558\"]}]}<\/script>\n<!-- \/ Yoast SEO plugin. -->","yoast_head_json":{"title":"Watervalset mit LEDs Ubbink Niagara Edelstahl in zwei Gr\u00f6\u00dfen","description":"watervalset Niagara mit LEDs in zwei Gr\u00f6\u00dfen","robots":{"index":"noindex","follow":"follow","max-snippet":"max-snippet:-1","max-image-preview":"max-image-preview:large","max-video-preview":"max-video-preview:-1"},"og_locale":"de_DE","og_type":"article","og_title":"Watervalset mit LEDs Ubbink Niagara Edelstahl in zwei Gr\u00f6\u00dfen","og_description":"watervalset Niagara mit LEDs in zwei Gr\u00f6\u00dfen","og_url":"https:\/\/dev.eliassen.nl\/de\/wasserfall-set-mit-leds-ubbink-edelstahl-niagara-in-2-grossen\/","og_site_name":"Eliassen.nl","article_publisher":"https:\/\/www.facebook.com\/TuincentrumEliassenAmmerzoden","article_modified_time":"2024-12-05T15:44:50+00:00","og_image":[{"width":1024,"height":741,"url":"https:\/\/dev.eliassen.nl\/wp-content\/uploads\/2024\/01\/watervalsetmetledsubbinkrvsniagarain2maten.jpg","type":"image\/jpeg"}],"twitter_card":"summary_large_image","schema":{"@context":"https:\/\/schema.org","@graph":[{"@type":"WebPage","@id":"https:\/\/dev.eliassen.nl\/de\/wasserfall-set-mit-leds-ubbink-edelstahl-niagara-in-2-grossen\/","url":"https:\/\/dev.eliassen.nl\/de\/wasserfall-set-mit-leds-ubbink-edelstahl-niagara-in-2-grossen\/","name":"Watervalset mit LEDs Ubbink Niagara Edelstahl in zwei Gr\u00f6\u00dfen","isPartOf":{"@id":"https:\/\/dev.eliassen.nl\/de\/#website"},"primaryImageOfPage":{"@id":"https:\/\/dev.eliassen.nl\/de\/wasserfall-set-mit-leds-ubbink-edelstahl-niagara-in-2-grossen\/#primaryimage"},"image":{"@id":"https:\/\/dev.eliassen.nl\/de\/wasserfall-set-mit-leds-ubbink-edelstahl-niagara-in-2-grossen\/#primaryimage"},"thumbnailUrl":"https:\/\/dev.eliassen.nl\/wp-content\/uploads\/2024\/01\/watervalsetmetledsubbinkrvsniagarain2maten.jpg","datePublished":"2019-10-28T15:01:39+00:00","dateModified":"2024-12-05T15:44:50+00:00","description":"watervalset Niagara mit LEDs in zwei Gr\u00f6\u00dfen","breadcrumb":{"@id":"https:\/\/dev.eliassen.nl\/de\/wasserfall-set-mit-leds-ubbink-edelstahl-niagara-in-2-grossen\/#breadcrumb"},"inLanguage":"de","potentialAction":[{"@type":"ReadAction","target":["https:\/\/dev.eliassen.nl\/de\/wasserfall-set-mit-leds-ubbink-edelstahl-niagara-in-2-grossen\/"]}]},{"@type":"ImageObject","inLanguage":"de","@id":"https:\/\/dev.eliassen.nl\/de\/wasserfall-set-mit-leds-ubbink-edelstahl-niagara-in-2-grossen\/#primaryimage","url":"https:\/\/dev.eliassen.nl\/wp-content\/uploads\/2024\/01\/watervalsetmetledsubbinkrvsniagarain2maten.jpg","contentUrl":"https:\/\/dev.eliassen.nl\/wp-content\/uploads\/2024\/01\/watervalsetmetledsubbinkrvsniagarain2maten.jpg","width":1024,"height":741,"caption":"Watervalset met leds Ubbink RVS Niagara in 2 maten - Eliassen.nl"},{"@type":"BreadcrumbList","@id":"https:\/\/dev.eliassen.nl\/de\/wasserfall-set-mit-leds-ubbink-edelstahl-niagara-in-2-grossen\/#breadcrumb","itemListElement":[{"@type":"ListItem","position":1,"name":"Home","item":"https:\/\/dev.eliassen.nl\/de\/"},{"@type":"ListItem","position":2,"name":"Shop","item":"https:\/\/dev.eliassen.nl\/nl\/winkel\/"},{"@type":"ListItem","position":3,"name":"Wasserspiele","item":"https:\/\/dev.eliassen.nl\/de\/wassereigenschaften\/"},{"@type":"ListItem","position":4,"name":"Ubbink-Wasserspiele","item":"https:\/\/dev.eliassen.nl\/de\/wassereigenschaften\/ubbink-wasserspiele\/"},{"@type":"ListItem","position":5,"name":"Wasserfall-Set mit LEDs Ubbink Edelstahl Niagara in 2 Gr\u00f6\u00dfen"}]},{"@type":"WebSite","@id":"https:\/\/dev.eliassen.nl\/de\/#website","url":"https:\/\/dev.eliassen.nl\/de\/","name":"Eliassen Home & Garden Pleasure","description":"","publisher":{"@id":"https:\/\/dev.eliassen.nl\/de\/#organization"},"alternateName":"Eliassen.nl","potentialAction":[{"@type":"SearchAction","target":{"@type":"EntryPoint","urlTemplate":"https:\/\/dev.eliassen.nl\/de\/?s={search_term_string}"},"query-input":{"@type":"PropertyValueSpecification","valueRequired":true,"valueName":"search_term_string"}}],"inLanguage":"de"},{"@type":"Organization","@id":"https:\/\/dev.eliassen.nl\/de\/#organization","name":"Eliassen Home & Garden Pleasure","url":"https:\/\/dev.eliassen.nl\/de\/","logo":{"@type":"ImageObject","inLanguage":"de","@id":"https:\/\/dev.eliassen.nl\/de\/#\/schema\/logo\/image\/","url":"https:\/\/www.eliassen.nl\/wp-content\/uploads\/2024\/01\/logo_4nd.jpg","contentUrl":"https:\/\/www.eliassen.nl\/wp-content\/uploads\/2024\/01\/logo_4nd.jpg","width":500,"height":500,"caption":"Eliassen Home & Garden Pleasure"},"image":{"@id":"https:\/\/dev.eliassen.nl\/de\/#\/schema\/logo\/image\/"},"sameAs":["https:\/\/www.facebook.com\/TuincentrumEliassenAmmerzoden","https:\/\/www.instagram.com\/eliassenhomeandgarden\/","https:\/\/nl.pinterest.com\/eliassenhomeandgarden\/","https:\/\/www.youtube.com\/@eliassenhomegardenpleasure4558"]}]}},"df_price":279,"df_sale_price":"","df_regular_price":279,"df_image_link":"https:\/\/dev.eliassen.nl\/wp-content\/uploads\/2024\/01\/watervalsetmetledsubbinkrvsniagarain2maten.jpg","image":"https:\/\/dev.eliassen.nl\/wp-content\/uploads\/2024\/01\/watervalsetmetledsubbinkrvsniagarain2maten.jpg","price_search":"<span class=\"woocommerce-Price-amount amount\"><bdi><span class=\"woocommerce-Price-currencySymbol\">&euro;<\/span>&nbsp;279,00<\/bdi><\/span>","category":"Ubbink-Wasserspiele","_links":{"self":[{"href":"https:\/\/dev.eliassen.nl\/de\/wp-json\/wp\/v2\/product\/127376","targetHints":{"allow":["GET"]}}],"collection":[{"href":"https:\/\/dev.eliassen.nl\/de\/wp-json\/wp\/v2\/product"}],"about":[{"href":"https:\/\/dev.eliassen.nl\/de\/wp-json\/wp\/v2\/types\/product"}],"wp:featuredmedia":[{"embeddable":true,"href":"https:\/\/dev.eliassen.nl\/de\/wp-json\/wp\/v2\/media\/6493"}],"wp:attachment":[{"href":"https:\/\/dev.eliassen.nl\/de\/wp-json\/wp\/v2\/media?parent=127376"}],"wp:term":[{"taxonomy":"product_brand","embeddable":true,"href":"https:\/\/dev.eliassen.nl\/de\/wp-json\/wp\/v2\/product_brand?post=127376"},{"taxonomy":"product_cat","embeddable":true,"href":"https:\/\/dev.eliassen.nl\/de\/wp-json\/wp\/v2\/product_cat?post=127376"},{"taxonomy":"product_tag","embeddable":true,"href":"https:\/\/dev.eliassen.nl\/de\/wp-json\/wp\/v2\/product_tag?post=127376"}],"curies":[{"name":"wp","href":"https:\/\/api.w.org\/{rel}","templated":true}]}}