{"id":127427,"date":"2019-10-28T16:02:00","date_gmt":"2019-10-28T15:02:00","guid":{"rendered":"https:\/\/www.eliassen.nl\/?product=kunststoffwasserbehaelter-verschiedener-groessen"},"modified":"2024-12-05T16:44:59","modified_gmt":"2024-12-05T15:44:59","slug":"plastikwasserschale-in-verschiedenen-grossen-fur-ornament-oder-springbrunnen","status":"publish","type":"product","link":"https:\/\/dev.eliassen.nl\/de\/plastikwasserschale-in-verschiedenen-grossen-fur-ornament-oder-springbrunnen\/","title":{"rendered":"Kunststoff-Wasserschale in verschiedenen Gr\u00f6\u00dfen f\u00fcr Dekoration oder Brunnen"},"content":{"rendered":"<p>Wasserbeh\u00e4lter aus starkem Polyethylen, frostbest\u00e4ndig. In verschiedenen Gr\u00f6\u00dfen. Je gr\u00f6\u00dfer das Fassungsverm\u00f6gen, desto seltener muss Wasser nachgef\u00fcllt werden. Diese Beh\u00e4lter werden normalerweise im Garten vergraben. Die Gr\u00f6\u00dfen 65 und 88 cm eignen sich auch zur Aufstellung \u00fcber dem Boden, in Kombination mit einer Abdeckung, die den Beh\u00e4lter abdeckt. Das Gewicht des Schmuckst\u00fccks sollte nicht zu schwer sein. Auf diese Beh\u00e4lter k\u00f6nnen Sie Polyesterdeckel oder verzinkte Gitter legen. Bei der Verwendung von Gittern sollten Sie Teichfolie zwischen Wassertank und Gitter legen, um Wasserverlust durch die Kapillarwirkung des Gitters zu verhindern und Spritzwasser aufzufangen und in den Tank zur\u00fcckzuf\u00fchren.<br \/><span style=\"color: #ff0000;\"><strong>W\u00e4hlen Sie oben Ihre Version aus.<\/strong><\/span><\/p>\n<p><span style=\"color: #ff0000;\"><strong>Die 750-Liter-Wanne kann nur abgeholt werden<\/strong><\/p>\n<p><span style=\"color: #000000;\">Gr\u00f6\u00dfen:<br \/>750 Liter Durchmesser, 122 x 82 cm hoch<\/span><br \/><span style=\"color: #000000;\">500 Liter Durchmesser, 104 x 82 cm hoch<br \/>275 Liter Durchmesser, 110 x 35 cm hoch<br \/>230 Liter Durchmesser, 84 x 55 cm hoch<br \/>90 Liter Durchmesser, 67 x 35 cm hoch<br \/>65 Liter Durchmesser, 60 x 35 cm hoch<\/span><\/span><\/p>\n","protected":false},"excerpt":{"rendered":"<p>Wassernapf aus Kunststoff in verschiedenen Gr\u00f6\u00dfen<\/p>\n","protected":false},"featured_media":6607,"template":"","meta":{"_acf_changed":false},"product_brand":[],"product_cat":[545,536],"product_tag":[],"class_list":{"0":"post-127427","1":"product","2":"type-product","3":"status-publish","4":"has-post-thumbnail","6":"product_cat-teile-wasserspiele","7":"product_cat-wassereigenschaften","9":"first","10":"instock","11":"taxable","12":"shipping-taxable","13":"purchasable","14":"product-type-variable"},"acf":[],"yoast_head":"<!-- This site is optimized with the Yoast SEO plugin v23.8 - https:\/\/yoast.com\/wordpress\/plugins\/seo\/ -->\n<title>Wasserschale aus Kunststoff verschiedene Gr\u00f6\u00dfen zur Zierde oder Brunnen<\/title>\n<meta name=\"description\" content=\"Sp\u00fclkasten Kunststoff verschiedene Gr\u00f6\u00dfen\" \/>\n<meta name=\"robots\" content=\"noindex, follow, max-snippet:-1, max-image-preview:large, max-video-preview:-1\" \/>\n<meta property=\"og:locale\" content=\"de_DE\" \/>\n<meta property=\"og:type\" content=\"article\" \/>\n<meta property=\"og:title\" content=\"Wasserschale aus Kunststoff verschiedene Gr\u00f6\u00dfen zur Zierde oder Brunnen\" \/>\n<meta property=\"og:description\" content=\"Sp\u00fclkasten Kunststoff verschiedene Gr\u00f6\u00dfen\" \/>\n<meta property=\"og:url\" content=\"https:\/\/dev.eliassen.nl\/de\/plastikwasserschale-in-verschiedenen-grossen-fur-ornament-oder-springbrunnen\/\" \/>\n<meta property=\"og:site_name\" content=\"Eliassen.nl\" \/>\n<meta property=\"article:publisher\" content=\"https:\/\/www.facebook.com\/TuincentrumEliassenAmmerzoden\" \/>\n<meta property=\"article:modified_time\" content=\"2024-12-05T15:44:59+00:00\" \/>\n<meta property=\"og:image\" content=\"https:\/\/dev.eliassen.nl\/wp-content\/uploads\/2024\/01\/m5315008800.jpg\" \/>\n\t<meta property=\"og:image:width\" content=\"600\" \/>\n\t<meta property=\"og:image:height\" content=\"600\" \/>\n\t<meta property=\"og:image:type\" content=\"image\/jpeg\" \/>\n<meta name=\"twitter:card\" content=\"summary_large_image\" \/>\n<script type=\"application\/ld+json\" class=\"yoast-schema-graph\">{\"@context\":\"https:\/\/schema.org\",\"@graph\":[{\"@type\":\"WebPage\",\"@id\":\"https:\/\/dev.eliassen.nl\/de\/plastikwasserschale-in-verschiedenen-grossen-fur-ornament-oder-springbrunnen\/\",\"url\":\"https:\/\/dev.eliassen.nl\/de\/plastikwasserschale-in-verschiedenen-grossen-fur-ornament-oder-springbrunnen\/\",\"name\":\"Wasserschale aus Kunststoff verschiedene Gr\u00f6\u00dfen zur Zierde oder Brunnen\",\"isPartOf\":{\"@id\":\"https:\/\/dev.eliassen.nl\/de\/#website\"},\"primaryImageOfPage\":{\"@id\":\"https:\/\/dev.eliassen.nl\/de\/plastikwasserschale-in-verschiedenen-grossen-fur-ornament-oder-springbrunnen\/#primaryimage\"},\"image\":{\"@id\":\"https:\/\/dev.eliassen.nl\/de\/plastikwasserschale-in-verschiedenen-grossen-fur-ornament-oder-springbrunnen\/#primaryimage\"},\"thumbnailUrl\":\"https:\/\/dev.eliassen.nl\/wp-content\/uploads\/2024\/01\/m5315008800.jpg\",\"datePublished\":\"2019-10-28T15:02:00+00:00\",\"dateModified\":\"2024-12-05T15:44:59+00:00\",\"description\":\"Sp\u00fclkasten Kunststoff verschiedene Gr\u00f6\u00dfen\",\"breadcrumb\":{\"@id\":\"https:\/\/dev.eliassen.nl\/de\/plastikwasserschale-in-verschiedenen-grossen-fur-ornament-oder-springbrunnen\/#breadcrumb\"},\"inLanguage\":\"de\",\"potentialAction\":[{\"@type\":\"ReadAction\",\"target\":[\"https:\/\/dev.eliassen.nl\/de\/plastikwasserschale-in-verschiedenen-grossen-fur-ornament-oder-springbrunnen\/\"]}]},{\"@type\":\"ImageObject\",\"inLanguage\":\"de\",\"@id\":\"https:\/\/dev.eliassen.nl\/de\/plastikwasserschale-in-verschiedenen-grossen-fur-ornament-oder-springbrunnen\/#primaryimage\",\"url\":\"https:\/\/dev.eliassen.nl\/wp-content\/uploads\/2024\/01\/m5315008800.jpg\",\"contentUrl\":\"https:\/\/dev.eliassen.nl\/wp-content\/uploads\/2024\/01\/m5315008800.jpg\",\"width\":600,\"height\":600,\"caption\":\"m5315008800\"},{\"@type\":\"BreadcrumbList\",\"@id\":\"https:\/\/dev.eliassen.nl\/de\/plastikwasserschale-in-verschiedenen-grossen-fur-ornament-oder-springbrunnen\/#breadcrumb\",\"itemListElement\":[{\"@type\":\"ListItem\",\"position\":1,\"name\":\"Home\",\"item\":\"https:\/\/dev.eliassen.nl\/de\/\"},{\"@type\":\"ListItem\",\"position\":2,\"name\":\"Shop\",\"item\":\"https:\/\/dev.eliassen.nl\/nl\/winkel\/\"},{\"@type\":\"ListItem\",\"position\":3,\"name\":\"Wasserspiele\",\"item\":\"https:\/\/dev.eliassen.nl\/de\/wassereigenschaften\/\"},{\"@type\":\"ListItem\",\"position\":4,\"name\":\"Teile Wasserspiele\",\"item\":\"https:\/\/dev.eliassen.nl\/de\/wassereigenschaften\/teile-wasserspiele\/\"},{\"@type\":\"ListItem\",\"position\":5,\"name\":\"Kunststoff-Wasserschale in verschiedenen Gr\u00f6\u00dfen f\u00fcr Dekoration oder Brunnen\"}]},{\"@type\":\"WebSite\",\"@id\":\"https:\/\/dev.eliassen.nl\/de\/#website\",\"url\":\"https:\/\/dev.eliassen.nl\/de\/\",\"name\":\"Eliassen Home & Garden Pleasure\",\"description\":\"\",\"publisher\":{\"@id\":\"https:\/\/dev.eliassen.nl\/de\/#organization\"},\"alternateName\":\"Eliassen.nl\",\"potentialAction\":[{\"@type\":\"SearchAction\",\"target\":{\"@type\":\"EntryPoint\",\"urlTemplate\":\"https:\/\/dev.eliassen.nl\/de\/?s={search_term_string}\"},\"query-input\":{\"@type\":\"PropertyValueSpecification\",\"valueRequired\":true,\"valueName\":\"search_term_string\"}}],\"inLanguage\":\"de\"},{\"@type\":\"Organization\",\"@id\":\"https:\/\/dev.eliassen.nl\/de\/#organization\",\"name\":\"Eliassen Home & Garden Pleasure\",\"url\":\"https:\/\/dev.eliassen.nl\/de\/\",\"logo\":{\"@type\":\"ImageObject\",\"inLanguage\":\"de\",\"@id\":\"https:\/\/dev.eliassen.nl\/de\/#\/schema\/logo\/image\/\",\"url\":\"https:\/\/www.eliassen.nl\/wp-content\/uploads\/2024\/01\/logo_4nd.jpg\",\"contentUrl\":\"https:\/\/www.eliassen.nl\/wp-content\/uploads\/2024\/01\/logo_4nd.jpg\",\"width\":500,\"height\":500,\"caption\":\"Eliassen Home & Garden Pleasure\"},\"image\":{\"@id\":\"https:\/\/dev.eliassen.nl\/de\/#\/schema\/logo\/image\/\"},\"sameAs\":[\"https:\/\/www.facebook.com\/TuincentrumEliassenAmmerzoden\",\"https:\/\/www.instagram.com\/eliassenhomeandgarden\/\",\"https:\/\/nl.pinterest.com\/eliassenhomeandgarden\/\",\"https:\/\/www.youtube.com\/@eliassenhomegardenpleasure4558\"]}]}<\/script>\n<!-- \/ Yoast SEO plugin. -->","yoast_head_json":{"title":"Wasserschale aus Kunststoff verschiedene Gr\u00f6\u00dfen zur Zierde oder Brunnen","description":"Sp\u00fclkasten Kunststoff verschiedene Gr\u00f6\u00dfen","robots":{"index":"noindex","follow":"follow","max-snippet":"max-snippet:-1","max-image-preview":"max-image-preview:large","max-video-preview":"max-video-preview:-1"},"og_locale":"de_DE","og_type":"article","og_title":"Wasserschale aus Kunststoff verschiedene Gr\u00f6\u00dfen zur Zierde oder Brunnen","og_description":"Sp\u00fclkasten Kunststoff verschiedene Gr\u00f6\u00dfen","og_url":"https:\/\/dev.eliassen.nl\/de\/plastikwasserschale-in-verschiedenen-grossen-fur-ornament-oder-springbrunnen\/","og_site_name":"Eliassen.nl","article_publisher":"https:\/\/www.facebook.com\/TuincentrumEliassenAmmerzoden","article_modified_time":"2024-12-05T15:44:59+00:00","og_image":[{"width":600,"height":600,"url":"https:\/\/dev.eliassen.nl\/wp-content\/uploads\/2024\/01\/m5315008800.jpg","type":"image\/jpeg"}],"twitter_card":"summary_large_image","schema":{"@context":"https:\/\/schema.org","@graph":[{"@type":"WebPage","@id":"https:\/\/dev.eliassen.nl\/de\/plastikwasserschale-in-verschiedenen-grossen-fur-ornament-oder-springbrunnen\/","url":"https:\/\/dev.eliassen.nl\/de\/plastikwasserschale-in-verschiedenen-grossen-fur-ornament-oder-springbrunnen\/","name":"Wasserschale aus Kunststoff verschiedene Gr\u00f6\u00dfen zur Zierde oder Brunnen","isPartOf":{"@id":"https:\/\/dev.eliassen.nl\/de\/#website"},"primaryImageOfPage":{"@id":"https:\/\/dev.eliassen.nl\/de\/plastikwasserschale-in-verschiedenen-grossen-fur-ornament-oder-springbrunnen\/#primaryimage"},"image":{"@id":"https:\/\/dev.eliassen.nl\/de\/plastikwasserschale-in-verschiedenen-grossen-fur-ornament-oder-springbrunnen\/#primaryimage"},"thumbnailUrl":"https:\/\/dev.eliassen.nl\/wp-content\/uploads\/2024\/01\/m5315008800.jpg","datePublished":"2019-10-28T15:02:00+00:00","dateModified":"2024-12-05T15:44:59+00:00","description":"Sp\u00fclkasten Kunststoff verschiedene Gr\u00f6\u00dfen","breadcrumb":{"@id":"https:\/\/dev.eliassen.nl\/de\/plastikwasserschale-in-verschiedenen-grossen-fur-ornament-oder-springbrunnen\/#breadcrumb"},"inLanguage":"de","potentialAction":[{"@type":"ReadAction","target":["https:\/\/dev.eliassen.nl\/de\/plastikwasserschale-in-verschiedenen-grossen-fur-ornament-oder-springbrunnen\/"]}]},{"@type":"ImageObject","inLanguage":"de","@id":"https:\/\/dev.eliassen.nl\/de\/plastikwasserschale-in-verschiedenen-grossen-fur-ornament-oder-springbrunnen\/#primaryimage","url":"https:\/\/dev.eliassen.nl\/wp-content\/uploads\/2024\/01\/m5315008800.jpg","contentUrl":"https:\/\/dev.eliassen.nl\/wp-content\/uploads\/2024\/01\/m5315008800.jpg","width":600,"height":600,"caption":"m5315008800"},{"@type":"BreadcrumbList","@id":"https:\/\/dev.eliassen.nl\/de\/plastikwasserschale-in-verschiedenen-grossen-fur-ornament-oder-springbrunnen\/#breadcrumb","itemListElement":[{"@type":"ListItem","position":1,"name":"Home","item":"https:\/\/dev.eliassen.nl\/de\/"},{"@type":"ListItem","position":2,"name":"Shop","item":"https:\/\/dev.eliassen.nl\/nl\/winkel\/"},{"@type":"ListItem","position":3,"name":"Wasserspiele","item":"https:\/\/dev.eliassen.nl\/de\/wassereigenschaften\/"},{"@type":"ListItem","position":4,"name":"Teile Wasserspiele","item":"https:\/\/dev.eliassen.nl\/de\/wassereigenschaften\/teile-wasserspiele\/"},{"@type":"ListItem","position":5,"name":"Kunststoff-Wasserschale in verschiedenen Gr\u00f6\u00dfen f\u00fcr Dekoration oder Brunnen"}]},{"@type":"WebSite","@id":"https:\/\/dev.eliassen.nl\/de\/#website","url":"https:\/\/dev.eliassen.nl\/de\/","name":"Eliassen Home & Garden Pleasure","description":"","publisher":{"@id":"https:\/\/dev.eliassen.nl\/de\/#organization"},"alternateName":"Eliassen.nl","potentialAction":[{"@type":"SearchAction","target":{"@type":"EntryPoint","urlTemplate":"https:\/\/dev.eliassen.nl\/de\/?s={search_term_string}"},"query-input":{"@type":"PropertyValueSpecification","valueRequired":true,"valueName":"search_term_string"}}],"inLanguage":"de"},{"@type":"Organization","@id":"https:\/\/dev.eliassen.nl\/de\/#organization","name":"Eliassen Home & Garden Pleasure","url":"https:\/\/dev.eliassen.nl\/de\/","logo":{"@type":"ImageObject","inLanguage":"de","@id":"https:\/\/dev.eliassen.nl\/de\/#\/schema\/logo\/image\/","url":"https:\/\/www.eliassen.nl\/wp-content\/uploads\/2024\/01\/logo_4nd.jpg","contentUrl":"https:\/\/www.eliassen.nl\/wp-content\/uploads\/2024\/01\/logo_4nd.jpg","width":500,"height":500,"caption":"Eliassen Home & Garden Pleasure"},"image":{"@id":"https:\/\/dev.eliassen.nl\/de\/#\/schema\/logo\/image\/"},"sameAs":["https:\/\/www.facebook.com\/TuincentrumEliassenAmmerzoden","https:\/\/www.instagram.com\/eliassenhomeandgarden\/","https:\/\/nl.pinterest.com\/eliassenhomeandgarden\/","https:\/\/www.youtube.com\/@eliassenhomegardenpleasure4558"]}]}},"df_price":7.95,"df_sale_price":"","df_regular_price":7.95,"df_image_link":"https:\/\/dev.eliassen.nl\/wp-content\/uploads\/2024\/01\/m5315008800.jpg","image":"https:\/\/dev.eliassen.nl\/wp-content\/uploads\/2024\/01\/m5315008800.jpg","price_search":"<span class=\"woocommerce-Price-amount amount\"><bdi><span class=\"woocommerce-Price-currencySymbol\">&euro;<\/span>&nbsp;7,95<\/bdi><\/span>","category":"Teile Wasserspiele","_links":{"self":[{"href":"https:\/\/dev.eliassen.nl\/de\/wp-json\/wp\/v2\/product\/127427","targetHints":{"allow":["GET"]}}],"collection":[{"href":"https:\/\/dev.eliassen.nl\/de\/wp-json\/wp\/v2\/product"}],"about":[{"href":"https:\/\/dev.eliassen.nl\/de\/wp-json\/wp\/v2\/types\/product"}],"wp:featuredmedia":[{"embeddable":true,"href":"https:\/\/dev.eliassen.nl\/de\/wp-json\/wp\/v2\/media\/6607"}],"wp:attachment":[{"href":"https:\/\/dev.eliassen.nl\/de\/wp-json\/wp\/v2\/media?parent=127427"}],"wp:term":[{"taxonomy":"product_brand","embeddable":true,"href":"https:\/\/dev.eliassen.nl\/de\/wp-json\/wp\/v2\/product_brand?post=127427"},{"taxonomy":"product_cat","embeddable":true,"href":"https:\/\/dev.eliassen.nl\/de\/wp-json\/wp\/v2\/product_cat?post=127427"},{"taxonomy":"product_tag","embeddable":true,"href":"https:\/\/dev.eliassen.nl\/de\/wp-json\/wp\/v2\/product_tag?post=127427"}],"curies":[{"name":"wp","href":"https:\/\/api.w.org\/{rel}","templated":true}]}}