{"id":127447,"date":"2019-10-28T16:02:05","date_gmt":"2019-10-28T15:02:05","guid":{"rendered":"https:\/\/www.eliassen.nl\/?product=rost-verschiedenen-groessen"},"modified":"2024-12-05T16:45:01","modified_gmt":"2024-12-05T15:45:01","slug":"hahn-verschiedene-grossen-fur-wasser-funktion-oder-brunnen","status":"publish","type":"product","link":"https:\/\/dev.eliassen.nl\/de\/hahn-verschiedene-grossen-fur-wasser-funktion-oder-brunnen\/","title":{"rendered":"Hahn verschiedene Gr\u00f6\u00dfen f\u00fcr Wasser-Funktion oder Brunnen"},"content":{"rendered":"<p>Drahtroste, 30 mm hoch, mehrere maten.Standaard Mesh ist 30x60mm. Bei sehr schweren Lasten, gibt es auch extra schwere Gitter mit einer Maschenweite von 30x30mm. Alle Modelle verf\u00fcgen \u00fcber \u00d6ffnung zur Pumpe. Um diese L\u00fccke zu schlie\u00dfen, gibt Rost Registerkarten zur Verf\u00fcgung. <br \/>Bevor Sie den Zeitplan mit Steinen Finishing, empfehlen wir Raster Tuch auf dem Gitter zu legen. <br \/><strong><span style=\"color: #ff0000;\">W\u00e4hlen Sie Ihre Top-Gr\u00f6\u00dfe.<\/span><\/strong><\/p>\n","protected":false},"excerpt":{"rendered":"<p>Gitter oder Wasser verf\u00fcgt \u00fcber eine Vielzahl von Gr\u00f6\u00dfen<\/p>\n","protected":false},"featured_media":6640,"template":"","meta":{"_acf_changed":false},"product_brand":[6916],"product_cat":[545,536],"product_tag":[],"class_list":{"0":"post-127447","1":"product","2":"type-product","3":"status-publish","4":"has-post-thumbnail","6":"product_brand-eliassen-de","7":"product_cat-teile-wasserspiele","8":"product_cat-wassereigenschaften","10":"first","11":"instock","12":"taxable","13":"shipping-taxable","14":"purchasable","15":"product-type-variable"},"acf":[],"yoast_head":"<!-- This site is optimized with the Yoast SEO plugin v23.8 - https:\/\/yoast.com\/wordpress\/plugins\/seo\/ -->\n<title>Hahn verschiedene Gr\u00f6\u00dfen f\u00fcr Wasser-Funktion oder Brunnen<\/title>\n<meta name=\"description\" content=\"Gitter oder Wasser verf\u00fcgt \u00fcber eine Vielzahl von Gr\u00f6\u00dfen\" \/>\n<meta name=\"robots\" content=\"noindex, follow, max-snippet:-1, max-image-preview:large, max-video-preview:-1\" \/>\n<meta property=\"og:locale\" content=\"de_DE\" \/>\n<meta property=\"og:type\" content=\"article\" \/>\n<meta property=\"og:title\" content=\"Hahn verschiedene Gr\u00f6\u00dfen f\u00fcr Wasser-Funktion oder Brunnen\" \/>\n<meta property=\"og:description\" content=\"Gitter oder Wasser verf\u00fcgt \u00fcber eine Vielzahl von Gr\u00f6\u00dfen\" \/>\n<meta property=\"og:url\" content=\"https:\/\/dev.eliassen.nl\/de\/hahn-verschiedene-grossen-fur-wasser-funktion-oder-brunnen\/\" \/>\n<meta property=\"og:site_name\" content=\"Eliassen.nl\" \/>\n<meta property=\"article:publisher\" content=\"https:\/\/www.facebook.com\/TuincentrumEliassenAmmerzoden\" \/>\n<meta property=\"article:modified_time\" content=\"2024-12-05T15:45:01+00:00\" \/>\n<meta property=\"og:image\" content=\"https:\/\/dev.eliassen.nl\/wp-content\/uploads\/2024\/01\/src115324384.jpg\" \/>\n\t<meta property=\"og:image:width\" content=\"384\" \/>\n\t<meta property=\"og:image:height\" content=\"300\" \/>\n\t<meta property=\"og:image:type\" content=\"image\/jpeg\" \/>\n<meta name=\"twitter:card\" content=\"summary_large_image\" \/>\n<script type=\"application\/ld+json\" class=\"yoast-schema-graph\">{\"@context\":\"https:\/\/schema.org\",\"@graph\":[{\"@type\":\"WebPage\",\"@id\":\"https:\/\/dev.eliassen.nl\/de\/hahn-verschiedene-grossen-fur-wasser-funktion-oder-brunnen\/\",\"url\":\"https:\/\/dev.eliassen.nl\/de\/hahn-verschiedene-grossen-fur-wasser-funktion-oder-brunnen\/\",\"name\":\"Hahn verschiedene Gr\u00f6\u00dfen f\u00fcr Wasser-Funktion oder Brunnen\",\"isPartOf\":{\"@id\":\"https:\/\/dev.eliassen.nl\/de\/#website\"},\"primaryImageOfPage\":{\"@id\":\"https:\/\/dev.eliassen.nl\/de\/hahn-verschiedene-grossen-fur-wasser-funktion-oder-brunnen\/#primaryimage\"},\"image\":{\"@id\":\"https:\/\/dev.eliassen.nl\/de\/hahn-verschiedene-grossen-fur-wasser-funktion-oder-brunnen\/#primaryimage\"},\"thumbnailUrl\":\"https:\/\/dev.eliassen.nl\/wp-content\/uploads\/2024\/01\/src115324384.jpg\",\"datePublished\":\"2019-10-28T15:02:05+00:00\",\"dateModified\":\"2024-12-05T15:45:01+00:00\",\"description\":\"Gitter oder Wasser verf\u00fcgt \u00fcber eine Vielzahl von Gr\u00f6\u00dfen\",\"breadcrumb\":{\"@id\":\"https:\/\/dev.eliassen.nl\/de\/hahn-verschiedene-grossen-fur-wasser-funktion-oder-brunnen\/#breadcrumb\"},\"inLanguage\":\"de\",\"potentialAction\":[{\"@type\":\"ReadAction\",\"target\":[\"https:\/\/dev.eliassen.nl\/de\/hahn-verschiedene-grossen-fur-wasser-funktion-oder-brunnen\/\"]}]},{\"@type\":\"ImageObject\",\"inLanguage\":\"de\",\"@id\":\"https:\/\/dev.eliassen.nl\/de\/hahn-verschiedene-grossen-fur-wasser-funktion-oder-brunnen\/#primaryimage\",\"url\":\"https:\/\/dev.eliassen.nl\/wp-content\/uploads\/2024\/01\/src115324384.jpg\",\"contentUrl\":\"https:\/\/dev.eliassen.nl\/wp-content\/uploads\/2024\/01\/src115324384.jpg\",\"width\":384,\"height\":300,\"caption\":\"src-115324-384\"},{\"@type\":\"BreadcrumbList\",\"@id\":\"https:\/\/dev.eliassen.nl\/de\/hahn-verschiedene-grossen-fur-wasser-funktion-oder-brunnen\/#breadcrumb\",\"itemListElement\":[{\"@type\":\"ListItem\",\"position\":1,\"name\":\"Home\",\"item\":\"https:\/\/dev.eliassen.nl\/de\/\"},{\"@type\":\"ListItem\",\"position\":2,\"name\":\"Shop\",\"item\":\"https:\/\/dev.eliassen.nl\/nl\/winkel\/\"},{\"@type\":\"ListItem\",\"position\":3,\"name\":\"Wasserspiele\",\"item\":\"https:\/\/dev.eliassen.nl\/de\/wassereigenschaften\/\"},{\"@type\":\"ListItem\",\"position\":4,\"name\":\"Teile Wasserspiele\",\"item\":\"https:\/\/dev.eliassen.nl\/de\/wassereigenschaften\/teile-wasserspiele\/\"},{\"@type\":\"ListItem\",\"position\":5,\"name\":\"Hahn verschiedene Gr\u00f6\u00dfen f\u00fcr Wasser-Funktion oder Brunnen\"}]},{\"@type\":\"WebSite\",\"@id\":\"https:\/\/dev.eliassen.nl\/de\/#website\",\"url\":\"https:\/\/dev.eliassen.nl\/de\/\",\"name\":\"Eliassen Home & Garden Pleasure\",\"description\":\"\",\"publisher\":{\"@id\":\"https:\/\/dev.eliassen.nl\/de\/#organization\"},\"alternateName\":\"Eliassen.nl\",\"potentialAction\":[{\"@type\":\"SearchAction\",\"target\":{\"@type\":\"EntryPoint\",\"urlTemplate\":\"https:\/\/dev.eliassen.nl\/de\/?s={search_term_string}\"},\"query-input\":{\"@type\":\"PropertyValueSpecification\",\"valueRequired\":true,\"valueName\":\"search_term_string\"}}],\"inLanguage\":\"de\"},{\"@type\":\"Organization\",\"@id\":\"https:\/\/dev.eliassen.nl\/de\/#organization\",\"name\":\"Eliassen Home & Garden Pleasure\",\"url\":\"https:\/\/dev.eliassen.nl\/de\/\",\"logo\":{\"@type\":\"ImageObject\",\"inLanguage\":\"de\",\"@id\":\"https:\/\/dev.eliassen.nl\/de\/#\/schema\/logo\/image\/\",\"url\":\"https:\/\/www.eliassen.nl\/wp-content\/uploads\/2024\/01\/logo_4nd.jpg\",\"contentUrl\":\"https:\/\/www.eliassen.nl\/wp-content\/uploads\/2024\/01\/logo_4nd.jpg\",\"width\":500,\"height\":500,\"caption\":\"Eliassen Home & Garden Pleasure\"},\"image\":{\"@id\":\"https:\/\/dev.eliassen.nl\/de\/#\/schema\/logo\/image\/\"},\"sameAs\":[\"https:\/\/www.facebook.com\/TuincentrumEliassenAmmerzoden\",\"https:\/\/www.instagram.com\/eliassenhomeandgarden\/\",\"https:\/\/nl.pinterest.com\/eliassenhomeandgarden\/\",\"https:\/\/www.youtube.com\/@eliassenhomegardenpleasure4558\"]}]}<\/script>\n<!-- \/ Yoast SEO plugin. -->","yoast_head_json":{"title":"Hahn verschiedene Gr\u00f6\u00dfen f\u00fcr Wasser-Funktion oder Brunnen","description":"Gitter oder Wasser verf\u00fcgt \u00fcber eine Vielzahl von Gr\u00f6\u00dfen","robots":{"index":"noindex","follow":"follow","max-snippet":"max-snippet:-1","max-image-preview":"max-image-preview:large","max-video-preview":"max-video-preview:-1"},"og_locale":"de_DE","og_type":"article","og_title":"Hahn verschiedene Gr\u00f6\u00dfen f\u00fcr Wasser-Funktion oder Brunnen","og_description":"Gitter oder Wasser verf\u00fcgt \u00fcber eine Vielzahl von Gr\u00f6\u00dfen","og_url":"https:\/\/dev.eliassen.nl\/de\/hahn-verschiedene-grossen-fur-wasser-funktion-oder-brunnen\/","og_site_name":"Eliassen.nl","article_publisher":"https:\/\/www.facebook.com\/TuincentrumEliassenAmmerzoden","article_modified_time":"2024-12-05T15:45:01+00:00","og_image":[{"width":384,"height":300,"url":"https:\/\/dev.eliassen.nl\/wp-content\/uploads\/2024\/01\/src115324384.jpg","type":"image\/jpeg"}],"twitter_card":"summary_large_image","schema":{"@context":"https:\/\/schema.org","@graph":[{"@type":"WebPage","@id":"https:\/\/dev.eliassen.nl\/de\/hahn-verschiedene-grossen-fur-wasser-funktion-oder-brunnen\/","url":"https:\/\/dev.eliassen.nl\/de\/hahn-verschiedene-grossen-fur-wasser-funktion-oder-brunnen\/","name":"Hahn verschiedene Gr\u00f6\u00dfen f\u00fcr Wasser-Funktion oder Brunnen","isPartOf":{"@id":"https:\/\/dev.eliassen.nl\/de\/#website"},"primaryImageOfPage":{"@id":"https:\/\/dev.eliassen.nl\/de\/hahn-verschiedene-grossen-fur-wasser-funktion-oder-brunnen\/#primaryimage"},"image":{"@id":"https:\/\/dev.eliassen.nl\/de\/hahn-verschiedene-grossen-fur-wasser-funktion-oder-brunnen\/#primaryimage"},"thumbnailUrl":"https:\/\/dev.eliassen.nl\/wp-content\/uploads\/2024\/01\/src115324384.jpg","datePublished":"2019-10-28T15:02:05+00:00","dateModified":"2024-12-05T15:45:01+00:00","description":"Gitter oder Wasser verf\u00fcgt \u00fcber eine Vielzahl von Gr\u00f6\u00dfen","breadcrumb":{"@id":"https:\/\/dev.eliassen.nl\/de\/hahn-verschiedene-grossen-fur-wasser-funktion-oder-brunnen\/#breadcrumb"},"inLanguage":"de","potentialAction":[{"@type":"ReadAction","target":["https:\/\/dev.eliassen.nl\/de\/hahn-verschiedene-grossen-fur-wasser-funktion-oder-brunnen\/"]}]},{"@type":"ImageObject","inLanguage":"de","@id":"https:\/\/dev.eliassen.nl\/de\/hahn-verschiedene-grossen-fur-wasser-funktion-oder-brunnen\/#primaryimage","url":"https:\/\/dev.eliassen.nl\/wp-content\/uploads\/2024\/01\/src115324384.jpg","contentUrl":"https:\/\/dev.eliassen.nl\/wp-content\/uploads\/2024\/01\/src115324384.jpg","width":384,"height":300,"caption":"src-115324-384"},{"@type":"BreadcrumbList","@id":"https:\/\/dev.eliassen.nl\/de\/hahn-verschiedene-grossen-fur-wasser-funktion-oder-brunnen\/#breadcrumb","itemListElement":[{"@type":"ListItem","position":1,"name":"Home","item":"https:\/\/dev.eliassen.nl\/de\/"},{"@type":"ListItem","position":2,"name":"Shop","item":"https:\/\/dev.eliassen.nl\/nl\/winkel\/"},{"@type":"ListItem","position":3,"name":"Wasserspiele","item":"https:\/\/dev.eliassen.nl\/de\/wassereigenschaften\/"},{"@type":"ListItem","position":4,"name":"Teile Wasserspiele","item":"https:\/\/dev.eliassen.nl\/de\/wassereigenschaften\/teile-wasserspiele\/"},{"@type":"ListItem","position":5,"name":"Hahn verschiedene Gr\u00f6\u00dfen f\u00fcr Wasser-Funktion oder Brunnen"}]},{"@type":"WebSite","@id":"https:\/\/dev.eliassen.nl\/de\/#website","url":"https:\/\/dev.eliassen.nl\/de\/","name":"Eliassen Home & Garden Pleasure","description":"","publisher":{"@id":"https:\/\/dev.eliassen.nl\/de\/#organization"},"alternateName":"Eliassen.nl","potentialAction":[{"@type":"SearchAction","target":{"@type":"EntryPoint","urlTemplate":"https:\/\/dev.eliassen.nl\/de\/?s={search_term_string}"},"query-input":{"@type":"PropertyValueSpecification","valueRequired":true,"valueName":"search_term_string"}}],"inLanguage":"de"},{"@type":"Organization","@id":"https:\/\/dev.eliassen.nl\/de\/#organization","name":"Eliassen Home & Garden Pleasure","url":"https:\/\/dev.eliassen.nl\/de\/","logo":{"@type":"ImageObject","inLanguage":"de","@id":"https:\/\/dev.eliassen.nl\/de\/#\/schema\/logo\/image\/","url":"https:\/\/www.eliassen.nl\/wp-content\/uploads\/2024\/01\/logo_4nd.jpg","contentUrl":"https:\/\/www.eliassen.nl\/wp-content\/uploads\/2024\/01\/logo_4nd.jpg","width":500,"height":500,"caption":"Eliassen Home & Garden Pleasure"},"image":{"@id":"https:\/\/dev.eliassen.nl\/de\/#\/schema\/logo\/image\/"},"sameAs":["https:\/\/www.facebook.com\/TuincentrumEliassenAmmerzoden","https:\/\/www.instagram.com\/eliassenhomeandgarden\/","https:\/\/nl.pinterest.com\/eliassenhomeandgarden\/","https:\/\/www.youtube.com\/@eliassenhomegardenpleasure4558"]}]}},"df_price":67.5,"df_sale_price":"","df_regular_price":67.5,"df_image_link":"https:\/\/dev.eliassen.nl\/wp-content\/uploads\/2024\/01\/src115324384.jpg","image":"https:\/\/dev.eliassen.nl\/wp-content\/uploads\/2024\/01\/src115324384.jpg","price_search":"<span class=\"woocommerce-Price-amount amount\"><bdi><span class=\"woocommerce-Price-currencySymbol\">&euro;<\/span>&nbsp;67,50<\/bdi><\/span>","category":"Teile Wasserspiele","_links":{"self":[{"href":"https:\/\/dev.eliassen.nl\/de\/wp-json\/wp\/v2\/product\/127447","targetHints":{"allow":["GET"]}}],"collection":[{"href":"https:\/\/dev.eliassen.nl\/de\/wp-json\/wp\/v2\/product"}],"about":[{"href":"https:\/\/dev.eliassen.nl\/de\/wp-json\/wp\/v2\/types\/product"}],"wp:featuredmedia":[{"embeddable":true,"href":"https:\/\/dev.eliassen.nl\/de\/wp-json\/wp\/v2\/media\/6640"}],"wp:attachment":[{"href":"https:\/\/dev.eliassen.nl\/de\/wp-json\/wp\/v2\/media?parent=127447"}],"wp:term":[{"taxonomy":"product_brand","embeddable":true,"href":"https:\/\/dev.eliassen.nl\/de\/wp-json\/wp\/v2\/product_brand?post=127447"},{"taxonomy":"product_cat","embeddable":true,"href":"https:\/\/dev.eliassen.nl\/de\/wp-json\/wp\/v2\/product_cat?post=127447"},{"taxonomy":"product_tag","embeddable":true,"href":"https:\/\/dev.eliassen.nl\/de\/wp-json\/wp\/v2\/product_tag?post=127447"}],"curies":[{"name":"wp","href":"https:\/\/api.w.org\/{rel}","templated":true}]}}