{"id":127486,"date":"2019-10-28T16:02:30","date_gmt":"2019-10-28T15:02:30","guid":{"rendered":"https:\/\/www.eliassen.nl\/?product=eliassen-outrain-spalten"},"modified":"2024-12-05T16:45:12","modified_gmt":"2024-12-05T15:45:12","slug":"wasserspiel-edelstahl-mit-led-beleuchtung-outrain-in-3-grossen","status":"publish","type":"product","link":"https:\/\/dev.eliassen.nl\/de\/wasserspiel-edelstahl-mit-led-beleuchtung-outrain-in-3-grossen\/","title":{"rendered":"Wasserspiel Edelstahl mit LED-Beleuchtung Outrain in 3 Gr\u00f6\u00dfen"},"content":{"rendered":"<p><strong>Dies ist eine lose Verzierung. Erkundigen Sie sich nach den anderen erforderlichen Teilen.<\/strong><\/p>\n<p>Ein Wasserspiel aus hochwertigem Edelstahl, sch\u00f6n poliert, erh\u00e4ltlich in 3 Gr\u00f6\u00dfen oder als Set. Da 3 LED-Lampen unter den Gl\u00fchbirnen montiert sind, ergibt dieses Wasserspiel einen sehr sch\u00f6nen Effekt im Dunkeln in Ihrem Garten. Inhouse hergestellt, ohne Verbindungsprobleme. Mit Fu\u00dfflansch zur einfachen Montage am Gitter. Die Gr\u00f6\u00dfen sind 170x50cm Durchmesser- 120x50cm und 70x30cm.<\/p>\n<p><strong>Vergessen Sie nicht, unseren Ausstellungsbereich mit 300 Modellen zu besuchen, wo Sie die meisten Arbeiten sehen und eine gute Erkl\u00e4rung erhalten!<\/strong><\/p>\n<ul>\n<li>Nirgendwo sonst zu verkaufen<\/li>\n<li>Mit Beleuchtung unter den Gl\u00fchbirnen f\u00fcr ein sch\u00f6nes Wasserspiel im Dunkeln<\/li>\n<li>Edelstahlqualit\u00e4t 316 poliert<\/li>\n<li>Tipp: Mit einem darauf gerichteten LED-Spot schaffen Sie einen sch\u00f6nen Blickfang in Ihrem Garten.<\/li>\n<\/ul>\n","protected":false},"excerpt":{"rendered":"<p>Dies ist eine lose Verzierung. Erkundigen Sie sich nach den anderen erforderlichen Teilen.<\/p>\n","protected":false},"featured_media":6700,"template":"","meta":{"_acf_changed":false},"product_brand":[6916],"product_cat":[539,551,536,566],"product_tag":[],"class_list":{"0":"post-127486","1":"product","2":"type-product","3":"status-publish","4":"has-post-thumbnail","6":"product_brand-eliassen-de","7":"product_cat-einzigartige-eigene-modelle-von-losen-wasserspiele","8":"product_cat-lose-wasserspiele","9":"product_cat-wassereigenschaften","10":"product_cat-wasserspiele-aus-edelstahl","12":"first","13":"instock","14":"sale","15":"taxable","16":"shipping-taxable","17":"purchasable","18":"product-type-variable"},"acf":[],"yoast_head":"<!-- This site is optimized with the Yoast SEO plugin v23.8 - https:\/\/yoast.com\/wordpress\/plugins\/seo\/ -->\n<title>Wasserspiel Edelstahl mit LED-Beleuchtung in 3 Gr\u00f6\u00dfen | Eliassen.nl<\/title>\n<meta name=\"description\" content=\"Wasserspiel Edelstahl mit LED-Beleuchtung f\u00fcr den Garten ist als komplettes Set oder in 3 separaten Gr\u00f6\u00dfen erh\u00e4ltlich. Nirgendwo sonst zu kaufen! Auch LIVE z...\" \/>\n<meta name=\"robots\" content=\"noindex, follow, max-snippet:-1, max-image-preview:large, max-video-preview:-1\" \/>\n<meta property=\"og:locale\" content=\"de_DE\" \/>\n<meta property=\"og:type\" content=\"article\" \/>\n<meta property=\"og:title\" content=\"Wasserspiel Edelstahl mit LED-Beleuchtung in 3 Gr\u00f6\u00dfen | Eliassen.nl\" \/>\n<meta property=\"og:description\" content=\"Wasserspiel Edelstahl mit LED-Beleuchtung f\u00fcr den Garten ist als komplettes Set oder in 3 separaten Gr\u00f6\u00dfen erh\u00e4ltlich. Nirgendwo sonst zu kaufen! Auch LIVE z...\" \/>\n<meta property=\"og:url\" content=\"https:\/\/dev.eliassen.nl\/de\/wasserspiel-edelstahl-mit-led-beleuchtung-outrain-in-3-grossen\/\" \/>\n<meta property=\"og:site_name\" content=\"Eliassen.nl\" \/>\n<meta property=\"article:publisher\" content=\"https:\/\/www.facebook.com\/TuincentrumEliassenAmmerzoden\" \/>\n<meta property=\"article:modified_time\" content=\"2024-12-05T15:45:12+00:00\" \/>\n<meta property=\"og:image\" content=\"https:\/\/dev.eliassen.nl\/wp-content\/uploads\/2024\/01\/waterornamentrvsmetledverlichtingoutrainin3.jpg\" \/>\n\t<meta property=\"og:image:width\" content=\"701\" \/>\n\t<meta property=\"og:image:height\" content=\"1024\" \/>\n\t<meta property=\"og:image:type\" content=\"image\/jpeg\" \/>\n<meta name=\"twitter:card\" content=\"summary_large_image\" \/>\n<script type=\"application\/ld+json\" class=\"yoast-schema-graph\">{\"@context\":\"https:\/\/schema.org\",\"@graph\":[{\"@type\":\"WebPage\",\"@id\":\"https:\/\/dev.eliassen.nl\/de\/wasserspiel-edelstahl-mit-led-beleuchtung-outrain-in-3-grossen\/\",\"url\":\"https:\/\/dev.eliassen.nl\/de\/wasserspiel-edelstahl-mit-led-beleuchtung-outrain-in-3-grossen\/\",\"name\":\"Wasserspiel Edelstahl mit LED-Beleuchtung in 3 Gr\u00f6\u00dfen | Eliassen.nl\",\"isPartOf\":{\"@id\":\"https:\/\/dev.eliassen.nl\/de\/#website\"},\"primaryImageOfPage\":{\"@id\":\"https:\/\/dev.eliassen.nl\/de\/wasserspiel-edelstahl-mit-led-beleuchtung-outrain-in-3-grossen\/#primaryimage\"},\"image\":{\"@id\":\"https:\/\/dev.eliassen.nl\/de\/wasserspiel-edelstahl-mit-led-beleuchtung-outrain-in-3-grossen\/#primaryimage\"},\"thumbnailUrl\":\"https:\/\/dev.eliassen.nl\/wp-content\/uploads\/2024\/01\/waterornamentrvsmetledverlichtingoutrainin3.jpg\",\"datePublished\":\"2019-10-28T15:02:30+00:00\",\"dateModified\":\"2024-12-05T15:45:12+00:00\",\"description\":\"Wasserspiel Edelstahl mit LED-Beleuchtung f\u00fcr den Garten ist als komplettes Set oder in 3 separaten Gr\u00f6\u00dfen erh\u00e4ltlich. Nirgendwo sonst zu kaufen! Auch LIVE z...\",\"breadcrumb\":{\"@id\":\"https:\/\/dev.eliassen.nl\/de\/wasserspiel-edelstahl-mit-led-beleuchtung-outrain-in-3-grossen\/#breadcrumb\"},\"inLanguage\":\"de\",\"potentialAction\":[{\"@type\":\"ReadAction\",\"target\":[\"https:\/\/dev.eliassen.nl\/de\/wasserspiel-edelstahl-mit-led-beleuchtung-outrain-in-3-grossen\/\"]}]},{\"@type\":\"ImageObject\",\"inLanguage\":\"de\",\"@id\":\"https:\/\/dev.eliassen.nl\/de\/wasserspiel-edelstahl-mit-led-beleuchtung-outrain-in-3-grossen\/#primaryimage\",\"url\":\"https:\/\/dev.eliassen.nl\/wp-content\/uploads\/2024\/01\/waterornamentrvsmetledverlichtingoutrainin3.jpg\",\"contentUrl\":\"https:\/\/dev.eliassen.nl\/wp-content\/uploads\/2024\/01\/waterornamentrvsmetledverlichtingoutrainin3.jpg\",\"width\":701,\"height\":1024,\"caption\":\"Waterornament RVS met ledverlichting Outrain in 3 maten - Eliassen.nl\"},{\"@type\":\"BreadcrumbList\",\"@id\":\"https:\/\/dev.eliassen.nl\/de\/wasserspiel-edelstahl-mit-led-beleuchtung-outrain-in-3-grossen\/#breadcrumb\",\"itemListElement\":[{\"@type\":\"ListItem\",\"position\":1,\"name\":\"Home\",\"item\":\"https:\/\/dev.eliassen.nl\/de\/\"},{\"@type\":\"ListItem\",\"position\":2,\"name\":\"Shop\",\"item\":\"https:\/\/dev.eliassen.nl\/nl\/winkel\/\"},{\"@type\":\"ListItem\",\"position\":3,\"name\":\"Wasserspiele\",\"item\":\"https:\/\/dev.eliassen.nl\/de\/wassereigenschaften\/\"},{\"@type\":\"ListItem\",\"position\":4,\"name\":\"Einzigartige eigene Modelle von losen Wasserspielen\",\"item\":\"https:\/\/dev.eliassen.nl\/de\/wassereigenschaften\/einzigartige-eigene-modelle-von-losen-wasserspiele\/\"},{\"@type\":\"ListItem\",\"position\":5,\"name\":\"Wasserspiel Edelstahl mit LED-Beleuchtung Outrain in 3 Gr\u00f6\u00dfen\"}]},{\"@type\":\"WebSite\",\"@id\":\"https:\/\/dev.eliassen.nl\/de\/#website\",\"url\":\"https:\/\/dev.eliassen.nl\/de\/\",\"name\":\"Eliassen Home & Garden Pleasure\",\"description\":\"\",\"publisher\":{\"@id\":\"https:\/\/dev.eliassen.nl\/de\/#organization\"},\"alternateName\":\"Eliassen.nl\",\"potentialAction\":[{\"@type\":\"SearchAction\",\"target\":{\"@type\":\"EntryPoint\",\"urlTemplate\":\"https:\/\/dev.eliassen.nl\/de\/?s={search_term_string}\"},\"query-input\":{\"@type\":\"PropertyValueSpecification\",\"valueRequired\":true,\"valueName\":\"search_term_string\"}}],\"inLanguage\":\"de\"},{\"@type\":\"Organization\",\"@id\":\"https:\/\/dev.eliassen.nl\/de\/#organization\",\"name\":\"Eliassen Home & Garden Pleasure\",\"url\":\"https:\/\/dev.eliassen.nl\/de\/\",\"logo\":{\"@type\":\"ImageObject\",\"inLanguage\":\"de\",\"@id\":\"https:\/\/dev.eliassen.nl\/de\/#\/schema\/logo\/image\/\",\"url\":\"https:\/\/www.eliassen.nl\/wp-content\/uploads\/2024\/01\/logo_4nd.jpg\",\"contentUrl\":\"https:\/\/www.eliassen.nl\/wp-content\/uploads\/2024\/01\/logo_4nd.jpg\",\"width\":500,\"height\":500,\"caption\":\"Eliassen Home & Garden Pleasure\"},\"image\":{\"@id\":\"https:\/\/dev.eliassen.nl\/de\/#\/schema\/logo\/image\/\"},\"sameAs\":[\"https:\/\/www.facebook.com\/TuincentrumEliassenAmmerzoden\",\"https:\/\/www.instagram.com\/eliassenhomeandgarden\/\",\"https:\/\/nl.pinterest.com\/eliassenhomeandgarden\/\",\"https:\/\/www.youtube.com\/@eliassenhomegardenpleasure4558\"]}]}<\/script>\n<!-- \/ Yoast SEO plugin. -->","yoast_head_json":{"title":"Wasserspiel Edelstahl mit LED-Beleuchtung in 3 Gr\u00f6\u00dfen | Eliassen.nl","description":"Wasserspiel Edelstahl mit LED-Beleuchtung f\u00fcr den Garten ist als komplettes Set oder in 3 separaten Gr\u00f6\u00dfen erh\u00e4ltlich. Nirgendwo sonst zu kaufen! Auch LIVE z...","robots":{"index":"noindex","follow":"follow","max-snippet":"max-snippet:-1","max-image-preview":"max-image-preview:large","max-video-preview":"max-video-preview:-1"},"og_locale":"de_DE","og_type":"article","og_title":"Wasserspiel Edelstahl mit LED-Beleuchtung in 3 Gr\u00f6\u00dfen | Eliassen.nl","og_description":"Wasserspiel Edelstahl mit LED-Beleuchtung f\u00fcr den Garten ist als komplettes Set oder in 3 separaten Gr\u00f6\u00dfen erh\u00e4ltlich. Nirgendwo sonst zu kaufen! Auch LIVE z...","og_url":"https:\/\/dev.eliassen.nl\/de\/wasserspiel-edelstahl-mit-led-beleuchtung-outrain-in-3-grossen\/","og_site_name":"Eliassen.nl","article_publisher":"https:\/\/www.facebook.com\/TuincentrumEliassenAmmerzoden","article_modified_time":"2024-12-05T15:45:12+00:00","og_image":[{"width":701,"height":1024,"url":"https:\/\/dev.eliassen.nl\/wp-content\/uploads\/2024\/01\/waterornamentrvsmetledverlichtingoutrainin3.jpg","type":"image\/jpeg"}],"twitter_card":"summary_large_image","schema":{"@context":"https:\/\/schema.org","@graph":[{"@type":"WebPage","@id":"https:\/\/dev.eliassen.nl\/de\/wasserspiel-edelstahl-mit-led-beleuchtung-outrain-in-3-grossen\/","url":"https:\/\/dev.eliassen.nl\/de\/wasserspiel-edelstahl-mit-led-beleuchtung-outrain-in-3-grossen\/","name":"Wasserspiel Edelstahl mit LED-Beleuchtung in 3 Gr\u00f6\u00dfen | Eliassen.nl","isPartOf":{"@id":"https:\/\/dev.eliassen.nl\/de\/#website"},"primaryImageOfPage":{"@id":"https:\/\/dev.eliassen.nl\/de\/wasserspiel-edelstahl-mit-led-beleuchtung-outrain-in-3-grossen\/#primaryimage"},"image":{"@id":"https:\/\/dev.eliassen.nl\/de\/wasserspiel-edelstahl-mit-led-beleuchtung-outrain-in-3-grossen\/#primaryimage"},"thumbnailUrl":"https:\/\/dev.eliassen.nl\/wp-content\/uploads\/2024\/01\/waterornamentrvsmetledverlichtingoutrainin3.jpg","datePublished":"2019-10-28T15:02:30+00:00","dateModified":"2024-12-05T15:45:12+00:00","description":"Wasserspiel Edelstahl mit LED-Beleuchtung f\u00fcr den Garten ist als komplettes Set oder in 3 separaten Gr\u00f6\u00dfen erh\u00e4ltlich. Nirgendwo sonst zu kaufen! Auch LIVE z...","breadcrumb":{"@id":"https:\/\/dev.eliassen.nl\/de\/wasserspiel-edelstahl-mit-led-beleuchtung-outrain-in-3-grossen\/#breadcrumb"},"inLanguage":"de","potentialAction":[{"@type":"ReadAction","target":["https:\/\/dev.eliassen.nl\/de\/wasserspiel-edelstahl-mit-led-beleuchtung-outrain-in-3-grossen\/"]}]},{"@type":"ImageObject","inLanguage":"de","@id":"https:\/\/dev.eliassen.nl\/de\/wasserspiel-edelstahl-mit-led-beleuchtung-outrain-in-3-grossen\/#primaryimage","url":"https:\/\/dev.eliassen.nl\/wp-content\/uploads\/2024\/01\/waterornamentrvsmetledverlichtingoutrainin3.jpg","contentUrl":"https:\/\/dev.eliassen.nl\/wp-content\/uploads\/2024\/01\/waterornamentrvsmetledverlichtingoutrainin3.jpg","width":701,"height":1024,"caption":"Waterornament RVS met ledverlichting Outrain in 3 maten - Eliassen.nl"},{"@type":"BreadcrumbList","@id":"https:\/\/dev.eliassen.nl\/de\/wasserspiel-edelstahl-mit-led-beleuchtung-outrain-in-3-grossen\/#breadcrumb","itemListElement":[{"@type":"ListItem","position":1,"name":"Home","item":"https:\/\/dev.eliassen.nl\/de\/"},{"@type":"ListItem","position":2,"name":"Shop","item":"https:\/\/dev.eliassen.nl\/nl\/winkel\/"},{"@type":"ListItem","position":3,"name":"Wasserspiele","item":"https:\/\/dev.eliassen.nl\/de\/wassereigenschaften\/"},{"@type":"ListItem","position":4,"name":"Einzigartige eigene Modelle von losen Wasserspielen","item":"https:\/\/dev.eliassen.nl\/de\/wassereigenschaften\/einzigartige-eigene-modelle-von-losen-wasserspiele\/"},{"@type":"ListItem","position":5,"name":"Wasserspiel Edelstahl mit LED-Beleuchtung Outrain in 3 Gr\u00f6\u00dfen"}]},{"@type":"WebSite","@id":"https:\/\/dev.eliassen.nl\/de\/#website","url":"https:\/\/dev.eliassen.nl\/de\/","name":"Eliassen Home & Garden Pleasure","description":"","publisher":{"@id":"https:\/\/dev.eliassen.nl\/de\/#organization"},"alternateName":"Eliassen.nl","potentialAction":[{"@type":"SearchAction","target":{"@type":"EntryPoint","urlTemplate":"https:\/\/dev.eliassen.nl\/de\/?s={search_term_string}"},"query-input":{"@type":"PropertyValueSpecification","valueRequired":true,"valueName":"search_term_string"}}],"inLanguage":"de"},{"@type":"Organization","@id":"https:\/\/dev.eliassen.nl\/de\/#organization","name":"Eliassen Home & Garden Pleasure","url":"https:\/\/dev.eliassen.nl\/de\/","logo":{"@type":"ImageObject","inLanguage":"de","@id":"https:\/\/dev.eliassen.nl\/de\/#\/schema\/logo\/image\/","url":"https:\/\/www.eliassen.nl\/wp-content\/uploads\/2024\/01\/logo_4nd.jpg","contentUrl":"https:\/\/www.eliassen.nl\/wp-content\/uploads\/2024\/01\/logo_4nd.jpg","width":500,"height":500,"caption":"Eliassen Home & Garden Pleasure"},"image":{"@id":"https:\/\/dev.eliassen.nl\/de\/#\/schema\/logo\/image\/"},"sameAs":["https:\/\/www.facebook.com\/TuincentrumEliassenAmmerzoden","https:\/\/www.instagram.com\/eliassenhomeandgarden\/","https:\/\/nl.pinterest.com\/eliassenhomeandgarden\/","https:\/\/www.youtube.com\/@eliassenhomegardenpleasure4558"]}]}},"df_price":499,"df_sale_price":"","df_regular_price":499,"df_image_link":"https:\/\/dev.eliassen.nl\/wp-content\/uploads\/2024\/01\/waterornamentrvsmetledverlichtingoutrainin3.jpg","image":"https:\/\/dev.eliassen.nl\/wp-content\/uploads\/2024\/01\/waterornamentrvsmetledverlichtingoutrainin3.jpg","price_search":"<span class=\"woocommerce-Price-amount amount\"><bdi><span class=\"woocommerce-Price-currencySymbol\">&euro;<\/span>&nbsp;499,00<\/bdi><\/span>","category":"Einzigartige eigene Modelle von losen Wasserspielen","_links":{"self":[{"href":"https:\/\/dev.eliassen.nl\/de\/wp-json\/wp\/v2\/product\/127486","targetHints":{"allow":["GET"]}}],"collection":[{"href":"https:\/\/dev.eliassen.nl\/de\/wp-json\/wp\/v2\/product"}],"about":[{"href":"https:\/\/dev.eliassen.nl\/de\/wp-json\/wp\/v2\/types\/product"}],"wp:featuredmedia":[{"embeddable":true,"href":"https:\/\/dev.eliassen.nl\/de\/wp-json\/wp\/v2\/media\/6700"}],"wp:attachment":[{"href":"https:\/\/dev.eliassen.nl\/de\/wp-json\/wp\/v2\/media?parent=127486"}],"wp:term":[{"taxonomy":"product_brand","embeddable":true,"href":"https:\/\/dev.eliassen.nl\/de\/wp-json\/wp\/v2\/product_brand?post=127486"},{"taxonomy":"product_cat","embeddable":true,"href":"https:\/\/dev.eliassen.nl\/de\/wp-json\/wp\/v2\/product_cat?post=127486"},{"taxonomy":"product_tag","embeddable":true,"href":"https:\/\/dev.eliassen.nl\/de\/wp-json\/wp\/v2\/product_tag?post=127486"}],"curies":[{"name":"wp","href":"https:\/\/api.w.org\/{rel}","templated":true}]}}