{"id":127492,"date":"2019-10-28T16:02:33","date_gmt":"2019-10-28T15:02:33","guid":{"rendered":"https:\/\/www.eliassen.nl\/?product=eliassen-mystischen-naechte-waterornament"},"modified":"2024-12-05T16:45:13","modified_gmt":"2024-12-05T15:45:13","slug":"komplettes-set-wasserornament-mystic-nights","status":"publish","type":"product","link":"https:\/\/dev.eliassen.nl\/de\/komplettes-set-wasserornament-mystic-nights\/","title":{"rendered":"Komplettes Set Wasserornament Mystic Nights"},"content":{"rendered":"<p>Dieses Modell ist ein ganz besonderes Wasserspiel; ein Wasserspiel aus Kunststein mit Fenstern an 3 Seiten, wo das Wasser von innen aufsteigt. Im Dunkeln sorgt dieses Modell f\u00fcr eine besondere Atmosph\u00e4re, da das Wasser mittels Scheinwerfer beleuchtet wird und Luftblasen nach oben steigen. Ein wundersch\u00f6nes Panorama, das von 3 Seiten zu sehen ist.<\/p>\n<p>Das Set wird komplett angeboten und besteht aus einem Wasserspiel in der Farbe grau, 230 Liter Wassertank, verzinktem Gitter, Gitterabdeckung, Folie, Scheinwerfer, Wasserpumpe, Luftpumpe, Gittertuch und weiterem Zubeh\u00f6r. Sie brauchen nur Steine, um das Gitter abzudecken. Nirgendwo sonst zu verkaufen.<\/p>\n<p><strong>Vergessen Sie nicht, unseren Ausstellungsbereich mit 300 Modellen zu besuchen, wo Sie die meisten von ihnen bei der Arbeit sehen und eine gute Erkl\u00e4rung erhalten k\u00f6nnen!<\/strong><\/p>\n<ul>\n<li>Nirgendwo sonst zu verkaufen<\/li>\n<li>H\u00f6he ca. 110cm x 50x50cm<\/li>\n<li>Hochwertiger Kunststein<\/li>\n<li>Gewicht: 100 kg<\/li>\n<li>Haben Sie Fragen zu diesem Artikel oder ben\u00f6tigen Sie Beratung, um dieses Modell mit allen anderen Notwendigkeiten zu vervollst\u00e4ndigen? Dann kontaktieren Sie uns bitte.<\/li>\n<li><strong>Tipp:<\/strong> Mit einem darauf gerichteten LED-Spot schaffen Sie einen sch\u00f6nen Blickfang f\u00fcr Ihren Garten.<\/li>\n<\/ul>\n<p><iframe loading=\"lazy\" src=\"\/\/www.youtube.com\/embed\/TnR1S3zDOqM\" width=\"400\" height=\"225\" frameborder=\"0\" allowfullscreen=\"allowfullscreen\"><\/iframe><\/p>\n<p>Vergessen Sie nicht, unseren Ausstellungsbereich mit 300 Modellen zu besuchen!<\/p>\n","protected":false},"excerpt":{"rendered":"<p>Dieses Modell ist ein ganz besonderes Wasserspiel; ein Wasserspiel aus Kunststein mit Fenstern an 3 Seiten, wo das Wasser von innen aufsteigt. Im Dunkeln sorgt dieses Modell f\u00fcr eine besondere Atmosph\u00e4re, da das Wasser mittels Scheinwerfer beleuchtet wird und Luftblasen nach oben steigen. Ein wundersch\u00f6nes Panorama, das von 3 Seiten zu sehen ist. Das Set &hellip;<\/p>\n","protected":false},"featured_media":6712,"template":"","meta":{"_acf_changed":false},"product_brand":[6916],"product_cat":[539,554,536],"product_tag":[],"class_list":{"0":"post-127492","1":"product","2":"type-product","3":"status-publish","4":"has-post-thumbnail","6":"product_brand-eliassen-de","7":"product_cat-einzigartige-eigene-modelle-von-losen-wasserspiele","8":"product_cat-wasserspiel-mit-grabbecken","9":"product_cat-wassereigenschaften","11":"first","12":"instock","13":"taxable","14":"shipping-taxable","15":"purchasable","16":"product-type-variable"},"acf":[],"yoast_head":"<!-- This site is optimized with the Yoast SEO plugin v23.8 - https:\/\/yoast.com\/wordpress\/plugins\/seo\/ -->\n<title>Kompletter Satz Wasserornamente Mystic Nights - Eliassen.nl<\/title>\n<meta name=\"description\" content=\"Komplettes Set Wasserspiel aus Kunststein. Dieses Wasserspielmodell ist nirgendwo anders erh\u00e4ltlich! Also kommen Sie vorbei und besuchen Sie unseren Shop. Au...\" \/>\n<meta name=\"robots\" content=\"noindex, follow, max-snippet:-1, max-image-preview:large, max-video-preview:-1\" \/>\n<meta property=\"og:locale\" content=\"de_DE\" \/>\n<meta property=\"og:type\" content=\"article\" \/>\n<meta property=\"og:title\" content=\"Kompletter Satz Wasserornamente Mystic Nights - Eliassen.nl\" \/>\n<meta property=\"og:description\" content=\"Komplettes Set Wasserspiel aus Kunststein. Dieses Wasserspielmodell ist nirgendwo anders erh\u00e4ltlich! Also kommen Sie vorbei und besuchen Sie unseren Shop. Au...\" \/>\n<meta property=\"og:url\" content=\"https:\/\/dev.eliassen.nl\/de\/komplettes-set-wasserornament-mystic-nights\/\" \/>\n<meta property=\"og:site_name\" content=\"Eliassen.nl\" \/>\n<meta property=\"article:publisher\" content=\"https:\/\/www.facebook.com\/TuincentrumEliassenAmmerzoden\" \/>\n<meta property=\"article:modified_time\" content=\"2024-12-05T15:45:13+00:00\" \/>\n<meta property=\"og:image\" content=\"https:\/\/dev.eliassen.nl\/wp-content\/uploads\/2024\/01\/20151017142655.jpg\" \/>\n\t<meta property=\"og:image:width\" content=\"576\" \/>\n\t<meta property=\"og:image:height\" content=\"1024\" \/>\n\t<meta property=\"og:image:type\" content=\"image\/jpeg\" \/>\n<meta name=\"twitter:card\" content=\"summary_large_image\" \/>\n<script type=\"application\/ld+json\" class=\"yoast-schema-graph\">{\"@context\":\"https:\/\/schema.org\",\"@graph\":[{\"@type\":\"WebPage\",\"@id\":\"https:\/\/dev.eliassen.nl\/de\/komplettes-set-wasserornament-mystic-nights\/\",\"url\":\"https:\/\/dev.eliassen.nl\/de\/komplettes-set-wasserornament-mystic-nights\/\",\"name\":\"Kompletter Satz Wasserornamente Mystic Nights - Eliassen.nl\",\"isPartOf\":{\"@id\":\"https:\/\/dev.eliassen.nl\/de\/#website\"},\"primaryImageOfPage\":{\"@id\":\"https:\/\/dev.eliassen.nl\/de\/komplettes-set-wasserornament-mystic-nights\/#primaryimage\"},\"image\":{\"@id\":\"https:\/\/dev.eliassen.nl\/de\/komplettes-set-wasserornament-mystic-nights\/#primaryimage\"},\"thumbnailUrl\":\"https:\/\/dev.eliassen.nl\/wp-content\/uploads\/2024\/01\/20151017142655.jpg\",\"datePublished\":\"2019-10-28T15:02:33+00:00\",\"dateModified\":\"2024-12-05T15:45:13+00:00\",\"description\":\"Komplettes Set Wasserspiel aus Kunststein. Dieses Wasserspielmodell ist nirgendwo anders erh\u00e4ltlich! Also kommen Sie vorbei und besuchen Sie unseren Shop. Au...\",\"breadcrumb\":{\"@id\":\"https:\/\/dev.eliassen.nl\/de\/komplettes-set-wasserornament-mystic-nights\/#breadcrumb\"},\"inLanguage\":\"de\",\"potentialAction\":[{\"@type\":\"ReadAction\",\"target\":[\"https:\/\/dev.eliassen.nl\/de\/komplettes-set-wasserornament-mystic-nights\/\"]}]},{\"@type\":\"ImageObject\",\"inLanguage\":\"de\",\"@id\":\"https:\/\/dev.eliassen.nl\/de\/komplettes-set-wasserornament-mystic-nights\/#primaryimage\",\"url\":\"https:\/\/dev.eliassen.nl\/wp-content\/uploads\/2024\/01\/20151017142655.jpg\",\"contentUrl\":\"https:\/\/dev.eliassen.nl\/wp-content\/uploads\/2024\/01\/20151017142655.jpg\",\"width\":576,\"height\":1024,\"caption\":\"20151017-142655\"},{\"@type\":\"BreadcrumbList\",\"@id\":\"https:\/\/dev.eliassen.nl\/de\/komplettes-set-wasserornament-mystic-nights\/#breadcrumb\",\"itemListElement\":[{\"@type\":\"ListItem\",\"position\":1,\"name\":\"Home\",\"item\":\"https:\/\/dev.eliassen.nl\/de\/\"},{\"@type\":\"ListItem\",\"position\":2,\"name\":\"Shop\",\"item\":\"https:\/\/dev.eliassen.nl\/nl\/winkel\/\"},{\"@type\":\"ListItem\",\"position\":3,\"name\":\"Wasserspiele\",\"item\":\"https:\/\/dev.eliassen.nl\/de\/wassereigenschaften\/\"},{\"@type\":\"ListItem\",\"position\":4,\"name\":\"Einzigartige eigene Modelle von losen Wasserspielen\",\"item\":\"https:\/\/dev.eliassen.nl\/de\/wassereigenschaften\/einzigartige-eigene-modelle-von-losen-wasserspiele\/\"},{\"@type\":\"ListItem\",\"position\":5,\"name\":\"Komplettes Set Wasserornament Mystic Nights\"}]},{\"@type\":\"WebSite\",\"@id\":\"https:\/\/dev.eliassen.nl\/de\/#website\",\"url\":\"https:\/\/dev.eliassen.nl\/de\/\",\"name\":\"Eliassen Home & Garden Pleasure\",\"description\":\"\",\"publisher\":{\"@id\":\"https:\/\/dev.eliassen.nl\/de\/#organization\"},\"alternateName\":\"Eliassen.nl\",\"potentialAction\":[{\"@type\":\"SearchAction\",\"target\":{\"@type\":\"EntryPoint\",\"urlTemplate\":\"https:\/\/dev.eliassen.nl\/de\/?s={search_term_string}\"},\"query-input\":{\"@type\":\"PropertyValueSpecification\",\"valueRequired\":true,\"valueName\":\"search_term_string\"}}],\"inLanguage\":\"de\"},{\"@type\":\"Organization\",\"@id\":\"https:\/\/dev.eliassen.nl\/de\/#organization\",\"name\":\"Eliassen Home & Garden Pleasure\",\"url\":\"https:\/\/dev.eliassen.nl\/de\/\",\"logo\":{\"@type\":\"ImageObject\",\"inLanguage\":\"de\",\"@id\":\"https:\/\/dev.eliassen.nl\/de\/#\/schema\/logo\/image\/\",\"url\":\"https:\/\/www.eliassen.nl\/wp-content\/uploads\/2024\/01\/logo_4nd.jpg\",\"contentUrl\":\"https:\/\/www.eliassen.nl\/wp-content\/uploads\/2024\/01\/logo_4nd.jpg\",\"width\":500,\"height\":500,\"caption\":\"Eliassen Home & Garden Pleasure\"},\"image\":{\"@id\":\"https:\/\/dev.eliassen.nl\/de\/#\/schema\/logo\/image\/\"},\"sameAs\":[\"https:\/\/www.facebook.com\/TuincentrumEliassenAmmerzoden\",\"https:\/\/www.instagram.com\/eliassenhomeandgarden\/\",\"https:\/\/nl.pinterest.com\/eliassenhomeandgarden\/\",\"https:\/\/www.youtube.com\/@eliassenhomegardenpleasure4558\"]}]}<\/script>\n<!-- \/ Yoast SEO plugin. -->","yoast_head_json":{"title":"Kompletter Satz Wasserornamente Mystic Nights - Eliassen.nl","description":"Komplettes Set Wasserspiel aus Kunststein. Dieses Wasserspielmodell ist nirgendwo anders erh\u00e4ltlich! Also kommen Sie vorbei und besuchen Sie unseren Shop. Au...","robots":{"index":"noindex","follow":"follow","max-snippet":"max-snippet:-1","max-image-preview":"max-image-preview:large","max-video-preview":"max-video-preview:-1"},"og_locale":"de_DE","og_type":"article","og_title":"Kompletter Satz Wasserornamente Mystic Nights - Eliassen.nl","og_description":"Komplettes Set Wasserspiel aus Kunststein. Dieses Wasserspielmodell ist nirgendwo anders erh\u00e4ltlich! Also kommen Sie vorbei und besuchen Sie unseren Shop. Au...","og_url":"https:\/\/dev.eliassen.nl\/de\/komplettes-set-wasserornament-mystic-nights\/","og_site_name":"Eliassen.nl","article_publisher":"https:\/\/www.facebook.com\/TuincentrumEliassenAmmerzoden","article_modified_time":"2024-12-05T15:45:13+00:00","og_image":[{"width":576,"height":1024,"url":"https:\/\/dev.eliassen.nl\/wp-content\/uploads\/2024\/01\/20151017142655.jpg","type":"image\/jpeg"}],"twitter_card":"summary_large_image","schema":{"@context":"https:\/\/schema.org","@graph":[{"@type":"WebPage","@id":"https:\/\/dev.eliassen.nl\/de\/komplettes-set-wasserornament-mystic-nights\/","url":"https:\/\/dev.eliassen.nl\/de\/komplettes-set-wasserornament-mystic-nights\/","name":"Kompletter Satz Wasserornamente Mystic Nights - Eliassen.nl","isPartOf":{"@id":"https:\/\/dev.eliassen.nl\/de\/#website"},"primaryImageOfPage":{"@id":"https:\/\/dev.eliassen.nl\/de\/komplettes-set-wasserornament-mystic-nights\/#primaryimage"},"image":{"@id":"https:\/\/dev.eliassen.nl\/de\/komplettes-set-wasserornament-mystic-nights\/#primaryimage"},"thumbnailUrl":"https:\/\/dev.eliassen.nl\/wp-content\/uploads\/2024\/01\/20151017142655.jpg","datePublished":"2019-10-28T15:02:33+00:00","dateModified":"2024-12-05T15:45:13+00:00","description":"Komplettes Set Wasserspiel aus Kunststein. Dieses Wasserspielmodell ist nirgendwo anders erh\u00e4ltlich! Also kommen Sie vorbei und besuchen Sie unseren Shop. Au...","breadcrumb":{"@id":"https:\/\/dev.eliassen.nl\/de\/komplettes-set-wasserornament-mystic-nights\/#breadcrumb"},"inLanguage":"de","potentialAction":[{"@type":"ReadAction","target":["https:\/\/dev.eliassen.nl\/de\/komplettes-set-wasserornament-mystic-nights\/"]}]},{"@type":"ImageObject","inLanguage":"de","@id":"https:\/\/dev.eliassen.nl\/de\/komplettes-set-wasserornament-mystic-nights\/#primaryimage","url":"https:\/\/dev.eliassen.nl\/wp-content\/uploads\/2024\/01\/20151017142655.jpg","contentUrl":"https:\/\/dev.eliassen.nl\/wp-content\/uploads\/2024\/01\/20151017142655.jpg","width":576,"height":1024,"caption":"20151017-142655"},{"@type":"BreadcrumbList","@id":"https:\/\/dev.eliassen.nl\/de\/komplettes-set-wasserornament-mystic-nights\/#breadcrumb","itemListElement":[{"@type":"ListItem","position":1,"name":"Home","item":"https:\/\/dev.eliassen.nl\/de\/"},{"@type":"ListItem","position":2,"name":"Shop","item":"https:\/\/dev.eliassen.nl\/nl\/winkel\/"},{"@type":"ListItem","position":3,"name":"Wasserspiele","item":"https:\/\/dev.eliassen.nl\/de\/wassereigenschaften\/"},{"@type":"ListItem","position":4,"name":"Einzigartige eigene Modelle von losen Wasserspielen","item":"https:\/\/dev.eliassen.nl\/de\/wassereigenschaften\/einzigartige-eigene-modelle-von-losen-wasserspiele\/"},{"@type":"ListItem","position":5,"name":"Komplettes Set Wasserornament Mystic Nights"}]},{"@type":"WebSite","@id":"https:\/\/dev.eliassen.nl\/de\/#website","url":"https:\/\/dev.eliassen.nl\/de\/","name":"Eliassen Home & Garden Pleasure","description":"","publisher":{"@id":"https:\/\/dev.eliassen.nl\/de\/#organization"},"alternateName":"Eliassen.nl","potentialAction":[{"@type":"SearchAction","target":{"@type":"EntryPoint","urlTemplate":"https:\/\/dev.eliassen.nl\/de\/?s={search_term_string}"},"query-input":{"@type":"PropertyValueSpecification","valueRequired":true,"valueName":"search_term_string"}}],"inLanguage":"de"},{"@type":"Organization","@id":"https:\/\/dev.eliassen.nl\/de\/#organization","name":"Eliassen Home & Garden Pleasure","url":"https:\/\/dev.eliassen.nl\/de\/","logo":{"@type":"ImageObject","inLanguage":"de","@id":"https:\/\/dev.eliassen.nl\/de\/#\/schema\/logo\/image\/","url":"https:\/\/www.eliassen.nl\/wp-content\/uploads\/2024\/01\/logo_4nd.jpg","contentUrl":"https:\/\/www.eliassen.nl\/wp-content\/uploads\/2024\/01\/logo_4nd.jpg","width":500,"height":500,"caption":"Eliassen Home & Garden Pleasure"},"image":{"@id":"https:\/\/dev.eliassen.nl\/de\/#\/schema\/logo\/image\/"},"sameAs":["https:\/\/www.facebook.com\/TuincentrumEliassenAmmerzoden","https:\/\/www.instagram.com\/eliassenhomeandgarden\/","https:\/\/nl.pinterest.com\/eliassenhomeandgarden\/","https:\/\/www.youtube.com\/@eliassenhomegardenpleasure4558"]}]}},"df_price":1295,"df_sale_price":"","df_regular_price":1295,"df_image_link":"https:\/\/dev.eliassen.nl\/wp-content\/uploads\/2024\/01\/20151017142655.jpg","image":"https:\/\/dev.eliassen.nl\/wp-content\/uploads\/2024\/01\/20151017142655.jpg","price_search":"<span class=\"woocommerce-Price-amount amount\"><bdi><span class=\"woocommerce-Price-currencySymbol\">&euro;<\/span>&nbsp;1.295,00<\/bdi><\/span>","category":"Einzigartige eigene Modelle von losen Wasserspielen","_links":{"self":[{"href":"https:\/\/dev.eliassen.nl\/de\/wp-json\/wp\/v2\/product\/127492","targetHints":{"allow":["GET"]}}],"collection":[{"href":"https:\/\/dev.eliassen.nl\/de\/wp-json\/wp\/v2\/product"}],"about":[{"href":"https:\/\/dev.eliassen.nl\/de\/wp-json\/wp\/v2\/types\/product"}],"wp:featuredmedia":[{"embeddable":true,"href":"https:\/\/dev.eliassen.nl\/de\/wp-json\/wp\/v2\/media\/6712"}],"wp:attachment":[{"href":"https:\/\/dev.eliassen.nl\/de\/wp-json\/wp\/v2\/media?parent=127492"}],"wp:term":[{"taxonomy":"product_brand","embeddable":true,"href":"https:\/\/dev.eliassen.nl\/de\/wp-json\/wp\/v2\/product_brand?post=127492"},{"taxonomy":"product_cat","embeddable":true,"href":"https:\/\/dev.eliassen.nl\/de\/wp-json\/wp\/v2\/product_cat?post=127492"},{"taxonomy":"product_tag","embeddable":true,"href":"https:\/\/dev.eliassen.nl\/de\/wp-json\/wp\/v2\/product_tag?post=127492"}],"curies":[{"name":"wp","href":"https:\/\/api.w.org\/{rel}","templated":true}]}}