{"id":127546,"date":"2019-10-28T16:06:39","date_gmt":"2019-10-28T15:06:39","guid":{"rendered":"https:\/\/www.eliassen.nl\/?product=3-wege-teiler-in-zwei-groessen"},"modified":"2024-12-05T16:45:17","modified_gmt":"2024-12-05T15:45:17","slug":"3-wege-trennwand-fur-wasserspiel-oder-springbrunnen","status":"publish","type":"product","link":"https:\/\/dev.eliassen.nl\/de\/3-wege-trennwand-fur-wasserspiel-oder-springbrunnen\/","title":{"rendered":"3-Wege-Trennwand f\u00fcr Wasserspiel oder Springbrunnen"},"content":{"rendered":"<p>Kunststoffverteiler passend f\u00fcr 2 Schlauchgr\u00f6\u00dfen, der d\u00fcnne Anschluss ist f\u00fcr Schl\u00e4uche mit einem Innendurchmesser von 12 mm (halbe Zoll) geeignet, der dickere Anschluss ist f\u00fcr 3\/4 Schlauch. Jeder Auslauf verf\u00fcgt \u00fcber ein auch verschlie\u00dfbares Regelventil f\u00fcr eine gute Wasserdruckverteilung.<\/p>\n<ul>\n<li><span style=\"color: #000000;\">Plastik<\/span><\/li>\n<li><span style=\"color: #000000;\">jeder Bachlauf kann separat eingestellt werden<\/span><\/li>\n<li><span style=\"color: #000000;\">leicht zu bedienen<\/span><\/li>\n<li><strong><span style=\"color: #000000;\">Erw\u00e4rmen Sie zuerst den Schlauch, bevor Sie den Schlauch auf den Verteiler dr\u00fccken.<\/span><\/strong><\/li>\n<\/ul>\n<div id=\"gtx-trans\" style=\"position: absolute; left: -11px; top: 72px;\">\n<div class=\"gtx-trans-icon\">\u00a0<\/div>\n<\/div>\n","protected":false},"excerpt":{"rendered":"<p>mannigfaltig<\/p>\n","protected":false},"featured_media":6799,"template":"","meta":{"_acf_changed":false},"product_brand":[6916],"product_cat":[545,536],"product_tag":[],"class_list":{"0":"post-127546","1":"product","2":"type-product","3":"status-publish","4":"has-post-thumbnail","6":"product_brand-eliassen-de","7":"product_cat-teile-wasserspiele","8":"product_cat-wassereigenschaften","10":"first","11":"instock","12":"taxable","13":"shipping-taxable","14":"purchasable","15":"product-type-variable"},"acf":[],"yoast_head":"<!-- This site is optimized with the Yoast SEO plugin v23.8 - https:\/\/yoast.com\/wordpress\/plugins\/seo\/ -->\n<title>3-Wege Verteiler f\u00fcr Wasserspiel oder Springbrunnen in 2 Gr\u00f6\u00dfen<\/title>\n<meta name=\"description\" content=\"vielf\u00e4ltig\" \/>\n<meta name=\"robots\" content=\"noindex, follow, max-snippet:-1, max-image-preview:large, max-video-preview:-1\" \/>\n<meta property=\"og:locale\" content=\"de_DE\" \/>\n<meta property=\"og:type\" content=\"article\" \/>\n<meta property=\"og:title\" content=\"3-Wege Verteiler f\u00fcr Wasserspiel oder Springbrunnen in 2 Gr\u00f6\u00dfen\" \/>\n<meta property=\"og:description\" content=\"vielf\u00e4ltig\" \/>\n<meta property=\"og:url\" content=\"https:\/\/dev.eliassen.nl\/de\/3-wege-trennwand-fur-wasserspiel-oder-springbrunnen\/\" \/>\n<meta property=\"og:site_name\" content=\"Eliassen.nl\" \/>\n<meta property=\"article:publisher\" content=\"https:\/\/www.facebook.com\/TuincentrumEliassenAmmerzoden\" \/>\n<meta property=\"article:modified_time\" content=\"2024-12-05T15:45:17+00:00\" \/>\n<meta property=\"og:image\" content=\"https:\/\/dev.eliassen.nl\/wp-content\/uploads\/2024\/01\/16595115130317738761446948234868.jpg\" \/>\n\t<meta property=\"og:image:width\" content=\"2048\" \/>\n\t<meta property=\"og:image:height\" content=\"1536\" \/>\n\t<meta property=\"og:image:type\" content=\"image\/jpeg\" \/>\n<meta name=\"twitter:card\" content=\"summary_large_image\" \/>\n<script type=\"application\/ld+json\" class=\"yoast-schema-graph\">{\"@context\":\"https:\/\/schema.org\",\"@graph\":[{\"@type\":\"WebPage\",\"@id\":\"https:\/\/dev.eliassen.nl\/de\/3-wege-trennwand-fur-wasserspiel-oder-springbrunnen\/\",\"url\":\"https:\/\/dev.eliassen.nl\/de\/3-wege-trennwand-fur-wasserspiel-oder-springbrunnen\/\",\"name\":\"3-Wege Verteiler f\u00fcr Wasserspiel oder Springbrunnen in 2 Gr\u00f6\u00dfen\",\"isPartOf\":{\"@id\":\"https:\/\/dev.eliassen.nl\/de\/#website\"},\"primaryImageOfPage\":{\"@id\":\"https:\/\/dev.eliassen.nl\/de\/3-wege-trennwand-fur-wasserspiel-oder-springbrunnen\/#primaryimage\"},\"image\":{\"@id\":\"https:\/\/dev.eliassen.nl\/de\/3-wege-trennwand-fur-wasserspiel-oder-springbrunnen\/#primaryimage\"},\"thumbnailUrl\":\"https:\/\/dev.eliassen.nl\/wp-content\/uploads\/2024\/01\/16595115130317738761446948234868.jpg\",\"datePublished\":\"2019-10-28T15:06:39+00:00\",\"dateModified\":\"2024-12-05T15:45:17+00:00\",\"description\":\"vielf\u00e4ltig\",\"breadcrumb\":{\"@id\":\"https:\/\/dev.eliassen.nl\/de\/3-wege-trennwand-fur-wasserspiel-oder-springbrunnen\/#breadcrumb\"},\"inLanguage\":\"de\",\"potentialAction\":[{\"@type\":\"ReadAction\",\"target\":[\"https:\/\/dev.eliassen.nl\/de\/3-wege-trennwand-fur-wasserspiel-oder-springbrunnen\/\"]}]},{\"@type\":\"ImageObject\",\"inLanguage\":\"de\",\"@id\":\"https:\/\/dev.eliassen.nl\/de\/3-wege-trennwand-fur-wasserspiel-oder-springbrunnen\/#primaryimage\",\"url\":\"https:\/\/dev.eliassen.nl\/wp-content\/uploads\/2024\/01\/16595115130317738761446948234868.jpg\",\"contentUrl\":\"https:\/\/dev.eliassen.nl\/wp-content\/uploads\/2024\/01\/16595115130317738761446948234868.jpg\",\"width\":2048,\"height\":1536,\"caption\":\"16595115130317738761446948234868\"},{\"@type\":\"BreadcrumbList\",\"@id\":\"https:\/\/dev.eliassen.nl\/de\/3-wege-trennwand-fur-wasserspiel-oder-springbrunnen\/#breadcrumb\",\"itemListElement\":[{\"@type\":\"ListItem\",\"position\":1,\"name\":\"Home\",\"item\":\"https:\/\/dev.eliassen.nl\/de\/\"},{\"@type\":\"ListItem\",\"position\":2,\"name\":\"Shop\",\"item\":\"https:\/\/dev.eliassen.nl\/nl\/winkel\/\"},{\"@type\":\"ListItem\",\"position\":3,\"name\":\"Wasserspiele\",\"item\":\"https:\/\/dev.eliassen.nl\/de\/wassereigenschaften\/\"},{\"@type\":\"ListItem\",\"position\":4,\"name\":\"Teile Wasserspiele\",\"item\":\"https:\/\/dev.eliassen.nl\/de\/wassereigenschaften\/teile-wasserspiele\/\"},{\"@type\":\"ListItem\",\"position\":5,\"name\":\"3-Wege-Trennwand f\u00fcr Wasserspiel oder Springbrunnen\"}]},{\"@type\":\"WebSite\",\"@id\":\"https:\/\/dev.eliassen.nl\/de\/#website\",\"url\":\"https:\/\/dev.eliassen.nl\/de\/\",\"name\":\"Eliassen Home & Garden Pleasure\",\"description\":\"\",\"publisher\":{\"@id\":\"https:\/\/dev.eliassen.nl\/de\/#organization\"},\"alternateName\":\"Eliassen.nl\",\"potentialAction\":[{\"@type\":\"SearchAction\",\"target\":{\"@type\":\"EntryPoint\",\"urlTemplate\":\"https:\/\/dev.eliassen.nl\/de\/?s={search_term_string}\"},\"query-input\":{\"@type\":\"PropertyValueSpecification\",\"valueRequired\":true,\"valueName\":\"search_term_string\"}}],\"inLanguage\":\"de\"},{\"@type\":\"Organization\",\"@id\":\"https:\/\/dev.eliassen.nl\/de\/#organization\",\"name\":\"Eliassen Home & Garden Pleasure\",\"url\":\"https:\/\/dev.eliassen.nl\/de\/\",\"logo\":{\"@type\":\"ImageObject\",\"inLanguage\":\"de\",\"@id\":\"https:\/\/dev.eliassen.nl\/de\/#\/schema\/logo\/image\/\",\"url\":\"https:\/\/www.eliassen.nl\/wp-content\/uploads\/2024\/01\/logo_4nd.jpg\",\"contentUrl\":\"https:\/\/www.eliassen.nl\/wp-content\/uploads\/2024\/01\/logo_4nd.jpg\",\"width\":500,\"height\":500,\"caption\":\"Eliassen Home & Garden Pleasure\"},\"image\":{\"@id\":\"https:\/\/dev.eliassen.nl\/de\/#\/schema\/logo\/image\/\"},\"sameAs\":[\"https:\/\/www.facebook.com\/TuincentrumEliassenAmmerzoden\",\"https:\/\/www.instagram.com\/eliassenhomeandgarden\/\",\"https:\/\/nl.pinterest.com\/eliassenhomeandgarden\/\",\"https:\/\/www.youtube.com\/@eliassenhomegardenpleasure4558\"]}]}<\/script>\n<!-- \/ Yoast SEO plugin. -->","yoast_head_json":{"title":"3-Wege Verteiler f\u00fcr Wasserspiel oder Springbrunnen in 2 Gr\u00f6\u00dfen","description":"vielf\u00e4ltig","robots":{"index":"noindex","follow":"follow","max-snippet":"max-snippet:-1","max-image-preview":"max-image-preview:large","max-video-preview":"max-video-preview:-1"},"og_locale":"de_DE","og_type":"article","og_title":"3-Wege Verteiler f\u00fcr Wasserspiel oder Springbrunnen in 2 Gr\u00f6\u00dfen","og_description":"vielf\u00e4ltig","og_url":"https:\/\/dev.eliassen.nl\/de\/3-wege-trennwand-fur-wasserspiel-oder-springbrunnen\/","og_site_name":"Eliassen.nl","article_publisher":"https:\/\/www.facebook.com\/TuincentrumEliassenAmmerzoden","article_modified_time":"2024-12-05T15:45:17+00:00","og_image":[{"width":2048,"height":1536,"url":"https:\/\/dev.eliassen.nl\/wp-content\/uploads\/2024\/01\/16595115130317738761446948234868.jpg","type":"image\/jpeg"}],"twitter_card":"summary_large_image","schema":{"@context":"https:\/\/schema.org","@graph":[{"@type":"WebPage","@id":"https:\/\/dev.eliassen.nl\/de\/3-wege-trennwand-fur-wasserspiel-oder-springbrunnen\/","url":"https:\/\/dev.eliassen.nl\/de\/3-wege-trennwand-fur-wasserspiel-oder-springbrunnen\/","name":"3-Wege Verteiler f\u00fcr Wasserspiel oder Springbrunnen in 2 Gr\u00f6\u00dfen","isPartOf":{"@id":"https:\/\/dev.eliassen.nl\/de\/#website"},"primaryImageOfPage":{"@id":"https:\/\/dev.eliassen.nl\/de\/3-wege-trennwand-fur-wasserspiel-oder-springbrunnen\/#primaryimage"},"image":{"@id":"https:\/\/dev.eliassen.nl\/de\/3-wege-trennwand-fur-wasserspiel-oder-springbrunnen\/#primaryimage"},"thumbnailUrl":"https:\/\/dev.eliassen.nl\/wp-content\/uploads\/2024\/01\/16595115130317738761446948234868.jpg","datePublished":"2019-10-28T15:06:39+00:00","dateModified":"2024-12-05T15:45:17+00:00","description":"vielf\u00e4ltig","breadcrumb":{"@id":"https:\/\/dev.eliassen.nl\/de\/3-wege-trennwand-fur-wasserspiel-oder-springbrunnen\/#breadcrumb"},"inLanguage":"de","potentialAction":[{"@type":"ReadAction","target":["https:\/\/dev.eliassen.nl\/de\/3-wege-trennwand-fur-wasserspiel-oder-springbrunnen\/"]}]},{"@type":"ImageObject","inLanguage":"de","@id":"https:\/\/dev.eliassen.nl\/de\/3-wege-trennwand-fur-wasserspiel-oder-springbrunnen\/#primaryimage","url":"https:\/\/dev.eliassen.nl\/wp-content\/uploads\/2024\/01\/16595115130317738761446948234868.jpg","contentUrl":"https:\/\/dev.eliassen.nl\/wp-content\/uploads\/2024\/01\/16595115130317738761446948234868.jpg","width":2048,"height":1536,"caption":"16595115130317738761446948234868"},{"@type":"BreadcrumbList","@id":"https:\/\/dev.eliassen.nl\/de\/3-wege-trennwand-fur-wasserspiel-oder-springbrunnen\/#breadcrumb","itemListElement":[{"@type":"ListItem","position":1,"name":"Home","item":"https:\/\/dev.eliassen.nl\/de\/"},{"@type":"ListItem","position":2,"name":"Shop","item":"https:\/\/dev.eliassen.nl\/nl\/winkel\/"},{"@type":"ListItem","position":3,"name":"Wasserspiele","item":"https:\/\/dev.eliassen.nl\/de\/wassereigenschaften\/"},{"@type":"ListItem","position":4,"name":"Teile Wasserspiele","item":"https:\/\/dev.eliassen.nl\/de\/wassereigenschaften\/teile-wasserspiele\/"},{"@type":"ListItem","position":5,"name":"3-Wege-Trennwand f\u00fcr Wasserspiel oder Springbrunnen"}]},{"@type":"WebSite","@id":"https:\/\/dev.eliassen.nl\/de\/#website","url":"https:\/\/dev.eliassen.nl\/de\/","name":"Eliassen Home & Garden Pleasure","description":"","publisher":{"@id":"https:\/\/dev.eliassen.nl\/de\/#organization"},"alternateName":"Eliassen.nl","potentialAction":[{"@type":"SearchAction","target":{"@type":"EntryPoint","urlTemplate":"https:\/\/dev.eliassen.nl\/de\/?s={search_term_string}"},"query-input":{"@type":"PropertyValueSpecification","valueRequired":true,"valueName":"search_term_string"}}],"inLanguage":"de"},{"@type":"Organization","@id":"https:\/\/dev.eliassen.nl\/de\/#organization","name":"Eliassen Home & Garden Pleasure","url":"https:\/\/dev.eliassen.nl\/de\/","logo":{"@type":"ImageObject","inLanguage":"de","@id":"https:\/\/dev.eliassen.nl\/de\/#\/schema\/logo\/image\/","url":"https:\/\/www.eliassen.nl\/wp-content\/uploads\/2024\/01\/logo_4nd.jpg","contentUrl":"https:\/\/www.eliassen.nl\/wp-content\/uploads\/2024\/01\/logo_4nd.jpg","width":500,"height":500,"caption":"Eliassen Home & Garden Pleasure"},"image":{"@id":"https:\/\/dev.eliassen.nl\/de\/#\/schema\/logo\/image\/"},"sameAs":["https:\/\/www.facebook.com\/TuincentrumEliassenAmmerzoden","https:\/\/www.instagram.com\/eliassenhomeandgarden\/","https:\/\/nl.pinterest.com\/eliassenhomeandgarden\/","https:\/\/www.youtube.com\/@eliassenhomegardenpleasure4558"]}]}},"df_price":6.95,"df_sale_price":"","df_regular_price":6.95,"df_image_link":"https:\/\/dev.eliassen.nl\/wp-content\/uploads\/2024\/01\/16595115130317738761446948234868.jpg","image":"https:\/\/dev.eliassen.nl\/wp-content\/uploads\/2024\/01\/16595115130317738761446948234868.jpg","price_search":"<span class=\"woocommerce-Price-amount amount\"><bdi><span class=\"woocommerce-Price-currencySymbol\">&euro;<\/span>&nbsp;6,95<\/bdi><\/span>","category":"Teile Wasserspiele","_links":{"self":[{"href":"https:\/\/dev.eliassen.nl\/de\/wp-json\/wp\/v2\/product\/127546","targetHints":{"allow":["GET"]}}],"collection":[{"href":"https:\/\/dev.eliassen.nl\/de\/wp-json\/wp\/v2\/product"}],"about":[{"href":"https:\/\/dev.eliassen.nl\/de\/wp-json\/wp\/v2\/types\/product"}],"wp:featuredmedia":[{"embeddable":true,"href":"https:\/\/dev.eliassen.nl\/de\/wp-json\/wp\/v2\/media\/6799"}],"wp:attachment":[{"href":"https:\/\/dev.eliassen.nl\/de\/wp-json\/wp\/v2\/media?parent=127546"}],"wp:term":[{"taxonomy":"product_brand","embeddable":true,"href":"https:\/\/dev.eliassen.nl\/de\/wp-json\/wp\/v2\/product_brand?post=127546"},{"taxonomy":"product_cat","embeddable":true,"href":"https:\/\/dev.eliassen.nl\/de\/wp-json\/wp\/v2\/product_cat?post=127546"},{"taxonomy":"product_tag","embeddable":true,"href":"https:\/\/dev.eliassen.nl\/de\/wp-json\/wp\/v2\/product_tag?post=127546"}],"curies":[{"name":"wp","href":"https:\/\/api.w.org\/{rel}","templated":true}]}}