{"id":127602,"date":"2019-10-28T16:07:27","date_gmt":"2019-10-28T15:07:27","guid":{"rendered":"https:\/\/www.eliassen.nl\/?product=crea-bloecke-70x70cm"},"modified":"2024-12-05T16:45:22","modified_gmt":"2024-12-05T15:45:22","slug":"creablocks-70x70cm-wasserelemente","status":"publish","type":"product","link":"https:\/\/dev.eliassen.nl\/de\/creablocks-70x70cm-wasserelemente\/","title":{"rendered":"Creablocks 70x70cm Wasserelemente"},"content":{"rendered":"<p>Dies ist ein gegossenes Stein Ornament. <br \/>Erh\u00e4ltlich in Anthrazit, Terra oder Gelb. <br \/>Dies sind Creabl\u00f6cke mit einem Durchmesser von 70 x 70 cm, die Sie nach Ihrem Ermessen bis zu 50 cm hoch stapeln k\u00f6nnen. Jedes Element ist 10 cm hoch. <br \/>Der obere Block hat eine Panzerglasplatte, \u00fcber die das Wasser durch 4 Ausl\u00e4sse flie\u00dft. das gibt einen sch\u00f6nen Effekt, wenn ein Punkt an der Unterseite der Verzierung gesetzt wird, scheint das Licht durch die Oberseite. (siehe mit Wasser Partyzubeh\u00f6r). <br \/>Was noch sch\u00f6ner wirkt, ist der Einbau von Edelstahlrohren zwischen den Elementen, durch die \u00d6ffnungen flie\u00dft das Wasser im Dunkeln. Diese Sets f\u00fcr Teichinstallation bestehen aus den Creablocks, der Pumpe, den T\u00fcllen, dem Schlauch und dem Steuerventil, die Sets f\u00fcr ein Kiesbett haben eine Wassersch\u00fcssel, Polyesterdeckel, Pumpe, T\u00fcllen, Schlauch und Steuerventil. Sie m\u00fcssen Kieselsteine \u200b\u200b\u00fcber den Deckel streuen, Sie k\u00f6nnen die Edelstahlrohre nach Belieben bestellen.<\/p>\n<p><span style=\"color: #ff0000;\"><strong>W\u00e4hlen Sie hier Ihre Implementierung.<\/strong><\/span> <br \/><span style=\"color: #ff0000;\"><strong>Vergessen Sie nicht, unser Ausstellungsgel\u00e4nde mit 300 Modellen zu besuchen!<\/strong><\/span> <br \/><span style=\"color: #ff0000;\"><strong>Bitte geben Sie per Mail an, welche Farbe Sie w\u00fcnschen<\/strong><\/span> . <br \/><iframe loading=\"lazy\" style=\"margin-right: auto; margin-left: auto; display: block;\" src=\"http:\/\/www.youtube.com\/embed\/CxeemUQxeWc\" width=\"425\" height=\"350\" frameborder=\"0\"><\/iframe><br \/>Vergessen Sie nicht, unser Ausstellungsgel\u00e4nde mit 300 Modellen zu besuchen!<\/p>\n","protected":false},"excerpt":{"rendered":"<p>Creablocks 70x70cm Sets in 2 Versionen<\/p>\n","protected":false},"featured_media":6880,"template":"","meta":{"_acf_changed":false},"product_brand":[6916],"product_cat":[560,536],"product_tag":[],"class_list":{"0":"post-127602","1":"product","2":"type-product","3":"status-publish","4":"has-post-thumbnail","6":"product_brand-eliassen-de","7":"product_cat-wasserschalen-aus-crea-bloecken-von-creastone","8":"product_cat-wassereigenschaften","10":"first","11":"instock","12":"taxable","13":"shipping-taxable","14":"purchasable","15":"product-type-variable"},"acf":[],"yoast_head":"<!-- This site is optimized with the Yoast SEO plugin v23.8 - https:\/\/yoast.com\/wordpress\/plugins\/seo\/ -->\n<title>Creablocks 70x70cm Wasserelemente<\/title>\n<meta name=\"description\" content=\"Creablocks 70x70cm Sets in 2 Versionen\" \/>\n<meta name=\"robots\" content=\"noindex, follow, max-snippet:-1, max-image-preview:large, max-video-preview:-1\" \/>\n<meta property=\"og:locale\" content=\"de_DE\" \/>\n<meta property=\"og:type\" content=\"article\" \/>\n<meta property=\"og:title\" content=\"Creablocks 70x70cm Wasserelemente\" \/>\n<meta property=\"og:description\" content=\"Creablocks 70x70cm Sets in 2 Versionen\" \/>\n<meta property=\"og:url\" content=\"https:\/\/dev.eliassen.nl\/de\/creablocks-70x70cm-wasserelemente\/\" \/>\n<meta property=\"og:site_name\" content=\"Eliassen.nl\" \/>\n<meta property=\"article:publisher\" content=\"https:\/\/www.facebook.com\/TuincentrumEliassenAmmerzoden\" \/>\n<meta property=\"article:modified_time\" content=\"2024-12-05T15:45:22+00:00\" \/>\n<meta property=\"og:image\" content=\"https:\/\/dev.eliassen.nl\/wp-content\/uploads\/2024\/01\/creablok70setvooropgrind.jpg\" \/>\n\t<meta property=\"og:image:width\" content=\"374\" \/>\n\t<meta property=\"og:image:height\" content=\"250\" \/>\n\t<meta property=\"og:image:type\" content=\"image\/jpeg\" \/>\n<meta name=\"twitter:card\" content=\"summary_large_image\" \/>\n<script type=\"application\/ld+json\" class=\"yoast-schema-graph\">{\"@context\":\"https:\/\/schema.org\",\"@graph\":[{\"@type\":\"WebPage\",\"@id\":\"https:\/\/dev.eliassen.nl\/de\/creablocks-70x70cm-wasserelemente\/\",\"url\":\"https:\/\/dev.eliassen.nl\/de\/creablocks-70x70cm-wasserelemente\/\",\"name\":\"Creablocks 70x70cm Wasserelemente\",\"isPartOf\":{\"@id\":\"https:\/\/dev.eliassen.nl\/de\/#website\"},\"primaryImageOfPage\":{\"@id\":\"https:\/\/dev.eliassen.nl\/de\/creablocks-70x70cm-wasserelemente\/#primaryimage\"},\"image\":{\"@id\":\"https:\/\/dev.eliassen.nl\/de\/creablocks-70x70cm-wasserelemente\/#primaryimage\"},\"thumbnailUrl\":\"https:\/\/dev.eliassen.nl\/wp-content\/uploads\/2024\/01\/creablok70setvooropgrind.jpg\",\"datePublished\":\"2019-10-28T15:07:27+00:00\",\"dateModified\":\"2024-12-05T15:45:22+00:00\",\"description\":\"Creablocks 70x70cm Sets in 2 Versionen\",\"breadcrumb\":{\"@id\":\"https:\/\/dev.eliassen.nl\/de\/creablocks-70x70cm-wasserelemente\/#breadcrumb\"},\"inLanguage\":\"de\",\"potentialAction\":[{\"@type\":\"ReadAction\",\"target\":[\"https:\/\/dev.eliassen.nl\/de\/creablocks-70x70cm-wasserelemente\/\"]}]},{\"@type\":\"ImageObject\",\"inLanguage\":\"de\",\"@id\":\"https:\/\/dev.eliassen.nl\/de\/creablocks-70x70cm-wasserelemente\/#primaryimage\",\"url\":\"https:\/\/dev.eliassen.nl\/wp-content\/uploads\/2024\/01\/creablok70setvooropgrind.jpg\",\"contentUrl\":\"https:\/\/dev.eliassen.nl\/wp-content\/uploads\/2024\/01\/creablok70setvooropgrind.jpg\",\"width\":374,\"height\":250,\"caption\":\"creablok-70-set-voor-op-grind\"},{\"@type\":\"BreadcrumbList\",\"@id\":\"https:\/\/dev.eliassen.nl\/de\/creablocks-70x70cm-wasserelemente\/#breadcrumb\",\"itemListElement\":[{\"@type\":\"ListItem\",\"position\":1,\"name\":\"Home\",\"item\":\"https:\/\/dev.eliassen.nl\/de\/\"},{\"@type\":\"ListItem\",\"position\":2,\"name\":\"Shop\",\"item\":\"https:\/\/dev.eliassen.nl\/nl\/winkel\/\"},{\"@type\":\"ListItem\",\"position\":3,\"name\":\"Wasserspiele\",\"item\":\"https:\/\/dev.eliassen.nl\/de\/wassereigenschaften\/\"},{\"@type\":\"ListItem\",\"position\":4,\"name\":\"Wasserschalen aus Crea-Bl\u00f6cken von Creastone\",\"item\":\"https:\/\/dev.eliassen.nl\/de\/wassereigenschaften\/wasserschalen-aus-crea-bloecken-von-creastone\/\"},{\"@type\":\"ListItem\",\"position\":5,\"name\":\"Creablocks 70x70cm Wasserelemente\"}]},{\"@type\":\"WebSite\",\"@id\":\"https:\/\/dev.eliassen.nl\/de\/#website\",\"url\":\"https:\/\/dev.eliassen.nl\/de\/\",\"name\":\"Eliassen Home & Garden Pleasure\",\"description\":\"\",\"publisher\":{\"@id\":\"https:\/\/dev.eliassen.nl\/de\/#organization\"},\"alternateName\":\"Eliassen.nl\",\"potentialAction\":[{\"@type\":\"SearchAction\",\"target\":{\"@type\":\"EntryPoint\",\"urlTemplate\":\"https:\/\/dev.eliassen.nl\/de\/?s={search_term_string}\"},\"query-input\":{\"@type\":\"PropertyValueSpecification\",\"valueRequired\":true,\"valueName\":\"search_term_string\"}}],\"inLanguage\":\"de\"},{\"@type\":\"Organization\",\"@id\":\"https:\/\/dev.eliassen.nl\/de\/#organization\",\"name\":\"Eliassen Home & Garden Pleasure\",\"url\":\"https:\/\/dev.eliassen.nl\/de\/\",\"logo\":{\"@type\":\"ImageObject\",\"inLanguage\":\"de\",\"@id\":\"https:\/\/dev.eliassen.nl\/de\/#\/schema\/logo\/image\/\",\"url\":\"https:\/\/www.eliassen.nl\/wp-content\/uploads\/2024\/01\/logo_4nd.jpg\",\"contentUrl\":\"https:\/\/www.eliassen.nl\/wp-content\/uploads\/2024\/01\/logo_4nd.jpg\",\"width\":500,\"height\":500,\"caption\":\"Eliassen Home & Garden Pleasure\"},\"image\":{\"@id\":\"https:\/\/dev.eliassen.nl\/de\/#\/schema\/logo\/image\/\"},\"sameAs\":[\"https:\/\/www.facebook.com\/TuincentrumEliassenAmmerzoden\",\"https:\/\/www.instagram.com\/eliassenhomeandgarden\/\",\"https:\/\/nl.pinterest.com\/eliassenhomeandgarden\/\",\"https:\/\/www.youtube.com\/@eliassenhomegardenpleasure4558\"]}]}<\/script>\n<!-- \/ Yoast SEO plugin. -->","yoast_head_json":{"title":"Creablocks 70x70cm Wasserelemente","description":"Creablocks 70x70cm Sets in 2 Versionen","robots":{"index":"noindex","follow":"follow","max-snippet":"max-snippet:-1","max-image-preview":"max-image-preview:large","max-video-preview":"max-video-preview:-1"},"og_locale":"de_DE","og_type":"article","og_title":"Creablocks 70x70cm Wasserelemente","og_description":"Creablocks 70x70cm Sets in 2 Versionen","og_url":"https:\/\/dev.eliassen.nl\/de\/creablocks-70x70cm-wasserelemente\/","og_site_name":"Eliassen.nl","article_publisher":"https:\/\/www.facebook.com\/TuincentrumEliassenAmmerzoden","article_modified_time":"2024-12-05T15:45:22+00:00","og_image":[{"width":374,"height":250,"url":"https:\/\/dev.eliassen.nl\/wp-content\/uploads\/2024\/01\/creablok70setvooropgrind.jpg","type":"image\/jpeg"}],"twitter_card":"summary_large_image","schema":{"@context":"https:\/\/schema.org","@graph":[{"@type":"WebPage","@id":"https:\/\/dev.eliassen.nl\/de\/creablocks-70x70cm-wasserelemente\/","url":"https:\/\/dev.eliassen.nl\/de\/creablocks-70x70cm-wasserelemente\/","name":"Creablocks 70x70cm Wasserelemente","isPartOf":{"@id":"https:\/\/dev.eliassen.nl\/de\/#website"},"primaryImageOfPage":{"@id":"https:\/\/dev.eliassen.nl\/de\/creablocks-70x70cm-wasserelemente\/#primaryimage"},"image":{"@id":"https:\/\/dev.eliassen.nl\/de\/creablocks-70x70cm-wasserelemente\/#primaryimage"},"thumbnailUrl":"https:\/\/dev.eliassen.nl\/wp-content\/uploads\/2024\/01\/creablok70setvooropgrind.jpg","datePublished":"2019-10-28T15:07:27+00:00","dateModified":"2024-12-05T15:45:22+00:00","description":"Creablocks 70x70cm Sets in 2 Versionen","breadcrumb":{"@id":"https:\/\/dev.eliassen.nl\/de\/creablocks-70x70cm-wasserelemente\/#breadcrumb"},"inLanguage":"de","potentialAction":[{"@type":"ReadAction","target":["https:\/\/dev.eliassen.nl\/de\/creablocks-70x70cm-wasserelemente\/"]}]},{"@type":"ImageObject","inLanguage":"de","@id":"https:\/\/dev.eliassen.nl\/de\/creablocks-70x70cm-wasserelemente\/#primaryimage","url":"https:\/\/dev.eliassen.nl\/wp-content\/uploads\/2024\/01\/creablok70setvooropgrind.jpg","contentUrl":"https:\/\/dev.eliassen.nl\/wp-content\/uploads\/2024\/01\/creablok70setvooropgrind.jpg","width":374,"height":250,"caption":"creablok-70-set-voor-op-grind"},{"@type":"BreadcrumbList","@id":"https:\/\/dev.eliassen.nl\/de\/creablocks-70x70cm-wasserelemente\/#breadcrumb","itemListElement":[{"@type":"ListItem","position":1,"name":"Home","item":"https:\/\/dev.eliassen.nl\/de\/"},{"@type":"ListItem","position":2,"name":"Shop","item":"https:\/\/dev.eliassen.nl\/nl\/winkel\/"},{"@type":"ListItem","position":3,"name":"Wasserspiele","item":"https:\/\/dev.eliassen.nl\/de\/wassereigenschaften\/"},{"@type":"ListItem","position":4,"name":"Wasserschalen aus Crea-Bl\u00f6cken von Creastone","item":"https:\/\/dev.eliassen.nl\/de\/wassereigenschaften\/wasserschalen-aus-crea-bloecken-von-creastone\/"},{"@type":"ListItem","position":5,"name":"Creablocks 70x70cm Wasserelemente"}]},{"@type":"WebSite","@id":"https:\/\/dev.eliassen.nl\/de\/#website","url":"https:\/\/dev.eliassen.nl\/de\/","name":"Eliassen Home & Garden Pleasure","description":"","publisher":{"@id":"https:\/\/dev.eliassen.nl\/de\/#organization"},"alternateName":"Eliassen.nl","potentialAction":[{"@type":"SearchAction","target":{"@type":"EntryPoint","urlTemplate":"https:\/\/dev.eliassen.nl\/de\/?s={search_term_string}"},"query-input":{"@type":"PropertyValueSpecification","valueRequired":true,"valueName":"search_term_string"}}],"inLanguage":"de"},{"@type":"Organization","@id":"https:\/\/dev.eliassen.nl\/de\/#organization","name":"Eliassen Home & Garden Pleasure","url":"https:\/\/dev.eliassen.nl\/de\/","logo":{"@type":"ImageObject","inLanguage":"de","@id":"https:\/\/dev.eliassen.nl\/de\/#\/schema\/logo\/image\/","url":"https:\/\/www.eliassen.nl\/wp-content\/uploads\/2024\/01\/logo_4nd.jpg","contentUrl":"https:\/\/www.eliassen.nl\/wp-content\/uploads\/2024\/01\/logo_4nd.jpg","width":500,"height":500,"caption":"Eliassen Home & Garden Pleasure"},"image":{"@id":"https:\/\/dev.eliassen.nl\/de\/#\/schema\/logo\/image\/"},"sameAs":["https:\/\/www.facebook.com\/TuincentrumEliassenAmmerzoden","https:\/\/www.instagram.com\/eliassenhomeandgarden\/","https:\/\/nl.pinterest.com\/eliassenhomeandgarden\/","https:\/\/www.youtube.com\/@eliassenhomegardenpleasure4558"]}]}},"df_price":398,"df_sale_price":"","df_regular_price":398,"df_image_link":"https:\/\/dev.eliassen.nl\/wp-content\/uploads\/2024\/01\/creablok70setvooropgrind.jpg","image":"https:\/\/dev.eliassen.nl\/wp-content\/uploads\/2024\/01\/creablok70setvooropgrind.jpg","price_search":"<span class=\"woocommerce-Price-amount amount\"><bdi><span class=\"woocommerce-Price-currencySymbol\">&euro;<\/span>&nbsp;398,00<\/bdi><\/span>","category":"Wasserschalen aus Crea-Bl\u00f6cken von Creastone","_links":{"self":[{"href":"https:\/\/dev.eliassen.nl\/de\/wp-json\/wp\/v2\/product\/127602","targetHints":{"allow":["GET"]}}],"collection":[{"href":"https:\/\/dev.eliassen.nl\/de\/wp-json\/wp\/v2\/product"}],"about":[{"href":"https:\/\/dev.eliassen.nl\/de\/wp-json\/wp\/v2\/types\/product"}],"wp:featuredmedia":[{"embeddable":true,"href":"https:\/\/dev.eliassen.nl\/de\/wp-json\/wp\/v2\/media\/6880"}],"wp:attachment":[{"href":"https:\/\/dev.eliassen.nl\/de\/wp-json\/wp\/v2\/media?parent=127602"}],"wp:term":[{"taxonomy":"product_brand","embeddable":true,"href":"https:\/\/dev.eliassen.nl\/de\/wp-json\/wp\/v2\/product_brand?post=127602"},{"taxonomy":"product_cat","embeddable":true,"href":"https:\/\/dev.eliassen.nl\/de\/wp-json\/wp\/v2\/product_cat?post=127602"},{"taxonomy":"product_tag","embeddable":true,"href":"https:\/\/dev.eliassen.nl\/de\/wp-json\/wp\/v2\/product_tag?post=127602"}],"curies":[{"name":"wp","href":"https:\/\/api.w.org\/{rel}","templated":true}]}}