{"id":127702,"date":"2019-10-28T16:12:02","date_gmt":"2019-10-28T15:12:02","guid":{"rendered":"https:\/\/www.eliassen.nl\/?product=eliassen-schwarzer-granitsaeulen-4-groessen"},"modified":"2024-12-05T16:45:34","modified_gmt":"2024-12-05T15:45:34","slug":"wassersaulen-aus-schwarzem-basalt-in-4-grossen","status":"publish","type":"product","link":"https:\/\/dev.eliassen.nl\/de\/wassersaulen-aus-schwarzem-basalt-in-4-grossen\/","title":{"rendered":"Wassers\u00e4ulen aus schwarzem Basalt in 4 Gr\u00f6\u00dfen"},"content":{"rendered":"<p><strong>Dies ist eine lose Verzierung. Erkundigen Sie sich nach den anderen erforderlichen Teilen.<\/strong><\/p>\n<p>Aus schwarzem Basaltstein. Es wird noch schw\u00e4rzer, wenn Wasser dar\u00fcber l\u00e4uft, bleibt sch\u00f6n, im Gegensatz zu hartem Stein, der gepflegt werden muss. In den S\u00e4ulen kann ein LED-Licht platziert werden, aber sch\u00f6ner ist es, im Dunkeln einen Scheinwerfer aufzustellen, damit das Glitzern des Wassers gut zu sehen ist.<\/p>\n<p>Diese S\u00e4ulen sind 20 x 20 cm dick und in den H\u00f6hen 40, 60, 80 und 100 cm erh\u00e4ltlich. Diese schlanken S\u00e4ulen sehen auch sehr sch\u00f6n aus, wenn sie in einen Teich oder eine moderne Teichrinne gestellt werden. Sie k\u00f6nnen sich f\u00fcr ein Solo-Setup entscheiden, aber auch mit mehreren S\u00e4ulen, mit allen 4 Gr\u00f6\u00dfen ein sehr schickes Ganzes!<\/p>\n<p><strong>Vergessen Sie nicht, unseren Ausstellungsbereich mit 300 Modellen zu besuchen, wo Sie die meisten Arbeiten sehen und eine gute Erkl\u00e4rung erhalten!<\/strong><\/p>\n<ul>\n<li>Material massiver Basaltstein<\/li>\n<li>Gr\u00f6\u00dfe: H\u00f6he 40-60-80-100cm, Breite 20x20cm<\/li>\n<li>Schlauchanschluss 1\/2 Zoll oder 3\/4<\/li>\n<li>Frostbest\u00e4ndig<\/li>\n<li>Haben Sie Fragen zu diesem Artikel oder ben\u00f6tigen Sie Rat, um dieses Modell mit allen anderen Notwendigkeiten zu vervollst\u00e4ndigen? Sie k\u00f6nnen uns gerne kontaktieren.<\/li>\n<\/ul>\n<p><strong>Tipp:<\/strong> Mit einem darauf gerichteten LED-Spot schaffen Sie einen sch\u00f6nen Blickfang in Ihrem Garten.<\/p>\n","protected":false},"excerpt":{"rendered":"<p>Dies ist eine lose Verzierung. Erkundigen Sie sich nach den anderen erforderlichen Teilen.<\/p>\n","protected":false},"featured_media":7081,"template":"","meta":{"_acf_changed":false},"product_brand":[6916],"product_cat":[539,551,536],"product_tag":[],"class_list":{"0":"post-127702","1":"product","2":"type-product","3":"status-publish","4":"has-post-thumbnail","6":"product_brand-eliassen-de","7":"product_cat-einzigartige-eigene-modelle-von-losen-wasserspiele","8":"product_cat-lose-wasserspiele","9":"product_cat-wassereigenschaften","11":"first","12":"instock","13":"taxable","14":"shipping-taxable","15":"purchasable","16":"product-type-variable"},"acf":[],"yoast_head":"<!-- This site is optimized with the Yoast SEO plugin v23.8 - https:\/\/yoast.com\/wordpress\/plugins\/seo\/ -->\n<title>Wassers\u00e4ulen aus schwarzem Basalt in 4 Gr\u00f6\u00dfen | Eliassen.nl<\/title>\n<meta name=\"description\" content=\"Wassers\u00e4ulen aus schwarzem Basalt in 4 Gr\u00f6\u00dfen, sodass Sie zwischen gro\u00dfen und kleinen Wassers\u00e4ulen w\u00e4hlen k\u00f6nnen. Aus schwarzem Basaltstein. Bitte besuchen S...\" \/>\n<meta name=\"robots\" content=\"noindex, follow, max-snippet:-1, max-image-preview:large, max-video-preview:-1\" \/>\n<meta property=\"og:locale\" content=\"de_DE\" \/>\n<meta property=\"og:type\" content=\"article\" \/>\n<meta property=\"og:title\" content=\"Wassers\u00e4ulen aus schwarzem Basalt in 4 Gr\u00f6\u00dfen | Eliassen.nl\" \/>\n<meta property=\"og:description\" content=\"Wassers\u00e4ulen aus schwarzem Basalt in 4 Gr\u00f6\u00dfen, sodass Sie zwischen gro\u00dfen und kleinen Wassers\u00e4ulen w\u00e4hlen k\u00f6nnen. Aus schwarzem Basaltstein. Bitte besuchen S...\" \/>\n<meta property=\"og:url\" content=\"https:\/\/dev.eliassen.nl\/de\/wassersaulen-aus-schwarzem-basalt-in-4-grossen\/\" \/>\n<meta property=\"og:site_name\" content=\"Eliassen.nl\" \/>\n<meta property=\"article:publisher\" content=\"https:\/\/www.facebook.com\/TuincentrumEliassenAmmerzoden\" \/>\n<meta property=\"article:modified_time\" content=\"2024-12-05T15:45:34+00:00\" \/>\n<meta property=\"og:image\" content=\"https:\/\/dev.eliassen.nl\/wp-content\/uploads\/2024\/01\/mijnproject19.png\" \/>\n\t<meta property=\"og:image:width\" content=\"515\" \/>\n\t<meta property=\"og:image:height\" content=\"1024\" \/>\n\t<meta property=\"og:image:type\" content=\"image\/png\" \/>\n<meta name=\"twitter:card\" content=\"summary_large_image\" \/>\n<script type=\"application\/ld+json\" class=\"yoast-schema-graph\">{\"@context\":\"https:\/\/schema.org\",\"@graph\":[{\"@type\":\"WebPage\",\"@id\":\"https:\/\/dev.eliassen.nl\/de\/wassersaulen-aus-schwarzem-basalt-in-4-grossen\/\",\"url\":\"https:\/\/dev.eliassen.nl\/de\/wassersaulen-aus-schwarzem-basalt-in-4-grossen\/\",\"name\":\"Wassers\u00e4ulen aus schwarzem Basalt in 4 Gr\u00f6\u00dfen | Eliassen.nl\",\"isPartOf\":{\"@id\":\"https:\/\/dev.eliassen.nl\/de\/#website\"},\"primaryImageOfPage\":{\"@id\":\"https:\/\/dev.eliassen.nl\/de\/wassersaulen-aus-schwarzem-basalt-in-4-grossen\/#primaryimage\"},\"image\":{\"@id\":\"https:\/\/dev.eliassen.nl\/de\/wassersaulen-aus-schwarzem-basalt-in-4-grossen\/#primaryimage\"},\"thumbnailUrl\":\"https:\/\/dev.eliassen.nl\/wp-content\/uploads\/2024\/01\/mijnproject19.png\",\"datePublished\":\"2019-10-28T15:12:02+00:00\",\"dateModified\":\"2024-12-05T15:45:34+00:00\",\"description\":\"Wassers\u00e4ulen aus schwarzem Basalt in 4 Gr\u00f6\u00dfen, sodass Sie zwischen gro\u00dfen und kleinen Wassers\u00e4ulen w\u00e4hlen k\u00f6nnen. Aus schwarzem Basaltstein. Bitte besuchen S...\",\"breadcrumb\":{\"@id\":\"https:\/\/dev.eliassen.nl\/de\/wassersaulen-aus-schwarzem-basalt-in-4-grossen\/#breadcrumb\"},\"inLanguage\":\"de\",\"potentialAction\":[{\"@type\":\"ReadAction\",\"target\":[\"https:\/\/dev.eliassen.nl\/de\/wassersaulen-aus-schwarzem-basalt-in-4-grossen\/\"]}]},{\"@type\":\"ImageObject\",\"inLanguage\":\"de\",\"@id\":\"https:\/\/dev.eliassen.nl\/de\/wassersaulen-aus-schwarzem-basalt-in-4-grossen\/#primaryimage\",\"url\":\"https:\/\/dev.eliassen.nl\/wp-content\/uploads\/2024\/01\/mijnproject19.png\",\"contentUrl\":\"https:\/\/dev.eliassen.nl\/wp-content\/uploads\/2024\/01\/mijnproject19.png\",\"width\":515,\"height\":1024,\"caption\":\"Mijn project (19)\"},{\"@type\":\"BreadcrumbList\",\"@id\":\"https:\/\/dev.eliassen.nl\/de\/wassersaulen-aus-schwarzem-basalt-in-4-grossen\/#breadcrumb\",\"itemListElement\":[{\"@type\":\"ListItem\",\"position\":1,\"name\":\"Home\",\"item\":\"https:\/\/dev.eliassen.nl\/de\/\"},{\"@type\":\"ListItem\",\"position\":2,\"name\":\"Shop\",\"item\":\"https:\/\/dev.eliassen.nl\/nl\/winkel\/\"},{\"@type\":\"ListItem\",\"position\":3,\"name\":\"Wasserspiele\",\"item\":\"https:\/\/dev.eliassen.nl\/de\/wassereigenschaften\/\"},{\"@type\":\"ListItem\",\"position\":4,\"name\":\"Einzigartige eigene Modelle von losen Wasserspielen\",\"item\":\"https:\/\/dev.eliassen.nl\/de\/wassereigenschaften\/einzigartige-eigene-modelle-von-losen-wasserspiele\/\"},{\"@type\":\"ListItem\",\"position\":5,\"name\":\"Wassers\u00e4ulen aus schwarzem Basalt in 4 Gr\u00f6\u00dfen\"}]},{\"@type\":\"WebSite\",\"@id\":\"https:\/\/dev.eliassen.nl\/de\/#website\",\"url\":\"https:\/\/dev.eliassen.nl\/de\/\",\"name\":\"Eliassen Home & Garden Pleasure\",\"description\":\"\",\"publisher\":{\"@id\":\"https:\/\/dev.eliassen.nl\/de\/#organization\"},\"alternateName\":\"Eliassen.nl\",\"potentialAction\":[{\"@type\":\"SearchAction\",\"target\":{\"@type\":\"EntryPoint\",\"urlTemplate\":\"https:\/\/dev.eliassen.nl\/de\/?s={search_term_string}\"},\"query-input\":{\"@type\":\"PropertyValueSpecification\",\"valueRequired\":true,\"valueName\":\"search_term_string\"}}],\"inLanguage\":\"de\"},{\"@type\":\"Organization\",\"@id\":\"https:\/\/dev.eliassen.nl\/de\/#organization\",\"name\":\"Eliassen Home & Garden Pleasure\",\"url\":\"https:\/\/dev.eliassen.nl\/de\/\",\"logo\":{\"@type\":\"ImageObject\",\"inLanguage\":\"de\",\"@id\":\"https:\/\/dev.eliassen.nl\/de\/#\/schema\/logo\/image\/\",\"url\":\"https:\/\/www.eliassen.nl\/wp-content\/uploads\/2024\/01\/logo_4nd.jpg\",\"contentUrl\":\"https:\/\/www.eliassen.nl\/wp-content\/uploads\/2024\/01\/logo_4nd.jpg\",\"width\":500,\"height\":500,\"caption\":\"Eliassen Home & Garden Pleasure\"},\"image\":{\"@id\":\"https:\/\/dev.eliassen.nl\/de\/#\/schema\/logo\/image\/\"},\"sameAs\":[\"https:\/\/www.facebook.com\/TuincentrumEliassenAmmerzoden\",\"https:\/\/www.instagram.com\/eliassenhomeandgarden\/\",\"https:\/\/nl.pinterest.com\/eliassenhomeandgarden\/\",\"https:\/\/www.youtube.com\/@eliassenhomegardenpleasure4558\"]}]}<\/script>\n<!-- \/ Yoast SEO plugin. -->","yoast_head_json":{"title":"Wassers\u00e4ulen aus schwarzem Basalt in 4 Gr\u00f6\u00dfen | Eliassen.nl","description":"Wassers\u00e4ulen aus schwarzem Basalt in 4 Gr\u00f6\u00dfen, sodass Sie zwischen gro\u00dfen und kleinen Wassers\u00e4ulen w\u00e4hlen k\u00f6nnen. Aus schwarzem Basaltstein. Bitte besuchen S...","robots":{"index":"noindex","follow":"follow","max-snippet":"max-snippet:-1","max-image-preview":"max-image-preview:large","max-video-preview":"max-video-preview:-1"},"og_locale":"de_DE","og_type":"article","og_title":"Wassers\u00e4ulen aus schwarzem Basalt in 4 Gr\u00f6\u00dfen | Eliassen.nl","og_description":"Wassers\u00e4ulen aus schwarzem Basalt in 4 Gr\u00f6\u00dfen, sodass Sie zwischen gro\u00dfen und kleinen Wassers\u00e4ulen w\u00e4hlen k\u00f6nnen. Aus schwarzem Basaltstein. Bitte besuchen S...","og_url":"https:\/\/dev.eliassen.nl\/de\/wassersaulen-aus-schwarzem-basalt-in-4-grossen\/","og_site_name":"Eliassen.nl","article_publisher":"https:\/\/www.facebook.com\/TuincentrumEliassenAmmerzoden","article_modified_time":"2024-12-05T15:45:34+00:00","og_image":[{"width":515,"height":1024,"url":"https:\/\/dev.eliassen.nl\/wp-content\/uploads\/2024\/01\/mijnproject19.png","type":"image\/png"}],"twitter_card":"summary_large_image","schema":{"@context":"https:\/\/schema.org","@graph":[{"@type":"WebPage","@id":"https:\/\/dev.eliassen.nl\/de\/wassersaulen-aus-schwarzem-basalt-in-4-grossen\/","url":"https:\/\/dev.eliassen.nl\/de\/wassersaulen-aus-schwarzem-basalt-in-4-grossen\/","name":"Wassers\u00e4ulen aus schwarzem Basalt in 4 Gr\u00f6\u00dfen | Eliassen.nl","isPartOf":{"@id":"https:\/\/dev.eliassen.nl\/de\/#website"},"primaryImageOfPage":{"@id":"https:\/\/dev.eliassen.nl\/de\/wassersaulen-aus-schwarzem-basalt-in-4-grossen\/#primaryimage"},"image":{"@id":"https:\/\/dev.eliassen.nl\/de\/wassersaulen-aus-schwarzem-basalt-in-4-grossen\/#primaryimage"},"thumbnailUrl":"https:\/\/dev.eliassen.nl\/wp-content\/uploads\/2024\/01\/mijnproject19.png","datePublished":"2019-10-28T15:12:02+00:00","dateModified":"2024-12-05T15:45:34+00:00","description":"Wassers\u00e4ulen aus schwarzem Basalt in 4 Gr\u00f6\u00dfen, sodass Sie zwischen gro\u00dfen und kleinen Wassers\u00e4ulen w\u00e4hlen k\u00f6nnen. Aus schwarzem Basaltstein. Bitte besuchen S...","breadcrumb":{"@id":"https:\/\/dev.eliassen.nl\/de\/wassersaulen-aus-schwarzem-basalt-in-4-grossen\/#breadcrumb"},"inLanguage":"de","potentialAction":[{"@type":"ReadAction","target":["https:\/\/dev.eliassen.nl\/de\/wassersaulen-aus-schwarzem-basalt-in-4-grossen\/"]}]},{"@type":"ImageObject","inLanguage":"de","@id":"https:\/\/dev.eliassen.nl\/de\/wassersaulen-aus-schwarzem-basalt-in-4-grossen\/#primaryimage","url":"https:\/\/dev.eliassen.nl\/wp-content\/uploads\/2024\/01\/mijnproject19.png","contentUrl":"https:\/\/dev.eliassen.nl\/wp-content\/uploads\/2024\/01\/mijnproject19.png","width":515,"height":1024,"caption":"Mijn project (19)"},{"@type":"BreadcrumbList","@id":"https:\/\/dev.eliassen.nl\/de\/wassersaulen-aus-schwarzem-basalt-in-4-grossen\/#breadcrumb","itemListElement":[{"@type":"ListItem","position":1,"name":"Home","item":"https:\/\/dev.eliassen.nl\/de\/"},{"@type":"ListItem","position":2,"name":"Shop","item":"https:\/\/dev.eliassen.nl\/nl\/winkel\/"},{"@type":"ListItem","position":3,"name":"Wasserspiele","item":"https:\/\/dev.eliassen.nl\/de\/wassereigenschaften\/"},{"@type":"ListItem","position":4,"name":"Einzigartige eigene Modelle von losen Wasserspielen","item":"https:\/\/dev.eliassen.nl\/de\/wassereigenschaften\/einzigartige-eigene-modelle-von-losen-wasserspiele\/"},{"@type":"ListItem","position":5,"name":"Wassers\u00e4ulen aus schwarzem Basalt in 4 Gr\u00f6\u00dfen"}]},{"@type":"WebSite","@id":"https:\/\/dev.eliassen.nl\/de\/#website","url":"https:\/\/dev.eliassen.nl\/de\/","name":"Eliassen Home & Garden Pleasure","description":"","publisher":{"@id":"https:\/\/dev.eliassen.nl\/de\/#organization"},"alternateName":"Eliassen.nl","potentialAction":[{"@type":"SearchAction","target":{"@type":"EntryPoint","urlTemplate":"https:\/\/dev.eliassen.nl\/de\/?s={search_term_string}"},"query-input":{"@type":"PropertyValueSpecification","valueRequired":true,"valueName":"search_term_string"}}],"inLanguage":"de"},{"@type":"Organization","@id":"https:\/\/dev.eliassen.nl\/de\/#organization","name":"Eliassen Home & Garden Pleasure","url":"https:\/\/dev.eliassen.nl\/de\/","logo":{"@type":"ImageObject","inLanguage":"de","@id":"https:\/\/dev.eliassen.nl\/de\/#\/schema\/logo\/image\/","url":"https:\/\/www.eliassen.nl\/wp-content\/uploads\/2024\/01\/logo_4nd.jpg","contentUrl":"https:\/\/www.eliassen.nl\/wp-content\/uploads\/2024\/01\/logo_4nd.jpg","width":500,"height":500,"caption":"Eliassen Home & Garden Pleasure"},"image":{"@id":"https:\/\/dev.eliassen.nl\/de\/#\/schema\/logo\/image\/"},"sameAs":["https:\/\/www.facebook.com\/TuincentrumEliassenAmmerzoden","https:\/\/www.instagram.com\/eliassenhomeandgarden\/","https:\/\/nl.pinterest.com\/eliassenhomeandgarden\/","https:\/\/www.youtube.com\/@eliassenhomegardenpleasure4558"]}]}},"df_price":85,"df_sale_price":"","df_regular_price":85,"df_image_link":"https:\/\/dev.eliassen.nl\/wp-content\/uploads\/2024\/01\/mijnproject19.png","image":"https:\/\/dev.eliassen.nl\/wp-content\/uploads\/2024\/01\/mijnproject19.png","price_search":"<span class=\"woocommerce-Price-amount amount\"><bdi><span class=\"woocommerce-Price-currencySymbol\">&euro;<\/span>&nbsp;85,00<\/bdi><\/span>","category":"Einzigartige eigene Modelle von losen Wasserspielen","_links":{"self":[{"href":"https:\/\/dev.eliassen.nl\/de\/wp-json\/wp\/v2\/product\/127702","targetHints":{"allow":["GET"]}}],"collection":[{"href":"https:\/\/dev.eliassen.nl\/de\/wp-json\/wp\/v2\/product"}],"about":[{"href":"https:\/\/dev.eliassen.nl\/de\/wp-json\/wp\/v2\/types\/product"}],"wp:featuredmedia":[{"embeddable":true,"href":"https:\/\/dev.eliassen.nl\/de\/wp-json\/wp\/v2\/media\/7081"}],"wp:attachment":[{"href":"https:\/\/dev.eliassen.nl\/de\/wp-json\/wp\/v2\/media?parent=127702"}],"wp:term":[{"taxonomy":"product_brand","embeddable":true,"href":"https:\/\/dev.eliassen.nl\/de\/wp-json\/wp\/v2\/product_brand?post=127702"},{"taxonomy":"product_cat","embeddable":true,"href":"https:\/\/dev.eliassen.nl\/de\/wp-json\/wp\/v2\/product_cat?post=127702"},{"taxonomy":"product_tag","embeddable":true,"href":"https:\/\/dev.eliassen.nl\/de\/wp-json\/wp\/v2\/product_tag?post=127702"}],"curies":[{"name":"wp","href":"https:\/\/api.w.org\/{rel}","templated":true}]}}