{"id":127715,"date":"2019-10-28T16:12:06","date_gmt":"2019-10-28T15:12:06","guid":{"rendered":"https:\/\/www.eliassen.nl\/?product=verankerungsringe-2-modelle"},"modified":"2024-12-05T16:45:35","modified_gmt":"2024-12-05T15:45:35","slug":"verankerungsringe-2-modelle","status":"publish","type":"product","link":"https:\/\/dev.eliassen.nl\/de\/verankerungsringe-2-modelle\/","title":{"rendered":"Verankerungsringe 2 Modelle"},"content":{"rendered":"<p>Fester Schaum Ringen in 2-Modelle f\u00fcr 2 Funktionen: Ring 38x15mm mit einem Abstand von 12 mm, die gedr\u00fcckt mit dem Schlauch werden soll, zur\u00fcck zu dem Bohrloch, wo der Schlauch durchquert, abgedichtet werden, so dass es kein Wasser geht nach unten durch die Bohrung, und ein Modell 38x15mm Ring mit einem Loch von 30 mm, um eine an der Spitze des Bohrlochs f\u00fchrte zu klemmen. <br \/>W\u00e4hlen Sie die Gr\u00f6\u00dfe oben.<\/p>\n","protected":false},"excerpt":{"rendered":"<p>Fester Schaum Ringen in 2-Modelle f\u00fcr 2 Funktionen: Ring 38x15mm mit einem Abstand von 12 mm, die gedr\u00fcckt mit dem Schlauch werden soll, zur\u00fcck zu dem Bohrloch, wo der Schlauch durchquert, abgedichtet werden, so dass es kein Wasser geht nach unten durch die Bohrung, und ein Modell 38x15mm Ring mit einem Loch von 30 mm, &hellip;<\/p>\n","protected":false},"featured_media":7108,"template":"","meta":{"_acf_changed":false},"product_brand":[],"product_cat":[545,536],"product_tag":[],"class_list":{"0":"post-127715","1":"product","2":"type-product","3":"status-publish","4":"has-post-thumbnail","6":"product_cat-teile-wasserspiele","7":"product_cat-wassereigenschaften","9":"first","10":"instock","11":"taxable","12":"shipping-taxable","13":"purchasable","14":"product-type-variable"},"acf":[],"yoast_head":"<!-- This site is optimized with the Yoast SEO plugin v23.8 - https:\/\/yoast.com\/wordpress\/plugins\/seo\/ -->\n<title>Verankerings ringen 2 modellen | Eliassen<\/title>\n<meta name=\"description\" content=\"Bij Eliassen koopt u Verankerings ringen 2 modellen online of live te bekijken in de showroom. Bestel direct online.\" \/>\n<meta name=\"robots\" content=\"noindex, follow, max-snippet:-1, max-image-preview:large, max-video-preview:-1\" \/>\n<meta property=\"og:locale\" content=\"de_DE\" \/>\n<meta property=\"og:type\" content=\"article\" \/>\n<meta property=\"og:title\" content=\"Verankerings ringen 2 modellen | Eliassen\" \/>\n<meta property=\"og:description\" content=\"Bij Eliassen koopt u Verankerings ringen 2 modellen online of live te bekijken in de showroom. Bestel direct online.\" \/>\n<meta property=\"og:url\" content=\"https:\/\/dev.eliassen.nl\/de\/verankerungsringe-2-modelle\/\" \/>\n<meta property=\"og:site_name\" content=\"Eliassen.nl\" \/>\n<meta property=\"article:publisher\" content=\"https:\/\/www.facebook.com\/TuincentrumEliassenAmmerzoden\" \/>\n<meta property=\"article:modified_time\" content=\"2024-12-05T15:45:35+00:00\" \/>\n<meta property=\"og:image\" content=\"https:\/\/dev.eliassen.nl\/wp-content\/uploads\/2024\/01\/dichtingsmanchetfoam30300x300.jpg\" \/>\n\t<meta property=\"og:image:width\" content=\"300\" \/>\n\t<meta property=\"og:image:height\" content=\"300\" \/>\n\t<meta property=\"og:image:type\" content=\"image\/jpeg\" \/>\n<meta name=\"twitter:card\" content=\"summary_large_image\" \/>\n<script type=\"application\/ld+json\" class=\"yoast-schema-graph\">{\"@context\":\"https:\/\/schema.org\",\"@graph\":[{\"@type\":\"WebPage\",\"@id\":\"https:\/\/dev.eliassen.nl\/de\/verankerungsringe-2-modelle\/\",\"url\":\"https:\/\/dev.eliassen.nl\/de\/verankerungsringe-2-modelle\/\",\"name\":\"Verankerings ringen 2 modellen | Eliassen\",\"isPartOf\":{\"@id\":\"https:\/\/dev.eliassen.nl\/de\/#website\"},\"primaryImageOfPage\":{\"@id\":\"https:\/\/dev.eliassen.nl\/de\/verankerungsringe-2-modelle\/#primaryimage\"},\"image\":{\"@id\":\"https:\/\/dev.eliassen.nl\/de\/verankerungsringe-2-modelle\/#primaryimage\"},\"thumbnailUrl\":\"https:\/\/dev.eliassen.nl\/wp-content\/uploads\/2024\/01\/dichtingsmanchetfoam30300x300.jpg\",\"datePublished\":\"2019-10-28T15:12:06+00:00\",\"dateModified\":\"2024-12-05T15:45:35+00:00\",\"description\":\"Bij Eliassen koopt u Verankerings ringen 2 modellen online of live te bekijken in de showroom. Bestel direct online.\",\"breadcrumb\":{\"@id\":\"https:\/\/dev.eliassen.nl\/de\/verankerungsringe-2-modelle\/#breadcrumb\"},\"inLanguage\":\"de\",\"potentialAction\":[{\"@type\":\"ReadAction\",\"target\":[\"https:\/\/dev.eliassen.nl\/de\/verankerungsringe-2-modelle\/\"]}]},{\"@type\":\"ImageObject\",\"inLanguage\":\"de\",\"@id\":\"https:\/\/dev.eliassen.nl\/de\/verankerungsringe-2-modelle\/#primaryimage\",\"url\":\"https:\/\/dev.eliassen.nl\/wp-content\/uploads\/2024\/01\/dichtingsmanchetfoam30300x300.jpg\",\"contentUrl\":\"https:\/\/dev.eliassen.nl\/wp-content\/uploads\/2024\/01\/dichtingsmanchetfoam30300x300.jpg\",\"width\":300,\"height\":300,\"caption\":\"dichtingsmanchet-foam-3-0-300x300\"},{\"@type\":\"BreadcrumbList\",\"@id\":\"https:\/\/dev.eliassen.nl\/de\/verankerungsringe-2-modelle\/#breadcrumb\",\"itemListElement\":[{\"@type\":\"ListItem\",\"position\":1,\"name\":\"Home\",\"item\":\"https:\/\/dev.eliassen.nl\/de\/\"},{\"@type\":\"ListItem\",\"position\":2,\"name\":\"Shop\",\"item\":\"https:\/\/dev.eliassen.nl\/nl\/winkel\/\"},{\"@type\":\"ListItem\",\"position\":3,\"name\":\"Wasserspiele\",\"item\":\"https:\/\/dev.eliassen.nl\/de\/wassereigenschaften\/\"},{\"@type\":\"ListItem\",\"position\":4,\"name\":\"Teile Wasserspiele\",\"item\":\"https:\/\/dev.eliassen.nl\/de\/wassereigenschaften\/teile-wasserspiele\/\"},{\"@type\":\"ListItem\",\"position\":5,\"name\":\"Verankerungsringe 2 Modelle\"}]},{\"@type\":\"WebSite\",\"@id\":\"https:\/\/dev.eliassen.nl\/de\/#website\",\"url\":\"https:\/\/dev.eliassen.nl\/de\/\",\"name\":\"Eliassen Home & Garden Pleasure\",\"description\":\"\",\"publisher\":{\"@id\":\"https:\/\/dev.eliassen.nl\/de\/#organization\"},\"alternateName\":\"Eliassen.nl\",\"potentialAction\":[{\"@type\":\"SearchAction\",\"target\":{\"@type\":\"EntryPoint\",\"urlTemplate\":\"https:\/\/dev.eliassen.nl\/de\/?s={search_term_string}\"},\"query-input\":{\"@type\":\"PropertyValueSpecification\",\"valueRequired\":true,\"valueName\":\"search_term_string\"}}],\"inLanguage\":\"de\"},{\"@type\":\"Organization\",\"@id\":\"https:\/\/dev.eliassen.nl\/de\/#organization\",\"name\":\"Eliassen Home & Garden Pleasure\",\"url\":\"https:\/\/dev.eliassen.nl\/de\/\",\"logo\":{\"@type\":\"ImageObject\",\"inLanguage\":\"de\",\"@id\":\"https:\/\/dev.eliassen.nl\/de\/#\/schema\/logo\/image\/\",\"url\":\"https:\/\/www.eliassen.nl\/wp-content\/uploads\/2024\/01\/logo_4nd.jpg\",\"contentUrl\":\"https:\/\/www.eliassen.nl\/wp-content\/uploads\/2024\/01\/logo_4nd.jpg\",\"width\":500,\"height\":500,\"caption\":\"Eliassen Home & Garden Pleasure\"},\"image\":{\"@id\":\"https:\/\/dev.eliassen.nl\/de\/#\/schema\/logo\/image\/\"},\"sameAs\":[\"https:\/\/www.facebook.com\/TuincentrumEliassenAmmerzoden\",\"https:\/\/www.instagram.com\/eliassenhomeandgarden\/\",\"https:\/\/nl.pinterest.com\/eliassenhomeandgarden\/\",\"https:\/\/www.youtube.com\/@eliassenhomegardenpleasure4558\"]}]}<\/script>\n<!-- \/ Yoast SEO plugin. -->","yoast_head_json":{"title":"Verankerings ringen 2 modellen | Eliassen","description":"Bij Eliassen koopt u Verankerings ringen 2 modellen online of live te bekijken in de showroom. Bestel direct online.","robots":{"index":"noindex","follow":"follow","max-snippet":"max-snippet:-1","max-image-preview":"max-image-preview:large","max-video-preview":"max-video-preview:-1"},"og_locale":"de_DE","og_type":"article","og_title":"Verankerings ringen 2 modellen | Eliassen","og_description":"Bij Eliassen koopt u Verankerings ringen 2 modellen online of live te bekijken in de showroom. Bestel direct online.","og_url":"https:\/\/dev.eliassen.nl\/de\/verankerungsringe-2-modelle\/","og_site_name":"Eliassen.nl","article_publisher":"https:\/\/www.facebook.com\/TuincentrumEliassenAmmerzoden","article_modified_time":"2024-12-05T15:45:35+00:00","og_image":[{"width":300,"height":300,"url":"https:\/\/dev.eliassen.nl\/wp-content\/uploads\/2024\/01\/dichtingsmanchetfoam30300x300.jpg","type":"image\/jpeg"}],"twitter_card":"summary_large_image","schema":{"@context":"https:\/\/schema.org","@graph":[{"@type":"WebPage","@id":"https:\/\/dev.eliassen.nl\/de\/verankerungsringe-2-modelle\/","url":"https:\/\/dev.eliassen.nl\/de\/verankerungsringe-2-modelle\/","name":"Verankerings ringen 2 modellen | Eliassen","isPartOf":{"@id":"https:\/\/dev.eliassen.nl\/de\/#website"},"primaryImageOfPage":{"@id":"https:\/\/dev.eliassen.nl\/de\/verankerungsringe-2-modelle\/#primaryimage"},"image":{"@id":"https:\/\/dev.eliassen.nl\/de\/verankerungsringe-2-modelle\/#primaryimage"},"thumbnailUrl":"https:\/\/dev.eliassen.nl\/wp-content\/uploads\/2024\/01\/dichtingsmanchetfoam30300x300.jpg","datePublished":"2019-10-28T15:12:06+00:00","dateModified":"2024-12-05T15:45:35+00:00","description":"Bij Eliassen koopt u Verankerings ringen 2 modellen online of live te bekijken in de showroom. Bestel direct online.","breadcrumb":{"@id":"https:\/\/dev.eliassen.nl\/de\/verankerungsringe-2-modelle\/#breadcrumb"},"inLanguage":"de","potentialAction":[{"@type":"ReadAction","target":["https:\/\/dev.eliassen.nl\/de\/verankerungsringe-2-modelle\/"]}]},{"@type":"ImageObject","inLanguage":"de","@id":"https:\/\/dev.eliassen.nl\/de\/verankerungsringe-2-modelle\/#primaryimage","url":"https:\/\/dev.eliassen.nl\/wp-content\/uploads\/2024\/01\/dichtingsmanchetfoam30300x300.jpg","contentUrl":"https:\/\/dev.eliassen.nl\/wp-content\/uploads\/2024\/01\/dichtingsmanchetfoam30300x300.jpg","width":300,"height":300,"caption":"dichtingsmanchet-foam-3-0-300x300"},{"@type":"BreadcrumbList","@id":"https:\/\/dev.eliassen.nl\/de\/verankerungsringe-2-modelle\/#breadcrumb","itemListElement":[{"@type":"ListItem","position":1,"name":"Home","item":"https:\/\/dev.eliassen.nl\/de\/"},{"@type":"ListItem","position":2,"name":"Shop","item":"https:\/\/dev.eliassen.nl\/nl\/winkel\/"},{"@type":"ListItem","position":3,"name":"Wasserspiele","item":"https:\/\/dev.eliassen.nl\/de\/wassereigenschaften\/"},{"@type":"ListItem","position":4,"name":"Teile Wasserspiele","item":"https:\/\/dev.eliassen.nl\/de\/wassereigenschaften\/teile-wasserspiele\/"},{"@type":"ListItem","position":5,"name":"Verankerungsringe 2 Modelle"}]},{"@type":"WebSite","@id":"https:\/\/dev.eliassen.nl\/de\/#website","url":"https:\/\/dev.eliassen.nl\/de\/","name":"Eliassen Home & Garden Pleasure","description":"","publisher":{"@id":"https:\/\/dev.eliassen.nl\/de\/#organization"},"alternateName":"Eliassen.nl","potentialAction":[{"@type":"SearchAction","target":{"@type":"EntryPoint","urlTemplate":"https:\/\/dev.eliassen.nl\/de\/?s={search_term_string}"},"query-input":{"@type":"PropertyValueSpecification","valueRequired":true,"valueName":"search_term_string"}}],"inLanguage":"de"},{"@type":"Organization","@id":"https:\/\/dev.eliassen.nl\/de\/#organization","name":"Eliassen Home & Garden Pleasure","url":"https:\/\/dev.eliassen.nl\/de\/","logo":{"@type":"ImageObject","inLanguage":"de","@id":"https:\/\/dev.eliassen.nl\/de\/#\/schema\/logo\/image\/","url":"https:\/\/www.eliassen.nl\/wp-content\/uploads\/2024\/01\/logo_4nd.jpg","contentUrl":"https:\/\/www.eliassen.nl\/wp-content\/uploads\/2024\/01\/logo_4nd.jpg","width":500,"height":500,"caption":"Eliassen Home & Garden Pleasure"},"image":{"@id":"https:\/\/dev.eliassen.nl\/de\/#\/schema\/logo\/image\/"},"sameAs":["https:\/\/www.facebook.com\/TuincentrumEliassenAmmerzoden","https:\/\/www.instagram.com\/eliassenhomeandgarden\/","https:\/\/nl.pinterest.com\/eliassenhomeandgarden\/","https:\/\/www.youtube.com\/@eliassenhomegardenpleasure4558"]}]}},"df_price":1,"df_sale_price":"","df_regular_price":1,"df_image_link":"https:\/\/dev.eliassen.nl\/wp-content\/uploads\/2024\/01\/dichtingsmanchetfoam30300x300.jpg","image":"https:\/\/dev.eliassen.nl\/wp-content\/uploads\/2024\/01\/dichtingsmanchetfoam30300x300.jpg","price_search":"<span class=\"woocommerce-Price-amount amount\"><bdi><span class=\"woocommerce-Price-currencySymbol\">&euro;<\/span>&nbsp;1,00<\/bdi><\/span>","category":"Teile Wasserspiele","_links":{"self":[{"href":"https:\/\/dev.eliassen.nl\/de\/wp-json\/wp\/v2\/product\/127715","targetHints":{"allow":["GET"]}}],"collection":[{"href":"https:\/\/dev.eliassen.nl\/de\/wp-json\/wp\/v2\/product"}],"about":[{"href":"https:\/\/dev.eliassen.nl\/de\/wp-json\/wp\/v2\/types\/product"}],"wp:featuredmedia":[{"embeddable":true,"href":"https:\/\/dev.eliassen.nl\/de\/wp-json\/wp\/v2\/media\/7108"}],"wp:attachment":[{"href":"https:\/\/dev.eliassen.nl\/de\/wp-json\/wp\/v2\/media?parent=127715"}],"wp:term":[{"taxonomy":"product_brand","embeddable":true,"href":"https:\/\/dev.eliassen.nl\/de\/wp-json\/wp\/v2\/product_brand?post=127715"},{"taxonomy":"product_cat","embeddable":true,"href":"https:\/\/dev.eliassen.nl\/de\/wp-json\/wp\/v2\/product_cat?post=127715"},{"taxonomy":"product_tag","embeddable":true,"href":"https:\/\/dev.eliassen.nl\/de\/wp-json\/wp\/v2\/product_tag?post=127715"}],"curies":[{"name":"wp","href":"https:\/\/api.w.org\/{rel}","templated":true}]}}