{"id":127769,"date":"2019-10-28T16:12:31","date_gmt":"2019-10-28T15:12:31","guid":{"rendered":"https:\/\/www.eliassen.nl\/?product=adezz-feuer-runden-tisch-in-zwei-groessen-adezz"},"modified":"2024-12-17T17:12:27","modified_gmt":"2024-12-17T16:12:27","slug":"feuer-adezz-um-in-tabelle-2-grossen","status":"publish","type":"product","link":"https:\/\/dev.eliassen.nl\/de\/feuer-adezz-um-in-tabelle-2-grossen\/","title":{"rendered":"Feuer Adezz um in Tabelle 2 Gr\u00f6\u00dfen"},"content":{"rendered":"<p>Es genie\u00dft den Garten, um das Feuer runden Tisch vollst\u00e4ndig aus 3mm handgefertigt (!!) dicken Stahl CorTen. Corten Stahl hat die Eigenschaft, dass nach 4-6 Wochen ist eine Rostschicht gebildet wird, die auch die Schutzschicht des weiteren Rostes ist. Durch Roste ist unm\u00f6glich, mit Corten-Stahl, der das Feuer Tisch macht praktisch unzerst\u00f6rbar ist. Die Rostschicht aus wetterfestem Stahl rostet nicht kaum ab, im Gegensatz zu gew\u00f6hnlichem Rost. <br \/>Dieser Platz Feuertisch in den Gr\u00f6\u00dfen \u00d8 125cm und bis zu 175cm Rutsche zur Verf\u00fcgung und hat offensichtlich einen Boden im Raum Kessel .. Auch die kleinere Gr\u00f6\u00dfe ist mit einem Grill zur Verf\u00fcgung, die h\u00f6henverstellbar ist und wegschwenken. <br \/><strong><span style=\"color: #ff0000;\">W\u00e4hlen Sie Ihre Top-Gr\u00f6\u00dfe.<\/span><\/strong><\/p>\n<p>\u00fcber Menschen um. Post <span style=\"color: #ff0000;\">\u00a0<\/span> <a href=\"mailto:info@eliassen.nl\"><span style=\"color: #ff0000;\">HIER<\/span><\/a> , wenn Sie dieses Produkt hat eine Frage.<\/p>\n<p><strong>Wir sind Burni mehrere Br\u00e4nde im Showroom, schauen gerne zu.<\/strong><\/p>\n<ul>\n<li>Material: 3mm Corte Sprache<\/li>\n<li>Gr\u00f6\u00dfe: siehe oben Wahl<\/li>\n<li>Garantie: 5 Jahre<\/li>\n<li>Gewicht von 59 bis 100 kg<\/li>\n<li>schnell geliefert<\/li>\n<li><strong>Kostenlose Lieferung innerhalb<\/strong> der <strong>Niederlande.<\/strong><\/li>\n<\/ul>\n","protected":false},"excerpt":{"rendered":"<p>Rufen Sie uns an oder mailen Sie uns f\u00fcr den besten Preis!<\/p>\n","protected":false},"featured_media":7186,"template":"","meta":{"_acf_changed":false},"product_brand":[6920],"product_cat":[773,764,752],"product_tag":[],"class_list":{"0":"post-127769","1":"product","2":"type-product","3":"status-publish","4":"has-post-thumbnail","6":"product_brand-adezz-de","7":"product_cat-adezz-produkte","8":"product_cat-terrassenkamine-feuerstellen","9":"product_cat-weitere-artikel","11":"first","12":"onbackorder","13":"taxable","14":"shipping-taxable","15":"purchasable","16":"product-type-variable"},"acf":[],"yoast_head":"<!-- This site is optimized with the Yoast SEO plugin v23.8 - https:\/\/yoast.com\/wordpress\/plugins\/seo\/ -->\n<title>Feuer Adezz um in Tabelle 2 Gr\u00f6\u00dfen<\/title>\n<meta name=\"description\" content=\"Bij Eliassen koopt u Vuurtafel Adezz rond in 2 maten online of live te bekijken in de showroom. Wij hebben de mooiste tuin overig, terrashaarden vuurkorven\" \/>\n<meta name=\"robots\" content=\"noindex, follow, max-snippet:-1, max-image-preview:large, max-video-preview:-1\" \/>\n<meta property=\"og:locale\" content=\"de_DE\" \/>\n<meta property=\"og:type\" content=\"article\" \/>\n<meta property=\"og:title\" content=\"Feuer Adezz um in Tabelle 2 Gr\u00f6\u00dfen\" \/>\n<meta property=\"og:description\" content=\"Bij Eliassen koopt u Vuurtafel Adezz rond in 2 maten online of live te bekijken in de showroom. Wij hebben de mooiste tuin overig, terrashaarden vuurkorven\" \/>\n<meta property=\"og:url\" content=\"https:\/\/dev.eliassen.nl\/de\/feuer-adezz-um-in-tabelle-2-grossen\/\" \/>\n<meta property=\"og:site_name\" content=\"Eliassen.nl\" \/>\n<meta property=\"article:publisher\" content=\"https:\/\/www.facebook.com\/TuincentrumEliassenAmmerzoden\" \/>\n<meta property=\"article:modified_time\" content=\"2024-12-17T16:12:27+00:00\" \/>\n<meta property=\"og:image\" content=\"https:\/\/dev.eliassen.nl\/wp-content\/uploads\/2024\/01\/vuurtafel.jpg\" \/>\n\t<meta property=\"og:image:width\" content=\"1024\" \/>\n\t<meta property=\"og:image:height\" content=\"498\" \/>\n\t<meta property=\"og:image:type\" content=\"image\/jpeg\" \/>\n<meta name=\"twitter:card\" content=\"summary_large_image\" \/>\n<script type=\"application\/ld+json\" class=\"yoast-schema-graph\">{\"@context\":\"https:\/\/schema.org\",\"@graph\":[{\"@type\":\"WebPage\",\"@id\":\"https:\/\/dev.eliassen.nl\/de\/feuer-adezz-um-in-tabelle-2-grossen\/\",\"url\":\"https:\/\/dev.eliassen.nl\/de\/feuer-adezz-um-in-tabelle-2-grossen\/\",\"name\":\"Feuer Adezz um in Tabelle 2 Gr\u00f6\u00dfen\",\"isPartOf\":{\"@id\":\"https:\/\/dev.eliassen.nl\/de\/#website\"},\"primaryImageOfPage\":{\"@id\":\"https:\/\/dev.eliassen.nl\/de\/feuer-adezz-um-in-tabelle-2-grossen\/#primaryimage\"},\"image\":{\"@id\":\"https:\/\/dev.eliassen.nl\/de\/feuer-adezz-um-in-tabelle-2-grossen\/#primaryimage\"},\"thumbnailUrl\":\"https:\/\/dev.eliassen.nl\/wp-content\/uploads\/2024\/01\/vuurtafel.jpg\",\"datePublished\":\"2019-10-28T15:12:31+00:00\",\"dateModified\":\"2024-12-17T16:12:27+00:00\",\"description\":\"Bij Eliassen koopt u Vuurtafel Adezz rond in 2 maten online of live te bekijken in de showroom. Wij hebben de mooiste tuin overig, terrashaarden vuurkorven\",\"breadcrumb\":{\"@id\":\"https:\/\/dev.eliassen.nl\/de\/feuer-adezz-um-in-tabelle-2-grossen\/#breadcrumb\"},\"inLanguage\":\"de\",\"potentialAction\":[{\"@type\":\"ReadAction\",\"target\":[\"https:\/\/dev.eliassen.nl\/de\/feuer-adezz-um-in-tabelle-2-grossen\/\"]}]},{\"@type\":\"ImageObject\",\"inLanguage\":\"de\",\"@id\":\"https:\/\/dev.eliassen.nl\/de\/feuer-adezz-um-in-tabelle-2-grossen\/#primaryimage\",\"url\":\"https:\/\/dev.eliassen.nl\/wp-content\/uploads\/2024\/01\/vuurtafel.jpg\",\"contentUrl\":\"https:\/\/dev.eliassen.nl\/wp-content\/uploads\/2024\/01\/vuurtafel.jpg\",\"width\":1024,\"height\":498,\"caption\":\"vuurtafel\"},{\"@type\":\"BreadcrumbList\",\"@id\":\"https:\/\/dev.eliassen.nl\/de\/feuer-adezz-um-in-tabelle-2-grossen\/#breadcrumb\",\"itemListElement\":[{\"@type\":\"ListItem\",\"position\":1,\"name\":\"Home\",\"item\":\"https:\/\/dev.eliassen.nl\/de\/\"},{\"@type\":\"ListItem\",\"position\":2,\"name\":\"Shop\",\"item\":\"https:\/\/dev.eliassen.nl\/nl\/winkel\/\"},{\"@type\":\"ListItem\",\"position\":3,\"name\":\"Weitere Artikel\",\"item\":\"https:\/\/dev.eliassen.nl\/de\/weitere-artikel\/\"},{\"@type\":\"ListItem\",\"position\":4,\"name\":\"Terrassenkamine Feuerstellen\",\"item\":\"https:\/\/dev.eliassen.nl\/de\/garten-andere\/terrassenkamine-feuerstellen\/\"},{\"@type\":\"ListItem\",\"position\":5,\"name\":\"Feuer Adezz um in Tabelle 2 Gr\u00f6\u00dfen\"}]},{\"@type\":\"WebSite\",\"@id\":\"https:\/\/dev.eliassen.nl\/de\/#website\",\"url\":\"https:\/\/dev.eliassen.nl\/de\/\",\"name\":\"Eliassen Home & Garden Pleasure\",\"description\":\"\",\"publisher\":{\"@id\":\"https:\/\/dev.eliassen.nl\/de\/#organization\"},\"alternateName\":\"Eliassen.nl\",\"potentialAction\":[{\"@type\":\"SearchAction\",\"target\":{\"@type\":\"EntryPoint\",\"urlTemplate\":\"https:\/\/dev.eliassen.nl\/de\/?s={search_term_string}\"},\"query-input\":{\"@type\":\"PropertyValueSpecification\",\"valueRequired\":true,\"valueName\":\"search_term_string\"}}],\"inLanguage\":\"de\"},{\"@type\":\"Organization\",\"@id\":\"https:\/\/dev.eliassen.nl\/de\/#organization\",\"name\":\"Eliassen Home & Garden Pleasure\",\"url\":\"https:\/\/dev.eliassen.nl\/de\/\",\"logo\":{\"@type\":\"ImageObject\",\"inLanguage\":\"de\",\"@id\":\"https:\/\/dev.eliassen.nl\/de\/#\/schema\/logo\/image\/\",\"url\":\"https:\/\/www.eliassen.nl\/wp-content\/uploads\/2024\/01\/logo_4nd.jpg\",\"contentUrl\":\"https:\/\/www.eliassen.nl\/wp-content\/uploads\/2024\/01\/logo_4nd.jpg\",\"width\":500,\"height\":500,\"caption\":\"Eliassen Home & Garden Pleasure\"},\"image\":{\"@id\":\"https:\/\/dev.eliassen.nl\/de\/#\/schema\/logo\/image\/\"},\"sameAs\":[\"https:\/\/www.facebook.com\/TuincentrumEliassenAmmerzoden\",\"https:\/\/www.instagram.com\/eliassenhomeandgarden\/\",\"https:\/\/nl.pinterest.com\/eliassenhomeandgarden\/\",\"https:\/\/www.youtube.com\/@eliassenhomegardenpleasure4558\"]}]}<\/script>\n<!-- \/ Yoast SEO plugin. -->","yoast_head_json":{"title":"Feuer Adezz um in Tabelle 2 Gr\u00f6\u00dfen","description":"Bij Eliassen koopt u Vuurtafel Adezz rond in 2 maten online of live te bekijken in de showroom. Wij hebben de mooiste tuin overig, terrashaarden vuurkorven","robots":{"index":"noindex","follow":"follow","max-snippet":"max-snippet:-1","max-image-preview":"max-image-preview:large","max-video-preview":"max-video-preview:-1"},"og_locale":"de_DE","og_type":"article","og_title":"Feuer Adezz um in Tabelle 2 Gr\u00f6\u00dfen","og_description":"Bij Eliassen koopt u Vuurtafel Adezz rond in 2 maten online of live te bekijken in de showroom. Wij hebben de mooiste tuin overig, terrashaarden vuurkorven","og_url":"https:\/\/dev.eliassen.nl\/de\/feuer-adezz-um-in-tabelle-2-grossen\/","og_site_name":"Eliassen.nl","article_publisher":"https:\/\/www.facebook.com\/TuincentrumEliassenAmmerzoden","article_modified_time":"2024-12-17T16:12:27+00:00","og_image":[{"width":1024,"height":498,"url":"https:\/\/dev.eliassen.nl\/wp-content\/uploads\/2024\/01\/vuurtafel.jpg","type":"image\/jpeg"}],"twitter_card":"summary_large_image","schema":{"@context":"https:\/\/schema.org","@graph":[{"@type":"WebPage","@id":"https:\/\/dev.eliassen.nl\/de\/feuer-adezz-um-in-tabelle-2-grossen\/","url":"https:\/\/dev.eliassen.nl\/de\/feuer-adezz-um-in-tabelle-2-grossen\/","name":"Feuer Adezz um in Tabelle 2 Gr\u00f6\u00dfen","isPartOf":{"@id":"https:\/\/dev.eliassen.nl\/de\/#website"},"primaryImageOfPage":{"@id":"https:\/\/dev.eliassen.nl\/de\/feuer-adezz-um-in-tabelle-2-grossen\/#primaryimage"},"image":{"@id":"https:\/\/dev.eliassen.nl\/de\/feuer-adezz-um-in-tabelle-2-grossen\/#primaryimage"},"thumbnailUrl":"https:\/\/dev.eliassen.nl\/wp-content\/uploads\/2024\/01\/vuurtafel.jpg","datePublished":"2019-10-28T15:12:31+00:00","dateModified":"2024-12-17T16:12:27+00:00","description":"Bij Eliassen koopt u Vuurtafel Adezz rond in 2 maten online of live te bekijken in de showroom. Wij hebben de mooiste tuin overig, terrashaarden vuurkorven","breadcrumb":{"@id":"https:\/\/dev.eliassen.nl\/de\/feuer-adezz-um-in-tabelle-2-grossen\/#breadcrumb"},"inLanguage":"de","potentialAction":[{"@type":"ReadAction","target":["https:\/\/dev.eliassen.nl\/de\/feuer-adezz-um-in-tabelle-2-grossen\/"]}]},{"@type":"ImageObject","inLanguage":"de","@id":"https:\/\/dev.eliassen.nl\/de\/feuer-adezz-um-in-tabelle-2-grossen\/#primaryimage","url":"https:\/\/dev.eliassen.nl\/wp-content\/uploads\/2024\/01\/vuurtafel.jpg","contentUrl":"https:\/\/dev.eliassen.nl\/wp-content\/uploads\/2024\/01\/vuurtafel.jpg","width":1024,"height":498,"caption":"vuurtafel"},{"@type":"BreadcrumbList","@id":"https:\/\/dev.eliassen.nl\/de\/feuer-adezz-um-in-tabelle-2-grossen\/#breadcrumb","itemListElement":[{"@type":"ListItem","position":1,"name":"Home","item":"https:\/\/dev.eliassen.nl\/de\/"},{"@type":"ListItem","position":2,"name":"Shop","item":"https:\/\/dev.eliassen.nl\/nl\/winkel\/"},{"@type":"ListItem","position":3,"name":"Weitere Artikel","item":"https:\/\/dev.eliassen.nl\/de\/weitere-artikel\/"},{"@type":"ListItem","position":4,"name":"Terrassenkamine Feuerstellen","item":"https:\/\/dev.eliassen.nl\/de\/garten-andere\/terrassenkamine-feuerstellen\/"},{"@type":"ListItem","position":5,"name":"Feuer Adezz um in Tabelle 2 Gr\u00f6\u00dfen"}]},{"@type":"WebSite","@id":"https:\/\/dev.eliassen.nl\/de\/#website","url":"https:\/\/dev.eliassen.nl\/de\/","name":"Eliassen Home & Garden Pleasure","description":"","publisher":{"@id":"https:\/\/dev.eliassen.nl\/de\/#organization"},"alternateName":"Eliassen.nl","potentialAction":[{"@type":"SearchAction","target":{"@type":"EntryPoint","urlTemplate":"https:\/\/dev.eliassen.nl\/de\/?s={search_term_string}"},"query-input":{"@type":"PropertyValueSpecification","valueRequired":true,"valueName":"search_term_string"}}],"inLanguage":"de"},{"@type":"Organization","@id":"https:\/\/dev.eliassen.nl\/de\/#organization","name":"Eliassen Home & Garden Pleasure","url":"https:\/\/dev.eliassen.nl\/de\/","logo":{"@type":"ImageObject","inLanguage":"de","@id":"https:\/\/dev.eliassen.nl\/de\/#\/schema\/logo\/image\/","url":"https:\/\/www.eliassen.nl\/wp-content\/uploads\/2024\/01\/logo_4nd.jpg","contentUrl":"https:\/\/www.eliassen.nl\/wp-content\/uploads\/2024\/01\/logo_4nd.jpg","width":500,"height":500,"caption":"Eliassen Home & Garden Pleasure"},"image":{"@id":"https:\/\/dev.eliassen.nl\/de\/#\/schema\/logo\/image\/"},"sameAs":["https:\/\/www.facebook.com\/TuincentrumEliassenAmmerzoden","https:\/\/www.instagram.com\/eliassenhomeandgarden\/","https:\/\/nl.pinterest.com\/eliassenhomeandgarden\/","https:\/\/www.youtube.com\/@eliassenhomegardenpleasure4558"]}]}},"df_price":634,"df_sale_price":"","df_regular_price":634,"df_image_link":"https:\/\/dev.eliassen.nl\/wp-content\/uploads\/2024\/01\/vuurtafel.jpg","image":"https:\/\/dev.eliassen.nl\/wp-content\/uploads\/2024\/01\/vuurtafel.jpg","price_search":"<span class=\"woocommerce-Price-amount amount\"><bdi><span class=\"woocommerce-Price-currencySymbol\">&euro;<\/span>&nbsp;634,00<\/bdi><\/span>","category":"Adezz-Produkte","_links":{"self":[{"href":"https:\/\/dev.eliassen.nl\/de\/wp-json\/wp\/v2\/product\/127769","targetHints":{"allow":["GET"]}}],"collection":[{"href":"https:\/\/dev.eliassen.nl\/de\/wp-json\/wp\/v2\/product"}],"about":[{"href":"https:\/\/dev.eliassen.nl\/de\/wp-json\/wp\/v2\/types\/product"}],"wp:featuredmedia":[{"embeddable":true,"href":"https:\/\/dev.eliassen.nl\/de\/wp-json\/wp\/v2\/media\/7186"}],"wp:attachment":[{"href":"https:\/\/dev.eliassen.nl\/de\/wp-json\/wp\/v2\/media?parent=127769"}],"wp:term":[{"taxonomy":"product_brand","embeddable":true,"href":"https:\/\/dev.eliassen.nl\/de\/wp-json\/wp\/v2\/product_brand?post=127769"},{"taxonomy":"product_cat","embeddable":true,"href":"https:\/\/dev.eliassen.nl\/de\/wp-json\/wp\/v2\/product_cat?post=127769"},{"taxonomy":"product_tag","embeddable":true,"href":"https:\/\/dev.eliassen.nl\/de\/wp-json\/wp\/v2\/product_tag?post=127769"}],"curies":[{"name":"wp","href":"https:\/\/api.w.org\/{rel}","templated":true}]}}