{"id":127790,"date":"2019-10-28T16:12:49","date_gmt":"2019-10-28T15:12:49","guid":{"rendered":"https:\/\/www.eliassen.nl\/?product=adezz-feuer-skala-in-5-groessen"},"modified":"2024-12-17T17:12:39","modified_gmt":"2024-12-17T16:12:39","slug":"feuerschale-adezz-in-6-grossen","status":"publish","type":"product","link":"https:\/\/dev.eliassen.nl\/de\/feuerschale-adezz-in-6-grossen\/","title":{"rendered":"Feuerschale Adezz in 6 Gr\u00f6\u00dfen"},"content":{"rendered":"<p>Genie\u00dfen Sie den Garten rund um diese runden Feuerschalen, komplett handgefertigt aus 3 mm bis 5 mm dickem (!!) dickem CorTen-Stahl. Cortenstahl hat die Eigenschaft, dass sich nach 4-6 Wochen eine Rostschicht bildet, die gleichzeitig die Schutzschicht gegen weiteres Rosten darstellt. Ein Durchrosten ist bei Cortenstahl ausgeschlossen, wodurch diese Feuerschalen nahezu unzerst\u00f6rbar sind. Die Rostschicht von Cortenstahl rostet im Gegensatz zu normalem Rost kaum.<br \/>Diese runden Feuerschalen gibt es in 6 Durchmessern bis hin zu supergro\u00dfen f\u00fcr Camping und Co.<br \/><strong><span style=\"color: #ff0000;\">W\u00e4hlen Sie oben Ihre Gr\u00f6\u00dfe<\/span><\/strong><\/p>\n<p>\u00fcber Menschen. Post<span style=\"color: #ff0000;\">\u00a0<\/span><a href=\"mailto:info@eliassen.nl\"><span style=\"color: #ff0000;\">HIER<\/span><\/a> wenn Sie eine Frage zu diesem Produkt haben.<\/p>\n<ul>\n<li><span style=\"color: #ff0000;\"><b>BITTE BEACHTEN SIE, DASS DIESES PRODUKT EINE SEHR LANGE LIEFERZEIT HAT<\/b><\/span><\/li>\n<\/ul>\n<ul>\n<li>Material: 3 mm Cortental, die 150 cm sind 4 mm dick, die 200 cm sind 5 mm dick<\/li>\n<li>Gr\u00f6\u00dfe: siehe oben in der Men\u00fcleiste<\/li>\n<li>Garantie: 5 Jahre<\/li>\n<li>Gewicht von 10 bis 120 kg<\/li>\n<li>Schnell geliefert<\/li>\n<li><strong>Kostenloser Versand innerhalb der Niederlande.<\/strong><\/li>\n<\/ul>\n","protected":false},"excerpt":{"rendered":"<p>Rufen Sie uns an oder schicken Sie uns eine E-Mail f\u00fcr den besten Preis!<\/p>\n","protected":false},"featured_media":7252,"template":"","meta":{"_acf_changed":false},"product_brand":[6920],"product_cat":[773,764,752],"product_tag":[],"class_list":{"0":"post-127790","1":"product","2":"type-product","3":"status-publish","4":"has-post-thumbnail","6":"product_brand-adezz-de","7":"product_cat-adezz-produkte","8":"product_cat-terrassenkamine-feuerstellen","9":"product_cat-weitere-artikel","11":"first","12":"onbackorder","13":"sale","14":"taxable","15":"shipping-taxable","16":"purchasable","17":"product-type-variable"},"acf":[],"yoast_head":"<!-- This site is optimized with the Yoast SEO plugin v23.8 - https:\/\/yoast.com\/wordpress\/plugins\/seo\/ -->\n<title>Feuerschale Adezz in 6 Gr\u00f6\u00dfen | Eliassen<\/title>\n<meta name=\"description\" content=\"Bei Eliassen k\u00f6nnen Sie die Adezz-Feuerschale in 6 Gr\u00f6\u00dfen online kaufen oder live im Showroom besichtigen. Wir haben die sch\u00f6nsten Garten-, Terrassenkamine u...\" \/>\n<meta name=\"robots\" content=\"noindex, follow, max-snippet:-1, max-image-preview:large, max-video-preview:-1\" \/>\n<meta property=\"og:locale\" content=\"de_DE\" \/>\n<meta property=\"og:type\" content=\"article\" \/>\n<meta property=\"og:title\" content=\"Feuerschale Adezz in 6 Gr\u00f6\u00dfen | Eliassen\" \/>\n<meta property=\"og:description\" content=\"Bei Eliassen k\u00f6nnen Sie die Adezz-Feuerschale in 6 Gr\u00f6\u00dfen online kaufen oder live im Showroom besichtigen. Wir haben die sch\u00f6nsten Garten-, Terrassenkamine u...\" \/>\n<meta property=\"og:url\" content=\"https:\/\/dev.eliassen.nl\/de\/feuerschale-adezz-in-6-grossen\/\" \/>\n<meta property=\"og:site_name\" content=\"Eliassen.nl\" \/>\n<meta property=\"article:publisher\" content=\"https:\/\/www.facebook.com\/TuincentrumEliassenAmmerzoden\" \/>\n<meta property=\"article:modified_time\" content=\"2024-12-17T16:12:39+00:00\" \/>\n<meta property=\"og:image\" content=\"https:\/\/dev.eliassen.nl\/wp-content\/uploads\/2024\/01\/vuurschaalbn5.jpg\" \/>\n\t<meta property=\"og:image:width\" content=\"1024\" \/>\n\t<meta property=\"og:image:height\" content=\"768\" \/>\n\t<meta property=\"og:image:type\" content=\"image\/jpeg\" \/>\n<meta name=\"twitter:card\" content=\"summary_large_image\" \/>\n<script type=\"application\/ld+json\" class=\"yoast-schema-graph\">{\"@context\":\"https:\/\/schema.org\",\"@graph\":[{\"@type\":\"WebPage\",\"@id\":\"https:\/\/dev.eliassen.nl\/de\/feuerschale-adezz-in-6-grossen\/\",\"url\":\"https:\/\/dev.eliassen.nl\/de\/feuerschale-adezz-in-6-grossen\/\",\"name\":\"Feuerschale Adezz in 6 Gr\u00f6\u00dfen | Eliassen\",\"isPartOf\":{\"@id\":\"https:\/\/dev.eliassen.nl\/de\/#website\"},\"primaryImageOfPage\":{\"@id\":\"https:\/\/dev.eliassen.nl\/de\/feuerschale-adezz-in-6-grossen\/#primaryimage\"},\"image\":{\"@id\":\"https:\/\/dev.eliassen.nl\/de\/feuerschale-adezz-in-6-grossen\/#primaryimage\"},\"thumbnailUrl\":\"https:\/\/dev.eliassen.nl\/wp-content\/uploads\/2024\/01\/vuurschaalbn5.jpg\",\"datePublished\":\"2019-10-28T15:12:49+00:00\",\"dateModified\":\"2024-12-17T16:12:39+00:00\",\"description\":\"Bei Eliassen k\u00f6nnen Sie die Adezz-Feuerschale in 6 Gr\u00f6\u00dfen online kaufen oder live im Showroom besichtigen. Wir haben die sch\u00f6nsten Garten-, Terrassenkamine u...\",\"breadcrumb\":{\"@id\":\"https:\/\/dev.eliassen.nl\/de\/feuerschale-adezz-in-6-grossen\/#breadcrumb\"},\"inLanguage\":\"de\",\"potentialAction\":[{\"@type\":\"ReadAction\",\"target\":[\"https:\/\/dev.eliassen.nl\/de\/feuerschale-adezz-in-6-grossen\/\"]}]},{\"@type\":\"ImageObject\",\"inLanguage\":\"de\",\"@id\":\"https:\/\/dev.eliassen.nl\/de\/feuerschale-adezz-in-6-grossen\/#primaryimage\",\"url\":\"https:\/\/dev.eliassen.nl\/wp-content\/uploads\/2024\/01\/vuurschaalbn5.jpg\",\"contentUrl\":\"https:\/\/dev.eliassen.nl\/wp-content\/uploads\/2024\/01\/vuurschaalbn5.jpg\",\"width\":1024,\"height\":768,\"caption\":\"vuurschaal-bn5\"},{\"@type\":\"BreadcrumbList\",\"@id\":\"https:\/\/dev.eliassen.nl\/de\/feuerschale-adezz-in-6-grossen\/#breadcrumb\",\"itemListElement\":[{\"@type\":\"ListItem\",\"position\":1,\"name\":\"Home\",\"item\":\"https:\/\/dev.eliassen.nl\/de\/\"},{\"@type\":\"ListItem\",\"position\":2,\"name\":\"Shop\",\"item\":\"https:\/\/dev.eliassen.nl\/nl\/winkel\/\"},{\"@type\":\"ListItem\",\"position\":3,\"name\":\"Weitere Artikel\",\"item\":\"https:\/\/dev.eliassen.nl\/de\/weitere-artikel\/\"},{\"@type\":\"ListItem\",\"position\":4,\"name\":\"Terrassenkamine Feuerstellen\",\"item\":\"https:\/\/dev.eliassen.nl\/de\/garten-andere\/terrassenkamine-feuerstellen\/\"},{\"@type\":\"ListItem\",\"position\":5,\"name\":\"Feuerschale Adezz in 6 Gr\u00f6\u00dfen\"}]},{\"@type\":\"WebSite\",\"@id\":\"https:\/\/dev.eliassen.nl\/de\/#website\",\"url\":\"https:\/\/dev.eliassen.nl\/de\/\",\"name\":\"Eliassen Home & Garden Pleasure\",\"description\":\"\",\"publisher\":{\"@id\":\"https:\/\/dev.eliassen.nl\/de\/#organization\"},\"alternateName\":\"Eliassen.nl\",\"potentialAction\":[{\"@type\":\"SearchAction\",\"target\":{\"@type\":\"EntryPoint\",\"urlTemplate\":\"https:\/\/dev.eliassen.nl\/de\/?s={search_term_string}\"},\"query-input\":{\"@type\":\"PropertyValueSpecification\",\"valueRequired\":true,\"valueName\":\"search_term_string\"}}],\"inLanguage\":\"de\"},{\"@type\":\"Organization\",\"@id\":\"https:\/\/dev.eliassen.nl\/de\/#organization\",\"name\":\"Eliassen Home & Garden Pleasure\",\"url\":\"https:\/\/dev.eliassen.nl\/de\/\",\"logo\":{\"@type\":\"ImageObject\",\"inLanguage\":\"de\",\"@id\":\"https:\/\/dev.eliassen.nl\/de\/#\/schema\/logo\/image\/\",\"url\":\"https:\/\/www.eliassen.nl\/wp-content\/uploads\/2024\/01\/logo_4nd.jpg\",\"contentUrl\":\"https:\/\/www.eliassen.nl\/wp-content\/uploads\/2024\/01\/logo_4nd.jpg\",\"width\":500,\"height\":500,\"caption\":\"Eliassen Home & Garden Pleasure\"},\"image\":{\"@id\":\"https:\/\/dev.eliassen.nl\/de\/#\/schema\/logo\/image\/\"},\"sameAs\":[\"https:\/\/www.facebook.com\/TuincentrumEliassenAmmerzoden\",\"https:\/\/www.instagram.com\/eliassenhomeandgarden\/\",\"https:\/\/nl.pinterest.com\/eliassenhomeandgarden\/\",\"https:\/\/www.youtube.com\/@eliassenhomegardenpleasure4558\"]}]}<\/script>\n<!-- \/ Yoast SEO plugin. -->","yoast_head_json":{"title":"Feuerschale Adezz in 6 Gr\u00f6\u00dfen | Eliassen","description":"Bei Eliassen k\u00f6nnen Sie die Adezz-Feuerschale in 6 Gr\u00f6\u00dfen online kaufen oder live im Showroom besichtigen. Wir haben die sch\u00f6nsten Garten-, Terrassenkamine u...","robots":{"index":"noindex","follow":"follow","max-snippet":"max-snippet:-1","max-image-preview":"max-image-preview:large","max-video-preview":"max-video-preview:-1"},"og_locale":"de_DE","og_type":"article","og_title":"Feuerschale Adezz in 6 Gr\u00f6\u00dfen | Eliassen","og_description":"Bei Eliassen k\u00f6nnen Sie die Adezz-Feuerschale in 6 Gr\u00f6\u00dfen online kaufen oder live im Showroom besichtigen. Wir haben die sch\u00f6nsten Garten-, Terrassenkamine u...","og_url":"https:\/\/dev.eliassen.nl\/de\/feuerschale-adezz-in-6-grossen\/","og_site_name":"Eliassen.nl","article_publisher":"https:\/\/www.facebook.com\/TuincentrumEliassenAmmerzoden","article_modified_time":"2024-12-17T16:12:39+00:00","og_image":[{"width":1024,"height":768,"url":"https:\/\/dev.eliassen.nl\/wp-content\/uploads\/2024\/01\/vuurschaalbn5.jpg","type":"image\/jpeg"}],"twitter_card":"summary_large_image","schema":{"@context":"https:\/\/schema.org","@graph":[{"@type":"WebPage","@id":"https:\/\/dev.eliassen.nl\/de\/feuerschale-adezz-in-6-grossen\/","url":"https:\/\/dev.eliassen.nl\/de\/feuerschale-adezz-in-6-grossen\/","name":"Feuerschale Adezz in 6 Gr\u00f6\u00dfen | Eliassen","isPartOf":{"@id":"https:\/\/dev.eliassen.nl\/de\/#website"},"primaryImageOfPage":{"@id":"https:\/\/dev.eliassen.nl\/de\/feuerschale-adezz-in-6-grossen\/#primaryimage"},"image":{"@id":"https:\/\/dev.eliassen.nl\/de\/feuerschale-adezz-in-6-grossen\/#primaryimage"},"thumbnailUrl":"https:\/\/dev.eliassen.nl\/wp-content\/uploads\/2024\/01\/vuurschaalbn5.jpg","datePublished":"2019-10-28T15:12:49+00:00","dateModified":"2024-12-17T16:12:39+00:00","description":"Bei Eliassen k\u00f6nnen Sie die Adezz-Feuerschale in 6 Gr\u00f6\u00dfen online kaufen oder live im Showroom besichtigen. Wir haben die sch\u00f6nsten Garten-, Terrassenkamine u...","breadcrumb":{"@id":"https:\/\/dev.eliassen.nl\/de\/feuerschale-adezz-in-6-grossen\/#breadcrumb"},"inLanguage":"de","potentialAction":[{"@type":"ReadAction","target":["https:\/\/dev.eliassen.nl\/de\/feuerschale-adezz-in-6-grossen\/"]}]},{"@type":"ImageObject","inLanguage":"de","@id":"https:\/\/dev.eliassen.nl\/de\/feuerschale-adezz-in-6-grossen\/#primaryimage","url":"https:\/\/dev.eliassen.nl\/wp-content\/uploads\/2024\/01\/vuurschaalbn5.jpg","contentUrl":"https:\/\/dev.eliassen.nl\/wp-content\/uploads\/2024\/01\/vuurschaalbn5.jpg","width":1024,"height":768,"caption":"vuurschaal-bn5"},{"@type":"BreadcrumbList","@id":"https:\/\/dev.eliassen.nl\/de\/feuerschale-adezz-in-6-grossen\/#breadcrumb","itemListElement":[{"@type":"ListItem","position":1,"name":"Home","item":"https:\/\/dev.eliassen.nl\/de\/"},{"@type":"ListItem","position":2,"name":"Shop","item":"https:\/\/dev.eliassen.nl\/nl\/winkel\/"},{"@type":"ListItem","position":3,"name":"Weitere Artikel","item":"https:\/\/dev.eliassen.nl\/de\/weitere-artikel\/"},{"@type":"ListItem","position":4,"name":"Terrassenkamine Feuerstellen","item":"https:\/\/dev.eliassen.nl\/de\/garten-andere\/terrassenkamine-feuerstellen\/"},{"@type":"ListItem","position":5,"name":"Feuerschale Adezz in 6 Gr\u00f6\u00dfen"}]},{"@type":"WebSite","@id":"https:\/\/dev.eliassen.nl\/de\/#website","url":"https:\/\/dev.eliassen.nl\/de\/","name":"Eliassen Home & Garden Pleasure","description":"","publisher":{"@id":"https:\/\/dev.eliassen.nl\/de\/#organization"},"alternateName":"Eliassen.nl","potentialAction":[{"@type":"SearchAction","target":{"@type":"EntryPoint","urlTemplate":"https:\/\/dev.eliassen.nl\/de\/?s={search_term_string}"},"query-input":{"@type":"PropertyValueSpecification","valueRequired":true,"valueName":"search_term_string"}}],"inLanguage":"de"},{"@type":"Organization","@id":"https:\/\/dev.eliassen.nl\/de\/#organization","name":"Eliassen Home & Garden Pleasure","url":"https:\/\/dev.eliassen.nl\/de\/","logo":{"@type":"ImageObject","inLanguage":"de","@id":"https:\/\/dev.eliassen.nl\/de\/#\/schema\/logo\/image\/","url":"https:\/\/www.eliassen.nl\/wp-content\/uploads\/2024\/01\/logo_4nd.jpg","contentUrl":"https:\/\/www.eliassen.nl\/wp-content\/uploads\/2024\/01\/logo_4nd.jpg","width":500,"height":500,"caption":"Eliassen Home & Garden Pleasure"},"image":{"@id":"https:\/\/dev.eliassen.nl\/de\/#\/schema\/logo\/image\/"},"sameAs":["https:\/\/www.facebook.com\/TuincentrumEliassenAmmerzoden","https:\/\/www.instagram.com\/eliassenhomeandgarden\/","https:\/\/nl.pinterest.com\/eliassenhomeandgarden\/","https:\/\/www.youtube.com\/@eliassenhomegardenpleasure4558"]}]}},"df_price":47.5,"df_sale_price":"","df_regular_price":47.5,"df_image_link":"https:\/\/dev.eliassen.nl\/wp-content\/uploads\/2024\/01\/vuurschaalbn5.jpg","image":"https:\/\/dev.eliassen.nl\/wp-content\/uploads\/2024\/01\/vuurschaalbn5.jpg","price_search":"<span class=\"woocommerce-Price-amount amount\"><bdi><span class=\"woocommerce-Price-currencySymbol\">&euro;<\/span>&nbsp;47,50<\/bdi><\/span>","category":"Adezz-Produkte","_links":{"self":[{"href":"https:\/\/dev.eliassen.nl\/de\/wp-json\/wp\/v2\/product\/127790","targetHints":{"allow":["GET"]}}],"collection":[{"href":"https:\/\/dev.eliassen.nl\/de\/wp-json\/wp\/v2\/product"}],"about":[{"href":"https:\/\/dev.eliassen.nl\/de\/wp-json\/wp\/v2\/types\/product"}],"wp:featuredmedia":[{"embeddable":true,"href":"https:\/\/dev.eliassen.nl\/de\/wp-json\/wp\/v2\/media\/7252"}],"wp:attachment":[{"href":"https:\/\/dev.eliassen.nl\/de\/wp-json\/wp\/v2\/media?parent=127790"}],"wp:term":[{"taxonomy":"product_brand","embeddable":true,"href":"https:\/\/dev.eliassen.nl\/de\/wp-json\/wp\/v2\/product_brand?post=127790"},{"taxonomy":"product_cat","embeddable":true,"href":"https:\/\/dev.eliassen.nl\/de\/wp-json\/wp\/v2\/product_cat?post=127790"},{"taxonomy":"product_tag","embeddable":true,"href":"https:\/\/dev.eliassen.nl\/de\/wp-json\/wp\/v2\/product_tag?post=127790"}],"curies":[{"name":"wp","href":"https:\/\/api.w.org\/{rel}","templated":true}]}}