{"id":127806,"date":"2019-10-28T16:13:15","date_gmt":"2019-10-28T15:13:15","guid":{"rendered":"https:\/\/www.eliassen.nl\/?product=eliassen-wasserkugel-uebergrossen-granit"},"modified":"2024-12-05T16:45:45","modified_gmt":"2024-12-05T15:45:45","slug":"granit-wasserkugeln-in-3-grossen","status":"publish","type":"product","link":"https:\/\/dev.eliassen.nl\/de\/granit-wasserkugeln-in-3-grossen\/","title":{"rendered":"Granit-Wasserkugeln in 3 Gr\u00f6\u00dfen"},"content":{"rendered":"<p><strong>Dies ist eine lose Verzierung. Erkundigen Sie sich nach den anderen erforderlichen Teilen.<\/strong><\/p>\n<p>Diese massiven Wasserkugeln mit 30, 40 oder den ganz gro\u00dfen 50 cm Durchmesser aus fast schwarz poliertem Granit sind ein wahres Schmuckst\u00fcck in Ihrem Garten oder in Ihrem Unternehmen. Das Wasser flie\u00dft auf subtile Weise \u00fcber die Kugel, Sie werden kaum Wasserger\u00e4usche h\u00f6ren.<\/p>\n<p>Wenn die Birne nass wird, wird die Farbe noch dunkler. Auch ein sch\u00f6nes Objekt, wenn die Pumpe aus ist. Die Farbe dieser Kugeln kann vom Foto abweichen, da es sich um Naturstein handelt und daher keine Kugel die gleiche Farbe hat. Beh\u00e4lter, Pumpen etc. siehe \u201eTeile f\u00fcr Wasserspiele\u201c.<\/p>\n<p><strong>Vergessen Sie nicht, unseren Showroom mit 300 Modellen zu besuchen!<\/strong><\/p>\n<ul>\n<li>Gr\u00f6\u00dfe: 30, 40 oder 50 cm Durchmesser<\/li>\n<li>Fast schwarzer massiver Granit<\/li>\n<li>poliert<\/li>\n<li>Bleibt sch\u00f6n, dies im Gegensatz zu Hartgestein<\/li>\n<li>Sehr einzigartiges Design, nur bei uns erh\u00e4ltlich<\/li>\n<li>Gewicht: 25-60 und 160 kg<\/li>\n<li>Haben Sie Fragen zu diesem Artikel oder ben\u00f6tigen Sie Beratung, um dieses Modell mit allen anderen Zubeh\u00f6rteilen zu vervollst\u00e4ndigen? Sie k\u00f6nnen uns gerne kontaktieren.<\/li>\n<\/ul>\n","protected":false},"excerpt":{"rendered":"<p>Wasserkugel extra gro\u00df Granit Dies ist eine lose Verzierung. Erkundigen Sie sich nach den anderen erforderlichen Teilen.<\/p>\n","protected":false},"featured_media":7297,"template":"","meta":{"_acf_changed":false},"product_brand":[6916],"product_cat":[539,551,569,536],"product_tag":[],"class_list":{"0":"post-127806","1":"product","2":"type-product","3":"status-publish","4":"has-post-thumbnail","6":"product_brand-eliassen-de","7":"product_cat-einzigartige-eigene-modelle-von-losen-wasserspiele","8":"product_cat-lose-wasserspiele","9":"product_cat-wasserbaelle","10":"product_cat-wassereigenschaften","12":"first","13":"instock","14":"taxable","15":"shipping-taxable","16":"purchasable","17":"product-type-variable"},"acf":[],"yoast_head":"<!-- This site is optimized with the Yoast SEO plugin v23.8 - https:\/\/yoast.com\/wordpress\/plugins\/seo\/ -->\n<title>Granit-Wasserkugeln in 3 Gr\u00f6\u00dfen | Schwarzer polierter Granit | Eliassen.nl<\/title>\n<meta name=\"description\" content=\"Granit-Wasserkugeln in 3 Gr\u00f6\u00dfen aus fast schwarz poliertem Granit. Ein sch\u00f6nes Natursteinobjekt f\u00fcr den Garten. Sehen Sie sich LIVE +300 Ornamente in unserem...\" \/>\n<meta name=\"robots\" content=\"noindex, follow, max-snippet:-1, max-image-preview:large, max-video-preview:-1\" \/>\n<meta property=\"og:locale\" content=\"de_DE\" \/>\n<meta property=\"og:type\" content=\"article\" \/>\n<meta property=\"og:title\" content=\"Granit-Wasserkugeln in 3 Gr\u00f6\u00dfen | Schwarzer polierter Granit | Eliassen.nl\" \/>\n<meta property=\"og:description\" content=\"Granit-Wasserkugeln in 3 Gr\u00f6\u00dfen aus fast schwarz poliertem Granit. Ein sch\u00f6nes Natursteinobjekt f\u00fcr den Garten. Sehen Sie sich LIVE +300 Ornamente in unserem...\" \/>\n<meta property=\"og:url\" content=\"https:\/\/dev.eliassen.nl\/de\/granit-wasserkugeln-in-3-grossen\/\" \/>\n<meta property=\"og:site_name\" content=\"Eliassen.nl\" \/>\n<meta property=\"article:publisher\" content=\"https:\/\/www.facebook.com\/TuincentrumEliassenAmmerzoden\" \/>\n<meta property=\"article:modified_time\" content=\"2024-12-05T15:45:45+00:00\" \/>\n<meta property=\"og:image\" content=\"https:\/\/dev.eliassen.nl\/wp-content\/uploads\/2024\/01\/mijnproject20220930t161213231.png\" \/>\n\t<meta property=\"og:image:width\" content=\"750\" \/>\n\t<meta property=\"og:image:height\" content=\"1000\" \/>\n\t<meta property=\"og:image:type\" content=\"image\/png\" \/>\n<meta name=\"twitter:card\" content=\"summary_large_image\" \/>\n<script type=\"application\/ld+json\" class=\"yoast-schema-graph\">{\"@context\":\"https:\/\/schema.org\",\"@graph\":[{\"@type\":\"WebPage\",\"@id\":\"https:\/\/dev.eliassen.nl\/de\/granit-wasserkugeln-in-3-grossen\/\",\"url\":\"https:\/\/dev.eliassen.nl\/de\/granit-wasserkugeln-in-3-grossen\/\",\"name\":\"Granit-Wasserkugeln in 3 Gr\u00f6\u00dfen | Schwarzer polierter Granit | Eliassen.nl\",\"isPartOf\":{\"@id\":\"https:\/\/dev.eliassen.nl\/de\/#website\"},\"primaryImageOfPage\":{\"@id\":\"https:\/\/dev.eliassen.nl\/de\/granit-wasserkugeln-in-3-grossen\/#primaryimage\"},\"image\":{\"@id\":\"https:\/\/dev.eliassen.nl\/de\/granit-wasserkugeln-in-3-grossen\/#primaryimage\"},\"thumbnailUrl\":\"https:\/\/dev.eliassen.nl\/wp-content\/uploads\/2024\/01\/mijnproject20220930t161213231.png\",\"datePublished\":\"2019-10-28T15:13:15+00:00\",\"dateModified\":\"2024-12-05T15:45:45+00:00\",\"description\":\"Granit-Wasserkugeln in 3 Gr\u00f6\u00dfen aus fast schwarz poliertem Granit. Ein sch\u00f6nes Natursteinobjekt f\u00fcr den Garten. Sehen Sie sich LIVE +300 Ornamente in unserem...\",\"breadcrumb\":{\"@id\":\"https:\/\/dev.eliassen.nl\/de\/granit-wasserkugeln-in-3-grossen\/#breadcrumb\"},\"inLanguage\":\"de\",\"potentialAction\":[{\"@type\":\"ReadAction\",\"target\":[\"https:\/\/dev.eliassen.nl\/de\/granit-wasserkugeln-in-3-grossen\/\"]}]},{\"@type\":\"ImageObject\",\"inLanguage\":\"de\",\"@id\":\"https:\/\/dev.eliassen.nl\/de\/granit-wasserkugeln-in-3-grossen\/#primaryimage\",\"url\":\"https:\/\/dev.eliassen.nl\/wp-content\/uploads\/2024\/01\/mijnproject20220930t161213231.png\",\"contentUrl\":\"https:\/\/dev.eliassen.nl\/wp-content\/uploads\/2024\/01\/mijnproject20220930t161213231.png\",\"width\":750,\"height\":1000,\"caption\":\"Mijn project - 2022-09-30T161213.231\"},{\"@type\":\"BreadcrumbList\",\"@id\":\"https:\/\/dev.eliassen.nl\/de\/granit-wasserkugeln-in-3-grossen\/#breadcrumb\",\"itemListElement\":[{\"@type\":\"ListItem\",\"position\":1,\"name\":\"Home\",\"item\":\"https:\/\/dev.eliassen.nl\/de\/\"},{\"@type\":\"ListItem\",\"position\":2,\"name\":\"Shop\",\"item\":\"https:\/\/dev.eliassen.nl\/nl\/winkel\/\"},{\"@type\":\"ListItem\",\"position\":3,\"name\":\"Wasserspiele\",\"item\":\"https:\/\/dev.eliassen.nl\/de\/wassereigenschaften\/\"},{\"@type\":\"ListItem\",\"position\":4,\"name\":\"Einzigartige eigene Modelle von losen Wasserspielen\",\"item\":\"https:\/\/dev.eliassen.nl\/de\/wassereigenschaften\/einzigartige-eigene-modelle-von-losen-wasserspiele\/\"},{\"@type\":\"ListItem\",\"position\":5,\"name\":\"Granit-Wasserkugeln in 3 Gr\u00f6\u00dfen\"}]},{\"@type\":\"WebSite\",\"@id\":\"https:\/\/dev.eliassen.nl\/de\/#website\",\"url\":\"https:\/\/dev.eliassen.nl\/de\/\",\"name\":\"Eliassen Home & Garden Pleasure\",\"description\":\"\",\"publisher\":{\"@id\":\"https:\/\/dev.eliassen.nl\/de\/#organization\"},\"alternateName\":\"Eliassen.nl\",\"potentialAction\":[{\"@type\":\"SearchAction\",\"target\":{\"@type\":\"EntryPoint\",\"urlTemplate\":\"https:\/\/dev.eliassen.nl\/de\/?s={search_term_string}\"},\"query-input\":{\"@type\":\"PropertyValueSpecification\",\"valueRequired\":true,\"valueName\":\"search_term_string\"}}],\"inLanguage\":\"de\"},{\"@type\":\"Organization\",\"@id\":\"https:\/\/dev.eliassen.nl\/de\/#organization\",\"name\":\"Eliassen Home & Garden Pleasure\",\"url\":\"https:\/\/dev.eliassen.nl\/de\/\",\"logo\":{\"@type\":\"ImageObject\",\"inLanguage\":\"de\",\"@id\":\"https:\/\/dev.eliassen.nl\/de\/#\/schema\/logo\/image\/\",\"url\":\"https:\/\/www.eliassen.nl\/wp-content\/uploads\/2024\/01\/logo_4nd.jpg\",\"contentUrl\":\"https:\/\/www.eliassen.nl\/wp-content\/uploads\/2024\/01\/logo_4nd.jpg\",\"width\":500,\"height\":500,\"caption\":\"Eliassen Home & Garden Pleasure\"},\"image\":{\"@id\":\"https:\/\/dev.eliassen.nl\/de\/#\/schema\/logo\/image\/\"},\"sameAs\":[\"https:\/\/www.facebook.com\/TuincentrumEliassenAmmerzoden\",\"https:\/\/www.instagram.com\/eliassenhomeandgarden\/\",\"https:\/\/nl.pinterest.com\/eliassenhomeandgarden\/\",\"https:\/\/www.youtube.com\/@eliassenhomegardenpleasure4558\"]}]}<\/script>\n<!-- \/ Yoast SEO plugin. -->","yoast_head_json":{"title":"Granit-Wasserkugeln in 3 Gr\u00f6\u00dfen | Schwarzer polierter Granit | Eliassen.nl","description":"Granit-Wasserkugeln in 3 Gr\u00f6\u00dfen aus fast schwarz poliertem Granit. Ein sch\u00f6nes Natursteinobjekt f\u00fcr den Garten. Sehen Sie sich LIVE +300 Ornamente in unserem...","robots":{"index":"noindex","follow":"follow","max-snippet":"max-snippet:-1","max-image-preview":"max-image-preview:large","max-video-preview":"max-video-preview:-1"},"og_locale":"de_DE","og_type":"article","og_title":"Granit-Wasserkugeln in 3 Gr\u00f6\u00dfen | Schwarzer polierter Granit | Eliassen.nl","og_description":"Granit-Wasserkugeln in 3 Gr\u00f6\u00dfen aus fast schwarz poliertem Granit. Ein sch\u00f6nes Natursteinobjekt f\u00fcr den Garten. Sehen Sie sich LIVE +300 Ornamente in unserem...","og_url":"https:\/\/dev.eliassen.nl\/de\/granit-wasserkugeln-in-3-grossen\/","og_site_name":"Eliassen.nl","article_publisher":"https:\/\/www.facebook.com\/TuincentrumEliassenAmmerzoden","article_modified_time":"2024-12-05T15:45:45+00:00","og_image":[{"width":750,"height":1000,"url":"https:\/\/dev.eliassen.nl\/wp-content\/uploads\/2024\/01\/mijnproject20220930t161213231.png","type":"image\/png"}],"twitter_card":"summary_large_image","schema":{"@context":"https:\/\/schema.org","@graph":[{"@type":"WebPage","@id":"https:\/\/dev.eliassen.nl\/de\/granit-wasserkugeln-in-3-grossen\/","url":"https:\/\/dev.eliassen.nl\/de\/granit-wasserkugeln-in-3-grossen\/","name":"Granit-Wasserkugeln in 3 Gr\u00f6\u00dfen | Schwarzer polierter Granit | Eliassen.nl","isPartOf":{"@id":"https:\/\/dev.eliassen.nl\/de\/#website"},"primaryImageOfPage":{"@id":"https:\/\/dev.eliassen.nl\/de\/granit-wasserkugeln-in-3-grossen\/#primaryimage"},"image":{"@id":"https:\/\/dev.eliassen.nl\/de\/granit-wasserkugeln-in-3-grossen\/#primaryimage"},"thumbnailUrl":"https:\/\/dev.eliassen.nl\/wp-content\/uploads\/2024\/01\/mijnproject20220930t161213231.png","datePublished":"2019-10-28T15:13:15+00:00","dateModified":"2024-12-05T15:45:45+00:00","description":"Granit-Wasserkugeln in 3 Gr\u00f6\u00dfen aus fast schwarz poliertem Granit. Ein sch\u00f6nes Natursteinobjekt f\u00fcr den Garten. Sehen Sie sich LIVE +300 Ornamente in unserem...","breadcrumb":{"@id":"https:\/\/dev.eliassen.nl\/de\/granit-wasserkugeln-in-3-grossen\/#breadcrumb"},"inLanguage":"de","potentialAction":[{"@type":"ReadAction","target":["https:\/\/dev.eliassen.nl\/de\/granit-wasserkugeln-in-3-grossen\/"]}]},{"@type":"ImageObject","inLanguage":"de","@id":"https:\/\/dev.eliassen.nl\/de\/granit-wasserkugeln-in-3-grossen\/#primaryimage","url":"https:\/\/dev.eliassen.nl\/wp-content\/uploads\/2024\/01\/mijnproject20220930t161213231.png","contentUrl":"https:\/\/dev.eliassen.nl\/wp-content\/uploads\/2024\/01\/mijnproject20220930t161213231.png","width":750,"height":1000,"caption":"Mijn project - 2022-09-30T161213.231"},{"@type":"BreadcrumbList","@id":"https:\/\/dev.eliassen.nl\/de\/granit-wasserkugeln-in-3-grossen\/#breadcrumb","itemListElement":[{"@type":"ListItem","position":1,"name":"Home","item":"https:\/\/dev.eliassen.nl\/de\/"},{"@type":"ListItem","position":2,"name":"Shop","item":"https:\/\/dev.eliassen.nl\/nl\/winkel\/"},{"@type":"ListItem","position":3,"name":"Wasserspiele","item":"https:\/\/dev.eliassen.nl\/de\/wassereigenschaften\/"},{"@type":"ListItem","position":4,"name":"Einzigartige eigene Modelle von losen Wasserspielen","item":"https:\/\/dev.eliassen.nl\/de\/wassereigenschaften\/einzigartige-eigene-modelle-von-losen-wasserspiele\/"},{"@type":"ListItem","position":5,"name":"Granit-Wasserkugeln in 3 Gr\u00f6\u00dfen"}]},{"@type":"WebSite","@id":"https:\/\/dev.eliassen.nl\/de\/#website","url":"https:\/\/dev.eliassen.nl\/de\/","name":"Eliassen Home & Garden Pleasure","description":"","publisher":{"@id":"https:\/\/dev.eliassen.nl\/de\/#organization"},"alternateName":"Eliassen.nl","potentialAction":[{"@type":"SearchAction","target":{"@type":"EntryPoint","urlTemplate":"https:\/\/dev.eliassen.nl\/de\/?s={search_term_string}"},"query-input":{"@type":"PropertyValueSpecification","valueRequired":true,"valueName":"search_term_string"}}],"inLanguage":"de"},{"@type":"Organization","@id":"https:\/\/dev.eliassen.nl\/de\/#organization","name":"Eliassen Home & Garden Pleasure","url":"https:\/\/dev.eliassen.nl\/de\/","logo":{"@type":"ImageObject","inLanguage":"de","@id":"https:\/\/dev.eliassen.nl\/de\/#\/schema\/logo\/image\/","url":"https:\/\/www.eliassen.nl\/wp-content\/uploads\/2024\/01\/logo_4nd.jpg","contentUrl":"https:\/\/www.eliassen.nl\/wp-content\/uploads\/2024\/01\/logo_4nd.jpg","width":500,"height":500,"caption":"Eliassen Home & Garden Pleasure"},"image":{"@id":"https:\/\/dev.eliassen.nl\/de\/#\/schema\/logo\/image\/"},"sameAs":["https:\/\/www.facebook.com\/TuincentrumEliassenAmmerzoden","https:\/\/www.instagram.com\/eliassenhomeandgarden\/","https:\/\/nl.pinterest.com\/eliassenhomeandgarden\/","https:\/\/www.youtube.com\/@eliassenhomegardenpleasure4558"]}]}},"df_price":225,"df_sale_price":"","df_regular_price":225,"df_image_link":"https:\/\/dev.eliassen.nl\/wp-content\/uploads\/2024\/01\/mijnproject20220930t161213231.png","image":"https:\/\/dev.eliassen.nl\/wp-content\/uploads\/2024\/01\/mijnproject20220930t161213231.png","price_search":"<span class=\"woocommerce-Price-amount amount\"><bdi><span class=\"woocommerce-Price-currencySymbol\">&euro;<\/span>&nbsp;225,00<\/bdi><\/span>","category":"Einzigartige eigene Modelle von losen Wasserspielen","_links":{"self":[{"href":"https:\/\/dev.eliassen.nl\/de\/wp-json\/wp\/v2\/product\/127806","targetHints":{"allow":["GET"]}}],"collection":[{"href":"https:\/\/dev.eliassen.nl\/de\/wp-json\/wp\/v2\/product"}],"about":[{"href":"https:\/\/dev.eliassen.nl\/de\/wp-json\/wp\/v2\/types\/product"}],"wp:featuredmedia":[{"embeddable":true,"href":"https:\/\/dev.eliassen.nl\/de\/wp-json\/wp\/v2\/media\/7297"}],"wp:attachment":[{"href":"https:\/\/dev.eliassen.nl\/de\/wp-json\/wp\/v2\/media?parent=127806"}],"wp:term":[{"taxonomy":"product_brand","embeddable":true,"href":"https:\/\/dev.eliassen.nl\/de\/wp-json\/wp\/v2\/product_brand?post=127806"},{"taxonomy":"product_cat","embeddable":true,"href":"https:\/\/dev.eliassen.nl\/de\/wp-json\/wp\/v2\/product_cat?post=127806"},{"taxonomy":"product_tag","embeddable":true,"href":"https:\/\/dev.eliassen.nl\/de\/wp-json\/wp\/v2\/product_tag?post=127806"}],"curies":[{"name":"wp","href":"https:\/\/api.w.org\/{rel}","templated":true}]}}